{"id":877,"date":"1996-04-14T15:23:09","date_gmt":"1996-04-14T14:23:09","guid":{"rendered":"http:\/\/www.concert-hosteldieu.com\/?post_type=product&#038;p=877"},"modified":"2026-03-23T10:05:16","modified_gmt":"2026-03-23T09:05:16","slug":"le-baroque-explique-a-tous","status":"publish","type":"product","link":"https:\/\/www.concert-hosteldieu.com\/en\/product\/le-baroque-explique-a-tous\/","title":{"rendered":"Baroque explained to everyone"},"content":{"rendered":"<p>DVD \/ Divers live<br \/>\nLabel : CHD \/ Baroque &amp; plus<\/p>","protected":false},"excerpt":{"rendered":"<p style=\"text-align: justify;\"><strong>Program: Tallis, Monteverdi, Allegri, Vivaldi, Pergolesi and Mozart<\/strong><\/p>\n<p style=\"text-align: justify;\">Le Concert de l'Hostel Dieu and Baroque &amp; plus have joined forces to bring you this series of short videos devoted to the great pages of Baroque music. In ten minutes or so, using filmed musical extracts, Franck-Emmanuel Comte deciphers the works to make them easier to understand and more enjoyable to listen to.<\/p>","protected":false},"featured_media":989,"template":"","meta":{"site-sidebar-layout":"default","site-content-layout":"","ast-site-content-layout":"default","site-content-style":"default","site-sidebar-style":"default","ast-global-header-display":"","ast-banner-title-visibility":"","ast-main-header-display":"","ast-hfb-above-header-display":"","ast-hfb-below-header-display":"","ast-hfb-mobile-header-display":"","site-post-title":"","ast-breadcrumbs-content":"","ast-featured-img":"","footer-sml-layout":"","ast-disable-related-posts":"","theme-transparent-header-meta":"disabled","adv-header-id-meta":"","stick-header-meta":"default","header-above-stick-meta":"","header-main-stick-meta":"","header-below-stick-meta":"","astra-migrate-meta-layouts":"set","ast-page-background-enabled":"default","ast-page-background-meta":{"desktop":{"background-color":"","background-image":"","background-repeat":"repeat","background-position":"center center","background-size":"auto","background-attachment":"scroll","background-type":"","background-media":"","overlay-type":"","overlay-color":"","overlay-opacity":"","overlay-gradient":""},"tablet":{"background-color":"","background-image":"","background-repeat":"repeat","background-position":"center center","background-size":"auto","background-attachment":"scroll","background-type":"","background-media":"","overlay-type":"","overlay-color":"","overlay-opacity":"","overlay-gradient":""},"mobile":{"background-color":"","background-image":"","background-repeat":"repeat","background-position":"center center","background-size":"auto","background-attachment":"scroll","background-type":"","background-media":"","overlay-type":"","overlay-color":"","overlay-opacity":"","overlay-gradient":""}},"ast-content-background-meta":{"desktop":{"background-color":"var(--ast-global-color-5)","background-image":"","background-repeat":"repeat","background-position":"center center","background-size":"auto","background-attachment":"scroll","background-type":"","background-media":"","overlay-type":"","overlay-color":"","overlay-opacity":"","overlay-gradient":""},"tablet":{"background-color":"var(--ast-global-color-5)","background-image":"","background-repeat":"repeat","background-position":"center center","background-size":"auto","background-attachment":"scroll","background-type":"","background-media":"","overlay-type":"","overlay-color":"","overlay-opacity":"","overlay-gradient":""},"mobile":{"background-color":"var(--ast-global-color-5)","background-image":"","background-repeat":"repeat","background-position":"center center","background-size":"auto","background-attachment":"scroll","background-type":"","background-media":"","overlay-type":"","overlay-color":"","overlay-opacity":"","overlay-gradient":""}}},"product_brand":[],"product_cat":[56],"product_tag":[],"class_list":{"0":"post-877","1":"product","2":"type-product","3":"status-publish","4":"has-post-thumbnail","6":"product_cat-dvd","7":"desktop-align-center","8":"tablet-align-center","9":"mobile-align-center","10":"ast-product-gallery-layout-vertical","11":"ast-product-gallery-with-no-image","12":"ast-magnify-disabled","13":"ast-product-tabs-layout-horizontal","15":"first","16":"instock","17":"taxable","18":"shipping-taxable","19":"purchasable","20":"product-type-simple"},"yoast_head":"<!-- This site is optimized with the Yoast SEO plugin v27.5 - https:\/\/yoast.com\/product\/yoast-seo-wordpress\/ -->\n<title>Le Baroque expliqu\u00e9 \u00e0 tous - Le Concert de l&#039;Hostel Dieu<\/title>\n<meta name=\"description\" content=\"Achetez Le Baroque expliqu\u00e9 \u00e0 tous, un DVD du Concert de l&#039;Hostel Dieu, ensemble de musique baroque \u00e0 Lyon et partout en France.\" \/>\n<meta name=\"robots\" content=\"index, follow, max-snippet:-1, max-image-preview:large, max-video-preview:-1\" \/>\n<link rel=\"canonical\" href=\"https:\/\/www.concert-hosteldieu.com\/en\/product\/le-baroque-explique-a-tous\/\" \/>\n<meta property=\"og:locale\" content=\"en_GB\" \/>\n<meta property=\"og:type\" content=\"article\" \/>\n<meta property=\"og:title\" content=\"Le Baroque expliqu\u00e9 \u00e0 tous - Le Concert de l&#039;Hostel Dieu\" \/>\n<meta property=\"og:description\" content=\"Achetez Le Baroque expliqu\u00e9 \u00e0 tous, un DVD du Concert de l&#039;Hostel Dieu, ensemble de musique baroque \u00e0 Lyon et partout en France.\" \/>\n<meta property=\"og:url\" content=\"https:\/\/www.concert-hosteldieu.com\/en\/product\/le-baroque-explique-a-tous\/\" \/>\n<meta property=\"og:site_name\" content=\"Le Concert de l&#039;Hostel Dieu\" \/>\n<meta property=\"article:publisher\" content=\"https:\/\/www.facebook.com\/leconcert.delhosteldieu\" \/>\n<meta property=\"article:modified_time\" content=\"2026-03-23T09:05:16+00:00\" \/>\n<meta property=\"og:image\" content=\"https:\/\/www.concert-hosteldieu.com\/wp-content\/uploads\/2015\/04\/concert-hosteldieu-DVD.png\" \/>\n\t<meta property=\"og:image:width\" content=\"394\" \/>\n\t<meta property=\"og:image:height\" content=\"394\" \/>\n\t<meta property=\"og:image:type\" content=\"image\/png\" \/>\n<meta name=\"twitter:label1\" content=\"Estimated reading time\" \/>\n\t<meta name=\"twitter:data1\" content=\"1 minute\" \/>\n<script type=\"application\/ld+json\" class=\"yoast-schema-graph\">{\"@context\":\"https:\\\/\\\/schema.org\",\"@graph\":[{\"@type\":\"WebPage\",\"@id\":\"https:\\\/\\\/www.concert-hosteldieu.com\\\/produit\\\/le-baroque-explique-a-tous\\\/\",\"url\":\"https:\\\/\\\/www.concert-hosteldieu.com\\\/produit\\\/le-baroque-explique-a-tous\\\/\",\"name\":\"Le Baroque expliqu\u00e9 \u00e0 tous - Le Concert de l&#039;Hostel Dieu\",\"isPartOf\":{\"@id\":\"https:\\\/\\\/www.concert-hosteldieu.com\\\/#website\"},\"primaryImageOfPage\":{\"@id\":\"https:\\\/\\\/www.concert-hosteldieu.com\\\/produit\\\/le-baroque-explique-a-tous\\\/#primaryimage\"},\"image\":{\"@id\":\"https:\\\/\\\/www.concert-hosteldieu.com\\\/produit\\\/le-baroque-explique-a-tous\\\/#primaryimage\"},\"thumbnailUrl\":\"https:\\\/\\\/www.concert-hosteldieu.com\\\/wp-content\\\/uploads\\\/2015\\\/04\\\/concert-hosteldieu-DVD.png\",\"datePublished\":\"1996-04-14T14:23:09+00:00\",\"dateModified\":\"2026-03-23T09:05:16+00:00\",\"description\":\"Achetez Le Baroque expliqu\u00e9 \u00e0 tous, un DVD du Concert de l'Hostel Dieu, ensemble de musique baroque \u00e0 Lyon et partout en France.\",\"breadcrumb\":{\"@id\":\"https:\\\/\\\/www.concert-hosteldieu.com\\\/produit\\\/le-baroque-explique-a-tous\\\/#breadcrumb\"},\"inLanguage\":\"en-GB\",\"potentialAction\":[{\"@type\":\"ReadAction\",\"target\":[\"https:\\\/\\\/www.concert-hosteldieu.com\\\/produit\\\/le-baroque-explique-a-tous\\\/\"]}]},{\"@type\":\"ImageObject\",\"inLanguage\":\"en-GB\",\"@id\":\"https:\\\/\\\/www.concert-hosteldieu.com\\\/produit\\\/le-baroque-explique-a-tous\\\/#primaryimage\",\"url\":\"https:\\\/\\\/www.concert-hosteldieu.com\\\/wp-content\\\/uploads\\\/2015\\\/04\\\/concert-hosteldieu-DVD.png\",\"contentUrl\":\"https:\\\/\\\/www.concert-hosteldieu.com\\\/wp-content\\\/uploads\\\/2015\\\/04\\\/concert-hosteldieu-DVD.png\",\"width\":394,\"height\":394,\"caption\":\"concert-hostel-dieu-DVD\"},{\"@type\":\"BreadcrumbList\",\"@id\":\"https:\\\/\\\/www.concert-hosteldieu.com\\\/produit\\\/le-baroque-explique-a-tous\\\/#breadcrumb\",\"itemListElement\":[{\"@type\":\"ListItem\",\"position\":1,\"name\":\"Accueil\",\"item\":\"https:\\\/\\\/www.concert-hosteldieu.com\\\/\"},{\"@type\":\"ListItem\",\"position\":2,\"name\":\"La boutique de CD\",\"item\":\"https:\\\/\\\/www.concert-hosteldieu.com\\\/la-boutique\\\/shop\\\/\"},{\"@type\":\"ListItem\",\"position\":3,\"name\":\"Le Baroque expliqu\u00e9 \u00e0 tous\"}]},{\"@type\":\"WebSite\",\"@id\":\"https:\\\/\\\/www.concert-hosteldieu.com\\\/#website\",\"url\":\"https:\\\/\\\/www.concert-hosteldieu.com\\\/\",\"name\":\"Le Concert de l&#039;Hostel Dieu\",\"description\":\"Franck-Emmanuel Comte\",\"publisher\":{\"@id\":\"https:\\\/\\\/www.concert-hosteldieu.com\\\/#organization\"},\"potentialAction\":[{\"@type\":\"SearchAction\",\"target\":{\"@type\":\"EntryPoint\",\"urlTemplate\":\"https:\\\/\\\/www.concert-hosteldieu.com\\\/?s={search_term_string}\"},\"query-input\":{\"@type\":\"PropertyValueSpecification\",\"valueRequired\":true,\"valueName\":\"search_term_string\"}}],\"inLanguage\":\"en-GB\"},{\"@type\":\"Organization\",\"@id\":\"https:\\\/\\\/www.concert-hosteldieu.com\\\/#organization\",\"name\":\"Le Concert de l'Hostel Dieu\",\"url\":\"https:\\\/\\\/www.concert-hosteldieu.com\\\/\",\"logo\":{\"@type\":\"ImageObject\",\"inLanguage\":\"en-GB\",\"@id\":\"https:\\\/\\\/www.concert-hosteldieu.com\\\/#\\\/schema\\\/logo\\\/image\\\/\",\"url\":\"https:\\\/\\\/www.concert-hosteldieu.com\\\/wp-content\\\/uploads\\\/2021\\\/06\\\/logo-chd-noir-transparent.png\",\"contentUrl\":\"https:\\\/\\\/www.concert-hosteldieu.com\\\/wp-content\\\/uploads\\\/2021\\\/06\\\/logo-chd-noir-transparent.png\",\"width\":262,\"height\":106,\"caption\":\"Le Concert de l'Hostel Dieu\"},\"image\":{\"@id\":\"https:\\\/\\\/www.concert-hosteldieu.com\\\/#\\\/schema\\\/logo\\\/image\\\/\"},\"sameAs\":[\"https:\\\/\\\/www.facebook.com\\\/leconcert.delhosteldieu\",\"https:\\\/\\\/x.com\\\/CHDLyon\",\"https:\\\/\\\/instagram.com\\\/concert_hostel_dieu\",\"https:\\\/\\\/www.linkedin.com\\\/company\\\/le-concert-de-l'hostel-dieu\\\/\",\"https:\\\/\\\/www.youtube.com\\\/user\\\/CHDLyon\"]}]}<\/script>\n<!-- \/ Yoast SEO plugin. -->","yoast_head_json":{"title":"Le Baroque expliqu\u00e9 \u00e0 tous - Le Concert de l&#039;Hostel Dieu","description":"Achetez Le Baroque expliqu\u00e9 \u00e0 tous, un DVD du Concert de l'Hostel Dieu, ensemble de musique baroque \u00e0 Lyon et partout en France.","robots":{"index":"index","follow":"follow","max-snippet":"max-snippet:-1","max-image-preview":"max-image-preview:large","max-video-preview":"max-video-preview:-1"},"canonical":"https:\/\/www.concert-hosteldieu.com\/en\/product\/le-baroque-explique-a-tous\/","og_locale":"en_GB","og_type":"article","og_title":"Le Baroque expliqu\u00e9 \u00e0 tous - Le Concert de l&#039;Hostel Dieu","og_description":"Achetez Le Baroque expliqu\u00e9 \u00e0 tous, un DVD du Concert de l'Hostel Dieu, ensemble de musique baroque \u00e0 Lyon et partout en France.","og_url":"https:\/\/www.concert-hosteldieu.com\/en\/product\/le-baroque-explique-a-tous\/","og_site_name":"Le Concert de l&#039;Hostel Dieu","article_publisher":"https:\/\/www.facebook.com\/leconcert.delhosteldieu","article_modified_time":"2026-03-23T09:05:16+00:00","og_image":[{"width":394,"height":394,"url":"https:\/\/www.concert-hosteldieu.com\/wp-content\/uploads\/2015\/04\/concert-hosteldieu-DVD.png","type":"image\/png"}],"twitter_misc":{"Estimated reading time":"1 minute"},"schema":{"@context":"https:\/\/schema.org","@graph":[{"@type":"WebPage","@id":"https:\/\/www.concert-hosteldieu.com\/produit\/le-baroque-explique-a-tous\/","url":"https:\/\/www.concert-hosteldieu.com\/produit\/le-baroque-explique-a-tous\/","name":"Le Baroque expliqu\u00e9 \u00e0 tous - Le Concert de l&#039;Hostel Dieu","isPartOf":{"@id":"https:\/\/www.concert-hosteldieu.com\/#website"},"primaryImageOfPage":{"@id":"https:\/\/www.concert-hosteldieu.com\/produit\/le-baroque-explique-a-tous\/#primaryimage"},"image":{"@id":"https:\/\/www.concert-hosteldieu.com\/produit\/le-baroque-explique-a-tous\/#primaryimage"},"thumbnailUrl":"https:\/\/www.concert-hosteldieu.com\/wp-content\/uploads\/2015\/04\/concert-hosteldieu-DVD.png","datePublished":"1996-04-14T14:23:09+00:00","dateModified":"2026-03-23T09:05:16+00:00","description":"Achetez Le Baroque expliqu\u00e9 \u00e0 tous, un DVD du Concert de l'Hostel Dieu, ensemble de musique baroque \u00e0 Lyon et partout en France.","breadcrumb":{"@id":"https:\/\/www.concert-hosteldieu.com\/produit\/le-baroque-explique-a-tous\/#breadcrumb"},"inLanguage":"en-GB","potentialAction":[{"@type":"ReadAction","target":["https:\/\/www.concert-hosteldieu.com\/produit\/le-baroque-explique-a-tous\/"]}]},{"@type":"ImageObject","inLanguage":"en-GB","@id":"https:\/\/www.concert-hosteldieu.com\/produit\/le-baroque-explique-a-tous\/#primaryimage","url":"https:\/\/www.concert-hosteldieu.com\/wp-content\/uploads\/2015\/04\/concert-hosteldieu-DVD.png","contentUrl":"https:\/\/www.concert-hosteldieu.com\/wp-content\/uploads\/2015\/04\/concert-hosteldieu-DVD.png","width":394,"height":394,"caption":"concert-hostel-dieu-DVD"},{"@type":"BreadcrumbList","@id":"https:\/\/www.concert-hosteldieu.com\/produit\/le-baroque-explique-a-tous\/#breadcrumb","itemListElement":[{"@type":"ListItem","position":1,"name":"Accueil","item":"https:\/\/www.concert-hosteldieu.com\/"},{"@type":"ListItem","position":2,"name":"La boutique de CD","item":"https:\/\/www.concert-hosteldieu.com\/la-boutique\/shop\/"},{"@type":"ListItem","position":3,"name":"Le Baroque expliqu\u00e9 \u00e0 tous"}]},{"@type":"WebSite","@id":"https:\/\/www.concert-hosteldieu.com\/#website","url":"https:\/\/www.concert-hosteldieu.com\/","name":"Le Concert de l&#039;Hostel Dieu","description":"Franck-Emmanuel Comte","publisher":{"@id":"https:\/\/www.concert-hosteldieu.com\/#organization"},"potentialAction":[{"@type":"SearchAction","target":{"@type":"EntryPoint","urlTemplate":"https:\/\/www.concert-hosteldieu.com\/?s={search_term_string}"},"query-input":{"@type":"PropertyValueSpecification","valueRequired":true,"valueName":"search_term_string"}}],"inLanguage":"en-GB"},{"@type":"Organization","@id":"https:\/\/www.concert-hosteldieu.com\/#organization","name":"Le Concert de l'Hostel Dieu","url":"https:\/\/www.concert-hosteldieu.com\/","logo":{"@type":"ImageObject","inLanguage":"en-GB","@id":"https:\/\/www.concert-hosteldieu.com\/#\/schema\/logo\/image\/","url":"https:\/\/www.concert-hosteldieu.com\/wp-content\/uploads\/2021\/06\/logo-chd-noir-transparent.png","contentUrl":"https:\/\/www.concert-hosteldieu.com\/wp-content\/uploads\/2021\/06\/logo-chd-noir-transparent.png","width":262,"height":106,"caption":"Le Concert de l'Hostel Dieu"},"image":{"@id":"https:\/\/www.concert-hosteldieu.com\/#\/schema\/logo\/image\/"},"sameAs":["https:\/\/www.facebook.com\/leconcert.delhosteldieu","https:\/\/x.com\/CHDLyon","https:\/\/instagram.com\/concert_hostel_dieu","https:\/\/www.linkedin.com\/company\/le-concert-de-l'hostel-dieu\/","https:\/\/www.youtube.com\/user\/CHDLyon"]}]}},"_links":{"self":[{"href":"https:\/\/www.concert-hosteldieu.com\/en\/wp-json\/wp\/v2\/product\/877","targetHints":{"allow":["GET"]}}],"collection":[{"href":"https:\/\/www.concert-hosteldieu.com\/en\/wp-json\/wp\/v2\/product"}],"about":[{"href":"https:\/\/www.concert-hosteldieu.com\/en\/wp-json\/wp\/v2\/types\/product"}],"wp:featuredmedia":[{"embeddable":true,"href":"https:\/\/www.concert-hosteldieu.com\/en\/wp-json\/wp\/v2\/media\/989"}],"wp:attachment":[{"href":"https:\/\/www.concert-hosteldieu.com\/en\/wp-json\/wp\/v2\/media?parent=877"}],"wp:term":[{"taxonomy":"product_brand","embeddable":true,"href":"https:\/\/www.concert-hosteldieu.com\/en\/wp-json\/wp\/v2\/product_brand?post=877"},{"taxonomy":"product_cat","embeddable":true,"href":"https:\/\/www.concert-hosteldieu.com\/en\/wp-json\/wp\/v2\/product_cat?post=877"},{"taxonomy":"product_tag","embeddable":true,"href":"https:\/\/www.concert-hosteldieu.com\/en\/wp-json\/wp\/v2\/product_tag?post=877"}],"curies":[{"name":"wp","href":"https:\/\/api.w.org\/{rel}","templated":true}]}}