{"id":874,"date":"1997-09-14T15:21:19","date_gmt":"1997-09-14T14:21:19","guid":{"rendered":"http:\/\/www.concert-hosteldieu.com\/?post_type=product&#038;p=874"},"modified":"2025-09-10T11:15:49","modified_gmt":"2025-09-10T10:15:49","slug":"haendel-alceste","status":"publish","type":"product","link":"https:\/\/www.concert-hosteldieu.com\/en\/product\/haendel-alceste\/","title":{"rendered":"Handel, Alceste"},"content":{"rendered":"<h4 tabindex=\"0\">Program details<\/h4>\r\n<p>1. Ouverture<br \/>2. Grand entr\u00e9e<br \/>3. R\u00e9cit &amp; chorus \u00ab\u00a0Ye happy people\u00a0\u00bb<br \/>4. Solo &amp; chorus \u00ab\u00a0Still caressing\u00a0\u00bb<br \/>5. Air \u00ab\u00a0Ye swift minutes as ye fly\u00a0\u00bb<br \/>6. Chorus \u00ab\u00a0O bless, ye powers above\u00a0\u00bb<br \/>7. Air \u00ab\u00a0Gentle Morpheus\u00a0\u00bb<br \/>8. Air \u00ab\u00a0Ye fleeting shade\u00a0\u00bb<br \/>9. Chorus \u00ab\u00a0Thrice happy who in life excel\u00a0\u00bb<br \/>10. Air \u00ab\u00a0enjoy the sweet elysean groves\u00a0\u00bb<br \/>11. Chorus \u00ab\u00a0thrice happy who in life excel\u00a0\u00bb<br \/>12. Air \u00ab\u00a0Come Fancy, empress of the brain\u00a0\u00bb<br \/>13. Symphony &amp; recit<br \/>14. Chorus \u00ab\u00a0All hail, You mighty son of jove\u00a0\u00bb<br \/>15. Symphony<br \/>16. Recit \u00ab\u00a0From high Olympus&rsquo; top\u00a0\u00bb<br \/>17. Air &amp; dance \u00ab\u00a0Tune your harps\u00a0\u00bb<br \/>18. Last dance &amp; chorus \u00ab\u00a0Triumph, Thou glorious son of Jove\u00a0\u00bb<\/p>\r\n<h4 tabindex=\"0\">Cast<\/h4>\r\n<p>St\u00e9phanie R\u00e9vidat, <em>soprano<\/em><br \/>Roxanne Comiotto, <em>soprano<\/em><br \/>Jean Delescluse, <em>tenor<\/em><br \/>Fran\u00e7ois Bazola, <em>bass baritone<\/em><br \/>Choir and orchestra of the Concert de l'Hostel Dieu<br \/>Franck-Emmanuel Comte, <em>direction<\/em><\/p>\r\n<h4 tabindex=\"0\">Partners<\/h4>\r\n<p>Du 6 au 8 ao\u00fbt 1997 \u00e0 l&rsquo;\u00e9glise de Millery (69)<br \/><strong>Label:<\/strong> CHD (distributed by Media 7)<\/p>","protected":false},"excerpt":{"rendered":"<p style=\"text-align: justify;\"><strong>Program: Alceste by Georg Friedrich Handel<a href=\"https:\/\/www.concert-hosteldieu.com\/wp-content\/uploads\/2015\/04\/ffff-telerama.jpg\"><img loading=\"lazy\" decoding=\"async\" class=\"alignright size-full wp-image-875\" src=\"https:\/\/www.concert-hosteldieu.com\/wp-content\/uploads\/2015\/04\/ffff-telerama.jpg\" alt=\"ffff telerama\" width=\"72\" height=\"71\" \/><\/a><\/strong><\/p>\n<p>&nbsp;<\/p>\n<p style=\"text-align: justify;\">Handel composed <em>Alceste<\/em> at the request of John Rich, director of the Covent Garden theatre, to illustrate a play by Tobias Smolett. For mysterious reasons, the show never saw the light of day, and the composer reused his work in other pieces. Today, only the texts set to music by Handel have been found. Alceste offers her death in exchange for a longer life for her husband Admetus. Hercules, struck by Alceste's devotion, gives the couple back their lives.<\/p>","protected":false},"featured_media":1022,"template":"","meta":{"site-sidebar-layout":"default","site-content-layout":"default","ast-site-content-layout":"default","site-content-style":"default","site-sidebar-style":"default","ast-global-header-display":"","ast-banner-title-visibility":"","ast-main-header-display":"","ast-hfb-above-header-display":"","ast-hfb-below-header-display":"","ast-hfb-mobile-header-display":"","site-post-title":"","ast-breadcrumbs-content":"","ast-featured-img":"","footer-sml-layout":"","ast-disable-related-posts":"","theme-transparent-header-meta":"disabled","adv-header-id-meta":"","stick-header-meta":"default","header-above-stick-meta":"","header-main-stick-meta":"","header-below-stick-meta":"","astra-migrate-meta-layouts":"set","ast-page-background-enabled":"default","ast-page-background-meta":{"desktop":{"background-color":"","background-image":"","background-repeat":"repeat","background-position":"center center","background-size":"auto","background-attachment":"scroll","background-type":"","background-media":"","overlay-type":"","overlay-color":"","overlay-opacity":"","overlay-gradient":""},"tablet":{"background-color":"","background-image":"","background-repeat":"repeat","background-position":"center center","background-size":"auto","background-attachment":"scroll","background-type":"","background-media":"","overlay-type":"","overlay-color":"","overlay-opacity":"","overlay-gradient":""},"mobile":{"background-color":"","background-image":"","background-repeat":"repeat","background-position":"center center","background-size":"auto","background-attachment":"scroll","background-type":"","background-media":"","overlay-type":"","overlay-color":"","overlay-opacity":"","overlay-gradient":""}},"ast-content-background-meta":{"desktop":{"background-color":"var(--ast-global-color-5)","background-image":"","background-repeat":"repeat","background-position":"center center","background-size":"auto","background-attachment":"scroll","background-type":"","background-media":"","overlay-type":"","overlay-color":"","overlay-opacity":"","overlay-gradient":""},"tablet":{"background-color":"var(--ast-global-color-5)","background-image":"","background-repeat":"repeat","background-position":"center center","background-size":"auto","background-attachment":"scroll","background-type":"","background-media":"","overlay-type":"","overlay-color":"","overlay-opacity":"","overlay-gradient":""},"mobile":{"background-color":"var(--ast-global-color-5)","background-image":"","background-repeat":"repeat","background-position":"center center","background-size":"auto","background-attachment":"scroll","background-type":"","background-media":"","overlay-type":"","overlay-color":"","overlay-opacity":"","overlay-gradient":""}}},"product_brand":[],"product_cat":[26],"product_tag":[27,54],"class_list":{"0":"post-874","1":"product","2":"type-product","3":"status-publish","4":"has-post-thumbnail","6":"product_cat-cd","7":"product_tag-cd","8":"product_tag-haendel","9":"desktop-align-center","10":"tablet-align-center","11":"mobile-align-center","12":"ast-product-gallery-layout-vertical","13":"ast-product-gallery-with-no-image","14":"ast-magnify-disabled","15":"ast-product-tabs-layout-horizontal","17":"first","18":"instock","19":"taxable","20":"shipping-taxable","21":"purchasable","22":"product-type-simple"},"yoast_head":"<!-- This site is optimized with the Yoast SEO plugin v27.6 - https:\/\/yoast.com\/product\/yoast-seo-wordpress\/ -->\n<title>Haendel, Alceste CD - Le Concert de l&#039;Hostel Dieu<\/title>\n<meta name=\"description\" content=\"Achetez Haendel, Alceste, un CD du Concert de l&#039;Hostel Dieu, ensemble de musique baroque \u00e0 Lyon et partout en France.\" \/>\n<meta name=\"robots\" content=\"index, follow, max-snippet:-1, max-image-preview:large, max-video-preview:-1\" \/>\n<link rel=\"canonical\" href=\"https:\/\/www.concert-hosteldieu.com\/en\/product\/haendel-alceste\/\" \/>\n<meta property=\"og:locale\" content=\"en_GB\" \/>\n<meta property=\"og:type\" content=\"article\" \/>\n<meta property=\"og:title\" content=\"Haendel, Alceste CD - Le Concert de l&#039;Hostel Dieu\" \/>\n<meta property=\"og:description\" content=\"Achetez Haendel, Alceste, un CD du Concert de l&#039;Hostel Dieu, ensemble de musique baroque \u00e0 Lyon et partout en France.\" \/>\n<meta property=\"og:url\" content=\"https:\/\/www.concert-hosteldieu.com\/en\/product\/haendel-alceste\/\" \/>\n<meta property=\"og:site_name\" content=\"Le Concert de l&#039;Hostel Dieu\" \/>\n<meta property=\"article:publisher\" content=\"https:\/\/www.facebook.com\/leconcert.delhosteldieu\" \/>\n<meta property=\"article:modified_time\" content=\"2025-09-10T10:15:49+00:00\" \/>\n<meta property=\"og:image\" content=\"https:\/\/www.concert-hosteldieu.com\/wp-content\/uploads\/2015\/04\/concerthosteldieu-1997-haendel-alceste.jpg\" \/>\n\t<meta property=\"og:image:width\" content=\"393\" \/>\n\t<meta property=\"og:image:height\" content=\"393\" \/>\n\t<meta property=\"og:image:type\" content=\"image\/jpeg\" \/>\n<meta name=\"twitter:label1\" content=\"Estimated reading time\" \/>\n\t<meta name=\"twitter:data1\" content=\"1 minute\" \/>\n<script type=\"application\/ld+json\" class=\"yoast-schema-graph\">{\"@context\":\"https:\\\/\\\/schema.org\",\"@graph\":[{\"@type\":\"WebPage\",\"@id\":\"https:\\\/\\\/www.concert-hosteldieu.com\\\/produit\\\/haendel-alceste\\\/\",\"url\":\"https:\\\/\\\/www.concert-hosteldieu.com\\\/produit\\\/haendel-alceste\\\/\",\"name\":\"Haendel, Alceste CD - Le Concert de l'Hostel Dieu\",\"isPartOf\":{\"@id\":\"https:\\\/\\\/www.concert-hosteldieu.com\\\/#website\"},\"primaryImageOfPage\":{\"@id\":\"https:\\\/\\\/www.concert-hosteldieu.com\\\/produit\\\/haendel-alceste\\\/#primaryimage\"},\"image\":{\"@id\":\"https:\\\/\\\/www.concert-hosteldieu.com\\\/produit\\\/haendel-alceste\\\/#primaryimage\"},\"thumbnailUrl\":\"https:\\\/\\\/www.concert-hosteldieu.com\\\/wp-content\\\/uploads\\\/2015\\\/04\\\/concerthosteldieu-1997-haendel-alceste.jpg\",\"datePublished\":\"1997-09-14T14:21:19+00:00\",\"dateModified\":\"2025-09-10T10:15:49+00:00\",\"description\":\"Achetez Haendel, Alceste, un CD du Concert de l'Hostel Dieu, ensemble de musique baroque \u00e0 Lyon et partout en France.\",\"breadcrumb\":{\"@id\":\"https:\\\/\\\/www.concert-hosteldieu.com\\\/produit\\\/haendel-alceste\\\/#breadcrumb\"},\"inLanguage\":\"en-GB\",\"potentialAction\":[{\"@type\":\"ReadAction\",\"target\":[\"https:\\\/\\\/www.concert-hosteldieu.com\\\/produit\\\/haendel-alceste\\\/\"]}]},{\"@type\":\"ImageObject\",\"inLanguage\":\"en-GB\",\"@id\":\"https:\\\/\\\/www.concert-hosteldieu.com\\\/produit\\\/haendel-alceste\\\/#primaryimage\",\"url\":\"https:\\\/\\\/www.concert-hosteldieu.com\\\/wp-content\\\/uploads\\\/2015\\\/04\\\/concerthosteldieu-1997-haendel-alceste.jpg\",\"contentUrl\":\"https:\\\/\\\/www.concert-hosteldieu.com\\\/wp-content\\\/uploads\\\/2015\\\/04\\\/concerthosteldieu-1997-haendel-alceste.jpg\",\"width\":393,\"height\":393,\"caption\":\"concert-hostel-dieu-disque-1997-haendel-alceste\"},{\"@type\":\"BreadcrumbList\",\"@id\":\"https:\\\/\\\/www.concert-hosteldieu.com\\\/produit\\\/haendel-alceste\\\/#breadcrumb\",\"itemListElement\":[{\"@type\":\"ListItem\",\"position\":1,\"name\":\"Accueil\",\"item\":\"https:\\\/\\\/www.concert-hosteldieu.com\\\/\"},{\"@type\":\"ListItem\",\"position\":2,\"name\":\"La boutique de CD\",\"item\":\"https:\\\/\\\/www.concert-hosteldieu.com\\\/la-boutique\\\/shop\\\/\"},{\"@type\":\"ListItem\",\"position\":3,\"name\":\"Haendel, Alceste\"}]},{\"@type\":\"WebSite\",\"@id\":\"https:\\\/\\\/www.concert-hosteldieu.com\\\/#website\",\"url\":\"https:\\\/\\\/www.concert-hosteldieu.com\\\/\",\"name\":\"Le Concert de l&#039;Hostel Dieu\",\"description\":\"Franck-Emmanuel Comte\",\"publisher\":{\"@id\":\"https:\\\/\\\/www.concert-hosteldieu.com\\\/#organization\"},\"potentialAction\":[{\"@type\":\"SearchAction\",\"target\":{\"@type\":\"EntryPoint\",\"urlTemplate\":\"https:\\\/\\\/www.concert-hosteldieu.com\\\/?s={search_term_string}\"},\"query-input\":{\"@type\":\"PropertyValueSpecification\",\"valueRequired\":true,\"valueName\":\"search_term_string\"}}],\"inLanguage\":\"en-GB\"},{\"@type\":\"Organization\",\"@id\":\"https:\\\/\\\/www.concert-hosteldieu.com\\\/#organization\",\"name\":\"Le Concert de l'Hostel Dieu\",\"url\":\"https:\\\/\\\/www.concert-hosteldieu.com\\\/\",\"logo\":{\"@type\":\"ImageObject\",\"inLanguage\":\"en-GB\",\"@id\":\"https:\\\/\\\/www.concert-hosteldieu.com\\\/#\\\/schema\\\/logo\\\/image\\\/\",\"url\":\"https:\\\/\\\/www.concert-hosteldieu.com\\\/wp-content\\\/uploads\\\/2021\\\/06\\\/logo-chd-noir-transparent.png\",\"contentUrl\":\"https:\\\/\\\/www.concert-hosteldieu.com\\\/wp-content\\\/uploads\\\/2021\\\/06\\\/logo-chd-noir-transparent.png\",\"width\":262,\"height\":106,\"caption\":\"Le Concert de l'Hostel Dieu\"},\"image\":{\"@id\":\"https:\\\/\\\/www.concert-hosteldieu.com\\\/#\\\/schema\\\/logo\\\/image\\\/\"},\"sameAs\":[\"https:\\\/\\\/www.facebook.com\\\/leconcert.delhosteldieu\",\"https:\\\/\\\/x.com\\\/CHDLyon\",\"https:\\\/\\\/instagram.com\\\/concert_hostel_dieu\",\"https:\\\/\\\/www.linkedin.com\\\/company\\\/le-concert-de-l'hostel-dieu\\\/\",\"https:\\\/\\\/www.youtube.com\\\/user\\\/CHDLyon\"]}]}<\/script>\n<!-- \/ Yoast SEO plugin. -->","yoast_head_json":{"title":"Haendel, Alceste CD - Le Concert de l'Hostel Dieu","description":"Achetez Haendel, Alceste, un CD du Concert de l'Hostel Dieu, ensemble de musique baroque \u00e0 Lyon et partout en France.","robots":{"index":"index","follow":"follow","max-snippet":"max-snippet:-1","max-image-preview":"max-image-preview:large","max-video-preview":"max-video-preview:-1"},"canonical":"https:\/\/www.concert-hosteldieu.com\/en\/product\/haendel-alceste\/","og_locale":"en_GB","og_type":"article","og_title":"Haendel, Alceste CD - Le Concert de l'Hostel Dieu","og_description":"Achetez Haendel, Alceste, un CD du Concert de l'Hostel Dieu, ensemble de musique baroque \u00e0 Lyon et partout en France.","og_url":"https:\/\/www.concert-hosteldieu.com\/en\/product\/haendel-alceste\/","og_site_name":"Le Concert de l&#039;Hostel Dieu","article_publisher":"https:\/\/www.facebook.com\/leconcert.delhosteldieu","article_modified_time":"2025-09-10T10:15:49+00:00","og_image":[{"width":393,"height":393,"url":"https:\/\/www.concert-hosteldieu.com\/wp-content\/uploads\/2015\/04\/concerthosteldieu-1997-haendel-alceste.jpg","type":"image\/jpeg"}],"twitter_misc":{"Estimated reading time":"1 minute"},"schema":{"@context":"https:\/\/schema.org","@graph":[{"@type":"WebPage","@id":"https:\/\/www.concert-hosteldieu.com\/produit\/haendel-alceste\/","url":"https:\/\/www.concert-hosteldieu.com\/produit\/haendel-alceste\/","name":"Haendel, Alceste CD - Le Concert de l'Hostel Dieu","isPartOf":{"@id":"https:\/\/www.concert-hosteldieu.com\/#website"},"primaryImageOfPage":{"@id":"https:\/\/www.concert-hosteldieu.com\/produit\/haendel-alceste\/#primaryimage"},"image":{"@id":"https:\/\/www.concert-hosteldieu.com\/produit\/haendel-alceste\/#primaryimage"},"thumbnailUrl":"https:\/\/www.concert-hosteldieu.com\/wp-content\/uploads\/2015\/04\/concerthosteldieu-1997-haendel-alceste.jpg","datePublished":"1997-09-14T14:21:19+00:00","dateModified":"2025-09-10T10:15:49+00:00","description":"Achetez Haendel, Alceste, un CD du Concert de l'Hostel Dieu, ensemble de musique baroque \u00e0 Lyon et partout en France.","breadcrumb":{"@id":"https:\/\/www.concert-hosteldieu.com\/produit\/haendel-alceste\/#breadcrumb"},"inLanguage":"en-GB","potentialAction":[{"@type":"ReadAction","target":["https:\/\/www.concert-hosteldieu.com\/produit\/haendel-alceste\/"]}]},{"@type":"ImageObject","inLanguage":"en-GB","@id":"https:\/\/www.concert-hosteldieu.com\/produit\/haendel-alceste\/#primaryimage","url":"https:\/\/www.concert-hosteldieu.com\/wp-content\/uploads\/2015\/04\/concerthosteldieu-1997-haendel-alceste.jpg","contentUrl":"https:\/\/www.concert-hosteldieu.com\/wp-content\/uploads\/2015\/04\/concerthosteldieu-1997-haendel-alceste.jpg","width":393,"height":393,"caption":"concert-hostel-dieu-disque-1997-haendel-alceste"},{"@type":"BreadcrumbList","@id":"https:\/\/www.concert-hosteldieu.com\/produit\/haendel-alceste\/#breadcrumb","itemListElement":[{"@type":"ListItem","position":1,"name":"Accueil","item":"https:\/\/www.concert-hosteldieu.com\/"},{"@type":"ListItem","position":2,"name":"La boutique de CD","item":"https:\/\/www.concert-hosteldieu.com\/la-boutique\/shop\/"},{"@type":"ListItem","position":3,"name":"Haendel, Alceste"}]},{"@type":"WebSite","@id":"https:\/\/www.concert-hosteldieu.com\/#website","url":"https:\/\/www.concert-hosteldieu.com\/","name":"Le Concert de l&#039;Hostel Dieu","description":"Franck-Emmanuel Comte","publisher":{"@id":"https:\/\/www.concert-hosteldieu.com\/#organization"},"potentialAction":[{"@type":"SearchAction","target":{"@type":"EntryPoint","urlTemplate":"https:\/\/www.concert-hosteldieu.com\/?s={search_term_string}"},"query-input":{"@type":"PropertyValueSpecification","valueRequired":true,"valueName":"search_term_string"}}],"inLanguage":"en-GB"},{"@type":"Organization","@id":"https:\/\/www.concert-hosteldieu.com\/#organization","name":"Le Concert de l'Hostel Dieu","url":"https:\/\/www.concert-hosteldieu.com\/","logo":{"@type":"ImageObject","inLanguage":"en-GB","@id":"https:\/\/www.concert-hosteldieu.com\/#\/schema\/logo\/image\/","url":"https:\/\/www.concert-hosteldieu.com\/wp-content\/uploads\/2021\/06\/logo-chd-noir-transparent.png","contentUrl":"https:\/\/www.concert-hosteldieu.com\/wp-content\/uploads\/2021\/06\/logo-chd-noir-transparent.png","width":262,"height":106,"caption":"Le Concert de l'Hostel Dieu"},"image":{"@id":"https:\/\/www.concert-hosteldieu.com\/#\/schema\/logo\/image\/"},"sameAs":["https:\/\/www.facebook.com\/leconcert.delhosteldieu","https:\/\/x.com\/CHDLyon","https:\/\/instagram.com\/concert_hostel_dieu","https:\/\/www.linkedin.com\/company\/le-concert-de-l'hostel-dieu\/","https:\/\/www.youtube.com\/user\/CHDLyon"]}]}},"_links":{"self":[{"href":"https:\/\/www.concert-hosteldieu.com\/en\/wp-json\/wp\/v2\/product\/874","targetHints":{"allow":["GET"]}}],"collection":[{"href":"https:\/\/www.concert-hosteldieu.com\/en\/wp-json\/wp\/v2\/product"}],"about":[{"href":"https:\/\/www.concert-hosteldieu.com\/en\/wp-json\/wp\/v2\/types\/product"}],"wp:featuredmedia":[{"embeddable":true,"href":"https:\/\/www.concert-hosteldieu.com\/en\/wp-json\/wp\/v2\/media\/1022"}],"wp:attachment":[{"href":"https:\/\/www.concert-hosteldieu.com\/en\/wp-json\/wp\/v2\/media?parent=874"}],"wp:term":[{"taxonomy":"product_brand","embeddable":true,"href":"https:\/\/www.concert-hosteldieu.com\/en\/wp-json\/wp\/v2\/product_brand?post=874"},{"taxonomy":"product_cat","embeddable":true,"href":"https:\/\/www.concert-hosteldieu.com\/en\/wp-json\/wp\/v2\/product_cat?post=874"},{"taxonomy":"product_tag","embeddable":true,"href":"https:\/\/www.concert-hosteldieu.com\/en\/wp-json\/wp\/v2\/product_tag?post=874"}],"curies":[{"name":"wp","href":"https:\/\/api.w.org\/{rel}","templated":true}]}}