{"id":868,"date":"2006-09-14T15:03:20","date_gmt":"2006-09-14T14:03:20","guid":{"rendered":"http:\/\/www.concert-hosteldieu.com\/?post_type=product&#038;p=868"},"modified":"2026-03-23T10:05:16","modified_gmt":"2026-03-23T09:05:16","slug":"scarlatti-il-martirio-di-santorsola","status":"publish","type":"product","link":"https:\/\/www.concert-hosteldieu.com\/en\/product\/scarlatti-il-martirio-di-santorsola\/","title":{"rendered":"Scarlatti, Il Martirio di Sant\u2019Orsola"},"content":{"rendered":"<p><iframe loading=\"lazy\" src=\"https:\/\/open.spotify.com\/embed\/album\/4pyHTNC3WmYy2cNImVcqk4?theme=0\" width=\"100%\" height=\"80\" frameborder=\"0\" allowfullscreen=\"allowfullscreen\"><\/iframe><\/p>\r\n<h4 tabindex=\"0\">Program details<\/h4>\r\n<p>1. Sinfonia<br \/>2. Coro di vergini a 3<br \/>3. Aria S. Orsola : Zeffiretti semplicetti&#8230;<br \/>4. R\u00e9cit S. Orsola : Gran Rettor delle sfere&#8230;<br \/>5. R\u00e9cit Gies\u00f9 : Tergi le luci belle&#8230;<br \/>6. Aria Gies\u00f9 : Sorgi vanne&#8230;<br \/>7. R\u00e9cit Gies\u00f9 : E voi sorgete pure sangue del mio patir&#8230;<br \/>8. Aria Gies\u00f9 : Con la fede che l&rsquo;alma v&rsquo;indora&#8230;<br \/>9. R\u00e9cit Florida : E qual soave accento&#8230;<br \/>10. Aria Florida : Arcier divin&#8230;<br \/>11. R\u00e9cit, Ariette, Giulio : Per eseguir l&rsquo;Impero&#8230;<br \/>12. Aria Giulio : Al suon delle trombe&#8230;<br \/>13. R\u00e9cit S. Orsola : Ereo fedele ch&rsquo;al mio Gies\u00f9 diletto&#8230;<br \/>14. R\u00e9cit Ereo : Per osservar devoto&#8230;<br \/>15. Aria Ereo : S\u00f9 vibrameti&#8230;<br \/>16. R\u00e9cit S. Orsola, Giulio : Tu superbo Tiranno, che si pietoso&#8230;<br \/>17. Trio S. Orsola, Florida, Ereo : Ti derido, ti sprezzo&#8230;<br \/>18. R\u00e9cit Giulio : O mie furie sopit&#8230;<br \/>19. Duo Ereo, Florida : Dio clemente speranza de cori&#8230;<br \/>20. S. Orsola, Ereo, Florida : O mio sposo immortale&#8230;<br \/>21. Giulio, S. Orsola : Ah fermate&#8230;<br \/>22. Aria S. Orsola : Quel bel&rsquo;sole, io sola adoro&#8230;<br \/>23. S. Orsola, Giulio : A che serbarmi in vita&#8230;<br \/>24. Aria Giulio : Si cosi faro&#8230;<br \/>25. R\u00e9cit Giulio, S. Orsola : Gi\u00e0 tendo l&rsquo;arco invitto&#8230;<br \/>26. Aria S. Orsola : Deh volate bei dardi amorosi&#8230;<br \/>27. R\u00e9cit S. Orsola, Giulio : Une femina inerme&#8230;<br \/>28. Aria S. Orsola : No strali soavi&#8230;<br \/>29. R\u00e9cit S. Orsola : Ma gi\u00e0 sento ch&rsquo;il core&#8230;<br \/>30. Aria Gies\u00f9 : Vieni o sposa&#8230;<br \/>31. Et incarnatus est&#8230; (choeur)<\/p>\r\n<h4 tabindex=\"0\">Cast<\/h4>\r\n<p>St\u00e9phanie R\u00e9vidat, <em>soprano<\/em><br \/>Marina Venant, <em>soprano<\/em><br \/>Jean-Paul Bonnevalle, <em>viola<\/em><br \/>Fran\u00e7ois Roche, <em>tenor<\/em><br \/>Beno\u00eet Arnould, <em>bass baritone<\/em><br \/>Choir and orchestra of the Concert de l'Hostel Dieu<br \/><a href=\"https:\/\/www.concert-hosteldieu.com\/en\/presentation\/lequipe-artistique\/franck-emmanuel-comte\/\" target=\"_blank\" rel=\"noopener noreferrer\">Franck-Emmanuel Comte<\/a>, <em>direction<\/em><\/p>\r\n<h4 tabindex=\"0\">Artistic team<\/h4>\r\n<p><strong>Live : <\/strong>31 ao\u00fbt 2006 \u00e0 l&rsquo;Abbatiale Saint-Robert \u00e0 La Chaise-Dieu (42)<br \/><strong> Label: <\/strong>Ligia Digital (distributed by Harmonia Mundi)<\/p>","protected":false},"excerpt":{"rendered":"<p style=\"text-align: justify;\"><strong>Program: <em>Il Martirio di Sant\u2019Orsola<\/em> d\u2019Alessandro Scarlatti<\/strong><\/p>\n<p style=\"text-align: justify;\">A unique and unpublished manuscript! <em>Il Martirio di Sant\u2019Orsola<\/em> was probably written and sung in Rome between 1695 and 1700. The identity of the author of the libretto and the circumstances of its composition remain unknown. The manuscript score and its separate parts, preserved in the Biblioth\u00e8que Municipale de Lyon and restored here, are in fact the only European version of the work. It was copied for the Acad\u00e9mie des Beaux-arts de Lyon, to which it belonged, probably by amateurs bringing back numerous works from their transalpine travels, as shown by the importance of Italian music in Lyon's collections.<\/p>","protected":false},"featured_media":1017,"template":"","meta":{"site-sidebar-layout":"default","site-content-layout":"default","ast-site-content-layout":"default","site-content-style":"default","site-sidebar-style":"default","ast-global-header-display":"","ast-banner-title-visibility":"","ast-main-header-display":"","ast-hfb-above-header-display":"","ast-hfb-below-header-display":"","ast-hfb-mobile-header-display":"","site-post-title":"","ast-breadcrumbs-content":"","ast-featured-img":"","footer-sml-layout":"","ast-disable-related-posts":"","theme-transparent-header-meta":"disabled","adv-header-id-meta":"","stick-header-meta":"default","header-above-stick-meta":"","header-main-stick-meta":"","header-below-stick-meta":"","astra-migrate-meta-layouts":"set","ast-page-background-enabled":"default","ast-page-background-meta":{"desktop":{"background-color":"","background-image":"","background-repeat":"repeat","background-position":"center center","background-size":"auto","background-attachment":"scroll","background-type":"","background-media":"","overlay-type":"","overlay-color":"","overlay-opacity":"","overlay-gradient":""},"tablet":{"background-color":"","background-image":"","background-repeat":"repeat","background-position":"center center","background-size":"auto","background-attachment":"scroll","background-type":"","background-media":"","overlay-type":"","overlay-color":"","overlay-opacity":"","overlay-gradient":""},"mobile":{"background-color":"","background-image":"","background-repeat":"repeat","background-position":"center center","background-size":"auto","background-attachment":"scroll","background-type":"","background-media":"","overlay-type":"","overlay-color":"","overlay-opacity":"","overlay-gradient":""}},"ast-content-background-meta":{"desktop":{"background-color":"var(--ast-global-color-5)","background-image":"","background-repeat":"repeat","background-position":"center center","background-size":"auto","background-attachment":"scroll","background-type":"","background-media":"","overlay-type":"","overlay-color":"","overlay-opacity":"","overlay-gradient":""},"tablet":{"background-color":"var(--ast-global-color-5)","background-image":"","background-repeat":"repeat","background-position":"center center","background-size":"auto","background-attachment":"scroll","background-type":"","background-media":"","overlay-type":"","overlay-color":"","overlay-opacity":"","overlay-gradient":""},"mobile":{"background-color":"var(--ast-global-color-5)","background-image":"","background-repeat":"repeat","background-position":"center center","background-size":"auto","background-attachment":"scroll","background-type":"","background-media":"","overlay-type":"","overlay-color":"","overlay-opacity":"","overlay-gradient":""}}},"product_brand":[],"product_cat":[26],"product_tag":[27,53],"class_list":{"0":"post-868","1":"product","2":"type-product","3":"status-publish","4":"has-post-thumbnail","6":"product_cat-cd","7":"product_tag-cd","8":"product_tag-scarlatti","9":"desktop-align-center","10":"tablet-align-center","11":"mobile-align-center","12":"ast-product-gallery-layout-vertical","13":"ast-product-gallery-with-no-image","14":"ast-magnify-disabled","15":"ast-product-tabs-layout-horizontal","17":"first","18":"instock","19":"taxable","20":"shipping-taxable","21":"purchasable","22":"product-type-simple"},"yoast_head":"<!-- This site is optimized with the Yoast SEO plugin v27.4 - https:\/\/yoast.com\/product\/yoast-seo-wordpress\/ -->\n<title>Scarlatti, Il Martirio di Sant\u2019Orsola - CD - Le Concert de l&#039;Hostel Dieu<\/title>\n<meta name=\"description\" content=\"Achetez Scarlatti, il Martirio di Sant&#039;Orsola, un CD du Concert de l&#039;Hostel Dieu, ensemble de musique baroque \u00e0 Lyon et partout en France.\" \/>\n<meta name=\"robots\" content=\"index, follow, max-snippet:-1, max-image-preview:large, max-video-preview:-1\" \/>\n<link rel=\"canonical\" href=\"https:\/\/www.concert-hosteldieu.com\/en\/product\/scarlatti-il-martirio-di-santorsola\/\" \/>\n<meta property=\"og:locale\" content=\"en_GB\" \/>\n<meta property=\"og:type\" content=\"article\" \/>\n<meta property=\"og:title\" content=\"Scarlatti, Il Martirio di Sant\u2019Orsola - CD - Le Concert de l&#039;Hostel Dieu\" \/>\n<meta property=\"og:description\" content=\"Achetez Scarlatti, il Martirio di Sant&#039;Orsola, un CD du Concert de l&#039;Hostel Dieu, ensemble de musique baroque \u00e0 Lyon et partout en France.\" \/>\n<meta property=\"og:url\" content=\"https:\/\/www.concert-hosteldieu.com\/en\/product\/scarlatti-il-martirio-di-santorsola\/\" \/>\n<meta property=\"og:site_name\" content=\"Le Concert de l&#039;Hostel Dieu\" \/>\n<meta property=\"article:publisher\" content=\"https:\/\/www.facebook.com\/leconcert.delhosteldieu\" \/>\n<meta property=\"article:modified_time\" content=\"2026-03-23T09:05:16+00:00\" \/>\n<meta property=\"og:image\" content=\"https:\/\/www.concert-hosteldieu.com\/wp-content\/uploads\/2015\/04\/concerthosteldieu-2006-martyre-sainte-ursule.png\" \/>\n\t<meta property=\"og:image:width\" content=\"394\" \/>\n\t<meta property=\"og:image:height\" content=\"394\" \/>\n\t<meta property=\"og:image:type\" content=\"image\/png\" \/>\n<meta name=\"twitter:label1\" content=\"Estimated reading time\" \/>\n\t<meta name=\"twitter:data1\" content=\"2 minutes\" \/>\n<script type=\"application\/ld+json\" class=\"yoast-schema-graph\">{\"@context\":\"https:\\\/\\\/schema.org\",\"@graph\":[{\"@type\":\"WebPage\",\"@id\":\"https:\\\/\\\/www.concert-hosteldieu.com\\\/produit\\\/scarlatti-il-martirio-di-santorsola\\\/\",\"url\":\"https:\\\/\\\/www.concert-hosteldieu.com\\\/produit\\\/scarlatti-il-martirio-di-santorsola\\\/\",\"name\":\"Scarlatti, Il Martirio di Sant\u2019Orsola - CD - Le Concert de l'Hostel Dieu\",\"isPartOf\":{\"@id\":\"https:\\\/\\\/www.concert-hosteldieu.com\\\/#website\"},\"primaryImageOfPage\":{\"@id\":\"https:\\\/\\\/www.concert-hosteldieu.com\\\/produit\\\/scarlatti-il-martirio-di-santorsola\\\/#primaryimage\"},\"image\":{\"@id\":\"https:\\\/\\\/www.concert-hosteldieu.com\\\/produit\\\/scarlatti-il-martirio-di-santorsola\\\/#primaryimage\"},\"thumbnailUrl\":\"https:\\\/\\\/www.concert-hosteldieu.com\\\/wp-content\\\/uploads\\\/2015\\\/04\\\/concerthosteldieu-2006-martyre-sainte-ursule.png\",\"datePublished\":\"2006-09-14T14:03:20+00:00\",\"dateModified\":\"2026-03-23T09:05:16+00:00\",\"description\":\"Achetez Scarlatti, il Martirio di Sant'Orsola, un CD du Concert de l'Hostel Dieu, ensemble de musique baroque \u00e0 Lyon et partout en France.\",\"breadcrumb\":{\"@id\":\"https:\\\/\\\/www.concert-hosteldieu.com\\\/produit\\\/scarlatti-il-martirio-di-santorsola\\\/#breadcrumb\"},\"inLanguage\":\"en-GB\",\"potentialAction\":[{\"@type\":\"ReadAction\",\"target\":[\"https:\\\/\\\/www.concert-hosteldieu.com\\\/produit\\\/scarlatti-il-martirio-di-santorsola\\\/\"]}]},{\"@type\":\"ImageObject\",\"inLanguage\":\"en-GB\",\"@id\":\"https:\\\/\\\/www.concert-hosteldieu.com\\\/produit\\\/scarlatti-il-martirio-di-santorsola\\\/#primaryimage\",\"url\":\"https:\\\/\\\/www.concert-hosteldieu.com\\\/wp-content\\\/uploads\\\/2015\\\/04\\\/concerthosteldieu-2006-martyre-sainte-ursule.png\",\"contentUrl\":\"https:\\\/\\\/www.concert-hosteldieu.com\\\/wp-content\\\/uploads\\\/2015\\\/04\\\/concerthosteldieu-2006-martyre-sainte-ursule.png\",\"width\":394,\"height\":394,\"caption\":\"concert-hostel-dieu-disque-2006-martyre-sainte-ursule\"},{\"@type\":\"BreadcrumbList\",\"@id\":\"https:\\\/\\\/www.concert-hosteldieu.com\\\/produit\\\/scarlatti-il-martirio-di-santorsola\\\/#breadcrumb\",\"itemListElement\":[{\"@type\":\"ListItem\",\"position\":1,\"name\":\"Accueil\",\"item\":\"https:\\\/\\\/www.concert-hosteldieu.com\\\/\"},{\"@type\":\"ListItem\",\"position\":2,\"name\":\"La boutique de CD\",\"item\":\"https:\\\/\\\/www.concert-hosteldieu.com\\\/la-boutique\\\/shop\\\/\"},{\"@type\":\"ListItem\",\"position\":3,\"name\":\"Scarlatti, Il Martirio di Sant\u2019Orsola\"}]},{\"@type\":\"WebSite\",\"@id\":\"https:\\\/\\\/www.concert-hosteldieu.com\\\/#website\",\"url\":\"https:\\\/\\\/www.concert-hosteldieu.com\\\/\",\"name\":\"Le Concert de l&#039;Hostel Dieu\",\"description\":\"Franck-Emmanuel Comte\",\"publisher\":{\"@id\":\"https:\\\/\\\/www.concert-hosteldieu.com\\\/#organization\"},\"potentialAction\":[{\"@type\":\"SearchAction\",\"target\":{\"@type\":\"EntryPoint\",\"urlTemplate\":\"https:\\\/\\\/www.concert-hosteldieu.com\\\/?s={search_term_string}\"},\"query-input\":{\"@type\":\"PropertyValueSpecification\",\"valueRequired\":true,\"valueName\":\"search_term_string\"}}],\"inLanguage\":\"en-GB\"},{\"@type\":\"Organization\",\"@id\":\"https:\\\/\\\/www.concert-hosteldieu.com\\\/#organization\",\"name\":\"Le Concert de l'Hostel Dieu\",\"url\":\"https:\\\/\\\/www.concert-hosteldieu.com\\\/\",\"logo\":{\"@type\":\"ImageObject\",\"inLanguage\":\"en-GB\",\"@id\":\"https:\\\/\\\/www.concert-hosteldieu.com\\\/#\\\/schema\\\/logo\\\/image\\\/\",\"url\":\"https:\\\/\\\/www.concert-hosteldieu.com\\\/wp-content\\\/uploads\\\/2021\\\/06\\\/logo-chd-noir-transparent.png\",\"contentUrl\":\"https:\\\/\\\/www.concert-hosteldieu.com\\\/wp-content\\\/uploads\\\/2021\\\/06\\\/logo-chd-noir-transparent.png\",\"width\":262,\"height\":106,\"caption\":\"Le Concert de l'Hostel Dieu\"},\"image\":{\"@id\":\"https:\\\/\\\/www.concert-hosteldieu.com\\\/#\\\/schema\\\/logo\\\/image\\\/\"},\"sameAs\":[\"https:\\\/\\\/www.facebook.com\\\/leconcert.delhosteldieu\",\"https:\\\/\\\/x.com\\\/CHDLyon\",\"https:\\\/\\\/instagram.com\\\/concert_hostel_dieu\",\"https:\\\/\\\/www.linkedin.com\\\/company\\\/le-concert-de-l'hostel-dieu\\\/\",\"https:\\\/\\\/www.youtube.com\\\/user\\\/CHDLyon\"]}]}<\/script>\n<!-- \/ Yoast SEO plugin. -->","yoast_head_json":{"title":"Scarlatti, Il Martirio di Sant\u2019Orsola - CD - Le Concert de l'Hostel Dieu","description":"Achetez Scarlatti, il Martirio di Sant'Orsola, un CD du Concert de l'Hostel Dieu, ensemble de musique baroque \u00e0 Lyon et partout en France.","robots":{"index":"index","follow":"follow","max-snippet":"max-snippet:-1","max-image-preview":"max-image-preview:large","max-video-preview":"max-video-preview:-1"},"canonical":"https:\/\/www.concert-hosteldieu.com\/en\/product\/scarlatti-il-martirio-di-santorsola\/","og_locale":"en_GB","og_type":"article","og_title":"Scarlatti, Il Martirio di Sant\u2019Orsola - CD - Le Concert de l'Hostel Dieu","og_description":"Achetez Scarlatti, il Martirio di Sant'Orsola, un CD du Concert de l'Hostel Dieu, ensemble de musique baroque \u00e0 Lyon et partout en France.","og_url":"https:\/\/www.concert-hosteldieu.com\/en\/product\/scarlatti-il-martirio-di-santorsola\/","og_site_name":"Le Concert de l&#039;Hostel Dieu","article_publisher":"https:\/\/www.facebook.com\/leconcert.delhosteldieu","article_modified_time":"2026-03-23T09:05:16+00:00","og_image":[{"width":394,"height":394,"url":"https:\/\/www.concert-hosteldieu.com\/wp-content\/uploads\/2015\/04\/concerthosteldieu-2006-martyre-sainte-ursule.png","type":"image\/png"}],"twitter_misc":{"Estimated reading time":"2 minutes"},"schema":{"@context":"https:\/\/schema.org","@graph":[{"@type":"WebPage","@id":"https:\/\/www.concert-hosteldieu.com\/produit\/scarlatti-il-martirio-di-santorsola\/","url":"https:\/\/www.concert-hosteldieu.com\/produit\/scarlatti-il-martirio-di-santorsola\/","name":"Scarlatti, Il Martirio di Sant\u2019Orsola - CD - Le Concert de l'Hostel Dieu","isPartOf":{"@id":"https:\/\/www.concert-hosteldieu.com\/#website"},"primaryImageOfPage":{"@id":"https:\/\/www.concert-hosteldieu.com\/produit\/scarlatti-il-martirio-di-santorsola\/#primaryimage"},"image":{"@id":"https:\/\/www.concert-hosteldieu.com\/produit\/scarlatti-il-martirio-di-santorsola\/#primaryimage"},"thumbnailUrl":"https:\/\/www.concert-hosteldieu.com\/wp-content\/uploads\/2015\/04\/concerthosteldieu-2006-martyre-sainte-ursule.png","datePublished":"2006-09-14T14:03:20+00:00","dateModified":"2026-03-23T09:05:16+00:00","description":"Achetez Scarlatti, il Martirio di Sant'Orsola, un CD du Concert de l'Hostel Dieu, ensemble de musique baroque \u00e0 Lyon et partout en France.","breadcrumb":{"@id":"https:\/\/www.concert-hosteldieu.com\/produit\/scarlatti-il-martirio-di-santorsola\/#breadcrumb"},"inLanguage":"en-GB","potentialAction":[{"@type":"ReadAction","target":["https:\/\/www.concert-hosteldieu.com\/produit\/scarlatti-il-martirio-di-santorsola\/"]}]},{"@type":"ImageObject","inLanguage":"en-GB","@id":"https:\/\/www.concert-hosteldieu.com\/produit\/scarlatti-il-martirio-di-santorsola\/#primaryimage","url":"https:\/\/www.concert-hosteldieu.com\/wp-content\/uploads\/2015\/04\/concerthosteldieu-2006-martyre-sainte-ursule.png","contentUrl":"https:\/\/www.concert-hosteldieu.com\/wp-content\/uploads\/2015\/04\/concerthosteldieu-2006-martyre-sainte-ursule.png","width":394,"height":394,"caption":"concert-hostel-dieu-disque-2006-martyre-sainte-ursule"},{"@type":"BreadcrumbList","@id":"https:\/\/www.concert-hosteldieu.com\/produit\/scarlatti-il-martirio-di-santorsola\/#breadcrumb","itemListElement":[{"@type":"ListItem","position":1,"name":"Accueil","item":"https:\/\/www.concert-hosteldieu.com\/"},{"@type":"ListItem","position":2,"name":"La boutique de CD","item":"https:\/\/www.concert-hosteldieu.com\/la-boutique\/shop\/"},{"@type":"ListItem","position":3,"name":"Scarlatti, Il Martirio di Sant\u2019Orsola"}]},{"@type":"WebSite","@id":"https:\/\/www.concert-hosteldieu.com\/#website","url":"https:\/\/www.concert-hosteldieu.com\/","name":"Le Concert de l&#039;Hostel Dieu","description":"Franck-Emmanuel Comte","publisher":{"@id":"https:\/\/www.concert-hosteldieu.com\/#organization"},"potentialAction":[{"@type":"SearchAction","target":{"@type":"EntryPoint","urlTemplate":"https:\/\/www.concert-hosteldieu.com\/?s={search_term_string}"},"query-input":{"@type":"PropertyValueSpecification","valueRequired":true,"valueName":"search_term_string"}}],"inLanguage":"en-GB"},{"@type":"Organization","@id":"https:\/\/www.concert-hosteldieu.com\/#organization","name":"Le Concert de l'Hostel Dieu","url":"https:\/\/www.concert-hosteldieu.com\/","logo":{"@type":"ImageObject","inLanguage":"en-GB","@id":"https:\/\/www.concert-hosteldieu.com\/#\/schema\/logo\/image\/","url":"https:\/\/www.concert-hosteldieu.com\/wp-content\/uploads\/2021\/06\/logo-chd-noir-transparent.png","contentUrl":"https:\/\/www.concert-hosteldieu.com\/wp-content\/uploads\/2021\/06\/logo-chd-noir-transparent.png","width":262,"height":106,"caption":"Le Concert de l'Hostel Dieu"},"image":{"@id":"https:\/\/www.concert-hosteldieu.com\/#\/schema\/logo\/image\/"},"sameAs":["https:\/\/www.facebook.com\/leconcert.delhosteldieu","https:\/\/x.com\/CHDLyon","https:\/\/instagram.com\/concert_hostel_dieu","https:\/\/www.linkedin.com\/company\/le-concert-de-l'hostel-dieu\/","https:\/\/www.youtube.com\/user\/CHDLyon"]}]}},"_links":{"self":[{"href":"https:\/\/www.concert-hosteldieu.com\/en\/wp-json\/wp\/v2\/product\/868","targetHints":{"allow":["GET"]}}],"collection":[{"href":"https:\/\/www.concert-hosteldieu.com\/en\/wp-json\/wp\/v2\/product"}],"about":[{"href":"https:\/\/www.concert-hosteldieu.com\/en\/wp-json\/wp\/v2\/types\/product"}],"wp:featuredmedia":[{"embeddable":true,"href":"https:\/\/www.concert-hosteldieu.com\/en\/wp-json\/wp\/v2\/media\/1017"}],"wp:attachment":[{"href":"https:\/\/www.concert-hosteldieu.com\/en\/wp-json\/wp\/v2\/media?parent=868"}],"wp:term":[{"taxonomy":"product_brand","embeddable":true,"href":"https:\/\/www.concert-hosteldieu.com\/en\/wp-json\/wp\/v2\/product_brand?post=868"},{"taxonomy":"product_cat","embeddable":true,"href":"https:\/\/www.concert-hosteldieu.com\/en\/wp-json\/wp\/v2\/product_cat?post=868"},{"taxonomy":"product_tag","embeddable":true,"href":"https:\/\/www.concert-hosteldieu.com\/en\/wp-json\/wp\/v2\/product_tag?post=868"}],"curies":[{"name":"wp","href":"https:\/\/api.w.org\/{rel}","templated":true}]}}