{"id":858,"date":"2012-09-14T13:46:22","date_gmt":"2012-09-14T12:46:22","guid":{"rendered":"http:\/\/www.concert-hosteldieu.com\/?post_type=product&#038;p=858"},"modified":"2026-03-23T10:05:16","modified_gmt":"2026-03-23T09:05:16","slug":"pergolese-stabat-mater","status":"publish","type":"product","link":"https:\/\/www.concert-hosteldieu.com\/en\/product\/pergolese-stabat-mater\/","title":{"rendered":"Pergolesi, Stabat Mater"},"content":{"rendered":"<p><iframe loading=\"lazy\" src=\"https:\/\/w.soundcloud.com\/player\/?url=https%3A\/\/api.soundcloud.com\/tracks\/190419917&amp;color=bece44&amp;auto_play=false&amp;hide_related=false&amp;show_comments=true&amp;show_user=true&amp;show_reposts=false\" width=\"100%\" height=\"166\" frameborder=\"no\" scrolling=\"no\"><\/iframe><\/p>\r\n<h4 tabindex=\"0\">Program details<\/h4>\r\n<p>1. Stabat Mater d&rsquo;Ostuni<br \/>2. Stabat Mater, Giovanni Battista Pergolesi<br \/>3. Cujus Animam, Giovanni Battista Pergolesi<br \/>4. O quam tristis, Giovanni Battista Pergolesi<br \/>5. Donna Isabella, canzone<br \/>6. Miserere traditionnel<br \/>7. Quae moerebat, Giovanni Battista Pergolesi<br \/>8. Quis est homo, Giovanni Battista Pergolesi<br \/>9. A cantina, tarentelle<br \/>10. Vidit suum, Giovanni Battista Pergolesi<br \/>11. Eja mater, Giovanni Battista Pergolesi<br \/>12. Fac ut ardeat, Giovanni Battista Pergolesi<br \/>13. La Cicerenella, tarentelle<br \/>14. Sancta Mater, Giovanni Battista Pergolesi<br \/>15. Fac ut portem, Giovanni Battista Pergolesi<br \/>16. Inflammatus, Giovanni Battista Pergolesi<br \/>17. Tarentelle instrumentale<br \/>18. Stabat Mater traditionnel<br \/>19. La carpinese, tarentelle<br \/>20. Quando corpus, Giovanni Battista Pergolesi<br \/>21. Amen final, Giovanni Battista Pergolesi<\/p>\r\n<h4 tabindex=\"0\">Cast<\/h4>\r\n<p><a href=\"https:\/\/www.concert-hosteldieu.com\/en\/presentation\/lequipe-artistique\/heather-newhouse\/\" target=\"_blank\" rel=\"noopener noreferrer\">Heather Newhouse<\/a>, <em>soprano<\/em><br \/>Emmanuelle Fruchard, <em>mezzo soprano<\/em><br \/><a href=\"https:\/\/www.concert-hosteldieu.com\/en\/presentation\/lequipe-artistique\/hugo-peraldo\/\" target=\"_blank\" rel=\"noopener noreferrer\">Hugo Peraldo<\/a>, <em>tenor<\/em><br \/>Antoine Saint-Esp\u00e8s, <em>baritone<\/em><br \/>\u00c9ric Chopin, <em>bass baritone<\/em><\/p>\r\n<p>Ensemble instrumental du Concert de l&rsquo;Hostel Dieu<br \/><a href=\"https:\/\/www.concert-hosteldieu.com\/en\/presentation\/lequipe-artistique\/franck-emmanuel-comte\/\" target=\"_blank\" rel=\"noopener noreferrer\">Franck-Emmanuel Comte<\/a>, <em>direction<\/em><\/p>\r\n<h4 tabindex=\"0\">Artistic team<\/h4>\r\n<p><strong>Live : <\/strong>14 ao\u00fbt 2012 \u00e0 l&rsquo;Abbaye Saint-Philibert \u00e0 Tournus (71)<br \/><strong> Label: <\/strong>CHD<\/p>","protected":false},"excerpt":{"rendered":"<p style=\"text-align: justify;\" class=\"translation-block\">Program: Pergolesi's Stabat Mater and traditional Neapolitan polyphony<\/p>\n<p style=\"text-align: justify;\">Today's visitors will be amazed at the extent to which musical and religious traditions continue during Holy Week in Naples and the surrounding area. Processions and festivities of all kinds accompany the religious services in a popular atmosphere where the sacred and profane merge happily. Sacred and popular music mix, as well as secular music such as tarantella sung for hours on end on church squares, while services take place just a few metres away. To immerse us in the special atmosphere of this religious festival, Le Concert de l'Hostel Dieu has chosen to combine Pergolesi's Stabat Mater with Neapolitan polyphony and tarantella, heard and recorded during Holy Week in Naples and the Apulia region. The ensemble is based on a manuscript source preserved in the ancient collection of the Biblioth\u00e8que Municipale de Lyon.<\/p>","protected":false},"featured_media":996,"template":"","meta":{"site-sidebar-layout":"default","site-content-layout":"default","ast-site-content-layout":"default","site-content-style":"default","site-sidebar-style":"default","ast-global-header-display":"","ast-banner-title-visibility":"","ast-main-header-display":"","ast-hfb-above-header-display":"","ast-hfb-below-header-display":"","ast-hfb-mobile-header-display":"","site-post-title":"","ast-breadcrumbs-content":"","ast-featured-img":"","footer-sml-layout":"","ast-disable-related-posts":"","theme-transparent-header-meta":"disabled","adv-header-id-meta":"","stick-header-meta":"default","header-above-stick-meta":"","header-main-stick-meta":"","header-below-stick-meta":"","astra-migrate-meta-layouts":"set","ast-page-background-enabled":"default","ast-page-background-meta":{"desktop":{"background-color":"","background-image":"","background-repeat":"repeat","background-position":"center center","background-size":"auto","background-attachment":"scroll","background-type":"","background-media":"","overlay-type":"","overlay-color":"","overlay-opacity":"","overlay-gradient":""},"tablet":{"background-color":"","background-image":"","background-repeat":"repeat","background-position":"center center","background-size":"auto","background-attachment":"scroll","background-type":"","background-media":"","overlay-type":"","overlay-color":"","overlay-opacity":"","overlay-gradient":""},"mobile":{"background-color":"","background-image":"","background-repeat":"repeat","background-position":"center center","background-size":"auto","background-attachment":"scroll","background-type":"","background-media":"","overlay-type":"","overlay-color":"","overlay-opacity":"","overlay-gradient":""}},"ast-content-background-meta":{"desktop":{"background-color":"var(--ast-global-color-5)","background-image":"","background-repeat":"repeat","background-position":"center center","background-size":"auto","background-attachment":"scroll","background-type":"","background-media":"","overlay-type":"","overlay-color":"","overlay-opacity":"","overlay-gradient":""},"tablet":{"background-color":"var(--ast-global-color-5)","background-image":"","background-repeat":"repeat","background-position":"center center","background-size":"auto","background-attachment":"scroll","background-type":"","background-media":"","overlay-type":"","overlay-color":"","overlay-opacity":"","overlay-gradient":""},"mobile":{"background-color":"var(--ast-global-color-5)","background-image":"","background-repeat":"repeat","background-position":"center center","background-size":"auto","background-attachment":"scroll","background-type":"","background-media":"","overlay-type":"","overlay-color":"","overlay-opacity":"","overlay-gradient":""}}},"product_brand":[],"product_cat":[26],"product_tag":[27,48],"class_list":{"0":"post-858","1":"product","2":"type-product","3":"status-publish","4":"has-post-thumbnail","6":"product_cat-cd","7":"product_tag-cd","8":"product_tag-pergolese","9":"desktop-align-center","10":"tablet-align-center","11":"mobile-align-center","12":"ast-product-gallery-layout-vertical","13":"ast-product-gallery-with-no-image","14":"ast-magnify-disabled","15":"ast-product-tabs-layout-horizontal","17":"first","18":"instock","19":"taxable","20":"shipping-taxable","21":"purchasable","22":"product-type-simple"},"yoast_head":"<!-- This site is optimized with the Yoast SEO plugin v27.5 - https:\/\/yoast.com\/product\/yoast-seo-wordpress\/ -->\n<title>Pergol\u00e8se, Stabat Mater CD - Le Concert de l&#039;Hostel Dieu<\/title>\n<meta name=\"description\" content=\"Achetez Pergol\u00e8se, Stabat Mater, un CD du Concert de l&#039;Hostel Dieu, ensemble de musique baroque \u00e0 Lyon et partout en France.\" \/>\n<meta name=\"robots\" content=\"index, follow, max-snippet:-1, max-image-preview:large, max-video-preview:-1\" \/>\n<link rel=\"canonical\" href=\"https:\/\/www.concert-hosteldieu.com\/en\/product\/pergolese-stabat-mater\/\" \/>\n<meta property=\"og:locale\" content=\"en_GB\" \/>\n<meta property=\"og:type\" content=\"article\" \/>\n<meta property=\"og:title\" content=\"Pergol\u00e8se, Stabat Mater CD - Le Concert de l&#039;Hostel Dieu\" \/>\n<meta property=\"og:description\" content=\"Achetez Pergol\u00e8se, Stabat Mater, un CD du Concert de l&#039;Hostel Dieu, ensemble de musique baroque \u00e0 Lyon et partout en France.\" \/>\n<meta property=\"og:url\" content=\"https:\/\/www.concert-hosteldieu.com\/en\/product\/pergolese-stabat-mater\/\" \/>\n<meta property=\"og:site_name\" content=\"Le Concert de l&#039;Hostel Dieu\" \/>\n<meta property=\"article:publisher\" content=\"https:\/\/www.facebook.com\/leconcert.delhosteldieu\" \/>\n<meta property=\"article:modified_time\" content=\"2026-03-23T09:05:16+00:00\" \/>\n<meta property=\"og:image\" content=\"https:\/\/www.concert-hosteldieu.com\/wp-content\/uploads\/2015\/04\/concerthosteldieu-2012-stabat-mater.jpg\" \/>\n\t<meta property=\"og:image:width\" content=\"443\" \/>\n\t<meta property=\"og:image:height\" content=\"443\" \/>\n\t<meta property=\"og:image:type\" content=\"image\/jpeg\" \/>\n<meta name=\"twitter:label1\" content=\"Estimated reading time\" \/>\n\t<meta name=\"twitter:data1\" content=\"1 minute\" \/>\n<script type=\"application\/ld+json\" class=\"yoast-schema-graph\">{\"@context\":\"https:\\\/\\\/schema.org\",\"@graph\":[{\"@type\":\"WebPage\",\"@id\":\"https:\\\/\\\/www.concert-hosteldieu.com\\\/produit\\\/pergolese-stabat-mater\\\/\",\"url\":\"https:\\\/\\\/www.concert-hosteldieu.com\\\/produit\\\/pergolese-stabat-mater\\\/\",\"name\":\"Pergol\u00e8se, Stabat Mater CD - Le Concert de l'Hostel Dieu\",\"isPartOf\":{\"@id\":\"https:\\\/\\\/www.concert-hosteldieu.com\\\/#website\"},\"primaryImageOfPage\":{\"@id\":\"https:\\\/\\\/www.concert-hosteldieu.com\\\/produit\\\/pergolese-stabat-mater\\\/#primaryimage\"},\"image\":{\"@id\":\"https:\\\/\\\/www.concert-hosteldieu.com\\\/produit\\\/pergolese-stabat-mater\\\/#primaryimage\"},\"thumbnailUrl\":\"https:\\\/\\\/www.concert-hosteldieu.com\\\/wp-content\\\/uploads\\\/2015\\\/04\\\/concerthosteldieu-2012-stabat-mater.jpg\",\"datePublished\":\"2012-09-14T12:46:22+00:00\",\"dateModified\":\"2026-03-23T09:05:16+00:00\",\"description\":\"Achetez Pergol\u00e8se, Stabat Mater, un CD du Concert de l'Hostel Dieu, ensemble de musique baroque \u00e0 Lyon et partout en France.\",\"breadcrumb\":{\"@id\":\"https:\\\/\\\/www.concert-hosteldieu.com\\\/produit\\\/pergolese-stabat-mater\\\/#breadcrumb\"},\"inLanguage\":\"en-GB\",\"potentialAction\":[{\"@type\":\"ReadAction\",\"target\":[\"https:\\\/\\\/www.concert-hosteldieu.com\\\/produit\\\/pergolese-stabat-mater\\\/\"]}]},{\"@type\":\"ImageObject\",\"inLanguage\":\"en-GB\",\"@id\":\"https:\\\/\\\/www.concert-hosteldieu.com\\\/produit\\\/pergolese-stabat-mater\\\/#primaryimage\",\"url\":\"https:\\\/\\\/www.concert-hosteldieu.com\\\/wp-content\\\/uploads\\\/2015\\\/04\\\/concerthosteldieu-2012-stabat-mater.jpg\",\"contentUrl\":\"https:\\\/\\\/www.concert-hosteldieu.com\\\/wp-content\\\/uploads\\\/2015\\\/04\\\/concerthosteldieu-2012-stabat-mater.jpg\",\"width\":443,\"height\":443,\"caption\":\"concert-hostel-dieu-disque-2012-stabat-mater\"},{\"@type\":\"BreadcrumbList\",\"@id\":\"https:\\\/\\\/www.concert-hosteldieu.com\\\/produit\\\/pergolese-stabat-mater\\\/#breadcrumb\",\"itemListElement\":[{\"@type\":\"ListItem\",\"position\":1,\"name\":\"Accueil\",\"item\":\"https:\\\/\\\/www.concert-hosteldieu.com\\\/\"},{\"@type\":\"ListItem\",\"position\":2,\"name\":\"La boutique de CD\",\"item\":\"https:\\\/\\\/www.concert-hosteldieu.com\\\/la-boutique\\\/shop\\\/\"},{\"@type\":\"ListItem\",\"position\":3,\"name\":\"Pergol\u00e8se, Stabat Mater\"}]},{\"@type\":\"WebSite\",\"@id\":\"https:\\\/\\\/www.concert-hosteldieu.com\\\/#website\",\"url\":\"https:\\\/\\\/www.concert-hosteldieu.com\\\/\",\"name\":\"Le Concert de l&#039;Hostel Dieu\",\"description\":\"Franck-Emmanuel Comte\",\"publisher\":{\"@id\":\"https:\\\/\\\/www.concert-hosteldieu.com\\\/#organization\"},\"potentialAction\":[{\"@type\":\"SearchAction\",\"target\":{\"@type\":\"EntryPoint\",\"urlTemplate\":\"https:\\\/\\\/www.concert-hosteldieu.com\\\/?s={search_term_string}\"},\"query-input\":{\"@type\":\"PropertyValueSpecification\",\"valueRequired\":true,\"valueName\":\"search_term_string\"}}],\"inLanguage\":\"en-GB\"},{\"@type\":\"Organization\",\"@id\":\"https:\\\/\\\/www.concert-hosteldieu.com\\\/#organization\",\"name\":\"Le Concert de l'Hostel Dieu\",\"url\":\"https:\\\/\\\/www.concert-hosteldieu.com\\\/\",\"logo\":{\"@type\":\"ImageObject\",\"inLanguage\":\"en-GB\",\"@id\":\"https:\\\/\\\/www.concert-hosteldieu.com\\\/#\\\/schema\\\/logo\\\/image\\\/\",\"url\":\"https:\\\/\\\/www.concert-hosteldieu.com\\\/wp-content\\\/uploads\\\/2021\\\/06\\\/logo-chd-noir-transparent.png\",\"contentUrl\":\"https:\\\/\\\/www.concert-hosteldieu.com\\\/wp-content\\\/uploads\\\/2021\\\/06\\\/logo-chd-noir-transparent.png\",\"width\":262,\"height\":106,\"caption\":\"Le Concert de l'Hostel Dieu\"},\"image\":{\"@id\":\"https:\\\/\\\/www.concert-hosteldieu.com\\\/#\\\/schema\\\/logo\\\/image\\\/\"},\"sameAs\":[\"https:\\\/\\\/www.facebook.com\\\/leconcert.delhosteldieu\",\"https:\\\/\\\/x.com\\\/CHDLyon\",\"https:\\\/\\\/instagram.com\\\/concert_hostel_dieu\",\"https:\\\/\\\/www.linkedin.com\\\/company\\\/le-concert-de-l'hostel-dieu\\\/\",\"https:\\\/\\\/www.youtube.com\\\/user\\\/CHDLyon\"]}]}<\/script>\n<!-- \/ Yoast SEO plugin. -->","yoast_head_json":{"title":"Pergol\u00e8se, Stabat Mater CD - Le Concert de l'Hostel Dieu","description":"Achetez Pergol\u00e8se, Stabat Mater, un CD du Concert de l'Hostel Dieu, ensemble de musique baroque \u00e0 Lyon et partout en France.","robots":{"index":"index","follow":"follow","max-snippet":"max-snippet:-1","max-image-preview":"max-image-preview:large","max-video-preview":"max-video-preview:-1"},"canonical":"https:\/\/www.concert-hosteldieu.com\/en\/product\/pergolese-stabat-mater\/","og_locale":"en_GB","og_type":"article","og_title":"Pergol\u00e8se, Stabat Mater CD - Le Concert de l'Hostel Dieu","og_description":"Achetez Pergol\u00e8se, Stabat Mater, un CD du Concert de l'Hostel Dieu, ensemble de musique baroque \u00e0 Lyon et partout en France.","og_url":"https:\/\/www.concert-hosteldieu.com\/en\/product\/pergolese-stabat-mater\/","og_site_name":"Le Concert de l&#039;Hostel Dieu","article_publisher":"https:\/\/www.facebook.com\/leconcert.delhosteldieu","article_modified_time":"2026-03-23T09:05:16+00:00","og_image":[{"width":443,"height":443,"url":"https:\/\/www.concert-hosteldieu.com\/wp-content\/uploads\/2015\/04\/concerthosteldieu-2012-stabat-mater.jpg","type":"image\/jpeg"}],"twitter_misc":{"Estimated reading time":"1 minute"},"schema":{"@context":"https:\/\/schema.org","@graph":[{"@type":"WebPage","@id":"https:\/\/www.concert-hosteldieu.com\/produit\/pergolese-stabat-mater\/","url":"https:\/\/www.concert-hosteldieu.com\/produit\/pergolese-stabat-mater\/","name":"Pergol\u00e8se, Stabat Mater CD - Le Concert de l'Hostel Dieu","isPartOf":{"@id":"https:\/\/www.concert-hosteldieu.com\/#website"},"primaryImageOfPage":{"@id":"https:\/\/www.concert-hosteldieu.com\/produit\/pergolese-stabat-mater\/#primaryimage"},"image":{"@id":"https:\/\/www.concert-hosteldieu.com\/produit\/pergolese-stabat-mater\/#primaryimage"},"thumbnailUrl":"https:\/\/www.concert-hosteldieu.com\/wp-content\/uploads\/2015\/04\/concerthosteldieu-2012-stabat-mater.jpg","datePublished":"2012-09-14T12:46:22+00:00","dateModified":"2026-03-23T09:05:16+00:00","description":"Achetez Pergol\u00e8se, Stabat Mater, un CD du Concert de l'Hostel Dieu, ensemble de musique baroque \u00e0 Lyon et partout en France.","breadcrumb":{"@id":"https:\/\/www.concert-hosteldieu.com\/produit\/pergolese-stabat-mater\/#breadcrumb"},"inLanguage":"en-GB","potentialAction":[{"@type":"ReadAction","target":["https:\/\/www.concert-hosteldieu.com\/produit\/pergolese-stabat-mater\/"]}]},{"@type":"ImageObject","inLanguage":"en-GB","@id":"https:\/\/www.concert-hosteldieu.com\/produit\/pergolese-stabat-mater\/#primaryimage","url":"https:\/\/www.concert-hosteldieu.com\/wp-content\/uploads\/2015\/04\/concerthosteldieu-2012-stabat-mater.jpg","contentUrl":"https:\/\/www.concert-hosteldieu.com\/wp-content\/uploads\/2015\/04\/concerthosteldieu-2012-stabat-mater.jpg","width":443,"height":443,"caption":"concert-hostel-dieu-disque-2012-stabat-mater"},{"@type":"BreadcrumbList","@id":"https:\/\/www.concert-hosteldieu.com\/produit\/pergolese-stabat-mater\/#breadcrumb","itemListElement":[{"@type":"ListItem","position":1,"name":"Accueil","item":"https:\/\/www.concert-hosteldieu.com\/"},{"@type":"ListItem","position":2,"name":"La boutique de CD","item":"https:\/\/www.concert-hosteldieu.com\/la-boutique\/shop\/"},{"@type":"ListItem","position":3,"name":"Pergol\u00e8se, Stabat Mater"}]},{"@type":"WebSite","@id":"https:\/\/www.concert-hosteldieu.com\/#website","url":"https:\/\/www.concert-hosteldieu.com\/","name":"Le Concert de l&#039;Hostel Dieu","description":"Franck-Emmanuel Comte","publisher":{"@id":"https:\/\/www.concert-hosteldieu.com\/#organization"},"potentialAction":[{"@type":"SearchAction","target":{"@type":"EntryPoint","urlTemplate":"https:\/\/www.concert-hosteldieu.com\/?s={search_term_string}"},"query-input":{"@type":"PropertyValueSpecification","valueRequired":true,"valueName":"search_term_string"}}],"inLanguage":"en-GB"},{"@type":"Organization","@id":"https:\/\/www.concert-hosteldieu.com\/#organization","name":"Le Concert de l'Hostel Dieu","url":"https:\/\/www.concert-hosteldieu.com\/","logo":{"@type":"ImageObject","inLanguage":"en-GB","@id":"https:\/\/www.concert-hosteldieu.com\/#\/schema\/logo\/image\/","url":"https:\/\/www.concert-hosteldieu.com\/wp-content\/uploads\/2021\/06\/logo-chd-noir-transparent.png","contentUrl":"https:\/\/www.concert-hosteldieu.com\/wp-content\/uploads\/2021\/06\/logo-chd-noir-transparent.png","width":262,"height":106,"caption":"Le Concert de l'Hostel Dieu"},"image":{"@id":"https:\/\/www.concert-hosteldieu.com\/#\/schema\/logo\/image\/"},"sameAs":["https:\/\/www.facebook.com\/leconcert.delhosteldieu","https:\/\/x.com\/CHDLyon","https:\/\/instagram.com\/concert_hostel_dieu","https:\/\/www.linkedin.com\/company\/le-concert-de-l'hostel-dieu\/","https:\/\/www.youtube.com\/user\/CHDLyon"]}]}},"_links":{"self":[{"href":"https:\/\/www.concert-hosteldieu.com\/en\/wp-json\/wp\/v2\/product\/858","targetHints":{"allow":["GET"]}}],"collection":[{"href":"https:\/\/www.concert-hosteldieu.com\/en\/wp-json\/wp\/v2\/product"}],"about":[{"href":"https:\/\/www.concert-hosteldieu.com\/en\/wp-json\/wp\/v2\/types\/product"}],"wp:featuredmedia":[{"embeddable":true,"href":"https:\/\/www.concert-hosteldieu.com\/en\/wp-json\/wp\/v2\/media\/996"}],"wp:attachment":[{"href":"https:\/\/www.concert-hosteldieu.com\/en\/wp-json\/wp\/v2\/media?parent=858"}],"wp:term":[{"taxonomy":"product_brand","embeddable":true,"href":"https:\/\/www.concert-hosteldieu.com\/en\/wp-json\/wp\/v2\/product_brand?post=858"},{"taxonomy":"product_cat","embeddable":true,"href":"https:\/\/www.concert-hosteldieu.com\/en\/wp-json\/wp\/v2\/product_cat?post=858"},{"taxonomy":"product_tag","embeddable":true,"href":"https:\/\/www.concert-hosteldieu.com\/en\/wp-json\/wp\/v2\/product_tag?post=858"}],"curies":[{"name":"wp","href":"https:\/\/api.w.org\/{rel}","templated":true}]}}