{"id":6345,"date":"2018-10-13T13:09:02","date_gmt":"2018-10-13T12:09:02","guid":{"rendered":"http:\/\/www.concert-hosteldieu.com\/?post_type=product&#038;p=6345"},"modified":"2025-12-19T09:23:34","modified_gmt":"2025-12-19T08:23:34","slug":"folia","status":"publish","type":"product","link":"https:\/\/www.concert-hosteldieu.com\/en\/product\/folia\/","title":{"rendered":"Folia - the music from Merzouki's hip-hop show"},"content":{"rendered":"<p><iframe loading=\"lazy\" src=\"https:\/\/open.spotify.com\/embed\/album\/6Y1lN67QKoaBy3LqLC28ey?utm_source=generator&amp;theme=0\" width=\"100%\" height=\"260\" frameborder=\"0\" allowfullscreen=\"allowfullscreen\"><\/iframe><\/p>\r\n<h4>Program details<\/h4>\r\n<p>1. Santiago de Murcia : Tarantelas, from Codex Salivar, Mexico<br \/>2. Henry Le Bailly : Yo soy la locura<br \/>3. Anonymous: Instrumental Neapolitan Tarantella<br \/>4. Anonymous: La Carpinese, tarantella<br \/>5. Antonio Vivaldi: \"Adagio\", 1st movement from Concerto RV 578<br \/>6. Antonio Vivaldi: \"Cum dederit\", aria from Nisi Dominus RV 608<br \/>7. Anonymous: La Cicerenella, Neapolitan tarantella<br \/>8. Antonio Vivaldi: Sonata in D minor, 20 variations on \"La Follia\" RV 63<br \/>9. Antonio Vivaldi: \"Sento in seno\", from Tieteberga RV 737<br \/>10. Antonio Vivaldi : \"Si fulgida\", from Juditha Triumphans RV 644<br \/>11. Anonymous: Cachua serranita, from the Codex Martinez Compa\u00f1on, Trujillo, Peru<\/p>\r\n<h4>Cast<\/h4>\r\n<p>Mourad Merzouki, <em>artistic direction and choreography <\/em><strong><br \/><\/strong>Franck-Emmanuel Comte, <em>musical conception<\/em><\/p>\r\n<p><a href=\"https:\/\/www.concert-hosteldieu.com\/en\/presentation\/lequipe-artistique\/heather-newhouse\/\" target=\"_blank\" rel=\"noopener noreferrer\">Heather Newhouse<\/a>, <em>soprano<\/em><br \/><a href=\"https:\/\/www.concert-hosteldieu.com\/en\/presentation\/lequipe-artistique\/reynier-guerrero\/\" target=\"_blank\" rel=\"noopener noreferrer\">Reynier Guerrero<\/a>, <em>violin<\/em><br \/><a href=\"https:\/\/www.concert-hosteldieu.com\/en\/presentation\/lequipe-artistique\/florian-verhaegen\/\" target=\"_blank\" rel=\"noopener noreferrer\">Florian Verhaegen<\/a>, <em>viola<\/em><br \/><a href=\"https:\/\/www.concert-hosteldieu.com\/en\/presentation\/lequipe-artistique\/nicolas-muzy\/\" target=\"_blank\" rel=\"noopener noreferrer\">Nicolas Muzy<\/a>, <em>theorbo<\/em><br \/><a href=\"https:\/\/www.concert-hosteldieu.com\/en\/presentation\/lequipe-artistique\/aude-walker-viry\/\" target=\"_blank\" rel=\"noopener noreferrer\">Aude Walker-Viry<\/a>, <em>cello<\/em><br \/><a href=\"https:\/\/www.concert-hosteldieu.com\/en\/presentation\/lequipe-artistique\/nicolas-janot\/\" target=\"_blank\" rel=\"noopener noreferrer\">Nicolas Janot<\/a>,<em> doublebass<\/em><br \/>David Bruley, <em>percussion<\/em><br \/>Gr\u00e9goire Durrande, <em>electronic music<\/em><br \/><a href=\"https:\/\/www.concert-hosteldieu.com\/en\/presentation\/lequipe-artistique\/franck-emmanuel-comte\/\" target=\"_blank\" rel=\"noopener noreferrer\">Franck-Emmanuel Comte<\/a>, <em>harpsichord and musical direction<\/em><\/p>\r\n<h4>Artistic team<\/h4>\r\n<p><strong>Photo :<\/strong> Julie Cherki<br \/><strong>Sound recording, mixing and mastering:<\/strong>\u00a0Pascal Cacouault, studio de la Salamandre<br \/><strong>Production:<\/strong> <a href=\"https:\/\/festival1001notes.com\/collection\" target=\"_blank\" rel=\"noopener noreferrer\">1001 Notes<\/a><\/p>\r\n<h4>Partners<\/h4>\r\n<p><em><strong>The ballet Folia<\/strong> is produced by P\u00f4le en Sc\u00e8nes and co-produced by Les Nuits de Fourvi\u00e8re, the Centre chor\u00e9graphique national de Cr\u00e9teil et du Val-de-Marne \/ Cie K\u00e4fig. With the support of Caisse des D\u00e9p\u00f4ts and Spedidam. With the support of Groupama.<\/em><\/p>\r\n<p><strong><em>The Folia CD<\/em><\/strong><em> a pu voir le jour gr\u00e2ce au soutien de l&rsquo;Adami et de Mille et un Repas.<\/em><\/p>","protected":false},"excerpt":{"rendered":"<p><em>Folia<\/em> a piece for 16 dancers and 8 musicians<\/p>\n<p style=\"text-align: left;\">Tarentelles napolitaines et folias virtuoses, piment\u00e9es par les musiques \u00e9lectroniques de Gr\u00e9goire Durrande, composent l\u2019univers sonore imagin\u00e9 par Mourad Merzouki et Franck-Emmanuel Comte pour cette rencontre surprenante entre la musique baroque, les musiques \u00e9lectroniques et la danse hip-hop. Le dialogue entre les mondes, ligne esth\u00e9tique fertile qui anime depuis toujours les cr\u00e9ations du chor\u00e9graphe, se retrouve dans <em>Folia<\/em>.<span style=\"color: #ff0000;\"><br \/><\/span><\/p>","protected":false},"featured_media":6901,"template":"","meta":{"site-sidebar-layout":"default","site-content-layout":"default","ast-site-content-layout":"default","site-content-style":"default","site-sidebar-style":"default","ast-global-header-display":"","ast-banner-title-visibility":"","ast-main-header-display":"","ast-hfb-above-header-display":"","ast-hfb-below-header-display":"","ast-hfb-mobile-header-display":"","site-post-title":"","ast-breadcrumbs-content":"","ast-featured-img":"","footer-sml-layout":"","ast-disable-related-posts":"","theme-transparent-header-meta":"disabled","adv-header-id-meta":"","stick-header-meta":"default","header-above-stick-meta":"","header-main-stick-meta":"","header-below-stick-meta":"","astra-migrate-meta-layouts":"set","ast-page-background-enabled":"default","ast-page-background-meta":{"desktop":{"background-color":"","background-image":"","background-repeat":"repeat","background-position":"center center","background-size":"auto","background-attachment":"scroll","background-type":"","background-media":"","overlay-type":"","overlay-color":"","overlay-opacity":"","overlay-gradient":""},"tablet":{"background-color":"","background-image":"","background-repeat":"repeat","background-position":"center center","background-size":"auto","background-attachment":"scroll","background-type":"","background-media":"","overlay-type":"","overlay-color":"","overlay-opacity":"","overlay-gradient":""},"mobile":{"background-color":"","background-image":"","background-repeat":"repeat","background-position":"center center","background-size":"auto","background-attachment":"scroll","background-type":"","background-media":"","overlay-type":"","overlay-color":"","overlay-opacity":"","overlay-gradient":""}},"ast-content-background-meta":{"desktop":{"background-color":"var(--ast-global-color-5)","background-image":"","background-repeat":"repeat","background-position":"center center","background-size":"auto","background-attachment":"scroll","background-type":"","background-media":"","overlay-type":"","overlay-color":"","overlay-opacity":"","overlay-gradient":""},"tablet":{"background-color":"var(--ast-global-color-5)","background-image":"","background-repeat":"repeat","background-position":"center center","background-size":"auto","background-attachment":"scroll","background-type":"","background-media":"","overlay-type":"","overlay-color":"","overlay-opacity":"","overlay-gradient":""},"mobile":{"background-color":"var(--ast-global-color-5)","background-image":"","background-repeat":"repeat","background-position":"center center","background-size":"auto","background-attachment":"scroll","background-type":"","background-media":"","overlay-type":"","overlay-color":"","overlay-opacity":"","overlay-gradient":""}}},"product_brand":[],"product_cat":[26,70],"product_tag":[],"class_list":{"0":"post-6345","1":"product","2":"type-product","3":"status-publish","4":"has-post-thumbnail","6":"product_cat-cd","7":"product_cat-en-avant","8":"desktop-align-center","9":"tablet-align-center","10":"mobile-align-center","11":"ast-product-gallery-layout-vertical","12":"ast-product-gallery-with-no-image","13":"ast-magnify-disabled","14":"ast-product-tabs-layout-horizontal","16":"first","17":"instock","18":"featured","19":"taxable","20":"shipping-taxable","21":"purchasable","22":"product-type-simple"},"yoast_head":"<!-- This site is optimized with the Yoast SEO plugin v27.4 - https:\/\/yoast.com\/product\/yoast-seo-wordpress\/ -->\n<title>La musique de Folia, le spectacle hip-hop de M. Merzouki - Le Concert de l&#039;Hostel Dieu<\/title>\n<meta name=\"description\" content=\"Folia : achetez la bande-son de la chor\u00e9graphie hip-hop de Mourad Merzouki par Le Concert de l&#039;Hostel Dieu, ensemble de musique baroque dirig\u00e9 par F.-E. Comte\" \/>\n<meta name=\"robots\" content=\"index, follow, max-snippet:-1, max-image-preview:large, max-video-preview:-1\" \/>\n<link rel=\"canonical\" href=\"https:\/\/www.concert-hosteldieu.com\/en\/product\/folia\/\" \/>\n<meta property=\"og:locale\" content=\"en_GB\" \/>\n<meta property=\"og:type\" content=\"article\" \/>\n<meta property=\"og:title\" content=\"La musique de Folia, le spectacle hip-hop de M. Merzouki - Le Concert de l&#039;Hostel Dieu\" \/>\n<meta property=\"og:description\" content=\"Folia : achetez la bande-son de la chor\u00e9graphie hip-hop de Mourad Merzouki par Le Concert de l&#039;Hostel Dieu, ensemble de musique baroque dirig\u00e9 par F.-E. Comte\" \/>\n<meta property=\"og:url\" content=\"https:\/\/www.concert-hosteldieu.com\/en\/product\/folia\/\" \/>\n<meta property=\"og:site_name\" content=\"Le Concert de l&#039;Hostel Dieu\" \/>\n<meta property=\"article:publisher\" content=\"https:\/\/www.facebook.com\/leconcert.delhosteldieu\" \/>\n<meta property=\"article:modified_time\" content=\"2025-12-19T08:23:34+00:00\" \/>\n<meta property=\"og:image\" content=\"https:\/\/www.concert-hosteldieu.com\/wp-content\/uploads\/2018\/10\/concerthosteldieu-2018-folia-merzouki.jpeg\" \/>\n\t<meta property=\"og:image:width\" content=\"1467\" \/>\n\t<meta property=\"og:image:height\" content=\"1467\" \/>\n\t<meta property=\"og:image:type\" content=\"image\/jpeg\" \/>\n<meta name=\"twitter:label1\" content=\"Estimated reading time\" \/>\n\t<meta name=\"twitter:data1\" content=\"2 minutes\" \/>\n<script type=\"application\/ld+json\" class=\"yoast-schema-graph\">{\"@context\":\"https:\\\/\\\/schema.org\",\"@graph\":[{\"@type\":\"WebPage\",\"@id\":\"https:\\\/\\\/www.concert-hosteldieu.com\\\/produit\\\/folia\\\/\",\"url\":\"https:\\\/\\\/www.concert-hosteldieu.com\\\/produit\\\/folia\\\/\",\"name\":\"La musique de Folia, le spectacle hip-hop de M. Merzouki - Le Concert de l'Hostel Dieu\",\"isPartOf\":{\"@id\":\"https:\\\/\\\/www.concert-hosteldieu.com\\\/#website\"},\"primaryImageOfPage\":{\"@id\":\"https:\\\/\\\/www.concert-hosteldieu.com\\\/produit\\\/folia\\\/#primaryimage\"},\"image\":{\"@id\":\"https:\\\/\\\/www.concert-hosteldieu.com\\\/produit\\\/folia\\\/#primaryimage\"},\"thumbnailUrl\":\"https:\\\/\\\/www.concert-hosteldieu.com\\\/wp-content\\\/uploads\\\/2018\\\/10\\\/concerthosteldieu-2018-folia-merzouki.jpeg\",\"datePublished\":\"2018-10-13T12:09:02+00:00\",\"dateModified\":\"2025-12-19T08:23:34+00:00\",\"description\":\"Folia : achetez la bande-son de la chor\u00e9graphie hip-hop de Mourad Merzouki par Le Concert de l'Hostel Dieu, ensemble de musique baroque dirig\u00e9 par F.-E. Comte\",\"breadcrumb\":{\"@id\":\"https:\\\/\\\/www.concert-hosteldieu.com\\\/produit\\\/folia\\\/#breadcrumb\"},\"inLanguage\":\"en-GB\",\"potentialAction\":[{\"@type\":\"ReadAction\",\"target\":[\"https:\\\/\\\/www.concert-hosteldieu.com\\\/produit\\\/folia\\\/\"]}]},{\"@type\":\"ImageObject\",\"inLanguage\":\"en-GB\",\"@id\":\"https:\\\/\\\/www.concert-hosteldieu.com\\\/produit\\\/folia\\\/#primaryimage\",\"url\":\"https:\\\/\\\/www.concert-hosteldieu.com\\\/wp-content\\\/uploads\\\/2018\\\/10\\\/concerthosteldieu-2018-folia-merzouki.jpeg\",\"contentUrl\":\"https:\\\/\\\/www.concert-hosteldieu.com\\\/wp-content\\\/uploads\\\/2018\\\/10\\\/concerthosteldieu-2018-folia-merzouki.jpeg\",\"width\":1467,\"height\":1467,\"caption\":\"concerthosteldieu-2018-folia-merzouki\"},{\"@type\":\"BreadcrumbList\",\"@id\":\"https:\\\/\\\/www.concert-hosteldieu.com\\\/produit\\\/folia\\\/#breadcrumb\",\"itemListElement\":[{\"@type\":\"ListItem\",\"position\":1,\"name\":\"Accueil\",\"item\":\"https:\\\/\\\/www.concert-hosteldieu.com\\\/\"},{\"@type\":\"ListItem\",\"position\":2,\"name\":\"La boutique de CD\",\"item\":\"https:\\\/\\\/www.concert-hosteldieu.com\\\/la-boutique\\\/shop\\\/\"},{\"@type\":\"ListItem\",\"position\":3,\"name\":\"Folia &#8211; la musique du spectacle hip-hop de Merzouki\"}]},{\"@type\":\"WebSite\",\"@id\":\"https:\\\/\\\/www.concert-hosteldieu.com\\\/#website\",\"url\":\"https:\\\/\\\/www.concert-hosteldieu.com\\\/\",\"name\":\"Le Concert de l&#039;Hostel Dieu\",\"description\":\"Franck-Emmanuel Comte\",\"publisher\":{\"@id\":\"https:\\\/\\\/www.concert-hosteldieu.com\\\/#organization\"},\"potentialAction\":[{\"@type\":\"SearchAction\",\"target\":{\"@type\":\"EntryPoint\",\"urlTemplate\":\"https:\\\/\\\/www.concert-hosteldieu.com\\\/?s={search_term_string}\"},\"query-input\":{\"@type\":\"PropertyValueSpecification\",\"valueRequired\":true,\"valueName\":\"search_term_string\"}}],\"inLanguage\":\"en-GB\"},{\"@type\":\"Organization\",\"@id\":\"https:\\\/\\\/www.concert-hosteldieu.com\\\/#organization\",\"name\":\"Le Concert de l'Hostel Dieu\",\"url\":\"https:\\\/\\\/www.concert-hosteldieu.com\\\/\",\"logo\":{\"@type\":\"ImageObject\",\"inLanguage\":\"en-GB\",\"@id\":\"https:\\\/\\\/www.concert-hosteldieu.com\\\/#\\\/schema\\\/logo\\\/image\\\/\",\"url\":\"https:\\\/\\\/www.concert-hosteldieu.com\\\/wp-content\\\/uploads\\\/2021\\\/06\\\/logo-chd-noir-transparent.png\",\"contentUrl\":\"https:\\\/\\\/www.concert-hosteldieu.com\\\/wp-content\\\/uploads\\\/2021\\\/06\\\/logo-chd-noir-transparent.png\",\"width\":262,\"height\":106,\"caption\":\"Le Concert de l'Hostel Dieu\"},\"image\":{\"@id\":\"https:\\\/\\\/www.concert-hosteldieu.com\\\/#\\\/schema\\\/logo\\\/image\\\/\"},\"sameAs\":[\"https:\\\/\\\/www.facebook.com\\\/leconcert.delhosteldieu\",\"https:\\\/\\\/x.com\\\/CHDLyon\",\"https:\\\/\\\/instagram.com\\\/concert_hostel_dieu\",\"https:\\\/\\\/www.linkedin.com\\\/company\\\/le-concert-de-l'hostel-dieu\\\/\",\"https:\\\/\\\/www.youtube.com\\\/user\\\/CHDLyon\"]}]}<\/script>\n<!-- \/ Yoast SEO plugin. -->","yoast_head_json":{"title":"La musique de Folia, le spectacle hip-hop de M. Merzouki - Le Concert de l'Hostel Dieu","description":"Folia : achetez la bande-son de la chor\u00e9graphie hip-hop de Mourad Merzouki par Le Concert de l'Hostel Dieu, ensemble de musique baroque dirig\u00e9 par F.-E. Comte","robots":{"index":"index","follow":"follow","max-snippet":"max-snippet:-1","max-image-preview":"max-image-preview:large","max-video-preview":"max-video-preview:-1"},"canonical":"https:\/\/www.concert-hosteldieu.com\/en\/product\/folia\/","og_locale":"en_GB","og_type":"article","og_title":"La musique de Folia, le spectacle hip-hop de M. Merzouki - Le Concert de l'Hostel Dieu","og_description":"Folia : achetez la bande-son de la chor\u00e9graphie hip-hop de Mourad Merzouki par Le Concert de l'Hostel Dieu, ensemble de musique baroque dirig\u00e9 par F.-E. Comte","og_url":"https:\/\/www.concert-hosteldieu.com\/en\/product\/folia\/","og_site_name":"Le Concert de l&#039;Hostel Dieu","article_publisher":"https:\/\/www.facebook.com\/leconcert.delhosteldieu","article_modified_time":"2025-12-19T08:23:34+00:00","og_image":[{"width":1467,"height":1467,"url":"https:\/\/www.concert-hosteldieu.com\/wp-content\/uploads\/2018\/10\/concerthosteldieu-2018-folia-merzouki.jpeg","type":"image\/jpeg"}],"twitter_misc":{"Estimated reading time":"2 minutes"},"schema":{"@context":"https:\/\/schema.org","@graph":[{"@type":"WebPage","@id":"https:\/\/www.concert-hosteldieu.com\/produit\/folia\/","url":"https:\/\/www.concert-hosteldieu.com\/produit\/folia\/","name":"La musique de Folia, le spectacle hip-hop de M. Merzouki - Le Concert de l'Hostel Dieu","isPartOf":{"@id":"https:\/\/www.concert-hosteldieu.com\/#website"},"primaryImageOfPage":{"@id":"https:\/\/www.concert-hosteldieu.com\/produit\/folia\/#primaryimage"},"image":{"@id":"https:\/\/www.concert-hosteldieu.com\/produit\/folia\/#primaryimage"},"thumbnailUrl":"https:\/\/www.concert-hosteldieu.com\/wp-content\/uploads\/2018\/10\/concerthosteldieu-2018-folia-merzouki.jpeg","datePublished":"2018-10-13T12:09:02+00:00","dateModified":"2025-12-19T08:23:34+00:00","description":"Folia : achetez la bande-son de la chor\u00e9graphie hip-hop de Mourad Merzouki par Le Concert de l'Hostel Dieu, ensemble de musique baroque dirig\u00e9 par F.-E. Comte","breadcrumb":{"@id":"https:\/\/www.concert-hosteldieu.com\/produit\/folia\/#breadcrumb"},"inLanguage":"en-GB","potentialAction":[{"@type":"ReadAction","target":["https:\/\/www.concert-hosteldieu.com\/produit\/folia\/"]}]},{"@type":"ImageObject","inLanguage":"en-GB","@id":"https:\/\/www.concert-hosteldieu.com\/produit\/folia\/#primaryimage","url":"https:\/\/www.concert-hosteldieu.com\/wp-content\/uploads\/2018\/10\/concerthosteldieu-2018-folia-merzouki.jpeg","contentUrl":"https:\/\/www.concert-hosteldieu.com\/wp-content\/uploads\/2018\/10\/concerthosteldieu-2018-folia-merzouki.jpeg","width":1467,"height":1467,"caption":"concerthosteldieu-2018-folia-merzouki"},{"@type":"BreadcrumbList","@id":"https:\/\/www.concert-hosteldieu.com\/produit\/folia\/#breadcrumb","itemListElement":[{"@type":"ListItem","position":1,"name":"Accueil","item":"https:\/\/www.concert-hosteldieu.com\/"},{"@type":"ListItem","position":2,"name":"La boutique de CD","item":"https:\/\/www.concert-hosteldieu.com\/la-boutique\/shop\/"},{"@type":"ListItem","position":3,"name":"Folia &#8211; la musique du spectacle hip-hop de Merzouki"}]},{"@type":"WebSite","@id":"https:\/\/www.concert-hosteldieu.com\/#website","url":"https:\/\/www.concert-hosteldieu.com\/","name":"Le Concert de l&#039;Hostel Dieu","description":"Franck-Emmanuel Comte","publisher":{"@id":"https:\/\/www.concert-hosteldieu.com\/#organization"},"potentialAction":[{"@type":"SearchAction","target":{"@type":"EntryPoint","urlTemplate":"https:\/\/www.concert-hosteldieu.com\/?s={search_term_string}"},"query-input":{"@type":"PropertyValueSpecification","valueRequired":true,"valueName":"search_term_string"}}],"inLanguage":"en-GB"},{"@type":"Organization","@id":"https:\/\/www.concert-hosteldieu.com\/#organization","name":"Le Concert de l'Hostel Dieu","url":"https:\/\/www.concert-hosteldieu.com\/","logo":{"@type":"ImageObject","inLanguage":"en-GB","@id":"https:\/\/www.concert-hosteldieu.com\/#\/schema\/logo\/image\/","url":"https:\/\/www.concert-hosteldieu.com\/wp-content\/uploads\/2021\/06\/logo-chd-noir-transparent.png","contentUrl":"https:\/\/www.concert-hosteldieu.com\/wp-content\/uploads\/2021\/06\/logo-chd-noir-transparent.png","width":262,"height":106,"caption":"Le Concert de l'Hostel Dieu"},"image":{"@id":"https:\/\/www.concert-hosteldieu.com\/#\/schema\/logo\/image\/"},"sameAs":["https:\/\/www.facebook.com\/leconcert.delhosteldieu","https:\/\/x.com\/CHDLyon","https:\/\/instagram.com\/concert_hostel_dieu","https:\/\/www.linkedin.com\/company\/le-concert-de-l'hostel-dieu\/","https:\/\/www.youtube.com\/user\/CHDLyon"]}]}},"_links":{"self":[{"href":"https:\/\/www.concert-hosteldieu.com\/en\/wp-json\/wp\/v2\/product\/6345","targetHints":{"allow":["GET"]}}],"collection":[{"href":"https:\/\/www.concert-hosteldieu.com\/en\/wp-json\/wp\/v2\/product"}],"about":[{"href":"https:\/\/www.concert-hosteldieu.com\/en\/wp-json\/wp\/v2\/types\/product"}],"wp:featuredmedia":[{"embeddable":true,"href":"https:\/\/www.concert-hosteldieu.com\/en\/wp-json\/wp\/v2\/media\/6901"}],"wp:attachment":[{"href":"https:\/\/www.concert-hosteldieu.com\/en\/wp-json\/wp\/v2\/media?parent=6345"}],"wp:term":[{"taxonomy":"product_brand","embeddable":true,"href":"https:\/\/www.concert-hosteldieu.com\/en\/wp-json\/wp\/v2\/product_brand?post=6345"},{"taxonomy":"product_cat","embeddable":true,"href":"https:\/\/www.concert-hosteldieu.com\/en\/wp-json\/wp\/v2\/product_cat?post=6345"},{"taxonomy":"product_tag","embeddable":true,"href":"https:\/\/www.concert-hosteldieu.com\/en\/wp-json\/wp\/v2\/product_tag?post=6345"}],"curies":[{"name":"wp","href":"https:\/\/api.w.org\/{rel}","templated":true}]}}