{"id":24212,"date":"2026-04-13T13:12:08","date_gmt":"2026-04-13T12:12:08","guid":{"rendered":"https:\/\/www.concert-hosteldieu.com\/?page_id=24212"},"modified":"2026-04-13T13:39:45","modified_gmt":"2026-04-13T12:39:45","slug":"nature-s","status":"publish","type":"page","link":"https:\/\/www.concert-hosteldieu.com\/en\/nos-productions\/nature-s\/","title":{"rendered":"Nature(s)"},"content":{"rendered":"<h4>\n\t\t\tUn concert participatif : entrez dans le jeu des sons et des saisons\t<\/h4>\n\t\t\t\t\t\t<h4>Program details<\/h4>\n\t\t\t<p><strong>Biagio Marini &#8211; <\/strong><em>Sonata in ecco<\/em>, op. 8 n\u00b0 44<\/p>\n<strong data-start=\"155\" data-end=\"186\">Joseph Bodin de Boismortier &#8211; <\/strong><em>1<sup>st<\/sup> Ballet de Village en trio<\/em>, op. 52\n<strong data-start=\"231\" data-end=\"265\">Heinrich Ignaz Franz von Biber &#8211; <\/strong><em>Sonata a violon solo \u00ab\u00a0representativa\u00a0\u00bb<\/em>, C 146\n<strong data-start=\"316\" data-end=\"335\">Antonio Vivaldi &#8211; <\/strong><em>Concerto n\u00b0 2<\/em>, op. 8, RV 315 \u00ab L&rsquo;\u00c9t\u00e9 \u00bb\n<strong data-start=\"385\" data-end=\"401\">James Oswald &#8211; <\/strong><em>Airs for the Seasons<\/em> :\n<ol>\n<li><em>\u00ab\u00a0Marvel of Peru\u00a0\u00bb <\/em><em>(<\/em>Scortese, Comic, Musette) ;<\/li>\n<li><em>\u00ab\u00a0Nightshade\u00a0\u00bb <\/em><em>(<\/em>Hornpipe) ;<\/li>\n<li><em>\u00ab\u00a0Golden Rod\u00a0\u00bb<\/em> (Musette)<\/li>\n<\/ol>\n<strong data-start=\"535\" data-end=\"546\">Anonyme &#8211; <\/strong><strong>\u00ab\u00a0The<\/strong> <em>Salley Gardens\u00a0\u00bb<\/em>\n<strong data-start=\"569\" data-end=\"593\">Jean-Philippe Rameau <\/strong><strong>&#8211; \u00ab<\/strong><strong><em>\u00a0<\/em><\/strong><em>Papillon Inconstant\u00a0\u00bb <\/em>(Les Indes Galantes, 3<sup>e<\/sup> entr\u00e9e : <em>Les Fleurs<\/em>)\n<strong data-start=\"668\" data-end=\"692\">Jean-Philippe Rameau <\/strong><strong>&#8211; \u00ab<\/strong><strong><em>\u00a0<\/em><\/strong><em>Danse du grand calumet de la Paix <\/em>(Les Indes Galantes, 4<sup>e<\/sup> entr\u00e9e : <em>Les Sauvages<\/em>)\n<strong data-start=\"783\" data-end=\"805\">Jean-Marie Leclair &#8211; <\/strong><em>Deuxi\u00e8me R\u00e9cr\u00e9ation de Musique<\/em>, op. 8 : Chaconne\n<p>\u00a0<\/p>\n\t\t\t\t\t\t<h4>Cast<\/h4>\n\t\t\t<p>Le Concert de l&rsquo;Hostel Dieu<strong><br \/><\/strong><strong>V\u00e9ronique Bouilloux<\/strong>, violin<br \/><strong>Marion H\u00e9ly<\/strong>, fl\u00fbte<br \/><strong>Ulrik Larsen<\/strong>, theorbo<br \/><strong>Nicolas Mary<\/strong>, bassoon<\/p>\n\t\t\t\t\t\t<h4>Version scolaire<\/h4>\n\t\t\t<strong data-start=\"162\" data-end=\"197\">Cycle 2 et 3<\/strong>\nPens\u00e9 pour le jeune public, <em data-start=\"227\" data-end=\"238\">Nature(s)<\/em> se d\u00e9cline en une forme adapt\u00e9e aux \u00e9l\u00e8ves du primaire, avec quatre artistes sur sc\u00e8ne et une approche sensible de la musique baroque.\nLudique et imag\u00e9e, cette proposition instrumentale explore les liens entre musique et nature, qu&rsquo;elle soit humaine ou sauvage, en invitant les \u00e9l\u00e8ves \u00e0 \u00e9couter, imaginer et participer. Chaque repr\u00e9sentation devient ainsi une exp\u00e9rience vivante, o\u00f9 le concert se partage et se construit avec le public .\nCe projet s&rsquo;inscrit dans le cadre de la <strong data-start=\"762\" data-end=\"783\">Baroque incubator<\/strong>, dispositif d\u00e9di\u00e9 \u00e0 la d\u00e9couverte musicale et \u00e0 l&rsquo;accompagnement des publics scolaires.\n<blockquote>\n<a href=\"https:\/\/www.concert-hosteldieu.com\/en\/pepiniere-baroque\/\" target=\"_blank\" rel=\"noopener\"><strong>\u2192 D\u00e9couvrir la P\u00e9pini\u00e8re baroque<\/strong><\/a>\n<\/blockquote>\n\t<b><i>Nature(s)<\/i><\/b>\u00a0n&rsquo;est pas un simple concert de musique baroque \u00e0 voir ou \u00e0 \u00e9couter : c&rsquo;est une exp\u00e9rience \u00e0 vivre, ouverte \u00e0 toutes et tous.<br \/>\nTout au long du parcours musical, le public chemine aux c\u00f4t\u00e9s des quatre musicien\u00b7ne\u00b7s \u00e0 travers des paysages sonores inspir\u00e9s de la nature : Lever du jour, bruits d&rsquo;animaux ou du jardin, r\u00eaverie, orage&#8230; autant de tableaux qui \u00e9veillent l&rsquo;\u00e9coute, stimulent l&rsquo;imaginaire et invitent au partage.<br \/>\n\u00c0 la mani\u00e8re d&rsquo;un concert dont vous \u00eates le h\u00e9ros ou l&rsquo;h\u00e9ro\u00efne, chacun peut influer sur le d\u00e9roulement. Jeux musicaux, d\u00e9fis ludiques, moments d&rsquo;\u00e9coute collective ou d&rsquo;interaction : chacun\u00b7e participe \u00e0 son rythme, sans aucun pr\u00e9requis.<br \/>\nAdoptant cette forme participative,\u00a0<b><i>Nature(s)<\/i><\/b>\u00a0<wbr \/>explore la nature telle que la racontent les compositeurs, mais aussi ce qu&rsquo;elle r\u00e9v\u00e8le de nous : \u00e9motions, silences, rapport au monde et aux autres.<br \/>\nCar la nature qui nous entoure dialogue sans cesse avec notre propre nature.\n<h4  id=\"image\">\n\t\t\tPICTURES\t<\/h4>\n<h4  id=\"agenda\">\n\t\t\tCALENDAR\t<\/h4>\n\t\t\t\t\t\t<h4>Partenaire<\/h4>\n\t\t\t<p>Avec le soutien de la <a href=\"https:\/\/www.spedidam.fr\/\">SPEDIDAM<\/a>.<\/p>\n<p><img loading=\"lazy\" decoding=\"async\" src=\"https:\/\/www.concert-hosteldieu.com\/wp-content\/uploads\/2026\/03\/SPEDIDAM_new-300x150.png\" alt=\"\" width=\"206\" height=\"103\" \/><\/p>\n<h4  id=\"artiste\">\n\t\t\tASSOCIATED ARTISTS\t<\/h4>\n\t\t\t\t\t\t\t\t\t\t\t\t\t\t<a href=\"https:\/\/www.concert-hosteldieu.com\/en\/nos-musiciens\/veronique-bouilloux\/\" target=\"_self\" title=\"Veronique Bouilloux\">\n\t\t\t\t<img decoding=\"async\" src=\"https:\/\/www.concert-hosteldieu.com\/wp-content\/uploads\/2023\/07\/Veronique-BOUILLOUX-WEB-\u00a9Julie-Cherki-1.jpg\" alt=\"V\u00e9ronique Bouilloux, violoniste\" \/>\n\t\t\t\t<\/a>\n\t\t\t\t\t\t<h3>\n\t\t\t\t<a href=\"https:\/\/www.concert-hosteldieu.com\/en\/nos-musiciens\/veronique-bouilloux\/\" title=\"Veronique Bouilloux\">Veronique Bouilloux<\/a>\t\t\t<\/h3>","protected":false},"excerpt":{"rendered":"<p>Un concert participatif : entrez dans le jeu des sons et des saisons Programme Biagio Marini &#8211; Sonata in ecco, op. 8 n\u00b0 44 Joseph Bodin de Boismortier &#8211; 1er Ballet de Village en trio, op. 52 Heinrich Ignaz Franz [&hellip;]<\/p>\n","protected":false},"author":2776,"featured_media":12083,"parent":23593,"menu_order":0,"comment_status":"closed","ping_status":"closed","template":"","meta":{"site-sidebar-layout":"default","site-content-layout":"","ast-site-content-layout":"full-width-container","site-content-style":"unboxed","site-sidebar-style":"unboxed","ast-global-header-display":"","ast-banner-title-visibility":"","ast-main-header-display":"","ast-hfb-above-header-display":"","ast-hfb-below-header-display":"","ast-hfb-mobile-header-display":"","site-post-title":"disabled","ast-breadcrumbs-content":"","ast-featured-img":"disabled","footer-sml-layout":"","ast-disable-related-posts":"","theme-transparent-header-meta":"default","adv-header-id-meta":"","stick-header-meta":"default","header-above-stick-meta":"","header-main-stick-meta":"","header-below-stick-meta":"","astra-migrate-meta-layouts":"set","ast-page-background-enabled":"default","ast-page-background-meta":{"desktop":{"background-color":"","background-image":"","background-repeat":"repeat","background-position":"center center","background-size":"auto","background-attachment":"scroll","background-type":"","background-media":"","overlay-type":"","overlay-color":"","overlay-opacity":"","overlay-gradient":""},"tablet":{"background-color":"","background-image":"","background-repeat":"repeat","background-position":"center center","background-size":"auto","background-attachment":"scroll","background-type":"","background-media":"","overlay-type":"","overlay-color":"","overlay-opacity":"","overlay-gradient":""},"mobile":{"background-color":"","background-image":"","background-repeat":"repeat","background-position":"center center","background-size":"auto","background-attachment":"scroll","background-type":"","background-media":"","overlay-type":"","overlay-color":"","overlay-opacity":"","overlay-gradient":""}},"ast-content-background-meta":{"desktop":{"background-color":"var(--ast-global-color-5)","background-image":"","background-repeat":"repeat","background-position":"center center","background-size":"auto","background-attachment":"scroll","background-type":"","background-media":"","overlay-type":"","overlay-color":"","overlay-opacity":"","overlay-gradient":""},"tablet":{"background-color":"var(--ast-global-color-5)","background-image":"","background-repeat":"repeat","background-position":"center center","background-size":"auto","background-attachment":"scroll","background-type":"","background-media":"","overlay-type":"","overlay-color":"","overlay-opacity":"","overlay-gradient":""},"mobile":{"background-color":"var(--ast-global-color-5)","background-image":"","background-repeat":"repeat","background-position":"center center","background-size":"auto","background-attachment":"scroll","background-type":"","background-media":"","overlay-type":"","overlay-color":"","overlay-opacity":"","overlay-gradient":""}},"footnotes":""},"categories":[451],"tags":[],"class_list":["post-24212","page","type-page","status-publish","has-post-thumbnail","hentry","category-nos-productions"],"yoast_head":"<!-- This site is optimized with the Yoast SEO plugin v27.3 - https:\/\/yoast.com\/product\/yoast-seo-wordpress\/ -->\n<title>Nature(s) - Le Concert de l&#039;Hostel Dieu<\/title>\n<meta name=\"robots\" content=\"index, follow, max-snippet:-1, max-image-preview:large, max-video-preview:-1\" \/>\n<link rel=\"canonical\" href=\"https:\/\/www.concert-hosteldieu.com\/en\/nos-productions\/nature-s\/\" \/>\n<meta property=\"og:locale\" content=\"en_GB\" \/>\n<meta property=\"og:type\" content=\"article\" \/>\n<meta property=\"og:title\" content=\"Nature(s) - Le Concert de l&#039;Hostel Dieu\" \/>\n<meta property=\"og:description\" content=\"Un concert participatif : entrez dans le jeu des sons et des saisons Programme Biagio Marini &#8211; Sonata in ecco, op. 8 n\u00b0 44 Joseph Bodin de Boismortier &#8211; 1er Ballet de Village en trio, op. 52 Heinrich Ignaz Franz [&hellip;]\" \/>\n<meta property=\"og:url\" content=\"https:\/\/www.concert-hosteldieu.com\/en\/nos-productions\/nature-s\/\" \/>\n<meta property=\"og:site_name\" content=\"Le Concert de l&#039;Hostel Dieu\" \/>\n<meta property=\"article:publisher\" content=\"https:\/\/www.facebook.com\/leconcert.delhosteldieu\" \/>\n<meta property=\"article:modified_time\" content=\"2026-04-13T12:39:45+00:00\" \/>\n<meta property=\"og:image\" content=\"https:\/\/www.concert-hosteldieu.com\/wp-content\/uploads\/2021\/06\/Il-Paradiso-perduto-\u00a9-Julie-Cherki.jpg\" \/>\n\t<meta property=\"og:image:width\" content=\"1920\" \/>\n\t<meta property=\"og:image:height\" content=\"1280\" \/>\n\t<meta property=\"og:image:type\" content=\"image\/jpeg\" \/>\n<meta name=\"twitter:label1\" content=\"Estimated reading time\" \/>\n\t<meta name=\"twitter:data1\" content=\"4 minutes\" \/>\n<script type=\"application\/ld+json\" class=\"yoast-schema-graph\">{\"@context\":\"https:\\\/\\\/schema.org\",\"@graph\":[{\"@type\":\"WebPage\",\"@id\":\"https:\\\/\\\/www.concert-hosteldieu.com\\\/nos-productions\\\/nature-s\\\/\",\"url\":\"https:\\\/\\\/www.concert-hosteldieu.com\\\/nos-productions\\\/nature-s\\\/\",\"name\":\"Nature(s) - Le Concert de l&#039;Hostel Dieu\",\"isPartOf\":{\"@id\":\"https:\\\/\\\/www.concert-hosteldieu.com\\\/#website\"},\"primaryImageOfPage\":{\"@id\":\"https:\\\/\\\/www.concert-hosteldieu.com\\\/nos-productions\\\/nature-s\\\/#primaryimage\"},\"image\":{\"@id\":\"https:\\\/\\\/www.concert-hosteldieu.com\\\/nos-productions\\\/nature-s\\\/#primaryimage\"},\"thumbnailUrl\":\"https:\\\/\\\/www.concert-hosteldieu.com\\\/wp-content\\\/uploads\\\/2021\\\/06\\\/Il-Paradiso-perduto-\u00a9-Julie-Cherki.jpg\",\"datePublished\":\"2026-04-13T12:12:08+00:00\",\"dateModified\":\"2026-04-13T12:39:45+00:00\",\"breadcrumb\":{\"@id\":\"https:\\\/\\\/www.concert-hosteldieu.com\\\/nos-productions\\\/nature-s\\\/#breadcrumb\"},\"inLanguage\":\"en-GB\",\"potentialAction\":[{\"@type\":\"ReadAction\",\"target\":[\"https:\\\/\\\/www.concert-hosteldieu.com\\\/nos-productions\\\/nature-s\\\/\"]}]},{\"@type\":\"ImageObject\",\"inLanguage\":\"en-GB\",\"@id\":\"https:\\\/\\\/www.concert-hosteldieu.com\\\/nos-productions\\\/nature-s\\\/#primaryimage\",\"url\":\"https:\\\/\\\/www.concert-hosteldieu.com\\\/wp-content\\\/uploads\\\/2021\\\/06\\\/Il-Paradiso-perduto-\u00a9-Julie-Cherki.jpg\",\"contentUrl\":\"https:\\\/\\\/www.concert-hosteldieu.com\\\/wp-content\\\/uploads\\\/2021\\\/06\\\/Il-Paradiso-perduto-\u00a9-Julie-Cherki.jpg\",\"width\":1920,\"height\":1280,\"caption\":\"Le projet en tourn\u00e9e Il Paradiso perduto\"},{\"@type\":\"BreadcrumbList\",\"@id\":\"https:\\\/\\\/www.concert-hosteldieu.com\\\/nos-productions\\\/nature-s\\\/#breadcrumb\",\"itemListElement\":[{\"@type\":\"ListItem\",\"position\":1,\"name\":\"Accueil\",\"item\":\"https:\\\/\\\/www.concert-hosteldieu.com\\\/\"},{\"@type\":\"ListItem\",\"position\":2,\"name\":\"Nos productions\",\"item\":\"https:\\\/\\\/www.concert-hosteldieu.com\\\/nos-productions\\\/\"},{\"@type\":\"ListItem\",\"position\":3,\"name\":\"Nature(s)\"}]},{\"@type\":\"WebSite\",\"@id\":\"https:\\\/\\\/www.concert-hosteldieu.com\\\/#website\",\"url\":\"https:\\\/\\\/www.concert-hosteldieu.com\\\/\",\"name\":\"Le Concert de l&#039;Hostel Dieu\",\"description\":\"Franck-Emmanuel Comte\",\"publisher\":{\"@id\":\"https:\\\/\\\/www.concert-hosteldieu.com\\\/#organization\"},\"potentialAction\":[{\"@type\":\"SearchAction\",\"target\":{\"@type\":\"EntryPoint\",\"urlTemplate\":\"https:\\\/\\\/www.concert-hosteldieu.com\\\/?s={search_term_string}\"},\"query-input\":{\"@type\":\"PropertyValueSpecification\",\"valueRequired\":true,\"valueName\":\"search_term_string\"}}],\"inLanguage\":\"en-GB\"},{\"@type\":\"Organization\",\"@id\":\"https:\\\/\\\/www.concert-hosteldieu.com\\\/#organization\",\"name\":\"Le Concert de l'Hostel Dieu\",\"url\":\"https:\\\/\\\/www.concert-hosteldieu.com\\\/\",\"logo\":{\"@type\":\"ImageObject\",\"inLanguage\":\"en-GB\",\"@id\":\"https:\\\/\\\/www.concert-hosteldieu.com\\\/#\\\/schema\\\/logo\\\/image\\\/\",\"url\":\"https:\\\/\\\/www.concert-hosteldieu.com\\\/wp-content\\\/uploads\\\/2021\\\/06\\\/logo-chd-noir-transparent.png\",\"contentUrl\":\"https:\\\/\\\/www.concert-hosteldieu.com\\\/wp-content\\\/uploads\\\/2021\\\/06\\\/logo-chd-noir-transparent.png\",\"width\":262,\"height\":106,\"caption\":\"Le Concert de l'Hostel Dieu\"},\"image\":{\"@id\":\"https:\\\/\\\/www.concert-hosteldieu.com\\\/#\\\/schema\\\/logo\\\/image\\\/\"},\"sameAs\":[\"https:\\\/\\\/www.facebook.com\\\/leconcert.delhosteldieu\",\"https:\\\/\\\/x.com\\\/CHDLyon\",\"https:\\\/\\\/instagram.com\\\/concert_hostel_dieu\",\"https:\\\/\\\/www.linkedin.com\\\/company\\\/le-concert-de-l'hostel-dieu\\\/\",\"https:\\\/\\\/www.youtube.com\\\/user\\\/CHDLyon\"]}]}<\/script>\n<!-- \/ Yoast SEO plugin. -->","yoast_head_json":{"title":"Nature(s) - Le Concert de l&#039;Hostel Dieu","robots":{"index":"index","follow":"follow","max-snippet":"max-snippet:-1","max-image-preview":"max-image-preview:large","max-video-preview":"max-video-preview:-1"},"canonical":"https:\/\/www.concert-hosteldieu.com\/en\/nos-productions\/nature-s\/","og_locale":"en_GB","og_type":"article","og_title":"Nature(s) - Le Concert de l&#039;Hostel Dieu","og_description":"Un concert participatif : entrez dans le jeu des sons et des saisons Programme Biagio Marini &#8211; Sonata in ecco, op. 8 n\u00b0 44 Joseph Bodin de Boismortier &#8211; 1er Ballet de Village en trio, op. 52 Heinrich Ignaz Franz [&hellip;]","og_url":"https:\/\/www.concert-hosteldieu.com\/en\/nos-productions\/nature-s\/","og_site_name":"Le Concert de l&#039;Hostel Dieu","article_publisher":"https:\/\/www.facebook.com\/leconcert.delhosteldieu","article_modified_time":"2026-04-13T12:39:45+00:00","og_image":[{"width":1920,"height":1280,"url":"https:\/\/www.concert-hosteldieu.com\/wp-content\/uploads\/2021\/06\/Il-Paradiso-perduto-\u00a9-Julie-Cherki.jpg","type":"image\/jpeg"}],"twitter_misc":{"Estimated reading time":"4 minutes"},"schema":{"@context":"https:\/\/schema.org","@graph":[{"@type":"WebPage","@id":"https:\/\/www.concert-hosteldieu.com\/nos-productions\/nature-s\/","url":"https:\/\/www.concert-hosteldieu.com\/nos-productions\/nature-s\/","name":"Nature(s) - Le Concert de l&#039;Hostel Dieu","isPartOf":{"@id":"https:\/\/www.concert-hosteldieu.com\/#website"},"primaryImageOfPage":{"@id":"https:\/\/www.concert-hosteldieu.com\/nos-productions\/nature-s\/#primaryimage"},"image":{"@id":"https:\/\/www.concert-hosteldieu.com\/nos-productions\/nature-s\/#primaryimage"},"thumbnailUrl":"https:\/\/www.concert-hosteldieu.com\/wp-content\/uploads\/2021\/06\/Il-Paradiso-perduto-\u00a9-Julie-Cherki.jpg","datePublished":"2026-04-13T12:12:08+00:00","dateModified":"2026-04-13T12:39:45+00:00","breadcrumb":{"@id":"https:\/\/www.concert-hosteldieu.com\/nos-productions\/nature-s\/#breadcrumb"},"inLanguage":"en-GB","potentialAction":[{"@type":"ReadAction","target":["https:\/\/www.concert-hosteldieu.com\/nos-productions\/nature-s\/"]}]},{"@type":"ImageObject","inLanguage":"en-GB","@id":"https:\/\/www.concert-hosteldieu.com\/nos-productions\/nature-s\/#primaryimage","url":"https:\/\/www.concert-hosteldieu.com\/wp-content\/uploads\/2021\/06\/Il-Paradiso-perduto-\u00a9-Julie-Cherki.jpg","contentUrl":"https:\/\/www.concert-hosteldieu.com\/wp-content\/uploads\/2021\/06\/Il-Paradiso-perduto-\u00a9-Julie-Cherki.jpg","width":1920,"height":1280,"caption":"Le projet en tourn\u00e9e Il Paradiso perduto"},{"@type":"BreadcrumbList","@id":"https:\/\/www.concert-hosteldieu.com\/nos-productions\/nature-s\/#breadcrumb","itemListElement":[{"@type":"ListItem","position":1,"name":"Accueil","item":"https:\/\/www.concert-hosteldieu.com\/"},{"@type":"ListItem","position":2,"name":"Nos productions","item":"https:\/\/www.concert-hosteldieu.com\/nos-productions\/"},{"@type":"ListItem","position":3,"name":"Nature(s)"}]},{"@type":"WebSite","@id":"https:\/\/www.concert-hosteldieu.com\/#website","url":"https:\/\/www.concert-hosteldieu.com\/","name":"Le Concert de l&#039;Hostel Dieu","description":"Franck-Emmanuel Comte","publisher":{"@id":"https:\/\/www.concert-hosteldieu.com\/#organization"},"potentialAction":[{"@type":"SearchAction","target":{"@type":"EntryPoint","urlTemplate":"https:\/\/www.concert-hosteldieu.com\/?s={search_term_string}"},"query-input":{"@type":"PropertyValueSpecification","valueRequired":true,"valueName":"search_term_string"}}],"inLanguage":"en-GB"},{"@type":"Organization","@id":"https:\/\/www.concert-hosteldieu.com\/#organization","name":"Le Concert de l'Hostel Dieu","url":"https:\/\/www.concert-hosteldieu.com\/","logo":{"@type":"ImageObject","inLanguage":"en-GB","@id":"https:\/\/www.concert-hosteldieu.com\/#\/schema\/logo\/image\/","url":"https:\/\/www.concert-hosteldieu.com\/wp-content\/uploads\/2021\/06\/logo-chd-noir-transparent.png","contentUrl":"https:\/\/www.concert-hosteldieu.com\/wp-content\/uploads\/2021\/06\/logo-chd-noir-transparent.png","width":262,"height":106,"caption":"Le Concert de l'Hostel Dieu"},"image":{"@id":"https:\/\/www.concert-hosteldieu.com\/#\/schema\/logo\/image\/"},"sameAs":["https:\/\/www.facebook.com\/leconcert.delhosteldieu","https:\/\/x.com\/CHDLyon","https:\/\/instagram.com\/concert_hostel_dieu","https:\/\/www.linkedin.com\/company\/le-concert-de-l'hostel-dieu\/","https:\/\/www.youtube.com\/user\/CHDLyon"]}]}},"_links":{"self":[{"href":"https:\/\/www.concert-hosteldieu.com\/en\/wp-json\/wp\/v2\/pages\/24212","targetHints":{"allow":["GET"]}}],"collection":[{"href":"https:\/\/www.concert-hosteldieu.com\/en\/wp-json\/wp\/v2\/pages"}],"about":[{"href":"https:\/\/www.concert-hosteldieu.com\/en\/wp-json\/wp\/v2\/types\/page"}],"author":[{"embeddable":true,"href":"https:\/\/www.concert-hosteldieu.com\/en\/wp-json\/wp\/v2\/users\/2776"}],"replies":[{"embeddable":true,"href":"https:\/\/www.concert-hosteldieu.com\/en\/wp-json\/wp\/v2\/comments?post=24212"}],"version-history":[{"count":3,"href":"https:\/\/www.concert-hosteldieu.com\/en\/wp-json\/wp\/v2\/pages\/24212\/revisions"}],"predecessor-version":[{"id":24219,"href":"https:\/\/www.concert-hosteldieu.com\/en\/wp-json\/wp\/v2\/pages\/24212\/revisions\/24219"}],"up":[{"embeddable":true,"href":"https:\/\/www.concert-hosteldieu.com\/en\/wp-json\/wp\/v2\/pages\/23593"}],"wp:featuredmedia":[{"embeddable":true,"href":"https:\/\/www.concert-hosteldieu.com\/en\/wp-json\/wp\/v2\/media\/12083"}],"wp:attachment":[{"href":"https:\/\/www.concert-hosteldieu.com\/en\/wp-json\/wp\/v2\/media?parent=24212"}],"wp:term":[{"taxonomy":"category","embeddable":true,"href":"https:\/\/www.concert-hosteldieu.com\/en\/wp-json\/wp\/v2\/categories?post=24212"},{"taxonomy":"post_tag","embeddable":true,"href":"https:\/\/www.concert-hosteldieu.com\/en\/wp-json\/wp\/v2\/tags?post=24212"}],"curies":[{"name":"wp","href":"https:\/\/api.w.org\/{rel}","templated":true}]}}