{"id":24173,"date":"2026-03-25T09:45:34","date_gmt":"2026-03-25T08:45:34","guid":{"rendered":"https:\/\/www.concert-hosteldieu.com\/?page_id=24173"},"modified":"2026-03-25T10:13:19","modified_gmt":"2026-03-25T09:13:19","slug":"choeur-spirito","status":"publish","type":"page","link":"https:\/\/www.concert-hosteldieu.com\/en\/nos-artistes-invites\/choeur-spirito\/","title":{"rendered":"Ch\u0153ur Spirito"},"content":{"rendered":"<h2>\n\t\t\t\t<a href=\"https:\/\/cavema.be\/fr\/ensemble\/2-choeur-chambre\" title=\"Ch\u0153ur de chambre Spirito\" target=\"_self\">\n\t\t\t\tCh\u0153ur de chambre Spirito\n\t\t\t\t<\/a>\n\t\t\t<\/h2>\n\t<p><strong>DIRECTION ARTISTIQUE : Thibaut Louppe<\/strong><\/p>\n<p>Ch\u0153ur de chambre professionnel \u00e0 g\u00e9om\u00e9trie variable, le ch\u0153ur Spirito d\u00e9ploie ses effectifs depuis la forme chambriste, voire intimiste, jusqu&rsquo;au grand ch\u0153ur\u00a0<em>a cappella,<\/em>\u00a0qu&rsquo;il privil\u00e9gie avec conviction.<\/p>\nLe r\u00e9pertoire d&rsquo;oratorio et la musique symphonique lui permettent de s&rsquo;allier r\u00e9guli\u00e8rement \u00e0 l&rsquo;Orchestre national de Lyon, rejoignant \u00e9galement les deux orchestres r\u00e9gionaux que sont l&rsquo;Orchestre des Pays de Savoie et l&rsquo;Orchestre national d&rsquo;Auvergne Rh\u00f4ne Alpes. Un ton particulier port\u00e9 par ses programmes mixtes r\u00e9v\u00e8le avec fluidit\u00e9 les possibles ponts entre musiques du pass\u00e9 ou musique traditionnelle, et cr\u00e9ation contemporaine.<br \/>\nEn 2019, le ch\u0153ur Spirito est missionn\u00e9 par le Minist\u00e8re de la Culture pour porter le Centre national d&rsquo;art vocal de la r\u00e9gion Auvergne-Rh\u00f4ne-Alpes.\n<p><strong>Spirito &#8211; Centre d&rsquo;art vocal d&rsquo;int\u00e9r\u00eat national<\/strong><\/p>\nDepuis 2019, le ch\u0153ur Spirito devient le socle d&rsquo;une mission \u00e9largie. Il est d\u00e9sign\u00e9 Centre national d&rsquo;art vocal par le Minist\u00e8re de la Culture pour la r\u00e9gion Auvergne-Rh\u00f4ne-Alpes, confirmant et renfor\u00e7ant ainsi sa pr\u00e9sence artistique et culturelle dans la sph\u00e8re \u00e9ducative et aupr\u00e8s des publics contraints. \u00c0 ce titre, il sera le lieu ressource de la rencontre entre musiciens amateurs et professionnels, mettant \u00e0 leur disposition un fonds cons\u00e9quent de partitions et de documents compl\u00e9mentaires, ainsi que l&rsquo;expertise de ses \u00e9quipes administratives et artistiques.<br \/>\nSpirito-Centre d&rsquo;art vocal accroit son champ d&rsquo;investigation au service de la connaissance sans cesse r\u00e9actualis\u00e9e du fonctionnement de la voix. Son comit\u00e9 artistique et scientifique, constitu\u00e9 de personnalit\u00e9s reconnues, aura pour mission de d\u00e9finir un cadre de recherche destin\u00e9 \u00e0 l&rsquo;information pour tous, d\u00e9ployant par ses partenariats privil\u00e9gi\u00e9s un certain nombre d&rsquo;actions telles que conf\u00e9rences, publications, conception et r\u00e9alisation d&rsquo;un laboratoire d&rsquo;analyse vocale.\n<blockquote><p><em>Spirito a \u00e9t\u00e9 d\u00e9sign\u00e9\u2000Centre d&rsquo;Art vocal d&rsquo;int\u00e9r\u00eat national pour la r\u00e9gion Auvergne Rh\u00f4ne-Alpes, par le Minist\u00e8re de la Culture. Il est en convention triennale avec le Minist\u00e8re de la Culture \/ Direction R\u00e9gionale des Affaires Culturelles Auvergne-Rh\u00f4ne-Alpes, la R\u00e9gion Auvergne-Rh\u00f4ne-Alpes et la Ville de Lyon. Cette saison est soutenue par la Maison de la Musique Contemporaine et le Centre National de la Musique. La fondation Soci\u00e9t\u00e9 G\u00e9n\u00e9rale C&rsquo;est vous l&rsquo;avenir\u00a0est le m\u00e9c\u00e8ne principal de Spirito. La Caisse des D\u00e9p\u00f4ts soutient l&rsquo;action du Jeune Ch\u0153ur symphonique. Spirito est membre de la Fevis, du Profedim, de Futurs compos\u00e9s, du Bureau Export, du r\u00e9seau RAMDAM et d&rsquo;Auvergne-Rh\u00f4ne-Alpes Spectacle Vivant.<\/em><\/p><\/blockquote>\n<h4>\n\t\t\tRetrouvez Spirito dans :\t<\/h4>\n\t\t\t\t\t\t\t\t\t\t\t\t\t\t<a href=\"https:\/\/www.concert-hosteldieu.com\/en\/nos-productions\/dixit-dominus\/\" target=\"_self\" title=\"Dixit Dominus\">\n\t\t\t\t<img decoding=\"async\" src=\"https:\/\/www.concert-hosteldieu.com\/wp-content\/uploads\/2026\/03\/Dixit-Dominus-IA.png\" alt=\"\" \/>\n\t\t\t\t<\/a>\n\t\t\t\t\t\t<h3>\n\t\t\t\t<a href=\"https:\/\/www.concert-hosteldieu.com\/en\/nos-productions\/dixit-dominus\/\" title=\"Dixit Dominus\">Dixit Dominus<\/a>\t\t\t<\/h3>","protected":false},"excerpt":{"rendered":"<p>Ch\u0153ur de chambre Spirito DIRECTION ARTISTIQUE : Thibaut Louppe Ch\u0153ur de chambre professionnel \u00e0 g\u00e9om\u00e9trie variable, le ch\u0153ur Spirito d\u00e9ploie ses effectifs depuis la forme chambriste, voire intimiste, jusqu&rsquo;au grand ch\u0153ur\u00a0a cappella,\u00a0qu&rsquo;il privil\u00e9gie avec conviction. Le r\u00e9pertoire d&rsquo;oratorio et la [&hellip;]<\/p>\n","protected":false},"author":2776,"featured_media":24170,"parent":12628,"menu_order":0,"comment_status":"closed","ping_status":"closed","template":"","meta":{"site-sidebar-layout":"no-sidebar","site-content-layout":"","ast-site-content-layout":"full-width-container","site-content-style":"unboxed","site-sidebar-style":"unboxed","ast-global-header-display":"","ast-banner-title-visibility":"","ast-main-header-display":"","ast-hfb-above-header-display":"","ast-hfb-below-header-display":"","ast-hfb-mobile-header-display":"","site-post-title":"disabled","ast-breadcrumbs-content":"","ast-featured-img":"disabled","footer-sml-layout":"","ast-disable-related-posts":"","theme-transparent-header-meta":"enabled","adv-header-id-meta":"","stick-header-meta":"default","header-above-stick-meta":"","header-main-stick-meta":"","header-below-stick-meta":"","astra-migrate-meta-layouts":"set","ast-page-background-enabled":"default","ast-page-background-meta":{"desktop":{"background-color":"","background-image":"","background-repeat":"repeat","background-position":"center center","background-size":"auto","background-attachment":"scroll","background-type":"","background-media":"","overlay-type":"","overlay-color":"","overlay-opacity":"","overlay-gradient":""},"tablet":{"background-color":"","background-image":"","background-repeat":"repeat","background-position":"center center","background-size":"auto","background-attachment":"scroll","background-type":"","background-media":"","overlay-type":"","overlay-color":"","overlay-opacity":"","overlay-gradient":""},"mobile":{"background-color":"","background-image":"","background-repeat":"repeat","background-position":"center center","background-size":"auto","background-attachment":"scroll","background-type":"","background-media":"","overlay-type":"","overlay-color":"","overlay-opacity":"","overlay-gradient":""}},"ast-content-background-meta":{"desktop":{"background-color":"var(--ast-global-color-5)","background-image":"","background-repeat":"repeat","background-position":"center center","background-size":"auto","background-attachment":"scroll","background-type":"","background-media":"","overlay-type":"","overlay-color":"","overlay-opacity":"","overlay-gradient":""},"tablet":{"background-color":"var(--ast-global-color-5)","background-image":"","background-repeat":"repeat","background-position":"center center","background-size":"auto","background-attachment":"scroll","background-type":"","background-media":"","overlay-type":"","overlay-color":"","overlay-opacity":"","overlay-gradient":""},"mobile":{"background-color":"var(--ast-global-color-5)","background-image":"","background-repeat":"repeat","background-position":"center center","background-size":"auto","background-attachment":"scroll","background-type":"","background-media":"","overlay-type":"","overlay-color":"","overlay-opacity":"","overlay-gradient":""}},"footnotes":""},"categories":[169,171],"tags":[],"class_list":["post-24173","page","type-page","status-publish","has-post-thumbnail","hentry","category-equipe-artistique","category-nosartistesinvites"],"yoast_head":"<!-- This site is optimized with the Yoast SEO plugin v27.3 - https:\/\/yoast.com\/product\/yoast-seo-wordpress\/ -->\n<title>Ch\u0153ur Spirito - Le Concert de l&#039;Hostel Dieu<\/title>\n<meta name=\"description\" content=\"Le Concert de l&#039;Hostel Dieu et la soprano Heather Newhouse collaborent r\u00e9guli\u00e8rement pour des projets tels que Dolce Follia et Folia\" \/>\n<meta name=\"robots\" content=\"index, follow, max-snippet:-1, max-image-preview:large, max-video-preview:-1\" \/>\n<link rel=\"canonical\" href=\"https:\/\/www.concert-hosteldieu.com\/en\/nos-artistes-invites\/choeur-spirito\/\" \/>\n<meta property=\"og:locale\" content=\"en_GB\" \/>\n<meta property=\"og:type\" content=\"article\" \/>\n<meta property=\"og:title\" content=\"Ch\u0153ur Spirito - Le Concert de l&#039;Hostel Dieu\" \/>\n<meta property=\"og:description\" content=\"Le Concert de l&#039;Hostel Dieu et la soprano Heather Newhouse collaborent r\u00e9guli\u00e8rement pour des projets tels que Dolce Follia et Folia\" \/>\n<meta property=\"og:url\" content=\"https:\/\/www.concert-hosteldieu.com\/en\/nos-artistes-invites\/choeur-spirito\/\" \/>\n<meta property=\"og:site_name\" content=\"Le Concert de l&#039;Hostel Dieu\" \/>\n<meta property=\"article:publisher\" content=\"https:\/\/www.facebook.com\/leconcert.delhosteldieu\" \/>\n<meta property=\"article:modified_time\" content=\"2026-03-25T09:13:19+00:00\" \/>\n<meta property=\"og:image\" content=\"https:\/\/www.concert-hosteldieu.com\/wp-content\/uploads\/2026\/03\/ChoeurSpirito-Concert-\u00a9GuillaumeDucreux-1.jpg\" \/>\n\t<meta property=\"og:image:width\" content=\"1920\" \/>\n\t<meta property=\"og:image:height\" content=\"1191\" \/>\n\t<meta property=\"og:image:type\" content=\"image\/jpeg\" \/>\n<meta name=\"twitter:label1\" content=\"Estimated reading time\" \/>\n\t<meta name=\"twitter:data1\" content=\"4 minutes\" \/>\n<script type=\"application\/ld+json\" class=\"yoast-schema-graph\">{\"@context\":\"https:\\\/\\\/schema.org\",\"@graph\":[{\"@type\":\"WebPage\",\"@id\":\"https:\\\/\\\/www.concert-hosteldieu.com\\\/nos-artistes-invites\\\/choeur-spirito\\\/\",\"url\":\"https:\\\/\\\/www.concert-hosteldieu.com\\\/nos-artistes-invites\\\/choeur-spirito\\\/\",\"name\":\"Ch\u0153ur Spirito - Le Concert de l&#039;Hostel Dieu\",\"isPartOf\":{\"@id\":\"https:\\\/\\\/www.concert-hosteldieu.com\\\/#website\"},\"primaryImageOfPage\":{\"@id\":\"https:\\\/\\\/www.concert-hosteldieu.com\\\/nos-artistes-invites\\\/choeur-spirito\\\/#primaryimage\"},\"image\":{\"@id\":\"https:\\\/\\\/www.concert-hosteldieu.com\\\/nos-artistes-invites\\\/choeur-spirito\\\/#primaryimage\"},\"thumbnailUrl\":\"https:\\\/\\\/www.concert-hosteldieu.com\\\/wp-content\\\/uploads\\\/2026\\\/03\\\/ChoeurSpirito-Concert-\u00a9GuillaumeDucreux-1.jpg\",\"datePublished\":\"2026-03-25T08:45:34+00:00\",\"dateModified\":\"2026-03-25T09:13:19+00:00\",\"description\":\"Le Concert de l'Hostel Dieu et la soprano Heather Newhouse collaborent r\u00e9guli\u00e8rement pour des projets tels que Dolce Follia et Folia\",\"breadcrumb\":{\"@id\":\"https:\\\/\\\/www.concert-hosteldieu.com\\\/nos-artistes-invites\\\/choeur-spirito\\\/#breadcrumb\"},\"inLanguage\":\"en-GB\",\"potentialAction\":[{\"@type\":\"ReadAction\",\"target\":[\"https:\\\/\\\/www.concert-hosteldieu.com\\\/nos-artistes-invites\\\/choeur-spirito\\\/\"]}]},{\"@type\":\"ImageObject\",\"inLanguage\":\"en-GB\",\"@id\":\"https:\\\/\\\/www.concert-hosteldieu.com\\\/nos-artistes-invites\\\/choeur-spirito\\\/#primaryimage\",\"url\":\"https:\\\/\\\/www.concert-hosteldieu.com\\\/wp-content\\\/uploads\\\/2026\\\/03\\\/ChoeurSpirito-Concert-\u00a9GuillaumeDucreux-1.jpg\",\"contentUrl\":\"https:\\\/\\\/www.concert-hosteldieu.com\\\/wp-content\\\/uploads\\\/2026\\\/03\\\/ChoeurSpirito-Concert-\u00a9GuillaumeDucreux-1.jpg\",\"width\":1920,\"height\":1191,\"caption\":\"\u00a9Guillaume Ducreux\"},{\"@type\":\"BreadcrumbList\",\"@id\":\"https:\\\/\\\/www.concert-hosteldieu.com\\\/nos-artistes-invites\\\/choeur-spirito\\\/#breadcrumb\",\"itemListElement\":[{\"@type\":\"ListItem\",\"position\":1,\"name\":\"Accueil\",\"item\":\"https:\\\/\\\/www.concert-hosteldieu.com\\\/\"},{\"@type\":\"ListItem\",\"position\":2,\"name\":\"Nos artistes invit\u00e9s\",\"item\":\"https:\\\/\\\/www.concert-hosteldieu.com\\\/nos-artistes-invites\\\/\"},{\"@type\":\"ListItem\",\"position\":3,\"name\":\"Ch\u0153ur Spirito\"}]},{\"@type\":\"WebSite\",\"@id\":\"https:\\\/\\\/www.concert-hosteldieu.com\\\/#website\",\"url\":\"https:\\\/\\\/www.concert-hosteldieu.com\\\/\",\"name\":\"Le Concert de l&#039;Hostel Dieu\",\"description\":\"Franck-Emmanuel Comte\",\"publisher\":{\"@id\":\"https:\\\/\\\/www.concert-hosteldieu.com\\\/#organization\"},\"potentialAction\":[{\"@type\":\"SearchAction\",\"target\":{\"@type\":\"EntryPoint\",\"urlTemplate\":\"https:\\\/\\\/www.concert-hosteldieu.com\\\/?s={search_term_string}\"},\"query-input\":{\"@type\":\"PropertyValueSpecification\",\"valueRequired\":true,\"valueName\":\"search_term_string\"}}],\"inLanguage\":\"en-GB\"},{\"@type\":\"Organization\",\"@id\":\"https:\\\/\\\/www.concert-hosteldieu.com\\\/#organization\",\"name\":\"Le Concert de l'Hostel Dieu\",\"url\":\"https:\\\/\\\/www.concert-hosteldieu.com\\\/\",\"logo\":{\"@type\":\"ImageObject\",\"inLanguage\":\"en-GB\",\"@id\":\"https:\\\/\\\/www.concert-hosteldieu.com\\\/#\\\/schema\\\/logo\\\/image\\\/\",\"url\":\"https:\\\/\\\/www.concert-hosteldieu.com\\\/wp-content\\\/uploads\\\/2021\\\/06\\\/logo-chd-noir-transparent.png\",\"contentUrl\":\"https:\\\/\\\/www.concert-hosteldieu.com\\\/wp-content\\\/uploads\\\/2021\\\/06\\\/logo-chd-noir-transparent.png\",\"width\":262,\"height\":106,\"caption\":\"Le Concert de l'Hostel Dieu\"},\"image\":{\"@id\":\"https:\\\/\\\/www.concert-hosteldieu.com\\\/#\\\/schema\\\/logo\\\/image\\\/\"},\"sameAs\":[\"https:\\\/\\\/www.facebook.com\\\/leconcert.delhosteldieu\",\"https:\\\/\\\/x.com\\\/CHDLyon\",\"https:\\\/\\\/instagram.com\\\/concert_hostel_dieu\",\"https:\\\/\\\/www.linkedin.com\\\/company\\\/le-concert-de-l'hostel-dieu\\\/\",\"https:\\\/\\\/www.youtube.com\\\/user\\\/CHDLyon\"]}]}<\/script>\n<!-- \/ Yoast SEO plugin. -->","yoast_head_json":{"title":"Ch\u0153ur Spirito - Le Concert de l&#039;Hostel Dieu","description":"Le Concert de l'Hostel Dieu et la soprano Heather Newhouse collaborent r\u00e9guli\u00e8rement pour des projets tels que Dolce Follia et Folia","robots":{"index":"index","follow":"follow","max-snippet":"max-snippet:-1","max-image-preview":"max-image-preview:large","max-video-preview":"max-video-preview:-1"},"canonical":"https:\/\/www.concert-hosteldieu.com\/en\/nos-artistes-invites\/choeur-spirito\/","og_locale":"en_GB","og_type":"article","og_title":"Ch\u0153ur Spirito - Le Concert de l&#039;Hostel Dieu","og_description":"Le Concert de l'Hostel Dieu et la soprano Heather Newhouse collaborent r\u00e9guli\u00e8rement pour des projets tels que Dolce Follia et Folia","og_url":"https:\/\/www.concert-hosteldieu.com\/en\/nos-artistes-invites\/choeur-spirito\/","og_site_name":"Le Concert de l&#039;Hostel Dieu","article_publisher":"https:\/\/www.facebook.com\/leconcert.delhosteldieu","article_modified_time":"2026-03-25T09:13:19+00:00","og_image":[{"width":1920,"height":1191,"url":"https:\/\/www.concert-hosteldieu.com\/wp-content\/uploads\/2026\/03\/ChoeurSpirito-Concert-\u00a9GuillaumeDucreux-1.jpg","type":"image\/jpeg"}],"twitter_misc":{"Estimated reading time":"4 minutes"},"schema":{"@context":"https:\/\/schema.org","@graph":[{"@type":"WebPage","@id":"https:\/\/www.concert-hosteldieu.com\/nos-artistes-invites\/choeur-spirito\/","url":"https:\/\/www.concert-hosteldieu.com\/nos-artistes-invites\/choeur-spirito\/","name":"Ch\u0153ur Spirito - Le Concert de l&#039;Hostel Dieu","isPartOf":{"@id":"https:\/\/www.concert-hosteldieu.com\/#website"},"primaryImageOfPage":{"@id":"https:\/\/www.concert-hosteldieu.com\/nos-artistes-invites\/choeur-spirito\/#primaryimage"},"image":{"@id":"https:\/\/www.concert-hosteldieu.com\/nos-artistes-invites\/choeur-spirito\/#primaryimage"},"thumbnailUrl":"https:\/\/www.concert-hosteldieu.com\/wp-content\/uploads\/2026\/03\/ChoeurSpirito-Concert-\u00a9GuillaumeDucreux-1.jpg","datePublished":"2026-03-25T08:45:34+00:00","dateModified":"2026-03-25T09:13:19+00:00","description":"Le Concert de l'Hostel Dieu et la soprano Heather Newhouse collaborent r\u00e9guli\u00e8rement pour des projets tels que Dolce Follia et Folia","breadcrumb":{"@id":"https:\/\/www.concert-hosteldieu.com\/nos-artistes-invites\/choeur-spirito\/#breadcrumb"},"inLanguage":"en-GB","potentialAction":[{"@type":"ReadAction","target":["https:\/\/www.concert-hosteldieu.com\/nos-artistes-invites\/choeur-spirito\/"]}]},{"@type":"ImageObject","inLanguage":"en-GB","@id":"https:\/\/www.concert-hosteldieu.com\/nos-artistes-invites\/choeur-spirito\/#primaryimage","url":"https:\/\/www.concert-hosteldieu.com\/wp-content\/uploads\/2026\/03\/ChoeurSpirito-Concert-\u00a9GuillaumeDucreux-1.jpg","contentUrl":"https:\/\/www.concert-hosteldieu.com\/wp-content\/uploads\/2026\/03\/ChoeurSpirito-Concert-\u00a9GuillaumeDucreux-1.jpg","width":1920,"height":1191,"caption":"\u00a9Guillaume Ducreux"},{"@type":"BreadcrumbList","@id":"https:\/\/www.concert-hosteldieu.com\/nos-artistes-invites\/choeur-spirito\/#breadcrumb","itemListElement":[{"@type":"ListItem","position":1,"name":"Accueil","item":"https:\/\/www.concert-hosteldieu.com\/"},{"@type":"ListItem","position":2,"name":"Nos artistes invit\u00e9s","item":"https:\/\/www.concert-hosteldieu.com\/nos-artistes-invites\/"},{"@type":"ListItem","position":3,"name":"Ch\u0153ur Spirito"}]},{"@type":"WebSite","@id":"https:\/\/www.concert-hosteldieu.com\/#website","url":"https:\/\/www.concert-hosteldieu.com\/","name":"Le Concert de l&#039;Hostel Dieu","description":"Franck-Emmanuel Comte","publisher":{"@id":"https:\/\/www.concert-hosteldieu.com\/#organization"},"potentialAction":[{"@type":"SearchAction","target":{"@type":"EntryPoint","urlTemplate":"https:\/\/www.concert-hosteldieu.com\/?s={search_term_string}"},"query-input":{"@type":"PropertyValueSpecification","valueRequired":true,"valueName":"search_term_string"}}],"inLanguage":"en-GB"},{"@type":"Organization","@id":"https:\/\/www.concert-hosteldieu.com\/#organization","name":"Le Concert de l'Hostel Dieu","url":"https:\/\/www.concert-hosteldieu.com\/","logo":{"@type":"ImageObject","inLanguage":"en-GB","@id":"https:\/\/www.concert-hosteldieu.com\/#\/schema\/logo\/image\/","url":"https:\/\/www.concert-hosteldieu.com\/wp-content\/uploads\/2021\/06\/logo-chd-noir-transparent.png","contentUrl":"https:\/\/www.concert-hosteldieu.com\/wp-content\/uploads\/2021\/06\/logo-chd-noir-transparent.png","width":262,"height":106,"caption":"Le Concert de l'Hostel Dieu"},"image":{"@id":"https:\/\/www.concert-hosteldieu.com\/#\/schema\/logo\/image\/"},"sameAs":["https:\/\/www.facebook.com\/leconcert.delhosteldieu","https:\/\/x.com\/CHDLyon","https:\/\/instagram.com\/concert_hostel_dieu","https:\/\/www.linkedin.com\/company\/le-concert-de-l'hostel-dieu\/","https:\/\/www.youtube.com\/user\/CHDLyon"]}]}},"_links":{"self":[{"href":"https:\/\/www.concert-hosteldieu.com\/en\/wp-json\/wp\/v2\/pages\/24173","targetHints":{"allow":["GET"]}}],"collection":[{"href":"https:\/\/www.concert-hosteldieu.com\/en\/wp-json\/wp\/v2\/pages"}],"about":[{"href":"https:\/\/www.concert-hosteldieu.com\/en\/wp-json\/wp\/v2\/types\/page"}],"author":[{"embeddable":true,"href":"https:\/\/www.concert-hosteldieu.com\/en\/wp-json\/wp\/v2\/users\/2776"}],"replies":[{"embeddable":true,"href":"https:\/\/www.concert-hosteldieu.com\/en\/wp-json\/wp\/v2\/comments?post=24173"}],"version-history":[{"count":3,"href":"https:\/\/www.concert-hosteldieu.com\/en\/wp-json\/wp\/v2\/pages\/24173\/revisions"}],"predecessor-version":[{"id":24178,"href":"https:\/\/www.concert-hosteldieu.com\/en\/wp-json\/wp\/v2\/pages\/24173\/revisions\/24178"}],"up":[{"embeddable":true,"href":"https:\/\/www.concert-hosteldieu.com\/en\/wp-json\/wp\/v2\/pages\/12628"}],"wp:featuredmedia":[{"embeddable":true,"href":"https:\/\/www.concert-hosteldieu.com\/en\/wp-json\/wp\/v2\/media\/24170"}],"wp:attachment":[{"href":"https:\/\/www.concert-hosteldieu.com\/en\/wp-json\/wp\/v2\/media?parent=24173"}],"wp:term":[{"taxonomy":"category","embeddable":true,"href":"https:\/\/www.concert-hosteldieu.com\/en\/wp-json\/wp\/v2\/categories?post=24173"},{"taxonomy":"post_tag","embeddable":true,"href":"https:\/\/www.concert-hosteldieu.com\/en\/wp-json\/wp\/v2\/tags?post=24173"}],"curies":[{"name":"wp","href":"https:\/\/api.w.org\/{rel}","templated":true}]}}