{"id":24166,"date":"2026-03-25T10:11:50","date_gmt":"2026-03-25T09:11:50","guid":{"rendered":"https:\/\/www.concert-hosteldieu.com\/?page_id=24166"},"modified":"2026-04-07T16:28:49","modified_gmt":"2026-04-07T15:28:49","slug":"dixit-dominus","status":"publish","type":"page","link":"https:\/\/www.concert-hosteldieu.com\/en\/nos-productions\/dixit-dominus\/","title":{"rendered":"Dixit Dominus"},"content":{"rendered":"<h4>\n\t\t\tLe th\u00e9\u00e2tre des \u00e9motions\t<\/h4>\n\t\t\t\t\t\t<h4>Program details<\/h4>\n\t\t\t<h5><strong>Johann Sebastian Bach (1685-1750)<\/strong><\/h5>\n<p><em><strong>Cantate Christ lag in Todesbanden<\/strong><\/em>, <strong>BWV 4<\/strong> (M\u00fchlhausen, 1707)<br \/><strong><em>Motet Lobet den Herrn<\/em>, BWV 230<\/strong> (Leipzig, vers 1730) dans la version du manuscrit de la Biblioth\u00e8que Municipale de Lyon<\/p>\n<h5><strong>Georg Friedrich Haendel (1685-1759)<\/strong><\/h5>\n<p><em><strong>Dixit Dominus<\/strong><\/em><strong>, HWV 232<\/strong> (Rome, 1707)<\/p>\n\t\t\t\t\t\t<h4>Cast<\/h4>\n\t\t\t<p><strong>Le Concert de l&rsquo;Hostel Dieu<br \/>Reynier Guerrero<\/strong>, violin solo<strong><br \/><\/strong><a href=\"https:\/\/www.concert-hosteldieu.com\/en\/franck-emmanuel-comte\/\">Franck-Emmanuel Comte<\/a>harpsichordist-conductor<\/p>\n<p><strong>Ch\u0153ur de chambre Spirito<\/strong><br \/><strong>Thibaut Louppe<\/strong>, pr\u00e9paration du ch\u0153ur<\/p>\n<hr \/>\n<p><strong>On stage:<\/strong> <br \/>32 artistes (15 instrumentistes, 16 chanteurs, 1 chef d&rsquo;orchestre)<\/p>\n\t<p>Aborder le<em><strong> Dixit Dominus<\/strong><\/em> <strong>by Handel<\/strong>, c&rsquo;est pour nous affirmer une conviction profonde : le r\u00e9pertoire baroque n&rsquo;est pas un patrimoine fig\u00e9, mais un v\u00e9ritable th\u00e9\u00e2tre d&rsquo;\u00e9motions, un laboratoire sonore o\u00f9 la musique se vit comme une exp\u00e9rience physique, dramatique et sensorielle. Compos\u00e9e en 1707, cette \u0153uvre fulgurante r\u00e9v\u00e8le un Haendel jeune, audacieux, nourri de l&rsquo;exub\u00e9rance italienne et d\u00e9j\u00e0 anim\u00e9 par un instinct th\u00e9\u00e2tral irr\u00e9sistible. Le <strong><em>Dixit Dominus<\/em><\/strong> n&rsquo;est pas seulement une \u0153uvre sacr\u00e9e ; c&rsquo;est une fresque dramatique o\u00f9 la parole biblique se fait geste, tension, mouvement, lumi\u00e8re et vertige sonore. Cette dimension spectaculaire constitue le c\u0153ur de notre approche et r\u00e9v\u00e8le toute la modernit\u00e9 d&rsquo;un Haendel visionnaire.<\/p>\n<p>Compos\u00e9e la m\u00eame ann\u00e9e, <em><strong>Christ lag in Todesbanden<\/strong><\/em> illustre la puissance dramatique et expressive du jeune <strong>Bach<\/strong>, perceptible d\u00e8s ses premi\u00e8res cantates. Alternant choral monumental, airs et ensembles, l&rsquo;\u0153uvre m\u00eale virtuosit\u00e9 vocale et clart\u00e9 contrapuntique lumineuse. Compl\u00e9ment rh\u00e9torique du <em><strong>Dixit Dominus<\/strong><\/em>, elle propose une vision diff\u00e9rente de l&rsquo;au-del\u00e0 : entre ombre et lumi\u00e8re, la puissance divine y appara\u00eet nuanc\u00e9e, profond\u00e9ment proche de l&rsquo;humanit\u00e9. Passerelle lumineuse entre ces deux grands chefs d&rsquo;\u0153uvre nous donnerons \u00e0 d\u00e9couvrir une version in\u00e9dite du Motet Lobet den Herrn, \u00e0 partir d&rsquo;un manuscrit conserv\u00e9 \u00e0 la Biblioth\u00e8que municipale de Lyon.<\/p>\n<p>Notre approche, partag\u00e9e avec le <a href=\"https:\/\/www.spirito.co\/spirito\/\" target=\"_blank\" rel=\"noopener\"><strong>Ch\u0153ur de chambre professionnel Spirito<\/strong><\/a>, repose sur une interpr\u00e9tation historiquement inform\u00e9e, con\u00e7ue comme un point de d\u00e9part plut\u00f4t qu&rsquo;une finalit\u00e9. La recherche sur les sources, les instruments anciens, l&rsquo;ornementation et la rh\u00e9torique baroque nourrit une lecture vivante et engag\u00e9e des \u0153uvres de <strong>Bach<\/strong> and <strong>Haendel<\/strong>. Cette d\u00e9marche vise \u00e0 restituer leur \u00e9nergie premi\u00e8re, leur force expressive et leur pouvoir de saisissement, en explorant la richesse des couleurs instrumentales et la plasticit\u00e9 du discours musical.<\/p>\n<h4  id=\"image\">\n\t\t\tPICTURES\t<\/h4>\n<h4  id=\"agenda\">\n\t\t\tCALENDAR\t<\/h4>\n\t<p>Cr\u00e9ation \u00e0 venir<\/p>\n<h4  id=\"agenda\">\n\t\t\tPARTENAIRES\t<\/h4>\n\t<p><a href=\"https:\/\/www.bm-lyon.fr\/\" target=\"_blank\" rel=\"noopener\"><img loading=\"lazy\" decoding=\"async\" src=\"https:\/\/www.concert-hosteldieu.com\/wp-content\/uploads\/2026\/03\/Logo-Spirito-Choeur-de-chambre-nb-01-300x178.jpg\" alt=\"\" width=\"300\" height=\"178\" \/>\u00a0<\/a><\/p>\n<h4  id=\"artiste\">\n\t\t\tASSOCIATED ARTISTS\t<\/h4>\n\t\t\t\t\t\t\t\t\t\t\t\t\t\t<a href=\"https:\/\/www.concert-hosteldieu.com\/en\/franck-emmanuel-comte\/\" target=\"_self\" title=\"Franck-Emmanuel Comte\">\n\t\t\t\t<img decoding=\"async\" src=\"https:\/\/www.concert-hosteldieu.com\/wp-content\/uploads\/2021\/07\/CHD-FE-Comte-portrait-Jean-Combier-6.jpg\" alt=\"Franck-Emmanuel Comte, directeur artistique du Concert de l&#039;Hostel Dieu\" \/>\n\t\t\t\t<\/a>\n\t\t\t\t\t\t<h3>\n\t\t\t\t<a href=\"https:\/\/www.concert-hosteldieu.com\/en\/franck-emmanuel-comte\/\" title=\"Franck-Emmanuel Comte\">Franck-Emmanuel Comte<\/a>\t\t\t<\/h3>\n\t\t\t\t\t\t\t\t\t\t\t\t\t\t<a href=\"https:\/\/www.concert-hosteldieu.com\/en\/nos-artistes-invites\/choeur-spirito\/\" target=\"_self\" title=\"Ch\u0153ur Spirito\">\n\t\t\t\t<img decoding=\"async\" src=\"https:\/\/www.concert-hosteldieu.com\/wp-content\/uploads\/2026\/03\/ChoeurSpirito-Concert-\u00a9GuillaumeDucreux-1.jpg\" alt=\"\" \/>\n\t\t\t\t<\/a>\n\t\t\t\t\t\t<h3>\n\t\t\t\t<a href=\"https:\/\/www.concert-hosteldieu.com\/en\/nos-artistes-invites\/choeur-spirito\/\" title=\"Ch\u0153ur Spirito\">Ch\u0153ur Spirito<\/a>\t\t\t<\/h3>\n\t\t\t\t\t\t\t\t\t\t\t\t\t\t<a href=\"https:\/\/www.concert-hosteldieu.com\/en\/nos-musiciens\/reynier-guerrero\/\" target=\"_self\" title=\"Reynier Guerrero\">\n\t\t\t\t<img decoding=\"async\" src=\"https:\/\/www.concert-hosteldieu.com\/wp-content\/uploads\/2025\/05\/24-12-05_Prima-Donna_Salle-Saint-Helene-Lyon-\u00a9Karelle-Perdrizet-7.jpg\" alt=\"\" \/>\n\t\t\t\t<\/a>\n\t\t\t\t\t\t<h3>\n\t\t\t\t<a href=\"https:\/\/www.concert-hosteldieu.com\/en\/nos-musiciens\/reynier-guerrero\/\" title=\"Reynier Guerrero\">Reynier Guerrero<\/a>\t\t\t<\/h3>","protected":false},"excerpt":{"rendered":"<p>Le th\u00e9\u00e2tre des \u00e9motions Programme Johann Sebastian Bach (1685-1750) Cantate Christ lag in Todesbanden, BWV 4 (M\u00fchlhausen, 1707)Motet Lobet den Herrn, BWV 230 (Leipzig, vers 1730) dans la version du manuscrit de la Biblioth\u00e8que Municipale de Lyon Georg Friedrich Haendel [&hellip;]<\/p>\n","protected":false},"author":2776,"featured_media":24167,"parent":23593,"menu_order":0,"comment_status":"closed","ping_status":"closed","template":"","meta":{"site-sidebar-layout":"default","site-content-layout":"","ast-site-content-layout":"full-width-container","site-content-style":"unboxed","site-sidebar-style":"unboxed","ast-global-header-display":"","ast-banner-title-visibility":"","ast-main-header-display":"","ast-hfb-above-header-display":"","ast-hfb-below-header-display":"","ast-hfb-mobile-header-display":"","site-post-title":"disabled","ast-breadcrumbs-content":"","ast-featured-img":"disabled","footer-sml-layout":"","ast-disable-related-posts":"","theme-transparent-header-meta":"default","adv-header-id-meta":"","stick-header-meta":"default","header-above-stick-meta":"","header-main-stick-meta":"","header-below-stick-meta":"","astra-migrate-meta-layouts":"set","ast-page-background-enabled":"default","ast-page-background-meta":{"desktop":{"background-color":"","background-image":"","background-repeat":"repeat","background-position":"center center","background-size":"auto","background-attachment":"scroll","background-type":"","background-media":"","overlay-type":"","overlay-color":"","overlay-opacity":"","overlay-gradient":""},"tablet":{"background-color":"","background-image":"","background-repeat":"repeat","background-position":"center center","background-size":"auto","background-attachment":"scroll","background-type":"","background-media":"","overlay-type":"","overlay-color":"","overlay-opacity":"","overlay-gradient":""},"mobile":{"background-color":"","background-image":"","background-repeat":"repeat","background-position":"center center","background-size":"auto","background-attachment":"scroll","background-type":"","background-media":"","overlay-type":"","overlay-color":"","overlay-opacity":"","overlay-gradient":""}},"ast-content-background-meta":{"desktop":{"background-color":"var(--ast-global-color-5)","background-image":"","background-repeat":"repeat","background-position":"center center","background-size":"auto","background-attachment":"scroll","background-type":"","background-media":"","overlay-type":"","overlay-color":"","overlay-opacity":"","overlay-gradient":""},"tablet":{"background-color":"var(--ast-global-color-5)","background-image":"","background-repeat":"repeat","background-position":"center center","background-size":"auto","background-attachment":"scroll","background-type":"","background-media":"","overlay-type":"","overlay-color":"","overlay-opacity":"","overlay-gradient":""},"mobile":{"background-color":"var(--ast-global-color-5)","background-image":"","background-repeat":"repeat","background-position":"center center","background-size":"auto","background-attachment":"scroll","background-type":"","background-media":"","overlay-type":"","overlay-color":"","overlay-opacity":"","overlay-gradient":""}},"footnotes":""},"categories":[451],"tags":[],"class_list":["post-24166","page","type-page","status-publish","has-post-thumbnail","hentry","category-nos-productions"],"yoast_head":"<!-- This site is optimized with the Yoast SEO plugin v27.3 - https:\/\/yoast.com\/product\/yoast-seo-wordpress\/ -->\n<title>Dixit Dominus - Le Concert de l&#039;Hostel Dieu<\/title>\n<meta name=\"robots\" content=\"index, follow, max-snippet:-1, max-image-preview:large, max-video-preview:-1\" \/>\n<link rel=\"canonical\" href=\"https:\/\/www.concert-hosteldieu.com\/en\/nos-productions\/dixit-dominus\/\" \/>\n<meta property=\"og:locale\" content=\"en_GB\" \/>\n<meta property=\"og:type\" content=\"article\" \/>\n<meta property=\"og:title\" content=\"Dixit Dominus - Le Concert de l&#039;Hostel Dieu\" \/>\n<meta property=\"og:description\" content=\"Le th\u00e9\u00e2tre des \u00e9motions Programme Johann Sebastian Bach (1685-1750) Cantate Christ lag in Todesbanden, BWV 4 (M\u00fchlhausen, 1707)Motet Lobet den Herrn, BWV 230 (Leipzig, vers 1730) dans la version du manuscrit de la Biblioth\u00e8que Municipale de Lyon Georg Friedrich Haendel [&hellip;]\" \/>\n<meta property=\"og:url\" content=\"https:\/\/www.concert-hosteldieu.com\/en\/nos-productions\/dixit-dominus\/\" \/>\n<meta property=\"og:site_name\" content=\"Le Concert de l&#039;Hostel Dieu\" \/>\n<meta property=\"article:publisher\" content=\"https:\/\/www.facebook.com\/leconcert.delhosteldieu\" \/>\n<meta property=\"article:modified_time\" content=\"2026-04-07T15:28:49+00:00\" \/>\n<meta property=\"og:image\" content=\"https:\/\/www.concert-hosteldieu.com\/wp-content\/uploads\/2026\/03\/Dixit-Dominus-IA.png\" \/>\n\t<meta property=\"og:image:width\" content=\"1024\" \/>\n\t<meta property=\"og:image:height\" content=\"1536\" \/>\n\t<meta property=\"og:image:type\" content=\"image\/png\" \/>\n<meta name=\"twitter:label1\" content=\"Estimated reading time\" \/>\n\t<meta name=\"twitter:data1\" content=\"5 minutes\" \/>\n<script type=\"application\/ld+json\" class=\"yoast-schema-graph\">{\"@context\":\"https:\\\/\\\/schema.org\",\"@graph\":[{\"@type\":\"WebPage\",\"@id\":\"https:\\\/\\\/www.concert-hosteldieu.com\\\/nos-productions\\\/dixit-dominus\\\/\",\"url\":\"https:\\\/\\\/www.concert-hosteldieu.com\\\/nos-productions\\\/dixit-dominus\\\/\",\"name\":\"Dixit Dominus - Le Concert de l&#039;Hostel Dieu\",\"isPartOf\":{\"@id\":\"https:\\\/\\\/www.concert-hosteldieu.com\\\/#website\"},\"primaryImageOfPage\":{\"@id\":\"https:\\\/\\\/www.concert-hosteldieu.com\\\/nos-productions\\\/dixit-dominus\\\/#primaryimage\"},\"image\":{\"@id\":\"https:\\\/\\\/www.concert-hosteldieu.com\\\/nos-productions\\\/dixit-dominus\\\/#primaryimage\"},\"thumbnailUrl\":\"https:\\\/\\\/www.concert-hosteldieu.com\\\/wp-content\\\/uploads\\\/2026\\\/03\\\/Dixit-Dominus-IA.png\",\"datePublished\":\"2026-03-25T09:11:50+00:00\",\"dateModified\":\"2026-04-07T15:28:49+00:00\",\"breadcrumb\":{\"@id\":\"https:\\\/\\\/www.concert-hosteldieu.com\\\/nos-productions\\\/dixit-dominus\\\/#breadcrumb\"},\"inLanguage\":\"en-GB\",\"potentialAction\":[{\"@type\":\"ReadAction\",\"target\":[\"https:\\\/\\\/www.concert-hosteldieu.com\\\/nos-productions\\\/dixit-dominus\\\/\"]}]},{\"@type\":\"ImageObject\",\"inLanguage\":\"en-GB\",\"@id\":\"https:\\\/\\\/www.concert-hosteldieu.com\\\/nos-productions\\\/dixit-dominus\\\/#primaryimage\",\"url\":\"https:\\\/\\\/www.concert-hosteldieu.com\\\/wp-content\\\/uploads\\\/2026\\\/03\\\/Dixit-Dominus-IA.png\",\"contentUrl\":\"https:\\\/\\\/www.concert-hosteldieu.com\\\/wp-content\\\/uploads\\\/2026\\\/03\\\/Dixit-Dominus-IA.png\",\"width\":1024,\"height\":1536},{\"@type\":\"BreadcrumbList\",\"@id\":\"https:\\\/\\\/www.concert-hosteldieu.com\\\/nos-productions\\\/dixit-dominus\\\/#breadcrumb\",\"itemListElement\":[{\"@type\":\"ListItem\",\"position\":1,\"name\":\"Accueil\",\"item\":\"https:\\\/\\\/www.concert-hosteldieu.com\\\/\"},{\"@type\":\"ListItem\",\"position\":2,\"name\":\"Nos productions\",\"item\":\"https:\\\/\\\/www.concert-hosteldieu.com\\\/nos-productions\\\/\"},{\"@type\":\"ListItem\",\"position\":3,\"name\":\"Dixit Dominus\"}]},{\"@type\":\"WebSite\",\"@id\":\"https:\\\/\\\/www.concert-hosteldieu.com\\\/#website\",\"url\":\"https:\\\/\\\/www.concert-hosteldieu.com\\\/\",\"name\":\"Le Concert de l&#039;Hostel Dieu\",\"description\":\"Franck-Emmanuel Comte\",\"publisher\":{\"@id\":\"https:\\\/\\\/www.concert-hosteldieu.com\\\/#organization\"},\"potentialAction\":[{\"@type\":\"SearchAction\",\"target\":{\"@type\":\"EntryPoint\",\"urlTemplate\":\"https:\\\/\\\/www.concert-hosteldieu.com\\\/?s={search_term_string}\"},\"query-input\":{\"@type\":\"PropertyValueSpecification\",\"valueRequired\":true,\"valueName\":\"search_term_string\"}}],\"inLanguage\":\"en-GB\"},{\"@type\":\"Organization\",\"@id\":\"https:\\\/\\\/www.concert-hosteldieu.com\\\/#organization\",\"name\":\"Le Concert de l'Hostel Dieu\",\"url\":\"https:\\\/\\\/www.concert-hosteldieu.com\\\/\",\"logo\":{\"@type\":\"ImageObject\",\"inLanguage\":\"en-GB\",\"@id\":\"https:\\\/\\\/www.concert-hosteldieu.com\\\/#\\\/schema\\\/logo\\\/image\\\/\",\"url\":\"https:\\\/\\\/www.concert-hosteldieu.com\\\/wp-content\\\/uploads\\\/2021\\\/06\\\/logo-chd-noir-transparent.png\",\"contentUrl\":\"https:\\\/\\\/www.concert-hosteldieu.com\\\/wp-content\\\/uploads\\\/2021\\\/06\\\/logo-chd-noir-transparent.png\",\"width\":262,\"height\":106,\"caption\":\"Le Concert de l'Hostel Dieu\"},\"image\":{\"@id\":\"https:\\\/\\\/www.concert-hosteldieu.com\\\/#\\\/schema\\\/logo\\\/image\\\/\"},\"sameAs\":[\"https:\\\/\\\/www.facebook.com\\\/leconcert.delhosteldieu\",\"https:\\\/\\\/x.com\\\/CHDLyon\",\"https:\\\/\\\/instagram.com\\\/concert_hostel_dieu\",\"https:\\\/\\\/www.linkedin.com\\\/company\\\/le-concert-de-l'hostel-dieu\\\/\",\"https:\\\/\\\/www.youtube.com\\\/user\\\/CHDLyon\"]}]}<\/script>\n<!-- \/ Yoast SEO plugin. -->","yoast_head_json":{"title":"Dixit Dominus - Le Concert de l&#039;Hostel Dieu","robots":{"index":"index","follow":"follow","max-snippet":"max-snippet:-1","max-image-preview":"max-image-preview:large","max-video-preview":"max-video-preview:-1"},"canonical":"https:\/\/www.concert-hosteldieu.com\/en\/nos-productions\/dixit-dominus\/","og_locale":"en_GB","og_type":"article","og_title":"Dixit Dominus - Le Concert de l&#039;Hostel Dieu","og_description":"Le th\u00e9\u00e2tre des \u00e9motions Programme Johann Sebastian Bach (1685-1750) Cantate Christ lag in Todesbanden, BWV 4 (M\u00fchlhausen, 1707)Motet Lobet den Herrn, BWV 230 (Leipzig, vers 1730) dans la version du manuscrit de la Biblioth\u00e8que Municipale de Lyon Georg Friedrich Haendel [&hellip;]","og_url":"https:\/\/www.concert-hosteldieu.com\/en\/nos-productions\/dixit-dominus\/","og_site_name":"Le Concert de l&#039;Hostel Dieu","article_publisher":"https:\/\/www.facebook.com\/leconcert.delhosteldieu","article_modified_time":"2026-04-07T15:28:49+00:00","og_image":[{"width":1024,"height":1536,"url":"https:\/\/www.concert-hosteldieu.com\/wp-content\/uploads\/2026\/03\/Dixit-Dominus-IA.png","type":"image\/png"}],"twitter_misc":{"Estimated reading time":"5 minutes"},"schema":{"@context":"https:\/\/schema.org","@graph":[{"@type":"WebPage","@id":"https:\/\/www.concert-hosteldieu.com\/nos-productions\/dixit-dominus\/","url":"https:\/\/www.concert-hosteldieu.com\/nos-productions\/dixit-dominus\/","name":"Dixit Dominus - Le Concert de l&#039;Hostel Dieu","isPartOf":{"@id":"https:\/\/www.concert-hosteldieu.com\/#website"},"primaryImageOfPage":{"@id":"https:\/\/www.concert-hosteldieu.com\/nos-productions\/dixit-dominus\/#primaryimage"},"image":{"@id":"https:\/\/www.concert-hosteldieu.com\/nos-productions\/dixit-dominus\/#primaryimage"},"thumbnailUrl":"https:\/\/www.concert-hosteldieu.com\/wp-content\/uploads\/2026\/03\/Dixit-Dominus-IA.png","datePublished":"2026-03-25T09:11:50+00:00","dateModified":"2026-04-07T15:28:49+00:00","breadcrumb":{"@id":"https:\/\/www.concert-hosteldieu.com\/nos-productions\/dixit-dominus\/#breadcrumb"},"inLanguage":"en-GB","potentialAction":[{"@type":"ReadAction","target":["https:\/\/www.concert-hosteldieu.com\/nos-productions\/dixit-dominus\/"]}]},{"@type":"ImageObject","inLanguage":"en-GB","@id":"https:\/\/www.concert-hosteldieu.com\/nos-productions\/dixit-dominus\/#primaryimage","url":"https:\/\/www.concert-hosteldieu.com\/wp-content\/uploads\/2026\/03\/Dixit-Dominus-IA.png","contentUrl":"https:\/\/www.concert-hosteldieu.com\/wp-content\/uploads\/2026\/03\/Dixit-Dominus-IA.png","width":1024,"height":1536},{"@type":"BreadcrumbList","@id":"https:\/\/www.concert-hosteldieu.com\/nos-productions\/dixit-dominus\/#breadcrumb","itemListElement":[{"@type":"ListItem","position":1,"name":"Accueil","item":"https:\/\/www.concert-hosteldieu.com\/"},{"@type":"ListItem","position":2,"name":"Nos productions","item":"https:\/\/www.concert-hosteldieu.com\/nos-productions\/"},{"@type":"ListItem","position":3,"name":"Dixit Dominus"}]},{"@type":"WebSite","@id":"https:\/\/www.concert-hosteldieu.com\/#website","url":"https:\/\/www.concert-hosteldieu.com\/","name":"Le Concert de l&#039;Hostel Dieu","description":"Franck-Emmanuel Comte","publisher":{"@id":"https:\/\/www.concert-hosteldieu.com\/#organization"},"potentialAction":[{"@type":"SearchAction","target":{"@type":"EntryPoint","urlTemplate":"https:\/\/www.concert-hosteldieu.com\/?s={search_term_string}"},"query-input":{"@type":"PropertyValueSpecification","valueRequired":true,"valueName":"search_term_string"}}],"inLanguage":"en-GB"},{"@type":"Organization","@id":"https:\/\/www.concert-hosteldieu.com\/#organization","name":"Le Concert de l'Hostel Dieu","url":"https:\/\/www.concert-hosteldieu.com\/","logo":{"@type":"ImageObject","inLanguage":"en-GB","@id":"https:\/\/www.concert-hosteldieu.com\/#\/schema\/logo\/image\/","url":"https:\/\/www.concert-hosteldieu.com\/wp-content\/uploads\/2021\/06\/logo-chd-noir-transparent.png","contentUrl":"https:\/\/www.concert-hosteldieu.com\/wp-content\/uploads\/2021\/06\/logo-chd-noir-transparent.png","width":262,"height":106,"caption":"Le Concert de l'Hostel Dieu"},"image":{"@id":"https:\/\/www.concert-hosteldieu.com\/#\/schema\/logo\/image\/"},"sameAs":["https:\/\/www.facebook.com\/leconcert.delhosteldieu","https:\/\/x.com\/CHDLyon","https:\/\/instagram.com\/concert_hostel_dieu","https:\/\/www.linkedin.com\/company\/le-concert-de-l'hostel-dieu\/","https:\/\/www.youtube.com\/user\/CHDLyon"]}]}},"_links":{"self":[{"href":"https:\/\/www.concert-hosteldieu.com\/en\/wp-json\/wp\/v2\/pages\/24166","targetHints":{"allow":["GET"]}}],"collection":[{"href":"https:\/\/www.concert-hosteldieu.com\/en\/wp-json\/wp\/v2\/pages"}],"about":[{"href":"https:\/\/www.concert-hosteldieu.com\/en\/wp-json\/wp\/v2\/types\/page"}],"author":[{"embeddable":true,"href":"https:\/\/www.concert-hosteldieu.com\/en\/wp-json\/wp\/v2\/users\/2776"}],"replies":[{"embeddable":true,"href":"https:\/\/www.concert-hosteldieu.com\/en\/wp-json\/wp\/v2\/comments?post=24166"}],"version-history":[{"count":6,"href":"https:\/\/www.concert-hosteldieu.com\/en\/wp-json\/wp\/v2\/pages\/24166\/revisions"}],"predecessor-version":[{"id":24206,"href":"https:\/\/www.concert-hosteldieu.com\/en\/wp-json\/wp\/v2\/pages\/24166\/revisions\/24206"}],"up":[{"embeddable":true,"href":"https:\/\/www.concert-hosteldieu.com\/en\/wp-json\/wp\/v2\/pages\/23593"}],"wp:featuredmedia":[{"embeddable":true,"href":"https:\/\/www.concert-hosteldieu.com\/en\/wp-json\/wp\/v2\/media\/24167"}],"wp:attachment":[{"href":"https:\/\/www.concert-hosteldieu.com\/en\/wp-json\/wp\/v2\/media?parent=24166"}],"wp:term":[{"taxonomy":"category","embeddable":true,"href":"https:\/\/www.concert-hosteldieu.com\/en\/wp-json\/wp\/v2\/categories?post=24166"},{"taxonomy":"post_tag","embeddable":true,"href":"https:\/\/www.concert-hosteldieu.com\/en\/wp-json\/wp\/v2\/tags?post=24166"}],"curies":[{"name":"wp","href":"https:\/\/api.w.org\/{rel}","templated":true}]}}