{"id":23992,"date":"2026-01-09T14:32:25","date_gmt":"2026-01-09T13:32:25","guid":{"rendered":"https:\/\/www.concert-hosteldieu.com\/?page_id=23992"},"modified":"2026-01-09T14:32:25","modified_gmt":"2026-01-09T13:32:25","slug":"choeur-de-chambre-de-namur","status":"publish","type":"page","link":"https:\/\/www.concert-hosteldieu.com\/en\/nos-artistes-invites\/choeur-de-chambre-de-namur\/","title":{"rendered":"Ch\u0153ur de Chambre de Namur"},"content":{"rendered":"<h2>\n\t\t\t\t<a href=\"https:\/\/cavema.be\/fr\/ensemble\/2-choeur-chambre\" title=\"Ch\u0153ur de Chambre de Namur\" target=\"_self\"  aria-label=\"Aller \u00e0 https:\/\/cavema.be\/fr\/ensemble\/2-choeur-chambre\">\n\t\t\t\tCh\u0153ur de Chambre de Namur\n\t\t\t\t<\/a>\n\t\t\t<\/h2>\n\t<strong><a href=\"https:\/\/cavema.be\/fr\/ensemble\/2-choeur-chambre\" target=\"_blank\" rel=\"noopener\">CH\u0152UR de CHAMBRE de NAMUR<\/a> &#8211; BIOGRAPHIE 2024<br \/>\n<\/strong><strong>DIRECTION ARTISTIQUE\u00a0: Leonardo Garc\u00eda-Alarc\u00f3n<br \/>\n<\/strong><strong>ASSISTANT\u00a0: Thibaut Lenaerts<\/strong>\n<p>Depuis sa cr\u00e9ation en 1987, le Ch\u0153ur de Chambre de Namur s&rsquo;attache \u00e0 la d\u00e9fense du patrimoine musical de sa r\u00e9gion d&rsquo;origine (Lassus, Arcadelt, Rogier, Du Mont, Gossec, Gr\u00e9try&#8230;) tout en abordant de grandes \u0153uvres du r\u00e9pertoire choral.<\/p>\n<p>Invit\u00e9 des festivals les plus r\u00e9put\u00e9s d&rsquo;Europe, il travaille sous la direction de chefs comme Christophe Rousset, Ren\u00e9 Jacobs, Alexis Kossenko, Julien Chauvin, Reinoud Van Mechelen, Gergely Madaras, etc.<\/p>\n<p>\u00c0 son actif il a de nombreux enregistrements, grandement appr\u00e9ci\u00e9s par la critique (nominations aux Victoires de la Musique Classique, Choc de Classica, Diapason d&rsquo;Or, Joker de Crescendo, 4F de T\u00e9l\u00e9rama, Editor&rsquo;s Choice de Gramophone, ICMA, Prix Caecilia de la presse belge&#8230;). Le Ch\u0153ur de Chambre de Namur s&rsquo;est \u00e9galement vu attribuer le Grand Prix de l&rsquo;Acad\u00e9mie Charles Cros en 2003, le Prix de l&rsquo;Acad\u00e9mie Fran\u00e7aise en 2006, l&rsquo;Octave de la Musique en 2007 et en 2012 dans les cat\u00e9gories \u00ab musique classique \u00bb et \u00ab spectacle de l&rsquo;ann\u00e9e \u00bb.<\/p>\n<p>En 2010, la direction artistique du Ch\u0153ur de Chambre de Namur a \u00e9t\u00e9 confi\u00e9e au chef argentin Leonardo Garc\u00eda Alarc\u00f3n. En 2016, il a particip\u00e9 \u00e0 sa premi\u00e8re production sc\u00e9nique \u00e0 l&rsquo;Op\u00e9ra de Paris (<em>Eliogabalo <\/em>de Cavalli). En 2017, il \u00e9tait \u00e0 l&rsquo;affiche de <em>Dido and Aeneas <\/em>de Purcell, \u00e0 l&rsquo;Op\u00e9ra Royal de Wallonie, \u00e0 Li\u00e8ge, sous la direction de Guy Van Waas.<\/p>\n<p>La saison 2017-2018 a \u00e9t\u00e9 marqu\u00e9e par le 30e anniversaire du Ch\u0153ur. L&rsquo;<em>Orfeo <\/em>de Monteverdi, en 2017, a constitu\u00e9 la premi\u00e8re \u00e9tape de cet anniversaire, dans l&rsquo;Europe enti\u00e8re et en Am\u00e9rique du Sud. En 2018, les productions des <em>Grands Motets <\/em>de Lully, de la <em>Passio del Venerdi Santo <\/em>de Veneziano, de messe et motets de Jacques Arcadelt et de l&rsquo;oratorio <em>Samson <\/em>de Haendel en ont constitu\u00e9 les autres points forts, avec diverses captations TV et enregistrements CD, tous dirig\u00e9s par Leonardo Garc\u00eda Alarc\u00f3n.<\/p>\n<p>En 2019, le Ch\u0153ur de Chambre de Namur a mis \u00e0 son r\u00e9pertoire <em>Sa\u00fcl <\/em>de Handel \u00e0 Namur et \u00e0 Beaune, <em>Isis <\/em>de Lully \u00e0 Beaune, Paris et Versailles, et <em>Les Indes Galantes <\/em>de Rameau \u00e0 l&rsquo;Op\u00e9ra de Paris. Il a \u00e9galement cr\u00e9\u00e9 une nouvelle \u0153uvre du compositeur belge Michel Fourgon, <em>Goethes-Fragmente<\/em>.<\/p>\n<p>De 2020 \u00e0 2025, le Ch\u0153ur de Chambre de Namur poursuit son p\u00e9riple au sein des grandes \u0153uvres\u00a0 chorales de\u00a0\u00a0\u00a0\u00a0\u00a0 Handel\u00a0 (<em>The Messiah<\/em> and <em>Jephtha<\/em> avec Christophe Rousset, <em>Semele, Solomon, Theodora<\/em> avec Leonardo Garc\u00eda Alarc\u00f3n), aborde un r\u00e9pertoire vari\u00e9 avec son directeur artistique (<em>Passion selon St-Matthieu<\/em>, <em>Passion selon St-Jean<\/em> en collaboration avec la chor\u00e9graphe Sasha Waltz et cantates profanes de Bach, <em>Vespro<\/em> and <em>Orfeo<\/em> de Monteverdi, <em>La J\u00e9rusalem d\u00e9livr\u00e9e<\/em> de Philippe d&rsquo;Orl\u00e9ans,&#8230;) et ouvre son r\u00e9pertoire, entre autres,\u00a0 \u00e0 l&rsquo;op\u00e9rette (<em>La Vie Parisienne<\/em> de Jacques Offenbach, au TCE). Il prolonge \u00e9galement des collaborations privil\u00e9gi\u00e9es avec Christophe Rousset et les Talens Lyriques (<em>Th\u00e9s\u00e9e<\/em>, <em>Atys<\/em> and <em>Proserpine<\/em> de Lully, <em>Passion selon St-Matthieu<\/em> de Bach), Julien Chauvin et le Concert de la Loge (<em>Requiem<\/em> de Mozart, <em>Cr\u00e9ation<\/em> de Haydn), Reinoud Van Mechelen et A Nocte Temporis (<em>Acis et Galat\u00e9e<\/em> d&rsquo;Elisabeth Jacquet de la Guerre, <em>Passion selon St-Jean<\/em> de Bach, <em>Pygmalion<\/em> de Rameau) et en d\u00e9bute d&rsquo;autres avec Alexis Kossenko et les Amabassadeurs (<em>Zoroastre<\/em> de Rameau, <em>Carnaval du Parnasse<\/em> de Mondonville, <em>Messe en Ut<\/em> de Mozart, <em>Die Erste Walpurgisnacht<\/em> de Mendelssohn, <em>Dardanus<\/em> de Rameau), ainsi qu&rsquo;avec Ren\u00e9 Jacobs et B&rsquo;Rock Orchestra (<em>Carmen<\/em> de Bizet)<\/p>\n<p>Le r\u00e9pertoire abord\u00e9 par le ch\u0153ur est tr\u00e8s large, puisqu&rsquo;il s&rsquo;\u00e9tend du Moyen-\u00c2ge \u00e0 la musique contemporaine.<\/p>\n<p><em>Le Ch\u0153ur de Chambre de Namur b\u00e9n\u00e9ficie du soutien de la F\u00e9d\u00e9ration Wallonie-Bruxelles (service de la musique et<\/em><em>\u00a0de la danse), de la Loterie Nationale et de la Ville de Namur.<\/em><\/p>\n<h4>\n\t\t\tRetrouvez Le Ch\u0153ur de Chambre de Namur dans :\t<\/h4>\n\t\t\t\t\t\t\t\t\t\t\t\t\t\t<a href=\"https:\/\/www.concert-hosteldieu.com\/en\/nos-productions\/missa-concertata\/\" target=\"_self\" title=\"Missa Concertata\">\n\t\t\t\t<img decoding=\"async\" src=\"https:\/\/www.concert-hosteldieu.com\/wp-content\/uploads\/2024\/12\/BML_crop.jpg\" alt=\"\" \/>\n\t\t\t\t<\/a>\n\t\t\t\t\t\t<h3>\n\t\t\t\t<a href=\"https:\/\/www.concert-hosteldieu.com\/en\/nos-productions\/missa-concertata\/\" title=\"Missa Concertata\">Missa Concertata<\/a>\t\t\t<\/h3>","protected":false},"excerpt":{"rendered":"<p>Ch\u0153ur de Chambre de Namur CH\u0152UR de CHAMBRE de NAMUR &#8211; BIOGRAPHIE 2024 DIRECTION ARTISTIQUE\u00a0: Leonardo Garc\u00eda-Alarc\u00f3n ASSISTANT\u00a0: Thibaut Lenaerts Depuis sa cr\u00e9ation en 1987, le Ch\u0153ur de Chambre de Namur s&rsquo;attache \u00e0 la d\u00e9fense du patrimoine musical de sa [&hellip;]<\/p>\n","protected":false},"author":2776,"featured_media":23993,"parent":12628,"menu_order":0,"comment_status":"closed","ping_status":"closed","template":"","meta":{"site-sidebar-layout":"no-sidebar","site-content-layout":"","ast-site-content-layout":"full-width-container","site-content-style":"unboxed","site-sidebar-style":"unboxed","ast-global-header-display":"","ast-banner-title-visibility":"","ast-main-header-display":"","ast-hfb-above-header-display":"","ast-hfb-below-header-display":"","ast-hfb-mobile-header-display":"","site-post-title":"disabled","ast-breadcrumbs-content":"","ast-featured-img":"disabled","footer-sml-layout":"","ast-disable-related-posts":"","theme-transparent-header-meta":"enabled","adv-header-id-meta":"","stick-header-meta":"default","header-above-stick-meta":"","header-main-stick-meta":"","header-below-stick-meta":"","astra-migrate-meta-layouts":"set","ast-page-background-enabled":"default","ast-page-background-meta":{"desktop":{"background-color":"","background-image":"","background-repeat":"repeat","background-position":"center center","background-size":"auto","background-attachment":"scroll","background-type":"","background-media":"","overlay-type":"","overlay-color":"","overlay-opacity":"","overlay-gradient":""},"tablet":{"background-color":"","background-image":"","background-repeat":"repeat","background-position":"center center","background-size":"auto","background-attachment":"scroll","background-type":"","background-media":"","overlay-type":"","overlay-color":"","overlay-opacity":"","overlay-gradient":""},"mobile":{"background-color":"","background-image":"","background-repeat":"repeat","background-position":"center center","background-size":"auto","background-attachment":"scroll","background-type":"","background-media":"","overlay-type":"","overlay-color":"","overlay-opacity":"","overlay-gradient":""}},"ast-content-background-meta":{"desktop":{"background-color":"var(--ast-global-color-5)","background-image":"","background-repeat":"repeat","background-position":"center center","background-size":"auto","background-attachment":"scroll","background-type":"","background-media":"","overlay-type":"","overlay-color":"","overlay-opacity":"","overlay-gradient":""},"tablet":{"background-color":"var(--ast-global-color-5)","background-image":"","background-repeat":"repeat","background-position":"center center","background-size":"auto","background-attachment":"scroll","background-type":"","background-media":"","overlay-type":"","overlay-color":"","overlay-opacity":"","overlay-gradient":""},"mobile":{"background-color":"var(--ast-global-color-5)","background-image":"","background-repeat":"repeat","background-position":"center center","background-size":"auto","background-attachment":"scroll","background-type":"","background-media":"","overlay-type":"","overlay-color":"","overlay-opacity":"","overlay-gradient":""}},"footnotes":""},"categories":[169,171],"tags":[],"class_list":["post-23992","page","type-page","status-publish","has-post-thumbnail","hentry","category-equipe-artistique","category-nosartistesinvites"],"yoast_head":"<!-- This site is optimized with the Yoast SEO plugin v27.6 - https:\/\/yoast.com\/product\/yoast-seo-wordpress\/ -->\n<title>Ch\u0153ur de Chambre de Namur - Le Concert de l&#039;Hostel Dieu<\/title>\n<meta name=\"description\" content=\"Le Concert de l&#039;Hostel Dieu et la soprano Heather Newhouse collaborent r\u00e9guli\u00e8rement pour des projets tels que Dolce Follia et Folia\" \/>\n<meta name=\"robots\" content=\"index, follow, max-snippet:-1, max-image-preview:large, max-video-preview:-1\" \/>\n<link rel=\"canonical\" href=\"https:\/\/www.concert-hosteldieu.com\/en\/nos-artistes-invites\/choeur-de-chambre-de-namur\/\" \/>\n<meta property=\"og:locale\" content=\"en_GB\" \/>\n<meta property=\"og:type\" content=\"article\" \/>\n<meta property=\"og:title\" content=\"Ch\u0153ur de Chambre de Namur - Le Concert de l&#039;Hostel Dieu\" \/>\n<meta property=\"og:description\" content=\"Le Concert de l&#039;Hostel Dieu et la soprano Heather Newhouse collaborent r\u00e9guli\u00e8rement pour des projets tels que Dolce Follia et Folia\" \/>\n<meta property=\"og:url\" content=\"https:\/\/www.concert-hosteldieu.com\/en\/nos-artistes-invites\/choeur-de-chambre-de-namur\/\" \/>\n<meta property=\"og:site_name\" content=\"Le Concert de l&#039;Hostel Dieu\" \/>\n<meta property=\"article:publisher\" content=\"https:\/\/www.facebook.com\/leconcert.delhosteldieu\" \/>\n<meta property=\"og:image\" content=\"https:\/\/www.concert-hosteldieu.com\/wp-content\/uploads\/2026\/01\/concert-hostel-dieu-CHOEUR-DE-CHAMBRE-DE-NAMUR\u00a9Gabriel_Balaguera.jpg\" \/>\n\t<meta property=\"og:image:width\" content=\"1920\" \/>\n\t<meta property=\"og:image:height\" content=\"1372\" \/>\n\t<meta property=\"og:image:type\" content=\"image\/jpeg\" \/>\n<meta name=\"twitter:label1\" content=\"Estimated reading time\" \/>\n\t<meta name=\"twitter:data1\" content=\"4 minutes\" \/>\n<script type=\"application\/ld+json\" class=\"yoast-schema-graph\">{\"@context\":\"https:\\\/\\\/schema.org\",\"@graph\":[{\"@type\":\"WebPage\",\"@id\":\"https:\\\/\\\/www.concert-hosteldieu.com\\\/nos-artistes-invites\\\/choeur-de-chambre-de-namur\\\/\",\"url\":\"https:\\\/\\\/www.concert-hosteldieu.com\\\/nos-artistes-invites\\\/choeur-de-chambre-de-namur\\\/\",\"name\":\"Ch\u0153ur de Chambre de Namur - Le Concert de l&#039;Hostel Dieu\",\"isPartOf\":{\"@id\":\"https:\\\/\\\/www.concert-hosteldieu.com\\\/#website\"},\"primaryImageOfPage\":{\"@id\":\"https:\\\/\\\/www.concert-hosteldieu.com\\\/nos-artistes-invites\\\/choeur-de-chambre-de-namur\\\/#primaryimage\"},\"image\":{\"@id\":\"https:\\\/\\\/www.concert-hosteldieu.com\\\/nos-artistes-invites\\\/choeur-de-chambre-de-namur\\\/#primaryimage\"},\"thumbnailUrl\":\"https:\\\/\\\/www.concert-hosteldieu.com\\\/wp-content\\\/uploads\\\/2026\\\/01\\\/concert-hostel-dieu-CHOEUR-DE-CHAMBRE-DE-NAMUR\u00a9Gabriel_Balaguera.jpg\",\"datePublished\":\"2026-01-09T13:32:25+00:00\",\"description\":\"Le Concert de l'Hostel Dieu et la soprano Heather Newhouse collaborent r\u00e9guli\u00e8rement pour des projets tels que Dolce Follia et Folia\",\"breadcrumb\":{\"@id\":\"https:\\\/\\\/www.concert-hosteldieu.com\\\/nos-artistes-invites\\\/choeur-de-chambre-de-namur\\\/#breadcrumb\"},\"inLanguage\":\"en-GB\",\"potentialAction\":[{\"@type\":\"ReadAction\",\"target\":[\"https:\\\/\\\/www.concert-hosteldieu.com\\\/nos-artistes-invites\\\/choeur-de-chambre-de-namur\\\/\"]}]},{\"@type\":\"ImageObject\",\"inLanguage\":\"en-GB\",\"@id\":\"https:\\\/\\\/www.concert-hosteldieu.com\\\/nos-artistes-invites\\\/choeur-de-chambre-de-namur\\\/#primaryimage\",\"url\":\"https:\\\/\\\/www.concert-hosteldieu.com\\\/wp-content\\\/uploads\\\/2026\\\/01\\\/concert-hostel-dieu-CHOEUR-DE-CHAMBRE-DE-NAMUR\u00a9Gabriel_Balaguera.jpg\",\"contentUrl\":\"https:\\\/\\\/www.concert-hosteldieu.com\\\/wp-content\\\/uploads\\\/2026\\\/01\\\/concert-hostel-dieu-CHOEUR-DE-CHAMBRE-DE-NAMUR\u00a9Gabriel_Balaguera.jpg\",\"width\":1920,\"height\":1372},{\"@type\":\"BreadcrumbList\",\"@id\":\"https:\\\/\\\/www.concert-hosteldieu.com\\\/nos-artistes-invites\\\/choeur-de-chambre-de-namur\\\/#breadcrumb\",\"itemListElement\":[{\"@type\":\"ListItem\",\"position\":1,\"name\":\"Accueil\",\"item\":\"https:\\\/\\\/www.concert-hosteldieu.com\\\/\"},{\"@type\":\"ListItem\",\"position\":2,\"name\":\"Nos artistes invit\u00e9s\",\"item\":\"https:\\\/\\\/www.concert-hosteldieu.com\\\/nos-artistes-invites\\\/\"},{\"@type\":\"ListItem\",\"position\":3,\"name\":\"Ch\u0153ur de Chambre de Namur\"}]},{\"@type\":\"WebSite\",\"@id\":\"https:\\\/\\\/www.concert-hosteldieu.com\\\/#website\",\"url\":\"https:\\\/\\\/www.concert-hosteldieu.com\\\/\",\"name\":\"Le Concert de l&#039;Hostel Dieu\",\"description\":\"Franck-Emmanuel Comte\",\"publisher\":{\"@id\":\"https:\\\/\\\/www.concert-hosteldieu.com\\\/#organization\"},\"potentialAction\":[{\"@type\":\"SearchAction\",\"target\":{\"@type\":\"EntryPoint\",\"urlTemplate\":\"https:\\\/\\\/www.concert-hosteldieu.com\\\/?s={search_term_string}\"},\"query-input\":{\"@type\":\"PropertyValueSpecification\",\"valueRequired\":true,\"valueName\":\"search_term_string\"}}],\"inLanguage\":\"en-GB\"},{\"@type\":\"Organization\",\"@id\":\"https:\\\/\\\/www.concert-hosteldieu.com\\\/#organization\",\"name\":\"Le Concert de l'Hostel Dieu\",\"url\":\"https:\\\/\\\/www.concert-hosteldieu.com\\\/\",\"logo\":{\"@type\":\"ImageObject\",\"inLanguage\":\"en-GB\",\"@id\":\"https:\\\/\\\/www.concert-hosteldieu.com\\\/#\\\/schema\\\/logo\\\/image\\\/\",\"url\":\"https:\\\/\\\/www.concert-hosteldieu.com\\\/wp-content\\\/uploads\\\/2021\\\/06\\\/logo-chd-noir-transparent.png\",\"contentUrl\":\"https:\\\/\\\/www.concert-hosteldieu.com\\\/wp-content\\\/uploads\\\/2021\\\/06\\\/logo-chd-noir-transparent.png\",\"width\":262,\"height\":106,\"caption\":\"Le Concert de l'Hostel Dieu\"},\"image\":{\"@id\":\"https:\\\/\\\/www.concert-hosteldieu.com\\\/#\\\/schema\\\/logo\\\/image\\\/\"},\"sameAs\":[\"https:\\\/\\\/www.facebook.com\\\/leconcert.delhosteldieu\",\"https:\\\/\\\/x.com\\\/CHDLyon\",\"https:\\\/\\\/instagram.com\\\/concert_hostel_dieu\",\"https:\\\/\\\/www.linkedin.com\\\/company\\\/le-concert-de-l'hostel-dieu\\\/\",\"https:\\\/\\\/www.youtube.com\\\/user\\\/CHDLyon\"]}]}<\/script>\n<!-- \/ Yoast SEO plugin. -->","yoast_head_json":{"title":"Ch\u0153ur de Chambre de Namur - Le Concert de l&#039;Hostel Dieu","description":"Le Concert de l'Hostel Dieu et la soprano Heather Newhouse collaborent r\u00e9guli\u00e8rement pour des projets tels que Dolce Follia et Folia","robots":{"index":"index","follow":"follow","max-snippet":"max-snippet:-1","max-image-preview":"max-image-preview:large","max-video-preview":"max-video-preview:-1"},"canonical":"https:\/\/www.concert-hosteldieu.com\/en\/nos-artistes-invites\/choeur-de-chambre-de-namur\/","og_locale":"en_GB","og_type":"article","og_title":"Ch\u0153ur de Chambre de Namur - Le Concert de l&#039;Hostel Dieu","og_description":"Le Concert de l'Hostel Dieu et la soprano Heather Newhouse collaborent r\u00e9guli\u00e8rement pour des projets tels que Dolce Follia et Folia","og_url":"https:\/\/www.concert-hosteldieu.com\/en\/nos-artistes-invites\/choeur-de-chambre-de-namur\/","og_site_name":"Le Concert de l&#039;Hostel Dieu","article_publisher":"https:\/\/www.facebook.com\/leconcert.delhosteldieu","og_image":[{"width":1920,"height":1372,"url":"https:\/\/www.concert-hosteldieu.com\/wp-content\/uploads\/2026\/01\/concert-hostel-dieu-CHOEUR-DE-CHAMBRE-DE-NAMUR\u00a9Gabriel_Balaguera.jpg","type":"image\/jpeg"}],"twitter_misc":{"Estimated reading time":"4 minutes"},"schema":{"@context":"https:\/\/schema.org","@graph":[{"@type":"WebPage","@id":"https:\/\/www.concert-hosteldieu.com\/nos-artistes-invites\/choeur-de-chambre-de-namur\/","url":"https:\/\/www.concert-hosteldieu.com\/nos-artistes-invites\/choeur-de-chambre-de-namur\/","name":"Ch\u0153ur de Chambre de Namur - Le Concert de l&#039;Hostel Dieu","isPartOf":{"@id":"https:\/\/www.concert-hosteldieu.com\/#website"},"primaryImageOfPage":{"@id":"https:\/\/www.concert-hosteldieu.com\/nos-artistes-invites\/choeur-de-chambre-de-namur\/#primaryimage"},"image":{"@id":"https:\/\/www.concert-hosteldieu.com\/nos-artistes-invites\/choeur-de-chambre-de-namur\/#primaryimage"},"thumbnailUrl":"https:\/\/www.concert-hosteldieu.com\/wp-content\/uploads\/2026\/01\/concert-hostel-dieu-CHOEUR-DE-CHAMBRE-DE-NAMUR\u00a9Gabriel_Balaguera.jpg","datePublished":"2026-01-09T13:32:25+00:00","description":"Le Concert de l'Hostel Dieu et la soprano Heather Newhouse collaborent r\u00e9guli\u00e8rement pour des projets tels que Dolce Follia et Folia","breadcrumb":{"@id":"https:\/\/www.concert-hosteldieu.com\/nos-artistes-invites\/choeur-de-chambre-de-namur\/#breadcrumb"},"inLanguage":"en-GB","potentialAction":[{"@type":"ReadAction","target":["https:\/\/www.concert-hosteldieu.com\/nos-artistes-invites\/choeur-de-chambre-de-namur\/"]}]},{"@type":"ImageObject","inLanguage":"en-GB","@id":"https:\/\/www.concert-hosteldieu.com\/nos-artistes-invites\/choeur-de-chambre-de-namur\/#primaryimage","url":"https:\/\/www.concert-hosteldieu.com\/wp-content\/uploads\/2026\/01\/concert-hostel-dieu-CHOEUR-DE-CHAMBRE-DE-NAMUR\u00a9Gabriel_Balaguera.jpg","contentUrl":"https:\/\/www.concert-hosteldieu.com\/wp-content\/uploads\/2026\/01\/concert-hostel-dieu-CHOEUR-DE-CHAMBRE-DE-NAMUR\u00a9Gabriel_Balaguera.jpg","width":1920,"height":1372},{"@type":"BreadcrumbList","@id":"https:\/\/www.concert-hosteldieu.com\/nos-artistes-invites\/choeur-de-chambre-de-namur\/#breadcrumb","itemListElement":[{"@type":"ListItem","position":1,"name":"Accueil","item":"https:\/\/www.concert-hosteldieu.com\/"},{"@type":"ListItem","position":2,"name":"Nos artistes invit\u00e9s","item":"https:\/\/www.concert-hosteldieu.com\/nos-artistes-invites\/"},{"@type":"ListItem","position":3,"name":"Ch\u0153ur de Chambre de Namur"}]},{"@type":"WebSite","@id":"https:\/\/www.concert-hosteldieu.com\/#website","url":"https:\/\/www.concert-hosteldieu.com\/","name":"Le Concert de l&#039;Hostel Dieu","description":"Franck-Emmanuel Comte","publisher":{"@id":"https:\/\/www.concert-hosteldieu.com\/#organization"},"potentialAction":[{"@type":"SearchAction","target":{"@type":"EntryPoint","urlTemplate":"https:\/\/www.concert-hosteldieu.com\/?s={search_term_string}"},"query-input":{"@type":"PropertyValueSpecification","valueRequired":true,"valueName":"search_term_string"}}],"inLanguage":"en-GB"},{"@type":"Organization","@id":"https:\/\/www.concert-hosteldieu.com\/#organization","name":"Le Concert de l'Hostel Dieu","url":"https:\/\/www.concert-hosteldieu.com\/","logo":{"@type":"ImageObject","inLanguage":"en-GB","@id":"https:\/\/www.concert-hosteldieu.com\/#\/schema\/logo\/image\/","url":"https:\/\/www.concert-hosteldieu.com\/wp-content\/uploads\/2021\/06\/logo-chd-noir-transparent.png","contentUrl":"https:\/\/www.concert-hosteldieu.com\/wp-content\/uploads\/2021\/06\/logo-chd-noir-transparent.png","width":262,"height":106,"caption":"Le Concert de l'Hostel Dieu"},"image":{"@id":"https:\/\/www.concert-hosteldieu.com\/#\/schema\/logo\/image\/"},"sameAs":["https:\/\/www.facebook.com\/leconcert.delhosteldieu","https:\/\/x.com\/CHDLyon","https:\/\/instagram.com\/concert_hostel_dieu","https:\/\/www.linkedin.com\/company\/le-concert-de-l'hostel-dieu\/","https:\/\/www.youtube.com\/user\/CHDLyon"]}]}},"_links":{"self":[{"href":"https:\/\/www.concert-hosteldieu.com\/en\/wp-json\/wp\/v2\/pages\/23992","targetHints":{"allow":["GET"]}}],"collection":[{"href":"https:\/\/www.concert-hosteldieu.com\/en\/wp-json\/wp\/v2\/pages"}],"about":[{"href":"https:\/\/www.concert-hosteldieu.com\/en\/wp-json\/wp\/v2\/types\/page"}],"author":[{"embeddable":true,"href":"https:\/\/www.concert-hosteldieu.com\/en\/wp-json\/wp\/v2\/users\/2776"}],"replies":[{"embeddable":true,"href":"https:\/\/www.concert-hosteldieu.com\/en\/wp-json\/wp\/v2\/comments?post=23992"}],"version-history":[{"count":2,"href":"https:\/\/www.concert-hosteldieu.com\/en\/wp-json\/wp\/v2\/pages\/23992\/revisions"}],"predecessor-version":[{"id":23996,"href":"https:\/\/www.concert-hosteldieu.com\/en\/wp-json\/wp\/v2\/pages\/23992\/revisions\/23996"}],"up":[{"embeddable":true,"href":"https:\/\/www.concert-hosteldieu.com\/en\/wp-json\/wp\/v2\/pages\/12628"}],"wp:featuredmedia":[{"embeddable":true,"href":"https:\/\/www.concert-hosteldieu.com\/en\/wp-json\/wp\/v2\/media\/23993"}],"wp:attachment":[{"href":"https:\/\/www.concert-hosteldieu.com\/en\/wp-json\/wp\/v2\/media?parent=23992"}],"wp:term":[{"taxonomy":"category","embeddable":true,"href":"https:\/\/www.concert-hosteldieu.com\/en\/wp-json\/wp\/v2\/categories?post=23992"},{"taxonomy":"post_tag","embeddable":true,"href":"https:\/\/www.concert-hosteldieu.com\/en\/wp-json\/wp\/v2\/tags?post=23992"}],"curies":[{"name":"wp","href":"https:\/\/api.w.org\/{rel}","templated":true}]}}