{"id":23986,"date":"2026-01-09T14:24:56","date_gmt":"2026-01-09T13:24:56","guid":{"rendered":"https:\/\/www.concert-hosteldieu.com\/?page_id=23986"},"modified":"2026-01-09T14:24:56","modified_gmt":"2026-01-09T13:24:56","slug":"logan-lopez-gonzalez","status":"publish","type":"page","link":"https:\/\/www.concert-hosteldieu.com\/en\/nos-artistes-invites\/logan-lopez-gonzalez\/","title":{"rendered":"Logan Lopez Gonzalez"},"content":{"rendered":"<h2>\n\t\t\t\tLogan Lopez Gonzalez\n\t\t\t<\/h2>\n\t\t\t<h4>Countertenor<\/h4>\t\n\tLe contre-t\u00e9nor belge\u00a0Logan Lopez Gonzalez\u00a0est un artiste polyvalent, aussi \u00e0 l&rsquo;aise dans le r\u00e9pertoire baroque que dans le contemporain ou l&rsquo;op\u00e9ra. Il est reconnu pour son \u00e9nergie communicative et pour un timbre \u00e0 la fois sensible et lumineux. Ses interpr\u00e9tations, salu\u00e9es pour leur profondeur et leur intensit\u00e9, ont valu \u00e0\u00a0<em data-start=\"371\" data-end=\"387\">Opera Magazine<\/em>\u00a0d&rsquo;\u00e9crire :\u00a0<em data-start=\"399\" data-end=\"536\">\u00ab En ce qui concerne Logan Lopez Gonzalez, aucun \u00e9loge n&rsquo;est trop grand (&#8230;) s&rsquo;appropriant ce r\u00e9pertoire pour la voix de contre-t\u00e9nor. \u00bb<\/em>\nInterpr\u00e8te recherch\u00e9 de la musique baroque, Logan collabore r\u00e9guli\u00e8rement avec des ensembles tels que\u00a0Cappella Mediterranea,\u00a0Concerto Soave,\u00a0Il Groviglio,\u00a0Le Concert Bourgeois, ou encore l&rsquo;Orchestre Royal de l&rsquo;Op\u00e9ra de Versailles. Parall\u00e8lement, il s&rsquo;investit pleinement dans la cr\u00e9ation contemporaine, ayant incarn\u00e9 des r\u00f4les lors de plusieurs premi\u00e8res mondiales, parmi lesquelles\u00a0<em data-start=\"943\" data-end=\"960\">Be My Superstar<\/em>\u00a0au\u00a0LOD Muziektheater, \u00e0 l&rsquo;Opera Vlaanderen\u00a0et au\u00a0Dutch National Opera\u00a0; le r\u00f4le-titre dans\u00a0<em data-start=\"1066\" data-end=\"1089\">SOLAR, Icarus Burning<\/em>\u00a0\u00e0 la\u00a0Monnaie\u00a0; le Loup dans\u00a0<em data-start=\"1122\" data-end=\"1157\">The Girl, the Hunter and the Wolf<\/em>\u00a0de Vasco Mendon\u00e7a ; ainsi que\u00a0<em data-start=\"1188\" data-end=\"1195\">OGRES<\/em>\u00a0de Simon Vose\u010dek au\u00a0Th\u00e9\u00e2tre National de Prague.\nAu cours de la saison\u00a02025\/26, il fera ses d\u00e9buts dans le r\u00f4le-titre de\u00a0Ottone\u00a0de H\u00e4ndel \u00e0 l&rsquo;Op\u00e9ra de l&rsquo;Imp\u00e9ratrice\u00a0en Suisse, ainsi que dans le r\u00f4le d&rsquo;Un page\u00a0dans\u00a0<em data-start=\"1432\" data-end=\"1460\">L&rsquo;Enfant et les sortil\u00e8ges<\/em>\u00a0de Ravel \u00e0 la\u00a0Monnaie. Il participera \u00e9galement \u00e0 la cr\u00e9ation de l&rsquo;op\u00e9ra contemporain\u00a0<em data-start=\"1551\" data-end=\"1581\">A menina, o ca\u00e7ador e o lobo<\/em>\u00a0de Vasco Mendon\u00e7a et Gon\u00e7alo M. Tavares \u00e0\u00a0Rio de Janeiro\u00a0et au\u00a0Portugal. En concert, il interpr\u00e9tera\u00a0Sesto\u00a0dans\u00a0<em data-start=\"1706\" data-end=\"1720\">Pompeo Magno<\/em>\u00a0de Cavalli en tourn\u00e9e avec Cappella Mediterranea, chantera des concerts consacr\u00e9s \u00e0\u00a0H\u00e4ndel et Vivaldi\u00a0avec l&rsquo;Orchestre Royal de Chambre de Wallonie, parmi de nombreux autres projets.\nAu cours de la saison\u00a02024\/25, Logan a interpr\u00e9t\u00e9 le r\u00f4le d&rsquo;Argone\u00a0dans\u00a0<em data-start=\"140\" data-end=\"149\">Sosarme<\/em>\u00a0de H\u00e4ndel \u00e0 l&rsquo;Op\u00e9ra Royal de Versailles\u00a0et celui de\u00a0Speranza\u00a0dans\u00a0<em data-start=\"224\" data-end=\"233\">L&rsquo;Orfeo<\/em>\u00a0de Monteverdi \u00e0 l&rsquo;Op\u00e9ra de Marseille. Il s&rsquo;est \u00e9galement produit en soliste dans des versions sc\u00e9niques de\u00a0<em data-start=\"345\" data-end=\"359\">Amour \u00e0 mort<\/em>\u00a0\u00e0 l&rsquo;Op\u00e9ra National de Lorraine\u00a0et de la\u00a0<em data-start=\"404\" data-end=\"430\">Passion selon saint Jean<\/em>\u00a0de Bach au\u00a0Th\u00e9\u00e2tre des Champs-\u00c9lys\u00e9es. En concert, il a chant\u00e9 et enregistr\u00e9\u00a0<em data-start=\"512\" data-end=\"521\">Rinaldo<\/em>\u00a0de H\u00e4ndel (r\u00f4le :\u00a0Argante) avec l&rsquo;ensemble\u00a0Il Groviglio. Il a aussi interpr\u00e9t\u00e9 des cantates de Bach et de H\u00e4ndel avec\u00a0Cappella Mediterranea\u00a0et Leonardo Garc\u00eda Alarc\u00f3n au\u00a0Festival d&rsquo;Ambronay, ainsi qu&rsquo;un programme de polyphonies romaines \u00e0 la\u00a0Chapelle Royale de Versailles, entre autres.\nLogan a \u00e9galement pr\u00e9sent\u00e9 son spectacle\u00a0555: Verlaine en prison\u00a0\u00e0 Londres, lors d&rsquo;une s\u00e9rie de quatre repr\u00e9sentations \u00e0 l&rsquo;Arcola Theatre. Co-sign\u00e9 avec la metteure en sc\u00e8ne Eleanor Burke, cette production propose une relecture queer de la vie du po\u00e8te fran\u00e7ais\u00a0Paul Verlaine. Apr\u00e8s sa cr\u00e9ation en 2023 \u00e0 la\u00a0Monnaie, l&rsquo;\u0153uvre a \u00e9t\u00e9 donn\u00e9e au\u00a0Royal Opera House\u00a0en 2024. Suite \u00e0 son passage au\u00a0Grimeborn Opera Festival\u00a0et \u00e0 l&rsquo;Arcola Theatre, Logan a \u00e9t\u00e9 nomm\u00e9 pour le prix de la\u00a0Meilleure interpr\u00e9tation\u00a0aux\u00a0Off West End Theatre Awards\u00a0(Royaume-Uni). Dans les prochaines saisons,\u00a0<em data-start=\"1441\" data-end=\"1466\">555: Verlaine en prison<\/em>\u00a0sera pr\u00e9sent\u00e9 en tourn\u00e9e en\u00a0Suisse\u00a0et en\u00a0Belgique.\nParmi ses moments marquants pr\u00e9c\u00e9dents figurent ses d\u00e9buts au\u00a0Salzburger Osterfestspiele\u00a0et \u00e0 l&rsquo;Op\u00e9ra de Dijon\u00a0dans la\u00a0<em data-start=\"1656\" data-end=\"1682\">Passion selon saint Jean<\/em>\u00a0de Bach, dans une nouvelle production acclam\u00e9e de Sasha Waltz et Leonardo Garc\u00eda Alarc\u00f3n ; ses d\u00e9buts au\u00a0Th\u00e9\u00e2tre National de Prague\u00a0dans la cr\u00e9ation mondiale de l&rsquo;op\u00e9ra\u00a0<em data-start=\"1856\" data-end=\"1863\">OGRES<\/em>\u00a0de \u0160imon Vose\u010dek ; le r\u00f4le de\u00a0Gloria\u00a0dans\u00a0<em data-start=\"1910\" data-end=\"1927\">Gloria e Imeneo<\/em>\u00a0de Vivaldi au\u00a0Th\u00e9\u00e2tre de la Reine\u00a0\u00e0 Versailles ; une tourn\u00e9e de concerts dans cinq villes chinoises avec l&rsquo;Orchestre de l&rsquo;Op\u00e9ra Royal de Versailles\u00a0; le\u00a0<em data-start=\"2089\" data-end=\"2097\">Messie<\/em>\u00a0de H\u00e4ndel \u00e0 la\u00a0Salle de concert de Namur\u00a0; la cr\u00e9ation de\u00a0<em data-start=\"2160\" data-end=\"2174\">Amour \u00e0 mort<\/em>\u00a0\u00e0 la\u00a0Cit\u00e9 Bleue\u00a0de Gen\u00e8ve ; ainsi que des r\u00e9citals de m\u00e9lodies en Belgique et en France aux c\u00f4t\u00e9s de sa pianiste\u00a0Stella Marie Lorenz.\nLogan s&rsquo;est form\u00e9 au\u00a0Conservatoire Royal de Mons\u00a0et \u00e0 la\u00a0Royal Academy of Music, avant de rejoindre le\u00a0National Opera Studio\u00a0du Royaume-Uni, l&rsquo;Acad\u00e9mie de la Monnaie\/De Munt, ainsi que le\u00a0Britten Pears Young Artist Programme. Il a fait ses d\u00e9buts professionnels \u00e0 l&rsquo;\u00e2ge de 21 ans, en interpr\u00e9tant\u00a0Frant\u00edk\u00a0et la\u00a0Sauterelle\u00a0dans\u00a0<em data-start=\"2675\" data-end=\"2700\">La Petite Renarde rus\u00e9e<\/em>\u00a0\u00e0 la\u00a0Monnaie, ainsi que\u00a0Amore\u00a0dans\u00a0<em data-start=\"2773\" data-end=\"2800\">L&rsquo;Incoronazione di Poppea<\/em>\u00a0au\u00a0Angers Nantes Op\u00e9ra, dans une mise en sc\u00e8ne de Moshe Leiser &amp; Patrice Caurier.\n<h4>\n\t\t\tFind Logan Lopez Gonzalez in:\t<\/h4>\n\t\t\t\t\t\t\t\t\t\t\t\t\t\t<a href=\"https:\/\/www.concert-hosteldieu.com\/en\/nos-productions\/missa-concertata\/\" target=\"_self\" title=\"Missa Concertata\">\n\t\t\t\t<img decoding=\"async\" src=\"https:\/\/www.concert-hosteldieu.com\/wp-content\/uploads\/2024\/12\/BML_crop.jpg\" alt=\"\" \/>\n\t\t\t\t<\/a>\n\t\t\t\t\t\t<h3>\n\t\t\t\t<a href=\"https:\/\/www.concert-hosteldieu.com\/en\/nos-productions\/missa-concertata\/\" title=\"Missa Concertata\">Missa Concertata<\/a>\t\t\t<\/h3>","protected":false},"excerpt":{"rendered":"<p>Logan Lopez Gonzalez Contre-t\u00e9nor Le contre-t\u00e9nor belge\u00a0Logan Lopez Gonzalez\u00a0est un artiste polyvalent, aussi \u00e0 l&rsquo;aise dans le r\u00e9pertoire baroque que dans le contemporain ou l&rsquo;op\u00e9ra. Il est reconnu pour son \u00e9nergie communicative et pour un timbre \u00e0 la fois sensible [&hellip;]<\/p>\n","protected":false},"author":2776,"featured_media":23987,"parent":12628,"menu_order":0,"comment_status":"closed","ping_status":"closed","template":"","meta":{"site-sidebar-layout":"no-sidebar","site-content-layout":"","ast-site-content-layout":"full-width-container","site-content-style":"unboxed","site-sidebar-style":"unboxed","ast-global-header-display":"","ast-banner-title-visibility":"","ast-main-header-display":"","ast-hfb-above-header-display":"","ast-hfb-below-header-display":"","ast-hfb-mobile-header-display":"","site-post-title":"disabled","ast-breadcrumbs-content":"","ast-featured-img":"disabled","footer-sml-layout":"","ast-disable-related-posts":"","theme-transparent-header-meta":"enabled","adv-header-id-meta":"","stick-header-meta":"default","header-above-stick-meta":"","header-main-stick-meta":"","header-below-stick-meta":"","astra-migrate-meta-layouts":"set","ast-page-background-enabled":"default","ast-page-background-meta":{"desktop":{"background-color":"","background-image":"","background-repeat":"repeat","background-position":"center center","background-size":"auto","background-attachment":"scroll","background-type":"","background-media":"","overlay-type":"","overlay-color":"","overlay-opacity":"","overlay-gradient":""},"tablet":{"background-color":"","background-image":"","background-repeat":"repeat","background-position":"center center","background-size":"auto","background-attachment":"scroll","background-type":"","background-media":"","overlay-type":"","overlay-color":"","overlay-opacity":"","overlay-gradient":""},"mobile":{"background-color":"","background-image":"","background-repeat":"repeat","background-position":"center center","background-size":"auto","background-attachment":"scroll","background-type":"","background-media":"","overlay-type":"","overlay-color":"","overlay-opacity":"","overlay-gradient":""}},"ast-content-background-meta":{"desktop":{"background-color":"var(--ast-global-color-5)","background-image":"","background-repeat":"repeat","background-position":"center center","background-size":"auto","background-attachment":"scroll","background-type":"","background-media":"","overlay-type":"","overlay-color":"","overlay-opacity":"","overlay-gradient":""},"tablet":{"background-color":"var(--ast-global-color-5)","background-image":"","background-repeat":"repeat","background-position":"center center","background-size":"auto","background-attachment":"scroll","background-type":"","background-media":"","overlay-type":"","overlay-color":"","overlay-opacity":"","overlay-gradient":""},"mobile":{"background-color":"var(--ast-global-color-5)","background-image":"","background-repeat":"repeat","background-position":"center center","background-size":"auto","background-attachment":"scroll","background-type":"","background-media":"","overlay-type":"","overlay-color":"","overlay-opacity":"","overlay-gradient":""}},"footnotes":""},"categories":[169,171],"tags":[],"class_list":["post-23986","page","type-page","status-publish","has-post-thumbnail","hentry","category-equipe-artistique","category-nosartistesinvites"],"yoast_head":"<!-- This site is optimized with the Yoast SEO plugin v27.5 - https:\/\/yoast.com\/product\/yoast-seo-wordpress\/ -->\n<title>Logan Lopez Gonzalez - Le Concert de l&#039;Hostel Dieu<\/title>\n<meta name=\"description\" content=\"Le Concert de l&#039;Hostel Dieu et la soprano Heather Newhouse collaborent r\u00e9guli\u00e8rement pour des projets tels que Dolce Follia et Folia\" \/>\n<meta name=\"robots\" content=\"index, follow, max-snippet:-1, max-image-preview:large, max-video-preview:-1\" \/>\n<link rel=\"canonical\" href=\"https:\/\/www.concert-hosteldieu.com\/en\/nos-artistes-invites\/logan-lopez-gonzalez\/\" \/>\n<meta property=\"og:locale\" content=\"en_GB\" \/>\n<meta property=\"og:type\" content=\"article\" \/>\n<meta property=\"og:title\" content=\"Logan Lopez Gonzalez - Le Concert de l&#039;Hostel Dieu\" \/>\n<meta property=\"og:description\" content=\"Le Concert de l&#039;Hostel Dieu et la soprano Heather Newhouse collaborent r\u00e9guli\u00e8rement pour des projets tels que Dolce Follia et Folia\" \/>\n<meta property=\"og:url\" content=\"https:\/\/www.concert-hosteldieu.com\/en\/nos-artistes-invites\/logan-lopez-gonzalez\/\" \/>\n<meta property=\"og:site_name\" content=\"Le Concert de l&#039;Hostel Dieu\" \/>\n<meta property=\"article:publisher\" content=\"https:\/\/www.facebook.com\/leconcert.delhosteldieu\" \/>\n<meta property=\"og:image\" content=\"https:\/\/www.concert-hosteldieu.com\/wp-content\/uploads\/2026\/01\/concert-hostel-dieu-LOPEZ-GONZALEZ-Logan-c-Narjes-Rejeb-scaled-1.jpg\" \/>\n\t<meta property=\"og:image:width\" content=\"1920\" \/>\n\t<meta property=\"og:image:height\" content=\"1445\" \/>\n\t<meta property=\"og:image:type\" content=\"image\/jpeg\" \/>\n<meta name=\"twitter:label1\" content=\"Estimated reading time\" \/>\n\t<meta name=\"twitter:data1\" content=\"4 minutes\" \/>\n<script type=\"application\/ld+json\" class=\"yoast-schema-graph\">{\"@context\":\"https:\\\/\\\/schema.org\",\"@graph\":[{\"@type\":\"WebPage\",\"@id\":\"https:\\\/\\\/www.concert-hosteldieu.com\\\/nos-artistes-invites\\\/logan-lopez-gonzalez\\\/\",\"url\":\"https:\\\/\\\/www.concert-hosteldieu.com\\\/nos-artistes-invites\\\/logan-lopez-gonzalez\\\/\",\"name\":\"Logan Lopez Gonzalez - Le Concert de l&#039;Hostel Dieu\",\"isPartOf\":{\"@id\":\"https:\\\/\\\/www.concert-hosteldieu.com\\\/#website\"},\"primaryImageOfPage\":{\"@id\":\"https:\\\/\\\/www.concert-hosteldieu.com\\\/nos-artistes-invites\\\/logan-lopez-gonzalez\\\/#primaryimage\"},\"image\":{\"@id\":\"https:\\\/\\\/www.concert-hosteldieu.com\\\/nos-artistes-invites\\\/logan-lopez-gonzalez\\\/#primaryimage\"},\"thumbnailUrl\":\"https:\\\/\\\/www.concert-hosteldieu.com\\\/wp-content\\\/uploads\\\/2026\\\/01\\\/concert-hostel-dieu-LOPEZ-GONZALEZ-Logan-c-Narjes-Rejeb-scaled-1.jpg\",\"datePublished\":\"2026-01-09T13:24:56+00:00\",\"description\":\"Le Concert de l'Hostel Dieu et la soprano Heather Newhouse collaborent r\u00e9guli\u00e8rement pour des projets tels que Dolce Follia et Folia\",\"breadcrumb\":{\"@id\":\"https:\\\/\\\/www.concert-hosteldieu.com\\\/nos-artistes-invites\\\/logan-lopez-gonzalez\\\/#breadcrumb\"},\"inLanguage\":\"en-GB\",\"potentialAction\":[{\"@type\":\"ReadAction\",\"target\":[\"https:\\\/\\\/www.concert-hosteldieu.com\\\/nos-artistes-invites\\\/logan-lopez-gonzalez\\\/\"]}]},{\"@type\":\"ImageObject\",\"inLanguage\":\"en-GB\",\"@id\":\"https:\\\/\\\/www.concert-hosteldieu.com\\\/nos-artistes-invites\\\/logan-lopez-gonzalez\\\/#primaryimage\",\"url\":\"https:\\\/\\\/www.concert-hosteldieu.com\\\/wp-content\\\/uploads\\\/2026\\\/01\\\/concert-hostel-dieu-LOPEZ-GONZALEZ-Logan-c-Narjes-Rejeb-scaled-1.jpg\",\"contentUrl\":\"https:\\\/\\\/www.concert-hosteldieu.com\\\/wp-content\\\/uploads\\\/2026\\\/01\\\/concert-hostel-dieu-LOPEZ-GONZALEZ-Logan-c-Narjes-Rejeb-scaled-1.jpg\",\"width\":1920,\"height\":1445},{\"@type\":\"BreadcrumbList\",\"@id\":\"https:\\\/\\\/www.concert-hosteldieu.com\\\/nos-artistes-invites\\\/logan-lopez-gonzalez\\\/#breadcrumb\",\"itemListElement\":[{\"@type\":\"ListItem\",\"position\":1,\"name\":\"Accueil\",\"item\":\"https:\\\/\\\/www.concert-hosteldieu.com\\\/\"},{\"@type\":\"ListItem\",\"position\":2,\"name\":\"Nos artistes invit\u00e9s\",\"item\":\"https:\\\/\\\/www.concert-hosteldieu.com\\\/nos-artistes-invites\\\/\"},{\"@type\":\"ListItem\",\"position\":3,\"name\":\"Logan Lopez Gonzalez\"}]},{\"@type\":\"WebSite\",\"@id\":\"https:\\\/\\\/www.concert-hosteldieu.com\\\/#website\",\"url\":\"https:\\\/\\\/www.concert-hosteldieu.com\\\/\",\"name\":\"Le Concert de l&#039;Hostel Dieu\",\"description\":\"Franck-Emmanuel Comte\",\"publisher\":{\"@id\":\"https:\\\/\\\/www.concert-hosteldieu.com\\\/#organization\"},\"potentialAction\":[{\"@type\":\"SearchAction\",\"target\":{\"@type\":\"EntryPoint\",\"urlTemplate\":\"https:\\\/\\\/www.concert-hosteldieu.com\\\/?s={search_term_string}\"},\"query-input\":{\"@type\":\"PropertyValueSpecification\",\"valueRequired\":true,\"valueName\":\"search_term_string\"}}],\"inLanguage\":\"en-GB\"},{\"@type\":\"Organization\",\"@id\":\"https:\\\/\\\/www.concert-hosteldieu.com\\\/#organization\",\"name\":\"Le Concert de l'Hostel Dieu\",\"url\":\"https:\\\/\\\/www.concert-hosteldieu.com\\\/\",\"logo\":{\"@type\":\"ImageObject\",\"inLanguage\":\"en-GB\",\"@id\":\"https:\\\/\\\/www.concert-hosteldieu.com\\\/#\\\/schema\\\/logo\\\/image\\\/\",\"url\":\"https:\\\/\\\/www.concert-hosteldieu.com\\\/wp-content\\\/uploads\\\/2021\\\/06\\\/logo-chd-noir-transparent.png\",\"contentUrl\":\"https:\\\/\\\/www.concert-hosteldieu.com\\\/wp-content\\\/uploads\\\/2021\\\/06\\\/logo-chd-noir-transparent.png\",\"width\":262,\"height\":106,\"caption\":\"Le Concert de l'Hostel Dieu\"},\"image\":{\"@id\":\"https:\\\/\\\/www.concert-hosteldieu.com\\\/#\\\/schema\\\/logo\\\/image\\\/\"},\"sameAs\":[\"https:\\\/\\\/www.facebook.com\\\/leconcert.delhosteldieu\",\"https:\\\/\\\/x.com\\\/CHDLyon\",\"https:\\\/\\\/instagram.com\\\/concert_hostel_dieu\",\"https:\\\/\\\/www.linkedin.com\\\/company\\\/le-concert-de-l'hostel-dieu\\\/\",\"https:\\\/\\\/www.youtube.com\\\/user\\\/CHDLyon\"]}]}<\/script>\n<!-- \/ Yoast SEO plugin. -->","yoast_head_json":{"title":"Logan Lopez Gonzalez - Le Concert de l&#039;Hostel Dieu","description":"Le Concert de l'Hostel Dieu et la soprano Heather Newhouse collaborent r\u00e9guli\u00e8rement pour des projets tels que Dolce Follia et Folia","robots":{"index":"index","follow":"follow","max-snippet":"max-snippet:-1","max-image-preview":"max-image-preview:large","max-video-preview":"max-video-preview:-1"},"canonical":"https:\/\/www.concert-hosteldieu.com\/en\/nos-artistes-invites\/logan-lopez-gonzalez\/","og_locale":"en_GB","og_type":"article","og_title":"Logan Lopez Gonzalez - Le Concert de l&#039;Hostel Dieu","og_description":"Le Concert de l'Hostel Dieu et la soprano Heather Newhouse collaborent r\u00e9guli\u00e8rement pour des projets tels que Dolce Follia et Folia","og_url":"https:\/\/www.concert-hosteldieu.com\/en\/nos-artistes-invites\/logan-lopez-gonzalez\/","og_site_name":"Le Concert de l&#039;Hostel Dieu","article_publisher":"https:\/\/www.facebook.com\/leconcert.delhosteldieu","og_image":[{"width":1920,"height":1445,"url":"https:\/\/www.concert-hosteldieu.com\/wp-content\/uploads\/2026\/01\/concert-hostel-dieu-LOPEZ-GONZALEZ-Logan-c-Narjes-Rejeb-scaled-1.jpg","type":"image\/jpeg"}],"twitter_misc":{"Estimated reading time":"4 minutes"},"schema":{"@context":"https:\/\/schema.org","@graph":[{"@type":"WebPage","@id":"https:\/\/www.concert-hosteldieu.com\/nos-artistes-invites\/logan-lopez-gonzalez\/","url":"https:\/\/www.concert-hosteldieu.com\/nos-artistes-invites\/logan-lopez-gonzalez\/","name":"Logan Lopez Gonzalez - Le Concert de l&#039;Hostel Dieu","isPartOf":{"@id":"https:\/\/www.concert-hosteldieu.com\/#website"},"primaryImageOfPage":{"@id":"https:\/\/www.concert-hosteldieu.com\/nos-artistes-invites\/logan-lopez-gonzalez\/#primaryimage"},"image":{"@id":"https:\/\/www.concert-hosteldieu.com\/nos-artistes-invites\/logan-lopez-gonzalez\/#primaryimage"},"thumbnailUrl":"https:\/\/www.concert-hosteldieu.com\/wp-content\/uploads\/2026\/01\/concert-hostel-dieu-LOPEZ-GONZALEZ-Logan-c-Narjes-Rejeb-scaled-1.jpg","datePublished":"2026-01-09T13:24:56+00:00","description":"Le Concert de l'Hostel Dieu et la soprano Heather Newhouse collaborent r\u00e9guli\u00e8rement pour des projets tels que Dolce Follia et Folia","breadcrumb":{"@id":"https:\/\/www.concert-hosteldieu.com\/nos-artistes-invites\/logan-lopez-gonzalez\/#breadcrumb"},"inLanguage":"en-GB","potentialAction":[{"@type":"ReadAction","target":["https:\/\/www.concert-hosteldieu.com\/nos-artistes-invites\/logan-lopez-gonzalez\/"]}]},{"@type":"ImageObject","inLanguage":"en-GB","@id":"https:\/\/www.concert-hosteldieu.com\/nos-artistes-invites\/logan-lopez-gonzalez\/#primaryimage","url":"https:\/\/www.concert-hosteldieu.com\/wp-content\/uploads\/2026\/01\/concert-hostel-dieu-LOPEZ-GONZALEZ-Logan-c-Narjes-Rejeb-scaled-1.jpg","contentUrl":"https:\/\/www.concert-hosteldieu.com\/wp-content\/uploads\/2026\/01\/concert-hostel-dieu-LOPEZ-GONZALEZ-Logan-c-Narjes-Rejeb-scaled-1.jpg","width":1920,"height":1445},{"@type":"BreadcrumbList","@id":"https:\/\/www.concert-hosteldieu.com\/nos-artistes-invites\/logan-lopez-gonzalez\/#breadcrumb","itemListElement":[{"@type":"ListItem","position":1,"name":"Accueil","item":"https:\/\/www.concert-hosteldieu.com\/"},{"@type":"ListItem","position":2,"name":"Nos artistes invit\u00e9s","item":"https:\/\/www.concert-hosteldieu.com\/nos-artistes-invites\/"},{"@type":"ListItem","position":3,"name":"Logan Lopez Gonzalez"}]},{"@type":"WebSite","@id":"https:\/\/www.concert-hosteldieu.com\/#website","url":"https:\/\/www.concert-hosteldieu.com\/","name":"Le Concert de l&#039;Hostel Dieu","description":"Franck-Emmanuel Comte","publisher":{"@id":"https:\/\/www.concert-hosteldieu.com\/#organization"},"potentialAction":[{"@type":"SearchAction","target":{"@type":"EntryPoint","urlTemplate":"https:\/\/www.concert-hosteldieu.com\/?s={search_term_string}"},"query-input":{"@type":"PropertyValueSpecification","valueRequired":true,"valueName":"search_term_string"}}],"inLanguage":"en-GB"},{"@type":"Organization","@id":"https:\/\/www.concert-hosteldieu.com\/#organization","name":"Le Concert de l'Hostel Dieu","url":"https:\/\/www.concert-hosteldieu.com\/","logo":{"@type":"ImageObject","inLanguage":"en-GB","@id":"https:\/\/www.concert-hosteldieu.com\/#\/schema\/logo\/image\/","url":"https:\/\/www.concert-hosteldieu.com\/wp-content\/uploads\/2021\/06\/logo-chd-noir-transparent.png","contentUrl":"https:\/\/www.concert-hosteldieu.com\/wp-content\/uploads\/2021\/06\/logo-chd-noir-transparent.png","width":262,"height":106,"caption":"Le Concert de l'Hostel Dieu"},"image":{"@id":"https:\/\/www.concert-hosteldieu.com\/#\/schema\/logo\/image\/"},"sameAs":["https:\/\/www.facebook.com\/leconcert.delhosteldieu","https:\/\/x.com\/CHDLyon","https:\/\/instagram.com\/concert_hostel_dieu","https:\/\/www.linkedin.com\/company\/le-concert-de-l'hostel-dieu\/","https:\/\/www.youtube.com\/user\/CHDLyon"]}]}},"_links":{"self":[{"href":"https:\/\/www.concert-hosteldieu.com\/en\/wp-json\/wp\/v2\/pages\/23986","targetHints":{"allow":["GET"]}}],"collection":[{"href":"https:\/\/www.concert-hosteldieu.com\/en\/wp-json\/wp\/v2\/pages"}],"about":[{"href":"https:\/\/www.concert-hosteldieu.com\/en\/wp-json\/wp\/v2\/types\/page"}],"author":[{"embeddable":true,"href":"https:\/\/www.concert-hosteldieu.com\/en\/wp-json\/wp\/v2\/users\/2776"}],"replies":[{"embeddable":true,"href":"https:\/\/www.concert-hosteldieu.com\/en\/wp-json\/wp\/v2\/comments?post=23986"}],"version-history":[{"count":2,"href":"https:\/\/www.concert-hosteldieu.com\/en\/wp-json\/wp\/v2\/pages\/23986\/revisions"}],"predecessor-version":[{"id":23990,"href":"https:\/\/www.concert-hosteldieu.com\/en\/wp-json\/wp\/v2\/pages\/23986\/revisions\/23990"}],"up":[{"embeddable":true,"href":"https:\/\/www.concert-hosteldieu.com\/en\/wp-json\/wp\/v2\/pages\/12628"}],"wp:featuredmedia":[{"embeddable":true,"href":"https:\/\/www.concert-hosteldieu.com\/en\/wp-json\/wp\/v2\/media\/23987"}],"wp:attachment":[{"href":"https:\/\/www.concert-hosteldieu.com\/en\/wp-json\/wp\/v2\/media?parent=23986"}],"wp:term":[{"taxonomy":"category","embeddable":true,"href":"https:\/\/www.concert-hosteldieu.com\/en\/wp-json\/wp\/v2\/categories?post=23986"},{"taxonomy":"post_tag","embeddable":true,"href":"https:\/\/www.concert-hosteldieu.com\/en\/wp-json\/wp\/v2\/tags?post=23986"}],"curies":[{"name":"wp","href":"https:\/\/api.w.org\/{rel}","templated":true}]}}