{"id":23980,"date":"2026-01-09T14:13:27","date_gmt":"2026-01-09T13:13:27","guid":{"rendered":"https:\/\/www.concert-hosteldieu.com\/?page_id=23980"},"modified":"2026-01-09T16:42:35","modified_gmt":"2026-01-09T15:42:35","slug":"emmanuelle-de-negri","status":"publish","type":"page","link":"https:\/\/www.concert-hosteldieu.com\/en\/nos-artistes-invites\/emmanuelle-de-negri\/","title":{"rendered":"Emmanuelle de Negri"},"content":{"rendered":"\n\n\t<h2>\n\t\t\t\tEmmanuelle de Negri\n\t\t\t<\/h2>\n\t\t\t<h4>Soprano<\/h4>\t\n\t<p>D\u00e8s le d\u00e9but de sa carri\u00e8re, Emmanuelle de Negri d\u00e9montre son talent dans des r\u00e9pertoires vari\u00e9s et fait preuve d&rsquo;une large palette d&rsquo;\u00e9motions et de couleurs. Suite \u00e0 ses d\u00e9buts fulgurants dans le r\u00f4le d&rsquo;Yniold dans\u00a0<em>Pell\u00e9as et M\u00e9lisande<\/em>\u00a0de Debussy (Edinburgh et Glasgow 2005 : \u00ab une luminosit\u00e9 poignante \u00bb selon le magazine Opera), ainsi que dans le r\u00f4le-titre de l&rsquo;oratorio\u00a0<em>Sant&rsquo; Agnese<\/em>\u00a0de Bernardo Pasquini au Festival d&rsquo;Innsbruck en 2008 &#8211; \u00ab une vraie r\u00e9v\u00e9lation \u00bb (Il Giornale della Musica) &#8211; elle \u00e9tablit une collaboration \u00e9troite avec William Christie et les Arts Florissants.<\/p>\n<p>Emmanuelle se produit \u00e9galement avec d&rsquo;importants ensembles fran\u00e7ais tels que\u00a0<em>Pulcinella<\/em>,\u00a0<em>Pygmalion<\/em>\u00a0de Rapha\u00ebl Pichon,\u00a0<em>Le Po\u00e8me Harmonique<\/em>\u00a0de Vincent Dumestre, Le Banquet C\u00e9leste, Les Paladins, Le Caravanserail, le Stagioni et Les Accents. Pour Emmanuelle Ha\u00efm et le Concert d&rsquo;Astr\u00e9e, elle chante aussi Castor et Pollux.<\/p>\n<p>Emmanuelle passe avec aisance de Monteverdi (<em>La Musica L&rsquo;Orfeo<\/em>) et Cavalli (<em>Amastre Serse<\/em>), \u00e0 Offenbach (<em>Cupidon Orph\u00e9e aux Enfers<\/em>) et Dukas (<em>M\u00e9lisande Ariane et Barbe-Bleue<\/em>) en passant par Rameau (<em>Erinice Zoroastre<\/em>) et Mozart (<em>Papagena Die Zauberfl\u00f6te<\/em>\u00a0et\u00a0<em>Susanna Le nozze di Figaro<\/em>). 2017 est marqu\u00e9 par les d\u00e9buts d&rsquo;Emmanuelle de Negri \u00e0 l&rsquo;Op\u00e9ra National de Paris (Nedda dans\u00a0<em>Gianni Schicchi<\/em>). Elle chante une Despina \u00ab parfaitement d\u00e9licieuse \u00bb (forumopera.com) sous la direction de Ricardo Muti au Teatro San Carlo de Naples et \u00ab offre une performance bouleversante \u00bb (forumopera.com) avec une \u00a0\u00ab voix, projet\u00e9e avec un centre lumineux, r\u00e9pond[ant] aux accents \u00e9plor\u00e9s ou furieux de sa ma\u00eetresse avec une v\u00e9h\u00e9mence non moins engag\u00e9e, soignant le texte autant que ses effets \u00bb (olyrix.com) dans\u00a0<em>le M\u00e9d\u00e9e\u00a0<\/em>de Charpentier Christie\/MacVicar pr\u00e9sent\u00e9 \u00e0 l&rsquo;op\u00e9ra Garnier et au Teatro R\u00e9al \u00e0 Madrid la saison derni\u00e8re.<\/p>\n<p>Les chefs les plus prestigieux comme William Christie, Ricardo Muti, Ren\u00e9 Jacobs, Rapha\u00ebl Pichon, Vinvent dumestre ou Emmanuelle Ha\u00efm appr\u00e9cient son timbre d&rsquo;une \u00ab luminosit\u00e9 poignante \u00bb comme le souligne le magazine Op\u00e9ra.<\/p>\n<p>Quand Emmanuelle ne sillonne les plateaux d&rsquo;op\u00e9ra du monde entier, elle se produit en r\u00e9cital aux c\u00f4t\u00e9s de Brice Sailly (Bayreuth baroque) de Romain Descharmes (Festival Ouverture !) et de S\u00e9bastien Mazoyer (Midis Lyriques du Crat\u00e8re \u00e0 Al\u00e8s).<\/p>\n<p>Elle d\u00e9bute cette saison par la re-cr\u00e9ation de pi\u00e8ces sacr\u00e9es de De Nebra pour l&rsquo;orchestre Los Elementos dirig\u00e9 par Alberto Rouco et la reprise du r\u00e9cital \u00ab une soir\u00e9e avec Mme Storace \u00bb d\u00e9di\u00e9 aux airs de concerts de Mozart avec la Petite Symphonie de Daniel Isoir, puis Emmanuelle rejoindra les Accents de Thibault Noailly et Paul Figuier pour un\u00a0<em>Stabat Mater<\/em>\u00a0d&rsquo;Alessandro Scarlatti \u00e0 Paris, partira interpr\u00e9ter Bellezza dans\u00a0<em>Il Trionfo\u00a0del tempo\u00a0<\/em>d&rsquo;Haendel \u00e0 Stockholm pour Jonas Nordberg, et retrouvera en d\u00e9cembre Les Arts Florissants pour un programme Charpentier sacr\u00e9 \u00e0 New York. Par la suite nous l&rsquo;entendrons dans la Passion selon\u00a0<em>Saint Matthieu<\/em>\u00a0de Bach au Th\u00e9\u00e2tre des Champs Elys\u00e9es \u00e0 Paris, sur sc\u00e8ne dans le r\u00f4le\u00a0<em>d&rsquo;Amour d&rsquo;Orph\u00e9e et Eurydice<\/em>\u00a0de Gluck \u00e0 l&rsquo;op\u00e9ra de Limoges, puis finira la saison avec un r\u00e9cital Aminata e Filide d&rsquo;Haendel avec Bruno de Sa et un programme Orpheus Britannicus de Purcell aux c\u00f4t\u00e9s de Brice Sailly.<\/p>\n<p>Au disque, Emmanuelle se distingue par ses interpr\u00e9tations de<em>\u00a0Maddalena ai piedi di Cristo\u00a0<\/em>de Caldara (avec Le Banquet C\u00e9leste et Damien Guillon),\u00a0<em>Dardanus<\/em>\u00a0et\u00a0<em>Castor et Pollux<\/em>\u00a0de Rameau (avec Pygmalion), Atys de Lully (DVD), et\u00a0<em>Bien que l&rsquo;Amour<\/em>\u00a0(avec les Arts Florissants de William Christie), ainsi que\u00a0<em>Santa Teodosia<\/em>\u00a0de Scarlatti (avec les Accents de Thibault Noailly).<\/p>\n<p>Pour finir elle d\u00e9veloppe de plus en plus le versant p\u00e9dagogique, apr\u00e8s plusieurs masterclass d\u00e9di\u00e9es \u00e0 l&rsquo;interpr\u00e9tation de la musique baroque: aux conservatoires d&rsquo;Ales et de Pantin, \u00e0 la Cit\u00e9 de la voix de V\u00e9zelay et pour les Arts Florissants \u00e0 Thir\u00e9, elle rejoint l&rsquo;\u00e9quipe du Bateau-Atelier \u00e0 Dieppe o\u00f9 elle a donn\u00e9 un stage de chant baroque en ao\u00fbt 2024. Elle a par ailleurs assur\u00e9 la pr\u00e9paration vocale et stylistique des acad\u00e9miciens du dernier Jardin des voix de William Christie en ao\u00fbt 2025.<\/p>\n<h4>\n\t\t\tRetrouvez Emmanuelle de Negri dans :\t<\/h4>\n\t\t\t\t\t\t\t\t\t\t\t\t\t\t<a href=\"https:\/\/www.concert-hosteldieu.com\/nos-productions\/missa-concertata\/\" target=\"_self\" title=\"Missa Concertata\">\n\t\t\t\t<img decoding=\"async\" src=\"https:\/\/www.concert-hosteldieu.com\/wp-content\/uploads\/2024\/12\/BML_crop.jpg\" alt=\"\" \/>\n\t\t\t\t<\/a>\n\t\t\t\t\t\t<h3>\n\t\t\t\t<a href=\"https:\/\/www.concert-hosteldieu.com\/nos-productions\/missa-concertata\/\" title=\"Missa Concertata\">Missa Concertata<\/a>\t\t\t<\/h3>\n\n","protected":false},"excerpt":{"rendered":"<p>Emmanuelle de Negri Soprano D\u00e8s le d\u00e9but de sa carri\u00e8re, Emmanuelle de Negri d\u00e9montre son talent dans des r\u00e9pertoires vari\u00e9s et fait preuve d&rsquo;une large palette d&rsquo;\u00e9motions et de couleurs. Suite \u00e0 ses d\u00e9buts fulgurants dans le r\u00f4le d&rsquo;Yniold dans\u00a0Pell\u00e9as [&hellip;]<\/p>\n","protected":false},"author":2776,"featured_media":22714,"parent":12628,"menu_order":0,"comment_status":"closed","ping_status":"closed","template":"","meta":{"site-sidebar-layout":"no-sidebar","site-content-layout":null,"ast-site-content-layout":"full-width-container","site-content-style":"unboxed","site-sidebar-style":"unboxed","ast-global-header-display":"","ast-banner-title-visibility":"","ast-main-header-display":"","ast-hfb-above-header-display":null,"ast-hfb-below-header-display":null,"ast-hfb-mobile-header-display":"","site-post-title":"disabled","ast-breadcrumbs-content":null,"ast-featured-img":"disabled","footer-sml-layout":"","ast-disable-related-posts":"","theme-transparent-header-meta":"enabled","adv-header-id-meta":"","stick-header-meta":"default","header-above-stick-meta":null,"header-main-stick-meta":"","header-below-stick-meta":null,"astra-migrate-meta-layouts":"set","ast-page-background-enabled":"default","ast-page-background-meta":{"desktop":{"background-color":"","background-image":"","background-repeat":"repeat","background-position":"center center","background-size":"auto","background-attachment":"scroll","background-type":"","background-media":"","overlay-type":"","overlay-color":"","overlay-opacity":"","overlay-gradient":""},"tablet":{"background-color":"","background-image":"","background-repeat":"repeat","background-position":"center center","background-size":"auto","background-attachment":"scroll","background-type":"","background-media":"","overlay-type":"","overlay-color":"","overlay-opacity":"","overlay-gradient":""},"mobile":{"background-color":"","background-image":"","background-repeat":"repeat","background-position":"center center","background-size":"auto","background-attachment":"scroll","background-type":"","background-media":"","overlay-type":"","overlay-color":"","overlay-opacity":"","overlay-gradient":""}},"ast-content-background-meta":{"desktop":{"background-color":"var(--ast-global-color-5)","background-image":"","background-repeat":"repeat","background-position":"center center","background-size":"auto","background-attachment":"scroll","background-type":"","background-media":"","overlay-type":"","overlay-color":"","overlay-opacity":"","overlay-gradient":""},"tablet":{"background-color":"var(--ast-global-color-5)","background-image":"","background-repeat":"repeat","background-position":"center center","background-size":"auto","background-attachment":"scroll","background-type":"","background-media":"","overlay-type":"","overlay-color":"","overlay-opacity":"","overlay-gradient":""},"mobile":{"background-color":"var(--ast-global-color-5)","background-image":"","background-repeat":"repeat","background-position":"center center","background-size":"auto","background-attachment":"scroll","background-type":"","background-media":"","overlay-type":"","overlay-color":"","overlay-opacity":"","overlay-gradient":""}},"footnotes":""},"categories":[169,171],"tags":[],"class_list":["post-23980","page","type-page","status-publish","has-post-thumbnail","hentry","category-equipe-artistique","category-nosartistesinvites"],"yoast_head":"<!-- This site is optimized with the Yoast SEO plugin v27.6 - https:\/\/yoast.com\/product\/yoast-seo-wordpress\/ -->\n<title>Emmanuelle de Negri - Le Concert de l&#039;Hostel Dieu<\/title>\n<meta name=\"description\" content=\"Le Concert de l&#039;Hostel Dieu et la soprano Heather Newhouse collaborent r\u00e9guli\u00e8rement pour des projets tels que Dolce Follia et Folia\" \/>\n<meta name=\"robots\" content=\"index, follow, max-snippet:-1, max-image-preview:large, max-video-preview:-1\" \/>\n<link rel=\"canonical\" href=\"https:\/\/www.concert-hosteldieu.com\/en\/nos-artistes-invites\/emmanuelle-de-negri\/\" \/>\n<meta property=\"og:locale\" content=\"en_GB\" \/>\n<meta property=\"og:type\" content=\"article\" \/>\n<meta property=\"og:title\" content=\"Emmanuelle de Negri - Le Concert de l&#039;Hostel Dieu\" \/>\n<meta property=\"og:description\" content=\"Le Concert de l&#039;Hostel Dieu et la soprano Heather Newhouse collaborent r\u00e9guli\u00e8rement pour des projets tels que Dolce Follia et Folia\" \/>\n<meta property=\"og:url\" content=\"https:\/\/www.concert-hosteldieu.com\/en\/nos-artistes-invites\/emmanuelle-de-negri\/\" \/>\n<meta property=\"og:site_name\" content=\"Le Concert de l&#039;Hostel Dieu\" \/>\n<meta property=\"article:publisher\" content=\"https:\/\/www.facebook.com\/leconcert.delhosteldieu\" \/>\n<meta property=\"article:modified_time\" content=\"2026-01-09T15:42:35+00:00\" \/>\n<meta property=\"og:image\" content=\"https:\/\/www.concert-hosteldieu.com\/wp-content\/uploads\/2025\/01\/concert-hostel-dieu-DE-NEGRI-Emmanuelle-credit-Clemence-Demesme.jpg\" \/>\n\t<meta property=\"og:image:width\" content=\"1046\" \/>\n\t<meta property=\"og:image:height\" content=\"787\" \/>\n\t<meta property=\"og:image:type\" content=\"image\/jpeg\" \/>\n<meta name=\"twitter:label1\" content=\"Estimated reading time\" \/>\n\t<meta name=\"twitter:data1\" content=\"4 minutes\" \/>\n<script type=\"application\/ld+json\" class=\"yoast-schema-graph\">{\"@context\":\"https:\\\/\\\/schema.org\",\"@graph\":[{\"@type\":\"WebPage\",\"@id\":\"https:\\\/\\\/www.concert-hosteldieu.com\\\/nos-artistes-invites\\\/emmanuelle-de-negri\\\/\",\"url\":\"https:\\\/\\\/www.concert-hosteldieu.com\\\/nos-artistes-invites\\\/emmanuelle-de-negri\\\/\",\"name\":\"Emmanuelle de Negri - Le Concert de l&#039;Hostel Dieu\",\"isPartOf\":{\"@id\":\"https:\\\/\\\/www.concert-hosteldieu.com\\\/#website\"},\"primaryImageOfPage\":{\"@id\":\"https:\\\/\\\/www.concert-hosteldieu.com\\\/nos-artistes-invites\\\/emmanuelle-de-negri\\\/#primaryimage\"},\"image\":{\"@id\":\"https:\\\/\\\/www.concert-hosteldieu.com\\\/nos-artistes-invites\\\/emmanuelle-de-negri\\\/#primaryimage\"},\"thumbnailUrl\":\"https:\\\/\\\/www.concert-hosteldieu.com\\\/wp-content\\\/uploads\\\/2025\\\/01\\\/concert-hostel-dieu-DE-NEGRI-Emmanuelle-credit-Clemence-Demesme.jpg\",\"datePublished\":\"2026-01-09T13:13:27+00:00\",\"dateModified\":\"2026-01-09T15:42:35+00:00\",\"description\":\"Le Concert de l'Hostel Dieu et la soprano Heather Newhouse collaborent r\u00e9guli\u00e8rement pour des projets tels que Dolce Follia et Folia\",\"breadcrumb\":{\"@id\":\"https:\\\/\\\/www.concert-hosteldieu.com\\\/nos-artistes-invites\\\/emmanuelle-de-negri\\\/#breadcrumb\"},\"inLanguage\":\"en-GB\",\"potentialAction\":[{\"@type\":\"ReadAction\",\"target\":[\"https:\\\/\\\/www.concert-hosteldieu.com\\\/nos-artistes-invites\\\/emmanuelle-de-negri\\\/\"]}]},{\"@type\":\"ImageObject\",\"inLanguage\":\"en-GB\",\"@id\":\"https:\\\/\\\/www.concert-hosteldieu.com\\\/nos-artistes-invites\\\/emmanuelle-de-negri\\\/#primaryimage\",\"url\":\"https:\\\/\\\/www.concert-hosteldieu.com\\\/wp-content\\\/uploads\\\/2025\\\/01\\\/concert-hostel-dieu-DE-NEGRI-Emmanuelle-credit-Clemence-Demesme.jpg\",\"contentUrl\":\"https:\\\/\\\/www.concert-hosteldieu.com\\\/wp-content\\\/uploads\\\/2025\\\/01\\\/concert-hostel-dieu-DE-NEGRI-Emmanuelle-credit-Clemence-Demesme.jpg\",\"width\":1046,\"height\":787},{\"@type\":\"BreadcrumbList\",\"@id\":\"https:\\\/\\\/www.concert-hosteldieu.com\\\/nos-artistes-invites\\\/emmanuelle-de-negri\\\/#breadcrumb\",\"itemListElement\":[{\"@type\":\"ListItem\",\"position\":1,\"name\":\"Accueil\",\"item\":\"https:\\\/\\\/www.concert-hosteldieu.com\\\/\"},{\"@type\":\"ListItem\",\"position\":2,\"name\":\"Nos artistes invit\u00e9s\",\"item\":\"https:\\\/\\\/www.concert-hosteldieu.com\\\/nos-artistes-invites\\\/\"},{\"@type\":\"ListItem\",\"position\":3,\"name\":\"Emmanuelle de Negri\"}]},{\"@type\":\"WebSite\",\"@id\":\"https:\\\/\\\/www.concert-hosteldieu.com\\\/#website\",\"url\":\"https:\\\/\\\/www.concert-hosteldieu.com\\\/\",\"name\":\"Le Concert de l&#039;Hostel Dieu\",\"description\":\"Franck-Emmanuel Comte\",\"publisher\":{\"@id\":\"https:\\\/\\\/www.concert-hosteldieu.com\\\/#organization\"},\"potentialAction\":[{\"@type\":\"SearchAction\",\"target\":{\"@type\":\"EntryPoint\",\"urlTemplate\":\"https:\\\/\\\/www.concert-hosteldieu.com\\\/?s={search_term_string}\"},\"query-input\":{\"@type\":\"PropertyValueSpecification\",\"valueRequired\":true,\"valueName\":\"search_term_string\"}}],\"inLanguage\":\"en-GB\"},{\"@type\":\"Organization\",\"@id\":\"https:\\\/\\\/www.concert-hosteldieu.com\\\/#organization\",\"name\":\"Le Concert de l'Hostel Dieu\",\"url\":\"https:\\\/\\\/www.concert-hosteldieu.com\\\/\",\"logo\":{\"@type\":\"ImageObject\",\"inLanguage\":\"en-GB\",\"@id\":\"https:\\\/\\\/www.concert-hosteldieu.com\\\/#\\\/schema\\\/logo\\\/image\\\/\",\"url\":\"https:\\\/\\\/www.concert-hosteldieu.com\\\/wp-content\\\/uploads\\\/2021\\\/06\\\/logo-chd-noir-transparent.png\",\"contentUrl\":\"https:\\\/\\\/www.concert-hosteldieu.com\\\/wp-content\\\/uploads\\\/2021\\\/06\\\/logo-chd-noir-transparent.png\",\"width\":262,\"height\":106,\"caption\":\"Le Concert de l'Hostel Dieu\"},\"image\":{\"@id\":\"https:\\\/\\\/www.concert-hosteldieu.com\\\/#\\\/schema\\\/logo\\\/image\\\/\"},\"sameAs\":[\"https:\\\/\\\/www.facebook.com\\\/leconcert.delhosteldieu\",\"https:\\\/\\\/x.com\\\/CHDLyon\",\"https:\\\/\\\/instagram.com\\\/concert_hostel_dieu\",\"https:\\\/\\\/www.linkedin.com\\\/company\\\/le-concert-de-l'hostel-dieu\\\/\",\"https:\\\/\\\/www.youtube.com\\\/user\\\/CHDLyon\"]}]}<\/script>\n<!-- \/ Yoast SEO plugin. -->","yoast_head_json":{"title":"Emmanuelle de Negri - Le Concert de l&#039;Hostel Dieu","description":"Le Concert de l'Hostel Dieu et la soprano Heather Newhouse collaborent r\u00e9guli\u00e8rement pour des projets tels que Dolce Follia et Folia","robots":{"index":"index","follow":"follow","max-snippet":"max-snippet:-1","max-image-preview":"max-image-preview:large","max-video-preview":"max-video-preview:-1"},"canonical":"https:\/\/www.concert-hosteldieu.com\/en\/nos-artistes-invites\/emmanuelle-de-negri\/","og_locale":"en_GB","og_type":"article","og_title":"Emmanuelle de Negri - Le Concert de l&#039;Hostel Dieu","og_description":"Le Concert de l'Hostel Dieu et la soprano Heather Newhouse collaborent r\u00e9guli\u00e8rement pour des projets tels que Dolce Follia et Folia","og_url":"https:\/\/www.concert-hosteldieu.com\/en\/nos-artistes-invites\/emmanuelle-de-negri\/","og_site_name":"Le Concert de l&#039;Hostel Dieu","article_publisher":"https:\/\/www.facebook.com\/leconcert.delhosteldieu","article_modified_time":"2026-01-09T15:42:35+00:00","og_image":[{"width":1046,"height":787,"url":"https:\/\/www.concert-hosteldieu.com\/wp-content\/uploads\/2025\/01\/concert-hostel-dieu-DE-NEGRI-Emmanuelle-credit-Clemence-Demesme.jpg","type":"image\/jpeg"}],"twitter_misc":{"Estimated reading time":"4 minutes"},"schema":{"@context":"https:\/\/schema.org","@graph":[{"@type":"WebPage","@id":"https:\/\/www.concert-hosteldieu.com\/nos-artistes-invites\/emmanuelle-de-negri\/","url":"https:\/\/www.concert-hosteldieu.com\/nos-artistes-invites\/emmanuelle-de-negri\/","name":"Emmanuelle de Negri - Le Concert de l&#039;Hostel Dieu","isPartOf":{"@id":"https:\/\/www.concert-hosteldieu.com\/#website"},"primaryImageOfPage":{"@id":"https:\/\/www.concert-hosteldieu.com\/nos-artistes-invites\/emmanuelle-de-negri\/#primaryimage"},"image":{"@id":"https:\/\/www.concert-hosteldieu.com\/nos-artistes-invites\/emmanuelle-de-negri\/#primaryimage"},"thumbnailUrl":"https:\/\/www.concert-hosteldieu.com\/wp-content\/uploads\/2025\/01\/concert-hostel-dieu-DE-NEGRI-Emmanuelle-credit-Clemence-Demesme.jpg","datePublished":"2026-01-09T13:13:27+00:00","dateModified":"2026-01-09T15:42:35+00:00","description":"Le Concert de l'Hostel Dieu et la soprano Heather Newhouse collaborent r\u00e9guli\u00e8rement pour des projets tels que Dolce Follia et Folia","breadcrumb":{"@id":"https:\/\/www.concert-hosteldieu.com\/nos-artistes-invites\/emmanuelle-de-negri\/#breadcrumb"},"inLanguage":"en-GB","potentialAction":[{"@type":"ReadAction","target":["https:\/\/www.concert-hosteldieu.com\/nos-artistes-invites\/emmanuelle-de-negri\/"]}]},{"@type":"ImageObject","inLanguage":"en-GB","@id":"https:\/\/www.concert-hosteldieu.com\/nos-artistes-invites\/emmanuelle-de-negri\/#primaryimage","url":"https:\/\/www.concert-hosteldieu.com\/wp-content\/uploads\/2025\/01\/concert-hostel-dieu-DE-NEGRI-Emmanuelle-credit-Clemence-Demesme.jpg","contentUrl":"https:\/\/www.concert-hosteldieu.com\/wp-content\/uploads\/2025\/01\/concert-hostel-dieu-DE-NEGRI-Emmanuelle-credit-Clemence-Demesme.jpg","width":1046,"height":787},{"@type":"BreadcrumbList","@id":"https:\/\/www.concert-hosteldieu.com\/nos-artistes-invites\/emmanuelle-de-negri\/#breadcrumb","itemListElement":[{"@type":"ListItem","position":1,"name":"Accueil","item":"https:\/\/www.concert-hosteldieu.com\/"},{"@type":"ListItem","position":2,"name":"Nos artistes invit\u00e9s","item":"https:\/\/www.concert-hosteldieu.com\/nos-artistes-invites\/"},{"@type":"ListItem","position":3,"name":"Emmanuelle de Negri"}]},{"@type":"WebSite","@id":"https:\/\/www.concert-hosteldieu.com\/#website","url":"https:\/\/www.concert-hosteldieu.com\/","name":"Le Concert de l&#039;Hostel Dieu","description":"Franck-Emmanuel Comte","publisher":{"@id":"https:\/\/www.concert-hosteldieu.com\/#organization"},"potentialAction":[{"@type":"SearchAction","target":{"@type":"EntryPoint","urlTemplate":"https:\/\/www.concert-hosteldieu.com\/?s={search_term_string}"},"query-input":{"@type":"PropertyValueSpecification","valueRequired":true,"valueName":"search_term_string"}}],"inLanguage":"en-GB"},{"@type":"Organization","@id":"https:\/\/www.concert-hosteldieu.com\/#organization","name":"Le Concert de l'Hostel Dieu","url":"https:\/\/www.concert-hosteldieu.com\/","logo":{"@type":"ImageObject","inLanguage":"en-GB","@id":"https:\/\/www.concert-hosteldieu.com\/#\/schema\/logo\/image\/","url":"https:\/\/www.concert-hosteldieu.com\/wp-content\/uploads\/2021\/06\/logo-chd-noir-transparent.png","contentUrl":"https:\/\/www.concert-hosteldieu.com\/wp-content\/uploads\/2021\/06\/logo-chd-noir-transparent.png","width":262,"height":106,"caption":"Le Concert de l'Hostel Dieu"},"image":{"@id":"https:\/\/www.concert-hosteldieu.com\/#\/schema\/logo\/image\/"},"sameAs":["https:\/\/www.facebook.com\/leconcert.delhosteldieu","https:\/\/x.com\/CHDLyon","https:\/\/instagram.com\/concert_hostel_dieu","https:\/\/www.linkedin.com\/company\/le-concert-de-l'hostel-dieu\/","https:\/\/www.youtube.com\/user\/CHDLyon"]}]}},"_links":{"self":[{"href":"https:\/\/www.concert-hosteldieu.com\/en\/wp-json\/wp\/v2\/pages\/23980","targetHints":{"allow":["GET"]}}],"collection":[{"href":"https:\/\/www.concert-hosteldieu.com\/en\/wp-json\/wp\/v2\/pages"}],"about":[{"href":"https:\/\/www.concert-hosteldieu.com\/en\/wp-json\/wp\/v2\/types\/page"}],"author":[{"embeddable":true,"href":"https:\/\/www.concert-hosteldieu.com\/en\/wp-json\/wp\/v2\/users\/2776"}],"replies":[{"embeddable":true,"href":"https:\/\/www.concert-hosteldieu.com\/en\/wp-json\/wp\/v2\/comments?post=23980"}],"version-history":[{"count":4,"href":"https:\/\/www.concert-hosteldieu.com\/en\/wp-json\/wp\/v2\/pages\/23980\/revisions"}],"predecessor-version":[{"id":24012,"href":"https:\/\/www.concert-hosteldieu.com\/en\/wp-json\/wp\/v2\/pages\/23980\/revisions\/24012"}],"up":[{"embeddable":true,"href":"https:\/\/www.concert-hosteldieu.com\/en\/wp-json\/wp\/v2\/pages\/12628"}],"wp:featuredmedia":[{"embeddable":true,"href":"https:\/\/www.concert-hosteldieu.com\/en\/wp-json\/wp\/v2\/media\/22714"}],"wp:attachment":[{"href":"https:\/\/www.concert-hosteldieu.com\/en\/wp-json\/wp\/v2\/media?parent=23980"}],"wp:term":[{"taxonomy":"category","embeddable":true,"href":"https:\/\/www.concert-hosteldieu.com\/en\/wp-json\/wp\/v2\/categories?post=23980"},{"taxonomy":"post_tag","embeddable":true,"href":"https:\/\/www.concert-hosteldieu.com\/en\/wp-json\/wp\/v2\/tags?post=23980"}],"curies":[{"name":"wp","href":"https:\/\/api.w.org\/{rel}","templated":true}]}}