{"id":23413,"date":"2025-06-04T12:09:33","date_gmt":"2025-06-04T11:09:33","guid":{"rendered":"https:\/\/www.concert-hosteldieu.com\/?page_id=23413"},"modified":"2025-09-16T10:53:34","modified_gmt":"2025-09-16T09:53:34","slug":"saison-2025-2026","status":"publish","type":"page","link":"https:\/\/www.concert-hosteldieu.com\/en\/saison-2025-2026\/","title":{"rendered":"Saison 2025-2026"},"content":{"rendered":"<h1>\n\t\t\t\tSaison lyonnaise 2025-2026\n\t\t\t<\/h1>\n\t<ul>\n\t\t\t<li>\n\t\t\t<h4>\n\t\t\t<a href=\"#agenda\" target=\"_self\"  data-hover=\"AGENDA\" aria-label=\"CALENDAR\">CALENDAR<\/a>\n\t\t\t<\/h4>\n\t\t<\/li>\n\t\t\t\t<\/ul>\n\t<ul>\n\t\t\t<li>\n\t\t\t<h4>\n\t\t\t<a href=\"#r\u00e9servation\" target=\"_self\"  data-hover=\"MODALIT\u00c9S\" aria-label=\"MODALIT\u00c9S\">MODALIT\u00c9S<\/a>\n\t\t\t<\/h4>\n\t\t<\/li>\n\t\t\t\t<\/ul>\n\t<ul>\n\t\t\t<li>\n\t\t\t<h4>\n\t\t\t<a href=\"https:\/\/trinitelyon.mapado.com\/\" target=\"_blank\" rel=\"noopener\" data-hover=\"BILLETTERIE EN LIGNE\" aria-label=\"ONLINE TICKETING\">ONLINE TICKETING<\/a>\n\t\t\t<\/h4>\n\t\t<\/li>\n\t\t\t\t<\/ul>\n<h4>\n\t\t\tSeptembre 2025\t<\/h4>\n\t<h3>\n\t\t\t\t<a href=\"https:\/\/trinitelyon.com\/events\/defile-choregraphique\/\" title=\"D\u00e9fil\u00e9 Karavel\" target=\"_blank\" rel=\"noopener\" aria-label=\"Aller \u00e0 https:\/\/trinitelyon.com\/events\/defile-choregraphique\/\">\n\t\t\t\tD\u00e9fil\u00e9 Karavel\n\t\t\t\t<\/a>\n\t\t\t<\/h3>\n\t\t\t\t<img decoding=\"async\" src=\"https:\/\/www.concert-hosteldieu.com\/wp-content\/uploads\/2021\/01\/600x600px42.jpg\" alt=\"Le projet en tourn\u00e9e Fugacit\u00e9s danse\" itemprop=\"image\" height=\"1685\" width=\"1920\" title=\"600x600px42\" onerror=\"this.style.display='none'\" loading=\"lazy\" \/>\n\t<strong>Mercredi 24 septembre | 20h<br \/>\n<\/strong><strong>Chapelle de la Trinit\u00e9<\/strong>\n<p>Soir\u00e9e de lancement du festival Karavel<\/p>\n\t<p><a href=\"https:\/\/trinitelyon.com\/events\/defile-choregraphique\/\" target=\"_blank\" rel=\"noopener\"><strong>INFORMATION<\/strong><\/a> | <strong><a href=\"https:\/\/trinitelyon.mapado.com\/event\/529964-defile-choregraphique-soiree-de-lancement-avec-karavel-mourad-merzouki\" target=\"_blank\" rel=\"noopener\">BOOKING<\/a><\/strong><\/p>\n<h4>\n\t\t\tOctobre 2025\t<\/h4>\n\t<h3>\n\t\t\t\t<a href=\"https:\/\/www.concert-hosteldieu.com\/en\/nos-productions\/vivaldi-divina-stella\/\" title=\"Vivaldi, Divina Stella\" target=\"_blank\" rel=\"noopener\" aria-label=\"Aller \u00e0 https:\/\/www.concert-hosteldieu.com\/nos-productions\/vivaldi-divina-stella\/\">\n\t\t\t\tVivaldi, Divina Stella\n\t\t\t\t<\/a>\n\t\t\t<\/h3>\n\t\t\t\t<img decoding=\"async\" src=\"https:\/\/www.concert-hosteldieu.com\/wp-content\/uploads\/2025\/05\/Photo-Blandine-1_h-\u00a9Marielle-Aube.jpg\" alt=\"\u00a9 Marielle Aub\u00e9\" itemprop=\"image\" height=\"1280\" width=\"1920\" title=\"Blandine DE SANSAL\" onerror=\"this.style.display='none'\" loading=\"lazy\" \/>\n\t<strong>Mercredi 15 octobre | 20h<br \/>\nChapelle de la Trinit\u00e9<\/strong>\n<p>Ombres et lumi\u00e8res dans l&rsquo;\u0153uvre sacr\u00e9e<\/p>\n\t<p><a href=\"https:\/\/trinitelyon.com\/events\/vivaldi-divina-stella\/\" target=\"_blank\" rel=\"noopener\"><strong>INFORMATION<\/strong><\/a> | <strong><a href=\"https:\/\/trinitelyon.mapado.com\/event\/523552-vivaldi-divina-stella-ombres-et-lumieres-dans-loeuvre-sacree-de-vivaldi\" target=\"_blank\" rel=\"noopener\">BOOKING<\/a><\/strong><\/p>\n<h4>\n\t\t\tD\u00e9cembre 2025\t<\/h4>\n\t<h3>\n\t\t\t\t<a href=\"https:\/\/www.concert-hosteldieu.com\/en\/nos-productions\/noel-napolitain\/\" title=\"No\u00ebl Napolitain\" target=\"_blank\" rel=\"noopener\" aria-label=\"Aller \u00e0 https:\/\/www.concert-hosteldieu.com\/nos-productions\/noel-napolitain\/\">\n\t\t\t\tNo\u00ebl Napolitain\n\t\t\t\t<\/a>\n\t\t\t<\/h3>\n\t\t\t\t<img decoding=\"async\" src=\"https:\/\/www.concert-hosteldieu.com\/wp-content\/uploads\/2025\/06\/Noel-napolitain-\u00a9Julie-Cherki.jpg\" alt=\"\u00a9 Julie Cherki\" itemprop=\"image\" height=\"1280\" width=\"1920\" title=\"Noel napolitain\" onerror=\"this.style.display='none'\" loading=\"lazy\" \/>\n\t<strong>Mercredi 17 d\u00e9cembre | 20h<br \/>\nChapelle de la Trinit\u00e9<\/strong>\n<p>La magie d&rsquo;un No\u00ebl populaire et baroque<\/p>\n\t<p><a href=\"https:\/\/trinitelyon.com\/events\/noel-napolitain\/\" target=\"_blank\" rel=\"noopener\"><strong>INFORMATION<\/strong><\/a> | <strong><a href=\"https:\/\/trinitelyon.mapado.com\/event\/523566-noel-napolitain-le-concert-de-lhostel-dieu\" target=\"_blank\" rel=\"noopener\">BOOKING<\/a><\/strong><\/p>\n<h4>\n\t\t\tMars 2026\t<\/h4>\n\t<h3>\n\t\t\t\t<a href=\"https:\/\/www.concert-hosteldieu.com\/en\/nos-productions\/bach-on-the-beat\/\" title=\"Bach on the beat\" target=\"_blank\" rel=\"noopener\" aria-label=\"Aller \u00e0 https:\/\/www.concert-hosteldieu.com\/nos-productions\/bach-on-the-beat\/\">\n\t\t\t\tBach on the beat\n\t\t\t\t<\/a>\n\t\t\t<\/h3>\n\t\t\t\t<img decoding=\"async\" src=\"https:\/\/www.concert-hosteldieu.com\/wp-content\/uploads\/2025\/06\/Bach-on-the-beat-@William-Sundfor.jpg\" alt=\"@ William Sundfor\" itemprop=\"image\" height=\"1280\" width=\"1920\" title=\"Bach on the beat\" onerror=\"this.style.display='none'\" loading=\"lazy\" \/>\n\t<strong>Dimanche 1er mars | 19h<br \/>\nChapelle de la Trinit\u00e9<\/strong>\n<p>A timeless musical dialogue<\/p>\n\t<p><a href=\"https:\/\/trinitelyon.com\/events\/bach-on-the-beat\/\" target=\"_blank\" rel=\"noopener\"><strong>INFORMATION<\/strong><\/a> | <strong><a href=\"https:\/\/trinitelyon.mapado.com\/event\/523559-bach-on-the-beat-le-concert-de-lhostel-dieu-tiko\" target=\"_blank\" rel=\"noopener\">BOOKING<\/a><\/strong><\/p>\n<h4>\n\t\t\tMay 2026\t<\/h4>\n\t<h3>\n\t\t\t\t<a href=\"https:\/\/trinitelyon.com\/events\/vivaldi-sauvage\/\" title=\"Vivaldi Sauvage\" target=\"_blank\" rel=\"noopener\" aria-label=\"Aller \u00e0 https:\/\/trinitelyon.com\/events\/vivaldi-sauvage\/\">\n\t\t\t\tVivaldi Sauvage\n\t\t\t\t<\/a>\n\t\t\t<\/h3>\n\t\t\t\t<img decoding=\"async\" src=\"https:\/\/www.concert-hosteldieu.com\/wp-content\/uploads\/2025\/06\/Vivaldi-sauvage-\u00a9Julie-Cherki.jpg\" alt=\"\u00a9 Julie Cherki\" itemprop=\"image\" height=\"1280\" width=\"1920\" title=\"Vivaldi sauvage\" onerror=\"this.style.display='none'\" loading=\"lazy\" \/>\n\t<strong>Samedi 23 mai | 20h<br \/>\n<\/strong><strong>Chapelle de la Trinit\u00e9<\/strong>\n<p>Quatre saisons immersives pour orchestre baroque et paysage sonore<\/p>\n\t<p><a href=\"https:\/\/trinitelyon.com\/events\/vivaldi-sauvage\/\" target=\"_blank\" rel=\"noopener\"><strong>INFORMATION<\/strong><\/a> | <strong><a href=\"https:\/\/trinitelyon.mapado.com\/event\/531527-vivaldi-sauvage-le-concert-de-lhostel-dieu-superspectives\" target=\"_blank\" rel=\"noopener\">BOOKING<\/a><\/strong><\/p>\n<h4>\n\t\t\tMay 2026\t<\/h4>\n\t<h3>\n\t\t\t\t<a href=\"https:\/\/trinitelyon.com\/events\/natures\/\" title=\"Nature(s)\" target=\"_blank\" rel=\"noopener\" aria-label=\"Aller \u00e0 https:\/\/trinitelyon.com\/events\/natures\/\">\n\t\t\t\tNature(s)\n\t\t\t\t<\/a>\n\t\t\t<\/h3>\n\t\t\t\t<img decoding=\"async\" src=\"https:\/\/www.concert-hosteldieu.com\/wp-content\/uploads\/2025\/06\/Natures-\u00a9Julie-Cherki.jpg\" alt=\"\u00a9 Julie Cherki\" itemprop=\"image\" height=\"1280\" width=\"1920\" title=\"Nature(s)\" onerror=\"this.style.display='none'\" loading=\"lazy\" \/>\n\t<strong>Dimanche 24 mai | 15h<br \/>\n<\/strong><strong>Chapelle de la Trinit\u00e9<\/strong>\nUn concert baroque,<br \/>\nfamilial et participatif\n\t<p><a href=\"https:\/\/trinitelyon.com\/events\/natures\/\" target=\"_blank\" rel=\"noopener\"><strong>INFORMATION<\/strong><\/a> | <strong><a href=\"https:\/\/trinitelyon.mapado.com\/event\/523545-nature-s-concert-baroque-familial-et-participatif\" target=\"_blank\" rel=\"noopener\">BOOKING<\/a><\/strong><\/p>\n<h4>\n\t\t\tJuin 2026\t<\/h4>\n\t<h3>\n\t\t\t\t<a href=\"https:\/\/www.concert-hosteldieu.com\/en\/nos-productions\/furioso\/\" title=\"Furioso\" target=\"_blank\" rel=\"noopener\" aria-label=\"Aller \u00e0 https:\/\/www.concert-hosteldieu.com\/nos-productions\/furioso\/\">\n\t\t\t\tFurioso\n\t\t\t\t<\/a>\n\t\t\t<\/h3>\n\t\t\t\t<img decoding=\"async\" src=\"https:\/\/www.concert-hosteldieu.com\/wp-content\/uploads\/2025\/06\/Furioso-\u00a9D.Espasa.png\" alt=\"\u00a9 D.Espasa\" itemprop=\"image\" height=\"1181\" width=\"1772\" title=\"Furioso\" onerror=\"this.style.display='none'\" loading=\"lazy\" \/>\n\t<strong>Mardi 9 juin | 20h<br \/>\n<\/strong><strong>Chapelle de la Trinit\u00e9<\/strong>\nFurie, folie et virtuosit\u00e9<br \/>\nd&rsquo;un h\u00e9ros baroque\n\t<p><a href=\"https:\/\/trinitelyon.com\/events\/furioso\/\" target=\"_blank\" rel=\"noopener\"><strong>INFORMATION<\/strong><\/a> | <strong><a href=\"https:\/\/trinitelyon.mapado.com\/event\/523573-furioso-le-concert-de-lhostel-dieu-xavier-sabata\" target=\"_blank\" rel=\"noopener\">BOOKING<\/a><\/strong><\/p>\n\t<h4>\n\t\t\t\tHow to make a reservation?\n\t\t\t<\/h4>\n\t<p><strong>EN LIGNE<\/strong>\u00a0: <strong><a href=\"https:\/\/trinitelyon.mapado.com\/\" target=\"_blank\" rel=\"noopener\">https:\/\/trinitelyon.mapado.com\/<\/a><\/strong><\/p>\n<strong>SUR PLACE<\/strong> : lors de permanences de vente \u00e0 la chapelle de la Trinit\u00e9, 29-31 rue de la Bourse, 69002 Lyon<br \/>\n<strong>\u2192 les jeudis 12 et 26 juin de 9 h 30 \u00e0 19 h !<\/strong>\n<p><strong>BY PHONE<\/strong> : 06 84 39 71 56<\/p>\n<p><strong>BY MAIL<\/strong> : en renvoyant votre bulletin de r\u00e9servation complet d\u00fbment rempli, accompagn\u00e9 d&rsquo;un ch\u00e8que \u00e0 l&rsquo;ordre de Lyon Trinit\u00e9 Musique \u00e0 l&rsquo;adresse postale de l&rsquo;association : 7 rue Major Martin, 69001 Lyon (adresse de correspondance uniquement).<\/p>\n<p><strong>AU GUICHET<\/strong> : les soirs de concert, 30 minutes avant le d\u00e9but du concert<\/p>\n\t<h4>\n\t\t\t\tComment venir \u00e0 la chapelle de la Trinit\u00e9 ?\n\t\t\t<\/h4>\n\t<p>Use <strong>public transport<\/strong> and <strong>soft modes of transport<\/strong> to get to concerts!<\/p>\n<b>By public transport<\/b><br \/>\nM\u00e9tro A, arr\u00eat Cordeliers<br \/>\nBus C3, C5, C13, C14 et C18, arr\u00eat Cordeliers\n<b>\u00c0\u00a0v\u00e9lo \/\u00a0V\u00e9lo&rsquo;V<\/b><br \/>\nPlusieurs parkings \u00e0\u00a0v\u00e9lo sont disponibles \u00e0 proximit\u00e9.<br \/>\nLa station V\u00e9lo&rsquo;V \u00ab\u00a0Amp\u00e8re\/Bourse\u00a0\u00bb est \u00e0 votre disposition \u00e0 proximit\u00e9 de la chapelle.\n<p>Calculez votre itin\u00e9raire avec TCL et V\u00e9lo&rsquo;V : <strong><a href=\"http:\/\/plan-interactif.tcl.fr\/\" target=\"_blank\" rel=\"noopener\" data-saferedirecturl=\"https:\/\/www.google.com\/url?q=http:\/\/plan-interactif.tcl.fr\/&amp;source=gmail&amp;ust=1720010799231000&amp;usg=AOvVaw3UeEVUoNp68MZBQoJ0jOtU\">http:\/\/plan-interactif.<wbr \/>tcl.fr\/<\/a><\/strong><\/p>","protected":false},"excerpt":{"rendered":"<p>Saison lyonnaise 2025-2026 AGENDA MODALIT\u00c9S BILLETTERIE EN LIGNE Septembre 2025 D\u00e9fil\u00e9 Karavel Mercredi 24 septembre | 20h Chapelle de la Trinit\u00e9 Soir\u00e9e de lancement du festival Karavel INFORMATION | BILLETTERIE Octobre 2025 Vivaldi, Divina Stella Mercredi 15 octobre | 20h [&hellip;]<\/p>\n","protected":false},"author":2776,"featured_media":0,"parent":0,"menu_order":0,"comment_status":"closed","ping_status":"closed","template":"","meta":{"site-sidebar-layout":"no-sidebar","site-content-layout":"","ast-site-content-layout":"full-width-container","site-content-style":"unboxed","site-sidebar-style":"unboxed","ast-global-header-display":"","ast-banner-title-visibility":"","ast-main-header-display":"","ast-hfb-above-header-display":"","ast-hfb-below-header-display":"","ast-hfb-mobile-header-display":"","site-post-title":"disabled","ast-breadcrumbs-content":"","ast-featured-img":"disabled","footer-sml-layout":"","ast-disable-related-posts":"","theme-transparent-header-meta":"enabled","adv-header-id-meta":"","stick-header-meta":"default","header-above-stick-meta":"","header-main-stick-meta":"","header-below-stick-meta":"","astra-migrate-meta-layouts":"set","ast-page-background-enabled":"default","ast-page-background-meta":{"desktop":{"background-color":"","background-image":"","background-repeat":"repeat","background-position":"center center","background-size":"auto","background-attachment":"scroll","background-type":"","background-media":"","overlay-type":"","overlay-color":"","overlay-opacity":"","overlay-gradient":""},"tablet":{"background-color":"","background-image":"","background-repeat":"repeat","background-position":"center center","background-size":"auto","background-attachment":"scroll","background-type":"","background-media":"","overlay-type":"","overlay-color":"","overlay-opacity":"","overlay-gradient":""},"mobile":{"background-color":"","background-image":"","background-repeat":"repeat","background-position":"center center","background-size":"auto","background-attachment":"scroll","background-type":"","background-media":"","overlay-type":"","overlay-color":"","overlay-opacity":"","overlay-gradient":""}},"ast-content-background-meta":{"desktop":{"background-color":"var(--ast-global-color-5)","background-image":"","background-repeat":"repeat","background-position":"center center","background-size":"auto","background-attachment":"scroll","background-type":"","background-media":"","overlay-type":"","overlay-color":"","overlay-opacity":"","overlay-gradient":""},"tablet":{"background-color":"var(--ast-global-color-5)","background-image":"","background-repeat":"repeat","background-position":"center center","background-size":"auto","background-attachment":"scroll","background-type":"","background-media":"","overlay-type":"","overlay-color":"","overlay-opacity":"","overlay-gradient":""},"mobile":{"background-color":"var(--ast-global-color-5)","background-image":"","background-repeat":"repeat","background-position":"center center","background-size":"auto","background-attachment":"scroll","background-type":"","background-media":"","overlay-type":"","overlay-color":"","overlay-opacity":"","overlay-gradient":""}},"footnotes":""},"categories":[],"tags":[],"class_list":["post-23413","page","type-page","status-publish","hentry"],"yoast_head":"<!-- This site is optimized with the Yoast SEO plugin v27.6 - https:\/\/yoast.com\/product\/yoast-seo-wordpress\/ -->\n<title>Saison 2025-2026 - Le Concert de l&#039;Hostel Dieu<\/title>\n<meta name=\"robots\" content=\"index, follow, max-snippet:-1, max-image-preview:large, max-video-preview:-1\" \/>\n<link rel=\"canonical\" href=\"https:\/\/www.concert-hosteldieu.com\/en\/saison-2025-2026\/\" \/>\n<meta property=\"og:locale\" content=\"en_GB\" \/>\n<meta property=\"og:type\" content=\"article\" \/>\n<meta property=\"og:title\" content=\"Saison 2025-2026 - Le Concert de l&#039;Hostel Dieu\" \/>\n<meta property=\"og:description\" content=\"Saison lyonnaise 2025-2026 AGENDA MODALIT\u00c9S BILLETTERIE EN LIGNE Septembre 2025 D\u00e9fil\u00e9 Karavel Mercredi 24 septembre | 20h Chapelle de la Trinit\u00e9 Soir\u00e9e de lancement du festival Karavel INFORMATION | BILLETTERIE Octobre 2025 Vivaldi, Divina Stella Mercredi 15 octobre | 20h [&hellip;]\" \/>\n<meta property=\"og:url\" content=\"https:\/\/www.concert-hosteldieu.com\/en\/saison-2025-2026\/\" \/>\n<meta property=\"og:site_name\" content=\"Le Concert de l&#039;Hostel Dieu\" \/>\n<meta property=\"article:publisher\" content=\"https:\/\/www.facebook.com\/leconcert.delhosteldieu\" \/>\n<meta property=\"article:modified_time\" content=\"2025-09-16T09:53:34+00:00\" \/>\n<meta property=\"og:image\" content=\"https:\/\/www.concert-hosteldieu.com\/wp-content\/uploads\/2021\/01\/600x600px42.jpg\" \/>\n<meta name=\"twitter:label1\" content=\"Estimated reading time\" \/>\n\t<meta name=\"twitter:data1\" content=\"3 minutes\" \/>\n<script type=\"application\/ld+json\" class=\"yoast-schema-graph\">{\"@context\":\"https:\\\/\\\/schema.org\",\"@graph\":[{\"@type\":\"WebPage\",\"@id\":\"https:\\\/\\\/www.concert-hosteldieu.com\\\/saison-2025-2026\\\/\",\"url\":\"https:\\\/\\\/www.concert-hosteldieu.com\\\/saison-2025-2026\\\/\",\"name\":\"Saison 2025-2026 - Le Concert de l&#039;Hostel Dieu\",\"isPartOf\":{\"@id\":\"https:\\\/\\\/www.concert-hosteldieu.com\\\/#website\"},\"primaryImageOfPage\":{\"@id\":\"https:\\\/\\\/www.concert-hosteldieu.com\\\/saison-2025-2026\\\/#primaryimage\"},\"image\":{\"@id\":\"https:\\\/\\\/www.concert-hosteldieu.com\\\/saison-2025-2026\\\/#primaryimage\"},\"thumbnailUrl\":\"https:\\\/\\\/www.concert-hosteldieu.com\\\/wp-content\\\/uploads\\\/2021\\\/01\\\/600x600px42.jpg\",\"datePublished\":\"2025-06-04T11:09:33+00:00\",\"dateModified\":\"2025-09-16T09:53:34+00:00\",\"breadcrumb\":{\"@id\":\"https:\\\/\\\/www.concert-hosteldieu.com\\\/saison-2025-2026\\\/#breadcrumb\"},\"inLanguage\":\"en-GB\",\"potentialAction\":[{\"@type\":\"ReadAction\",\"target\":[\"https:\\\/\\\/www.concert-hosteldieu.com\\\/saison-2025-2026\\\/\"]}]},{\"@type\":\"ImageObject\",\"inLanguage\":\"en-GB\",\"@id\":\"https:\\\/\\\/www.concert-hosteldieu.com\\\/saison-2025-2026\\\/#primaryimage\",\"url\":\"https:\\\/\\\/www.concert-hosteldieu.com\\\/wp-content\\\/uploads\\\/2021\\\/01\\\/600x600px42.jpg\",\"contentUrl\":\"https:\\\/\\\/www.concert-hosteldieu.com\\\/wp-content\\\/uploads\\\/2021\\\/01\\\/600x600px42.jpg\"},{\"@type\":\"BreadcrumbList\",\"@id\":\"https:\\\/\\\/www.concert-hosteldieu.com\\\/saison-2025-2026\\\/#breadcrumb\",\"itemListElement\":[{\"@type\":\"ListItem\",\"position\":1,\"name\":\"Accueil\",\"item\":\"https:\\\/\\\/www.concert-hosteldieu.com\\\/\"},{\"@type\":\"ListItem\",\"position\":2,\"name\":\"Saison 2025-2026\"}]},{\"@type\":\"WebSite\",\"@id\":\"https:\\\/\\\/www.concert-hosteldieu.com\\\/#website\",\"url\":\"https:\\\/\\\/www.concert-hosteldieu.com\\\/\",\"name\":\"Le Concert de l&#039;Hostel Dieu\",\"description\":\"Franck-Emmanuel Comte\",\"publisher\":{\"@id\":\"https:\\\/\\\/www.concert-hosteldieu.com\\\/#organization\"},\"potentialAction\":[{\"@type\":\"SearchAction\",\"target\":{\"@type\":\"EntryPoint\",\"urlTemplate\":\"https:\\\/\\\/www.concert-hosteldieu.com\\\/?s={search_term_string}\"},\"query-input\":{\"@type\":\"PropertyValueSpecification\",\"valueRequired\":true,\"valueName\":\"search_term_string\"}}],\"inLanguage\":\"en-GB\"},{\"@type\":\"Organization\",\"@id\":\"https:\\\/\\\/www.concert-hosteldieu.com\\\/#organization\",\"name\":\"Le Concert de l'Hostel Dieu\",\"url\":\"https:\\\/\\\/www.concert-hosteldieu.com\\\/\",\"logo\":{\"@type\":\"ImageObject\",\"inLanguage\":\"en-GB\",\"@id\":\"https:\\\/\\\/www.concert-hosteldieu.com\\\/#\\\/schema\\\/logo\\\/image\\\/\",\"url\":\"https:\\\/\\\/www.concert-hosteldieu.com\\\/wp-content\\\/uploads\\\/2021\\\/06\\\/logo-chd-noir-transparent.png\",\"contentUrl\":\"https:\\\/\\\/www.concert-hosteldieu.com\\\/wp-content\\\/uploads\\\/2021\\\/06\\\/logo-chd-noir-transparent.png\",\"width\":262,\"height\":106,\"caption\":\"Le Concert de l'Hostel Dieu\"},\"image\":{\"@id\":\"https:\\\/\\\/www.concert-hosteldieu.com\\\/#\\\/schema\\\/logo\\\/image\\\/\"},\"sameAs\":[\"https:\\\/\\\/www.facebook.com\\\/leconcert.delhosteldieu\",\"https:\\\/\\\/x.com\\\/CHDLyon\",\"https:\\\/\\\/instagram.com\\\/concert_hostel_dieu\",\"https:\\\/\\\/www.linkedin.com\\\/company\\\/le-concert-de-l'hostel-dieu\\\/\",\"https:\\\/\\\/www.youtube.com\\\/user\\\/CHDLyon\"]}]}<\/script>\n<!-- \/ Yoast SEO plugin. -->","yoast_head_json":{"title":"Saison 2025-2026 - Le Concert de l&#039;Hostel Dieu","robots":{"index":"index","follow":"follow","max-snippet":"max-snippet:-1","max-image-preview":"max-image-preview:large","max-video-preview":"max-video-preview:-1"},"canonical":"https:\/\/www.concert-hosteldieu.com\/en\/saison-2025-2026\/","og_locale":"en_GB","og_type":"article","og_title":"Saison 2025-2026 - Le Concert de l&#039;Hostel Dieu","og_description":"Saison lyonnaise 2025-2026 AGENDA MODALIT\u00c9S BILLETTERIE EN LIGNE Septembre 2025 D\u00e9fil\u00e9 Karavel Mercredi 24 septembre | 20h Chapelle de la Trinit\u00e9 Soir\u00e9e de lancement du festival Karavel INFORMATION | BILLETTERIE Octobre 2025 Vivaldi, Divina Stella Mercredi 15 octobre | 20h [&hellip;]","og_url":"https:\/\/www.concert-hosteldieu.com\/en\/saison-2025-2026\/","og_site_name":"Le Concert de l&#039;Hostel Dieu","article_publisher":"https:\/\/www.facebook.com\/leconcert.delhosteldieu","article_modified_time":"2025-09-16T09:53:34+00:00","og_image":[{"url":"https:\/\/www.concert-hosteldieu.com\/wp-content\/uploads\/2021\/01\/600x600px42.jpg","type":"","width":"","height":""}],"twitter_misc":{"Estimated reading time":"3 minutes"},"schema":{"@context":"https:\/\/schema.org","@graph":[{"@type":"WebPage","@id":"https:\/\/www.concert-hosteldieu.com\/saison-2025-2026\/","url":"https:\/\/www.concert-hosteldieu.com\/saison-2025-2026\/","name":"Saison 2025-2026 - Le Concert de l&#039;Hostel Dieu","isPartOf":{"@id":"https:\/\/www.concert-hosteldieu.com\/#website"},"primaryImageOfPage":{"@id":"https:\/\/www.concert-hosteldieu.com\/saison-2025-2026\/#primaryimage"},"image":{"@id":"https:\/\/www.concert-hosteldieu.com\/saison-2025-2026\/#primaryimage"},"thumbnailUrl":"https:\/\/www.concert-hosteldieu.com\/wp-content\/uploads\/2021\/01\/600x600px42.jpg","datePublished":"2025-06-04T11:09:33+00:00","dateModified":"2025-09-16T09:53:34+00:00","breadcrumb":{"@id":"https:\/\/www.concert-hosteldieu.com\/saison-2025-2026\/#breadcrumb"},"inLanguage":"en-GB","potentialAction":[{"@type":"ReadAction","target":["https:\/\/www.concert-hosteldieu.com\/saison-2025-2026\/"]}]},{"@type":"ImageObject","inLanguage":"en-GB","@id":"https:\/\/www.concert-hosteldieu.com\/saison-2025-2026\/#primaryimage","url":"https:\/\/www.concert-hosteldieu.com\/wp-content\/uploads\/2021\/01\/600x600px42.jpg","contentUrl":"https:\/\/www.concert-hosteldieu.com\/wp-content\/uploads\/2021\/01\/600x600px42.jpg"},{"@type":"BreadcrumbList","@id":"https:\/\/www.concert-hosteldieu.com\/saison-2025-2026\/#breadcrumb","itemListElement":[{"@type":"ListItem","position":1,"name":"Accueil","item":"https:\/\/www.concert-hosteldieu.com\/"},{"@type":"ListItem","position":2,"name":"Saison 2025-2026"}]},{"@type":"WebSite","@id":"https:\/\/www.concert-hosteldieu.com\/#website","url":"https:\/\/www.concert-hosteldieu.com\/","name":"Le Concert de l&#039;Hostel Dieu","description":"Franck-Emmanuel Comte","publisher":{"@id":"https:\/\/www.concert-hosteldieu.com\/#organization"},"potentialAction":[{"@type":"SearchAction","target":{"@type":"EntryPoint","urlTemplate":"https:\/\/www.concert-hosteldieu.com\/?s={search_term_string}"},"query-input":{"@type":"PropertyValueSpecification","valueRequired":true,"valueName":"search_term_string"}}],"inLanguage":"en-GB"},{"@type":"Organization","@id":"https:\/\/www.concert-hosteldieu.com\/#organization","name":"Le Concert de l'Hostel Dieu","url":"https:\/\/www.concert-hosteldieu.com\/","logo":{"@type":"ImageObject","inLanguage":"en-GB","@id":"https:\/\/www.concert-hosteldieu.com\/#\/schema\/logo\/image\/","url":"https:\/\/www.concert-hosteldieu.com\/wp-content\/uploads\/2021\/06\/logo-chd-noir-transparent.png","contentUrl":"https:\/\/www.concert-hosteldieu.com\/wp-content\/uploads\/2021\/06\/logo-chd-noir-transparent.png","width":262,"height":106,"caption":"Le Concert de l'Hostel Dieu"},"image":{"@id":"https:\/\/www.concert-hosteldieu.com\/#\/schema\/logo\/image\/"},"sameAs":["https:\/\/www.facebook.com\/leconcert.delhosteldieu","https:\/\/x.com\/CHDLyon","https:\/\/instagram.com\/concert_hostel_dieu","https:\/\/www.linkedin.com\/company\/le-concert-de-l'hostel-dieu\/","https:\/\/www.youtube.com\/user\/CHDLyon"]}]}},"_links":{"self":[{"href":"https:\/\/www.concert-hosteldieu.com\/en\/wp-json\/wp\/v2\/pages\/23413","targetHints":{"allow":["GET"]}}],"collection":[{"href":"https:\/\/www.concert-hosteldieu.com\/en\/wp-json\/wp\/v2\/pages"}],"about":[{"href":"https:\/\/www.concert-hosteldieu.com\/en\/wp-json\/wp\/v2\/types\/page"}],"author":[{"embeddable":true,"href":"https:\/\/www.concert-hosteldieu.com\/en\/wp-json\/wp\/v2\/users\/2776"}],"replies":[{"embeddable":true,"href":"https:\/\/www.concert-hosteldieu.com\/en\/wp-json\/wp\/v2\/comments?post=23413"}],"version-history":[{"count":6,"href":"https:\/\/www.concert-hosteldieu.com\/en\/wp-json\/wp\/v2\/pages\/23413\/revisions"}],"predecessor-version":[{"id":23666,"href":"https:\/\/www.concert-hosteldieu.com\/en\/wp-json\/wp\/v2\/pages\/23413\/revisions\/23666"}],"wp:attachment":[{"href":"https:\/\/www.concert-hosteldieu.com\/en\/wp-json\/wp\/v2\/media?parent=23413"}],"wp:term":[{"taxonomy":"category","embeddable":true,"href":"https:\/\/www.concert-hosteldieu.com\/en\/wp-json\/wp\/v2\/categories?post=23413"},{"taxonomy":"post_tag","embeddable":true,"href":"https:\/\/www.concert-hosteldieu.com\/en\/wp-json\/wp\/v2\/tags?post=23413"}],"curies":[{"name":"wp","href":"https:\/\/api.w.org\/{rel}","templated":true}]}}