{"id":23232,"date":"2025-04-07T14:21:42","date_gmt":"2025-04-07T13:21:42","guid":{"rendered":"https:\/\/www.concert-hosteldieu.com\/?page_id=23232"},"modified":"2025-04-07T14:21:42","modified_gmt":"2025-04-07T13:21:42","slug":"karl-aage-rasmussen","status":"publish","type":"page","link":"https:\/\/www.concert-hosteldieu.com\/en\/nos-artistes-invites\/karl-aage-rasmussen\/","title":{"rendered":"Karl Aage Rasmussen"},"content":{"rendered":"<h2>\n\t\t\t\tKarl Aage Rasmussen\n\t\t\t<\/h2>\n\t\t\t<h4>Composer<\/h4>\t\n\t<p>Karl Aage Rasmussen est n\u00e9 en 1947. Il a fait ses \u00e9tudes \u00e0 l&rsquo;Acad\u00e9mie de musique d&rsquo;Aarhus. Outre la composition, Karl Aage Rasmussen a \u00e9t\u00e9 actif en tant que chef d&rsquo;orchestre, notamment de son propre ensemble, The Elsinore Players. Il a \u00e9galement \u00e9t\u00e9 actif en tant qu&rsquo;\u00e9diteur de programmes de musique nouvelle pour la Radio danoise, co-\u00e9diteur du Danish Music Magazine, membre du Conseil danois de la musique, et il a \u00e9t\u00e9 tr\u00e8s demand\u00e9 comme conf\u00e9rencier dans de nombreux pays europ\u00e9ens et aux \u00c9tats-Unis.<\/p>\n<p>Karl Aage Rasmussen a commenc\u00e9 \u00e0 composer au milieu des ann\u00e9es 60. Il utilise souvent des mat\u00e9riaux musicaux pr\u00e9existants dans de nouvelles connexions et \u00e0 de nouvelles fins, non pas sous forme de collage ou de citation, mais dans un montage dense de motifs issus de langages musicaux tr\u00e8s diff\u00e9rents. La technique du montage et le \u00ab\u00a0non-authentique\u00a0\u00bb dans le choix du mat\u00e9riel musical caract\u00e9risent \u00e9galement la musique de Rasmussen de ces derni\u00e8res ann\u00e9es, mais la concentration sur les d\u00e9tails et l&rsquo;expression d\u00e9lib\u00e9r\u00e9ment non dynamique ont \u00e9t\u00e9 remplac\u00e9es par un int\u00e9r\u00eat accru pour la forme et le parcours &#8211; notamment les conditions musicales de notre exp\u00e9rience du temps, du mouvement et de la coh\u00e9rence. Les \u0153uvres musico-dramatiques de la fin des ann\u00e9es 70 sont parmi les premi\u00e8res manifestations de cet int\u00e9r\u00eat, qui s&rsquo;est poursuivi plus tard dans des \u0153uvres comme <em>A Symphony in Time<\/em> et les quatuors \u00e0 cordes <em>Solos and Shadows<\/em> and <em>Surrounded by Scales<\/em>.<\/p>\n<p>Avec la symphonie de chambre <em>Movements on a Moving Line<\/em>, sa musique prend le caract\u00e8re d&rsquo;un \u00ab\u00a0tissage\u00a0\u00bb labyrinthique de la m\u00eame musique dans des tempi diff\u00e9rents, et cette fa\u00e7on de penser a domin\u00e9 sa musique depuis lors. De nouvelles id\u00e9es sur l&rsquo;exp\u00e9rience du temps et du tempo, en partie li\u00e9es aux math\u00e9matiques dites fractales, constituent la base d&rsquo;\u0153uvres comme <em>Phantom Movements<\/em> and <em>Etudes and Postludes<\/em>. Ces derni\u00e8res ann\u00e9es, des dimensions psychologiques et dramatiques ont p\u00e9n\u00e9tr\u00e9 cette pens\u00e9e, par exemple dans le concerto pour violon <em>Sinking through the Dream-Mirror<\/em> et dans <em>Webs in a stolen Dream<\/em>. En 1991, il a re\u00e7u le prix Carl Nielsen, et en 1981, 1985 et 1993, il a \u00e9t\u00e9 nomin\u00e9 pour le prix de la musique du Conseil nordique. Karl Aage Rasmussen a re\u00e7u le prix du compositeur Wilhelm Hansen en 1997.<\/p>\n<h4>\n\t\tRetrouvez Karl Aage Rasmussen dans :\n\t<\/h4>\n\t\t\t\t<a href=\"https:\/\/www.concert-hosteldieu.com\/en\/nos-projets-en-creation\/quatre-saisons-rasmussen\/\"  target=\"_self\" itemprop=\"url\">\n\t\t\t\t<img loading=\"lazy\" decoding=\"async\" src=\"https:\/\/www.concert-hosteldieu.com\/wp-content\/uploads\/2024\/09\/DSCF4774.jpg\" alt=\"\u00a9Karelle Perdrizet\" itemprop=\"image\" height=\"1280\" width=\"1920\" title=\"Metamorphosis Auditorium\" onerror=\"this.style.display='none'\"  \/>\n\t\t\t\t<\/a>\n\t<h3>\n\t\t\t\t<a href=\"https:\/\/www.concert-hosteldieu.com\/en\/nos-projets-en-creation\/quatre-saisons-rasmussen\/\" title=\"4 Se\u00e5s\u00f8ns, Vivaldi\/Rasmussen\" target=\"_self\">\n\t\t\t\t4 Se\u00e5s\u00f8ns, Vivaldi\/Rasmussen\n\t\t\t\t<\/a>\n\t\t\t<\/h3>\n\t\t\t<a href=\"https:\/\/karlaagerasmussen.com\/\" title=\"Cliquez ici\" target=\"_blank\" rel=\"noopener\"  role=\"button\" aria-label=\"Website\">\n\t\t\t\t\t\t\t\t\t\t\tWebsite\n\t\t<\/a>","protected":false},"excerpt":{"rendered":"<p>Karl Aage Rasmussen Compositeur Karl Aage Rasmussen est n\u00e9 en 1947. Il a fait ses \u00e9tudes \u00e0 l&rsquo;Acad\u00e9mie de musique d&rsquo;Aarhus. Outre la composition, Karl Aage Rasmussen a \u00e9t\u00e9 actif en tant que chef d&rsquo;orchestre, notamment de son propre ensemble, [&hellip;]<\/p>\n","protected":false},"author":2776,"featured_media":23235,"parent":12628,"menu_order":0,"comment_status":"closed","ping_status":"closed","template":"","meta":{"site-sidebar-layout":"no-sidebar","site-content-layout":"page-builder","ast-site-content-layout":"full-width-container","site-content-style":"unboxed","site-sidebar-style":"unboxed","ast-global-header-display":"","ast-banner-title-visibility":"","ast-main-header-display":"","ast-hfb-above-header-display":"","ast-hfb-below-header-display":"","ast-hfb-mobile-header-display":"","site-post-title":"disabled","ast-breadcrumbs-content":"","ast-featured-img":"disabled","footer-sml-layout":"","ast-disable-related-posts":"","theme-transparent-header-meta":"enabled","adv-header-id-meta":"","stick-header-meta":"default","header-above-stick-meta":"","header-main-stick-meta":"","header-below-stick-meta":"","astra-migrate-meta-layouts":"set","ast-page-background-enabled":"default","ast-page-background-meta":{"desktop":{"background-color":"","background-image":"","background-repeat":"repeat","background-position":"center center","background-size":"auto","background-attachment":"scroll","background-type":"","background-media":"","overlay-type":"","overlay-color":"","overlay-opacity":"","overlay-gradient":""},"tablet":{"background-color":"","background-image":"","background-repeat":"repeat","background-position":"center center","background-size":"auto","background-attachment":"scroll","background-type":"","background-media":"","overlay-type":"","overlay-color":"","overlay-opacity":"","overlay-gradient":""},"mobile":{"background-color":"","background-image":"","background-repeat":"repeat","background-position":"center center","background-size":"auto","background-attachment":"scroll","background-type":"","background-media":"","overlay-type":"","overlay-color":"","overlay-opacity":"","overlay-gradient":""}},"ast-content-background-meta":{"desktop":{"background-color":"var(--ast-global-color-5)","background-image":"","background-repeat":"repeat","background-position":"center center","background-size":"auto","background-attachment":"scroll","background-type":"","background-media":"","overlay-type":"","overlay-color":"","overlay-opacity":"","overlay-gradient":""},"tablet":{"background-color":"var(--ast-global-color-5)","background-image":"","background-repeat":"repeat","background-position":"center center","background-size":"auto","background-attachment":"scroll","background-type":"","background-media":"","overlay-type":"","overlay-color":"","overlay-opacity":"","overlay-gradient":""},"mobile":{"background-color":"var(--ast-global-color-5)","background-image":"","background-repeat":"repeat","background-position":"center center","background-size":"auto","background-attachment":"scroll","background-type":"","background-media":"","overlay-type":"","overlay-color":"","overlay-opacity":"","overlay-gradient":""}},"footnotes":""},"categories":[169,171],"tags":[],"class_list":["post-23232","page","type-page","status-publish","has-post-thumbnail","hentry","category-equipe-artistique","category-nosartistesinvites"],"yoast_head":"<!-- This site is optimized with the Yoast SEO plugin v27.6 - https:\/\/yoast.com\/product\/yoast-seo-wordpress\/ -->\n<title>Karl Aage Rasmussen - Le Concert de l&#039;Hostel Dieu<\/title>\n<meta name=\"description\" content=\"Retrouvez Karl Aage Rasmussen au c\u00f4t\u00e9 du Concert de l&#039;Hostel Dieu dans 4 Se\u00e5s\u00f8ns, une r\u00e9\u00e9criture imaginative et color\u00e9e du chef-d&#039;\u0153uvre de Vivaldi.\" \/>\n<meta name=\"robots\" content=\"index, follow, max-snippet:-1, max-image-preview:large, max-video-preview:-1\" \/>\n<link rel=\"canonical\" href=\"https:\/\/www.concert-hosteldieu.com\/en\/nos-artistes-invites\/karl-aage-rasmussen\/\" \/>\n<meta property=\"og:locale\" content=\"en_GB\" \/>\n<meta property=\"og:type\" content=\"article\" \/>\n<meta property=\"og:title\" content=\"Karl Aage Rasmussen - Le Concert de l&#039;Hostel Dieu\" \/>\n<meta property=\"og:description\" content=\"Retrouvez Karl Aage Rasmussen au c\u00f4t\u00e9 du Concert de l&#039;Hostel Dieu dans 4 Se\u00e5s\u00f8ns, une r\u00e9\u00e9criture imaginative et color\u00e9e du chef-d&#039;\u0153uvre de Vivaldi.\" \/>\n<meta property=\"og:url\" content=\"https:\/\/www.concert-hosteldieu.com\/en\/nos-artistes-invites\/karl-aage-rasmussen\/\" \/>\n<meta property=\"og:site_name\" content=\"Le Concert de l&#039;Hostel Dieu\" \/>\n<meta property=\"article:publisher\" content=\"https:\/\/www.facebook.com\/leconcert.delhosteldieu\" \/>\n<meta property=\"og:image\" content=\"https:\/\/www.concert-hosteldieu.com\/wp-content\/uploads\/2025\/04\/Karl-Aage-Rasmussen.jpg\" \/>\n\t<meta property=\"og:image:width\" content=\"1988\" \/>\n\t<meta property=\"og:image:height\" content=\"1326\" \/>\n\t<meta property=\"og:image:type\" content=\"image\/jpeg\" \/>\n<meta name=\"twitter:label1\" content=\"Estimated reading time\" \/>\n\t<meta name=\"twitter:data1\" content=\"4 minutes\" \/>\n<script type=\"application\/ld+json\" class=\"yoast-schema-graph\">{\"@context\":\"https:\\\/\\\/schema.org\",\"@graph\":[{\"@type\":\"WebPage\",\"@id\":\"https:\\\/\\\/www.concert-hosteldieu.com\\\/nos-artistes-invites\\\/karl-aage-rasmussen\\\/\",\"url\":\"https:\\\/\\\/www.concert-hosteldieu.com\\\/nos-artistes-invites\\\/karl-aage-rasmussen\\\/\",\"name\":\"Karl Aage Rasmussen - Le Concert de l&#039;Hostel Dieu\",\"isPartOf\":{\"@id\":\"https:\\\/\\\/www.concert-hosteldieu.com\\\/#website\"},\"primaryImageOfPage\":{\"@id\":\"https:\\\/\\\/www.concert-hosteldieu.com\\\/nos-artistes-invites\\\/karl-aage-rasmussen\\\/#primaryimage\"},\"image\":{\"@id\":\"https:\\\/\\\/www.concert-hosteldieu.com\\\/nos-artistes-invites\\\/karl-aage-rasmussen\\\/#primaryimage\"},\"thumbnailUrl\":\"https:\\\/\\\/www.concert-hosteldieu.com\\\/wp-content\\\/uploads\\\/2025\\\/04\\\/Karl-Aage-Rasmussen.jpg\",\"datePublished\":\"2025-04-07T13:21:42+00:00\",\"description\":\"Retrouvez Karl Aage Rasmussen au c\u00f4t\u00e9 du Concert de l'Hostel Dieu dans 4 Se\u00e5s\u00f8ns, une r\u00e9\u00e9criture imaginative et color\u00e9e du chef-d'\u0153uvre de Vivaldi.\",\"breadcrumb\":{\"@id\":\"https:\\\/\\\/www.concert-hosteldieu.com\\\/nos-artistes-invites\\\/karl-aage-rasmussen\\\/#breadcrumb\"},\"inLanguage\":\"en-GB\",\"potentialAction\":[{\"@type\":\"ReadAction\",\"target\":[\"https:\\\/\\\/www.concert-hosteldieu.com\\\/nos-artistes-invites\\\/karl-aage-rasmussen\\\/\"]}]},{\"@type\":\"ImageObject\",\"inLanguage\":\"en-GB\",\"@id\":\"https:\\\/\\\/www.concert-hosteldieu.com\\\/nos-artistes-invites\\\/karl-aage-rasmussen\\\/#primaryimage\",\"url\":\"https:\\\/\\\/www.concert-hosteldieu.com\\\/wp-content\\\/uploads\\\/2025\\\/04\\\/Karl-Aage-Rasmussen.jpg\",\"contentUrl\":\"https:\\\/\\\/www.concert-hosteldieu.com\\\/wp-content\\\/uploads\\\/2025\\\/04\\\/Karl-Aage-Rasmussen.jpg\",\"width\":1988,\"height\":1326},{\"@type\":\"BreadcrumbList\",\"@id\":\"https:\\\/\\\/www.concert-hosteldieu.com\\\/nos-artistes-invites\\\/karl-aage-rasmussen\\\/#breadcrumb\",\"itemListElement\":[{\"@type\":\"ListItem\",\"position\":1,\"name\":\"Accueil\",\"item\":\"https:\\\/\\\/www.concert-hosteldieu.com\\\/\"},{\"@type\":\"ListItem\",\"position\":2,\"name\":\"Nos artistes invit\u00e9s\",\"item\":\"https:\\\/\\\/www.concert-hosteldieu.com\\\/nos-artistes-invites\\\/\"},{\"@type\":\"ListItem\",\"position\":3,\"name\":\"Karl Aage Rasmussen\"}]},{\"@type\":\"WebSite\",\"@id\":\"https:\\\/\\\/www.concert-hosteldieu.com\\\/#website\",\"url\":\"https:\\\/\\\/www.concert-hosteldieu.com\\\/\",\"name\":\"Le Concert de l&#039;Hostel Dieu\",\"description\":\"Franck-Emmanuel Comte\",\"publisher\":{\"@id\":\"https:\\\/\\\/www.concert-hosteldieu.com\\\/#organization\"},\"potentialAction\":[{\"@type\":\"SearchAction\",\"target\":{\"@type\":\"EntryPoint\",\"urlTemplate\":\"https:\\\/\\\/www.concert-hosteldieu.com\\\/?s={search_term_string}\"},\"query-input\":{\"@type\":\"PropertyValueSpecification\",\"valueRequired\":true,\"valueName\":\"search_term_string\"}}],\"inLanguage\":\"en-GB\"},{\"@type\":\"Organization\",\"@id\":\"https:\\\/\\\/www.concert-hosteldieu.com\\\/#organization\",\"name\":\"Le Concert de l'Hostel Dieu\",\"url\":\"https:\\\/\\\/www.concert-hosteldieu.com\\\/\",\"logo\":{\"@type\":\"ImageObject\",\"inLanguage\":\"en-GB\",\"@id\":\"https:\\\/\\\/www.concert-hosteldieu.com\\\/#\\\/schema\\\/logo\\\/image\\\/\",\"url\":\"https:\\\/\\\/www.concert-hosteldieu.com\\\/wp-content\\\/uploads\\\/2021\\\/06\\\/logo-chd-noir-transparent.png\",\"contentUrl\":\"https:\\\/\\\/www.concert-hosteldieu.com\\\/wp-content\\\/uploads\\\/2021\\\/06\\\/logo-chd-noir-transparent.png\",\"width\":262,\"height\":106,\"caption\":\"Le Concert de l'Hostel Dieu\"},\"image\":{\"@id\":\"https:\\\/\\\/www.concert-hosteldieu.com\\\/#\\\/schema\\\/logo\\\/image\\\/\"},\"sameAs\":[\"https:\\\/\\\/www.facebook.com\\\/leconcert.delhosteldieu\",\"https:\\\/\\\/x.com\\\/CHDLyon\",\"https:\\\/\\\/instagram.com\\\/concert_hostel_dieu\",\"https:\\\/\\\/www.linkedin.com\\\/company\\\/le-concert-de-l'hostel-dieu\\\/\",\"https:\\\/\\\/www.youtube.com\\\/user\\\/CHDLyon\"]}]}<\/script>\n<!-- \/ Yoast SEO plugin. -->","yoast_head_json":{"title":"Karl Aage Rasmussen - Le Concert de l&#039;Hostel Dieu","description":"Retrouvez Karl Aage Rasmussen au c\u00f4t\u00e9 du Concert de l'Hostel Dieu dans 4 Se\u00e5s\u00f8ns, une r\u00e9\u00e9criture imaginative et color\u00e9e du chef-d'\u0153uvre de Vivaldi.","robots":{"index":"index","follow":"follow","max-snippet":"max-snippet:-1","max-image-preview":"max-image-preview:large","max-video-preview":"max-video-preview:-1"},"canonical":"https:\/\/www.concert-hosteldieu.com\/en\/nos-artistes-invites\/karl-aage-rasmussen\/","og_locale":"en_GB","og_type":"article","og_title":"Karl Aage Rasmussen - Le Concert de l&#039;Hostel Dieu","og_description":"Retrouvez Karl Aage Rasmussen au c\u00f4t\u00e9 du Concert de l'Hostel Dieu dans 4 Se\u00e5s\u00f8ns, une r\u00e9\u00e9criture imaginative et color\u00e9e du chef-d'\u0153uvre de Vivaldi.","og_url":"https:\/\/www.concert-hosteldieu.com\/en\/nos-artistes-invites\/karl-aage-rasmussen\/","og_site_name":"Le Concert de l&#039;Hostel Dieu","article_publisher":"https:\/\/www.facebook.com\/leconcert.delhosteldieu","og_image":[{"width":1988,"height":1326,"url":"https:\/\/www.concert-hosteldieu.com\/wp-content\/uploads\/2025\/04\/Karl-Aage-Rasmussen.jpg","type":"image\/jpeg"}],"twitter_misc":{"Estimated reading time":"4 minutes"},"schema":{"@context":"https:\/\/schema.org","@graph":[{"@type":"WebPage","@id":"https:\/\/www.concert-hosteldieu.com\/nos-artistes-invites\/karl-aage-rasmussen\/","url":"https:\/\/www.concert-hosteldieu.com\/nos-artistes-invites\/karl-aage-rasmussen\/","name":"Karl Aage Rasmussen - Le Concert de l&#039;Hostel Dieu","isPartOf":{"@id":"https:\/\/www.concert-hosteldieu.com\/#website"},"primaryImageOfPage":{"@id":"https:\/\/www.concert-hosteldieu.com\/nos-artistes-invites\/karl-aage-rasmussen\/#primaryimage"},"image":{"@id":"https:\/\/www.concert-hosteldieu.com\/nos-artistes-invites\/karl-aage-rasmussen\/#primaryimage"},"thumbnailUrl":"https:\/\/www.concert-hosteldieu.com\/wp-content\/uploads\/2025\/04\/Karl-Aage-Rasmussen.jpg","datePublished":"2025-04-07T13:21:42+00:00","description":"Retrouvez Karl Aage Rasmussen au c\u00f4t\u00e9 du Concert de l'Hostel Dieu dans 4 Se\u00e5s\u00f8ns, une r\u00e9\u00e9criture imaginative et color\u00e9e du chef-d'\u0153uvre de Vivaldi.","breadcrumb":{"@id":"https:\/\/www.concert-hosteldieu.com\/nos-artistes-invites\/karl-aage-rasmussen\/#breadcrumb"},"inLanguage":"en-GB","potentialAction":[{"@type":"ReadAction","target":["https:\/\/www.concert-hosteldieu.com\/nos-artistes-invites\/karl-aage-rasmussen\/"]}]},{"@type":"ImageObject","inLanguage":"en-GB","@id":"https:\/\/www.concert-hosteldieu.com\/nos-artistes-invites\/karl-aage-rasmussen\/#primaryimage","url":"https:\/\/www.concert-hosteldieu.com\/wp-content\/uploads\/2025\/04\/Karl-Aage-Rasmussen.jpg","contentUrl":"https:\/\/www.concert-hosteldieu.com\/wp-content\/uploads\/2025\/04\/Karl-Aage-Rasmussen.jpg","width":1988,"height":1326},{"@type":"BreadcrumbList","@id":"https:\/\/www.concert-hosteldieu.com\/nos-artistes-invites\/karl-aage-rasmussen\/#breadcrumb","itemListElement":[{"@type":"ListItem","position":1,"name":"Accueil","item":"https:\/\/www.concert-hosteldieu.com\/"},{"@type":"ListItem","position":2,"name":"Nos artistes invit\u00e9s","item":"https:\/\/www.concert-hosteldieu.com\/nos-artistes-invites\/"},{"@type":"ListItem","position":3,"name":"Karl Aage Rasmussen"}]},{"@type":"WebSite","@id":"https:\/\/www.concert-hosteldieu.com\/#website","url":"https:\/\/www.concert-hosteldieu.com\/","name":"Le Concert de l&#039;Hostel Dieu","description":"Franck-Emmanuel Comte","publisher":{"@id":"https:\/\/www.concert-hosteldieu.com\/#organization"},"potentialAction":[{"@type":"SearchAction","target":{"@type":"EntryPoint","urlTemplate":"https:\/\/www.concert-hosteldieu.com\/?s={search_term_string}"},"query-input":{"@type":"PropertyValueSpecification","valueRequired":true,"valueName":"search_term_string"}}],"inLanguage":"en-GB"},{"@type":"Organization","@id":"https:\/\/www.concert-hosteldieu.com\/#organization","name":"Le Concert de l'Hostel Dieu","url":"https:\/\/www.concert-hosteldieu.com\/","logo":{"@type":"ImageObject","inLanguage":"en-GB","@id":"https:\/\/www.concert-hosteldieu.com\/#\/schema\/logo\/image\/","url":"https:\/\/www.concert-hosteldieu.com\/wp-content\/uploads\/2021\/06\/logo-chd-noir-transparent.png","contentUrl":"https:\/\/www.concert-hosteldieu.com\/wp-content\/uploads\/2021\/06\/logo-chd-noir-transparent.png","width":262,"height":106,"caption":"Le Concert de l'Hostel Dieu"},"image":{"@id":"https:\/\/www.concert-hosteldieu.com\/#\/schema\/logo\/image\/"},"sameAs":["https:\/\/www.facebook.com\/leconcert.delhosteldieu","https:\/\/x.com\/CHDLyon","https:\/\/instagram.com\/concert_hostel_dieu","https:\/\/www.linkedin.com\/company\/le-concert-de-l'hostel-dieu\/","https:\/\/www.youtube.com\/user\/CHDLyon"]}]}},"_links":{"self":[{"href":"https:\/\/www.concert-hosteldieu.com\/en\/wp-json\/wp\/v2\/pages\/23232","targetHints":{"allow":["GET"]}}],"collection":[{"href":"https:\/\/www.concert-hosteldieu.com\/en\/wp-json\/wp\/v2\/pages"}],"about":[{"href":"https:\/\/www.concert-hosteldieu.com\/en\/wp-json\/wp\/v2\/types\/page"}],"author":[{"embeddable":true,"href":"https:\/\/www.concert-hosteldieu.com\/en\/wp-json\/wp\/v2\/users\/2776"}],"replies":[{"embeddable":true,"href":"https:\/\/www.concert-hosteldieu.com\/en\/wp-json\/wp\/v2\/comments?post=23232"}],"version-history":[{"count":2,"href":"https:\/\/www.concert-hosteldieu.com\/en\/wp-json\/wp\/v2\/pages\/23232\/revisions"}],"predecessor-version":[{"id":23241,"href":"https:\/\/www.concert-hosteldieu.com\/en\/wp-json\/wp\/v2\/pages\/23232\/revisions\/23241"}],"up":[{"embeddable":true,"href":"https:\/\/www.concert-hosteldieu.com\/en\/wp-json\/wp\/v2\/pages\/12628"}],"wp:featuredmedia":[{"embeddable":true,"href":"https:\/\/www.concert-hosteldieu.com\/en\/wp-json\/wp\/v2\/media\/23235"}],"wp:attachment":[{"href":"https:\/\/www.concert-hosteldieu.com\/en\/wp-json\/wp\/v2\/media?parent=23232"}],"wp:term":[{"taxonomy":"category","embeddable":true,"href":"https:\/\/www.concert-hosteldieu.com\/en\/wp-json\/wp\/v2\/categories?post=23232"},{"taxonomy":"post_tag","embeddable":true,"href":"https:\/\/www.concert-hosteldieu.com\/en\/wp-json\/wp\/v2\/tags?post=23232"}],"curies":[{"name":"wp","href":"https:\/\/api.w.org\/{rel}","templated":true}]}}