{"id":22988,"date":"2025-02-14T14:37:58","date_gmt":"2025-02-14T13:37:58","guid":{"rendered":"https:\/\/www.concert-hosteldieu.com\/?page_id=22988"},"modified":"2026-03-16T17:30:04","modified_gmt":"2026-03-16T16:30:04","slug":"stabat-mater","status":"publish","type":"page","link":"https:\/\/www.concert-hosteldieu.com\/en\/nos-productions\/stabat-mater\/","title":{"rendered":"Stabat Mater"},"content":{"rendered":"<h4>Program details<\/h4>\n\t\t\t<p><strong>THE PROPHECY<\/strong><br \/>1 &#8211; <em>O virgo Splendens<\/em> &#8211; Chant de p\u00e8lerinage \u00e0 la Vierge (XIVe s.)<br \/>2 &#8211; <em>Stabat Mater dolorosa<\/em> &#8211; Antonio Vivaldi<\/p>\n<p><strong>THE ESCAPE<\/strong><br \/>3 &#8211; <em>Stornello<\/em> &#8211; Carlo Rustichelli<br \/>4 &#8211; <em>Venite a laudare<\/em> &#8211; Laudario di Cortona<br \/>5 &#8211; <em>Cuius animam gementem<\/em> &#8211; Antonio Vivaldi<br \/>6 &#8211; <em>O quam tristis et afflicta<\/em> &#8211; Antonio Vivaldi<\/p>\n<p><strong>LA DISPARITION DE L&rsquo;ENFANT<\/strong><br \/>7 &#8211; <i data-olk-copy-source=\"MailCompose\">Concerto pour flautino RV 443, 2\u1d49 mouvement<\/i> &#8211; Antonio Vivaldi<br \/>8 &#8211; <em>Quis est homo<\/em> &#8211; Vivaldi<br \/>9 &#8211; <em>A Madre de Jesus Cristo<\/em> &#8211; Laudario di Cortona<\/p>\n<p><strong>L&rsquo;\u00c9CHANGE D&rsquo;UN REGARD<\/strong><br \/>10 &#8211; <em>Il pianto d&rsquo;Arianna<\/em> &#8211; Pietro Antonio Locatelli<br \/>11 &#8211; <em>Ammi<\/em> &#8211; Loun\u00e8s Khaloui<br \/>12- <em>Il pianto d&rsquo;Arianna<\/em> &#8211; Pietro Antonio Locatelli<\/p>\n<p><strong>STANDING BEFORE THE CROSS<\/strong><br \/>13 &#8211; <em>Madonna Santa Maria<\/em> &#8211; Laudario di Cortona<br \/>14 &#8211; <em>Quis non posset contristari<\/em> &#8211; Antonio Vivaldi<br \/>15 &#8211; <em>Pro peccatis su\u00e6 gentis<\/em> &#8211; Antonio Vivaldi<\/p>\n<p><strong>DURING THE DESCENT<\/strong><br \/>16 &#8211; <i data-olk-copy-source=\"MailCompose\">Stabat Mater dolorosa<\/i>\u00a0&#8211; Jacopone da Todi (XIII\u1d49 s.)<br \/>17 &#8211; <i data-olk-copy-source=\"MailCompose\">Eia Mater, fons amoris<\/i>\u00a0&#8211; Antonio Vivaldi<\/p>\n<p><strong>INTO THE OPEN TOMB<\/strong><br \/>18 &#8211; <em>R\u00e9veillez-vous tous les endormis<\/em> &#8211; Chant de P\u00e2ques<br \/>19 &#8211; <em>Fac ut ardeat cor meum<\/em> &#8211; Antonio Vivaldi<br \/>20 &#8211; <em>Amen<\/em> &#8211; Antonio Vivaldi<\/p>\n\t\t\t\t\t\t<h4>Cast<\/h4>\n\t\t\t<p><strong><a href=\"https:\/\/www.lacameradellelacrime.com\/\" target=\"_blank\" rel=\"noopener\">La Camera delle Lacrime<\/a><br \/>Le Concert de l&rsquo;Hostel Dieu<\/strong><\/p>\n<p><strong>Bruno Bonhoure<\/strong>, Vocals, psaltery<br \/><a href=\"https:\/\/www.concert-hosteldieu.com\/en\/franck-emmanuel-comte\/\" target=\"_blank\" rel=\"noopener\"><strong>Franck-Emmanuel Comte<\/strong><\/a>, Positive organ, group vocals<br \/><strong>Kha\u00ef-Dong Luong<\/strong>, Research, dramaturgy, screenplay writing<\/p>\n<p><strong>Mokrane Adlani<\/strong>, Vocals, oud<br \/><strong>Pierre Hamon<\/strong>, Flutes, group vocals<br \/><a href=\"https:\/\/www.concert-hosteldieu.com\/en\/nos-musiciens\/veronique-bouilloux\/\" target=\"_blank\" rel=\"noopener\"><strong>V\u00e9ronique Bouilloux<\/strong><\/a>, First violin, group vocals<br \/><a href=\"https:\/\/www.concert-hosteldieu.com\/en\/nos-musiciens\/florian-verhaegen\/\" target=\"_blank\" rel=\"noopener\"><strong>Florian Verhaegen<\/strong><\/a>Second violin, bowed fiddle, group vocals<br \/><a href=\"https:\/\/www.concert-hosteldieu.com\/en\/nos-musiciens\/aurelie-metivier\/\" target=\"_blank\" rel=\"noopener\"><strong>Aur\u00e9lie M\u00e9tivier<\/strong><\/a>, Alto, group vocals<br \/><a href=\"https:\/\/www.concert-hosteldieu.com\/en\/nos-musiciens\/clara-fellmann\/\" target=\"_blank\" rel=\"noopener\"><strong>Clara Fellmann<\/strong><\/a>Cello, group vocals<br \/><strong>Jean Bouther<\/strong>, Stage manager, sound, lighting<\/p>\n\t<p>The <em>Stabat Mater<\/em> est un fragment des Sept Douleurs de la Vierge. Il s&rsquo;agit du cinqui\u00e8me moment, lorsque Marie se tient devant la croix :<\/p>\n<ul>\n<li>La proph\u00e9tie de Sim\u00e9on<\/li>\n<li>La fuite en \u00c9gypte<\/li>\n<li>La disparition de l&rsquo;Enfant pendant trois jours<\/li>\n<li>La rencontre (le temps d&rsquo;un regard) avec J\u00e9sus portant sa croix et montant au Calvaire<\/li>\n<li><strong>Marie, debout au pied de la croix<\/strong><\/li>\n<li>La descente de J\u00e9sus<\/li>\n<li>La mise au tombeau<\/li>\n<\/ul>\n<p>Ce sont ces sept \u00e9tapes qui jalonnent notre cr\u00e9ation spectaculaire, collaboration entre nos deux formations, l&rsquo;une (bas\u00e9e \u00e0 Clermont-Ferrand) observant les traces du Moyen \u00c2ge, l&rsquo;autre (install\u00e9e \u00e0 Lyon) sp\u00e9cialis\u00e9e dans la consultation et la mise en lumi\u00e8re des partitions de l&rsquo;\u00e9poque baroque.<\/p>\n<p>La s\u00e9quence (po\u00e8me chant\u00e9) du <em>Stabat Mater<\/em> serait attribu\u00e9 pour certains \u00e0 <strong>Jacopone da Todi<\/strong> (vers 1220-1306) ou alors pour d&rsquo;autres \u00e0 saint Bonaventure (1221-1274). C&rsquo;est \u00e9galement \u00e0 l&rsquo;occasion de la f\u00eate des <em>Sept Douleurs de la Vierge<\/em> le 18 mars 1712 dans la ville de Breschia en Lombardie, qu&rsquo;<strong>Antonio Vivaldi<\/strong> composed his <em><strong>Stabat Mater<\/strong><\/em> ; \u0153uvre sublime qui met en musique ses r\u00e9flexions intimes face \u00e0 la sid\u00e9ration devant la mort et la confrontation de chacun \u00e0 la finitude. Ces r\u00e9flexions se traduisent par une musique qui \u00e9volue subtilement entre retenue et expressivit\u00e9, et qui fait place dans les derniers versets \u00e0 la lumi\u00e8re, au pardon et \u00e0 l&rsquo;espoir dans \u00ab la gloire du paradis \u00bb.<\/p>\n<p>Nous avons choisi des laudes du XIII\u1d49 si\u00e8cle, du manuscrit de Cortona pour compl\u00e9ter notre proposition. Celle-ci qui a donc en son centre une des pi\u00e8ces phares du r\u00e9pertoire baroque arrang\u00e9 dans notre spectacle pour la voix de t\u00e9nor. L&rsquo;universel n&rsquo;est pas quelque chose que l&rsquo;on d\u00e9cr\u00e8te, c&rsquo;est un processus de construction. Du vestige d&rsquo;une tradition qui nous arrive du Moyen \u00c2ge et dont Vivaldi a apport\u00e9 du vertigineux dans l&rsquo;\u00e9criture de la supplication, nous allons nous r\u00e9unir pour accorder nos c\u0153urs et nos \u00e2mes au profit d&rsquo;un \u00ab faire commun \u00bb. De notre rencontre sur le plateau na\u00eetra une organisation o\u00f9 chaque geste sera musical autant que pictural.<\/p>\n<h4  id=\"agenda\">\n\t\t\tLE STABAT MATER EN IMAGES\t<\/h4>\n\t\t\t\t\t\t<h4>PARTNERS<\/h4>\n\t\t\t<p>Avec le soutien de la <a href=\"https:\/\/www.spedidam.fr\/\">SPEDIDAM<\/a>.<\/p>\n<p><img loading=\"lazy\" decoding=\"async\" src=\"https:\/\/www.concert-hosteldieu.com\/wp-content\/uploads\/2026\/03\/SPEDIDAM_new-300x150.png\" alt=\"\" width=\"220\" height=\"110\" \/><\/p>\n<h4  id=\"agenda\">\n\t\t\tCALENDAR\t<\/h4>\n<h4>\n\t\t\tAgenda &#8211; \u00c9v\u00e9nements pass\u00e9s\t<\/h4>\n<h4  id=\"artiste\">\n\t\t\tASSOCIATED ARTISTS\t<\/h4>\n\t\t\t\t\t\t\t\t\t\t\t\t\t\t<a href=\"https:\/\/www.concert-hosteldieu.com\/en\/franck-emmanuel-comte\/\" target=\"_self\" title=\"Franck-Emmanuel Comte\">\n\t\t\t\t<img decoding=\"async\" src=\"https:\/\/www.concert-hosteldieu.com\/wp-content\/uploads\/2021\/07\/CHD-FE-Comte-portrait-Jean-Combier-6.jpg\" alt=\"Franck-Emmanuel Comte, directeur artistique du Concert de l&#039;Hostel Dieu\" \/>\n\t\t\t\t<\/a>\n\t\t\t\t\t\t<h3>\n\t\t\t\t<a href=\"https:\/\/www.concert-hosteldieu.com\/en\/franck-emmanuel-comte\/\" title=\"Franck-Emmanuel Comte\">Franck-Emmanuel Comte<\/a>\t\t\t<\/h3>\n\t\t\t\t\t\t\t\t\t\t\t\t\t\t<a href=\"https:\/\/www.concert-hosteldieu.com\/en\/nos-artistes-invites\/la-camera-delle-lacrime\/\" target=\"_self\" title=\"La Camera delle Lacrime\">\n\t\t\t\t<img decoding=\"async\" src=\"https:\/\/www.concert-hosteldieu.com\/wp-content\/uploads\/2025\/11\/la-camera-delle-lacrime.jpg\" alt=\"\" \/>\n\t\t\t\t<\/a>\n\t\t\t\t\t\t<h3>\n\t\t\t\t<a href=\"https:\/\/www.concert-hosteldieu.com\/en\/nos-artistes-invites\/la-camera-delle-lacrime\/\" title=\"La Camera delle Lacrime\">La Camera delle Lacrime<\/a>\t\t\t<\/h3>","protected":false},"excerpt":{"rendered":"<p>Programme LA PROPH\u00c9TIE1 &#8211; O virgo Splendens &#8211; Chant de p\u00e8lerinage \u00e0 la Vierge (XIVe s.)2 &#8211; Stabat Mater dolorosa &#8211; Antonio Vivaldi LA FUITE3 &#8211; Stornello &#8211; Carlo Rustichelli4 &#8211; Venite a laudare &#8211; Laudario di Cortona5 &#8211; Cuius [&hellip;]<\/p>\n","protected":false},"author":2776,"featured_media":23574,"parent":23593,"menu_order":0,"comment_status":"closed","ping_status":"closed","template":"","meta":{"site-sidebar-layout":"default","site-content-layout":"","ast-site-content-layout":"full-width-container","site-content-style":"unboxed","site-sidebar-style":"unboxed","ast-global-header-display":"","ast-banner-title-visibility":"","ast-main-header-display":"","ast-hfb-above-header-display":"","ast-hfb-below-header-display":"","ast-hfb-mobile-header-display":"","site-post-title":"disabled","ast-breadcrumbs-content":"","ast-featured-img":"disabled","footer-sml-layout":"","ast-disable-related-posts":"","theme-transparent-header-meta":"default","adv-header-id-meta":"","stick-header-meta":"default","header-above-stick-meta":"","header-main-stick-meta":"","header-below-stick-meta":"","astra-migrate-meta-layouts":"set","ast-page-background-enabled":"default","ast-page-background-meta":{"desktop":{"background-color":"","background-image":"","background-repeat":"repeat","background-position":"center center","background-size":"auto","background-attachment":"scroll","background-type":"","background-media":"","overlay-type":"","overlay-color":"","overlay-opacity":"","overlay-gradient":""},"tablet":{"background-color":"","background-image":"","background-repeat":"repeat","background-position":"center center","background-size":"auto","background-attachment":"scroll","background-type":"","background-media":"","overlay-type":"","overlay-color":"","overlay-opacity":"","overlay-gradient":""},"mobile":{"background-color":"","background-image":"","background-repeat":"repeat","background-position":"center center","background-size":"auto","background-attachment":"scroll","background-type":"","background-media":"","overlay-type":"","overlay-color":"","overlay-opacity":"","overlay-gradient":""}},"ast-content-background-meta":{"desktop":{"background-color":"var(--ast-global-color-5)","background-image":"","background-repeat":"repeat","background-position":"center center","background-size":"auto","background-attachment":"scroll","background-type":"","background-media":"","overlay-type":"","overlay-color":"","overlay-opacity":"","overlay-gradient":""},"tablet":{"background-color":"var(--ast-global-color-5)","background-image":"","background-repeat":"repeat","background-position":"center center","background-size":"auto","background-attachment":"scroll","background-type":"","background-media":"","overlay-type":"","overlay-color":"","overlay-opacity":"","overlay-gradient":""},"mobile":{"background-color":"var(--ast-global-color-5)","background-image":"","background-repeat":"repeat","background-position":"center center","background-size":"auto","background-attachment":"scroll","background-type":"","background-media":"","overlay-type":"","overlay-color":"","overlay-opacity":"","overlay-gradient":""}},"footnotes":""},"categories":[451],"tags":[],"class_list":["post-22988","page","type-page","status-publish","has-post-thumbnail","hentry","category-nos-productions"],"yoast_head":"<!-- This site is optimized with the Yoast SEO plugin v27.5 - https:\/\/yoast.com\/product\/yoast-seo-wordpress\/ -->\n<title>Stabat Mater - Le Concert de l&#039;Hostel Dieu<\/title>\n<meta name=\"description\" content=\"D\u00e9couvrez Stabat Mater, un concert de La Camera Delle Lacrime et du Concert de l&#039;Hostel Dieu !\" \/>\n<meta name=\"robots\" content=\"index, follow, max-snippet:-1, max-image-preview:large, max-video-preview:-1\" \/>\n<link rel=\"canonical\" href=\"https:\/\/www.concert-hosteldieu.com\/en\/nos-productions\/stabat-mater\/\" \/>\n<meta property=\"og:locale\" content=\"en_GB\" \/>\n<meta property=\"og:type\" content=\"article\" \/>\n<meta property=\"og:title\" content=\"Stabat Mater - Le Concert de l&#039;Hostel Dieu\" \/>\n<meta property=\"og:description\" content=\"D\u00e9couvrez Stabat Mater, un concert de La Camera Delle Lacrime et du Concert de l&#039;Hostel Dieu !\" \/>\n<meta property=\"og:url\" content=\"https:\/\/www.concert-hosteldieu.com\/en\/nos-productions\/stabat-mater\/\" \/>\n<meta property=\"og:site_name\" content=\"Le Concert de l&#039;Hostel Dieu\" \/>\n<meta property=\"article:publisher\" content=\"https:\/\/www.facebook.com\/leconcert.delhosteldieu\" \/>\n<meta property=\"article:modified_time\" content=\"2026-03-16T16:30:04+00:00\" \/>\n<meta property=\"og:image\" content=\"https:\/\/www.concert-hosteldieu.com\/wp-content\/uploads\/2025\/09\/Stabat-Mater-illustration.jpg\" \/>\n\t<meta property=\"og:image:width\" content=\"1920\" \/>\n\t<meta property=\"og:image:height\" content=\"1708\" \/>\n\t<meta property=\"og:image:type\" content=\"image\/jpeg\" \/>\n<meta name=\"twitter:label1\" content=\"Estimated reading time\" \/>\n\t<meta name=\"twitter:data1\" content=\"5 minutes\" \/>\n<script type=\"application\/ld+json\" class=\"yoast-schema-graph\">{\"@context\":\"https:\\\/\\\/schema.org\",\"@graph\":[{\"@type\":\"WebPage\",\"@id\":\"https:\\\/\\\/www.concert-hosteldieu.com\\\/nos-productions\\\/stabat-mater\\\/\",\"url\":\"https:\\\/\\\/www.concert-hosteldieu.com\\\/nos-productions\\\/stabat-mater\\\/\",\"name\":\"Stabat Mater - Le Concert de l&#039;Hostel Dieu\",\"isPartOf\":{\"@id\":\"https:\\\/\\\/www.concert-hosteldieu.com\\\/#website\"},\"primaryImageOfPage\":{\"@id\":\"https:\\\/\\\/www.concert-hosteldieu.com\\\/nos-productions\\\/stabat-mater\\\/#primaryimage\"},\"image\":{\"@id\":\"https:\\\/\\\/www.concert-hosteldieu.com\\\/nos-productions\\\/stabat-mater\\\/#primaryimage\"},\"thumbnailUrl\":\"https:\\\/\\\/www.concert-hosteldieu.com\\\/wp-content\\\/uploads\\\/2025\\\/09\\\/Stabat-Mater-illustration.jpg\",\"datePublished\":\"2025-02-14T13:37:58+00:00\",\"dateModified\":\"2026-03-16T16:30:04+00:00\",\"description\":\"D\u00e9couvrez Stabat Mater, un concert de La Camera Delle Lacrime et du Concert de l'Hostel Dieu !\",\"breadcrumb\":{\"@id\":\"https:\\\/\\\/www.concert-hosteldieu.com\\\/nos-productions\\\/stabat-mater\\\/#breadcrumb\"},\"inLanguage\":\"en-GB\",\"potentialAction\":[{\"@type\":\"ReadAction\",\"target\":[\"https:\\\/\\\/www.concert-hosteldieu.com\\\/nos-productions\\\/stabat-mater\\\/\"]}]},{\"@type\":\"ImageObject\",\"inLanguage\":\"en-GB\",\"@id\":\"https:\\\/\\\/www.concert-hosteldieu.com\\\/nos-productions\\\/stabat-mater\\\/#primaryimage\",\"url\":\"https:\\\/\\\/www.concert-hosteldieu.com\\\/wp-content\\\/uploads\\\/2025\\\/09\\\/Stabat-Mater-illustration.jpg\",\"contentUrl\":\"https:\\\/\\\/www.concert-hosteldieu.com\\\/wp-content\\\/uploads\\\/2025\\\/09\\\/Stabat-Mater-illustration.jpg\",\"width\":1920,\"height\":1708},{\"@type\":\"BreadcrumbList\",\"@id\":\"https:\\\/\\\/www.concert-hosteldieu.com\\\/nos-productions\\\/stabat-mater\\\/#breadcrumb\",\"itemListElement\":[{\"@type\":\"ListItem\",\"position\":1,\"name\":\"Accueil\",\"item\":\"https:\\\/\\\/www.concert-hosteldieu.com\\\/\"},{\"@type\":\"ListItem\",\"position\":2,\"name\":\"Nos productions\",\"item\":\"https:\\\/\\\/www.concert-hosteldieu.com\\\/nos-productions\\\/\"},{\"@type\":\"ListItem\",\"position\":3,\"name\":\"Stabat Mater\"}]},{\"@type\":\"WebSite\",\"@id\":\"https:\\\/\\\/www.concert-hosteldieu.com\\\/#website\",\"url\":\"https:\\\/\\\/www.concert-hosteldieu.com\\\/\",\"name\":\"Le Concert de l&#039;Hostel Dieu\",\"description\":\"Franck-Emmanuel Comte\",\"publisher\":{\"@id\":\"https:\\\/\\\/www.concert-hosteldieu.com\\\/#organization\"},\"potentialAction\":[{\"@type\":\"SearchAction\",\"target\":{\"@type\":\"EntryPoint\",\"urlTemplate\":\"https:\\\/\\\/www.concert-hosteldieu.com\\\/?s={search_term_string}\"},\"query-input\":{\"@type\":\"PropertyValueSpecification\",\"valueRequired\":true,\"valueName\":\"search_term_string\"}}],\"inLanguage\":\"en-GB\"},{\"@type\":\"Organization\",\"@id\":\"https:\\\/\\\/www.concert-hosteldieu.com\\\/#organization\",\"name\":\"Le Concert de l'Hostel Dieu\",\"url\":\"https:\\\/\\\/www.concert-hosteldieu.com\\\/\",\"logo\":{\"@type\":\"ImageObject\",\"inLanguage\":\"en-GB\",\"@id\":\"https:\\\/\\\/www.concert-hosteldieu.com\\\/#\\\/schema\\\/logo\\\/image\\\/\",\"url\":\"https:\\\/\\\/www.concert-hosteldieu.com\\\/wp-content\\\/uploads\\\/2021\\\/06\\\/logo-chd-noir-transparent.png\",\"contentUrl\":\"https:\\\/\\\/www.concert-hosteldieu.com\\\/wp-content\\\/uploads\\\/2021\\\/06\\\/logo-chd-noir-transparent.png\",\"width\":262,\"height\":106,\"caption\":\"Le Concert de l'Hostel Dieu\"},\"image\":{\"@id\":\"https:\\\/\\\/www.concert-hosteldieu.com\\\/#\\\/schema\\\/logo\\\/image\\\/\"},\"sameAs\":[\"https:\\\/\\\/www.facebook.com\\\/leconcert.delhosteldieu\",\"https:\\\/\\\/x.com\\\/CHDLyon\",\"https:\\\/\\\/instagram.com\\\/concert_hostel_dieu\",\"https:\\\/\\\/www.linkedin.com\\\/company\\\/le-concert-de-l'hostel-dieu\\\/\",\"https:\\\/\\\/www.youtube.com\\\/user\\\/CHDLyon\"]}]}<\/script>\n<!-- \/ Yoast SEO plugin. -->","yoast_head_json":{"title":"Stabat Mater - Le Concert de l&#039;Hostel Dieu","description":"D\u00e9couvrez Stabat Mater, un concert de La Camera Delle Lacrime et du Concert de l'Hostel Dieu !","robots":{"index":"index","follow":"follow","max-snippet":"max-snippet:-1","max-image-preview":"max-image-preview:large","max-video-preview":"max-video-preview:-1"},"canonical":"https:\/\/www.concert-hosteldieu.com\/en\/nos-productions\/stabat-mater\/","og_locale":"en_GB","og_type":"article","og_title":"Stabat Mater - Le Concert de l&#039;Hostel Dieu","og_description":"D\u00e9couvrez Stabat Mater, un concert de La Camera Delle Lacrime et du Concert de l'Hostel Dieu !","og_url":"https:\/\/www.concert-hosteldieu.com\/en\/nos-productions\/stabat-mater\/","og_site_name":"Le Concert de l&#039;Hostel Dieu","article_publisher":"https:\/\/www.facebook.com\/leconcert.delhosteldieu","article_modified_time":"2026-03-16T16:30:04+00:00","og_image":[{"width":1920,"height":1708,"url":"https:\/\/www.concert-hosteldieu.com\/wp-content\/uploads\/2025\/09\/Stabat-Mater-illustration.jpg","type":"image\/jpeg"}],"twitter_misc":{"Estimated reading time":"5 minutes"},"schema":{"@context":"https:\/\/schema.org","@graph":[{"@type":"WebPage","@id":"https:\/\/www.concert-hosteldieu.com\/nos-productions\/stabat-mater\/","url":"https:\/\/www.concert-hosteldieu.com\/nos-productions\/stabat-mater\/","name":"Stabat Mater - Le Concert de l&#039;Hostel Dieu","isPartOf":{"@id":"https:\/\/www.concert-hosteldieu.com\/#website"},"primaryImageOfPage":{"@id":"https:\/\/www.concert-hosteldieu.com\/nos-productions\/stabat-mater\/#primaryimage"},"image":{"@id":"https:\/\/www.concert-hosteldieu.com\/nos-productions\/stabat-mater\/#primaryimage"},"thumbnailUrl":"https:\/\/www.concert-hosteldieu.com\/wp-content\/uploads\/2025\/09\/Stabat-Mater-illustration.jpg","datePublished":"2025-02-14T13:37:58+00:00","dateModified":"2026-03-16T16:30:04+00:00","description":"D\u00e9couvrez Stabat Mater, un concert de La Camera Delle Lacrime et du Concert de l'Hostel Dieu !","breadcrumb":{"@id":"https:\/\/www.concert-hosteldieu.com\/nos-productions\/stabat-mater\/#breadcrumb"},"inLanguage":"en-GB","potentialAction":[{"@type":"ReadAction","target":["https:\/\/www.concert-hosteldieu.com\/nos-productions\/stabat-mater\/"]}]},{"@type":"ImageObject","inLanguage":"en-GB","@id":"https:\/\/www.concert-hosteldieu.com\/nos-productions\/stabat-mater\/#primaryimage","url":"https:\/\/www.concert-hosteldieu.com\/wp-content\/uploads\/2025\/09\/Stabat-Mater-illustration.jpg","contentUrl":"https:\/\/www.concert-hosteldieu.com\/wp-content\/uploads\/2025\/09\/Stabat-Mater-illustration.jpg","width":1920,"height":1708},{"@type":"BreadcrumbList","@id":"https:\/\/www.concert-hosteldieu.com\/nos-productions\/stabat-mater\/#breadcrumb","itemListElement":[{"@type":"ListItem","position":1,"name":"Accueil","item":"https:\/\/www.concert-hosteldieu.com\/"},{"@type":"ListItem","position":2,"name":"Nos productions","item":"https:\/\/www.concert-hosteldieu.com\/nos-productions\/"},{"@type":"ListItem","position":3,"name":"Stabat Mater"}]},{"@type":"WebSite","@id":"https:\/\/www.concert-hosteldieu.com\/#website","url":"https:\/\/www.concert-hosteldieu.com\/","name":"Le Concert de l&#039;Hostel Dieu","description":"Franck-Emmanuel Comte","publisher":{"@id":"https:\/\/www.concert-hosteldieu.com\/#organization"},"potentialAction":[{"@type":"SearchAction","target":{"@type":"EntryPoint","urlTemplate":"https:\/\/www.concert-hosteldieu.com\/?s={search_term_string}"},"query-input":{"@type":"PropertyValueSpecification","valueRequired":true,"valueName":"search_term_string"}}],"inLanguage":"en-GB"},{"@type":"Organization","@id":"https:\/\/www.concert-hosteldieu.com\/#organization","name":"Le Concert de l'Hostel Dieu","url":"https:\/\/www.concert-hosteldieu.com\/","logo":{"@type":"ImageObject","inLanguage":"en-GB","@id":"https:\/\/www.concert-hosteldieu.com\/#\/schema\/logo\/image\/","url":"https:\/\/www.concert-hosteldieu.com\/wp-content\/uploads\/2021\/06\/logo-chd-noir-transparent.png","contentUrl":"https:\/\/www.concert-hosteldieu.com\/wp-content\/uploads\/2021\/06\/logo-chd-noir-transparent.png","width":262,"height":106,"caption":"Le Concert de l'Hostel Dieu"},"image":{"@id":"https:\/\/www.concert-hosteldieu.com\/#\/schema\/logo\/image\/"},"sameAs":["https:\/\/www.facebook.com\/leconcert.delhosteldieu","https:\/\/x.com\/CHDLyon","https:\/\/instagram.com\/concert_hostel_dieu","https:\/\/www.linkedin.com\/company\/le-concert-de-l'hostel-dieu\/","https:\/\/www.youtube.com\/user\/CHDLyon"]}]}},"_links":{"self":[{"href":"https:\/\/www.concert-hosteldieu.com\/en\/wp-json\/wp\/v2\/pages\/22988","targetHints":{"allow":["GET"]}}],"collection":[{"href":"https:\/\/www.concert-hosteldieu.com\/en\/wp-json\/wp\/v2\/pages"}],"about":[{"href":"https:\/\/www.concert-hosteldieu.com\/en\/wp-json\/wp\/v2\/types\/page"}],"author":[{"embeddable":true,"href":"https:\/\/www.concert-hosteldieu.com\/en\/wp-json\/wp\/v2\/users\/2776"}],"replies":[{"embeddable":true,"href":"https:\/\/www.concert-hosteldieu.com\/en\/wp-json\/wp\/v2\/comments?post=22988"}],"version-history":[{"count":6,"href":"https:\/\/www.concert-hosteldieu.com\/en\/wp-json\/wp\/v2\/pages\/22988\/revisions"}],"predecessor-version":[{"id":24129,"href":"https:\/\/www.concert-hosteldieu.com\/en\/wp-json\/wp\/v2\/pages\/22988\/revisions\/24129"}],"up":[{"embeddable":true,"href":"https:\/\/www.concert-hosteldieu.com\/en\/wp-json\/wp\/v2\/pages\/23593"}],"wp:featuredmedia":[{"embeddable":true,"href":"https:\/\/www.concert-hosteldieu.com\/en\/wp-json\/wp\/v2\/media\/23574"}],"wp:attachment":[{"href":"https:\/\/www.concert-hosteldieu.com\/en\/wp-json\/wp\/v2\/media?parent=22988"}],"wp:term":[{"taxonomy":"category","embeddable":true,"href":"https:\/\/www.concert-hosteldieu.com\/en\/wp-json\/wp\/v2\/categories?post=22988"},{"taxonomy":"post_tag","embeddable":true,"href":"https:\/\/www.concert-hosteldieu.com\/en\/wp-json\/wp\/v2\/tags?post=22988"}],"curies":[{"name":"wp","href":"https:\/\/api.w.org\/{rel}","templated":true}]}}