{"id":22916,"date":"2025-02-13T14:59:20","date_gmt":"2025-02-13T13:59:20","guid":{"rendered":"https:\/\/www.concert-hosteldieu.com\/?page_id=22916"},"modified":"2025-09-19T11:50:57","modified_gmt":"2025-09-19T10:50:57","slug":"actualites","status":"publish","type":"page","link":"https:\/\/www.concert-hosteldieu.com\/en\/actualites\/","title":{"rendered":"News"},"content":{"rendered":"\n\n\t<h1>\n\t\t\t\tActualit\u00e9s\n\t\t\t<\/h1>\n<ul><li data-filter=\"*\">Tous les articles<\/li><li data-filter=\".uabb-masonary-cat-453\" tabindex=\"0\">Albums<\/li><li data-filter=\".uabb-masonary-cat-450\" tabindex=\"0\">Articles<\/li><li data-filter=\".uabb-masonary-cat-455\" tabindex=\"0\">Cr\u00e9ations<\/li><li data-filter=\".uabb-masonary-cat-407\" tabindex=\"0\">Presse<\/li><li data-filter=\".uabb-masonary-cat-408\" tabindex=\"0\">Projets internationaux<\/li><li data-filter=\".uabb-masonary-cat-410\" tabindex=\"0\">Saison lyonnaise<\/li><\/ul>\n\t\t\t\t\t\t\t\t\t\t\t\t\t\t<a href=\"https:\/\/www.concert-hosteldieu.com\/international-opera-awards-2025-the-ghost-of-hamlet\/\" target=\"_self\" title=\"International Opera Awards 2025 : The Ghost of Hamlet\">\n\t\t\t\t<img decoding=\"async\" src=\"https:\/\/www.concert-hosteldieu.com\/wp-content\/uploads\/2025\/03\/2025.02.18-La-Trinite-Les-Fantomes-dHamlet-221442-@william.sundfor-300x200.jpg\" alt=\"\" \/>\n\t\t\t\t<\/a>\n\t\t\t\t\t\t<h4>\n\t\t\t\t<a href=\"https:\/\/www.concert-hosteldieu.com\/international-opera-awards-2025-the-ghost-of-hamlet\/\" title=\"International Opera Awards 2025 : The Ghost of Hamlet\">International Opera Awards 2025 : The Ghost of Hamlet<\/a>\t\t\t<\/h4>\n\t\t\t\t\t\t\t<h5>\n\t\t\tseptembre 2025\t\t\t\n\t\t\t\t\t\t\t<\/h5>\n\t\t\t\t\t\t\t\t\tC&rsquo;est officiel ! Notre album The Ghost of Hamlet est nomm\u00e9 aux International Opera Awards dans la cat\u00e9gorie \u00ab\u00a0Recording (Solo Recital)\u00a0\u00bb avec notre soliste Roberta Mameli ! D\u00e9couvrez l&rsquo;ensemble des nomm\u00e9s et des cat\u00e9gories sur le site des International Opera [&hellip;]\n\t\t\t\t\t<a href=\"https:\/\/www.concert-hosteldieu.com\/international-opera-awards-2025-the-ghost-of-hamlet\/\" title=\"Lire la suite\" target=\"_self\">Lire la suite &#8594;<\/a>\t\t\n\t\t\t\t\t\t\t\t\t\t\t\t\t\t<a href=\"https:\/\/www.concert-hosteldieu.com\/notre-derniere-video-vivaldi-divina-stella\/\" target=\"_self\" title=\"Notre derni\u00e8re vid\u00e9o : Vivaldi, Divina Stella\">\n\t\t\t\t<img decoding=\"async\" src=\"https:\/\/www.concert-hosteldieu.com\/wp-content\/uploads\/2025\/08\/2025.07.11-La-Trinite-CHD-Vivaldi-213144-@william.sundfor-300x200.jpg\" alt=\"\" \/>\n\t\t\t\t<\/a>\n\t\t\t\t\t\t<h4>\n\t\t\t\t<a href=\"https:\/\/www.concert-hosteldieu.com\/notre-derniere-video-vivaldi-divina-stella\/\" title=\"Notre derni\u00e8re vid\u00e9o : Vivaldi, Divina Stella\">Notre derni\u00e8re vid\u00e9o : Vivaldi, Divina Stella<\/a>\t\t\t<\/h4>\n\t\t\t\t\t\t\t<h5>\n\t\t\tseptembre 2025\t\t\t\n\t\t\t\t\t\t\t<\/h5>\n\t\t\t\t\t\t\t\t\tD\u00e9couvrez notre nouvelle vid\u00e9o, tourn\u00e9 par Arpeggio Films pr\u00e9sentant notre derni\u00e8re cr\u00e9ation \u00ab\u00a0Vivaldi, Divina Stella\u00a0\u00bb : &nbsp; Divina Stella vous plonge dans l&rsquo;\u0153uvre sacr\u00e9e de Vivaldi \u00e0 travers des motets vibrants, interpr\u00e9t\u00e9s par la mezzo-soprano Blandine de Sansal et les [&hellip;]\n\t\t\t\t\t<a href=\"https:\/\/www.concert-hosteldieu.com\/notre-derniere-video-vivaldi-divina-stella\/\" title=\"Lire la suite\" target=\"_self\">Lire la suite &#8594;<\/a>\t\t\n\t\t\t\t\t\t\t\t\t\t\t\t\t\t<a href=\"https:\/\/www.concert-hosteldieu.com\/notre-prochain-enregistrement-furioso\/\" target=\"_self\" title=\"Notre prochain enregistrement &#8211; Furioso\">\n\t\t\t\t<img decoding=\"async\" src=\"https:\/\/www.concert-hosteldieu.com\/wp-content\/uploads\/2025\/06\/Furioso-\u00a9D.Espasa-300x200.png\" alt=\"\" \/>\n\t\t\t\t<\/a>\n\t\t\t\t\t\t<h4>\n\t\t\t\t<a href=\"https:\/\/www.concert-hosteldieu.com\/notre-prochain-enregistrement-furioso\/\" title=\"Notre prochain enregistrement &#8211; Furioso\">Notre prochain enregistrement &#8211; Furioso<\/a>\t\t\t<\/h4>\n\t\t\t\t\t\t\t<h5>\n\t\t\tao\u00fbt 2025\t\t\t\n\t\t\t\t\t\t\t<\/h5>\n\t\t\t\t\t\t\t\t\tEn novembre, va avoir lieu l&rsquo;enregistrement du prochain album du Concert de l&rsquo;Hostel Dieu : Furioso. Un projet autour de \u00ab\u00a0Orlando furioso\u00a0\u00bb avec le contre-t\u00e9nor Xavier Sabata. L&rsquo;album sortira en avril 2026 ! En attendant, d\u00e9couvrez le teaser du projet [&hellip;]\n\t\t\t\t\t<a href=\"https:\/\/www.concert-hosteldieu.com\/notre-prochain-enregistrement-furioso\/\" title=\"Lire la suite\" target=\"_self\">Lire la suite &#8594;<\/a>\t\t\n\t\t\t\t\t\t\t\t\t\t\t\t\t\t<a href=\"https:\/\/www.concert-hosteldieu.com\/revue-de-presse-2024-2025\/\" target=\"_self\" title=\"Revue de presse 2024-2025\">\n\t\t\t\t<img decoding=\"async\" src=\"https:\/\/www.concert-hosteldieu.com\/wp-content\/uploads\/2025\/05\/DSCF9801-300x200.jpg\" alt=\"\" \/>\n\t\t\t\t<\/a>\n\t\t\t\t\t\t<h4>\n\t\t\t\t<a href=\"https:\/\/www.concert-hosteldieu.com\/revue-de-presse-2024-2025\/\" title=\"Revue de presse 2024-2025\">Revue de presse 2024-2025<\/a>\t\t\t<\/h4>\n\t\t\t\t\t\t\t<h5>\n\t\t\tao\u00fbt 2025\t\t\t\n\t\t\t\t\t\t\t<\/h5>\n\t\t\t\t\t\t\t\t\tLa saison 2024-2025 du Concert de l&rsquo;Hostel Dieu est maintenant termin\u00e9e ! Une saison marqu\u00e9e par notre installation \u00e0 la Chapelle de la Trinit\u00e9 et une belle tourn\u00e9e nord-am\u00e9ricaine du projet Les fant\u00f4mes d&rsquo;Hamlet. D\u00e9couvrez la revue de presse compl\u00e8te [&hellip;]\n\t\t\t\t\t<a href=\"https:\/\/www.concert-hosteldieu.com\/revue-de-presse-2024-2025\/\" title=\"Lire la suite\" target=\"_self\">Lire la suite &#8594;<\/a>\t\t\n\t\t\t\t\t\t\t\t\t\t\t\t\t\t<a href=\"https:\/\/www.concert-hosteldieu.com\/les-fantomes-dhamlet-tournee-journal-de-bord\/\" target=\"_self\" title=\"Les Fant\u00f4mes d&rsquo;Hamlet en tourn\u00e9e &#8211; Le journal de bord\">\n\t\t\t\t<img decoding=\"async\" src=\"https:\/\/www.concert-hosteldieu.com\/wp-content\/uploads\/2025\/03\/WhatsApp-Image-2025-03-12-a-21.21.35_abb0f88d-300x225.jpg\" alt=\"\" \/>\n\t\t\t\t<\/a>\n\t\t\t\t\t\t<h4>\n\t\t\t\t<a href=\"https:\/\/www.concert-hosteldieu.com\/les-fantomes-dhamlet-tournee-journal-de-bord\/\" title=\"Les Fant\u00f4mes d&rsquo;Hamlet en tourn\u00e9e &#8211; Le journal de bord\">Les Fant\u00f4mes d&rsquo;Hamlet en tourn\u00e9e &#8211; Le journal de bord<\/a>\t\t\t<\/h4>\n\t\t\t\t\t\t\t<h5>\n\t\t\tmars 2025\t\t\t\n\t\t\t\t\t\t\t<\/h5>\n\t\t\t\t\t\t\t\t\t18 f\u00e9vrier &#8211; La Trinit\u00e9, Lyon Notre production Les Fant\u00f4mes d&rsquo;Hamlet a fait ses premiers pas au sein de la Chapelle de la Trinit\u00e9. Une premi\u00e8re mondiale charg\u00e9e d&rsquo;\u00e9motion, marquant le d\u00e9but d&rsquo;une belle aventure musicale ! 20 f\u00e9vrier &#8211; [&hellip;]\n\t\t\t\t\t<a href=\"https:\/\/www.concert-hosteldieu.com\/les-fantomes-dhamlet-tournee-journal-de-bord\/\" title=\"Lire la suite\" target=\"_self\">Lire la suite &#8594;<\/a>\t\t\n\t\t\t\t\t\t\t\t\t\t\t\t\t\t<a href=\"https:\/\/www.concert-hosteldieu.com\/les-fantomes-dhamlet-revue-de-presse\/\" target=\"_self\" title=\"Les Fant\u00f4mes d&rsquo;Hamlet &#8211; Revue de presse\">\n\t\t\t\t<img decoding=\"async\" src=\"https:\/\/www.concert-hosteldieu.com\/wp-content\/uploads\/2025\/03\/2025.02.18-La-Trinite-Les-Fantomes-dHamlet-213401-@william.sundfor-300x200.jpg\" alt=\"\" \/>\n\t\t\t\t<\/a>\n\t\t\t\t\t\t<h4>\n\t\t\t\t<a href=\"https:\/\/www.concert-hosteldieu.com\/les-fantomes-dhamlet-revue-de-presse\/\" title=\"Les Fant\u00f4mes d&rsquo;Hamlet &#8211; Revue de presse\">Les Fant\u00f4mes d&rsquo;Hamlet &#8211; Revue de presse<\/a>\t\t\t<\/h4>\n\t\t\t\t\t\t\t<h5>\n\t\t\tmars 2025\t\t\t\n\t\t\t\t\t\t\t<\/h5>\n\t\t\t\t\t\t\t\t\tT\u00e9l\u00e9charger la revue de presse &nbsp; Presse Web CRESCENDO MAGAZINE (BE) | 20\/02\/2025 &#8211; Victoria Okada \u00ab\u00a0Au sommet de son art, la cantatrice d\u00e9ploie un chant hautement expressif, entre aigus clairs et m\u00e9dium l\u00e9g\u00e8rement ombrageux. [&#8230;]\u00a0La direction depuis le clavecin [&hellip;]\n\t\t\t\t\t<a href=\"https:\/\/www.concert-hosteldieu.com\/les-fantomes-dhamlet-revue-de-presse\/\" title=\"Lire la suite\" target=\"_self\">Lire la suite &#8594;<\/a>\t\t\n\t\t\t\t\t\t\t\t\t\t\t\t\t\t<a href=\"https:\/\/www.concert-hosteldieu.com\/sentiers-musicaux-europeens\/\" target=\"_self\" title=\"Participation au projet Sentiers Musicaux Europ\u00e9ens\">\n\t\t\t\t<img decoding=\"async\" src=\"https:\/\/www.concert-hosteldieu.com\/wp-content\/uploads\/2023\/05\/CHD-sentier-musicaux-europeens-LYON-00-2-300x200.jpg\" alt=\"Sentiers musicaux Europ\u00e9ens\" \/>\n\t\t\t\t<\/a>\n\t\t\t\t\t\t<h4>\n\t\t\t\t<a href=\"https:\/\/www.concert-hosteldieu.com\/sentiers-musicaux-europeens\/\" title=\"Participation au projet Sentiers Musicaux Europ\u00e9ens\">Participation au projet Sentiers Musicaux Europ\u00e9ens<\/a>\t\t\t<\/h4>\n\t\t\t\t\t\t\t<h5>\n\t\t\tf\u00e9vrier 2025\t\t\t\n\t\t\t\t\t\t\t<\/h5>\n\t\t\t\t\t\t\t\t\tCofinanc\u00e9 par l&rsquo;Union Europ\u00e9enne, le projet \u00ab Sentiers Musicaux Europ\u00e9ens \u00bb a r\u00e9uni la Notenspur Leipzig (Allemagne), Le Concert de l&rsquo;Hostel Dieu (France) et le Teatro Comunale Luciano Pavarotti (Italie). Pendant 3 ans, ces 3 partenaires ont collabor\u00e9 et cr\u00e9\u00e9 [&hellip;]\n\t\t\t\t\t<a href=\"https:\/\/www.concert-hosteldieu.com\/sentiers-musicaux-europeens\/\" title=\"Lire la suite\" target=\"_self\">Lire la suite &#8594;<\/a>\t\t\n\t\t\t\t\t\t\t\t\t\t\t\t\t\t<a href=\"https:\/\/www.concert-hosteldieu.com\/vous-etes-formidables\/\" target=\"_self\" title=\"Passage dans l&rsquo;\u00e9mission Vous \u00eates formidables sur France 3\">\n\t\t\t\t<img decoding=\"async\" src=\"https:\/\/www.concert-hosteldieu.com\/wp-content\/uploads\/2025\/02\/Vous-etes-formidables-300x200.jpeg\" alt=\"\" \/>\n\t\t\t\t<\/a>\n\t\t\t\t\t\t<h4>\n\t\t\t\t<a href=\"https:\/\/www.concert-hosteldieu.com\/vous-etes-formidables\/\" title=\"Passage dans l&rsquo;\u00e9mission Vous \u00eates formidables sur France 3\">Passage dans l&rsquo;\u00e9mission Vous \u00eates formidables sur France 3<\/a>\t\t\t<\/h4>\n\t\t\t\t\t\t\t<h5>\n\t\t\tf\u00e9vrier 2025\t\t\t\n\t\t\t\t\t\t\t<\/h5>\n\t\t\t\t\t\t\t\t\tLundi 10 f\u00e9vrier 2025, Franck-Emmanuel Comte \u00e9tait l&rsquo;invit\u00e9 de l&rsquo;\u00e9mission \u00ab\u00a0Vous \u00eates formidables\u00a0\u00bb sur France 3 Auvergne-Rh\u00f4ne-Alpes, aux c\u00f4t\u00e9s de Mourad Merzouki ! L&rsquo;occasion de mettre en lumi\u00e8re l&rsquo;actualit\u00e9 du Concert de l&rsquo;Hostel Dieu et nos prochains projets. D\u00e9couvrez l&rsquo;\u00e9mission [&hellip;]\n\t\t\t\t\t<a href=\"https:\/\/www.concert-hosteldieu.com\/vous-etes-formidables\/\" title=\"Lire la suite\" target=\"_self\">Lire la suite &#8594;<\/a>\t\t\n\t\t\t\t\t\t\t\t\t\t\t\t\t\t<a href=\"https:\/\/www.concert-hosteldieu.com\/chd-trinite\/\" target=\"_self\" title=\"Le Concert de l&rsquo;Hostel Dieu \u00e0 la Chapelle de la Trinit\u00e9\">\n\t\t\t\t<img decoding=\"async\" src=\"https:\/\/www.concert-hosteldieu.com\/wp-content\/uploads\/2024\/12\/CHD-Trinite-groupes-web-7-300x200.jpg\" alt=\"\" \/>\n\t\t\t\t<\/a>\n\t\t\t\t\t\t<h4>\n\t\t\t\t<a href=\"https:\/\/www.concert-hosteldieu.com\/chd-trinite\/\" title=\"Le Concert de l&rsquo;Hostel Dieu \u00e0 la Chapelle de la Trinit\u00e9\">Le Concert de l&rsquo;Hostel Dieu \u00e0 la Chapelle de la Trinit\u00e9<\/a>\t\t\t<\/h4>\n\t\t\t\t\t\t\t<h5>\n\t\t\toctobre 2024\t\t\t\n\t\t\t\t\t\t\t<\/h5>\n\t\t\t\t\t\t\t\t\tUne nouvelle page se tourne pour le Concert de l&rsquo;Hostel Dieu : la M\u00e9tropole et la Ville de Lyon ont d\u00e9cid\u00e9 de nous confier la gestion et l&rsquo;animation de la Chapelle de la Trinite\u0301, joyaux du baroque architectural lyonnais. Avec [&hellip;]\n\t\t\t\t\t<a href=\"https:\/\/www.concert-hosteldieu.com\/chd-trinite\/\" title=\"Lire la suite\" target=\"_self\">Lire la suite &#8594;<\/a>\t\t\n\n","protected":false},"excerpt":{"rendered":"<p>Actualit\u00e9s Tous les articles Albums Articles Cr\u00e9ations Presse Projets internationaux Saison lyonnaise International Opera Awards 2025 : The Ghost of Hamlet septembre 2025 C&rsquo;est officiel ! Notre album The Ghost of Hamlet est nomm\u00e9 aux International Opera Awards dans la [&hellip;]<\/p>\n","protected":false},"author":2776,"featured_media":0,"parent":0,"menu_order":0,"comment_status":"closed","ping_status":"closed","template":"","meta":{"site-sidebar-layout":"no-sidebar","site-content-layout":"page-builder","ast-site-content-layout":"full-width-container","site-content-style":"unboxed","site-sidebar-style":"unboxed","ast-global-header-display":"","ast-banner-title-visibility":"","ast-main-header-display":"","ast-hfb-above-header-display":"","ast-hfb-below-header-display":"","ast-hfb-mobile-header-display":"","site-post-title":"disabled","ast-breadcrumbs-content":"","ast-featured-img":"disabled","footer-sml-layout":"","ast-disable-related-posts":"","theme-transparent-header-meta":"enabled","adv-header-id-meta":"","stick-header-meta":"default","header-above-stick-meta":"","header-main-stick-meta":"","header-below-stick-meta":"","astra-migrate-meta-layouts":"set","ast-page-background-enabled":"default","ast-page-background-meta":{"desktop":{"background-color":"","background-image":"","background-repeat":"repeat","background-position":"center center","background-size":"auto","background-attachment":"scroll","background-type":"","background-media":"","overlay-type":"","overlay-color":"","overlay-opacity":"","overlay-gradient":""},"tablet":{"background-color":"","background-image":"","background-repeat":"repeat","background-position":"center center","background-size":"auto","background-attachment":"scroll","background-type":"","background-media":"","overlay-type":"","overlay-color":"","overlay-opacity":"","overlay-gradient":""},"mobile":{"background-color":"","background-image":"","background-repeat":"repeat","background-position":"center center","background-size":"auto","background-attachment":"scroll","background-type":"","background-media":"","overlay-type":"","overlay-color":"","overlay-opacity":"","overlay-gradient":""}},"ast-content-background-meta":{"desktop":{"background-color":"var(--ast-global-color-5)","background-image":"","background-repeat":"repeat","background-position":"center center","background-size":"auto","background-attachment":"scroll","background-type":"","background-media":"","overlay-type":"","overlay-color":"","overlay-opacity":"","overlay-gradient":""},"tablet":{"background-color":"var(--ast-global-color-5)","background-image":"","background-repeat":"repeat","background-position":"center center","background-size":"auto","background-attachment":"scroll","background-type":"","background-media":"","overlay-type":"","overlay-color":"","overlay-opacity":"","overlay-gradient":""},"mobile":{"background-color":"var(--ast-global-color-5)","background-image":"","background-repeat":"repeat","background-position":"center center","background-size":"auto","background-attachment":"scroll","background-type":"","background-media":"","overlay-type":"","overlay-color":"","overlay-opacity":"","overlay-gradient":""}},"footnotes":""},"categories":[],"tags":[],"class_list":["post-22916","page","type-page","status-publish","hentry"],"yoast_head":"<!-- This site is optimized with the Yoast SEO plugin v27.6 - https:\/\/yoast.com\/product\/yoast-seo-wordpress\/ -->\n<title>Actualit\u00e9s - Le Concert de l&#039;Hostel Dieu<\/title>\n<meta name=\"description\" content=\"D\u00e9couvrez les actualit\u00e9s de l&#039;ensemble de musique baroque Le Concert de l&#039;Hostel dieu !\" \/>\n<meta name=\"robots\" content=\"index, follow, max-snippet:-1, max-image-preview:large, max-video-preview:-1\" \/>\n<link rel=\"canonical\" href=\"https:\/\/www.concert-hosteldieu.com\/en\/actualites\/\" \/>\n<meta property=\"og:locale\" content=\"en_GB\" \/>\n<meta property=\"og:type\" content=\"article\" \/>\n<meta property=\"og:title\" content=\"Actualit\u00e9s - Le Concert de l&#039;Hostel Dieu\" \/>\n<meta property=\"og:description\" content=\"D\u00e9couvrez les actualit\u00e9s de l&#039;ensemble de musique baroque Le Concert de l&#039;Hostel dieu !\" \/>\n<meta property=\"og:url\" content=\"https:\/\/www.concert-hosteldieu.com\/en\/actualites\/\" \/>\n<meta property=\"og:site_name\" content=\"Le Concert de l&#039;Hostel Dieu\" \/>\n<meta property=\"article:publisher\" content=\"https:\/\/www.facebook.com\/leconcert.delhosteldieu\" \/>\n<meta property=\"article:modified_time\" content=\"2025-09-19T10:50:57+00:00\" \/>\n<meta property=\"og:image\" content=\"https:\/\/www.concert-hosteldieu.com\/wp-content\/uploads\/2025\/03\/2025.02.18-La-Trinite-Les-Fantomes-dHamlet-221442-@william.sundfor-300x200.jpg\" \/>\n<meta name=\"twitter:label1\" content=\"Estimated reading time\" \/>\n\t<meta name=\"twitter:data1\" content=\"4 minutes\" \/>\n<script type=\"application\/ld+json\" class=\"yoast-schema-graph\">{\"@context\":\"https:\\\/\\\/schema.org\",\"@graph\":[{\"@type\":\"WebPage\",\"@id\":\"https:\\\/\\\/www.concert-hosteldieu.com\\\/actualites\\\/\",\"url\":\"https:\\\/\\\/www.concert-hosteldieu.com\\\/actualites\\\/\",\"name\":\"Actualit\u00e9s - Le Concert de l&#039;Hostel Dieu\",\"isPartOf\":{\"@id\":\"https:\\\/\\\/www.concert-hosteldieu.com\\\/#website\"},\"primaryImageOfPage\":{\"@id\":\"https:\\\/\\\/www.concert-hosteldieu.com\\\/actualites\\\/#primaryimage\"},\"image\":{\"@id\":\"https:\\\/\\\/www.concert-hosteldieu.com\\\/actualites\\\/#primaryimage\"},\"thumbnailUrl\":\"https:\\\/\\\/www.concert-hosteldieu.com\\\/wp-content\\\/uploads\\\/2025\\\/03\\\/2025.02.18-La-Trinite-Les-Fantomes-dHamlet-221442-@william.sundfor-300x200.jpg\",\"datePublished\":\"2025-02-13T13:59:20+00:00\",\"dateModified\":\"2025-09-19T10:50:57+00:00\",\"description\":\"D\u00e9couvrez les actualit\u00e9s de l'ensemble de musique baroque Le Concert de l'Hostel dieu !\",\"breadcrumb\":{\"@id\":\"https:\\\/\\\/www.concert-hosteldieu.com\\\/actualites\\\/#breadcrumb\"},\"inLanguage\":\"en-GB\",\"potentialAction\":[{\"@type\":\"ReadAction\",\"target\":[\"https:\\\/\\\/www.concert-hosteldieu.com\\\/actualites\\\/\"]}]},{\"@type\":\"ImageObject\",\"inLanguage\":\"en-GB\",\"@id\":\"https:\\\/\\\/www.concert-hosteldieu.com\\\/actualites\\\/#primaryimage\",\"url\":\"https:\\\/\\\/www.concert-hosteldieu.com\\\/wp-content\\\/uploads\\\/2025\\\/03\\\/2025.02.18-La-Trinite-Les-Fantomes-dHamlet-221442-@william.sundfor-300x200.jpg\",\"contentUrl\":\"https:\\\/\\\/www.concert-hosteldieu.com\\\/wp-content\\\/uploads\\\/2025\\\/03\\\/2025.02.18-La-Trinite-Les-Fantomes-dHamlet-221442-@william.sundfor-300x200.jpg\"},{\"@type\":\"BreadcrumbList\",\"@id\":\"https:\\\/\\\/www.concert-hosteldieu.com\\\/actualites\\\/#breadcrumb\",\"itemListElement\":[{\"@type\":\"ListItem\",\"position\":1,\"name\":\"Accueil\",\"item\":\"https:\\\/\\\/www.concert-hosteldieu.com\\\/\"},{\"@type\":\"ListItem\",\"position\":2,\"name\":\"Actualit\u00e9s\"}]},{\"@type\":\"WebSite\",\"@id\":\"https:\\\/\\\/www.concert-hosteldieu.com\\\/#website\",\"url\":\"https:\\\/\\\/www.concert-hosteldieu.com\\\/\",\"name\":\"Le Concert de l&#039;Hostel Dieu\",\"description\":\"Franck-Emmanuel Comte\",\"publisher\":{\"@id\":\"https:\\\/\\\/www.concert-hosteldieu.com\\\/#organization\"},\"potentialAction\":[{\"@type\":\"SearchAction\",\"target\":{\"@type\":\"EntryPoint\",\"urlTemplate\":\"https:\\\/\\\/www.concert-hosteldieu.com\\\/?s={search_term_string}\"},\"query-input\":{\"@type\":\"PropertyValueSpecification\",\"valueRequired\":true,\"valueName\":\"search_term_string\"}}],\"inLanguage\":\"en-GB\"},{\"@type\":\"Organization\",\"@id\":\"https:\\\/\\\/www.concert-hosteldieu.com\\\/#organization\",\"name\":\"Le Concert de l'Hostel Dieu\",\"url\":\"https:\\\/\\\/www.concert-hosteldieu.com\\\/\",\"logo\":{\"@type\":\"ImageObject\",\"inLanguage\":\"en-GB\",\"@id\":\"https:\\\/\\\/www.concert-hosteldieu.com\\\/#\\\/schema\\\/logo\\\/image\\\/\",\"url\":\"https:\\\/\\\/www.concert-hosteldieu.com\\\/wp-content\\\/uploads\\\/2021\\\/06\\\/logo-chd-noir-transparent.png\",\"contentUrl\":\"https:\\\/\\\/www.concert-hosteldieu.com\\\/wp-content\\\/uploads\\\/2021\\\/06\\\/logo-chd-noir-transparent.png\",\"width\":262,\"height\":106,\"caption\":\"Le Concert de l'Hostel Dieu\"},\"image\":{\"@id\":\"https:\\\/\\\/www.concert-hosteldieu.com\\\/#\\\/schema\\\/logo\\\/image\\\/\"},\"sameAs\":[\"https:\\\/\\\/www.facebook.com\\\/leconcert.delhosteldieu\",\"https:\\\/\\\/x.com\\\/CHDLyon\",\"https:\\\/\\\/instagram.com\\\/concert_hostel_dieu\",\"https:\\\/\\\/www.linkedin.com\\\/company\\\/le-concert-de-l'hostel-dieu\\\/\",\"https:\\\/\\\/www.youtube.com\\\/user\\\/CHDLyon\"]}]}<\/script>\n<!-- \/ Yoast SEO plugin. -->","yoast_head_json":{"title":"Actualit\u00e9s - Le Concert de l&#039;Hostel Dieu","description":"D\u00e9couvrez les actualit\u00e9s de l'ensemble de musique baroque Le Concert de l'Hostel dieu !","robots":{"index":"index","follow":"follow","max-snippet":"max-snippet:-1","max-image-preview":"max-image-preview:large","max-video-preview":"max-video-preview:-1"},"canonical":"https:\/\/www.concert-hosteldieu.com\/en\/actualites\/","og_locale":"en_GB","og_type":"article","og_title":"Actualit\u00e9s - Le Concert de l&#039;Hostel Dieu","og_description":"D\u00e9couvrez les actualit\u00e9s de l'ensemble de musique baroque Le Concert de l'Hostel dieu !","og_url":"https:\/\/www.concert-hosteldieu.com\/en\/actualites\/","og_site_name":"Le Concert de l&#039;Hostel Dieu","article_publisher":"https:\/\/www.facebook.com\/leconcert.delhosteldieu","article_modified_time":"2025-09-19T10:50:57+00:00","og_image":[{"url":"https:\/\/www.concert-hosteldieu.com\/wp-content\/uploads\/2025\/03\/2025.02.18-La-Trinite-Les-Fantomes-dHamlet-221442-@william.sundfor-300x200.jpg","type":"","width":"","height":""}],"twitter_misc":{"Estimated reading time":"4 minutes"},"schema":{"@context":"https:\/\/schema.org","@graph":[{"@type":"WebPage","@id":"https:\/\/www.concert-hosteldieu.com\/actualites\/","url":"https:\/\/www.concert-hosteldieu.com\/actualites\/","name":"Actualit\u00e9s - Le Concert de l&#039;Hostel Dieu","isPartOf":{"@id":"https:\/\/www.concert-hosteldieu.com\/#website"},"primaryImageOfPage":{"@id":"https:\/\/www.concert-hosteldieu.com\/actualites\/#primaryimage"},"image":{"@id":"https:\/\/www.concert-hosteldieu.com\/actualites\/#primaryimage"},"thumbnailUrl":"https:\/\/www.concert-hosteldieu.com\/wp-content\/uploads\/2025\/03\/2025.02.18-La-Trinite-Les-Fantomes-dHamlet-221442-@william.sundfor-300x200.jpg","datePublished":"2025-02-13T13:59:20+00:00","dateModified":"2025-09-19T10:50:57+00:00","description":"D\u00e9couvrez les actualit\u00e9s de l'ensemble de musique baroque Le Concert de l'Hostel dieu !","breadcrumb":{"@id":"https:\/\/www.concert-hosteldieu.com\/actualites\/#breadcrumb"},"inLanguage":"en-GB","potentialAction":[{"@type":"ReadAction","target":["https:\/\/www.concert-hosteldieu.com\/actualites\/"]}]},{"@type":"ImageObject","inLanguage":"en-GB","@id":"https:\/\/www.concert-hosteldieu.com\/actualites\/#primaryimage","url":"https:\/\/www.concert-hosteldieu.com\/wp-content\/uploads\/2025\/03\/2025.02.18-La-Trinite-Les-Fantomes-dHamlet-221442-@william.sundfor-300x200.jpg","contentUrl":"https:\/\/www.concert-hosteldieu.com\/wp-content\/uploads\/2025\/03\/2025.02.18-La-Trinite-Les-Fantomes-dHamlet-221442-@william.sundfor-300x200.jpg"},{"@type":"BreadcrumbList","@id":"https:\/\/www.concert-hosteldieu.com\/actualites\/#breadcrumb","itemListElement":[{"@type":"ListItem","position":1,"name":"Accueil","item":"https:\/\/www.concert-hosteldieu.com\/"},{"@type":"ListItem","position":2,"name":"Actualit\u00e9s"}]},{"@type":"WebSite","@id":"https:\/\/www.concert-hosteldieu.com\/#website","url":"https:\/\/www.concert-hosteldieu.com\/","name":"Le Concert de l&#039;Hostel Dieu","description":"Franck-Emmanuel Comte","publisher":{"@id":"https:\/\/www.concert-hosteldieu.com\/#organization"},"potentialAction":[{"@type":"SearchAction","target":{"@type":"EntryPoint","urlTemplate":"https:\/\/www.concert-hosteldieu.com\/?s={search_term_string}"},"query-input":{"@type":"PropertyValueSpecification","valueRequired":true,"valueName":"search_term_string"}}],"inLanguage":"en-GB"},{"@type":"Organization","@id":"https:\/\/www.concert-hosteldieu.com\/#organization","name":"Le Concert de l'Hostel Dieu","url":"https:\/\/www.concert-hosteldieu.com\/","logo":{"@type":"ImageObject","inLanguage":"en-GB","@id":"https:\/\/www.concert-hosteldieu.com\/#\/schema\/logo\/image\/","url":"https:\/\/www.concert-hosteldieu.com\/wp-content\/uploads\/2021\/06\/logo-chd-noir-transparent.png","contentUrl":"https:\/\/www.concert-hosteldieu.com\/wp-content\/uploads\/2021\/06\/logo-chd-noir-transparent.png","width":262,"height":106,"caption":"Le Concert de l'Hostel Dieu"},"image":{"@id":"https:\/\/www.concert-hosteldieu.com\/#\/schema\/logo\/image\/"},"sameAs":["https:\/\/www.facebook.com\/leconcert.delhosteldieu","https:\/\/x.com\/CHDLyon","https:\/\/instagram.com\/concert_hostel_dieu","https:\/\/www.linkedin.com\/company\/le-concert-de-l'hostel-dieu\/","https:\/\/www.youtube.com\/user\/CHDLyon"]}]}},"_links":{"self":[{"href":"https:\/\/www.concert-hosteldieu.com\/en\/wp-json\/wp\/v2\/pages\/22916","targetHints":{"allow":["GET"]}}],"collection":[{"href":"https:\/\/www.concert-hosteldieu.com\/en\/wp-json\/wp\/v2\/pages"}],"about":[{"href":"https:\/\/www.concert-hosteldieu.com\/en\/wp-json\/wp\/v2\/types\/page"}],"author":[{"embeddable":true,"href":"https:\/\/www.concert-hosteldieu.com\/en\/wp-json\/wp\/v2\/users\/2776"}],"replies":[{"embeddable":true,"href":"https:\/\/www.concert-hosteldieu.com\/en\/wp-json\/wp\/v2\/comments?post=22916"}],"version-history":[{"count":6,"href":"https:\/\/www.concert-hosteldieu.com\/en\/wp-json\/wp\/v2\/pages\/22916\/revisions"}],"predecessor-version":[{"id":23702,"href":"https:\/\/www.concert-hosteldieu.com\/en\/wp-json\/wp\/v2\/pages\/22916\/revisions\/23702"}],"wp:attachment":[{"href":"https:\/\/www.concert-hosteldieu.com\/en\/wp-json\/wp\/v2\/media?parent=22916"}],"wp:term":[{"taxonomy":"category","embeddable":true,"href":"https:\/\/www.concert-hosteldieu.com\/en\/wp-json\/wp\/v2\/categories?post=22916"},{"taxonomy":"post_tag","embeddable":true,"href":"https:\/\/www.concert-hosteldieu.com\/en\/wp-json\/wp\/v2\/tags?post=22916"}],"curies":[{"name":"wp","href":"https:\/\/api.w.org\/{rel}","templated":true}]}}