{"id":22832,"date":"2025-02-06T11:08:21","date_gmt":"2025-02-06T10:08:21","guid":{"rendered":"https:\/\/www.concert-hosteldieu.com\/?page_id=22832"},"modified":"2025-02-06T11:25:16","modified_gmt":"2025-02-06T10:25:16","slug":"christophe-waksmann","status":"publish","type":"page","link":"https:\/\/www.concert-hosteldieu.com\/en\/nos-artistes-invites\/christophe-waksmann\/","title":{"rendered":"Christophe Waksmann"},"content":{"rendered":"<a href=\"https:\/\/www.concert-hosteldieu.com\/en\/nos-artistes-invites\/\" title=\"Cliquez ici\" target=\"_self\"   role=\"button\" aria-label=\"Our guest artists\">\n\t\t\t\t\t\t\t\t\t\t\tOur guest artists\n\t\t<\/a>\n\t<h2>\n\t\t\t\tChristophe Waksmann\n\t\t\t<\/h2>\n\t\t\t<h4>R\u00e9alisateur et Designer vid\u00e9o<\/h4>\t\n\t\u00c0 l&rsquo;origine photographe et danseur, Christophe Waksmann cr\u00e9e les projections, animations, images 3D et films pour la danse, le th\u00e9\u00e2tre et la musique.<br \/>\nIl collabore avec le chor\u00e9graphe <strong>Philippe Decoufl\u00e9<\/strong> pendant 25 ans sur <em>Petites pi\u00e8ces mont\u00e9es, D\u00e9codex, Triton2ter, Iiris, Sombrero, Octopus, Tout Doit Dispara\u00eetre et Shazam!<\/em>.<br \/>\nEn 2011 et 2016 il \u00ab\u00a0design\u00a0\u00bb les projections de deux spectacles du <strong>Cirque du soleil<\/strong> : <em>Iris<\/em> \u00e0 Los Angeles et <em>Paramour<\/em> \u00e0 Broadway. De retour en France il travaille avec le metteur en sc\u00e8ne <strong>H\u00e9di Tillette de Clermont Tonnerre<\/strong> pour qui il cr\u00e9e les projections de 6 spectacles.<br \/>\nC\u00f4t\u00e9 op\u00e9ras, on le retrouve comme Designer de projections sur <em>The Consul, La flute enchant\u00e9e, Marl\u00e8ne Bal\u00e8ne et La Petite Sir\u00e8ne,<\/em> aupr\u00e8s de la metteuse en sc\u00e8ne <a href=\"https:\/\/www.concert-hosteldieu.com\/en\/nos-artistes-invites\/berenice-collet\/\" target=\"_blank\" rel=\"noopener\"><strong>B\u00e9r\u00e9nice Collet<\/strong><\/a>.<br \/>\nApr\u00e8s une r\u00e9-adaptation de la com\u00e9die musicale <em>Paramour<\/em> pour le Cirque du Soleil \u00e0 Hambourg, et les cinq cr\u00e9ations vid\u00e9os pour le chor\u00e9graphe bordelais <strong>Hamid Benmahi<\/strong>, il signe les projections vid\u00e9o de <a href=\"https:\/\/www.concert-hosteldieu.com\/en\/nos-projets-en-tournee\/fugacites\/\" target=\"_blank\" rel=\"noopener\"><em>FugaCit\u00e9s<\/em><\/a>, une rencontre entre la musique baroque et les cultures urbaines imagin\u00e9e par <strong>Franck-Emmanuel Comte<\/strong>, sc\u00e9nographi\u00e9e par <strong>B\u00e9r\u00e9nice Collet<\/strong>, et chor\u00e9graphi\u00e9e par <a href=\"https:\/\/www.concert-hosteldieu.com\/en\/nos-artistes-invites\/mourad-merzouki\/\" target=\"_blank\" rel=\"noopener\"><strong>Mourad Merzouki<\/strong><\/a>.<br \/>\nTout r\u00e9cemment, il cr\u00e9e les animations du concerto baroque <a href=\"https:\/\/www.concert-hosteldieu.com\/en\/nos-projets-en-tournee\/metamorphosis\/\" target=\"_blank\" rel=\"noopener\">Metamorphosis<\/a> dans lequel il donne vie \u00e0 douze illustrations du c\u00e9l\u00e8bre dessinateur Moebius.\n<h4>\n\t\tChristophe Waksmann et le Concert de l&rsquo;Hostel Dieu :\n\t<\/h4>\n\t\t\t\t<a href=\"https:\/\/www.concert-hosteldieu.com\/en\/nos-projets-en-tournee\/metamorphosis\/\"  target=\"_self\" itemprop=\"url\">\n\t\t\t\t<img loading=\"lazy\" decoding=\"async\" src=\"https:\/\/www.concert-hosteldieu.com\/wp-content\/uploads\/2024\/09\/DSCF4756.jpg\" alt=\"\u00a9Karelle Perdrizet\" itemprop=\"image\" height=\"1280\" width=\"1920\" title=\"Metamorphosis Auditorium \u00a9Karelle Perdrizet\" onerror=\"this.style.display='none'\"  \/>\n\t\t\t\t<\/a>","protected":false},"excerpt":{"rendered":"<p>Artistes invit\u00e9s Christophe Waksmann R\u00e9alisateur et Designer vid\u00e9o \u00c0 l&rsquo;origine photographe et danseur, Christophe Waksmann cr\u00e9e les projections, animations, images 3D et films pour la danse, le th\u00e9\u00e2tre et la musique. Il collabore avec le chor\u00e9graphe Philippe Decoufl\u00e9 pendant 25 [&hellip;]<\/p>\n","protected":false},"author":2776,"featured_media":22834,"parent":12628,"menu_order":0,"comment_status":"closed","ping_status":"closed","template":"","meta":{"site-sidebar-layout":"no-sidebar","site-content-layout":"page-builder","ast-site-content-layout":"full-width-container","site-content-style":"unboxed","site-sidebar-style":"unboxed","ast-global-header-display":"","ast-banner-title-visibility":"","ast-main-header-display":"","ast-hfb-above-header-display":"","ast-hfb-below-header-display":"","ast-hfb-mobile-header-display":"","site-post-title":"disabled","ast-breadcrumbs-content":"","ast-featured-img":"disabled","footer-sml-layout":"","ast-disable-related-posts":"","theme-transparent-header-meta":"enabled","adv-header-id-meta":"","stick-header-meta":"default","header-above-stick-meta":"","header-main-stick-meta":"","header-below-stick-meta":"","astra-migrate-meta-layouts":"set","ast-page-background-enabled":"default","ast-page-background-meta":{"desktop":{"background-color":"","background-image":"","background-repeat":"repeat","background-position":"center center","background-size":"auto","background-attachment":"scroll","background-type":"","background-media":"","overlay-type":"","overlay-color":"","overlay-opacity":"","overlay-gradient":""},"tablet":{"background-color":"","background-image":"","background-repeat":"repeat","background-position":"center center","background-size":"auto","background-attachment":"scroll","background-type":"","background-media":"","overlay-type":"","overlay-color":"","overlay-opacity":"","overlay-gradient":""},"mobile":{"background-color":"","background-image":"","background-repeat":"repeat","background-position":"center center","background-size":"auto","background-attachment":"scroll","background-type":"","background-media":"","overlay-type":"","overlay-color":"","overlay-opacity":"","overlay-gradient":""}},"ast-content-background-meta":{"desktop":{"background-color":"var(--ast-global-color-5)","background-image":"","background-repeat":"repeat","background-position":"center center","background-size":"auto","background-attachment":"scroll","background-type":"","background-media":"","overlay-type":"","overlay-color":"","overlay-opacity":"","overlay-gradient":""},"tablet":{"background-color":"var(--ast-global-color-5)","background-image":"","background-repeat":"repeat","background-position":"center center","background-size":"auto","background-attachment":"scroll","background-type":"","background-media":"","overlay-type":"","overlay-color":"","overlay-opacity":"","overlay-gradient":""},"mobile":{"background-color":"var(--ast-global-color-5)","background-image":"","background-repeat":"repeat","background-position":"center center","background-size":"auto","background-attachment":"scroll","background-type":"","background-media":"","overlay-type":"","overlay-color":"","overlay-opacity":"","overlay-gradient":""}},"footnotes":""},"categories":[169,171],"tags":[],"class_list":["post-22832","page","type-page","status-publish","has-post-thumbnail","hentry","category-equipe-artistique","category-nosartistesinvites"],"yoast_head":"<!-- This site is optimized with the Yoast SEO plugin v27.5 - https:\/\/yoast.com\/product\/yoast-seo-wordpress\/ -->\n<title>Christophe Waksmann - Le Concert de l&#039;Hostel Dieu<\/title>\n<meta name=\"description\" content=\"Retrouvez la metteuse en sc\u00e8ne B\u00e9r\u00e9nice Collet dans deux productions du Concert de l&#039;Hostel Dieu : FugaCit\u00e9s &amp; Talestri, Reine des Amazones.\" \/>\n<meta name=\"robots\" content=\"index, follow, max-snippet:-1, max-image-preview:large, max-video-preview:-1\" \/>\n<link rel=\"canonical\" href=\"https:\/\/www.concert-hosteldieu.com\/en\/nos-artistes-invites\/christophe-waksmann\/\" \/>\n<meta property=\"og:locale\" content=\"en_GB\" \/>\n<meta property=\"og:type\" content=\"article\" \/>\n<meta property=\"og:title\" content=\"Christophe Waksmann - Le Concert de l&#039;Hostel Dieu\" \/>\n<meta property=\"og:description\" content=\"Retrouvez la metteuse en sc\u00e8ne B\u00e9r\u00e9nice Collet dans deux productions du Concert de l&#039;Hostel Dieu : FugaCit\u00e9s &amp; Talestri, Reine des Amazones.\" \/>\n<meta property=\"og:url\" content=\"https:\/\/www.concert-hosteldieu.com\/en\/nos-artistes-invites\/christophe-waksmann\/\" \/>\n<meta property=\"og:site_name\" content=\"Le Concert de l&#039;Hostel Dieu\" \/>\n<meta property=\"article:publisher\" content=\"https:\/\/www.facebook.com\/leconcert.delhosteldieu\" \/>\n<meta property=\"article:modified_time\" content=\"2025-02-06T10:25:16+00:00\" \/>\n<meta property=\"og:image\" content=\"https:\/\/www.concert-hosteldieu.com\/wp-content\/uploads\/2025\/02\/wacksmann_photo_1.jpg\" \/>\n\t<meta property=\"og:image:width\" content=\"1500\" \/>\n\t<meta property=\"og:image:height\" content=\"1000\" \/>\n\t<meta property=\"og:image:type\" content=\"image\/jpeg\" \/>\n<meta name=\"twitter:label1\" content=\"Estimated reading time\" \/>\n\t<meta name=\"twitter:data1\" content=\"2 minutes\" \/>\n<script type=\"application\/ld+json\" class=\"yoast-schema-graph\">{\"@context\":\"https:\\\/\\\/schema.org\",\"@graph\":[{\"@type\":\"WebPage\",\"@id\":\"https:\\\/\\\/www.concert-hosteldieu.com\\\/nos-artistes-invites\\\/christophe-waksmann\\\/\",\"url\":\"https:\\\/\\\/www.concert-hosteldieu.com\\\/nos-artistes-invites\\\/christophe-waksmann\\\/\",\"name\":\"Christophe Waksmann - Le Concert de l&#039;Hostel Dieu\",\"isPartOf\":{\"@id\":\"https:\\\/\\\/www.concert-hosteldieu.com\\\/#website\"},\"primaryImageOfPage\":{\"@id\":\"https:\\\/\\\/www.concert-hosteldieu.com\\\/nos-artistes-invites\\\/christophe-waksmann\\\/#primaryimage\"},\"image\":{\"@id\":\"https:\\\/\\\/www.concert-hosteldieu.com\\\/nos-artistes-invites\\\/christophe-waksmann\\\/#primaryimage\"},\"thumbnailUrl\":\"https:\\\/\\\/www.concert-hosteldieu.com\\\/wp-content\\\/uploads\\\/2025\\\/02\\\/wacksmann_photo_1.jpg\",\"datePublished\":\"2025-02-06T10:08:21+00:00\",\"dateModified\":\"2025-02-06T10:25:16+00:00\",\"description\":\"Retrouvez la metteuse en sc\u00e8ne B\u00e9r\u00e9nice Collet dans deux productions du Concert de l'Hostel Dieu : FugaCit\u00e9s & Talestri, Reine des Amazones.\",\"breadcrumb\":{\"@id\":\"https:\\\/\\\/www.concert-hosteldieu.com\\\/nos-artistes-invites\\\/christophe-waksmann\\\/#breadcrumb\"},\"inLanguage\":\"en-GB\",\"potentialAction\":[{\"@type\":\"ReadAction\",\"target\":[\"https:\\\/\\\/www.concert-hosteldieu.com\\\/nos-artistes-invites\\\/christophe-waksmann\\\/\"]}]},{\"@type\":\"ImageObject\",\"inLanguage\":\"en-GB\",\"@id\":\"https:\\\/\\\/www.concert-hosteldieu.com\\\/nos-artistes-invites\\\/christophe-waksmann\\\/#primaryimage\",\"url\":\"https:\\\/\\\/www.concert-hosteldieu.com\\\/wp-content\\\/uploads\\\/2025\\\/02\\\/wacksmann_photo_1.jpg\",\"contentUrl\":\"https:\\\/\\\/www.concert-hosteldieu.com\\\/wp-content\\\/uploads\\\/2025\\\/02\\\/wacksmann_photo_1.jpg\",\"width\":1500,\"height\":1000},{\"@type\":\"BreadcrumbList\",\"@id\":\"https:\\\/\\\/www.concert-hosteldieu.com\\\/nos-artistes-invites\\\/christophe-waksmann\\\/#breadcrumb\",\"itemListElement\":[{\"@type\":\"ListItem\",\"position\":1,\"name\":\"Accueil\",\"item\":\"https:\\\/\\\/www.concert-hosteldieu.com\\\/\"},{\"@type\":\"ListItem\",\"position\":2,\"name\":\"Nos artistes invit\u00e9s\",\"item\":\"https:\\\/\\\/www.concert-hosteldieu.com\\\/nos-artistes-invites\\\/\"},{\"@type\":\"ListItem\",\"position\":3,\"name\":\"Christophe Waksmann\"}]},{\"@type\":\"WebSite\",\"@id\":\"https:\\\/\\\/www.concert-hosteldieu.com\\\/#website\",\"url\":\"https:\\\/\\\/www.concert-hosteldieu.com\\\/\",\"name\":\"Le Concert de l&#039;Hostel Dieu\",\"description\":\"Franck-Emmanuel Comte\",\"publisher\":{\"@id\":\"https:\\\/\\\/www.concert-hosteldieu.com\\\/#organization\"},\"potentialAction\":[{\"@type\":\"SearchAction\",\"target\":{\"@type\":\"EntryPoint\",\"urlTemplate\":\"https:\\\/\\\/www.concert-hosteldieu.com\\\/?s={search_term_string}\"},\"query-input\":{\"@type\":\"PropertyValueSpecification\",\"valueRequired\":true,\"valueName\":\"search_term_string\"}}],\"inLanguage\":\"en-GB\"},{\"@type\":\"Organization\",\"@id\":\"https:\\\/\\\/www.concert-hosteldieu.com\\\/#organization\",\"name\":\"Le Concert de l'Hostel Dieu\",\"url\":\"https:\\\/\\\/www.concert-hosteldieu.com\\\/\",\"logo\":{\"@type\":\"ImageObject\",\"inLanguage\":\"en-GB\",\"@id\":\"https:\\\/\\\/www.concert-hosteldieu.com\\\/#\\\/schema\\\/logo\\\/image\\\/\",\"url\":\"https:\\\/\\\/www.concert-hosteldieu.com\\\/wp-content\\\/uploads\\\/2021\\\/06\\\/logo-chd-noir-transparent.png\",\"contentUrl\":\"https:\\\/\\\/www.concert-hosteldieu.com\\\/wp-content\\\/uploads\\\/2021\\\/06\\\/logo-chd-noir-transparent.png\",\"width\":262,\"height\":106,\"caption\":\"Le Concert de l'Hostel Dieu\"},\"image\":{\"@id\":\"https:\\\/\\\/www.concert-hosteldieu.com\\\/#\\\/schema\\\/logo\\\/image\\\/\"},\"sameAs\":[\"https:\\\/\\\/www.facebook.com\\\/leconcert.delhosteldieu\",\"https:\\\/\\\/x.com\\\/CHDLyon\",\"https:\\\/\\\/instagram.com\\\/concert_hostel_dieu\",\"https:\\\/\\\/www.linkedin.com\\\/company\\\/le-concert-de-l'hostel-dieu\\\/\",\"https:\\\/\\\/www.youtube.com\\\/user\\\/CHDLyon\"]}]}<\/script>\n<!-- \/ Yoast SEO plugin. -->","yoast_head_json":{"title":"Christophe Waksmann - Le Concert de l&#039;Hostel Dieu","description":"Retrouvez la metteuse en sc\u00e8ne B\u00e9r\u00e9nice Collet dans deux productions du Concert de l'Hostel Dieu : FugaCit\u00e9s & Talestri, Reine des Amazones.","robots":{"index":"index","follow":"follow","max-snippet":"max-snippet:-1","max-image-preview":"max-image-preview:large","max-video-preview":"max-video-preview:-1"},"canonical":"https:\/\/www.concert-hosteldieu.com\/en\/nos-artistes-invites\/christophe-waksmann\/","og_locale":"en_GB","og_type":"article","og_title":"Christophe Waksmann - Le Concert de l&#039;Hostel Dieu","og_description":"Retrouvez la metteuse en sc\u00e8ne B\u00e9r\u00e9nice Collet dans deux productions du Concert de l'Hostel Dieu : FugaCit\u00e9s & Talestri, Reine des Amazones.","og_url":"https:\/\/www.concert-hosteldieu.com\/en\/nos-artistes-invites\/christophe-waksmann\/","og_site_name":"Le Concert de l&#039;Hostel Dieu","article_publisher":"https:\/\/www.facebook.com\/leconcert.delhosteldieu","article_modified_time":"2025-02-06T10:25:16+00:00","og_image":[{"width":1500,"height":1000,"url":"https:\/\/www.concert-hosteldieu.com\/wp-content\/uploads\/2025\/02\/wacksmann_photo_1.jpg","type":"image\/jpeg"}],"twitter_misc":{"Estimated reading time":"2 minutes"},"schema":{"@context":"https:\/\/schema.org","@graph":[{"@type":"WebPage","@id":"https:\/\/www.concert-hosteldieu.com\/nos-artistes-invites\/christophe-waksmann\/","url":"https:\/\/www.concert-hosteldieu.com\/nos-artistes-invites\/christophe-waksmann\/","name":"Christophe Waksmann - Le Concert de l&#039;Hostel Dieu","isPartOf":{"@id":"https:\/\/www.concert-hosteldieu.com\/#website"},"primaryImageOfPage":{"@id":"https:\/\/www.concert-hosteldieu.com\/nos-artistes-invites\/christophe-waksmann\/#primaryimage"},"image":{"@id":"https:\/\/www.concert-hosteldieu.com\/nos-artistes-invites\/christophe-waksmann\/#primaryimage"},"thumbnailUrl":"https:\/\/www.concert-hosteldieu.com\/wp-content\/uploads\/2025\/02\/wacksmann_photo_1.jpg","datePublished":"2025-02-06T10:08:21+00:00","dateModified":"2025-02-06T10:25:16+00:00","description":"Retrouvez la metteuse en sc\u00e8ne B\u00e9r\u00e9nice Collet dans deux productions du Concert de l'Hostel Dieu : FugaCit\u00e9s & Talestri, Reine des Amazones.","breadcrumb":{"@id":"https:\/\/www.concert-hosteldieu.com\/nos-artistes-invites\/christophe-waksmann\/#breadcrumb"},"inLanguage":"en-GB","potentialAction":[{"@type":"ReadAction","target":["https:\/\/www.concert-hosteldieu.com\/nos-artistes-invites\/christophe-waksmann\/"]}]},{"@type":"ImageObject","inLanguage":"en-GB","@id":"https:\/\/www.concert-hosteldieu.com\/nos-artistes-invites\/christophe-waksmann\/#primaryimage","url":"https:\/\/www.concert-hosteldieu.com\/wp-content\/uploads\/2025\/02\/wacksmann_photo_1.jpg","contentUrl":"https:\/\/www.concert-hosteldieu.com\/wp-content\/uploads\/2025\/02\/wacksmann_photo_1.jpg","width":1500,"height":1000},{"@type":"BreadcrumbList","@id":"https:\/\/www.concert-hosteldieu.com\/nos-artistes-invites\/christophe-waksmann\/#breadcrumb","itemListElement":[{"@type":"ListItem","position":1,"name":"Accueil","item":"https:\/\/www.concert-hosteldieu.com\/"},{"@type":"ListItem","position":2,"name":"Nos artistes invit\u00e9s","item":"https:\/\/www.concert-hosteldieu.com\/nos-artistes-invites\/"},{"@type":"ListItem","position":3,"name":"Christophe Waksmann"}]},{"@type":"WebSite","@id":"https:\/\/www.concert-hosteldieu.com\/#website","url":"https:\/\/www.concert-hosteldieu.com\/","name":"Le Concert de l&#039;Hostel Dieu","description":"Franck-Emmanuel Comte","publisher":{"@id":"https:\/\/www.concert-hosteldieu.com\/#organization"},"potentialAction":[{"@type":"SearchAction","target":{"@type":"EntryPoint","urlTemplate":"https:\/\/www.concert-hosteldieu.com\/?s={search_term_string}"},"query-input":{"@type":"PropertyValueSpecification","valueRequired":true,"valueName":"search_term_string"}}],"inLanguage":"en-GB"},{"@type":"Organization","@id":"https:\/\/www.concert-hosteldieu.com\/#organization","name":"Le Concert de l'Hostel Dieu","url":"https:\/\/www.concert-hosteldieu.com\/","logo":{"@type":"ImageObject","inLanguage":"en-GB","@id":"https:\/\/www.concert-hosteldieu.com\/#\/schema\/logo\/image\/","url":"https:\/\/www.concert-hosteldieu.com\/wp-content\/uploads\/2021\/06\/logo-chd-noir-transparent.png","contentUrl":"https:\/\/www.concert-hosteldieu.com\/wp-content\/uploads\/2021\/06\/logo-chd-noir-transparent.png","width":262,"height":106,"caption":"Le Concert de l'Hostel Dieu"},"image":{"@id":"https:\/\/www.concert-hosteldieu.com\/#\/schema\/logo\/image\/"},"sameAs":["https:\/\/www.facebook.com\/leconcert.delhosteldieu","https:\/\/x.com\/CHDLyon","https:\/\/instagram.com\/concert_hostel_dieu","https:\/\/www.linkedin.com\/company\/le-concert-de-l'hostel-dieu\/","https:\/\/www.youtube.com\/user\/CHDLyon"]}]}},"_links":{"self":[{"href":"https:\/\/www.concert-hosteldieu.com\/en\/wp-json\/wp\/v2\/pages\/22832","targetHints":{"allow":["GET"]}}],"collection":[{"href":"https:\/\/www.concert-hosteldieu.com\/en\/wp-json\/wp\/v2\/pages"}],"about":[{"href":"https:\/\/www.concert-hosteldieu.com\/en\/wp-json\/wp\/v2\/types\/page"}],"author":[{"embeddable":true,"href":"https:\/\/www.concert-hosteldieu.com\/en\/wp-json\/wp\/v2\/users\/2776"}],"replies":[{"embeddable":true,"href":"https:\/\/www.concert-hosteldieu.com\/en\/wp-json\/wp\/v2\/comments?post=22832"}],"version-history":[{"count":5,"href":"https:\/\/www.concert-hosteldieu.com\/en\/wp-json\/wp\/v2\/pages\/22832\/revisions"}],"predecessor-version":[{"id":22840,"href":"https:\/\/www.concert-hosteldieu.com\/en\/wp-json\/wp\/v2\/pages\/22832\/revisions\/22840"}],"up":[{"embeddable":true,"href":"https:\/\/www.concert-hosteldieu.com\/en\/wp-json\/wp\/v2\/pages\/12628"}],"wp:featuredmedia":[{"embeddable":true,"href":"https:\/\/www.concert-hosteldieu.com\/en\/wp-json\/wp\/v2\/media\/22834"}],"wp:attachment":[{"href":"https:\/\/www.concert-hosteldieu.com\/en\/wp-json\/wp\/v2\/media?parent=22832"}],"wp:term":[{"taxonomy":"category","embeddable":true,"href":"https:\/\/www.concert-hosteldieu.com\/en\/wp-json\/wp\/v2\/categories?post=22832"},{"taxonomy":"post_tag","embeddable":true,"href":"https:\/\/www.concert-hosteldieu.com\/en\/wp-json\/wp\/v2\/tags?post=22832"}],"curies":[{"name":"wp","href":"https:\/\/api.w.org\/{rel}","templated":true}]}}