{"id":21636,"date":"2024-01-31T11:26:15","date_gmt":"2024-01-31T10:26:15","guid":{"rendered":"https:\/\/www.concert-hosteldieu.com\/?page_id=21636"},"modified":"2024-01-31T11:26:15","modified_gmt":"2024-01-31T10:26:15","slug":"xavier-sabata","status":"publish","type":"page","link":"https:\/\/www.concert-hosteldieu.com\/en\/nos-musiciens\/xavier-sabata\/","title":{"rendered":"Xavier Sabata"},"content":{"rendered":"<h2>\n\t\t\t\tXavier Sabata\n\t\t\t<\/h2>\n\t\t\t<h4>Countertenor<\/h4>\t\n\t<p>Le contre-t\u00e9nor catalan Xavier Sabata a suivi une formation d&rsquo;acteur \u00e0 l&rsquo;Institut del Teatre de Barcelone avant d&rsquo;\u00e9tudier le chant \u00e0 l&rsquo;Escola Superior de Musica Catalunya et \u00e0 la Musikhochschule de Karlsruhe.<\/p>\n<p>Les productions lyriques l&rsquo;ont conduit dans les plus grandes maisons d&rsquo;op\u00e9ra du monde, notamment le Teatro Real de Madrid, le Liceu \u00e0 Barcelone, le Th\u00e9\u00e2tre des Champs-\u00c9lys\u00e9es \u00e0 Paris, la Staatsoper Unter den Linden \u00e0 Berlin, le Theater an der Wien \u00e0 Vienne, la Fenice \u00e0 Venise, le Grand Th\u00e9\u00e2tre de Gen\u00e8ve, la Staatsoper de Vienne. En 2019, Xavier a \u00e9t\u00e9 nomm\u00e9 meilleur artiste masculin aux International Opera Awards.<\/p>\n<p class=\"translation-block\">Sabata's repertoire spans from Cavalli and Monterverdi over the heroes of baroque <em>opera seria<\/em> to contemporary works. Recent roles have included Bertarido in Handel <em>Rodelinda<\/em> with Claus Guth under Stefano Montanari at Op\u00e9ra de Lyon, as well as at Teatro Municipal de Santiago, Chile; Ottone in a revival of Monteverdi <em>L\u2019incoronazione di Poppea<\/em> under Diego Fasolis at Staatsoper Unter den Linden; Endimione in <em>La Calisto<\/em> directed by David Alden with Ivor Bolton at Teatro Real, Madrid; the world premiere of <em>L\u2019enigma di Lea<\/em> at Gran Teatre del Liceu, Barcelona; title role in Handel <em>Rinaldo<\/em> on a European tour with Christophe Rousset and the Kammerorchester Basel.<\/p>\n<p>Il s&rsquo;est produit avec des ensembles tels que Les Arts Florissants, Europa Galante, Collegium 1704, Venice Baroque Orchestra, Il Pomo d&rsquo;Oro, Orquesta Barroca Sevilla et La Folia Barockorchester. Il s&rsquo;est produit en concert au Concertgebouw d&rsquo;Amsterdam, au Barbican Centre et au Wigmore Hall de Londres, au Lincoln Center de New York, au Kennedy Center de Washington, salle Tcha\u00efkovski \u00e0 Moscou, \u00e0 l&rsquo;Auditorio Nacional de Madrid, au Palau de la M\u00fasica de Barcelone, ainsi qu&rsquo;au Festival H\u00e4ndel de Halle, au Festival de Salzbourg, au Festival d&rsquo;Aix-en- Provence, au Festival de musique ancienne d&rsquo;Innsbruck, aux Musikfestspiele de Dresde.<\/p>\n<p class=\"translation-block\">His extensive discography under major labels such as Virgin Classics\/EMI, Decca, Harmonia Mundi Iberica and Apart\u00e9 includes recordings of Handel's Operas, <em>Faramando<\/em>, <em>Arminio<\/em>, <em>Ottone<\/em>, the internationally-awarded recording of <em>Alessandro<\/em> receiving eleven awards as well as <em>Tamerlano<\/em> in which Xavier Sabata sings the leading role.<\/p>\n<h4>\n\t\tMeet Xavier Sabata in:\n\t<\/h4>\n\t\t\t\t<a href=\"https:\/\/www.concert-hosteldieu.com\/en\/nos-projets-en-creation\/furioso\/\" target=\"_self\" itemprop=\"url\" rel=\"noopener\">\n\t\t\t\t<img loading=\"lazy\" decoding=\"async\" src=\"https:\/\/www.concert-hosteldieu.com\/wp-content\/uploads\/2024\/01\/Illustration-Furioso.png\" alt=\"Illustration Furioso\" itemprop=\"image\" height=\"1181\" width=\"1772\" title=\"Illustration Furioso\" onerror=\"this.style.display='none'\"  \/>\n\t\t\t\t<\/a>\n\t<h3>\n\t\t\t\t<a href=\"https:\/\/www.concert-hosteldieu.com\/en\/nos-projets-en-creation\/furioso\/\" title=\"Furioso\" target=\"_self\" rel=\"noopener\">\n\t\t\t\tFurioso\n\t\t\t\t<\/a>\n\t\t\t<\/h3>","protected":false},"excerpt":{"rendered":"<p>Xavier Sabata Contre-t\u00e9nor Le contre-t\u00e9nor catalan Xavier Sabata a suivi une formation d&rsquo;acteur \u00e0 l&rsquo;Institut del Teatre de Barcelone avant d&rsquo;\u00e9tudier le chant \u00e0 l&rsquo;Escola Superior de Musica Catalunya et \u00e0 la Musikhochschule de Karlsruhe. Les productions lyriques l&rsquo;ont conduit [&hellip;]<\/p>\n","protected":false},"author":2776,"featured_media":21637,"parent":12605,"menu_order":0,"comment_status":"closed","ping_status":"closed","template":"","meta":{"site-sidebar-layout":"no-sidebar","site-content-layout":"page-builder","ast-site-content-layout":"full-width-container","site-content-style":"unboxed","site-sidebar-style":"unboxed","ast-global-header-display":"","ast-banner-title-visibility":"","ast-main-header-display":"","ast-hfb-above-header-display":"","ast-hfb-below-header-display":"","ast-hfb-mobile-header-display":"","site-post-title":"disabled","ast-breadcrumbs-content":"","ast-featured-img":"disabled","footer-sml-layout":"","ast-disable-related-posts":"","theme-transparent-header-meta":"enabled","adv-header-id-meta":"","stick-header-meta":"default","header-above-stick-meta":"","header-main-stick-meta":"","header-below-stick-meta":"","astra-migrate-meta-layouts":"set","ast-page-background-enabled":"default","ast-page-background-meta":{"desktop":{"background-color":"","background-image":"","background-repeat":"repeat","background-position":"center center","background-size":"auto","background-attachment":"scroll","background-type":"","background-media":"","overlay-type":"","overlay-color":"","overlay-opacity":"","overlay-gradient":""},"tablet":{"background-color":"","background-image":"","background-repeat":"repeat","background-position":"center center","background-size":"auto","background-attachment":"scroll","background-type":"","background-media":"","overlay-type":"","overlay-color":"","overlay-opacity":"","overlay-gradient":""},"mobile":{"background-color":"","background-image":"","background-repeat":"repeat","background-position":"center center","background-size":"auto","background-attachment":"scroll","background-type":"","background-media":"","overlay-type":"","overlay-color":"","overlay-opacity":"","overlay-gradient":""}},"ast-content-background-meta":{"desktop":{"background-color":"var(--ast-global-color-5)","background-image":"","background-repeat":"repeat","background-position":"center center","background-size":"auto","background-attachment":"scroll","background-type":"","background-media":"","overlay-type":"","overlay-color":"","overlay-opacity":"","overlay-gradient":""},"tablet":{"background-color":"var(--ast-global-color-5)","background-image":"","background-repeat":"repeat","background-position":"center center","background-size":"auto","background-attachment":"scroll","background-type":"","background-media":"","overlay-type":"","overlay-color":"","overlay-opacity":"","overlay-gradient":""},"mobile":{"background-color":"var(--ast-global-color-5)","background-image":"","background-repeat":"repeat","background-position":"center center","background-size":"auto","background-attachment":"scroll","background-type":"","background-media":"","overlay-type":"","overlay-color":"","overlay-opacity":"","overlay-gradient":""}},"footnotes":""},"categories":[169,171],"tags":[],"class_list":["post-21636","page","type-page","status-publish","has-post-thumbnail","hentry","category-equipe-artistique","category-nosartistesinvites"],"yoast_head":"<!-- This site is optimized with the Yoast SEO plugin v27.6 - https:\/\/yoast.com\/product\/yoast-seo-wordpress\/ -->\n<title>Xavier Sabata - Le Concert de l&#039;Hostel Dieu<\/title>\n<meta name=\"robots\" content=\"index, follow, max-snippet:-1, max-image-preview:large, max-video-preview:-1\" \/>\n<link rel=\"canonical\" href=\"https:\/\/www.concert-hosteldieu.com\/en\/nos-musiciens\/xavier-sabata\/\" \/>\n<meta property=\"og:locale\" content=\"en_GB\" \/>\n<meta property=\"og:type\" content=\"article\" \/>\n<meta property=\"og:title\" content=\"Xavier Sabata - Le Concert de l&#039;Hostel Dieu\" \/>\n<meta property=\"og:description\" content=\"Xavier Sabata Contre-t\u00e9nor Le contre-t\u00e9nor catalan Xavier Sabata a suivi une formation d&rsquo;acteur \u00e0 l&rsquo;Institut del Teatre de Barcelone avant d&rsquo;\u00e9tudier le chant \u00e0 l&rsquo;Escola Superior de Musica Catalunya et \u00e0 la Musikhochschule de Karlsruhe. Les productions lyriques l&rsquo;ont conduit [&hellip;]\" \/>\n<meta property=\"og:url\" content=\"https:\/\/www.concert-hosteldieu.com\/en\/nos-musiciens\/xavier-sabata\/\" \/>\n<meta property=\"og:site_name\" content=\"Le Concert de l&#039;Hostel Dieu\" \/>\n<meta property=\"article:publisher\" content=\"https:\/\/www.facebook.com\/leconcert.delhosteldieu\" \/>\n<meta property=\"og:image\" content=\"https:\/\/www.concert-hosteldieu.com\/wp-content\/uploads\/2024\/01\/I23-X.Sabata_D.Espasa-115-01.jpg\" \/>\n\t<meta property=\"og:image:width\" content=\"1920\" \/>\n\t<meta property=\"og:image:height\" content=\"1281\" \/>\n\t<meta property=\"og:image:type\" content=\"image\/jpeg\" \/>\n<meta name=\"twitter:label1\" content=\"Estimated reading time\" \/>\n\t<meta name=\"twitter:data1\" content=\"4 minutes\" \/>\n<script type=\"application\/ld+json\" class=\"yoast-schema-graph\">{\"@context\":\"https:\\\/\\\/schema.org\",\"@graph\":[{\"@type\":\"WebPage\",\"@id\":\"https:\\\/\\\/www.concert-hosteldieu.com\\\/nos-musiciens\\\/xavier-sabata\\\/\",\"url\":\"https:\\\/\\\/www.concert-hosteldieu.com\\\/nos-musiciens\\\/xavier-sabata\\\/\",\"name\":\"Xavier Sabata - Le Concert de l&#039;Hostel Dieu\",\"isPartOf\":{\"@id\":\"https:\\\/\\\/www.concert-hosteldieu.com\\\/#website\"},\"primaryImageOfPage\":{\"@id\":\"https:\\\/\\\/www.concert-hosteldieu.com\\\/nos-musiciens\\\/xavier-sabata\\\/#primaryimage\"},\"image\":{\"@id\":\"https:\\\/\\\/www.concert-hosteldieu.com\\\/nos-musiciens\\\/xavier-sabata\\\/#primaryimage\"},\"thumbnailUrl\":\"https:\\\/\\\/www.concert-hosteldieu.com\\\/wp-content\\\/uploads\\\/2024\\\/01\\\/I23-X.Sabata_D.Espasa-115-01.jpg\",\"datePublished\":\"2024-01-31T10:26:15+00:00\",\"breadcrumb\":{\"@id\":\"https:\\\/\\\/www.concert-hosteldieu.com\\\/nos-musiciens\\\/xavier-sabata\\\/#breadcrumb\"},\"inLanguage\":\"en-GB\",\"potentialAction\":[{\"@type\":\"ReadAction\",\"target\":[\"https:\\\/\\\/www.concert-hosteldieu.com\\\/nos-musiciens\\\/xavier-sabata\\\/\"]}]},{\"@type\":\"ImageObject\",\"inLanguage\":\"en-GB\",\"@id\":\"https:\\\/\\\/www.concert-hosteldieu.com\\\/nos-musiciens\\\/xavier-sabata\\\/#primaryimage\",\"url\":\"https:\\\/\\\/www.concert-hosteldieu.com\\\/wp-content\\\/uploads\\\/2024\\\/01\\\/I23-X.Sabata_D.Espasa-115-01.jpg\",\"contentUrl\":\"https:\\\/\\\/www.concert-hosteldieu.com\\\/wp-content\\\/uploads\\\/2024\\\/01\\\/I23-X.Sabata_D.Espasa-115-01.jpg\",\"width\":1920,\"height\":1281,\"caption\":\"\u00a9 David Ruano\"},{\"@type\":\"BreadcrumbList\",\"@id\":\"https:\\\/\\\/www.concert-hosteldieu.com\\\/nos-musiciens\\\/xavier-sabata\\\/#breadcrumb\",\"itemListElement\":[{\"@type\":\"ListItem\",\"position\":1,\"name\":\"Accueil\",\"item\":\"https:\\\/\\\/www.concert-hosteldieu.com\\\/\"},{\"@type\":\"ListItem\",\"position\":2,\"name\":\"Nos musiciens\",\"item\":\"https:\\\/\\\/www.concert-hosteldieu.com\\\/nos-musiciens\\\/\"},{\"@type\":\"ListItem\",\"position\":3,\"name\":\"Xavier Sabata\"}]},{\"@type\":\"WebSite\",\"@id\":\"https:\\\/\\\/www.concert-hosteldieu.com\\\/#website\",\"url\":\"https:\\\/\\\/www.concert-hosteldieu.com\\\/\",\"name\":\"Le Concert de l&#039;Hostel Dieu\",\"description\":\"Franck-Emmanuel Comte\",\"publisher\":{\"@id\":\"https:\\\/\\\/www.concert-hosteldieu.com\\\/#organization\"},\"potentialAction\":[{\"@type\":\"SearchAction\",\"target\":{\"@type\":\"EntryPoint\",\"urlTemplate\":\"https:\\\/\\\/www.concert-hosteldieu.com\\\/?s={search_term_string}\"},\"query-input\":{\"@type\":\"PropertyValueSpecification\",\"valueRequired\":true,\"valueName\":\"search_term_string\"}}],\"inLanguage\":\"en-GB\"},{\"@type\":\"Organization\",\"@id\":\"https:\\\/\\\/www.concert-hosteldieu.com\\\/#organization\",\"name\":\"Le Concert de l'Hostel Dieu\",\"url\":\"https:\\\/\\\/www.concert-hosteldieu.com\\\/\",\"logo\":{\"@type\":\"ImageObject\",\"inLanguage\":\"en-GB\",\"@id\":\"https:\\\/\\\/www.concert-hosteldieu.com\\\/#\\\/schema\\\/logo\\\/image\\\/\",\"url\":\"https:\\\/\\\/www.concert-hosteldieu.com\\\/wp-content\\\/uploads\\\/2021\\\/06\\\/logo-chd-noir-transparent.png\",\"contentUrl\":\"https:\\\/\\\/www.concert-hosteldieu.com\\\/wp-content\\\/uploads\\\/2021\\\/06\\\/logo-chd-noir-transparent.png\",\"width\":262,\"height\":106,\"caption\":\"Le Concert de l'Hostel Dieu\"},\"image\":{\"@id\":\"https:\\\/\\\/www.concert-hosteldieu.com\\\/#\\\/schema\\\/logo\\\/image\\\/\"},\"sameAs\":[\"https:\\\/\\\/www.facebook.com\\\/leconcert.delhosteldieu\",\"https:\\\/\\\/x.com\\\/CHDLyon\",\"https:\\\/\\\/instagram.com\\\/concert_hostel_dieu\",\"https:\\\/\\\/www.linkedin.com\\\/company\\\/le-concert-de-l'hostel-dieu\\\/\",\"https:\\\/\\\/www.youtube.com\\\/user\\\/CHDLyon\"]}]}<\/script>\n<!-- \/ Yoast SEO plugin. -->","yoast_head_json":{"title":"Xavier Sabata - Le Concert de l&#039;Hostel Dieu","robots":{"index":"index","follow":"follow","max-snippet":"max-snippet:-1","max-image-preview":"max-image-preview:large","max-video-preview":"max-video-preview:-1"},"canonical":"https:\/\/www.concert-hosteldieu.com\/en\/nos-musiciens\/xavier-sabata\/","og_locale":"en_GB","og_type":"article","og_title":"Xavier Sabata - Le Concert de l&#039;Hostel Dieu","og_description":"Xavier Sabata Contre-t\u00e9nor Le contre-t\u00e9nor catalan Xavier Sabata a suivi une formation d&rsquo;acteur \u00e0 l&rsquo;Institut del Teatre de Barcelone avant d&rsquo;\u00e9tudier le chant \u00e0 l&rsquo;Escola Superior de Musica Catalunya et \u00e0 la Musikhochschule de Karlsruhe. Les productions lyriques l&rsquo;ont conduit [&hellip;]","og_url":"https:\/\/www.concert-hosteldieu.com\/en\/nos-musiciens\/xavier-sabata\/","og_site_name":"Le Concert de l&#039;Hostel Dieu","article_publisher":"https:\/\/www.facebook.com\/leconcert.delhosteldieu","og_image":[{"width":1920,"height":1281,"url":"https:\/\/www.concert-hosteldieu.com\/wp-content\/uploads\/2024\/01\/I23-X.Sabata_D.Espasa-115-01.jpg","type":"image\/jpeg"}],"twitter_misc":{"Estimated reading time":"4 minutes"},"schema":{"@context":"https:\/\/schema.org","@graph":[{"@type":"WebPage","@id":"https:\/\/www.concert-hosteldieu.com\/nos-musiciens\/xavier-sabata\/","url":"https:\/\/www.concert-hosteldieu.com\/nos-musiciens\/xavier-sabata\/","name":"Xavier Sabata - Le Concert de l&#039;Hostel Dieu","isPartOf":{"@id":"https:\/\/www.concert-hosteldieu.com\/#website"},"primaryImageOfPage":{"@id":"https:\/\/www.concert-hosteldieu.com\/nos-musiciens\/xavier-sabata\/#primaryimage"},"image":{"@id":"https:\/\/www.concert-hosteldieu.com\/nos-musiciens\/xavier-sabata\/#primaryimage"},"thumbnailUrl":"https:\/\/www.concert-hosteldieu.com\/wp-content\/uploads\/2024\/01\/I23-X.Sabata_D.Espasa-115-01.jpg","datePublished":"2024-01-31T10:26:15+00:00","breadcrumb":{"@id":"https:\/\/www.concert-hosteldieu.com\/nos-musiciens\/xavier-sabata\/#breadcrumb"},"inLanguage":"en-GB","potentialAction":[{"@type":"ReadAction","target":["https:\/\/www.concert-hosteldieu.com\/nos-musiciens\/xavier-sabata\/"]}]},{"@type":"ImageObject","inLanguage":"en-GB","@id":"https:\/\/www.concert-hosteldieu.com\/nos-musiciens\/xavier-sabata\/#primaryimage","url":"https:\/\/www.concert-hosteldieu.com\/wp-content\/uploads\/2024\/01\/I23-X.Sabata_D.Espasa-115-01.jpg","contentUrl":"https:\/\/www.concert-hosteldieu.com\/wp-content\/uploads\/2024\/01\/I23-X.Sabata_D.Espasa-115-01.jpg","width":1920,"height":1281,"caption":"\u00a9 David Ruano"},{"@type":"BreadcrumbList","@id":"https:\/\/www.concert-hosteldieu.com\/nos-musiciens\/xavier-sabata\/#breadcrumb","itemListElement":[{"@type":"ListItem","position":1,"name":"Accueil","item":"https:\/\/www.concert-hosteldieu.com\/"},{"@type":"ListItem","position":2,"name":"Nos musiciens","item":"https:\/\/www.concert-hosteldieu.com\/nos-musiciens\/"},{"@type":"ListItem","position":3,"name":"Xavier Sabata"}]},{"@type":"WebSite","@id":"https:\/\/www.concert-hosteldieu.com\/#website","url":"https:\/\/www.concert-hosteldieu.com\/","name":"Le Concert de l&#039;Hostel Dieu","description":"Franck-Emmanuel Comte","publisher":{"@id":"https:\/\/www.concert-hosteldieu.com\/#organization"},"potentialAction":[{"@type":"SearchAction","target":{"@type":"EntryPoint","urlTemplate":"https:\/\/www.concert-hosteldieu.com\/?s={search_term_string}"},"query-input":{"@type":"PropertyValueSpecification","valueRequired":true,"valueName":"search_term_string"}}],"inLanguage":"en-GB"},{"@type":"Organization","@id":"https:\/\/www.concert-hosteldieu.com\/#organization","name":"Le Concert de l'Hostel Dieu","url":"https:\/\/www.concert-hosteldieu.com\/","logo":{"@type":"ImageObject","inLanguage":"en-GB","@id":"https:\/\/www.concert-hosteldieu.com\/#\/schema\/logo\/image\/","url":"https:\/\/www.concert-hosteldieu.com\/wp-content\/uploads\/2021\/06\/logo-chd-noir-transparent.png","contentUrl":"https:\/\/www.concert-hosteldieu.com\/wp-content\/uploads\/2021\/06\/logo-chd-noir-transparent.png","width":262,"height":106,"caption":"Le Concert de l'Hostel Dieu"},"image":{"@id":"https:\/\/www.concert-hosteldieu.com\/#\/schema\/logo\/image\/"},"sameAs":["https:\/\/www.facebook.com\/leconcert.delhosteldieu","https:\/\/x.com\/CHDLyon","https:\/\/instagram.com\/concert_hostel_dieu","https:\/\/www.linkedin.com\/company\/le-concert-de-l'hostel-dieu\/","https:\/\/www.youtube.com\/user\/CHDLyon"]}]}},"_links":{"self":[{"href":"https:\/\/www.concert-hosteldieu.com\/en\/wp-json\/wp\/v2\/pages\/21636","targetHints":{"allow":["GET"]}}],"collection":[{"href":"https:\/\/www.concert-hosteldieu.com\/en\/wp-json\/wp\/v2\/pages"}],"about":[{"href":"https:\/\/www.concert-hosteldieu.com\/en\/wp-json\/wp\/v2\/types\/page"}],"author":[{"embeddable":true,"href":"https:\/\/www.concert-hosteldieu.com\/en\/wp-json\/wp\/v2\/users\/2776"}],"replies":[{"embeddable":true,"href":"https:\/\/www.concert-hosteldieu.com\/en\/wp-json\/wp\/v2\/comments?post=21636"}],"version-history":[{"count":2,"href":"https:\/\/www.concert-hosteldieu.com\/en\/wp-json\/wp\/v2\/pages\/21636\/revisions"}],"predecessor-version":[{"id":21641,"href":"https:\/\/www.concert-hosteldieu.com\/en\/wp-json\/wp\/v2\/pages\/21636\/revisions\/21641"}],"up":[{"embeddable":true,"href":"https:\/\/www.concert-hosteldieu.com\/en\/wp-json\/wp\/v2\/pages\/12605"}],"wp:featuredmedia":[{"embeddable":true,"href":"https:\/\/www.concert-hosteldieu.com\/en\/wp-json\/wp\/v2\/media\/21637"}],"wp:attachment":[{"href":"https:\/\/www.concert-hosteldieu.com\/en\/wp-json\/wp\/v2\/media?parent=21636"}],"wp:term":[{"taxonomy":"category","embeddable":true,"href":"https:\/\/www.concert-hosteldieu.com\/en\/wp-json\/wp\/v2\/categories?post=21636"},{"taxonomy":"post_tag","embeddable":true,"href":"https:\/\/www.concert-hosteldieu.com\/en\/wp-json\/wp\/v2\/tags?post=21636"}],"curies":[{"name":"wp","href":"https:\/\/api.w.org\/{rel}","templated":true}]}}