{"id":21241,"date":"2023-10-05T10:06:57","date_gmt":"2023-10-05T09:06:57","guid":{"rendered":"https:\/\/www.concert-hosteldieu.com\/?page_id=21241"},"modified":"2026-04-13T09:10:23","modified_gmt":"2026-04-13T08:10:23","slug":"baroque-au-feminin-2","status":"publish","type":"page","link":"https:\/\/www.concert-hosteldieu.com\/en\/nos-productions\/baroque-au-feminin-2\/","title":{"rendered":"The feminine baroque"},"content":{"rendered":"<h4>Program details<\/h4>\n\t\t\t<p><strong>1<sup>st<\/sup> part <em>\u2014 Amore divino<\/em><\/strong><\/p>\n<ol>\n<li><strong>Barbara Strozzi<\/strong><br \/><em>Oleum offusum<\/em><\/li>\n<li><strong>Isabella Leonarda<\/strong><br \/><em>Sonata Dodecima<\/em> &#8211; Adagio &#8211; allegro e presto<\/li>\n<li><strong>Tarquinio Merula <\/strong><br \/><em>Canzonetta Spirituale sopra alla nanna<\/em><\/li>\n<li><strong>Isabella Leonarda <\/strong><br \/><em>Sonata Dodecima <\/em>&#8211; Vivace e largo &#8211; Spiritoso &#8211; Aria Allegro &#8211; Veloce<\/li>\n<li><strong>Antonia Bembo<\/strong><br \/><em>Lamento della Vergine<\/em><\/li>\n<\/ol>\n<hr \/>\n<p><strong>2<sup>nd<\/sup> part <em>Badinages et drames \u00ab\u00a0alla francese\u00a0\u00bb<\/em><\/strong><\/p>\n<ol>\n<li><strong>Fran\u00e7oise-Charlotte de Saint-Nectaire<\/strong><br \/><em>On dit qu&rsquo;Amour vient surprendre<\/em> &amp; <em>Aux lois d&rsquo;Amour &#8211; airs de cour<\/em><\/li>\n<li><em><strong>Mademoiselle Duval<\/strong><br \/>Tambourin &#8211;<\/em> excerpt from <em>Les G\u00e9nies \u00c9l\u00e9mentaires<\/em><\/li>\n<li><strong>Julie Pinel<\/strong><br \/>Recitative<em> D\u00e9j\u00e0 la riante verdure<\/em> &amp; Air<em> Doux Rossignols<\/em> &#8211; extrait de la cantate <em>Le Printemps<\/em><\/li>\n<li><strong>Marc-Antoine Charpentier <\/strong><br \/><em>Sans frayeur<\/em><\/li>\n<li><strong>Elisabeth-Claude Jacquet de la Guerre<\/strong><br \/><em>Passepied <\/em>&#8211; extrait de la trag\u00e9die lyrique <em>C\u00e9phale et Procris<\/em><br \/>Recitative<em> Mais quel bruit \u00e9tonnant se r\u00e9pand <\/em>&amp; Air <em>Quel triomphe, quelle victoire !<\/em><br \/>Recitative<em> Je vois ce palais s&rsquo;enflammer <\/em>&#8211; extraits de la cantate <em>Sem\u00e9l\u00e9<\/em><\/li>\n<\/ol>\n\t\t\t\t\t\t<h4>Cast<\/h4>\n\t\t\t<p><a href=\"http:\/\/www.concert-hosteldieu.com\/en\/presentation\/lequipe-artistique\/heather-newhouse\/\" target=\"_blank\" rel=\"noopener noreferrer\">Heather Newhouse<\/a>, soprano (en alternance avec <a href=\"https:\/\/www.concert-hosteldieu.com\/en\/nos-artistes-invites\/adele-huber\/\" target=\"_blank\" rel=\"noopener\">Ad\u00e8le Huber<\/a>)<br \/><a href=\"http:\/\/www.concert-hosteldieu.com\/en\/presentation\/lequipe-artistique\/sayaka-shinoda\/\" target=\"_blank\" rel=\"noopener noreferrer\">Sayaka Shinoda<\/a>, violin<br \/><a href=\"https:\/\/www.concert-hosteldieu.com\/en\/nos-musiciens\/aude-walker-viry\/\" target=\"_blank\" rel=\"noopener noreferrer\">Aude Walker-Viry<\/a>, cello<br \/><a href=\"https:\/\/www.concert-hosteldieu.com\/en\/nos-musiciens\/nicolas-muzy\/\" target=\"_blank\" rel=\"noopener noreferrer\">Nicolas Muzy<\/a>, theorbo and guitar<br \/><a href=\"http:\/\/www.concert-hosteldieu.com\/en\/presentation\/lequipe-artistique\/franck-emmanuel-comte\/\" target=\"_blank\" rel=\"noopener noreferrer\">Franck-Emmanuel Comte<\/a>, harpsichord and musical direction<\/p>\n<p><strong>On stage:<\/strong><br \/>1 soloist and 4 instrumentalists<\/p>\n\t<p>Au d\u00e9but du XVIIe si\u00e8cle, l&rsquo;Italie conna\u00eet une v\u00e9ritable floraison de compositrices. Si certaines, comme <strong>Isabella Leonarda<\/strong>, font carri\u00e8re \u00e0 l&rsquo;ombre d&rsquo;un couvent, l&rsquo;Italie est aussi le pays des premi\u00e8res compositrices professionnelles assum\u00e9es, telles que<strong> Barbara Strozzi<\/strong>, figure symbolique du g\u00e9nie musical v\u00e9nitien, mais aussi d&rsquo;<strong>Antonia<\/strong> <strong>Bembo<\/strong>, moins connue mais tout aussi passionnante \u00e0 d\u00e9couvrir. <\/p>\n<p>Dans le m\u00eame temps, en France, l&rsquo;\u00e9ducation artistique et l&rsquo;apprentissage de la musique des jeunes filles de bonne famille sont incontournables, m\u00eame si celles-ci ne parviennent que tr\u00e8s exceptionnellement \u00e0 devenir professionnelles. La plus c\u00e9l\u00e8bre d&rsquo;entre elles est sans conteste <strong>\u00c9lisabeth-Claude Jacquet de la Guerre<\/strong>, prot\u00e9g\u00e9e du Roi Louis XIV. Compositrice de l&rsquo;un des rares op\u00e9ras compos\u00e9 par une femme et repr\u00e9sent\u00e9 \u00e0 l&rsquo;Op\u00e9ra de Paris, elle marque son si\u00e8cle de son g\u00e9nie et sera pour beaucoup de ses cons\u0153urs, source d&rsquo;inspiration, telles que <strong>Fran\u00e7oise de Saint-Nectaire<\/strong>,<strong> Julie Pinel<\/strong> ou encore <strong>Mademoiselle Duval<\/strong>. Autant de partitions oubli\u00e9es et de personnalit\u00e9s charismatiques \u00e0 d\u00e9couvrir&#8230;<\/p>\n<h4  id=\"image\">\n\t\t\tPICTURES\t<\/h4>\n<h4  id=\"vid\u00e9os\">\n\t\t\tWATCH\t<\/h4>\n\t\t\t\t\t<a href=\"https:\/\/www.youtube.com\/watch?si=bDCqOIN_LMBMsE_X&#038;v=mL35dSE2H8w&#038;feature=youtu.be\" aria-label=\"uabb-video-gallery\" data-fancybox=\"uabb-video-gallery\" data-url=\"https:\/\/www.youtube.com\/embed\/mL35dSE2H8w?autoplay=1&#038;version=3&#038;enablejsapi=1\"class=\"uabb-video-gallery-fancybox uabb-vg__play_full\">\t\t\t\t\t\t\n\t\t\t\t\t<\/a>\t\t\t\t\n\t\t\t\t\t\t<h4>Soutenu par<\/h4>\n\t\t\t<p>Avec le soutien de la <a href=\"https:\/\/www.spedidam.fr\/\" target=\"_blank\" rel=\"noopener\">SPEDIDAM<\/a>.<\/p>\n<p><img loading=\"lazy\" decoding=\"async\" src=\"https:\/\/www.concert-hosteldieu.com\/wp-content\/uploads\/2026\/03\/SPEDIDAM_new-300x150.png\" alt=\"\" width=\"180\" height=\"90\" \/><\/p>\n<h4  id=\"agenda\">\n\t\t\tCALENDAR\t<\/h4>\n<h4>\n\t\t\tAgenda &#8211; \u00c9v\u00e9nements pass\u00e9s\t<\/h4>\n<h4  id=\"artistes\">\n\t\t\tASSOCIATED ARTISTS\t<\/h4>\n\t\t\t\t\t\t\t\t\t\t\t\t\t\t<a href=\"https:\/\/www.concert-hosteldieu.com\/en\/nos-artistes-invites\/heather-newhouse\/\" target=\"_self\" title=\"Heather Newhouse\">\n\t\t\t\t<img decoding=\"async\" src=\"https:\/\/www.concert-hosteldieu.com\/wp-content\/uploads\/2025\/02\/Heather-Newhouse.jpg\" alt=\"\" \/>\n\t\t\t\t<\/a>\n\t\t\t\t\t\t<h3>\n\t\t\t\t<a href=\"https:\/\/www.concert-hosteldieu.com\/en\/nos-artistes-invites\/heather-newhouse\/\" title=\"Heather Newhouse\">Heather Newhouse<\/a>\t\t\t<\/h3>\n\t\t\t\t\t\t\t\t\t\t\t\t\t\t<a href=\"https:\/\/www.concert-hosteldieu.com\/en\/franck-emmanuel-comte\/\" target=\"_self\" title=\"Franck-Emmanuel Comte\">\n\t\t\t\t<img decoding=\"async\" src=\"https:\/\/www.concert-hosteldieu.com\/wp-content\/uploads\/2021\/07\/CHD-FE-Comte-portrait-Jean-Combier-6.jpg\" alt=\"Franck-Emmanuel Comte, directeur artistique du Concert de l&#039;Hostel Dieu\" \/>\n\t\t\t\t<\/a>\n\t\t\t\t\t\t<h3>\n\t\t\t\t<a href=\"https:\/\/www.concert-hosteldieu.com\/en\/franck-emmanuel-comte\/\" title=\"Franck-Emmanuel Comte\">Franck-Emmanuel Comte<\/a>\t\t\t<\/h3>\n\t\t\t\t\t\t\t\t\t\t\t\t\t\t<a href=\"https:\/\/www.concert-hosteldieu.com\/en\/nos-musiciens\/sayaka-shinoda\/\" target=\"_self\" title=\"Sayaka Shinoda\">\n\t\t\t\t<img decoding=\"async\" src=\"https:\/\/www.concert-hosteldieu.com\/wp-content\/uploads\/2021\/07\/Sayaka-Shinoda1\u00a9Julie-Cherki-1.jpg\" alt=\"\" \/>\n\t\t\t\t<\/a>\n\t\t\t\t\t\t<h3>\n\t\t\t\t<a href=\"https:\/\/www.concert-hosteldieu.com\/en\/nos-musiciens\/sayaka-shinoda\/\" title=\"Sayaka Shinoda\">Sayaka Shinoda<\/a>\t\t\t<\/h3>\n\t\t\t\t\t\t\t\t\t\t\t\t\t\t<a href=\"https:\/\/www.concert-hosteldieu.com\/en\/nos-musiciens\/aude-walker-viry\/\" target=\"_self\" title=\"Aude Walker-Viry\">\n\t\t\t\t<img decoding=\"async\" src=\"https:\/\/www.concert-hosteldieu.com\/wp-content\/uploads\/2021\/06\/GAM07756.jpg\" alt=\"\" \/>\n\t\t\t\t<\/a>\n\t\t\t\t\t\t<h3>\n\t\t\t\t<a href=\"https:\/\/www.concert-hosteldieu.com\/en\/nos-musiciens\/aude-walker-viry\/\" title=\"Aude Walker-Viry\">Aude Walker-Viry<\/a>\t\t\t<\/h3>\n\t\t\t\t\t\t\t\t\t\t\t\t\t\t<a href=\"https:\/\/www.concert-hosteldieu.com\/en\/nos-musiciens\/nicolas-muzy\/\" target=\"_self\" title=\"Nicolas Muzy\">\n\t\t\t\t<img decoding=\"async\" src=\"https:\/\/www.concert-hosteldieu.com\/wp-content\/uploads\/2021\/06\/Confluence-61_web.jpg\" alt=\"\" \/>\n\t\t\t\t<\/a>\n\t\t\t\t\t\t<h3>\n\t\t\t\t<a href=\"https:\/\/www.concert-hosteldieu.com\/en\/nos-musiciens\/nicolas-muzy\/\" title=\"Nicolas Muzy\">Nicolas Muzy<\/a>\t\t\t<\/h3>","protected":false},"excerpt":{"rendered":"<p>Programme 1\u00e8re partie : Amore divino Barbara StrozziOleum offusum Isabella LeonardaSonata Dodecima &#8211; Adagio &#8211; allegro e presto Tarquinio Merula Canzonetta Spirituale sopra alla nanna Isabella Leonarda Sonata Dodecima &#8211; Vivace e largo &#8211; Spiritoso &#8211; Aria Allegro &#8211; Veloce [&hellip;]<\/p>\n","protected":false},"author":2776,"featured_media":12923,"parent":23593,"menu_order":0,"comment_status":"closed","ping_status":"closed","template":"","meta":{"site-sidebar-layout":"default","site-content-layout":null,"ast-site-content-layout":"full-width-container","site-content-style":"unboxed","site-sidebar-style":"unboxed","ast-global-header-display":"","ast-banner-title-visibility":"","ast-main-header-display":"","ast-hfb-above-header-display":null,"ast-hfb-below-header-display":null,"ast-hfb-mobile-header-display":"","site-post-title":"disabled","ast-breadcrumbs-content":null,"ast-featured-img":"disabled","footer-sml-layout":"","ast-disable-related-posts":"","theme-transparent-header-meta":"default","adv-header-id-meta":"","stick-header-meta":"default","header-above-stick-meta":null,"header-main-stick-meta":"","header-below-stick-meta":null,"astra-migrate-meta-layouts":"set","ast-page-background-enabled":"default","ast-page-background-meta":{"desktop":{"background-color":"","background-image":"","background-repeat":"repeat","background-position":"center center","background-size":"auto","background-attachment":"scroll","background-type":"","background-media":"","overlay-type":"","overlay-color":"","overlay-opacity":"","overlay-gradient":""},"tablet":{"background-color":"","background-image":"","background-repeat":"repeat","background-position":"center center","background-size":"auto","background-attachment":"scroll","background-type":"","background-media":"","overlay-type":"","overlay-color":"","overlay-opacity":"","overlay-gradient":""},"mobile":{"background-color":"","background-image":"","background-repeat":"repeat","background-position":"center center","background-size":"auto","background-attachment":"scroll","background-type":"","background-media":"","overlay-type":"","overlay-color":"","overlay-opacity":"","overlay-gradient":""}},"ast-content-background-meta":{"desktop":{"background-color":"var(--ast-global-color-5)","background-image":"","background-repeat":"repeat","background-position":"center center","background-size":"auto","background-attachment":"scroll","background-type":"","background-media":"","overlay-type":"","overlay-color":"","overlay-opacity":"","overlay-gradient":""},"tablet":{"background-color":"var(--ast-global-color-5)","background-image":"","background-repeat":"repeat","background-position":"center center","background-size":"auto","background-attachment":"scroll","background-type":"","background-media":"","overlay-type":"","overlay-color":"","overlay-opacity":"","overlay-gradient":""},"mobile":{"background-color":"var(--ast-global-color-5)","background-image":"","background-repeat":"repeat","background-position":"center center","background-size":"auto","background-attachment":"scroll","background-type":"","background-media":"","overlay-type":"","overlay-color":"","overlay-opacity":"","overlay-gradient":""}},"footnotes":""},"categories":[451],"tags":[],"class_list":["post-21241","page","type-page","status-publish","has-post-thumbnail","hentry","category-nos-productions"],"yoast_head":"<!-- This site is optimized with the Yoast SEO plugin v27.5 - https:\/\/yoast.com\/product\/yoast-seo-wordpress\/ -->\n<title>Baroque au f\u00e9minin - Le Concert de l&#039;Hostel Dieu<\/title>\n<meta name=\"description\" content=\"D\u00e9couvrez La Donna Barocca, un programme qui s&#039;int\u00e9resse aux compositrices italiennes dans le cadre du projet Baroque au f\u00e9minin.\" \/>\n<meta name=\"robots\" content=\"index, follow, max-snippet:-1, max-image-preview:large, max-video-preview:-1\" \/>\n<link rel=\"canonical\" href=\"https:\/\/www.concert-hosteldieu.com\/en\/nos-productions\/baroque-au-feminin-2\/\" \/>\n<meta property=\"og:locale\" content=\"en_GB\" \/>\n<meta property=\"og:type\" content=\"article\" \/>\n<meta property=\"og:title\" content=\"Baroque au f\u00e9minin - Le Concert de l&#039;Hostel Dieu\" \/>\n<meta property=\"og:description\" content=\"D\u00e9couvrez La Donna Barocca, un programme qui s&#039;int\u00e9resse aux compositrices italiennes dans le cadre du projet Baroque au f\u00e9minin.\" \/>\n<meta property=\"og:url\" content=\"https:\/\/www.concert-hosteldieu.com\/en\/nos-productions\/baroque-au-feminin-2\/\" \/>\n<meta property=\"og:site_name\" content=\"Le Concert de l&#039;Hostel Dieu\" \/>\n<meta property=\"article:publisher\" content=\"https:\/\/www.facebook.com\/leconcert.delhosteldieu\" \/>\n<meta property=\"article:modified_time\" content=\"2026-04-13T08:10:23+00:00\" \/>\n<meta property=\"og:image\" content=\"https:\/\/www.concert-hosteldieu.com\/wp-content\/uploads\/2021\/06\/concert-hostel-dieu-baroque-au-feminin-a-cinq-credit-Julie-Cherki-1-hd.jpg\" \/>\n\t<meta property=\"og:image:width\" content=\"1920\" \/>\n\t<meta property=\"og:image:height\" content=\"1280\" \/>\n\t<meta property=\"og:image:type\" content=\"image\/jpeg\" \/>\n<meta name=\"twitter:label1\" content=\"Estimated reading time\" \/>\n\t<meta name=\"twitter:data1\" content=\"4 minutes\" \/>\n<script type=\"application\/ld+json\" class=\"yoast-schema-graph\">{\"@context\":\"https:\\\/\\\/schema.org\",\"@graph\":[{\"@type\":\"WebPage\",\"@id\":\"https:\\\/\\\/www.concert-hosteldieu.com\\\/nos-productions\\\/baroque-au-feminin-2\\\/\",\"url\":\"https:\\\/\\\/www.concert-hosteldieu.com\\\/nos-productions\\\/baroque-au-feminin-2\\\/\",\"name\":\"Baroque au f\u00e9minin - Le Concert de l&#039;Hostel Dieu\",\"isPartOf\":{\"@id\":\"https:\\\/\\\/www.concert-hosteldieu.com\\\/#website\"},\"primaryImageOfPage\":{\"@id\":\"https:\\\/\\\/www.concert-hosteldieu.com\\\/nos-productions\\\/baroque-au-feminin-2\\\/#primaryimage\"},\"image\":{\"@id\":\"https:\\\/\\\/www.concert-hosteldieu.com\\\/nos-productions\\\/baroque-au-feminin-2\\\/#primaryimage\"},\"thumbnailUrl\":\"https:\\\/\\\/www.concert-hosteldieu.com\\\/wp-content\\\/uploads\\\/2021\\\/06\\\/concert-hostel-dieu-baroque-au-feminin-a-cinq-credit-Julie-Cherki-1-hd.jpg\",\"datePublished\":\"2023-10-05T09:06:57+00:00\",\"dateModified\":\"2026-04-13T08:10:23+00:00\",\"description\":\"D\u00e9couvrez La Donna Barocca, un programme qui s'int\u00e9resse aux compositrices italiennes dans le cadre du projet Baroque au f\u00e9minin.\",\"breadcrumb\":{\"@id\":\"https:\\\/\\\/www.concert-hosteldieu.com\\\/nos-productions\\\/baroque-au-feminin-2\\\/#breadcrumb\"},\"inLanguage\":\"en-GB\",\"potentialAction\":[{\"@type\":\"ReadAction\",\"target\":[\"https:\\\/\\\/www.concert-hosteldieu.com\\\/nos-productions\\\/baroque-au-feminin-2\\\/\"]}]},{\"@type\":\"ImageObject\",\"inLanguage\":\"en-GB\",\"@id\":\"https:\\\/\\\/www.concert-hosteldieu.com\\\/nos-productions\\\/baroque-au-feminin-2\\\/#primaryimage\",\"url\":\"https:\\\/\\\/www.concert-hosteldieu.com\\\/wp-content\\\/uploads\\\/2021\\\/06\\\/concert-hostel-dieu-baroque-au-feminin-a-cinq-credit-Julie-Cherki-1-hd.jpg\",\"contentUrl\":\"https:\\\/\\\/www.concert-hosteldieu.com\\\/wp-content\\\/uploads\\\/2021\\\/06\\\/concert-hostel-dieu-baroque-au-feminin-a-cinq-credit-Julie-Cherki-1-hd.jpg\",\"width\":1920,\"height\":1280,\"caption\":\"Les artistes de La Donna Barocca pour Baroque au f\u00e9minin\"},{\"@type\":\"BreadcrumbList\",\"@id\":\"https:\\\/\\\/www.concert-hosteldieu.com\\\/nos-productions\\\/baroque-au-feminin-2\\\/#breadcrumb\",\"itemListElement\":[{\"@type\":\"ListItem\",\"position\":1,\"name\":\"Accueil\",\"item\":\"https:\\\/\\\/www.concert-hosteldieu.com\\\/\"},{\"@type\":\"ListItem\",\"position\":2,\"name\":\"Nos productions\",\"item\":\"https:\\\/\\\/www.concert-hosteldieu.com\\\/nos-productions\\\/\"},{\"@type\":\"ListItem\",\"position\":3,\"name\":\"Baroque au f\u00e9minin\"}]},{\"@type\":\"WebSite\",\"@id\":\"https:\\\/\\\/www.concert-hosteldieu.com\\\/#website\",\"url\":\"https:\\\/\\\/www.concert-hosteldieu.com\\\/\",\"name\":\"Le Concert de l&#039;Hostel Dieu\",\"description\":\"Franck-Emmanuel Comte\",\"publisher\":{\"@id\":\"https:\\\/\\\/www.concert-hosteldieu.com\\\/#organization\"},\"potentialAction\":[{\"@type\":\"SearchAction\",\"target\":{\"@type\":\"EntryPoint\",\"urlTemplate\":\"https:\\\/\\\/www.concert-hosteldieu.com\\\/?s={search_term_string}\"},\"query-input\":{\"@type\":\"PropertyValueSpecification\",\"valueRequired\":true,\"valueName\":\"search_term_string\"}}],\"inLanguage\":\"en-GB\"},{\"@type\":\"Organization\",\"@id\":\"https:\\\/\\\/www.concert-hosteldieu.com\\\/#organization\",\"name\":\"Le Concert de l'Hostel Dieu\",\"url\":\"https:\\\/\\\/www.concert-hosteldieu.com\\\/\",\"logo\":{\"@type\":\"ImageObject\",\"inLanguage\":\"en-GB\",\"@id\":\"https:\\\/\\\/www.concert-hosteldieu.com\\\/#\\\/schema\\\/logo\\\/image\\\/\",\"url\":\"https:\\\/\\\/www.concert-hosteldieu.com\\\/wp-content\\\/uploads\\\/2021\\\/06\\\/logo-chd-noir-transparent.png\",\"contentUrl\":\"https:\\\/\\\/www.concert-hosteldieu.com\\\/wp-content\\\/uploads\\\/2021\\\/06\\\/logo-chd-noir-transparent.png\",\"width\":262,\"height\":106,\"caption\":\"Le Concert de l'Hostel Dieu\"},\"image\":{\"@id\":\"https:\\\/\\\/www.concert-hosteldieu.com\\\/#\\\/schema\\\/logo\\\/image\\\/\"},\"sameAs\":[\"https:\\\/\\\/www.facebook.com\\\/leconcert.delhosteldieu\",\"https:\\\/\\\/x.com\\\/CHDLyon\",\"https:\\\/\\\/instagram.com\\\/concert_hostel_dieu\",\"https:\\\/\\\/www.linkedin.com\\\/company\\\/le-concert-de-l'hostel-dieu\\\/\",\"https:\\\/\\\/www.youtube.com\\\/user\\\/CHDLyon\"]}]}<\/script>\n<!-- \/ Yoast SEO plugin. -->","yoast_head_json":{"title":"Baroque au f\u00e9minin - Le Concert de l&#039;Hostel Dieu","description":"D\u00e9couvrez La Donna Barocca, un programme qui s'int\u00e9resse aux compositrices italiennes dans le cadre du projet Baroque au f\u00e9minin.","robots":{"index":"index","follow":"follow","max-snippet":"max-snippet:-1","max-image-preview":"max-image-preview:large","max-video-preview":"max-video-preview:-1"},"canonical":"https:\/\/www.concert-hosteldieu.com\/en\/nos-productions\/baroque-au-feminin-2\/","og_locale":"en_GB","og_type":"article","og_title":"Baroque au f\u00e9minin - Le Concert de l&#039;Hostel Dieu","og_description":"D\u00e9couvrez La Donna Barocca, un programme qui s'int\u00e9resse aux compositrices italiennes dans le cadre du projet Baroque au f\u00e9minin.","og_url":"https:\/\/www.concert-hosteldieu.com\/en\/nos-productions\/baroque-au-feminin-2\/","og_site_name":"Le Concert de l&#039;Hostel Dieu","article_publisher":"https:\/\/www.facebook.com\/leconcert.delhosteldieu","article_modified_time":"2026-04-13T08:10:23+00:00","og_image":[{"width":1920,"height":1280,"url":"https:\/\/www.concert-hosteldieu.com\/wp-content\/uploads\/2021\/06\/concert-hostel-dieu-baroque-au-feminin-a-cinq-credit-Julie-Cherki-1-hd.jpg","type":"image\/jpeg"}],"twitter_misc":{"Estimated reading time":"4 minutes"},"schema":{"@context":"https:\/\/schema.org","@graph":[{"@type":"WebPage","@id":"https:\/\/www.concert-hosteldieu.com\/nos-productions\/baroque-au-feminin-2\/","url":"https:\/\/www.concert-hosteldieu.com\/nos-productions\/baroque-au-feminin-2\/","name":"Baroque au f\u00e9minin - Le Concert de l&#039;Hostel Dieu","isPartOf":{"@id":"https:\/\/www.concert-hosteldieu.com\/#website"},"primaryImageOfPage":{"@id":"https:\/\/www.concert-hosteldieu.com\/nos-productions\/baroque-au-feminin-2\/#primaryimage"},"image":{"@id":"https:\/\/www.concert-hosteldieu.com\/nos-productions\/baroque-au-feminin-2\/#primaryimage"},"thumbnailUrl":"https:\/\/www.concert-hosteldieu.com\/wp-content\/uploads\/2021\/06\/concert-hostel-dieu-baroque-au-feminin-a-cinq-credit-Julie-Cherki-1-hd.jpg","datePublished":"2023-10-05T09:06:57+00:00","dateModified":"2026-04-13T08:10:23+00:00","description":"D\u00e9couvrez La Donna Barocca, un programme qui s'int\u00e9resse aux compositrices italiennes dans le cadre du projet Baroque au f\u00e9minin.","breadcrumb":{"@id":"https:\/\/www.concert-hosteldieu.com\/nos-productions\/baroque-au-feminin-2\/#breadcrumb"},"inLanguage":"en-GB","potentialAction":[{"@type":"ReadAction","target":["https:\/\/www.concert-hosteldieu.com\/nos-productions\/baroque-au-feminin-2\/"]}]},{"@type":"ImageObject","inLanguage":"en-GB","@id":"https:\/\/www.concert-hosteldieu.com\/nos-productions\/baroque-au-feminin-2\/#primaryimage","url":"https:\/\/www.concert-hosteldieu.com\/wp-content\/uploads\/2021\/06\/concert-hostel-dieu-baroque-au-feminin-a-cinq-credit-Julie-Cherki-1-hd.jpg","contentUrl":"https:\/\/www.concert-hosteldieu.com\/wp-content\/uploads\/2021\/06\/concert-hostel-dieu-baroque-au-feminin-a-cinq-credit-Julie-Cherki-1-hd.jpg","width":1920,"height":1280,"caption":"Les artistes de La Donna Barocca pour Baroque au f\u00e9minin"},{"@type":"BreadcrumbList","@id":"https:\/\/www.concert-hosteldieu.com\/nos-productions\/baroque-au-feminin-2\/#breadcrumb","itemListElement":[{"@type":"ListItem","position":1,"name":"Accueil","item":"https:\/\/www.concert-hosteldieu.com\/"},{"@type":"ListItem","position":2,"name":"Nos productions","item":"https:\/\/www.concert-hosteldieu.com\/nos-productions\/"},{"@type":"ListItem","position":3,"name":"Baroque au f\u00e9minin"}]},{"@type":"WebSite","@id":"https:\/\/www.concert-hosteldieu.com\/#website","url":"https:\/\/www.concert-hosteldieu.com\/","name":"Le Concert de l&#039;Hostel Dieu","description":"Franck-Emmanuel Comte","publisher":{"@id":"https:\/\/www.concert-hosteldieu.com\/#organization"},"potentialAction":[{"@type":"SearchAction","target":{"@type":"EntryPoint","urlTemplate":"https:\/\/www.concert-hosteldieu.com\/?s={search_term_string}"},"query-input":{"@type":"PropertyValueSpecification","valueRequired":true,"valueName":"search_term_string"}}],"inLanguage":"en-GB"},{"@type":"Organization","@id":"https:\/\/www.concert-hosteldieu.com\/#organization","name":"Le Concert de l'Hostel Dieu","url":"https:\/\/www.concert-hosteldieu.com\/","logo":{"@type":"ImageObject","inLanguage":"en-GB","@id":"https:\/\/www.concert-hosteldieu.com\/#\/schema\/logo\/image\/","url":"https:\/\/www.concert-hosteldieu.com\/wp-content\/uploads\/2021\/06\/logo-chd-noir-transparent.png","contentUrl":"https:\/\/www.concert-hosteldieu.com\/wp-content\/uploads\/2021\/06\/logo-chd-noir-transparent.png","width":262,"height":106,"caption":"Le Concert de l'Hostel Dieu"},"image":{"@id":"https:\/\/www.concert-hosteldieu.com\/#\/schema\/logo\/image\/"},"sameAs":["https:\/\/www.facebook.com\/leconcert.delhosteldieu","https:\/\/x.com\/CHDLyon","https:\/\/instagram.com\/concert_hostel_dieu","https:\/\/www.linkedin.com\/company\/le-concert-de-l'hostel-dieu\/","https:\/\/www.youtube.com\/user\/CHDLyon"]}]}},"_links":{"self":[{"href":"https:\/\/www.concert-hosteldieu.com\/en\/wp-json\/wp\/v2\/pages\/21241","targetHints":{"allow":["GET"]}}],"collection":[{"href":"https:\/\/www.concert-hosteldieu.com\/en\/wp-json\/wp\/v2\/pages"}],"about":[{"href":"https:\/\/www.concert-hosteldieu.com\/en\/wp-json\/wp\/v2\/types\/page"}],"author":[{"embeddable":true,"href":"https:\/\/www.concert-hosteldieu.com\/en\/wp-json\/wp\/v2\/users\/2776"}],"replies":[{"embeddable":true,"href":"https:\/\/www.concert-hosteldieu.com\/en\/wp-json\/wp\/v2\/comments?post=21241"}],"version-history":[{"count":6,"href":"https:\/\/www.concert-hosteldieu.com\/en\/wp-json\/wp\/v2\/pages\/21241\/revisions"}],"predecessor-version":[{"id":24211,"href":"https:\/\/www.concert-hosteldieu.com\/en\/wp-json\/wp\/v2\/pages\/21241\/revisions\/24211"}],"up":[{"embeddable":true,"href":"https:\/\/www.concert-hosteldieu.com\/en\/wp-json\/wp\/v2\/pages\/23593"}],"wp:featuredmedia":[{"embeddable":true,"href":"https:\/\/www.concert-hosteldieu.com\/en\/wp-json\/wp\/v2\/media\/12923"}],"wp:attachment":[{"href":"https:\/\/www.concert-hosteldieu.com\/en\/wp-json\/wp\/v2\/media?parent=21241"}],"wp:term":[{"taxonomy":"category","embeddable":true,"href":"https:\/\/www.concert-hosteldieu.com\/en\/wp-json\/wp\/v2\/categories?post=21241"},{"taxonomy":"post_tag","embeddable":true,"href":"https:\/\/www.concert-hosteldieu.com\/en\/wp-json\/wp\/v2\/tags?post=21241"}],"curies":[{"name":"wp","href":"https:\/\/api.w.org\/{rel}","templated":true}]}}