{"id":20533,"date":"2023-06-19T15:56:36","date_gmt":"2023-06-19T14:56:36","guid":{"rendered":"https:\/\/www.concert-hosteldieu.com\/?page_id=20533"},"modified":"2023-06-20T09:53:37","modified_gmt":"2023-06-20T08:53:37","slug":"vincent-beer-demander","status":"publish","type":"page","link":"https:\/\/www.concert-hosteldieu.com\/en\/nos-artistes-invites\/vincent-beer-demander\/","title":{"rendered":"Vincent Beer-Demander"},"content":{"rendered":"<h2>Vincent Beer-Demander<\/h2>\r\n<h4>Mandolinist<\/h4>\r\n<p>Concertiste, p\u00e9dagogue, compositeur, arrangeur, organisateur, directeur artistique et musical \u2026 Qui voudrait embrasser la prodigieuse diversit\u00e9 des activit\u00e9s du mandoliniste Vincent Beer-Demander s&rsquo;expose au risque d&rsquo;un vertige in\u00e9vitable.<\/p>\r\n<p>\u200bDu reste, le f\u00e9roce \u00e9clectisme de ses collaborations artistiques explose, en la d\u00e9multipliant, l&rsquo;image d&rsquo;un instrument longtemps fig\u00e9 dans un folklore populaire d\u00e9suet. Entre ses mains, le petit luth se trouve pris dans un jeu de miroirs, d\u00e9voilant des facettes inattendues, diffraction scintillante de possibles : de Vladimir Cosma \u00e0 R\u00e9gis Campo, d&rsquo;Andr\u00e9 Minvielle \u00e0 Richard Galliano, la galaxie explor\u00e9e est en permanente expansion, Vincent Beer-Demander se refusant \u00e0 imposer une limite \u00e0 sa curiosit\u00e9 insatiable et contin\u00fbment renouvel\u00e9e.<\/p>\r\n<p>On trouve dans cette joyeuse boulimie parfaitement assum\u00e9e la trace intacte d&rsquo;\u00e9motions d&rsquo;enfant, l&rsquo;\u00e9cho de r\u00e9v\u00e9lations qui d\u00e9cident d&rsquo;une vie : la rencontre avec Francis Morello, son premier professeur qui lui enseigne les rudiments, \u00e0 Toulouse, dans l&rsquo;\u00e9cole de musique qu&rsquo;en sage humaniste, il a cr\u00e9\u00e9 pour faire vivre les id\u00e9aux de l&rsquo;\u00e9ducation populaire. Le choc premier &#8211; une commotion, m\u00eame &#8211; devant la puissance et la sinc\u00e9rit\u00e9 de Freddy Mercury, le chanteur de Queen \u00e0 la carri\u00e8re m\u00e9t\u00e9orique et tragique.<\/p>\r\n<p>La musique sera une mani\u00e8re d&rsquo;\u00eatre au monde, de s&rsquo;y tenir, de dire son mot. Par cons\u00e9quent, tout lui c\u00e8de, et notamment la pratique du sport, jusqu&rsquo;alors intensive, dont il garde le go\u00fbt de l&rsquo;effort et l&rsquo;esprit combatif. Avec une \u00e9nergie hom\u00e9rique, Vincent Beer-Demander d\u00e9vore tout le r\u00e9pertoire et aff\u00fbte sa technique aupr\u00e8s de Florentino Calvo. Le ma\u00eetre lui ouvre les portes de sa classe au sein de l&rsquo;\u00c9cole Nationale d&rsquo;Argenteuil, haut-lieu de la mandoline en France tandis qu&rsquo;\u00e0 l&rsquo;\u00c9cole Normale de Musique de Paris, Alberto Ponce l&rsquo;accompagne jusqu&rsquo;\u00e0 la prestigieuse licence de concert qui n&rsquo;avait encore jamais \u00e9t\u00e9 d\u00e9cern\u00e9e \u00e0 un mandoliniste.<\/p>\r\n<p>Ceux qui fr\u00e9quentent le jeune musicien sentent l&rsquo;urgence d&rsquo;une vocation \u00e0 laquelle tout se soumet. D\u00e8s lors, la vie s&rsquo;acc\u00e9l\u00e8re et s&rsquo;intensifie : les premiers prix s&rsquo;amoncellent &#8211; sept en quatre ans &#8211; le go\u00fbt de la sc\u00e8ne se confirme, la stature du concertiste s&rsquo;impose au gr\u00e9 des tourn\u00e9es qui s&rsquo;encha\u00eenent, ponctu\u00e9es de commandes et de cr\u00e9ations, de collaborations tout azimut. En vingt ans de carri\u00e8re, on ne compte plus le nombre d&rsquo;\u00e9v\u00e9nements d\u00e9cisifs que Vincent Beer-Demander a port\u00e9, en France comme \u00e0 l&rsquo;\u00e9tranger, pour donner un avenir \u00e0 son instrument. Install\u00e9 \u00e0 Marseille, il a cr\u00e9\u00e9, comme son vieux mentor toulousain, une acad\u00e9mie populaire dans les quartiers ainsi qu&rsquo;une classe au Conservatoire de Marseille et au Conservatoire Royal de Li\u00e8ge pour l&rsquo;enseignement sup\u00e9rieur, attentif \u00e0 ce que le r\u00e9pertoire qu&rsquo;il a cr\u00e9\u00e9 se transmette et que la pratique de la mandoline, profond\u00e9ment renouvel\u00e9e, s&rsquo;ancre dans la vie musicale.<\/p>\r\n<h4>Meet Vincent Beer-Demander in:<\/h4>\r\n<p><a href=\"https:\/\/www.concert-hosteldieu.com\/en\/agenda\/noel-napolitain-2023-12-16\/\" target=\"_self\" rel=\"noopener\"> <img loading=\"lazy\" decoding=\"async\" title=\"No\u00ebl napolitain\" src=\"https:\/\/www.concert-hosteldieu.com\/wp-content\/uploads\/2023\/05\/noel.png\" alt=\"No\u00ebl napolitain\" width=\"601\" height=\"279\" \/> <\/a><\/p>\r\n<h3><a title=\"No\u00ebl napolitain\" href=\"https:\/\/www.concert-hosteldieu.com\/en\/agenda\/noel-napolitain-2023-12-16\/\" target=\"_self\" rel=\"noopener\"> No\u00ebl napolitain <\/a><\/h3>","protected":false},"excerpt":{"rendered":"<p>Vincent Beer-Demander Mandoliniste Concertiste, p\u00e9dagogue, compositeur, arrangeur, organisateur, directeur artistique et musical \u2026 Qui voudrait embrasser la prodigieuse diversit\u00e9 des activit\u00e9s du mandoliniste Vincent Beer-Demander s&rsquo;expose au risque d&rsquo;un vertige in\u00e9vitable. \u200bDu reste, le f\u00e9roce \u00e9clectisme de ses collaborations artistiques [&hellip;]<\/p>\n","protected":false},"author":2776,"featured_media":20534,"parent":12628,"menu_order":0,"comment_status":"closed","ping_status":"closed","template":"","meta":{"site-sidebar-layout":"no-sidebar","site-content-layout":"page-builder","ast-site-content-layout":"default","site-content-style":"default","site-sidebar-style":"default","ast-global-header-display":"","ast-banner-title-visibility":"","ast-main-header-display":"","ast-hfb-above-header-display":"","ast-hfb-below-header-display":"","ast-hfb-mobile-header-display":"","site-post-title":"disabled","ast-breadcrumbs-content":"","ast-featured-img":"disabled","footer-sml-layout":"","ast-disable-related-posts":"","theme-transparent-header-meta":"enabled","adv-header-id-meta":"","stick-header-meta":"default","header-above-stick-meta":"","header-main-stick-meta":"","header-below-stick-meta":"","astra-migrate-meta-layouts":"default","ast-page-background-enabled":"default","ast-page-background-meta":{"desktop":{"background-color":"","background-image":"","background-repeat":"repeat","background-position":"center center","background-size":"auto","background-attachment":"scroll","background-type":"","background-media":"","overlay-type":"","overlay-color":"","overlay-opacity":"","overlay-gradient":""},"tablet":{"background-color":"","background-image":"","background-repeat":"repeat","background-position":"center center","background-size":"auto","background-attachment":"scroll","background-type":"","background-media":"","overlay-type":"","overlay-color":"","overlay-opacity":"","overlay-gradient":""},"mobile":{"background-color":"","background-image":"","background-repeat":"repeat","background-position":"center center","background-size":"auto","background-attachment":"scroll","background-type":"","background-media":"","overlay-type":"","overlay-color":"","overlay-opacity":"","overlay-gradient":""}},"ast-content-background-meta":{"desktop":{"background-color":"var(--ast-global-color-5)","background-image":"","background-repeat":"repeat","background-position":"center center","background-size":"auto","background-attachment":"scroll","background-type":"","background-media":"","overlay-type":"","overlay-color":"","overlay-opacity":"","overlay-gradient":""},"tablet":{"background-color":"var(--ast-global-color-5)","background-image":"","background-repeat":"repeat","background-position":"center center","background-size":"auto","background-attachment":"scroll","background-type":"","background-media":"","overlay-type":"","overlay-color":"","overlay-opacity":"","overlay-gradient":""},"mobile":{"background-color":"var(--ast-global-color-5)","background-image":"","background-repeat":"repeat","background-position":"center center","background-size":"auto","background-attachment":"scroll","background-type":"","background-media":"","overlay-type":"","overlay-color":"","overlay-opacity":"","overlay-gradient":""}},"footnotes":""},"categories":[169,171],"tags":[],"class_list":["post-20533","page","type-page","status-publish","has-post-thumbnail","hentry","category-equipe-artistique","category-nosartistesinvites"],"yoast_head":"<!-- This site is optimized with the Yoast SEO plugin v27.6 - https:\/\/yoast.com\/product\/yoast-seo-wordpress\/ -->\n<title>Vincent Beer-Demander - Le Concert de l&#039;Hostel Dieu<\/title>\n<meta name=\"description\" content=\"Retrouvez le beatboxer Tiko dans FugaCit\u00e9s, la rencontre entre la musique baroque du Concert de l&#039;Hostel Dieu et les cultures urbaines.\" \/>\n<meta name=\"robots\" content=\"index, follow, max-snippet:-1, max-image-preview:large, max-video-preview:-1\" \/>\n<link rel=\"canonical\" href=\"https:\/\/www.concert-hosteldieu.com\/en\/nos-artistes-invites\/vincent-beer-demander\/\" \/>\n<meta property=\"og:locale\" content=\"en_GB\" \/>\n<meta property=\"og:type\" content=\"article\" \/>\n<meta property=\"og:title\" content=\"Vincent Beer-Demander - Le Concert de l&#039;Hostel Dieu\" \/>\n<meta property=\"og:description\" content=\"Retrouvez le beatboxer Tiko dans FugaCit\u00e9s, la rencontre entre la musique baroque du Concert de l&#039;Hostel Dieu et les cultures urbaines.\" \/>\n<meta property=\"og:url\" content=\"https:\/\/www.concert-hosteldieu.com\/en\/nos-artistes-invites\/vincent-beer-demander\/\" \/>\n<meta property=\"og:site_name\" content=\"Le Concert de l&#039;Hostel Dieu\" \/>\n<meta property=\"article:publisher\" content=\"https:\/\/www.facebook.com\/leconcert.delhosteldieu\" \/>\n<meta property=\"article:modified_time\" content=\"2023-06-20T08:53:37+00:00\" \/>\n<meta property=\"og:image\" content=\"https:\/\/www.concert-hosteldieu.com\/wp-content\/uploads\/2023\/06\/Vincent-Beer-Demander-\u00a9-Raphael-Arnaud.jpg\" \/>\n\t<meta property=\"og:image:width\" content=\"1920\" \/>\n\t<meta property=\"og:image:height\" content=\"1281\" \/>\n\t<meta property=\"og:image:type\" content=\"image\/jpeg\" \/>\n<meta name=\"twitter:label1\" content=\"Estimated reading time\" \/>\n\t<meta name=\"twitter:data1\" content=\"3 minutes\" \/>\n<script type=\"application\/ld+json\" class=\"yoast-schema-graph\">{\"@context\":\"https:\\\/\\\/schema.org\",\"@graph\":[{\"@type\":\"WebPage\",\"@id\":\"https:\\\/\\\/www.concert-hosteldieu.com\\\/nos-artistes-invites\\\/vincent-beer-demander\\\/\",\"url\":\"https:\\\/\\\/www.concert-hosteldieu.com\\\/nos-artistes-invites\\\/vincent-beer-demander\\\/\",\"name\":\"Vincent Beer-Demander - Le Concert de l&#039;Hostel Dieu\",\"isPartOf\":{\"@id\":\"https:\\\/\\\/www.concert-hosteldieu.com\\\/#website\"},\"primaryImageOfPage\":{\"@id\":\"https:\\\/\\\/www.concert-hosteldieu.com\\\/nos-artistes-invites\\\/vincent-beer-demander\\\/#primaryimage\"},\"image\":{\"@id\":\"https:\\\/\\\/www.concert-hosteldieu.com\\\/nos-artistes-invites\\\/vincent-beer-demander\\\/#primaryimage\"},\"thumbnailUrl\":\"https:\\\/\\\/www.concert-hosteldieu.com\\\/wp-content\\\/uploads\\\/2023\\\/06\\\/Vincent-Beer-Demander-\u00a9-Raphael-Arnaud.jpg\",\"datePublished\":\"2023-06-19T14:56:36+00:00\",\"dateModified\":\"2023-06-20T08:53:37+00:00\",\"description\":\"Retrouvez le beatboxer Tiko dans FugaCit\u00e9s, la rencontre entre la musique baroque du Concert de l'Hostel Dieu et les cultures urbaines.\",\"breadcrumb\":{\"@id\":\"https:\\\/\\\/www.concert-hosteldieu.com\\\/nos-artistes-invites\\\/vincent-beer-demander\\\/#breadcrumb\"},\"inLanguage\":\"en-GB\",\"potentialAction\":[{\"@type\":\"ReadAction\",\"target\":[\"https:\\\/\\\/www.concert-hosteldieu.com\\\/nos-artistes-invites\\\/vincent-beer-demander\\\/\"]}]},{\"@type\":\"ImageObject\",\"inLanguage\":\"en-GB\",\"@id\":\"https:\\\/\\\/www.concert-hosteldieu.com\\\/nos-artistes-invites\\\/vincent-beer-demander\\\/#primaryimage\",\"url\":\"https:\\\/\\\/www.concert-hosteldieu.com\\\/wp-content\\\/uploads\\\/2023\\\/06\\\/Vincent-Beer-Demander-\u00a9-Raphael-Arnaud.jpg\",\"contentUrl\":\"https:\\\/\\\/www.concert-hosteldieu.com\\\/wp-content\\\/uploads\\\/2023\\\/06\\\/Vincent-Beer-Demander-\u00a9-Raphael-Arnaud.jpg\",\"width\":1920,\"height\":1281,\"caption\":\"Le mandoliniste Vincent Beer-Demander\"},{\"@type\":\"BreadcrumbList\",\"@id\":\"https:\\\/\\\/www.concert-hosteldieu.com\\\/nos-artistes-invites\\\/vincent-beer-demander\\\/#breadcrumb\",\"itemListElement\":[{\"@type\":\"ListItem\",\"position\":1,\"name\":\"Accueil\",\"item\":\"https:\\\/\\\/www.concert-hosteldieu.com\\\/\"},{\"@type\":\"ListItem\",\"position\":2,\"name\":\"Nos artistes invit\u00e9s\",\"item\":\"https:\\\/\\\/www.concert-hosteldieu.com\\\/nos-artistes-invites\\\/\"},{\"@type\":\"ListItem\",\"position\":3,\"name\":\"Vincent Beer-Demander\"}]},{\"@type\":\"WebSite\",\"@id\":\"https:\\\/\\\/www.concert-hosteldieu.com\\\/#website\",\"url\":\"https:\\\/\\\/www.concert-hosteldieu.com\\\/\",\"name\":\"Le Concert de l&#039;Hostel Dieu\",\"description\":\"Franck-Emmanuel Comte\",\"publisher\":{\"@id\":\"https:\\\/\\\/www.concert-hosteldieu.com\\\/#organization\"},\"potentialAction\":[{\"@type\":\"SearchAction\",\"target\":{\"@type\":\"EntryPoint\",\"urlTemplate\":\"https:\\\/\\\/www.concert-hosteldieu.com\\\/?s={search_term_string}\"},\"query-input\":{\"@type\":\"PropertyValueSpecification\",\"valueRequired\":true,\"valueName\":\"search_term_string\"}}],\"inLanguage\":\"en-GB\"},{\"@type\":\"Organization\",\"@id\":\"https:\\\/\\\/www.concert-hosteldieu.com\\\/#organization\",\"name\":\"Le Concert de l'Hostel Dieu\",\"url\":\"https:\\\/\\\/www.concert-hosteldieu.com\\\/\",\"logo\":{\"@type\":\"ImageObject\",\"inLanguage\":\"en-GB\",\"@id\":\"https:\\\/\\\/www.concert-hosteldieu.com\\\/#\\\/schema\\\/logo\\\/image\\\/\",\"url\":\"https:\\\/\\\/www.concert-hosteldieu.com\\\/wp-content\\\/uploads\\\/2021\\\/06\\\/logo-chd-noir-transparent.png\",\"contentUrl\":\"https:\\\/\\\/www.concert-hosteldieu.com\\\/wp-content\\\/uploads\\\/2021\\\/06\\\/logo-chd-noir-transparent.png\",\"width\":262,\"height\":106,\"caption\":\"Le Concert de l'Hostel Dieu\"},\"image\":{\"@id\":\"https:\\\/\\\/www.concert-hosteldieu.com\\\/#\\\/schema\\\/logo\\\/image\\\/\"},\"sameAs\":[\"https:\\\/\\\/www.facebook.com\\\/leconcert.delhosteldieu\",\"https:\\\/\\\/x.com\\\/CHDLyon\",\"https:\\\/\\\/instagram.com\\\/concert_hostel_dieu\",\"https:\\\/\\\/www.linkedin.com\\\/company\\\/le-concert-de-l'hostel-dieu\\\/\",\"https:\\\/\\\/www.youtube.com\\\/user\\\/CHDLyon\"]}]}<\/script>\n<!-- \/ Yoast SEO plugin. -->","yoast_head_json":{"title":"Vincent Beer-Demander - Le Concert de l&#039;Hostel Dieu","description":"Retrouvez le beatboxer Tiko dans FugaCit\u00e9s, la rencontre entre la musique baroque du Concert de l'Hostel Dieu et les cultures urbaines.","robots":{"index":"index","follow":"follow","max-snippet":"max-snippet:-1","max-image-preview":"max-image-preview:large","max-video-preview":"max-video-preview:-1"},"canonical":"https:\/\/www.concert-hosteldieu.com\/en\/nos-artistes-invites\/vincent-beer-demander\/","og_locale":"en_GB","og_type":"article","og_title":"Vincent Beer-Demander - Le Concert de l&#039;Hostel Dieu","og_description":"Retrouvez le beatboxer Tiko dans FugaCit\u00e9s, la rencontre entre la musique baroque du Concert de l'Hostel Dieu et les cultures urbaines.","og_url":"https:\/\/www.concert-hosteldieu.com\/en\/nos-artistes-invites\/vincent-beer-demander\/","og_site_name":"Le Concert de l&#039;Hostel Dieu","article_publisher":"https:\/\/www.facebook.com\/leconcert.delhosteldieu","article_modified_time":"2023-06-20T08:53:37+00:00","og_image":[{"width":1920,"height":1281,"url":"https:\/\/www.concert-hosteldieu.com\/wp-content\/uploads\/2023\/06\/Vincent-Beer-Demander-\u00a9-Raphael-Arnaud.jpg","type":"image\/jpeg"}],"twitter_misc":{"Estimated reading time":"3 minutes"},"schema":{"@context":"https:\/\/schema.org","@graph":[{"@type":"WebPage","@id":"https:\/\/www.concert-hosteldieu.com\/nos-artistes-invites\/vincent-beer-demander\/","url":"https:\/\/www.concert-hosteldieu.com\/nos-artistes-invites\/vincent-beer-demander\/","name":"Vincent Beer-Demander - Le Concert de l&#039;Hostel Dieu","isPartOf":{"@id":"https:\/\/www.concert-hosteldieu.com\/#website"},"primaryImageOfPage":{"@id":"https:\/\/www.concert-hosteldieu.com\/nos-artistes-invites\/vincent-beer-demander\/#primaryimage"},"image":{"@id":"https:\/\/www.concert-hosteldieu.com\/nos-artistes-invites\/vincent-beer-demander\/#primaryimage"},"thumbnailUrl":"https:\/\/www.concert-hosteldieu.com\/wp-content\/uploads\/2023\/06\/Vincent-Beer-Demander-\u00a9-Raphael-Arnaud.jpg","datePublished":"2023-06-19T14:56:36+00:00","dateModified":"2023-06-20T08:53:37+00:00","description":"Retrouvez le beatboxer Tiko dans FugaCit\u00e9s, la rencontre entre la musique baroque du Concert de l'Hostel Dieu et les cultures urbaines.","breadcrumb":{"@id":"https:\/\/www.concert-hosteldieu.com\/nos-artistes-invites\/vincent-beer-demander\/#breadcrumb"},"inLanguage":"en-GB","potentialAction":[{"@type":"ReadAction","target":["https:\/\/www.concert-hosteldieu.com\/nos-artistes-invites\/vincent-beer-demander\/"]}]},{"@type":"ImageObject","inLanguage":"en-GB","@id":"https:\/\/www.concert-hosteldieu.com\/nos-artistes-invites\/vincent-beer-demander\/#primaryimage","url":"https:\/\/www.concert-hosteldieu.com\/wp-content\/uploads\/2023\/06\/Vincent-Beer-Demander-\u00a9-Raphael-Arnaud.jpg","contentUrl":"https:\/\/www.concert-hosteldieu.com\/wp-content\/uploads\/2023\/06\/Vincent-Beer-Demander-\u00a9-Raphael-Arnaud.jpg","width":1920,"height":1281,"caption":"Le mandoliniste Vincent Beer-Demander"},{"@type":"BreadcrumbList","@id":"https:\/\/www.concert-hosteldieu.com\/nos-artistes-invites\/vincent-beer-demander\/#breadcrumb","itemListElement":[{"@type":"ListItem","position":1,"name":"Accueil","item":"https:\/\/www.concert-hosteldieu.com\/"},{"@type":"ListItem","position":2,"name":"Nos artistes invit\u00e9s","item":"https:\/\/www.concert-hosteldieu.com\/nos-artistes-invites\/"},{"@type":"ListItem","position":3,"name":"Vincent Beer-Demander"}]},{"@type":"WebSite","@id":"https:\/\/www.concert-hosteldieu.com\/#website","url":"https:\/\/www.concert-hosteldieu.com\/","name":"Le Concert de l&#039;Hostel Dieu","description":"Franck-Emmanuel Comte","publisher":{"@id":"https:\/\/www.concert-hosteldieu.com\/#organization"},"potentialAction":[{"@type":"SearchAction","target":{"@type":"EntryPoint","urlTemplate":"https:\/\/www.concert-hosteldieu.com\/?s={search_term_string}"},"query-input":{"@type":"PropertyValueSpecification","valueRequired":true,"valueName":"search_term_string"}}],"inLanguage":"en-GB"},{"@type":"Organization","@id":"https:\/\/www.concert-hosteldieu.com\/#organization","name":"Le Concert de l'Hostel Dieu","url":"https:\/\/www.concert-hosteldieu.com\/","logo":{"@type":"ImageObject","inLanguage":"en-GB","@id":"https:\/\/www.concert-hosteldieu.com\/#\/schema\/logo\/image\/","url":"https:\/\/www.concert-hosteldieu.com\/wp-content\/uploads\/2021\/06\/logo-chd-noir-transparent.png","contentUrl":"https:\/\/www.concert-hosteldieu.com\/wp-content\/uploads\/2021\/06\/logo-chd-noir-transparent.png","width":262,"height":106,"caption":"Le Concert de l'Hostel Dieu"},"image":{"@id":"https:\/\/www.concert-hosteldieu.com\/#\/schema\/logo\/image\/"},"sameAs":["https:\/\/www.facebook.com\/leconcert.delhosteldieu","https:\/\/x.com\/CHDLyon","https:\/\/instagram.com\/concert_hostel_dieu","https:\/\/www.linkedin.com\/company\/le-concert-de-l'hostel-dieu\/","https:\/\/www.youtube.com\/user\/CHDLyon"]}]}},"_links":{"self":[{"href":"https:\/\/www.concert-hosteldieu.com\/en\/wp-json\/wp\/v2\/pages\/20533","targetHints":{"allow":["GET"]}}],"collection":[{"href":"https:\/\/www.concert-hosteldieu.com\/en\/wp-json\/wp\/v2\/pages"}],"about":[{"href":"https:\/\/www.concert-hosteldieu.com\/en\/wp-json\/wp\/v2\/types\/page"}],"author":[{"embeddable":true,"href":"https:\/\/www.concert-hosteldieu.com\/en\/wp-json\/wp\/v2\/users\/2776"}],"replies":[{"embeddable":true,"href":"https:\/\/www.concert-hosteldieu.com\/en\/wp-json\/wp\/v2\/comments?post=20533"}],"version-history":[{"count":3,"href":"https:\/\/www.concert-hosteldieu.com\/en\/wp-json\/wp\/v2\/pages\/20533\/revisions"}],"predecessor-version":[{"id":20538,"href":"https:\/\/www.concert-hosteldieu.com\/en\/wp-json\/wp\/v2\/pages\/20533\/revisions\/20538"}],"up":[{"embeddable":true,"href":"https:\/\/www.concert-hosteldieu.com\/en\/wp-json\/wp\/v2\/pages\/12628"}],"wp:featuredmedia":[{"embeddable":true,"href":"https:\/\/www.concert-hosteldieu.com\/en\/wp-json\/wp\/v2\/media\/20534"}],"wp:attachment":[{"href":"https:\/\/www.concert-hosteldieu.com\/en\/wp-json\/wp\/v2\/media?parent=20533"}],"wp:term":[{"taxonomy":"category","embeddable":true,"href":"https:\/\/www.concert-hosteldieu.com\/en\/wp-json\/wp\/v2\/categories?post=20533"},{"taxonomy":"post_tag","embeddable":true,"href":"https:\/\/www.concert-hosteldieu.com\/en\/wp-json\/wp\/v2\/tags?post=20533"}],"curies":[{"name":"wp","href":"https:\/\/api.w.org\/{rel}","templated":true}]}}