{"id":19700,"date":"2023-05-22T10:50:40","date_gmt":"2023-05-22T09:50:40","guid":{"rendered":"https:\/\/www.concert-hosteldieu.com\/?page_id=19700"},"modified":"2026-03-18T17:11:35","modified_gmt":"2026-03-18T16:11:35","slug":"noel-napolitain","status":"publish","type":"page","link":"https:\/\/www.concert-hosteldieu.com\/en\/nos-productions\/noel-napolitain\/","title":{"rendered":"No\u00ebl napolitain"},"content":{"rendered":"<h4>PROGRAM DETAILS<\/h4>\n\t\t\t<p>Overtura di natale, <strong>Vincent Beer-Demander<\/strong><\/p>\n<p>Cantate \u00ab Oh di Betlemme altera povert\u00e0n \u00bb, <strong>Alessandro Scarlatti<br \/><\/strong>Introduzione \/ r\u00e9citatif \u00ab O di Betlemme altera povert\u00e0 venturosa ! \u00bb \/ Aria (Andante) \u00ab Dal bel seno d&rsquo;una stella \u00bb \/ r\u00e9citatif \u00ab Pressa d&rsquo;uomo la forma \u00bb \/ Aria (Andante) \u00ab L&rsquo;autor d&rsquo;ogni mio bene \u00bb \/ r\u00e9citatif \u00ab Fortunati pastori ! \u00bb \/ Pastorale \u00ab\u00a0Tocco la prima sorte a voi\u00a0\u00bb<\/p>\n<p>\u00ab Non cieco \u00bb, extrait de la cantate <em>La Veglia<\/em>, <strong>Cristofaro Caresana<\/strong><\/p>\n<p>Sonate K89 pour mandoline et continuo (Andante), <strong>Domenico Scarlatti<\/strong><\/p>\n<p>Bambino divino,\u00a0<strong>No\u00ebl populaire napolitain<\/strong>, arrangement Franck-Emmanuel Comte<\/p>\n<p>La santa allegrezze,\u00a0<strong>No\u00ebl populaire napolitain<\/strong>, arrangement Salvatore della Vecchia<\/p>\n<p>Aria \u00ab Lagrime amare \u00bb, extrait de la cantate\u00a0<em>Abramo, il tuo sembiante\u00a0<\/em>(R. 503\/22),\u00a0<strong>Alessandro Scarlatti<\/strong><\/p>\n<p>Ninna nanna al bambino Gesu alla napolitana,\u00a0<strong>No\u00ebl populaire napolitain<\/strong>, arrangement Franck-Emmanuel Comte<\/p>\n<p>Aria \u00ab Dormite o pupille \u00bb,\u00a0<strong>Pietro Andrea Ziani<\/strong>, arrangement Franck-Emmanuel Comte<\/p>\n<p>Suite of instrumental tarantellas,\u00a0<strong>Anonymous<\/strong>, arrangement Franck-Emmanuel Comte<\/p>\n<p>Aria \u00ab\u00a0Una dama la pi\u00f9 fortunata\u00a0\u00bb, extrait de la cantate\u00a0<em>La Veglia<\/em>,\u00a0<strong>Cristofaro Caresana<\/strong><\/p>\n<p>Tarentelle \u00ab\u00a0Napoli\u00a0\u00bb, <strong>Eduardo Mezzacapo<\/strong><\/p>\n<p>Tarantelle \u00ab\u00a0La Cicerenella\u00a0\u00bb, <strong>Anonymous<\/strong>, arrangement Franck-Emmanuel Comte<\/p>\n\t\t\t\t\t\t<h4>CAST<\/h4>\n\t\t\t<p><a href=\"https:\/\/www.concert-hosteldieu.com\/en\/nos-artistes-invites\/heather-newhouse\/\">Heather Newhouse<\/a>, soprano<br \/><a href=\"https:\/\/www.concert-hosteldieu.com\/en\/nos-artistes-invites\/vincent-beer-demander\/\">Vincent Beer-Demander<\/a>, mandoline<br \/><a href=\"https:\/\/www.concert-hosteldieu.com\/en\/nos-musiciens\/reynier-guerrero\/\">Reynier Guerrero<\/a> and <a href=\"https:\/\/www.concert-hosteldieu.com\/en\/nos-musiciens\/florian-verhaegen\/\">Florian Verhaegen<\/a>, violons<br \/><a href=\"https:\/\/www.concert-hosteldieu.com\/en\/nos-musiciens\/aurelie-metivier\/\">Aur\u00e9lie M\u00e9tivier<\/a>, viola<br \/><a href=\"http:\/\/www.concert-hosteldieu.com\/en\/presentation\/lequipe-artistique\/aude-walker-viry\/\">Aude Walker-Viry<\/a>, cello<br \/>Albane Imbs, th\u00e9orbe et guitare<br \/><a href=\"https:\/\/www.concert-hosteldieu.com\/en\/nos-musiciens\/nicolas-janot\/\">Nicolas Janot<\/a>, doublebass<br \/><a href=\"http:\/\/www.concert-hosteldieu.com\/en\/presentation\/lequipe-artistique\/franck-emmanuel-comte\/\">Franck-Emmanuel Comte<\/a>, harpsichord and musical direction<\/p>\n<p><strong>La magie d&rsquo;un No\u00ebl populaire et baroque<\/strong><\/p>\n<p>Dans la Naples baroque, le temps de No\u00ebl est l&rsquo;occasion de festivit\u00e9s musicales intenses. Chants traditionnels, tarentelles et airs d&rsquo;inspiration lyrique se m\u00e9langent dans un syncr\u00e9tisme artistique surprenant.<\/p>\n<p>Moment fort du calendrier religieux, c&rsquo;est aussi l&rsquo;occasion pour les Napolitains d&rsquo;exprimer un certain paganisme avec un sens tout particulier de la th\u00e9\u00e2tralit\u00e9. Ce go\u00fbt pour la mise en sc\u00e8ne des r\u00e9cits de No\u00ebl, pour le myst\u00e8re de la nativit\u00e9 et l&rsquo;art lyrique fusionne et exprime tout \u00e0 la fois l&rsquo;adoration pour J\u00e9sus ainsi que l&rsquo;envie irr\u00e9pressible de danser et de faire la f\u00eate.<\/p>\n<p>\u00c0 travers un programme constitu\u00e9 d&rsquo;airs et de concertos baroques, de no\u00ebls populaires et de tarentelles, nous nous proposons de partager cette ferveur musicale, le temps d&rsquo;une soir\u00e9e exceptionnelle.<\/p>\n<h4  id=\"image\">\n\t\t\tNO\u00cbL NAPOLITAIN IN IMAGES\t<\/h4>\n\t\t\t\t\t\t<h4>\u00c0 L&rsquo;\u00c9COUTE DU PUBLIC<\/h4>\n\t\t\t<em data-start=\"177\" data-end=\"232\">\u00ab Magnifique voix, Heather Newhouse nous a vraiment touch\u00e9s. \u00bb<\/em>\n<em data-start=\"241\" data-end=\"317\">\u00ab La mandoline \u00e9tait magique, presque f\u00e9erique. Un vrai moment suspendu. \u00bb<\/em>\n<em data-start=\"326\" data-end=\"405\">\u00ab Merci pour ce magnifique concert, nous avons pass\u00e9 une tr\u00e8s belle soir\u00e9e. \u00bb<\/em>\n<em data-start=\"508\" data-end=\"584\">\u00ab Visuellement, c&rsquo;\u00e9tait tr\u00e8s travaill\u00e9 : la mise en sc\u00e8ne \u00e9tait superbe. \u00bb<\/em>\n<em data-start=\"593\" data-end=\"701\">\u00ab Un grand bravo au Concert de l&rsquo;Hostel Dieu et \u00e0 Superspectives, et tr\u00e8s belles f\u00eates \u00e0 toute l&rsquo;\u00e9quipe. \u00bb<\/em>\n\t\t\t\t\t\t<h4>PARTNERS<\/h4>\n\t\t\t<p>Co-produced by 1001 Notes<\/p>\n<h4  id=\"agenda\">\n\t\t\t\u00c9COUTEZ\t<\/h4>\n\t<iframe data-testid=\"embed-iframe\" src=\"https:\/\/open.spotify.com\/embed\/album\/0NDaxJcuhsL8a27xYrWQfb?utm_source=generator\" width=\"100%\" height=\"352\" frameborder=\"0\" allowfullscreen=\"\" allow=\"autoplay; clipboard-write; encrypted-media; fullscreen; picture-in-picture\" loading=\"lazy\"><\/iframe>\n<h4  id=\"agenda\">\n\t\t\tCALENDAR\t<\/h4>\n<h4>\n\t\t\tAgenda &#8211; \u00c9v\u00e9nements pass\u00e9s\t<\/h4>\n<h4  id=\"artistes\">\n\t\t\tASSOCIATED ARTISTS\t<\/h4>\n\t\t\t\t\t\t\t\t\t\t\t\t\t\t<a href=\"https:\/\/www.concert-hosteldieu.com\/en\/nos-artistes-invites\/heather-newhouse\/\" target=\"_self\" title=\"Heather Newhouse\">\n\t\t\t\t<img decoding=\"async\" src=\"https:\/\/www.concert-hosteldieu.com\/wp-content\/uploads\/2025\/02\/Heather-Newhouse.jpg\" alt=\"\" \/>\n\t\t\t\t<\/a>\n\t\t\t\t\t\t<h3>\n\t\t\t\t<a href=\"https:\/\/www.concert-hosteldieu.com\/en\/nos-artistes-invites\/heather-newhouse\/\" title=\"Heather Newhouse\">Heather Newhouse<\/a>\t\t\t<\/h3>\n\t\t\t\t\t\t\t\t\t\t\t\t\t\t<a href=\"https:\/\/www.concert-hosteldieu.com\/en\/nos-artistes-invites\/vincent-beer-demander\/\" target=\"_self\" title=\"Vincent Beer-Demander\">\n\t\t\t\t<img decoding=\"async\" src=\"https:\/\/www.concert-hosteldieu.com\/wp-content\/uploads\/2023\/06\/Vincent-Beer-Demander-\u00a9-Raphael-Arnaud.jpg\" alt=\"\" \/>\n\t\t\t\t<\/a>\n\t\t\t\t\t\t<h3>\n\t\t\t\t<a href=\"https:\/\/www.concert-hosteldieu.com\/en\/nos-artistes-invites\/vincent-beer-demander\/\" title=\"Vincent Beer-Demander\">Vincent Beer-Demander<\/a>\t\t\t<\/h3>\n\t\t\t<a href=\"https:\/\/www.concert-hosteldieu.com\/wp-content\/uploads\/2026\/03\/NOEL-NAPOLITAIN-ENG.pdf\" title=\"Download the presentation file (for promoters)\" target=\"_blank\" rel=\"noopener\"  role=\"button\" aria-label=\"Download the presentation file (for promoters)\">\n\t\t\t\t\t\t\t\t\t\t\tDownload the presentation file (for promoters)\n\t\t<\/a>","protected":false},"excerpt":{"rendered":"<p>PROGRAMME Overtura di natale, Vincent Beer-Demander Cantate \u00ab Oh di Betlemme altera povert\u00e0n \u00bb, Alessandro ScarlattiIntroduzione \/ r\u00e9citatif \u00ab O di Betlemme altera povert\u00e0 venturosa ! \u00bb \/ Aria (Andante) \u00ab Dal bel seno d&rsquo;una stella \u00bb \/ r\u00e9citatif \u00ab [&hellip;]<\/p>\n","protected":false},"author":2776,"featured_media":7198,"parent":23593,"menu_order":0,"comment_status":"closed","ping_status":"closed","template":"","meta":{"site-sidebar-layout":"default","site-content-layout":null,"ast-site-content-layout":"full-width-container","site-content-style":"unboxed","site-sidebar-style":"unboxed","ast-global-header-display":"","ast-banner-title-visibility":"","ast-main-header-display":"","ast-hfb-above-header-display":null,"ast-hfb-below-header-display":null,"ast-hfb-mobile-header-display":"","site-post-title":"disabled","ast-breadcrumbs-content":null,"ast-featured-img":"disabled","footer-sml-layout":"","ast-disable-related-posts":"","theme-transparent-header-meta":"default","adv-header-id-meta":"","stick-header-meta":"default","header-above-stick-meta":null,"header-main-stick-meta":"","header-below-stick-meta":null,"astra-migrate-meta-layouts":"set","ast-page-background-enabled":"default","ast-page-background-meta":{"desktop":{"background-color":"","background-image":"","background-repeat":"repeat","background-position":"center center","background-size":"auto","background-attachment":"scroll","background-type":"","background-media":"","overlay-type":"","overlay-color":"","overlay-opacity":"","overlay-gradient":""},"tablet":{"background-color":"","background-image":"","background-repeat":"repeat","background-position":"center center","background-size":"auto","background-attachment":"scroll","background-type":"","background-media":"","overlay-type":"","overlay-color":"","overlay-opacity":"","overlay-gradient":""},"mobile":{"background-color":"","background-image":"","background-repeat":"repeat","background-position":"center center","background-size":"auto","background-attachment":"scroll","background-type":"","background-media":"","overlay-type":"","overlay-color":"","overlay-opacity":"","overlay-gradient":""}},"ast-content-background-meta":{"desktop":{"background-color":"var(--ast-global-color-5)","background-image":"","background-repeat":"repeat","background-position":"center center","background-size":"auto","background-attachment":"scroll","background-type":"","background-media":"","overlay-type":"","overlay-color":"","overlay-opacity":"","overlay-gradient":""},"tablet":{"background-color":"var(--ast-global-color-5)","background-image":"","background-repeat":"repeat","background-position":"center center","background-size":"auto","background-attachment":"scroll","background-type":"","background-media":"","overlay-type":"","overlay-color":"","overlay-opacity":"","overlay-gradient":""},"mobile":{"background-color":"var(--ast-global-color-5)","background-image":"","background-repeat":"repeat","background-position":"center center","background-size":"auto","background-attachment":"scroll","background-type":"","background-media":"","overlay-type":"","overlay-color":"","overlay-opacity":"","overlay-gradient":""}},"footnotes":""},"categories":[451],"tags":[],"class_list":["post-19700","page","type-page","status-publish","has-post-thumbnail","hentry","category-nos-productions"],"yoast_head":"<!-- This site is optimized with the Yoast SEO plugin v27.6 - https:\/\/yoast.com\/product\/yoast-seo-wordpress\/ -->\n<title>No\u00ebl napolitain - Le Concert de l&#039;Hostel Dieu<\/title>\n<meta name=\"robots\" content=\"index, follow, max-snippet:-1, max-image-preview:large, max-video-preview:-1\" \/>\n<link rel=\"canonical\" href=\"https:\/\/www.concert-hosteldieu.com\/en\/nos-productions\/noel-napolitain\/\" \/>\n<meta property=\"og:locale\" content=\"en_GB\" \/>\n<meta property=\"og:type\" content=\"article\" \/>\n<meta property=\"og:title\" content=\"No\u00ebl napolitain - Le Concert de l&#039;Hostel Dieu\" \/>\n<meta property=\"og:description\" content=\"PROGRAMME Overtura di natale, Vincent Beer-Demander Cantate \u00ab Oh di Betlemme altera povert\u00e0n \u00bb, Alessandro ScarlattiIntroduzione \/ r\u00e9citatif \u00ab O di Betlemme altera povert\u00e0 venturosa ! \u00bb \/ Aria (Andante) \u00ab Dal bel seno d&rsquo;una stella \u00bb \/ r\u00e9citatif \u00ab [&hellip;]\" \/>\n<meta property=\"og:url\" content=\"https:\/\/www.concert-hosteldieu.com\/en\/nos-productions\/noel-napolitain\/\" \/>\n<meta property=\"og:site_name\" content=\"Le Concert de l&#039;Hostel Dieu\" \/>\n<meta property=\"article:publisher\" content=\"https:\/\/www.facebook.com\/leconcert.delhosteldieu\" \/>\n<meta property=\"article:modified_time\" content=\"2026-03-18T16:11:35+00:00\" \/>\n<meta property=\"og:image\" content=\"https:\/\/www.concert-hosteldieu.com\/wp-content\/uploads\/2019\/02\/concert-hostel-dieu-dolce-follia-credit-julie-cherki.jpg\" \/>\n\t<meta property=\"og:image:width\" content=\"2000\" \/>\n\t<meta property=\"og:image:height\" content=\"1333\" \/>\n\t<meta property=\"og:image:type\" content=\"image\/jpeg\" \/>\n<meta name=\"twitter:label1\" content=\"Estimated reading time\" \/>\n\t<meta name=\"twitter:data1\" content=\"4 minutes\" \/>\n<script type=\"application\/ld+json\" class=\"yoast-schema-graph\">{\"@context\":\"https:\\\/\\\/schema.org\",\"@graph\":[{\"@type\":\"WebPage\",\"@id\":\"https:\\\/\\\/www.concert-hosteldieu.com\\\/nos-productions\\\/noel-napolitain\\\/\",\"url\":\"https:\\\/\\\/www.concert-hosteldieu.com\\\/nos-productions\\\/noel-napolitain\\\/\",\"name\":\"No\u00ebl napolitain - Le Concert de l&#039;Hostel Dieu\",\"isPartOf\":{\"@id\":\"https:\\\/\\\/www.concert-hosteldieu.com\\\/#website\"},\"primaryImageOfPage\":{\"@id\":\"https:\\\/\\\/www.concert-hosteldieu.com\\\/nos-productions\\\/noel-napolitain\\\/#primaryimage\"},\"image\":{\"@id\":\"https:\\\/\\\/www.concert-hosteldieu.com\\\/nos-productions\\\/noel-napolitain\\\/#primaryimage\"},\"thumbnailUrl\":\"https:\\\/\\\/www.concert-hosteldieu.com\\\/wp-content\\\/uploads\\\/2019\\\/02\\\/concert-hostel-dieu-dolce-follia-credit-julie-cherki.jpg\",\"datePublished\":\"2023-05-22T09:50:40+00:00\",\"dateModified\":\"2026-03-18T16:11:35+00:00\",\"breadcrumb\":{\"@id\":\"https:\\\/\\\/www.concert-hosteldieu.com\\\/nos-productions\\\/noel-napolitain\\\/#breadcrumb\"},\"inLanguage\":\"en-GB\",\"potentialAction\":[{\"@type\":\"ReadAction\",\"target\":[\"https:\\\/\\\/www.concert-hosteldieu.com\\\/nos-productions\\\/noel-napolitain\\\/\"]}]},{\"@type\":\"ImageObject\",\"inLanguage\":\"en-GB\",\"@id\":\"https:\\\/\\\/www.concert-hosteldieu.com\\\/nos-productions\\\/noel-napolitain\\\/#primaryimage\",\"url\":\"https:\\\/\\\/www.concert-hosteldieu.com\\\/wp-content\\\/uploads\\\/2019\\\/02\\\/concert-hostel-dieu-dolce-follia-credit-julie-cherki.jpg\",\"contentUrl\":\"https:\\\/\\\/www.concert-hosteldieu.com\\\/wp-content\\\/uploads\\\/2019\\\/02\\\/concert-hostel-dieu-dolce-follia-credit-julie-cherki.jpg\",\"width\":2000,\"height\":1333,\"caption\":\"\u00a9Julie Cherki\"},{\"@type\":\"BreadcrumbList\",\"@id\":\"https:\\\/\\\/www.concert-hosteldieu.com\\\/nos-productions\\\/noel-napolitain\\\/#breadcrumb\",\"itemListElement\":[{\"@type\":\"ListItem\",\"position\":1,\"name\":\"Accueil\",\"item\":\"https:\\\/\\\/www.concert-hosteldieu.com\\\/\"},{\"@type\":\"ListItem\",\"position\":2,\"name\":\"Nos productions\",\"item\":\"https:\\\/\\\/www.concert-hosteldieu.com\\\/nos-productions\\\/\"},{\"@type\":\"ListItem\",\"position\":3,\"name\":\"No\u00ebl napolitain\"}]},{\"@type\":\"WebSite\",\"@id\":\"https:\\\/\\\/www.concert-hosteldieu.com\\\/#website\",\"url\":\"https:\\\/\\\/www.concert-hosteldieu.com\\\/\",\"name\":\"Le Concert de l&#039;Hostel Dieu\",\"description\":\"Franck-Emmanuel Comte\",\"publisher\":{\"@id\":\"https:\\\/\\\/www.concert-hosteldieu.com\\\/#organization\"},\"potentialAction\":[{\"@type\":\"SearchAction\",\"target\":{\"@type\":\"EntryPoint\",\"urlTemplate\":\"https:\\\/\\\/www.concert-hosteldieu.com\\\/?s={search_term_string}\"},\"query-input\":{\"@type\":\"PropertyValueSpecification\",\"valueRequired\":true,\"valueName\":\"search_term_string\"}}],\"inLanguage\":\"en-GB\"},{\"@type\":\"Organization\",\"@id\":\"https:\\\/\\\/www.concert-hosteldieu.com\\\/#organization\",\"name\":\"Le Concert de l'Hostel Dieu\",\"url\":\"https:\\\/\\\/www.concert-hosteldieu.com\\\/\",\"logo\":{\"@type\":\"ImageObject\",\"inLanguage\":\"en-GB\",\"@id\":\"https:\\\/\\\/www.concert-hosteldieu.com\\\/#\\\/schema\\\/logo\\\/image\\\/\",\"url\":\"https:\\\/\\\/www.concert-hosteldieu.com\\\/wp-content\\\/uploads\\\/2021\\\/06\\\/logo-chd-noir-transparent.png\",\"contentUrl\":\"https:\\\/\\\/www.concert-hosteldieu.com\\\/wp-content\\\/uploads\\\/2021\\\/06\\\/logo-chd-noir-transparent.png\",\"width\":262,\"height\":106,\"caption\":\"Le Concert de l'Hostel Dieu\"},\"image\":{\"@id\":\"https:\\\/\\\/www.concert-hosteldieu.com\\\/#\\\/schema\\\/logo\\\/image\\\/\"},\"sameAs\":[\"https:\\\/\\\/www.facebook.com\\\/leconcert.delhosteldieu\",\"https:\\\/\\\/x.com\\\/CHDLyon\",\"https:\\\/\\\/instagram.com\\\/concert_hostel_dieu\",\"https:\\\/\\\/www.linkedin.com\\\/company\\\/le-concert-de-l'hostel-dieu\\\/\",\"https:\\\/\\\/www.youtube.com\\\/user\\\/CHDLyon\"]}]}<\/script>\n<!-- \/ Yoast SEO plugin. -->","yoast_head_json":{"title":"No\u00ebl napolitain - Le Concert de l&#039;Hostel Dieu","robots":{"index":"index","follow":"follow","max-snippet":"max-snippet:-1","max-image-preview":"max-image-preview:large","max-video-preview":"max-video-preview:-1"},"canonical":"https:\/\/www.concert-hosteldieu.com\/en\/nos-productions\/noel-napolitain\/","og_locale":"en_GB","og_type":"article","og_title":"No\u00ebl napolitain - Le Concert de l&#039;Hostel Dieu","og_description":"PROGRAMME Overtura di natale, Vincent Beer-Demander Cantate \u00ab Oh di Betlemme altera povert\u00e0n \u00bb, Alessandro ScarlattiIntroduzione \/ r\u00e9citatif \u00ab O di Betlemme altera povert\u00e0 venturosa ! \u00bb \/ Aria (Andante) \u00ab Dal bel seno d&rsquo;una stella \u00bb \/ r\u00e9citatif \u00ab [&hellip;]","og_url":"https:\/\/www.concert-hosteldieu.com\/en\/nos-productions\/noel-napolitain\/","og_site_name":"Le Concert de l&#039;Hostel Dieu","article_publisher":"https:\/\/www.facebook.com\/leconcert.delhosteldieu","article_modified_time":"2026-03-18T16:11:35+00:00","og_image":[{"width":2000,"height":1333,"url":"https:\/\/www.concert-hosteldieu.com\/wp-content\/uploads\/2019\/02\/concert-hostel-dieu-dolce-follia-credit-julie-cherki.jpg","type":"image\/jpeg"}],"twitter_misc":{"Estimated reading time":"4 minutes"},"schema":{"@context":"https:\/\/schema.org","@graph":[{"@type":"WebPage","@id":"https:\/\/www.concert-hosteldieu.com\/nos-productions\/noel-napolitain\/","url":"https:\/\/www.concert-hosteldieu.com\/nos-productions\/noel-napolitain\/","name":"No\u00ebl napolitain - Le Concert de l&#039;Hostel Dieu","isPartOf":{"@id":"https:\/\/www.concert-hosteldieu.com\/#website"},"primaryImageOfPage":{"@id":"https:\/\/www.concert-hosteldieu.com\/nos-productions\/noel-napolitain\/#primaryimage"},"image":{"@id":"https:\/\/www.concert-hosteldieu.com\/nos-productions\/noel-napolitain\/#primaryimage"},"thumbnailUrl":"https:\/\/www.concert-hosteldieu.com\/wp-content\/uploads\/2019\/02\/concert-hostel-dieu-dolce-follia-credit-julie-cherki.jpg","datePublished":"2023-05-22T09:50:40+00:00","dateModified":"2026-03-18T16:11:35+00:00","breadcrumb":{"@id":"https:\/\/www.concert-hosteldieu.com\/nos-productions\/noel-napolitain\/#breadcrumb"},"inLanguage":"en-GB","potentialAction":[{"@type":"ReadAction","target":["https:\/\/www.concert-hosteldieu.com\/nos-productions\/noel-napolitain\/"]}]},{"@type":"ImageObject","inLanguage":"en-GB","@id":"https:\/\/www.concert-hosteldieu.com\/nos-productions\/noel-napolitain\/#primaryimage","url":"https:\/\/www.concert-hosteldieu.com\/wp-content\/uploads\/2019\/02\/concert-hostel-dieu-dolce-follia-credit-julie-cherki.jpg","contentUrl":"https:\/\/www.concert-hosteldieu.com\/wp-content\/uploads\/2019\/02\/concert-hostel-dieu-dolce-follia-credit-julie-cherki.jpg","width":2000,"height":1333,"caption":"\u00a9Julie Cherki"},{"@type":"BreadcrumbList","@id":"https:\/\/www.concert-hosteldieu.com\/nos-productions\/noel-napolitain\/#breadcrumb","itemListElement":[{"@type":"ListItem","position":1,"name":"Accueil","item":"https:\/\/www.concert-hosteldieu.com\/"},{"@type":"ListItem","position":2,"name":"Nos productions","item":"https:\/\/www.concert-hosteldieu.com\/nos-productions\/"},{"@type":"ListItem","position":3,"name":"No\u00ebl napolitain"}]},{"@type":"WebSite","@id":"https:\/\/www.concert-hosteldieu.com\/#website","url":"https:\/\/www.concert-hosteldieu.com\/","name":"Le Concert de l&#039;Hostel Dieu","description":"Franck-Emmanuel Comte","publisher":{"@id":"https:\/\/www.concert-hosteldieu.com\/#organization"},"potentialAction":[{"@type":"SearchAction","target":{"@type":"EntryPoint","urlTemplate":"https:\/\/www.concert-hosteldieu.com\/?s={search_term_string}"},"query-input":{"@type":"PropertyValueSpecification","valueRequired":true,"valueName":"search_term_string"}}],"inLanguage":"en-GB"},{"@type":"Organization","@id":"https:\/\/www.concert-hosteldieu.com\/#organization","name":"Le Concert de l'Hostel Dieu","url":"https:\/\/www.concert-hosteldieu.com\/","logo":{"@type":"ImageObject","inLanguage":"en-GB","@id":"https:\/\/www.concert-hosteldieu.com\/#\/schema\/logo\/image\/","url":"https:\/\/www.concert-hosteldieu.com\/wp-content\/uploads\/2021\/06\/logo-chd-noir-transparent.png","contentUrl":"https:\/\/www.concert-hosteldieu.com\/wp-content\/uploads\/2021\/06\/logo-chd-noir-transparent.png","width":262,"height":106,"caption":"Le Concert de l'Hostel Dieu"},"image":{"@id":"https:\/\/www.concert-hosteldieu.com\/#\/schema\/logo\/image\/"},"sameAs":["https:\/\/www.facebook.com\/leconcert.delhosteldieu","https:\/\/x.com\/CHDLyon","https:\/\/instagram.com\/concert_hostel_dieu","https:\/\/www.linkedin.com\/company\/le-concert-de-l'hostel-dieu\/","https:\/\/www.youtube.com\/user\/CHDLyon"]}]}},"_links":{"self":[{"href":"https:\/\/www.concert-hosteldieu.com\/en\/wp-json\/wp\/v2\/pages\/19700","targetHints":{"allow":["GET"]}}],"collection":[{"href":"https:\/\/www.concert-hosteldieu.com\/en\/wp-json\/wp\/v2\/pages"}],"about":[{"href":"https:\/\/www.concert-hosteldieu.com\/en\/wp-json\/wp\/v2\/types\/page"}],"author":[{"embeddable":true,"href":"https:\/\/www.concert-hosteldieu.com\/en\/wp-json\/wp\/v2\/users\/2776"}],"replies":[{"embeddable":true,"href":"https:\/\/www.concert-hosteldieu.com\/en\/wp-json\/wp\/v2\/comments?post=19700"}],"version-history":[{"count":6,"href":"https:\/\/www.concert-hosteldieu.com\/en\/wp-json\/wp\/v2\/pages\/19700\/revisions"}],"predecessor-version":[{"id":24139,"href":"https:\/\/www.concert-hosteldieu.com\/en\/wp-json\/wp\/v2\/pages\/19700\/revisions\/24139"}],"up":[{"embeddable":true,"href":"https:\/\/www.concert-hosteldieu.com\/en\/wp-json\/wp\/v2\/pages\/23593"}],"wp:featuredmedia":[{"embeddable":true,"href":"https:\/\/www.concert-hosteldieu.com\/en\/wp-json\/wp\/v2\/media\/7198"}],"wp:attachment":[{"href":"https:\/\/www.concert-hosteldieu.com\/en\/wp-json\/wp\/v2\/media?parent=19700"}],"wp:term":[{"taxonomy":"category","embeddable":true,"href":"https:\/\/www.concert-hosteldieu.com\/en\/wp-json\/wp\/v2\/categories?post=19700"},{"taxonomy":"post_tag","embeddable":true,"href":"https:\/\/www.concert-hosteldieu.com\/en\/wp-json\/wp\/v2\/tags?post=19700"}],"curies":[{"name":"wp","href":"https:\/\/api.w.org\/{rel}","templated":true}]}}