{"id":19094,"date":"2023-01-09T10:40:02","date_gmt":"2023-01-09T09:40:02","guid":{"rendered":"https:\/\/www.concert-hosteldieu.com\/?page_id=19094"},"modified":"2025-06-06T14:01:47","modified_gmt":"2025-06-06T13:01:47","slug":"blandine-de-sansal","status":"publish","type":"page","link":"https:\/\/www.concert-hosteldieu.com\/en\/nos-artistes-invites\/blandine-de-sansal\/","title":{"rendered":"Blandine de Sansal"},"content":{"rendered":"<h2>\n\t\t\t\tBlandine de Sansal\n\t\t\t<\/h2>\n\t\t\t<h4>Mezzo soprano<\/h4>\t\n\t<p>Blandine de SANSAL int\u00e8gre en 2010 l&rsquo;Ecole Normale Alfred Cortot dans la classe de Mireille Alcantara, tout en compl\u00e9tant cette formation par une Licence de Musicologie \u00e0 la Sorbonne.<\/p>\n<p>She has distinguished herself in a number of competitions, including the Concours International L\u00e9opold Bellan, where she won First Prize, and the Lied et M\u00e9lodie des Saisons de la Voix competition, where she was awarded the Prix de la Ville de Gordes. In September 2022, she won First Prize at the Concours International de Chant Baroque de Froville, as well as the Audience Prize.<\/p>\n<p>She sings as a soloist under the direction of S\u00e9bastien Dauc\u00e9 (Ensemble Correspondances), Damien Guillon (Le Banquet C\u00e9leste), Paul Agnew (Les Arts Florissants), Rapha\u00ebl Pichon (Pygmalion), Bertrand Cuiller (Le Caravans\u00e9rail), St\u00e9phane Fuget (Les Epop\u00e9es), Jean-Christophe Spinosi (Ensemble Matheus), Louis-No\u00ebl Bestion de Camboulas (Les Surprises), Camille Delaforge (Il Caravaggio) and Ga\u00e9tan Jarry (Ensemble Marguerite Louise).<\/p>\n<p>Sur sc\u00e8ne, elle incarne Barberine dans Les Noces de Figaro (Mozart), Fragoletto dans Les Brigands (Offenbach), Lisb\u00e9 (Z\u00e9mire et Azor de Gr\u00e9try) ; Elle chante en tant qu&rsquo;alto solo La Petite Messe Solennelle de Rossini dans une version mise en sc\u00e8ne par Jos Houben et Emily Wilson. Elle tient ensuite le r\u00f4le d&rsquo;Argene dans L&rsquo;Olimpiade d&rsquo;Antonio Vivaldi sous la direction de Jean-Christophe Spinosi, en version de concert. En 2021 elle prend part \u00e0 la cr\u00e9ation sc\u00e9nique de l&rsquo;Ensemble Correspondances au Festival d&rsquo;Aix-en-Provence : \u00ab Combattimento, La Th\u00e9orie du Cygne Noir \u00bb, mis en sc\u00e8ne par Silvia Costa. Elle chante ensuite Goffredo \u00e0 l&rsquo;Op\u00e9ra de Rennes dans le Rinaldo de Haendel sous la direction de Damien Guillon, puis \u00e0 l&rsquo;Op\u00e9ra d&rsquo;Avignon sous la direction de Bertrand Cuiller. Elle chante \u00e9galement le r\u00f4le de Nature dans \u00ab Cupid and Death \u00bb de Locke, dirig\u00e9 par S\u00e9bastien Dauc\u00e9, puis interpr\u00e8te Orph\u00e9e dans le chef-d&rsquo;\u0153uvre de Gluck mis en sc\u00e8ne par Eddy Garaudel et sous la direction de Rapha\u00ebl Pichon dans le cadre du Festival Pulsations, en 2023.<\/p>\n<p>Blandine de Sansal chante des programmes en r\u00e9cital soliste, invit\u00e9e par des orchestres tels que Il Caravaggio, l&rsquo;Orchestre de l&rsquo;Op\u00e9ra Royal, Le Concert de l&rsquo;Hostel Dieu, et par des festivals tels que le Festival de Sabl\u00e9-sur-Sarthe, le Festival de Froville, l&rsquo;Atelier Lyrique de Tourcoing. Elle interpr\u00e8te des airs de M\u00e9d\u00e9e de Charpentier et d&rsquo;Alcina (Haendel) au Konzerthaus de Vienne, accompagn\u00e9e par l&rsquo;Orchestre et le Choeur des Arts Florissants dirig\u00e9s par Paul Agnew. Elle se produit dans un tr\u00e8s large r\u00e9pertoire de musique sacr\u00e9e, et ce depuis son plus jeune \u00e2ge. Son go\u00fbt pour la po\u00e9sie et la litt\u00e9rature la pousse \u00e9galement \u00e0 interpr\u00e9ter nombre de m\u00e9lodies et de lieder en formation de chambre (notamment dans le cadre des festivals \u00ab Autour du piano \u00bb, \u00ab Les Musicales du Luberon \u00bb, \u00ab Les Solistes de Demain \u00bb).<\/p>","protected":false},"excerpt":{"rendered":"<p>Blandine de Sansal Mezzo-soprano Blandine de SANSAL int\u00e8gre en 2010 l&rsquo;Ecole Normale Alfred Cortot dans la classe de Mireille Alcantara, tout en compl\u00e9tant cette formation par une Licence de Musicologie \u00e0 la Sorbonne. Elle se distingue au cours de diff\u00e9rentes [&hellip;]<\/p>\n","protected":false},"author":2776,"featured_media":23308,"parent":12628,"menu_order":0,"comment_status":"closed","ping_status":"closed","template":"","meta":{"site-sidebar-layout":"no-sidebar","site-content-layout":"page-builder","ast-site-content-layout":"full-width-container","site-content-style":"unboxed","site-sidebar-style":"unboxed","ast-global-header-display":"","ast-banner-title-visibility":"","ast-main-header-display":"","ast-hfb-above-header-display":"","ast-hfb-below-header-display":"","ast-hfb-mobile-header-display":"","site-post-title":"disabled","ast-breadcrumbs-content":"","ast-featured-img":"disabled","footer-sml-layout":"","ast-disable-related-posts":"","theme-transparent-header-meta":"enabled","adv-header-id-meta":"","stick-header-meta":"default","header-above-stick-meta":"","header-main-stick-meta":"","header-below-stick-meta":"","astra-migrate-meta-layouts":"set","ast-page-background-enabled":"default","ast-page-background-meta":{"desktop":{"background-color":"","background-image":"","background-repeat":"repeat","background-position":"center center","background-size":"auto","background-attachment":"scroll","background-type":"","background-media":"","overlay-type":"","overlay-color":"","overlay-opacity":"","overlay-gradient":""},"tablet":{"background-color":"","background-image":"","background-repeat":"repeat","background-position":"center center","background-size":"auto","background-attachment":"scroll","background-type":"","background-media":"","overlay-type":"","overlay-color":"","overlay-opacity":"","overlay-gradient":""},"mobile":{"background-color":"","background-image":"","background-repeat":"repeat","background-position":"center center","background-size":"auto","background-attachment":"scroll","background-type":"","background-media":"","overlay-type":"","overlay-color":"","overlay-opacity":"","overlay-gradient":""}},"ast-content-background-meta":{"desktop":{"background-color":"var(--ast-global-color-5)","background-image":"","background-repeat":"repeat","background-position":"center center","background-size":"auto","background-attachment":"scroll","background-type":"","background-media":"","overlay-type":"","overlay-color":"","overlay-opacity":"","overlay-gradient":""},"tablet":{"background-color":"var(--ast-global-color-5)","background-image":"","background-repeat":"repeat","background-position":"center center","background-size":"auto","background-attachment":"scroll","background-type":"","background-media":"","overlay-type":"","overlay-color":"","overlay-opacity":"","overlay-gradient":""},"mobile":{"background-color":"var(--ast-global-color-5)","background-image":"","background-repeat":"repeat","background-position":"center center","background-size":"auto","background-attachment":"scroll","background-type":"","background-media":"","overlay-type":"","overlay-color":"","overlay-opacity":"","overlay-gradient":""}},"footnotes":""},"categories":[169,171],"tags":[],"class_list":["post-19094","page","type-page","status-publish","has-post-thumbnail","hentry","category-equipe-artistique","category-nosartistesinvites"],"yoast_head":"<!-- This site is optimized with the Yoast SEO plugin v27.6 - https:\/\/yoast.com\/product\/yoast-seo-wordpress\/ -->\n<title>Blandine de Sansal - Le Concert de l&#039;Hostel Dieu<\/title>\n<meta name=\"robots\" content=\"index, follow, max-snippet:-1, max-image-preview:large, max-video-preview:-1\" \/>\n<link rel=\"canonical\" href=\"https:\/\/www.concert-hosteldieu.com\/en\/nos-artistes-invites\/blandine-de-sansal\/\" \/>\n<meta property=\"og:locale\" content=\"en_GB\" \/>\n<meta property=\"og:type\" content=\"article\" \/>\n<meta property=\"og:title\" content=\"Blandine de Sansal - Le Concert de l&#039;Hostel Dieu\" \/>\n<meta property=\"og:description\" content=\"Blandine de Sansal Mezzo-soprano Blandine de SANSAL int\u00e8gre en 2010 l&rsquo;Ecole Normale Alfred Cortot dans la classe de Mireille Alcantara, tout en compl\u00e9tant cette formation par une Licence de Musicologie \u00e0 la Sorbonne. Elle se distingue au cours de diff\u00e9rentes [&hellip;]\" \/>\n<meta property=\"og:url\" content=\"https:\/\/www.concert-hosteldieu.com\/en\/nos-artistes-invites\/blandine-de-sansal\/\" \/>\n<meta property=\"og:site_name\" content=\"Le Concert de l&#039;Hostel Dieu\" \/>\n<meta property=\"article:publisher\" content=\"https:\/\/www.facebook.com\/leconcert.delhosteldieu\" \/>\n<meta property=\"article:modified_time\" content=\"2025-06-06T13:01:47+00:00\" \/>\n<meta property=\"og:image\" content=\"https:\/\/www.concert-hosteldieu.com\/wp-content\/uploads\/2025\/05\/Photo-Blandine-3_h-\u00a9Marielle-Aube.jpg\" \/>\n\t<meta property=\"og:image:width\" content=\"1920\" \/>\n\t<meta property=\"og:image:height\" content=\"1280\" \/>\n\t<meta property=\"og:image:type\" content=\"image\/jpeg\" \/>\n<meta name=\"twitter:label1\" content=\"Estimated reading time\" \/>\n\t<meta name=\"twitter:data1\" content=\"3 minutes\" \/>\n<script type=\"application\/ld+json\" class=\"yoast-schema-graph\">{\"@context\":\"https:\\\/\\\/schema.org\",\"@graph\":[{\"@type\":\"WebPage\",\"@id\":\"https:\\\/\\\/www.concert-hosteldieu.com\\\/nos-artistes-invites\\\/blandine-de-sansal\\\/\",\"url\":\"https:\\\/\\\/www.concert-hosteldieu.com\\\/nos-artistes-invites\\\/blandine-de-sansal\\\/\",\"name\":\"Blandine de Sansal - Le Concert de l&#039;Hostel Dieu\",\"isPartOf\":{\"@id\":\"https:\\\/\\\/www.concert-hosteldieu.com\\\/#website\"},\"primaryImageOfPage\":{\"@id\":\"https:\\\/\\\/www.concert-hosteldieu.com\\\/nos-artistes-invites\\\/blandine-de-sansal\\\/#primaryimage\"},\"image\":{\"@id\":\"https:\\\/\\\/www.concert-hosteldieu.com\\\/nos-artistes-invites\\\/blandine-de-sansal\\\/#primaryimage\"},\"thumbnailUrl\":\"https:\\\/\\\/www.concert-hosteldieu.com\\\/wp-content\\\/uploads\\\/2025\\\/05\\\/Photo-Blandine-3_h-\u00a9Marielle-Aube.jpg\",\"datePublished\":\"2023-01-09T09:40:02+00:00\",\"dateModified\":\"2025-06-06T13:01:47+00:00\",\"breadcrumb\":{\"@id\":\"https:\\\/\\\/www.concert-hosteldieu.com\\\/nos-artistes-invites\\\/blandine-de-sansal\\\/#breadcrumb\"},\"inLanguage\":\"en-GB\",\"potentialAction\":[{\"@type\":\"ReadAction\",\"target\":[\"https:\\\/\\\/www.concert-hosteldieu.com\\\/nos-artistes-invites\\\/blandine-de-sansal\\\/\"]}]},{\"@type\":\"ImageObject\",\"inLanguage\":\"en-GB\",\"@id\":\"https:\\\/\\\/www.concert-hosteldieu.com\\\/nos-artistes-invites\\\/blandine-de-sansal\\\/#primaryimage\",\"url\":\"https:\\\/\\\/www.concert-hosteldieu.com\\\/wp-content\\\/uploads\\\/2025\\\/05\\\/Photo-Blandine-3_h-\u00a9Marielle-Aube.jpg\",\"contentUrl\":\"https:\\\/\\\/www.concert-hosteldieu.com\\\/wp-content\\\/uploads\\\/2025\\\/05\\\/Photo-Blandine-3_h-\u00a9Marielle-Aube.jpg\",\"width\":1920,\"height\":1280,\"caption\":\"\u00a9 Marielle Aub\u00e9\"},{\"@type\":\"BreadcrumbList\",\"@id\":\"https:\\\/\\\/www.concert-hosteldieu.com\\\/nos-artistes-invites\\\/blandine-de-sansal\\\/#breadcrumb\",\"itemListElement\":[{\"@type\":\"ListItem\",\"position\":1,\"name\":\"Accueil\",\"item\":\"https:\\\/\\\/www.concert-hosteldieu.com\\\/\"},{\"@type\":\"ListItem\",\"position\":2,\"name\":\"Nos artistes invit\u00e9s\",\"item\":\"https:\\\/\\\/www.concert-hosteldieu.com\\\/nos-artistes-invites\\\/\"},{\"@type\":\"ListItem\",\"position\":3,\"name\":\"Blandine de Sansal\"}]},{\"@type\":\"WebSite\",\"@id\":\"https:\\\/\\\/www.concert-hosteldieu.com\\\/#website\",\"url\":\"https:\\\/\\\/www.concert-hosteldieu.com\\\/\",\"name\":\"Le Concert de l&#039;Hostel Dieu\",\"description\":\"Franck-Emmanuel Comte\",\"publisher\":{\"@id\":\"https:\\\/\\\/www.concert-hosteldieu.com\\\/#organization\"},\"potentialAction\":[{\"@type\":\"SearchAction\",\"target\":{\"@type\":\"EntryPoint\",\"urlTemplate\":\"https:\\\/\\\/www.concert-hosteldieu.com\\\/?s={search_term_string}\"},\"query-input\":{\"@type\":\"PropertyValueSpecification\",\"valueRequired\":true,\"valueName\":\"search_term_string\"}}],\"inLanguage\":\"en-GB\"},{\"@type\":\"Organization\",\"@id\":\"https:\\\/\\\/www.concert-hosteldieu.com\\\/#organization\",\"name\":\"Le Concert de l'Hostel Dieu\",\"url\":\"https:\\\/\\\/www.concert-hosteldieu.com\\\/\",\"logo\":{\"@type\":\"ImageObject\",\"inLanguage\":\"en-GB\",\"@id\":\"https:\\\/\\\/www.concert-hosteldieu.com\\\/#\\\/schema\\\/logo\\\/image\\\/\",\"url\":\"https:\\\/\\\/www.concert-hosteldieu.com\\\/wp-content\\\/uploads\\\/2021\\\/06\\\/logo-chd-noir-transparent.png\",\"contentUrl\":\"https:\\\/\\\/www.concert-hosteldieu.com\\\/wp-content\\\/uploads\\\/2021\\\/06\\\/logo-chd-noir-transparent.png\",\"width\":262,\"height\":106,\"caption\":\"Le Concert de l'Hostel Dieu\"},\"image\":{\"@id\":\"https:\\\/\\\/www.concert-hosteldieu.com\\\/#\\\/schema\\\/logo\\\/image\\\/\"},\"sameAs\":[\"https:\\\/\\\/www.facebook.com\\\/leconcert.delhosteldieu\",\"https:\\\/\\\/x.com\\\/CHDLyon\",\"https:\\\/\\\/instagram.com\\\/concert_hostel_dieu\",\"https:\\\/\\\/www.linkedin.com\\\/company\\\/le-concert-de-l'hostel-dieu\\\/\",\"https:\\\/\\\/www.youtube.com\\\/user\\\/CHDLyon\"]}]}<\/script>\n<!-- \/ Yoast SEO plugin. -->","yoast_head_json":{"title":"Blandine de Sansal - Le Concert de l&#039;Hostel Dieu","robots":{"index":"index","follow":"follow","max-snippet":"max-snippet:-1","max-image-preview":"max-image-preview:large","max-video-preview":"max-video-preview:-1"},"canonical":"https:\/\/www.concert-hosteldieu.com\/en\/nos-artistes-invites\/blandine-de-sansal\/","og_locale":"en_GB","og_type":"article","og_title":"Blandine de Sansal - Le Concert de l&#039;Hostel Dieu","og_description":"Blandine de Sansal Mezzo-soprano Blandine de SANSAL int\u00e8gre en 2010 l&rsquo;Ecole Normale Alfred Cortot dans la classe de Mireille Alcantara, tout en compl\u00e9tant cette formation par une Licence de Musicologie \u00e0 la Sorbonne. Elle se distingue au cours de diff\u00e9rentes [&hellip;]","og_url":"https:\/\/www.concert-hosteldieu.com\/en\/nos-artistes-invites\/blandine-de-sansal\/","og_site_name":"Le Concert de l&#039;Hostel Dieu","article_publisher":"https:\/\/www.facebook.com\/leconcert.delhosteldieu","article_modified_time":"2025-06-06T13:01:47+00:00","og_image":[{"width":1920,"height":1280,"url":"https:\/\/www.concert-hosteldieu.com\/wp-content\/uploads\/2025\/05\/Photo-Blandine-3_h-\u00a9Marielle-Aube.jpg","type":"image\/jpeg"}],"twitter_misc":{"Estimated reading time":"3 minutes"},"schema":{"@context":"https:\/\/schema.org","@graph":[{"@type":"WebPage","@id":"https:\/\/www.concert-hosteldieu.com\/nos-artistes-invites\/blandine-de-sansal\/","url":"https:\/\/www.concert-hosteldieu.com\/nos-artistes-invites\/blandine-de-sansal\/","name":"Blandine de Sansal - Le Concert de l&#039;Hostel Dieu","isPartOf":{"@id":"https:\/\/www.concert-hosteldieu.com\/#website"},"primaryImageOfPage":{"@id":"https:\/\/www.concert-hosteldieu.com\/nos-artistes-invites\/blandine-de-sansal\/#primaryimage"},"image":{"@id":"https:\/\/www.concert-hosteldieu.com\/nos-artistes-invites\/blandine-de-sansal\/#primaryimage"},"thumbnailUrl":"https:\/\/www.concert-hosteldieu.com\/wp-content\/uploads\/2025\/05\/Photo-Blandine-3_h-\u00a9Marielle-Aube.jpg","datePublished":"2023-01-09T09:40:02+00:00","dateModified":"2025-06-06T13:01:47+00:00","breadcrumb":{"@id":"https:\/\/www.concert-hosteldieu.com\/nos-artistes-invites\/blandine-de-sansal\/#breadcrumb"},"inLanguage":"en-GB","potentialAction":[{"@type":"ReadAction","target":["https:\/\/www.concert-hosteldieu.com\/nos-artistes-invites\/blandine-de-sansal\/"]}]},{"@type":"ImageObject","inLanguage":"en-GB","@id":"https:\/\/www.concert-hosteldieu.com\/nos-artistes-invites\/blandine-de-sansal\/#primaryimage","url":"https:\/\/www.concert-hosteldieu.com\/wp-content\/uploads\/2025\/05\/Photo-Blandine-3_h-\u00a9Marielle-Aube.jpg","contentUrl":"https:\/\/www.concert-hosteldieu.com\/wp-content\/uploads\/2025\/05\/Photo-Blandine-3_h-\u00a9Marielle-Aube.jpg","width":1920,"height":1280,"caption":"\u00a9 Marielle Aub\u00e9"},{"@type":"BreadcrumbList","@id":"https:\/\/www.concert-hosteldieu.com\/nos-artistes-invites\/blandine-de-sansal\/#breadcrumb","itemListElement":[{"@type":"ListItem","position":1,"name":"Accueil","item":"https:\/\/www.concert-hosteldieu.com\/"},{"@type":"ListItem","position":2,"name":"Nos artistes invit\u00e9s","item":"https:\/\/www.concert-hosteldieu.com\/nos-artistes-invites\/"},{"@type":"ListItem","position":3,"name":"Blandine de Sansal"}]},{"@type":"WebSite","@id":"https:\/\/www.concert-hosteldieu.com\/#website","url":"https:\/\/www.concert-hosteldieu.com\/","name":"Le Concert de l&#039;Hostel Dieu","description":"Franck-Emmanuel Comte","publisher":{"@id":"https:\/\/www.concert-hosteldieu.com\/#organization"},"potentialAction":[{"@type":"SearchAction","target":{"@type":"EntryPoint","urlTemplate":"https:\/\/www.concert-hosteldieu.com\/?s={search_term_string}"},"query-input":{"@type":"PropertyValueSpecification","valueRequired":true,"valueName":"search_term_string"}}],"inLanguage":"en-GB"},{"@type":"Organization","@id":"https:\/\/www.concert-hosteldieu.com\/#organization","name":"Le Concert de l'Hostel Dieu","url":"https:\/\/www.concert-hosteldieu.com\/","logo":{"@type":"ImageObject","inLanguage":"en-GB","@id":"https:\/\/www.concert-hosteldieu.com\/#\/schema\/logo\/image\/","url":"https:\/\/www.concert-hosteldieu.com\/wp-content\/uploads\/2021\/06\/logo-chd-noir-transparent.png","contentUrl":"https:\/\/www.concert-hosteldieu.com\/wp-content\/uploads\/2021\/06\/logo-chd-noir-transparent.png","width":262,"height":106,"caption":"Le Concert de l'Hostel Dieu"},"image":{"@id":"https:\/\/www.concert-hosteldieu.com\/#\/schema\/logo\/image\/"},"sameAs":["https:\/\/www.facebook.com\/leconcert.delhosteldieu","https:\/\/x.com\/CHDLyon","https:\/\/instagram.com\/concert_hostel_dieu","https:\/\/www.linkedin.com\/company\/le-concert-de-l'hostel-dieu\/","https:\/\/www.youtube.com\/user\/CHDLyon"]}]}},"_links":{"self":[{"href":"https:\/\/www.concert-hosteldieu.com\/en\/wp-json\/wp\/v2\/pages\/19094","targetHints":{"allow":["GET"]}}],"collection":[{"href":"https:\/\/www.concert-hosteldieu.com\/en\/wp-json\/wp\/v2\/pages"}],"about":[{"href":"https:\/\/www.concert-hosteldieu.com\/en\/wp-json\/wp\/v2\/types\/page"}],"author":[{"embeddable":true,"href":"https:\/\/www.concert-hosteldieu.com\/en\/wp-json\/wp\/v2\/users\/2776"}],"replies":[{"embeddable":true,"href":"https:\/\/www.concert-hosteldieu.com\/en\/wp-json\/wp\/v2\/comments?post=19094"}],"version-history":[{"count":6,"href":"https:\/\/www.concert-hosteldieu.com\/en\/wp-json\/wp\/v2\/pages\/19094\/revisions"}],"predecessor-version":[{"id":23440,"href":"https:\/\/www.concert-hosteldieu.com\/en\/wp-json\/wp\/v2\/pages\/19094\/revisions\/23440"}],"up":[{"embeddable":true,"href":"https:\/\/www.concert-hosteldieu.com\/en\/wp-json\/wp\/v2\/pages\/12628"}],"wp:featuredmedia":[{"embeddable":true,"href":"https:\/\/www.concert-hosteldieu.com\/en\/wp-json\/wp\/v2\/media\/23308"}],"wp:attachment":[{"href":"https:\/\/www.concert-hosteldieu.com\/en\/wp-json\/wp\/v2\/media?parent=19094"}],"wp:term":[{"taxonomy":"category","embeddable":true,"href":"https:\/\/www.concert-hosteldieu.com\/en\/wp-json\/wp\/v2\/categories?post=19094"},{"taxonomy":"post_tag","embeddable":true,"href":"https:\/\/www.concert-hosteldieu.com\/en\/wp-json\/wp\/v2\/tags?post=19094"}],"curies":[{"name":"wp","href":"https:\/\/api.w.org\/{rel}","templated":true}]}}