{"id":17416,"date":"2022-06-21T15:33:25","date_gmt":"2022-06-21T14:33:25","guid":{"rendered":"https:\/\/www.concert-hosteldieu.com\/?page_id=17416"},"modified":"2025-11-17T12:30:33","modified_gmt":"2025-11-17T11:30:33","slug":"roberta-mameli","status":"publish","type":"page","link":"https:\/\/www.concert-hosteldieu.com\/en\/nos-musiciens\/roberta-mameli\/","title":{"rendered":"Roberta Mameli"},"content":{"rendered":"<h2>\n\t\t\t\tRoberta Mameli\n\t\t\t<\/h2>\n\t\t\t<h4>Soprano<\/h4>\t\n<p>Born in Rome, Roberta Mameli graduated in singing at the Nicolini Conservatory in Piacenza and in violin, followed by master classes with Bernadette Manca di Nissa, Ugo Benelli, Konrad Richter, Claudio Desderi, Enzo Dara.<\/p>\n<p>Elle est actuellement consid\u00e9r\u00e9e comme l&rsquo;un des fers de lance du r\u00e9pertoire baroque pour sa polyvalence ainsi que pour ses grandes qualit\u00e9s d&rsquo;interpr\u00e8te et de com\u00e9dien.<\/p>\n<p><strong>She is a regular guest at the most prestigious opera houses and music halls.<\/strong>\u00a0Konzerthaus and Theater an der Wien in Vienna, Concertgebouw in Amsterdam, Cit\u00e9 de la Musique in Paris, Th\u00e9\u00e2tre Comunale in Bologna, Opera in Florence, Th\u00e9\u00e2tre La Pergola in Florence, Gran Teatre del Liceu in Barcelona, Auditorium in Lyon, Auditorium in Santa Cecilia, Th\u00e9\u00e2tre in Turin, Victoria Hall in Geneva with conductors such as Claudio Cavina, Alan Curtis, Ottavio Dantone, P. Goodwin, Christopher Hogwood, Federico Maria Sardelli, Jordi Savall, Diego Fasolis, Ryo Terakado, Jean-Christophe Spinosi, Fabio Biondi, Jean-Luc. Tingaud, Leonardo Garc\u00eda Alar\u00e7on and Claudio Abbado.<\/p>\n<p>Tr\u00e8s demand\u00e9e pour le r\u00e9pertoire baroque pour sa voix cristalline et son timbre brillant et puissant, Roberta Mameli travaille aussi avec plusieurs ensembles sur instruments d&rsquo;\u00e9poque tels que Accademia Bizantina, Contrasto Armonico, Ensemble In\u00e9gal, Il Complesso Barocco, L&rsquo;Arte del Mondo, La Risonanza, La Venexiana, Le Concert des Nations, Cappella Cracoviensis, Europa Galante, Stuttgarter Kammerorchester, Modo Antiquo, Cappella Mediterranea, I Barocchisti et l&rsquo;Akademie f\u00fcr Alte Musik.<\/p>\n<p><strong>On a notamment pu l&rsquo;entendre dans les \u0153uvres suivantes :<\/strong><em>L&rsquo;Incoronazione<\/em><em>di Poppea<\/em>, <em>Il ritorno d&rsquo;Ulisse in Patria<\/em> and <em>Orfeo<\/em> by Monteverdi (Nerone and Poppea) conducted by C. Cavina ; <em>Teuzzone<\/em> by Vivaldi (Cino) with Le Concert des Nations \/ J. Savall (Na\u00efve recording); Requiem by Mozart with orchestra and choir of the Maggio Musicale Fiorentino under C. Hogwood; <em>Cos\u00ec fan tutte<\/em> (Dorabella), <em>Nozze di Figaro<\/em> (Susanna) and <em>Don Giovanni<\/em> (Donna Elvira) under the direction of R. Terakado ; <em>Ariodante<\/em> by Handel (Ginevra) <em>Orlando<\/em> by Haendel (Angelica) with <em>Il Complesso Barocco<\/em> and A. Curtis ; <em>Agrippina<\/em> by Handel (Poppea) and <em>Orlando<\/em><em>Furioso<\/em> by Vivaldi (1714) (world premiere) with Modo Antiquo and F.M. Sardelli ; <em>Serse<\/em> (Atalanta) with J.C. Spinosi ; <em>L&rsquo;incoronazione<\/em><em>di Dario<\/em> de Vivaldi avec l&rsquo;Accademia Bizantina ; <em>Orfeo ed Euridice<\/em> by Gluck (Eurydice) with Modo Antiquo ; <em>Catone in Utica de Vivaldi<\/em> (Cesare) with Complesso Barocco (European tour and Na\u00efve recording); <em>Il Farnace<\/em> by Vivaldi at the Maggio Musicale Fiorentino conducted by FM Sardelli ; <em>La Cr\u00e9ation<\/em> de Haydn avec l&rsquo;Orchestre d&rsquo;Ulster men\u00e9e par Jean-Luc Tingaud, <em>Armide<\/em> by Traetta with I Barocchisti and D. Fasolis, <em>Dido and Aeneas<\/em> (Belina) by Purcell with F.M. Sardelli, <em>Il Diluvio Universale<\/em> by M. Falvetti with Leonardo Garcia Alar\u00e7on.<\/p>\n<p><strong>His recent discography includes<\/strong>\u00a0: <i>Teuzzone<\/i>, <i>Orlando Furioso (1714)<\/i> and <i>Catone in Utica<\/i>\u00a0by Vivaldi on the Na\u00efve label; <i>L&rsquo;Incoronazione di Poppea<\/i> and <i>Il ritorno d&rsquo;Ulisse in Patria<\/i> by Monteverdi, and <i>Artemisa<\/i> by Cavalli on the Glossa label <i>Il<\/i> <i>Diamante<\/i> de Zelenka pour Nibiru ; <i>Lacrime amorose<\/i>solo album for Dowland and Company (Japan) ; <i>Cantates<\/i> by Handel, a solo album for Ayros; his other solo album <i>Round M &#8211;\u00a0Monteverdi meets Jazz<\/i> chez Glossa que a \u00e9t\u00e9 l&rsquo;une des meilleures ventes de CD en 2010 ; <i>La scola de&rsquo; gelosi<\/i> by A. Salieri at Sony (DHM) ; <i>L&rsquo;incoronazione di Dario<\/i> by A. Vivaldi (CD and DVD) on Dynamic; the latest solo album <i>Anime Amanti<\/i> chez Alpha que a remport\u00e9 le prestigieux prix Diapason d&rsquo;or 2017.<\/p>\n<h4>\n\t\t\tMeet Roberta Mameli in:\t<\/h4>\n\t\t\t\t\t\t\t\t\t\t\t\t\t\t<a href=\"https:\/\/www.concert-hosteldieu.com\/en\/nos-productions\/fantomes-d-hamlet\/\" target=\"_self\" title=\"The Ghosts of Hamlet\">\n\t\t\t\t<img decoding=\"async\" src=\"https:\/\/www.concert-hosteldieu.com\/wp-content\/uploads\/2025\/09\/2025.02.18-La-Trinite-Les-Fantomes-dHamlet-224725-c.william-sundfor.jpg\" alt=\"\" \/>\n\t\t\t\t<\/a>\n\t\t\t\t\t\t<h3>\n\t\t\t\t<a href=\"https:\/\/www.concert-hosteldieu.com\/en\/nos-productions\/fantomes-d-hamlet\/\" title=\"The Ghosts of Hamlet\">The Ghosts of Hamlet<\/a>\t\t\t<\/h3>","protected":false},"excerpt":{"rendered":"<p>Roberta Mameli Soprano N\u00e9e \u00e0 Rome, Roberta Mameli, dipl\u00f4m\u00e9e en violon et en chant au Conservatoire de Nicolini \u00e0 Piacenza, a suivi des master classes avec Bernadette Manca di Nissa, Claudio Desderi, Konrad Richter et Enzo Dara. Elle est actuellement [&hellip;]<\/p>\n","protected":false},"author":2776,"featured_media":17417,"parent":12605,"menu_order":0,"comment_status":"closed","ping_status":"closed","template":"","meta":{"site-sidebar-layout":"no-sidebar","site-content-layout":"page-builder","ast-site-content-layout":"full-width-container","site-content-style":"unboxed","site-sidebar-style":"unboxed","ast-global-header-display":"","ast-banner-title-visibility":"","ast-main-header-display":"","ast-hfb-above-header-display":"","ast-hfb-below-header-display":"","ast-hfb-mobile-header-display":"","site-post-title":"disabled","ast-breadcrumbs-content":"","ast-featured-img":"disabled","footer-sml-layout":"","ast-disable-related-posts":"","theme-transparent-header-meta":"enabled","adv-header-id-meta":"","stick-header-meta":"default","header-above-stick-meta":"","header-main-stick-meta":"","header-below-stick-meta":"","astra-migrate-meta-layouts":"set","ast-page-background-enabled":"default","ast-page-background-meta":{"desktop":{"background-color":"","background-image":"","background-repeat":"repeat","background-position":"center center","background-size":"auto","background-attachment":"scroll","background-type":"","background-media":"","overlay-type":"","overlay-color":"","overlay-opacity":"","overlay-gradient":""},"tablet":{"background-color":"","background-image":"","background-repeat":"repeat","background-position":"center center","background-size":"auto","background-attachment":"scroll","background-type":"","background-media":"","overlay-type":"","overlay-color":"","overlay-opacity":"","overlay-gradient":""},"mobile":{"background-color":"","background-image":"","background-repeat":"repeat","background-position":"center center","background-size":"auto","background-attachment":"scroll","background-type":"","background-media":"","overlay-type":"","overlay-color":"","overlay-opacity":"","overlay-gradient":""}},"ast-content-background-meta":{"desktop":{"background-color":"var(--ast-global-color-5)","background-image":"","background-repeat":"repeat","background-position":"center center","background-size":"auto","background-attachment":"scroll","background-type":"","background-media":"","overlay-type":"","overlay-color":"","overlay-opacity":"","overlay-gradient":""},"tablet":{"background-color":"var(--ast-global-color-5)","background-image":"","background-repeat":"repeat","background-position":"center center","background-size":"auto","background-attachment":"scroll","background-type":"","background-media":"","overlay-type":"","overlay-color":"","overlay-opacity":"","overlay-gradient":""},"mobile":{"background-color":"var(--ast-global-color-5)","background-image":"","background-repeat":"repeat","background-position":"center center","background-size":"auto","background-attachment":"scroll","background-type":"","background-media":"","overlay-type":"","overlay-color":"","overlay-opacity":"","overlay-gradient":""}},"footnotes":""},"categories":[169,171],"tags":[],"class_list":["post-17416","page","type-page","status-publish","has-post-thumbnail","hentry","category-equipe-artistique","category-nosartistesinvites"],"yoast_head":"<!-- This site is optimized with the Yoast SEO plugin v27.6 - https:\/\/yoast.com\/product\/yoast-seo-wordpress\/ -->\n<title>Roberta Mameli - Le Concert de l&#039;Hostel Dieu<\/title>\n<meta name=\"robots\" content=\"index, follow, max-snippet:-1, max-image-preview:large, max-video-preview:-1\" \/>\n<link rel=\"canonical\" href=\"https:\/\/www.concert-hosteldieu.com\/en\/nos-musiciens\/roberta-mameli\/\" \/>\n<meta property=\"og:locale\" content=\"en_GB\" \/>\n<meta property=\"og:type\" content=\"article\" \/>\n<meta property=\"og:title\" content=\"Roberta Mameli - Le Concert de l&#039;Hostel Dieu\" \/>\n<meta property=\"og:description\" content=\"Roberta Mameli Soprano N\u00e9e \u00e0 Rome, Roberta Mameli, dipl\u00f4m\u00e9e en violon et en chant au Conservatoire de Nicolini \u00e0 Piacenza, a suivi des master classes avec Bernadette Manca di Nissa, Claudio Desderi, Konrad Richter et Enzo Dara. Elle est actuellement [&hellip;]\" \/>\n<meta property=\"og:url\" content=\"https:\/\/www.concert-hosteldieu.com\/en\/nos-musiciens\/roberta-mameli\/\" \/>\n<meta property=\"og:site_name\" content=\"Le Concert de l&#039;Hostel Dieu\" \/>\n<meta property=\"article:publisher\" content=\"https:\/\/www.facebook.com\/leconcert.delhosteldieu\" \/>\n<meta property=\"article:modified_time\" content=\"2025-11-17T11:30:33+00:00\" \/>\n<meta property=\"og:image\" content=\"https:\/\/www.concert-hosteldieu.com\/wp-content\/uploads\/2022\/06\/Robert-mameli.jpg\" \/>\n\t<meta property=\"og:image:width\" content=\"1920\" \/>\n\t<meta property=\"og:image:height\" content=\"1440\" \/>\n\t<meta property=\"og:image:type\" content=\"image\/jpeg\" \/>\n<meta name=\"twitter:label1\" content=\"Estimated reading time\" \/>\n\t<meta name=\"twitter:data1\" content=\"4 minutes\" \/>\n<script type=\"application\/ld+json\" class=\"yoast-schema-graph\">{\"@context\":\"https:\\\/\\\/schema.org\",\"@graph\":[{\"@type\":\"WebPage\",\"@id\":\"https:\\\/\\\/www.concert-hosteldieu.com\\\/nos-musiciens\\\/roberta-mameli\\\/\",\"url\":\"https:\\\/\\\/www.concert-hosteldieu.com\\\/nos-musiciens\\\/roberta-mameli\\\/\",\"name\":\"Roberta Mameli - Le Concert de l&#039;Hostel Dieu\",\"isPartOf\":{\"@id\":\"https:\\\/\\\/www.concert-hosteldieu.com\\\/#website\"},\"primaryImageOfPage\":{\"@id\":\"https:\\\/\\\/www.concert-hosteldieu.com\\\/nos-musiciens\\\/roberta-mameli\\\/#primaryimage\"},\"image\":{\"@id\":\"https:\\\/\\\/www.concert-hosteldieu.com\\\/nos-musiciens\\\/roberta-mameli\\\/#primaryimage\"},\"thumbnailUrl\":\"https:\\\/\\\/www.concert-hosteldieu.com\\\/wp-content\\\/uploads\\\/2022\\\/06\\\/Robert-mameli.jpg\",\"datePublished\":\"2022-06-21T14:33:25+00:00\",\"dateModified\":\"2025-11-17T11:30:33+00:00\",\"breadcrumb\":{\"@id\":\"https:\\\/\\\/www.concert-hosteldieu.com\\\/nos-musiciens\\\/roberta-mameli\\\/#breadcrumb\"},\"inLanguage\":\"en-GB\",\"potentialAction\":[{\"@type\":\"ReadAction\",\"target\":[\"https:\\\/\\\/www.concert-hosteldieu.com\\\/nos-musiciens\\\/roberta-mameli\\\/\"]}]},{\"@type\":\"ImageObject\",\"inLanguage\":\"en-GB\",\"@id\":\"https:\\\/\\\/www.concert-hosteldieu.com\\\/nos-musiciens\\\/roberta-mameli\\\/#primaryimage\",\"url\":\"https:\\\/\\\/www.concert-hosteldieu.com\\\/wp-content\\\/uploads\\\/2022\\\/06\\\/Robert-mameli.jpg\",\"contentUrl\":\"https:\\\/\\\/www.concert-hosteldieu.com\\\/wp-content\\\/uploads\\\/2022\\\/06\\\/Robert-mameli.jpg\",\"width\":1920,\"height\":1440},{\"@type\":\"BreadcrumbList\",\"@id\":\"https:\\\/\\\/www.concert-hosteldieu.com\\\/nos-musiciens\\\/roberta-mameli\\\/#breadcrumb\",\"itemListElement\":[{\"@type\":\"ListItem\",\"position\":1,\"name\":\"Accueil\",\"item\":\"https:\\\/\\\/www.concert-hosteldieu.com\\\/\"},{\"@type\":\"ListItem\",\"position\":2,\"name\":\"Nos musiciens\",\"item\":\"https:\\\/\\\/www.concert-hosteldieu.com\\\/nos-musiciens\\\/\"},{\"@type\":\"ListItem\",\"position\":3,\"name\":\"Roberta Mameli\"}]},{\"@type\":\"WebSite\",\"@id\":\"https:\\\/\\\/www.concert-hosteldieu.com\\\/#website\",\"url\":\"https:\\\/\\\/www.concert-hosteldieu.com\\\/\",\"name\":\"Le Concert de l&#039;Hostel Dieu\",\"description\":\"Franck-Emmanuel Comte\",\"publisher\":{\"@id\":\"https:\\\/\\\/www.concert-hosteldieu.com\\\/#organization\"},\"potentialAction\":[{\"@type\":\"SearchAction\",\"target\":{\"@type\":\"EntryPoint\",\"urlTemplate\":\"https:\\\/\\\/www.concert-hosteldieu.com\\\/?s={search_term_string}\"},\"query-input\":{\"@type\":\"PropertyValueSpecification\",\"valueRequired\":true,\"valueName\":\"search_term_string\"}}],\"inLanguage\":\"en-GB\"},{\"@type\":\"Organization\",\"@id\":\"https:\\\/\\\/www.concert-hosteldieu.com\\\/#organization\",\"name\":\"Le Concert de l'Hostel Dieu\",\"url\":\"https:\\\/\\\/www.concert-hosteldieu.com\\\/\",\"logo\":{\"@type\":\"ImageObject\",\"inLanguage\":\"en-GB\",\"@id\":\"https:\\\/\\\/www.concert-hosteldieu.com\\\/#\\\/schema\\\/logo\\\/image\\\/\",\"url\":\"https:\\\/\\\/www.concert-hosteldieu.com\\\/wp-content\\\/uploads\\\/2021\\\/06\\\/logo-chd-noir-transparent.png\",\"contentUrl\":\"https:\\\/\\\/www.concert-hosteldieu.com\\\/wp-content\\\/uploads\\\/2021\\\/06\\\/logo-chd-noir-transparent.png\",\"width\":262,\"height\":106,\"caption\":\"Le Concert de l'Hostel Dieu\"},\"image\":{\"@id\":\"https:\\\/\\\/www.concert-hosteldieu.com\\\/#\\\/schema\\\/logo\\\/image\\\/\"},\"sameAs\":[\"https:\\\/\\\/www.facebook.com\\\/leconcert.delhosteldieu\",\"https:\\\/\\\/x.com\\\/CHDLyon\",\"https:\\\/\\\/instagram.com\\\/concert_hostel_dieu\",\"https:\\\/\\\/www.linkedin.com\\\/company\\\/le-concert-de-l'hostel-dieu\\\/\",\"https:\\\/\\\/www.youtube.com\\\/user\\\/CHDLyon\"]}]}<\/script>\n<!-- \/ Yoast SEO plugin. -->","yoast_head_json":{"title":"Roberta Mameli - Le Concert de l&#039;Hostel Dieu","robots":{"index":"index","follow":"follow","max-snippet":"max-snippet:-1","max-image-preview":"max-image-preview:large","max-video-preview":"max-video-preview:-1"},"canonical":"https:\/\/www.concert-hosteldieu.com\/en\/nos-musiciens\/roberta-mameli\/","og_locale":"en_GB","og_type":"article","og_title":"Roberta Mameli - Le Concert de l&#039;Hostel Dieu","og_description":"Roberta Mameli Soprano N\u00e9e \u00e0 Rome, Roberta Mameli, dipl\u00f4m\u00e9e en violon et en chant au Conservatoire de Nicolini \u00e0 Piacenza, a suivi des master classes avec Bernadette Manca di Nissa, Claudio Desderi, Konrad Richter et Enzo Dara. Elle est actuellement [&hellip;]","og_url":"https:\/\/www.concert-hosteldieu.com\/en\/nos-musiciens\/roberta-mameli\/","og_site_name":"Le Concert de l&#039;Hostel Dieu","article_publisher":"https:\/\/www.facebook.com\/leconcert.delhosteldieu","article_modified_time":"2025-11-17T11:30:33+00:00","og_image":[{"width":1920,"height":1440,"url":"https:\/\/www.concert-hosteldieu.com\/wp-content\/uploads\/2022\/06\/Robert-mameli.jpg","type":"image\/jpeg"}],"twitter_misc":{"Estimated reading time":"4 minutes"},"schema":{"@context":"https:\/\/schema.org","@graph":[{"@type":"WebPage","@id":"https:\/\/www.concert-hosteldieu.com\/nos-musiciens\/roberta-mameli\/","url":"https:\/\/www.concert-hosteldieu.com\/nos-musiciens\/roberta-mameli\/","name":"Roberta Mameli - Le Concert de l&#039;Hostel Dieu","isPartOf":{"@id":"https:\/\/www.concert-hosteldieu.com\/#website"},"primaryImageOfPage":{"@id":"https:\/\/www.concert-hosteldieu.com\/nos-musiciens\/roberta-mameli\/#primaryimage"},"image":{"@id":"https:\/\/www.concert-hosteldieu.com\/nos-musiciens\/roberta-mameli\/#primaryimage"},"thumbnailUrl":"https:\/\/www.concert-hosteldieu.com\/wp-content\/uploads\/2022\/06\/Robert-mameli.jpg","datePublished":"2022-06-21T14:33:25+00:00","dateModified":"2025-11-17T11:30:33+00:00","breadcrumb":{"@id":"https:\/\/www.concert-hosteldieu.com\/nos-musiciens\/roberta-mameli\/#breadcrumb"},"inLanguage":"en-GB","potentialAction":[{"@type":"ReadAction","target":["https:\/\/www.concert-hosteldieu.com\/nos-musiciens\/roberta-mameli\/"]}]},{"@type":"ImageObject","inLanguage":"en-GB","@id":"https:\/\/www.concert-hosteldieu.com\/nos-musiciens\/roberta-mameli\/#primaryimage","url":"https:\/\/www.concert-hosteldieu.com\/wp-content\/uploads\/2022\/06\/Robert-mameli.jpg","contentUrl":"https:\/\/www.concert-hosteldieu.com\/wp-content\/uploads\/2022\/06\/Robert-mameli.jpg","width":1920,"height":1440},{"@type":"BreadcrumbList","@id":"https:\/\/www.concert-hosteldieu.com\/nos-musiciens\/roberta-mameli\/#breadcrumb","itemListElement":[{"@type":"ListItem","position":1,"name":"Accueil","item":"https:\/\/www.concert-hosteldieu.com\/"},{"@type":"ListItem","position":2,"name":"Nos musiciens","item":"https:\/\/www.concert-hosteldieu.com\/nos-musiciens\/"},{"@type":"ListItem","position":3,"name":"Roberta Mameli"}]},{"@type":"WebSite","@id":"https:\/\/www.concert-hosteldieu.com\/#website","url":"https:\/\/www.concert-hosteldieu.com\/","name":"Le Concert de l&#039;Hostel Dieu","description":"Franck-Emmanuel Comte","publisher":{"@id":"https:\/\/www.concert-hosteldieu.com\/#organization"},"potentialAction":[{"@type":"SearchAction","target":{"@type":"EntryPoint","urlTemplate":"https:\/\/www.concert-hosteldieu.com\/?s={search_term_string}"},"query-input":{"@type":"PropertyValueSpecification","valueRequired":true,"valueName":"search_term_string"}}],"inLanguage":"en-GB"},{"@type":"Organization","@id":"https:\/\/www.concert-hosteldieu.com\/#organization","name":"Le Concert de l'Hostel Dieu","url":"https:\/\/www.concert-hosteldieu.com\/","logo":{"@type":"ImageObject","inLanguage":"en-GB","@id":"https:\/\/www.concert-hosteldieu.com\/#\/schema\/logo\/image\/","url":"https:\/\/www.concert-hosteldieu.com\/wp-content\/uploads\/2021\/06\/logo-chd-noir-transparent.png","contentUrl":"https:\/\/www.concert-hosteldieu.com\/wp-content\/uploads\/2021\/06\/logo-chd-noir-transparent.png","width":262,"height":106,"caption":"Le Concert de l'Hostel Dieu"},"image":{"@id":"https:\/\/www.concert-hosteldieu.com\/#\/schema\/logo\/image\/"},"sameAs":["https:\/\/www.facebook.com\/leconcert.delhosteldieu","https:\/\/x.com\/CHDLyon","https:\/\/instagram.com\/concert_hostel_dieu","https:\/\/www.linkedin.com\/company\/le-concert-de-l'hostel-dieu\/","https:\/\/www.youtube.com\/user\/CHDLyon"]}]}},"_links":{"self":[{"href":"https:\/\/www.concert-hosteldieu.com\/en\/wp-json\/wp\/v2\/pages\/17416","targetHints":{"allow":["GET"]}}],"collection":[{"href":"https:\/\/www.concert-hosteldieu.com\/en\/wp-json\/wp\/v2\/pages"}],"about":[{"href":"https:\/\/www.concert-hosteldieu.com\/en\/wp-json\/wp\/v2\/types\/page"}],"author":[{"embeddable":true,"href":"https:\/\/www.concert-hosteldieu.com\/en\/wp-json\/wp\/v2\/users\/2776"}],"replies":[{"embeddable":true,"href":"https:\/\/www.concert-hosteldieu.com\/en\/wp-json\/wp\/v2\/comments?post=17416"}],"version-history":[{"count":5,"href":"https:\/\/www.concert-hosteldieu.com\/en\/wp-json\/wp\/v2\/pages\/17416\/revisions"}],"predecessor-version":[{"id":23848,"href":"https:\/\/www.concert-hosteldieu.com\/en\/wp-json\/wp\/v2\/pages\/17416\/revisions\/23848"}],"up":[{"embeddable":true,"href":"https:\/\/www.concert-hosteldieu.com\/en\/wp-json\/wp\/v2\/pages\/12605"}],"wp:featuredmedia":[{"embeddable":true,"href":"https:\/\/www.concert-hosteldieu.com\/en\/wp-json\/wp\/v2\/media\/17417"}],"wp:attachment":[{"href":"https:\/\/www.concert-hosteldieu.com\/en\/wp-json\/wp\/v2\/media?parent=17416"}],"wp:term":[{"taxonomy":"category","embeddable":true,"href":"https:\/\/www.concert-hosteldieu.com\/en\/wp-json\/wp\/v2\/categories?post=17416"},{"taxonomy":"post_tag","embeddable":true,"href":"https:\/\/www.concert-hosteldieu.com\/en\/wp-json\/wp\/v2\/tags?post=17416"}],"curies":[{"name":"wp","href":"https:\/\/api.w.org\/{rel}","templated":true}]}}