{"id":16215,"date":"2021-08-20T10:02:23","date_gmt":"2021-08-20T09:02:23","guid":{"rendered":"https:\/\/www.concert-hosteldieu.com\/?page_id=16215"},"modified":"2025-07-07T10:57:02","modified_gmt":"2025-07-07T09:57:02","slug":"mecenat-particulier","status":"publish","type":"page","link":"https:\/\/www.concert-hosteldieu.com\/en\/mecenat-particulier\/","title":{"rendered":"Individual sponsorship"},"content":{"rendered":"<h1>\n\t\t\t\tSponsorship\n\t\t\t<\/h1>\n\t<ul>\n\t\t\t<li>\n\t\t\t<h4>\n\t\t\t\t<a href=\"\" target=\"_self\"  data-hover=\"M\u00e9c\u00e9nat particulier\" aria-label=\"Individual sponsorship\">Individual sponsorship<\/a>\n\t\t\t<\/h4>\n\t\t<\/li>\n\t\t\t\t<\/ul>\n\t<ul>\n\t\t\t<li>\n\t\t\t<h4>\n\t\t\t\t<a href=\"https:\/\/www.concert-hosteldieu.com\/en\/mecenat-entreprise\/\" target=\"_self\"  data-hover=\"M\u00e9c\u00e9nat d&#039;entreprise\" aria-label=\"Corporate sponsorship\">M\u00e9c\u00e9nat d&#039;entreprise<\/a>\n\t\t\t<\/h4>\n\t\t<\/li>\n\t\t\t\t<\/ul>\n<p>Le Concert de l&rsquo;Hostel Dieu fait appel \u00e0 votre soutien pour donner vie \u00e0 ses projets de restitution et de cr\u00e9ation. L&rsquo;ensemble honore un engagement, celui de transmettre une culture de l&rsquo;excellence \u00e0 un public non initi\u00e9, et le faire vibrer. Le Concert de l&rsquo;Hostel Dieu propose aux g\u00e9n\u00e9reux donateurs qui s&rsquo;engagent \u00e0 ses c\u00f4t\u00e9s de d\u00e9couvrir les coulisses et de suivre les \u00e9tapes de cr\u00e9ation au plus pr\u00e8s des artistes.<\/p>\n<strong>Join the sponsors<\/strong> du Concert de l&rsquo;Hostel Dieu et accompagnez la mise en place de projets artistiques d&rsquo;exception.<br \/>\n<strong>Get involved<\/strong> de la vie musicale de l&rsquo;ensemble : d\u00e9couverte des coulisses des concerts, moments privil\u00e9gi\u00e9s avec les artistes&#8230;<br \/>\n<strong>B\u00e9n\u00e9ficiez d&rsquo;acc\u00e8s exclusif<\/strong> to artistic projects via original rewards.\n\t<h4>\n\t\t\t\tSUPPORT AN ENSEMBLE THAT REFLECTS YOUR IMAGE\n\t\t\t<\/h4>\n<p>Le Concert de l&rsquo;Hostel Dieu a l&rsquo;honneur d&rsquo;\u00eatre en r\u00e9sidence \u00e0 la Chapelle de la Trinit\u00e9 depuis 1 an ! Cette ann\u00e9e plus que jamais, votre soutien est essentiel pour nous aider \u00e0 <strong>put baroque music back in everyone's heart.\u00a0<\/strong><\/p>\n<p>Gr\u00e2ce \u00e0 vous, de la cr\u00e9ation \u00e0 l&rsquo;\u00e9ducation artistique et culturelle en passant par les projets d&rsquo;inclusivit\u00e9, nous r\u00e9aliserons une saison qui nous <strong>ressemble<\/strong> et qui <strong>rassemble\u00a0<\/strong>:<\/p>\n<ul>\n<li><strong>Artistic and cultural education <\/strong>: aidez-nous \u00e0 d\u00e9velopper notre mission d&rsquo;initiation et de sensibilisation \u00e0 la musique baroque en finan\u00e7ant la <strong><a href=\"https:\/\/www.concert-hosteldieu.com\/en\/pepiniere-baroque\/\" target=\"_blank\" rel=\"noopener\"><em>P\u00e9pini\u00e8re Baroque<\/em><\/a><\/strong>\u00a0(educational workshops and concerts for young audiences)!<\/li>\n<li><strong>Inclusivity <\/strong>: donner l&rsquo;opportunit\u00e9 \u00e0 un public dit \u00ab emp\u00each\u00e9 \u00bb de vivre une exp\u00e9rience authentique sur sc\u00e8ne avec des artistes professionnels !<\/li>\n<li><strong>Creation and distribution\u00a0<\/strong>: en avant-premi\u00e8re, d\u00e9couvrez les coulisses de nouvelles cr\u00e9ations du CHD !<\/li>\n<li><strong>Projets exceptionnels<\/strong> : Accompagnement dans les tourn\u00e9es internationales et les enregistrements de disques prestigieux.<\/li>\n<\/ul>\n<p><strong>Tailor-made sponsorship<\/strong><\/p>\n<ul>\n<li>The <strong>friends<\/strong> du Concert de l&rsquo;Hostel Dieu : de 100 \u00e0 250 \u20ac<\/li>\n<li>The <strong>benefactors<\/strong> du Concert de l&rsquo;Hostel Dieu : de 250 \u00e0 500 \u20ac<\/li>\n<li>The <strong>major sponsors<\/strong> du Concert de l&rsquo;Hostel Dieu\u00a0: \u00e0 partir de 500 \u20ac<\/li>\n<\/ul>\n\t<h4>\n\t\t\t\tUPCOMING EVENTS FOR SPONSORS\n\t\t\t<\/h4>\n\t\t\t\t<table>\n\t\t\t\t\t<thead>\n\t\t\t\t\t\t\t\t\t\t\t\t\t\t<tr>\n\t\t\t\t\t\t\t\t\t\t\t\t\t\t\t<th rowspan=\"\" colspan=\"\">\n\t\t\t\t\t\t\t\t\t\t\t\t\t\t\t\t\t<label>\n\t\t\t\t\t\t\t\t\t\t<\/label><label> \u00c9v\u00e9nements privil\u00e8ges 2025-2026 <\/label>\n\t\t\t\t\t\t\t\t\t\n\t\t\t\t\t\t\t\t\t\t\t\t\t\t\t\t\t<\/th>\n\t\t\t\t\t\t\t\t\t\t\t\t\t\t<th rowspan=\"\" colspan=\"\">\n\t\t\t\t\t\t\t\t\t\t\t\t\t\t\t\t\t<label>\n\t\t\t\t\t\t\t\t\t\t<\/label><label> Friend <\/label>\n\t\t\t\t\t\t\t\t\t\n\t\t\t\t\t\t\t\t\t\t\t\t\t\t\t\t\t<\/th>\n\t\t\t\t\t\t\t\t\t\t\t\t\t\t<th rowspan=\"\" colspan=\"\">\n\t\t\t\t\t\t\t\t\t\t\t\t\t\t\t\t\t<label>\n\t\t\t\t\t\t\t\t\t\t<\/label><label> Benefactor <\/label>\n\t\t\t\t\t\t\t\t\t\n\t\t\t\t\t\t\t\t\t\t\t\t\t\t\t\t\t<\/th>\n\t\t\t\t\t\t\t\t\t\t\t\t\t\t<th rowspan=\"\" colspan=\"\">\n\t\t\t\t\t\t\t\t\t\t Major sponsor \n\t\t\t\t\t\t\t\t\t\t\t\t\t\t\t\t\t<\/th>\n\t\t\t\t\t\t\t\t\t\t\t<\/tr><\/thead>\n\t\t\t\t\t<tbody>\n\t\t\t\t\t\t\t\t\t\t\t\t\t\t\t<tr>\n\t\t\t\t\t\t\t\t\t\t\t\t\t\t\t\t\t\t\t\t<td colspan=\"\" rowspan=\"\">\n\t\t\t\t\t\t\t\t\t\t\t\t\t\t\t\t\t\t\t\t\t\t\t Newsletter des m\u00e9c\u00e8nes \n\t\t\t\t\t\t\t\t\t\t\t\t\t\t\t\t\t\t\t\t\t\t\t<\/td>\n\t\t\t\t\t\t\t\t\t\t\t\t\t\t\t\t<td colspan=\"\" rowspan=\"\">\n\t\t\t\t\t\t\t\t\t\t\t\t\t\t\t\t\t\t\t\t\t\t\t X \n\t\t\t\t\t\t\t\t\t\t\t\t\t\t\t\t\t\t\t\t\t\t\t<\/td>\n\t\t\t\t\t\t\t\t\t\t\t\t\t\t\t\t<td colspan=\"\" rowspan=\"\">\n\t\t\t\t\t\t\t\t\t\t\t\t\t\t\t\t\t\t\t\t\t\t\t X \n\t\t\t\t\t\t\t\t\t\t\t\t\t\t\t\t\t\t\t\t\t\t\t<\/td>\n\t\t\t\t\t\t\t\t\t\t\t\t\t\t\t\t<td colspan=\"\" rowspan=\"\">\n\t\t\t\t\t\t\t\t\t\t\t\t\t\t\t\t\t\t\t\t\t\t\t X \n\t\t\t\t\t\t\t\t\t\t\t\t\t\t\t\t\t\t\t\t\t\t\t<\/td>\n\t\t\t\t\t\t\t\t\t\t\t\t\t\t\t<\/tr><tr>\n\t\t\t\t\t\t\t\t\t\t\t\t\t\t\t\t\t\t\t\t<td colspan=\"\" rowspan=\"\">\n\t\t\t\t\t\t\t\t\t\t\t\t\t\t\t\t\t\t\t\t\t\t\t Octobre 2025 : Assistez \u00e0 une r\u00e9p\u00e9tition du concert \u00ab\u00a0Vivaldi, Divina Stella\u00a0\u00bb \n\t\t\t\t\t\t\t\t\t\t\t\t\t\t\t\t\t\t\t\t\t\t\t<\/td>\n\t\t\t\t\t\t\t\t\t\t\t\t\t\t\t\t<td colspan=\"\" rowspan=\"\">\n\t\t\t\t\t\t\t\t\t\t\t\t\t\t\t\t\t\t\t\t\t\t\t X \n\t\t\t\t\t\t\t\t\t\t\t\t\t\t\t\t\t\t\t\t\t\t\t<\/td>\n\t\t\t\t\t\t\t\t\t\t\t\t\t\t\t\t<td colspan=\"\" rowspan=\"\">\n\t\t\t\t\t\t\t\t\t\t\t\t\t\t\t\t\t\t\t\t\t\t\t X \n\t\t\t\t\t\t\t\t\t\t\t\t\t\t\t\t\t\t\t\t\t\t\t<\/td>\n\t\t\t\t\t\t\t\t\t\t\t\t\t\t\t\t<td colspan=\"\" rowspan=\"\">\n\t\t\t\t\t\t\t\t\t\t\t\t\t\t\t\t\t\t\t\t\t\t\t X \n\t\t\t\t\t\t\t\t\t\t\t\t\t\t\t\t\t\t\t\t\t\t\t<\/td>\n\t\t\t\t\t\t\t\t\t\t\t\t\t\t\t<\/tr><tr>\n\t\t\t\t\t\t\t\t\t\t\t\t\t\t\t\t\t\t\t\t<td colspan=\"\" rowspan=\"\">\n\t\t\t\t\t\t\t\t\t\t\t\t\t\t\t\t\t\t\t\t\t\t\t Novembre 2025 : Assistez \u00e0 l&rsquo;enregistrement du disque Furioso \n\t\t\t\t\t\t\t\t\t\t\t\t\t\t\t\t\t\t\t\t\t\t\t<\/td>\n\t\t\t\t\t\t\t\t\t\t\t\t\t\t\t\t<td colspan=\"\" rowspan=\"\">\n\t\t\t\t\t\t\t\t\t\t\t\t\t\t\t\t\t\t\t\t\t\t\t<\/td>\n\t\t\t\t\t\t\t\t\t\t\t\t\t\t\t\t<td colspan=\"\" rowspan=\"\">\n\t\t\t\t\t\t\t\t\t\t\t\t\t\t\t\t\t\t\t\t\t\t\t<\/td>\n\t\t\t\t\t\t\t\t\t\t\t\t\t\t\t\t<td colspan=\"\" rowspan=\"\">\n\t\t\t\t\t\t\t\t\t\t\t\t\t\t\t\t\t\t\t\t\t\t\t X \n\t\t\t\t\t\t\t\t\t\t\t\t\t\t\t\t\t\t\t\t\t\t\t<\/td>\n\t\t\t\t\t\t\t\t\t\t\t\t\t\t\t<\/tr><tr>\n\t\t\t\t\t\t\t\t\t\t\t\t\t\t\t\t\t\t\t\t<td colspan=\"\" rowspan=\"\">\n\t\t\t\t\t\t\t\t\t\t\t\t\t\t\t\t\t\t\t\t\t\t\t D\u00e9cembre 2025 : Apr\u00e8s-concert festif \u00e0 l&rsquo;occasion du concert No\u00ebl Napolitain \n\t\t\t\t\t\t\t\t\t\t\t\t\t\t\t\t\t\t\t\t\t\t\t<\/td>\n\t\t\t\t\t\t\t\t\t\t\t\t\t\t\t\t<td colspan=\"\" rowspan=\"\">\n\t\t\t\t\t\t\t\t\t\t\t\t\t\t\t\t\t\t\t\t\t\t\t X \n\t\t\t\t\t\t\t\t\t\t\t\t\t\t\t\t\t\t\t\t\t\t\t<\/td>\n\t\t\t\t\t\t\t\t\t\t\t\t\t\t\t\t<td colspan=\"\" rowspan=\"\">\n\t\t\t\t\t\t\t\t\t\t\t\t\t\t\t\t\t\t\t\t\t\t\t X \n\t\t\t\t\t\t\t\t\t\t\t\t\t\t\t\t\t\t\t\t\t\t\t<\/td>\n\t\t\t\t\t\t\t\t\t\t\t\t\t\t\t\t<td colspan=\"\" rowspan=\"\">\n\t\t\t\t\t\t\t\t\t\t\t\t\t\t\t\t\t\t\t\t\t\t\t X \n\t\t\t\t\t\t\t\t\t\t\t\t\t\t\t\t\t\t\t\t\t\t\t<\/td>\n\t\t\t\t\t\t\t\t\t\t\t\t\t\t\t<\/tr><tr>\n\t\t\t\t\t\t\t\t\t\t\t\t\t\t\t\t\t\t\t\t<td colspan=\"4\" rowspan=\"\">\n\t\t\t\t\t\t\t\t\t\t\t\t\t\t\t 2026 : Autres \u00e9v\u00e8nements \u00e0 venir \n\t\t\t\t\t\t\t\t\t\t\t\t\t\t\t\t\t\t\t\t\t\t\t\t<\/td>\n\t\t\t\t\t\t\t\t\t\t\t<\/tr><\/tbody>\n\t\t\t\t<\/table>\n\t<h4>\n\t\t\t\tHOW TO MAKE A DONATION?\n\t\t\t<\/h4>\n\t<p>Votre don au CHD vous permet de b\u00e9n\u00e9ficier d&rsquo;une r\u00e9duction d&rsquo;imp\u00f4t de 66 % des sommes vers\u00e9es, dans la limite de 20 % de votre revenu imposable.<\/p>\n<p><strong>Annual donation, from \u20ac100:<\/strong><\/p>\n<ul>\n<li>A donation of \u20ac100 is equivalent to \u20ac34 after tax deduction<\/li>\n<li>A donation of \u20ac300 corresponds to \u20ac102 after tax deduction<\/li>\n<\/ul>\nDownload the <a href=\"https:\/\/www.concert-hosteldieu.com\/wp-content\/uploads\/2025\/07\/CHD25_Mecenat_bulletin-de-don.pdf\" target=\"_blank\" rel=\"noopener\">paper donation form<\/a> and make your donation:<br \/>\nPar virement : IBAN FR76 1680 7004 0000 2005 2248 592 &#8211; BIC : CCBPFRPPGRE<br \/>\nPar ch\u00e8que : \u00e0 l&rsquo;ordre de <em>Le Concert de l&rsquo;Hostel Dieu<\/em>, \u00e0 envoyer au <em>10 rue Bourgelat &#8211; 69002 Lyon<\/em>\n<strong>Monthly donation, from \u20ac10 per month:<\/strong><br \/>\nMake an online donation <a href=\"https:\/\/www.helloasso.com\/associations\/le-concert-de-l-hostel-dieu\/formulaires\/1\/\" target=\"_blank\" rel=\"noopener\">using the HelloAsso form.<\/a><br \/>\n<em>HelloAsso est une entreprise sociale et solidaire, qui fournit gratuitement ses technologies de paiement \u00e0 l&rsquo;association Le Concert de l&rsquo;Hostel Dieu.<\/em>\n<p>Un re\u00e7u fiscal vous sera remis en fin d&rsquo;ann\u00e9e civile, quelle que soit la modalit\u00e9 de versement choisie.<\/p>\n\t<h4>\n\t\t\t\tThank you to all the sponsors who have supported us over the last two years!\n\t\t\t<\/h4>\n<p>Fran\u00e7oise Arcadio, Odette Balandraud, Alice Berthier, Martine Billard, Alain Blanchard, Anne Bolliet, Claude &amp; Jacques Bourne, Michel Bouyer, Josiane &amp; Jacques Brule, Marie-Dominique Buffiere, Jean-Fran\u00e7ois et Marie-No\u00eblle Cleret, Arlette Couzon, Anne de Vivies, Jean-Claude &amp; Emmanuelle Debanne, Claudie Demain, Fran\u00e7oise Derre, Yves &amp; Blandine Emery, Marie Laure Fiquet, Josette Fontaine, B\u00e9atrice Fraizy, Jean-Claude &amp; Bernadette Gas, Christian &amp; Josette Gayet, Claude Gharib, Esther Giraud, Claire Guintini, Jean-Luc Gutzwiller, Jacques Joatton, Jean-No\u00ebl &amp; Marie-Claude Joatton, Michelle Joatton, Gilbert Karagueuzian, Jean-Jacques &amp; Evelyne Lacoste, Robert &amp; Michele Lavaux, Fran\u00e7ois &amp; Catherine Legrand, Guillaume Malquarti, Jean-Baptiste &amp; Denise Mayet, Jean-Pierre Mollon, Muriel Ninel, Patricia Ninel, B\u00e9n\u00e9dicte Perrin-Boutiers &amp; Olivier Leynaud, Christel Peyrot, Philippe &amp; Angeline Pieron, Pierre Pigaglio, Claire Saddy, Fran\u00e7ois &amp; Helene Salord, Emmanuelle Sarret, Luce Tison, Beno\u00eet Tracol, Val\u00e9rie Vericel, Colette Zederman &amp; u<em>n certain nombre de nos m\u00e9c\u00e8nes qui souhaitent garder l&rsquo;anonymat.<\/em><\/p>\n\t\t\t<a href=\"mailto:communication@concert-hosteldieu.com\" title=\"Cliquez ici\" target=\"_blank\" rel=\"noopener\"  role=\"button\" aria-label=\"Votre contact privil\u00e9gi\u00e9\">\n\t\t\t\t\t\t\t\t\t\t\tVotre contact privil\u00e9gi\u00e9\n\t\t<\/a>\n\t\t\t<a href=\"https:\/\/www.concert-hosteldieu.com\/wp-content\/uploads\/2025\/07\/CHD25_Mecenat_bulletin-de-don.pdf\" title=\"Cliquez ici\" target=\"_blank\" rel=\"noopener\"  role=\"button\" aria-label=\"Download the donation form\">\n\t\t\t\t\t\t\t\t\t\t\tDownload the donation form\n\t\t<\/a>\n\t\t\t<a href=\"#don\" title=\"Cliquez ici\" target=\"_self\"   role=\"button\" aria-label=\"Make an online donation via Helloasso\">\n\t\t\t\t\t\t\t\t\t\t\tMake an online donation via Helloasso\n\t\t<\/a>\n\t<iframe id=\"haWidget\" allowtransparency=\"true\" scrolling=\"auto\" src=\"https:\/\/www.helloasso.com\/associations\/le-concert-de-l-hostel-dieu\/formulaires\/1\/widget\" onload=\"window.scroll(0, this.offsetTop)\"><\/iframe>","protected":false},"excerpt":{"rendered":"<p>M\u00e9c\u00e9nat M\u00e9c\u00e9nat particulier M\u00e9c\u00e9nat d&#039;entreprise Le Concert de l&rsquo;Hostel Dieu fait appel \u00e0 votre soutien pour donner vie \u00e0 ses projets de restitution et de cr\u00e9ation. L&rsquo;ensemble honore un engagement, celui de transmettre une culture de l&rsquo;excellence \u00e0 un public [&hellip;]<\/p>\n","protected":false},"author":2776,"featured_media":0,"parent":0,"menu_order":0,"comment_status":"closed","ping_status":"closed","template":"","meta":{"site-sidebar-layout":"no-sidebar","site-content-layout":"page-builder","ast-site-content-layout":"full-width-container","site-content-style":"unboxed","site-sidebar-style":"unboxed","ast-global-header-display":"","ast-banner-title-visibility":"","ast-main-header-display":"","ast-hfb-above-header-display":"","ast-hfb-below-header-display":"","ast-hfb-mobile-header-display":"","site-post-title":"disabled","ast-breadcrumbs-content":"","ast-featured-img":"disabled","footer-sml-layout":"","ast-disable-related-posts":"","theme-transparent-header-meta":"enabled","adv-header-id-meta":"","stick-header-meta":"default","header-above-stick-meta":"","header-main-stick-meta":"","header-below-stick-meta":"","astra-migrate-meta-layouts":"set","ast-page-background-enabled":"default","ast-page-background-meta":{"desktop":{"background-color":"","background-image":"","background-repeat":"repeat","background-position":"center center","background-size":"auto","background-attachment":"scroll","background-type":"","background-media":"","overlay-type":"","overlay-color":"","overlay-opacity":"","overlay-gradient":""},"tablet":{"background-color":"","background-image":"","background-repeat":"repeat","background-position":"center center","background-size":"auto","background-attachment":"scroll","background-type":"","background-media":"","overlay-type":"","overlay-color":"","overlay-opacity":"","overlay-gradient":""},"mobile":{"background-color":"","background-image":"","background-repeat":"repeat","background-position":"center center","background-size":"auto","background-attachment":"scroll","background-type":"","background-media":"","overlay-type":"","overlay-color":"","overlay-opacity":"","overlay-gradient":""}},"ast-content-background-meta":{"desktop":{"background-color":"var(--ast-global-color-5)","background-image":"","background-repeat":"repeat","background-position":"center center","background-size":"auto","background-attachment":"scroll","background-type":"","background-media":"","overlay-type":"","overlay-color":"","overlay-opacity":"","overlay-gradient":""},"tablet":{"background-color":"var(--ast-global-color-5)","background-image":"","background-repeat":"repeat","background-position":"center center","background-size":"auto","background-attachment":"scroll","background-type":"","background-media":"","overlay-type":"","overlay-color":"","overlay-opacity":"","overlay-gradient":""},"mobile":{"background-color":"var(--ast-global-color-5)","background-image":"","background-repeat":"repeat","background-position":"center center","background-size":"auto","background-attachment":"scroll","background-type":"","background-media":"","overlay-type":"","overlay-color":"","overlay-opacity":"","overlay-gradient":""}},"footnotes":""},"categories":[161],"tags":[],"class_list":["post-16215","page","type-page","status-publish","hentry","category-nous-rejoindre"],"yoast_head":"<!-- This site is optimized with the Yoast SEO plugin v27.4 - https:\/\/yoast.com\/product\/yoast-seo-wordpress\/ -->\n<title>M\u00e9c\u00e9nat particulier - Le Concert de l&#039;Hostel Dieu<\/title>\n<meta name=\"robots\" content=\"index, follow, max-snippet:-1, max-image-preview:large, max-video-preview:-1\" \/>\n<link rel=\"canonical\" href=\"https:\/\/www.concert-hosteldieu.com\/en\/mecenat-particulier\/\" \/>\n<meta property=\"og:locale\" content=\"en_GB\" \/>\n<meta property=\"og:type\" content=\"article\" \/>\n<meta property=\"og:title\" content=\"M\u00e9c\u00e9nat particulier - Le Concert de l&#039;Hostel Dieu\" \/>\n<meta property=\"og:description\" content=\"M\u00e9c\u00e9nat M\u00e9c\u00e9nat particulier M\u00e9c\u00e9nat d&#039;entreprise Le Concert de l&rsquo;Hostel Dieu fait appel \u00e0 votre soutien pour donner vie \u00e0 ses projets de restitution et de cr\u00e9ation. L&rsquo;ensemble honore un engagement, celui de transmettre une culture de l&rsquo;excellence \u00e0 un public [&hellip;]\" \/>\n<meta property=\"og:url\" content=\"https:\/\/www.concert-hosteldieu.com\/en\/mecenat-particulier\/\" \/>\n<meta property=\"og:site_name\" content=\"Le Concert de l&#039;Hostel Dieu\" \/>\n<meta property=\"article:publisher\" content=\"https:\/\/www.facebook.com\/leconcert.delhosteldieu\" \/>\n<meta property=\"article:modified_time\" content=\"2025-07-07T09:57:02+00:00\" \/>\n<meta name=\"twitter:label1\" content=\"Estimated reading time\" \/>\n\t<meta name=\"twitter:data1\" content=\"5 minutes\" \/>\n<script type=\"application\/ld+json\" class=\"yoast-schema-graph\">{\"@context\":\"https:\\\/\\\/schema.org\",\"@graph\":[{\"@type\":\"WebPage\",\"@id\":\"https:\\\/\\\/www.concert-hosteldieu.com\\\/mecenat-particulier\\\/\",\"url\":\"https:\\\/\\\/www.concert-hosteldieu.com\\\/mecenat-particulier\\\/\",\"name\":\"M\u00e9c\u00e9nat particulier - Le Concert de l&#039;Hostel Dieu\",\"isPartOf\":{\"@id\":\"https:\\\/\\\/www.concert-hosteldieu.com\\\/#website\"},\"datePublished\":\"2021-08-20T09:02:23+00:00\",\"dateModified\":\"2025-07-07T09:57:02+00:00\",\"breadcrumb\":{\"@id\":\"https:\\\/\\\/www.concert-hosteldieu.com\\\/mecenat-particulier\\\/#breadcrumb\"},\"inLanguage\":\"en-GB\",\"potentialAction\":[{\"@type\":\"ReadAction\",\"target\":[\"https:\\\/\\\/www.concert-hosteldieu.com\\\/mecenat-particulier\\\/\"]}]},{\"@type\":\"BreadcrumbList\",\"@id\":\"https:\\\/\\\/www.concert-hosteldieu.com\\\/mecenat-particulier\\\/#breadcrumb\",\"itemListElement\":[{\"@type\":\"ListItem\",\"position\":1,\"name\":\"Accueil\",\"item\":\"https:\\\/\\\/www.concert-hosteldieu.com\\\/\"},{\"@type\":\"ListItem\",\"position\":2,\"name\":\"M\u00e9c\u00e9nat particulier\"}]},{\"@type\":\"WebSite\",\"@id\":\"https:\\\/\\\/www.concert-hosteldieu.com\\\/#website\",\"url\":\"https:\\\/\\\/www.concert-hosteldieu.com\\\/\",\"name\":\"Le Concert de l&#039;Hostel Dieu\",\"description\":\"Franck-Emmanuel Comte\",\"publisher\":{\"@id\":\"https:\\\/\\\/www.concert-hosteldieu.com\\\/#organization\"},\"potentialAction\":[{\"@type\":\"SearchAction\",\"target\":{\"@type\":\"EntryPoint\",\"urlTemplate\":\"https:\\\/\\\/www.concert-hosteldieu.com\\\/?s={search_term_string}\"},\"query-input\":{\"@type\":\"PropertyValueSpecification\",\"valueRequired\":true,\"valueName\":\"search_term_string\"}}],\"inLanguage\":\"en-GB\"},{\"@type\":\"Organization\",\"@id\":\"https:\\\/\\\/www.concert-hosteldieu.com\\\/#organization\",\"name\":\"Le Concert de l'Hostel Dieu\",\"url\":\"https:\\\/\\\/www.concert-hosteldieu.com\\\/\",\"logo\":{\"@type\":\"ImageObject\",\"inLanguage\":\"en-GB\",\"@id\":\"https:\\\/\\\/www.concert-hosteldieu.com\\\/#\\\/schema\\\/logo\\\/image\\\/\",\"url\":\"https:\\\/\\\/www.concert-hosteldieu.com\\\/wp-content\\\/uploads\\\/2021\\\/06\\\/logo-chd-noir-transparent.png\",\"contentUrl\":\"https:\\\/\\\/www.concert-hosteldieu.com\\\/wp-content\\\/uploads\\\/2021\\\/06\\\/logo-chd-noir-transparent.png\",\"width\":262,\"height\":106,\"caption\":\"Le Concert de l'Hostel Dieu\"},\"image\":{\"@id\":\"https:\\\/\\\/www.concert-hosteldieu.com\\\/#\\\/schema\\\/logo\\\/image\\\/\"},\"sameAs\":[\"https:\\\/\\\/www.facebook.com\\\/leconcert.delhosteldieu\",\"https:\\\/\\\/x.com\\\/CHDLyon\",\"https:\\\/\\\/instagram.com\\\/concert_hostel_dieu\",\"https:\\\/\\\/www.linkedin.com\\\/company\\\/le-concert-de-l'hostel-dieu\\\/\",\"https:\\\/\\\/www.youtube.com\\\/user\\\/CHDLyon\"]}]}<\/script>\n<!-- \/ Yoast SEO plugin. -->","yoast_head_json":{"title":"M\u00e9c\u00e9nat particulier - Le Concert de l&#039;Hostel Dieu","robots":{"index":"index","follow":"follow","max-snippet":"max-snippet:-1","max-image-preview":"max-image-preview:large","max-video-preview":"max-video-preview:-1"},"canonical":"https:\/\/www.concert-hosteldieu.com\/en\/mecenat-particulier\/","og_locale":"en_GB","og_type":"article","og_title":"M\u00e9c\u00e9nat particulier - Le Concert de l&#039;Hostel Dieu","og_description":"M\u00e9c\u00e9nat M\u00e9c\u00e9nat particulier M\u00e9c\u00e9nat d&#039;entreprise Le Concert de l&rsquo;Hostel Dieu fait appel \u00e0 votre soutien pour donner vie \u00e0 ses projets de restitution et de cr\u00e9ation. L&rsquo;ensemble honore un engagement, celui de transmettre une culture de l&rsquo;excellence \u00e0 un public [&hellip;]","og_url":"https:\/\/www.concert-hosteldieu.com\/en\/mecenat-particulier\/","og_site_name":"Le Concert de l&#039;Hostel Dieu","article_publisher":"https:\/\/www.facebook.com\/leconcert.delhosteldieu","article_modified_time":"2025-07-07T09:57:02+00:00","twitter_misc":{"Estimated reading time":"5 minutes"},"schema":{"@context":"https:\/\/schema.org","@graph":[{"@type":"WebPage","@id":"https:\/\/www.concert-hosteldieu.com\/mecenat-particulier\/","url":"https:\/\/www.concert-hosteldieu.com\/mecenat-particulier\/","name":"M\u00e9c\u00e9nat particulier - Le Concert de l&#039;Hostel Dieu","isPartOf":{"@id":"https:\/\/www.concert-hosteldieu.com\/#website"},"datePublished":"2021-08-20T09:02:23+00:00","dateModified":"2025-07-07T09:57:02+00:00","breadcrumb":{"@id":"https:\/\/www.concert-hosteldieu.com\/mecenat-particulier\/#breadcrumb"},"inLanguage":"en-GB","potentialAction":[{"@type":"ReadAction","target":["https:\/\/www.concert-hosteldieu.com\/mecenat-particulier\/"]}]},{"@type":"BreadcrumbList","@id":"https:\/\/www.concert-hosteldieu.com\/mecenat-particulier\/#breadcrumb","itemListElement":[{"@type":"ListItem","position":1,"name":"Accueil","item":"https:\/\/www.concert-hosteldieu.com\/"},{"@type":"ListItem","position":2,"name":"M\u00e9c\u00e9nat particulier"}]},{"@type":"WebSite","@id":"https:\/\/www.concert-hosteldieu.com\/#website","url":"https:\/\/www.concert-hosteldieu.com\/","name":"Le Concert de l&#039;Hostel Dieu","description":"Franck-Emmanuel Comte","publisher":{"@id":"https:\/\/www.concert-hosteldieu.com\/#organization"},"potentialAction":[{"@type":"SearchAction","target":{"@type":"EntryPoint","urlTemplate":"https:\/\/www.concert-hosteldieu.com\/?s={search_term_string}"},"query-input":{"@type":"PropertyValueSpecification","valueRequired":true,"valueName":"search_term_string"}}],"inLanguage":"en-GB"},{"@type":"Organization","@id":"https:\/\/www.concert-hosteldieu.com\/#organization","name":"Le Concert de l'Hostel Dieu","url":"https:\/\/www.concert-hosteldieu.com\/","logo":{"@type":"ImageObject","inLanguage":"en-GB","@id":"https:\/\/www.concert-hosteldieu.com\/#\/schema\/logo\/image\/","url":"https:\/\/www.concert-hosteldieu.com\/wp-content\/uploads\/2021\/06\/logo-chd-noir-transparent.png","contentUrl":"https:\/\/www.concert-hosteldieu.com\/wp-content\/uploads\/2021\/06\/logo-chd-noir-transparent.png","width":262,"height":106,"caption":"Le Concert de l'Hostel Dieu"},"image":{"@id":"https:\/\/www.concert-hosteldieu.com\/#\/schema\/logo\/image\/"},"sameAs":["https:\/\/www.facebook.com\/leconcert.delhosteldieu","https:\/\/x.com\/CHDLyon","https:\/\/instagram.com\/concert_hostel_dieu","https:\/\/www.linkedin.com\/company\/le-concert-de-l'hostel-dieu\/","https:\/\/www.youtube.com\/user\/CHDLyon"]}]}},"_links":{"self":[{"href":"https:\/\/www.concert-hosteldieu.com\/en\/wp-json\/wp\/v2\/pages\/16215","targetHints":{"allow":["GET"]}}],"collection":[{"href":"https:\/\/www.concert-hosteldieu.com\/en\/wp-json\/wp\/v2\/pages"}],"about":[{"href":"https:\/\/www.concert-hosteldieu.com\/en\/wp-json\/wp\/v2\/types\/page"}],"author":[{"embeddable":true,"href":"https:\/\/www.concert-hosteldieu.com\/en\/wp-json\/wp\/v2\/users\/2776"}],"replies":[{"embeddable":true,"href":"https:\/\/www.concert-hosteldieu.com\/en\/wp-json\/wp\/v2\/comments?post=16215"}],"version-history":[{"count":6,"href":"https:\/\/www.concert-hosteldieu.com\/en\/wp-json\/wp\/v2\/pages\/16215\/revisions"}],"predecessor-version":[{"id":23519,"href":"https:\/\/www.concert-hosteldieu.com\/en\/wp-json\/wp\/v2\/pages\/16215\/revisions\/23519"}],"wp:attachment":[{"href":"https:\/\/www.concert-hosteldieu.com\/en\/wp-json\/wp\/v2\/media?parent=16215"}],"wp:term":[{"taxonomy":"category","embeddable":true,"href":"https:\/\/www.concert-hosteldieu.com\/en\/wp-json\/wp\/v2\/categories?post=16215"},{"taxonomy":"post_tag","embeddable":true,"href":"https:\/\/www.concert-hosteldieu.com\/en\/wp-json\/wp\/v2\/tags?post=16215"}],"curies":[{"name":"wp","href":"https:\/\/api.w.org\/{rel}","templated":true}]}}