{"id":16181,"date":"2021-08-19T13:28:22","date_gmt":"2021-08-19T12:28:22","guid":{"rendered":"https:\/\/www.concert-hosteldieu.com\/?page_id=16181"},"modified":"2025-02-13T12:22:55","modified_gmt":"2025-02-13T11:22:55","slug":"mecenat-entreprise","status":"publish","type":"page","link":"https:\/\/www.concert-hosteldieu.com\/en\/mecenat-entreprise\/","title":{"rendered":"M\u00e9c\u00e9nat d&rsquo;entreprise"},"content":{"rendered":"<h1>\n\t\t\t\tSponsorship\n\t\t\t<\/h1>\n\t<ul>\n\t\t\t<li>\n\t\t\t<h4>\n\t\t\t\t<a href=\"https:\/\/www.concert-hosteldieu.com\/en\/mecenat-particulier\/\" target=\"_self\"  data-hover=\"M\u00e9c\u00e9nat particulier\">Individual sponsorship<\/a>\n\t\t\t<\/h4>\n\t\t<\/li>\n\t\t\t\t<\/ul>\n\t<ul>\n\t\t\t<li>\n\t\t\t<h4>\n\t\t\t\t<a href=\"\" target=\"_self\"  data-hover=\"M\u00e9c\u00e9nat d'entreprise\">M\u00e9c\u00e9nat d&rsquo;entreprise<\/a>\n\t\t\t<\/h4>\n\t\t<\/li>\n\t\t\t\t<\/ul>\n\t<h4>\n\t\t\t\tSUPPORT US\n\t\t\t<\/h4>\n\t<p>Le Concert de l&rsquo;Hostel Dieu a l&rsquo;honneur d&rsquo;\u00eatre le nouvel ensemble en r\u00e9sidence \u00e0 la Chapelle de la Trinit\u00e9 \u00e0 partir de la saison 24-25 ! Cette ann\u00e9e plus que jamais, votre soutien est essentiel pour nous aider \u00e0 d\u00e9velopper notre raison d&rsquo;\u00eatre : <em><strong>la musique pour vibrer et s&rsquo;ouvrir \u00e0 l&rsquo;autre<\/strong><\/em>.<\/p>\n<p><strong>Support an ensemble that reflects your image<\/strong><\/p>\n<p class=\"translation-block\">By making a donation to CHD, you are helping to <strong>develop projects<\/strong>  which require substantial funding. We regularly benefit from public and private grants, but it is your donations that help us to achieve our most ambitious goals, which revolve around <strong>3 areas<\/strong>  :<\/p>\n<ul>\n<li>Creation and distribution<\/li>\n<li>Artistic and cultural education<\/li>\n<li>Inclusiveness and professional integration<\/li>\n<\/ul>\n<p>Le m\u00e9c\u00e9nat est un dispositif permettant \u00e0 une entreprise de verser un don \u00e0 un organisme pour soutenir une \u0153uvre d&rsquo;int\u00e9r\u00eat g\u00e9n\u00e9ral. En contrepartie de ce don, vous pouvez b\u00e9n\u00e9ficier d&rsquo;une r\u00e9duction fiscale de 60% du montant de votre don, dans la limite de 0,5% du chiffre d&rsquo;affaires (article 238 bis du Code g\u00e9n\u00e9ral des imp\u00f4ts). Ce don peut se faire en num\u00e9raire, en nature ou en comp\u00e9tences.<\/p>\n<table>\n<tbody>\n<tr>\n<td width=\"122\">\n<strong>Amount of<br \/>\nsponsorship<\/strong>\n1 000 \u20ac<br \/>\n10 000 \u20ac<br \/>\n50 000 \u20ac\n<\/td>\n<td width=\"113\"><strong>Tax<br \/>\nd&rsquo;imp\u00f4t (60%)<br \/>\n<\/strong>600 \u20ac<br \/>\n6 000 \u20ac<br \/>\n30 000 \u20ac<\/td>\n<td width=\"226\"><strong>Amount of your contribution<br \/>\n(maximum of 25%)<br \/>\n<\/strong>250 \u20ac<br \/>\n2500 \u20ac<br \/>\n12 500 \u20ac<\/td>\n<td width=\"141\">\n<strong>Co\u00fbt r\u00e9el<br \/>\nde votre<br \/>\nm\u00e9c\u00e9nat<\/strong>\n150 \u20ac<br \/>\n1 500 \u20ac<br \/>\n7 500 \u20ac\n<\/td>\n<\/tr>\n<\/tbody>\n<\/table>\n\t<p><strong>Let's put together an authentic experience!<\/strong><\/p>\nEach sponsor is <strong>unique,<\/strong> c&rsquo;est pourquoi nous adaptons nos <strong>our thanks <\/strong>to your needs.<br \/>\nLe Concert de l&rsquo;Hostel Dieu a \u00e0 c\u0153ur de construire des relations de partenariats avec ses m\u00e9c\u00e8nes, au-del\u00e0 de la donation classique et d&rsquo;imaginer avec eux des prestations, des interventions et des contreparties en lien avec ses cr\u00e9ations et en prise avec les besoins de l&rsquo;entreprise :\n<ul>\n<li>Private concerts<\/li>\n<li>Access to rehearsals, VIP seats at concerts<\/li>\n<li>Group workshops on <strong>working together<\/strong>, <strong>managing emotions<\/strong> and <strong>heritage and innovation<\/strong><\/li>\n<li>Conferences with Franck-Emmanuel Comte and meetings with the artists<\/li>\n<\/ul>\n<p>Foundations and companies, recent or long-standing partners, they provide us with essential support in implementing our artistic and cultural projects. We thank them for their loyalty and commitment.<\/p>\n\t\t\t\t<img decoding=\"async\" src=\"https:\/\/www.concert-hosteldieu.com\/wp-content\/plugins\/beaver-builder-lite-version\/img\/pixel.png\" alt=\"\" itemprop=\"image\" onerror=\"this.style.display='none'\"  \/>\n\t<h4>\n\t\t\t\tThey've supported us for the last 2 years!\n\t\t\t<\/h4>\n\t<h4>\n\t\t\t\tOUR CHARTER\n\t\t\t<\/h4>\n<p>En pr\u00e9misse de chacun de ces partenariats, Le Concert de l&rsquo;Hostel Dieu met \u00e0 disposition une <strong><a href=\"https:\/\/www.concert-hosteldieu.com\/wp-content\/uploads\/2019\/11\/CHARTE-DU-M%C3%89C%C3%89NAT.pdf\" target=\"_blank\" rel=\"noopener\">a sponsorship charter<\/a><\/strong>, document rassemblant les \u00e9l\u00e9ments fondamentaux du processus de don. Cette charte affiche \u00e9galement les valeurs qui doivent rassembler l&rsquo;ensemble et ses m\u00e9c\u00e8nes.<\/p>\n\t<h4>\n\t\t\t\tMAKE A DONATION\n\t\t\t<\/h4>\n\t&#8211; Par virement : IBAN FR76 1680 7004 0000 2005 2248 592 &#8211; BIC : CCBPFRPPGRE<br \/>\n&#8211; Par ch\u00e8que : \u00e0 l&rsquo;ordre de Le Concert de l&rsquo;Hostel Dieu, \u00e0 envoyer au 10 rue Bourgelat &#8211; 69002 Lyon\n\t\t\t<a href=\"mailto:administration@concert-hosteldieu.com\" title=\"Cliquez ici\" target=\"_self\"   role=\"button\" aria-label=\"Votre contact privil\u00e9gi\u00e9\">\n\t\t\t\t\t\t\t\t\t\t\tVotre contact privil\u00e9gi\u00e9\n\t\t<\/a>\n\t\t\t<a href=\"https:\/\/www.concert-hosteldieu.com\/wp-content\/uploads\/2023\/01\/Bulletin-de-don-2023_entreprise.pdf\" title=\"Cliquez ici\" target=\"_blank\" rel=\"noopener\"  role=\"button\" aria-label=\"Download the donation form\">\n\t\t\t\t\t\t\t\t\t\t\tDownload the donation form\n\t\t<\/a>\n\t\t\t<a href=\"https:\/\/www.concert-hosteldieu.com\/wp-content\/uploads\/2019\/11\/CHARTE-DU-M%C3%89C%C3%89NAT.pdf\" title=\"Cliquez ici\" target=\"_blank\" rel=\"noopener\"  role=\"button\" aria-label=\"Read our sponsorship charter\">\n\t\t\t\t\t\t\t\t\t\t\tRead our sponsorship charter\n\t\t<\/a>","protected":false},"excerpt":{"rendered":"<p>M\u00e9c\u00e9nat M\u00e9c\u00e9nat particulier M\u00e9c\u00e9nat d&rsquo;entreprise NOUS SOUTENIR Le Concert de l&rsquo;Hostel Dieu a l&rsquo;honneur d&rsquo;\u00eatre le nouvel ensemble en r\u00e9sidence \u00e0 la Chapelle de la Trinit\u00e9 \u00e0 partir de la saison 24-25 ! Cette ann\u00e9e plus que jamais, votre soutien [&hellip;]<\/p>\n","protected":false},"author":2776,"featured_media":0,"parent":0,"menu_order":0,"comment_status":"closed","ping_status":"closed","template":"","meta":{"site-sidebar-layout":"no-sidebar","site-content-layout":"page-builder","ast-site-content-layout":"full-width-container","site-content-style":"unboxed","site-sidebar-style":"unboxed","ast-global-header-display":"","ast-banner-title-visibility":"","ast-main-header-display":"","ast-hfb-above-header-display":"","ast-hfb-below-header-display":"","ast-hfb-mobile-header-display":"","site-post-title":"disabled","ast-breadcrumbs-content":"","ast-featured-img":"disabled","footer-sml-layout":"","ast-disable-related-posts":"","theme-transparent-header-meta":"enabled","adv-header-id-meta":"","stick-header-meta":"default","header-above-stick-meta":"","header-main-stick-meta":"","header-below-stick-meta":"","astra-migrate-meta-layouts":"set","ast-page-background-enabled":"default","ast-page-background-meta":{"desktop":{"background-color":"","background-image":"","background-repeat":"repeat","background-position":"center center","background-size":"auto","background-attachment":"scroll","background-type":"","background-media":"","overlay-type":"","overlay-color":"","overlay-opacity":"","overlay-gradient":""},"tablet":{"background-color":"","background-image":"","background-repeat":"repeat","background-position":"center center","background-size":"auto","background-attachment":"scroll","background-type":"","background-media":"","overlay-type":"","overlay-color":"","overlay-opacity":"","overlay-gradient":""},"mobile":{"background-color":"","background-image":"","background-repeat":"repeat","background-position":"center center","background-size":"auto","background-attachment":"scroll","background-type":"","background-media":"","overlay-type":"","overlay-color":"","overlay-opacity":"","overlay-gradient":""}},"ast-content-background-meta":{"desktop":{"background-color":"var(--ast-global-color-5)","background-image":"","background-repeat":"repeat","background-position":"center center","background-size":"auto","background-attachment":"scroll","background-type":"","background-media":"","overlay-type":"","overlay-color":"","overlay-opacity":"","overlay-gradient":""},"tablet":{"background-color":"var(--ast-global-color-5)","background-image":"","background-repeat":"repeat","background-position":"center center","background-size":"auto","background-attachment":"scroll","background-type":"","background-media":"","overlay-type":"","overlay-color":"","overlay-opacity":"","overlay-gradient":""},"mobile":{"background-color":"var(--ast-global-color-5)","background-image":"","background-repeat":"repeat","background-position":"center center","background-size":"auto","background-attachment":"scroll","background-type":"","background-media":"","overlay-type":"","overlay-color":"","overlay-opacity":"","overlay-gradient":""}},"footnotes":""},"categories":[161],"tags":[],"class_list":["post-16181","page","type-page","status-publish","hentry","category-nous-rejoindre"],"yoast_head":"<!-- This site is optimized with the Yoast SEO plugin v27.6 - https:\/\/yoast.com\/product\/yoast-seo-wordpress\/ -->\n<title>M\u00e9c\u00e9nat d&#039;entreprise - Le Concert de l&#039;Hostel Dieu<\/title>\n<meta name=\"robots\" content=\"index, follow, max-snippet:-1, max-image-preview:large, max-video-preview:-1\" \/>\n<link rel=\"canonical\" href=\"https:\/\/www.concert-hosteldieu.com\/en\/mecenat-entreprise\/\" \/>\n<meta property=\"og:locale\" content=\"en_GB\" \/>\n<meta property=\"og:type\" content=\"article\" \/>\n<meta property=\"og:title\" content=\"M\u00e9c\u00e9nat d&#039;entreprise - Le Concert de l&#039;Hostel Dieu\" \/>\n<meta property=\"og:description\" content=\"M\u00e9c\u00e9nat M\u00e9c\u00e9nat particulier M\u00e9c\u00e9nat d&rsquo;entreprise NOUS SOUTENIR Le Concert de l&rsquo;Hostel Dieu a l&rsquo;honneur d&rsquo;\u00eatre le nouvel ensemble en r\u00e9sidence \u00e0 la Chapelle de la Trinit\u00e9 \u00e0 partir de la saison 24-25 ! Cette ann\u00e9e plus que jamais, votre soutien [&hellip;]\" \/>\n<meta property=\"og:url\" content=\"https:\/\/www.concert-hosteldieu.com\/en\/mecenat-entreprise\/\" \/>\n<meta property=\"og:site_name\" content=\"Le Concert de l&#039;Hostel Dieu\" \/>\n<meta property=\"article:publisher\" content=\"https:\/\/www.facebook.com\/leconcert.delhosteldieu\" \/>\n<meta property=\"article:modified_time\" content=\"2025-02-13T11:22:55+00:00\" \/>\n<meta property=\"og:image\" content=\"https:\/\/www.concert-hosteldieu.com\/wp-content\/plugins\/beaver-builder-lite-version\/img\/pixel.png\" \/>\n<meta name=\"twitter:label1\" content=\"Estimated reading time\" \/>\n\t<meta name=\"twitter:data1\" content=\"2 minutes\" \/>\n<script type=\"application\/ld+json\" class=\"yoast-schema-graph\">{\"@context\":\"https:\\\/\\\/schema.org\",\"@graph\":[{\"@type\":\"WebPage\",\"@id\":\"https:\\\/\\\/www.concert-hosteldieu.com\\\/mecenat-entreprise\\\/\",\"url\":\"https:\\\/\\\/www.concert-hosteldieu.com\\\/mecenat-entreprise\\\/\",\"name\":\"M\u00e9c\u00e9nat d'entreprise - Le Concert de l&#039;Hostel Dieu\",\"isPartOf\":{\"@id\":\"https:\\\/\\\/www.concert-hosteldieu.com\\\/#website\"},\"primaryImageOfPage\":{\"@id\":\"https:\\\/\\\/www.concert-hosteldieu.com\\\/mecenat-entreprise\\\/#primaryimage\"},\"image\":{\"@id\":\"https:\\\/\\\/www.concert-hosteldieu.com\\\/mecenat-entreprise\\\/#primaryimage\"},\"thumbnailUrl\":\"https:\\\/\\\/www.concert-hosteldieu.com\\\/wp-content\\\/plugins\\\/beaver-builder-lite-version\\\/img\\\/pixel.png\",\"datePublished\":\"2021-08-19T12:28:22+00:00\",\"dateModified\":\"2025-02-13T11:22:55+00:00\",\"breadcrumb\":{\"@id\":\"https:\\\/\\\/www.concert-hosteldieu.com\\\/mecenat-entreprise\\\/#breadcrumb\"},\"inLanguage\":\"en-GB\",\"potentialAction\":[{\"@type\":\"ReadAction\",\"target\":[\"https:\\\/\\\/www.concert-hosteldieu.com\\\/mecenat-entreprise\\\/\"]}]},{\"@type\":\"ImageObject\",\"inLanguage\":\"en-GB\",\"@id\":\"https:\\\/\\\/www.concert-hosteldieu.com\\\/mecenat-entreprise\\\/#primaryimage\",\"url\":\"https:\\\/\\\/www.concert-hosteldieu.com\\\/wp-content\\\/plugins\\\/beaver-builder-lite-version\\\/img\\\/pixel.png\",\"contentUrl\":\"https:\\\/\\\/www.concert-hosteldieu.com\\\/wp-content\\\/plugins\\\/beaver-builder-lite-version\\\/img\\\/pixel.png\"},{\"@type\":\"BreadcrumbList\",\"@id\":\"https:\\\/\\\/www.concert-hosteldieu.com\\\/mecenat-entreprise\\\/#breadcrumb\",\"itemListElement\":[{\"@type\":\"ListItem\",\"position\":1,\"name\":\"Accueil\",\"item\":\"https:\\\/\\\/www.concert-hosteldieu.com\\\/\"},{\"@type\":\"ListItem\",\"position\":2,\"name\":\"M\u00e9c\u00e9nat d&rsquo;entreprise\"}]},{\"@type\":\"WebSite\",\"@id\":\"https:\\\/\\\/www.concert-hosteldieu.com\\\/#website\",\"url\":\"https:\\\/\\\/www.concert-hosteldieu.com\\\/\",\"name\":\"Le Concert de l&#039;Hostel Dieu\",\"description\":\"Franck-Emmanuel Comte\",\"publisher\":{\"@id\":\"https:\\\/\\\/www.concert-hosteldieu.com\\\/#organization\"},\"potentialAction\":[{\"@type\":\"SearchAction\",\"target\":{\"@type\":\"EntryPoint\",\"urlTemplate\":\"https:\\\/\\\/www.concert-hosteldieu.com\\\/?s={search_term_string}\"},\"query-input\":{\"@type\":\"PropertyValueSpecification\",\"valueRequired\":true,\"valueName\":\"search_term_string\"}}],\"inLanguage\":\"en-GB\"},{\"@type\":\"Organization\",\"@id\":\"https:\\\/\\\/www.concert-hosteldieu.com\\\/#organization\",\"name\":\"Le Concert de l'Hostel Dieu\",\"url\":\"https:\\\/\\\/www.concert-hosteldieu.com\\\/\",\"logo\":{\"@type\":\"ImageObject\",\"inLanguage\":\"en-GB\",\"@id\":\"https:\\\/\\\/www.concert-hosteldieu.com\\\/#\\\/schema\\\/logo\\\/image\\\/\",\"url\":\"https:\\\/\\\/www.concert-hosteldieu.com\\\/wp-content\\\/uploads\\\/2021\\\/06\\\/logo-chd-noir-transparent.png\",\"contentUrl\":\"https:\\\/\\\/www.concert-hosteldieu.com\\\/wp-content\\\/uploads\\\/2021\\\/06\\\/logo-chd-noir-transparent.png\",\"width\":262,\"height\":106,\"caption\":\"Le Concert de l'Hostel Dieu\"},\"image\":{\"@id\":\"https:\\\/\\\/www.concert-hosteldieu.com\\\/#\\\/schema\\\/logo\\\/image\\\/\"},\"sameAs\":[\"https:\\\/\\\/www.facebook.com\\\/leconcert.delhosteldieu\",\"https:\\\/\\\/x.com\\\/CHDLyon\",\"https:\\\/\\\/instagram.com\\\/concert_hostel_dieu\",\"https:\\\/\\\/www.linkedin.com\\\/company\\\/le-concert-de-l'hostel-dieu\\\/\",\"https:\\\/\\\/www.youtube.com\\\/user\\\/CHDLyon\"]}]}<\/script>\n<!-- \/ Yoast SEO plugin. -->","yoast_head_json":{"title":"M\u00e9c\u00e9nat d'entreprise - Le Concert de l&#039;Hostel Dieu","robots":{"index":"index","follow":"follow","max-snippet":"max-snippet:-1","max-image-preview":"max-image-preview:large","max-video-preview":"max-video-preview:-1"},"canonical":"https:\/\/www.concert-hosteldieu.com\/en\/mecenat-entreprise\/","og_locale":"en_GB","og_type":"article","og_title":"M\u00e9c\u00e9nat d'entreprise - Le Concert de l&#039;Hostel Dieu","og_description":"M\u00e9c\u00e9nat M\u00e9c\u00e9nat particulier M\u00e9c\u00e9nat d&rsquo;entreprise NOUS SOUTENIR Le Concert de l&rsquo;Hostel Dieu a l&rsquo;honneur d&rsquo;\u00eatre le nouvel ensemble en r\u00e9sidence \u00e0 la Chapelle de la Trinit\u00e9 \u00e0 partir de la saison 24-25 ! Cette ann\u00e9e plus que jamais, votre soutien [&hellip;]","og_url":"https:\/\/www.concert-hosteldieu.com\/en\/mecenat-entreprise\/","og_site_name":"Le Concert de l&#039;Hostel Dieu","article_publisher":"https:\/\/www.facebook.com\/leconcert.delhosteldieu","article_modified_time":"2025-02-13T11:22:55+00:00","og_image":[{"url":"https:\/\/www.concert-hosteldieu.com\/wp-content\/plugins\/beaver-builder-lite-version\/img\/pixel.png","type":"","width":"","height":""}],"twitter_misc":{"Estimated reading time":"2 minutes"},"schema":{"@context":"https:\/\/schema.org","@graph":[{"@type":"WebPage","@id":"https:\/\/www.concert-hosteldieu.com\/mecenat-entreprise\/","url":"https:\/\/www.concert-hosteldieu.com\/mecenat-entreprise\/","name":"M\u00e9c\u00e9nat d'entreprise - Le Concert de l&#039;Hostel Dieu","isPartOf":{"@id":"https:\/\/www.concert-hosteldieu.com\/#website"},"primaryImageOfPage":{"@id":"https:\/\/www.concert-hosteldieu.com\/mecenat-entreprise\/#primaryimage"},"image":{"@id":"https:\/\/www.concert-hosteldieu.com\/mecenat-entreprise\/#primaryimage"},"thumbnailUrl":"https:\/\/www.concert-hosteldieu.com\/wp-content\/plugins\/beaver-builder-lite-version\/img\/pixel.png","datePublished":"2021-08-19T12:28:22+00:00","dateModified":"2025-02-13T11:22:55+00:00","breadcrumb":{"@id":"https:\/\/www.concert-hosteldieu.com\/mecenat-entreprise\/#breadcrumb"},"inLanguage":"en-GB","potentialAction":[{"@type":"ReadAction","target":["https:\/\/www.concert-hosteldieu.com\/mecenat-entreprise\/"]}]},{"@type":"ImageObject","inLanguage":"en-GB","@id":"https:\/\/www.concert-hosteldieu.com\/mecenat-entreprise\/#primaryimage","url":"https:\/\/www.concert-hosteldieu.com\/wp-content\/plugins\/beaver-builder-lite-version\/img\/pixel.png","contentUrl":"https:\/\/www.concert-hosteldieu.com\/wp-content\/plugins\/beaver-builder-lite-version\/img\/pixel.png"},{"@type":"BreadcrumbList","@id":"https:\/\/www.concert-hosteldieu.com\/mecenat-entreprise\/#breadcrumb","itemListElement":[{"@type":"ListItem","position":1,"name":"Accueil","item":"https:\/\/www.concert-hosteldieu.com\/"},{"@type":"ListItem","position":2,"name":"M\u00e9c\u00e9nat d&rsquo;entreprise"}]},{"@type":"WebSite","@id":"https:\/\/www.concert-hosteldieu.com\/#website","url":"https:\/\/www.concert-hosteldieu.com\/","name":"Le Concert de l&#039;Hostel Dieu","description":"Franck-Emmanuel Comte","publisher":{"@id":"https:\/\/www.concert-hosteldieu.com\/#organization"},"potentialAction":[{"@type":"SearchAction","target":{"@type":"EntryPoint","urlTemplate":"https:\/\/www.concert-hosteldieu.com\/?s={search_term_string}"},"query-input":{"@type":"PropertyValueSpecification","valueRequired":true,"valueName":"search_term_string"}}],"inLanguage":"en-GB"},{"@type":"Organization","@id":"https:\/\/www.concert-hosteldieu.com\/#organization","name":"Le Concert de l'Hostel Dieu","url":"https:\/\/www.concert-hosteldieu.com\/","logo":{"@type":"ImageObject","inLanguage":"en-GB","@id":"https:\/\/www.concert-hosteldieu.com\/#\/schema\/logo\/image\/","url":"https:\/\/www.concert-hosteldieu.com\/wp-content\/uploads\/2021\/06\/logo-chd-noir-transparent.png","contentUrl":"https:\/\/www.concert-hosteldieu.com\/wp-content\/uploads\/2021\/06\/logo-chd-noir-transparent.png","width":262,"height":106,"caption":"Le Concert de l'Hostel Dieu"},"image":{"@id":"https:\/\/www.concert-hosteldieu.com\/#\/schema\/logo\/image\/"},"sameAs":["https:\/\/www.facebook.com\/leconcert.delhosteldieu","https:\/\/x.com\/CHDLyon","https:\/\/instagram.com\/concert_hostel_dieu","https:\/\/www.linkedin.com\/company\/le-concert-de-l'hostel-dieu\/","https:\/\/www.youtube.com\/user\/CHDLyon"]}]}},"_links":{"self":[{"href":"https:\/\/www.concert-hosteldieu.com\/en\/wp-json\/wp\/v2\/pages\/16181","targetHints":{"allow":["GET"]}}],"collection":[{"href":"https:\/\/www.concert-hosteldieu.com\/en\/wp-json\/wp\/v2\/pages"}],"about":[{"href":"https:\/\/www.concert-hosteldieu.com\/en\/wp-json\/wp\/v2\/types\/page"}],"author":[{"embeddable":true,"href":"https:\/\/www.concert-hosteldieu.com\/en\/wp-json\/wp\/v2\/users\/2776"}],"replies":[{"embeddable":true,"href":"https:\/\/www.concert-hosteldieu.com\/en\/wp-json\/wp\/v2\/comments?post=16181"}],"version-history":[{"count":4,"href":"https:\/\/www.concert-hosteldieu.com\/en\/wp-json\/wp\/v2\/pages\/16181\/revisions"}],"predecessor-version":[{"id":22921,"href":"https:\/\/www.concert-hosteldieu.com\/en\/wp-json\/wp\/v2\/pages\/16181\/revisions\/22921"}],"wp:attachment":[{"href":"https:\/\/www.concert-hosteldieu.com\/en\/wp-json\/wp\/v2\/media?parent=16181"}],"wp:term":[{"taxonomy":"category","embeddable":true,"href":"https:\/\/www.concert-hosteldieu.com\/en\/wp-json\/wp\/v2\/categories?post=16181"},{"taxonomy":"post_tag","embeddable":true,"href":"https:\/\/www.concert-hosteldieu.com\/en\/wp-json\/wp\/v2\/tags?post=16181"}],"curies":[{"name":"wp","href":"https:\/\/api.w.org\/{rel}","templated":true}]}}