{"id":16157,"date":"2021-08-18T15:48:54","date_gmt":"2021-08-18T14:48:54","guid":{"rendered":"https:\/\/www.concert-hosteldieu.com\/?page_id=16157"},"modified":"2022-08-10T15:45:08","modified_gmt":"2022-08-10T14:45:08","slug":"fabien-hyon","status":"publish","type":"page","link":"https:\/\/www.concert-hosteldieu.com\/en\/nos-artistes-invites\/fabien-hyon\/","title":{"rendered":"Fabien Hyon"},"content":{"rendered":"\n\n\t<h2>\n\t\t\t\tFabien Hyon\n\t\t\t<\/h2>\n\t\t\t<h4>T\u00e9nor<\/h4>\t\n\t<p>R\u00e9v\u00e9lation Classique de l&rsquo;ADAMI 2015, Fabien Hyon est \u00e9galement Laur\u00e9at HSBC 2017 du Festival d&rsquo;Aix-en-Provence. En 2019, il est nomm\u00e9 artiste en r\u00e9sidence au Th\u00e9\u00e2tre Imp\u00e9rial de Compi\u00e8gne.<\/p>\n<p>Dipl\u00f4m\u00e9 du CRR de Clermont-Ferrand, il int\u00e8gre en 2011 le CNSMDP dans la classe de Malcolm Walker et y obtient le grade de Master en 2016. Il se perfectionne par la suite \u00e0 la Chapelle Musicale Reine Elisabeth aupr\u00e8s de Jos\u00e9 Van Dam, Sophie Koch, Jocelyne Dienst et Alain Garichot.<\/p>\n<p>Il chante sous la direction de Fabio Bonizzoni, Leonardo Garc\u00eda Alarc\u00f3n, Christophe Rousset, Kaspar Zehnder, Arie Van Beek, Wolfgang Doerner, David Reiland, St\u00e9phane Den\u00e8ve ou encore Marco Guidarini ; dans des mises en sc\u00e8ne d&rsquo;Emmanuelle Cordoliani, Alexandra Lacroix, Jeanne Debost, Heather Fairbairn, Jean Bellorini, Alain Garichot, Edouard Signolet ou encore Florent Siaud ; au sein des festivals de Beaune, Petites Nuits de Sceaux, Sinfonia en P\u00e9rigord, Musica, Voyage d&rsquo;Hiver, Musique &amp; M\u00e9moire ; et sur les sc\u00e8nes du Wigmore Hall, de Snape Maltings, du Th\u00e9\u00e2tre des Champs-Elys\u00e9es, Th\u00e9\u00e2tre du Ch\u00e2telet, Grand Th\u00e9\u00e2tre du Luxembourg, Th\u00e9\u00e2tre G\u00e9rard Philippe, Ath\u00e9n\u00e9e-Th\u00e9\u00e2tre Louis-Jouvet, Philharmonie de Paris, Op\u00e9ra de Lille, Op\u00e9ra Royal de Versailles, Op\u00e9ra de Rennes, Op\u00e9ra de Massy, Sc\u00e8ne Nationale de Ch\u00e2lons-en-Champagne, Th\u00e9\u00e2tre Imp\u00e9rial de Compi\u00e8gne, Philharmonie de Wroclaw en Pologne.<\/p>\n<p>Tamino dans<em> Die Zauberfl\u00f6te<\/em> de Mozart, Mr Haack dans <em>Iliade l&rsquo;amour<\/em> de Betsy Jolas, r\u00f4le titre dans <em>Candide<\/em> de Bernstein, T\u00e9l\u00e9maque dans <em>L&rsquo;Odyss\u00e9e<\/em> de Jules Matton ou encore Louis XIV dans<em> La Carm\u00e9lite<\/em> de Hahn, il est \u00e9galement Diarte dans <em>Erismena<\/em> de Cavalli, \u00c9vang\u00e9liste dans la<em> Markus Passion<\/em> de Bach\/Keiser, Uriel dans<em> Die Sch\u00f6pfung <\/em>de Haydn, Obadjah dans Elias de Mendelssohn et t\u00e9nor solo dans <em>Das Lied von der Erde<\/em> de Mahler (Brussels Philharmonic, S. Den\u00e8ve).<\/p>\n<p>Attir\u00e9 par le r\u00e9pertoire contemporain, il cr\u00e9e en 2013 des m\u00e9lodies de No\u00ebl Lee et Patrick Burgan avec le pianiste Yoan H\u00e9reau. Par la suite, il cr\u00e9e les personnages de Rilke dans <em>Mitsou<\/em>, histoire d&rsquo;un chat de Claire-M\u00e9lanie Sinnhuber, Harry dans <em>Kamchatka<\/em> de Daniel D&rsquo;Adamo, T\u00e9l\u00e9maque dans <em>L&rsquo;Odyss\u00e9e<\/em> de Jules Matton, Th\u00e9s\u00e9e dans <em>Ombres du Minotaure<\/em> de Mich\u00e8le Reverdy ou encore tout r\u00e9cemment Nestor dans <em>Les Bains Macabres<\/em> de Guillaume Connesson. La critique y salue son \u00ab \u00e9nergie rayonnante et une aisance tant sc\u00e9nique que vocale \u00bb (ResMusica) ainsi que \u00ab [sa] voix charnue, intense, solaire et [sa] pr\u00e9sence sc\u00e9nique bouleversante \u00bb (La Croix).<\/p>\n<p>En 2019, il participe \u00e0 l&rsquo;enregistrement d&rsquo;<em>Isis<\/em> de Lully avec Christophe Rousset &#8211; Les Talens Lyrique. Il y interpr\u00e8te Mercure, au disque comme sur sc\u00e8ne. Le disque est largement salu\u00e9 par la critique et la production vient d&rsquo;\u00eatre nomm\u00e9e dans la cat\u00e9gorie \u00ab rediscovered work \u00bb des International Opera Awards 2020.<\/p>\n<p>Il explore l&rsquo;univers de la m\u00e9lodie et du lied aux c\u00f4t\u00e9s des pianistes Juliette Sabbah, Michalis Boliakis et Nicolas Royez avec lesquels il donne plusieurs r\u00e9citals. On a r\u00e9cemment pu l&rsquo;entendre interpr\u00e9ter <em>Die Sch\u00f6ne M\u00fcllerin<\/em> de Schubert aux c\u00f4t\u00e9s de Juliette Sabbah au festival Op\u00e9ra de Baug\u00e9.<\/p>\n<p>La saison derni\u00e8re voit plusieurs projets annul\u00e9s successivement en raison de la crise sanitaire : reprises d&rsquo;<em>Erismena<\/em> (Cavalli) \u00e0 la Fondation Gulbenkian de Lisbonne (dir. L.G. Alarcon), l&rsquo;<em>Odyss\u00e9e<\/em> de Jules Matton \u00e0 l&rsquo;Op\u00e9ra de Rennes et \u00e0 Quimper, r\u00e9cital avec Michalis Boliakis \u00e0 la Chapelle Reine Elisabeth autour des <em>Holy Sonnets of John Donne<\/em> de Britten et la recr\u00e9ation de<em> Daphnis &amp; Alcimadure<\/em> de Mondonville (Les Passions, J-M. Andrieu) au Festival Radio France de Montpellier.<\/p>\n<p>En 2021-22, il incarne Dickson dans <em>La Dame Blanche de Boieldieu<\/em> avec La Co(op\u00e9ra)tive, en tourn\u00e9e dans les th\u00e9\u00e2tres de Compi\u00e8gne, Quimper, Rennes, Tourcoing, Dunkerque, Besan\u00e7on. Il est Normanno (Lucia di Lammermoor) \u00e0 l&rsquo;Op\u00e9ra de Rennes et Angers-Nantes Op\u00e9ra (annul\u00e9 pour Covid).<\/p>\n<p>En concert, il interpr\u00e8te Anfinomo (<em>Il Ritorno d&rsquo;Ulisse<\/em>) avec Les Epop\u00e9es (S. Fuget) \u00e0 Beaune, <em>Le\u00e7ons de T\u00e9n\u00e8bres<\/em> (Brossard) avec Il Caravaggio au Festival de Montpellier Radio-France ou encore <em>Il Paradiso perduto<\/em> avec Le Concert de l&rsquo;Hostel Dieu \u00e0 Lyon. Il est aussi t\u00e9nor solo dans <em>Job<\/em> (G.J. Werner) avec Les Talens Lyriques \u00e0 Budapest, t\u00e9nor solo dans <em>Psych\u00e9<\/em> (Lully) avec les Talens \u00e0 Vienne et en enregistrement, ainsi que t\u00e9nor solo pour une tourn\u00e9e avec l&rsquo;Orchestre de Picardie autour d&rsquo;une Cantate de Bach.<\/p>\n<h4>\n\t\tRetrouvez Fabien Hyon dans :\n\t<\/h4>\n\t\t\t\t<a href=\"https:\/\/www.concert-hosteldieu.com\/nos-projets-en-tournee\/il-paradiso-perduto\/\" target=\"_self\" itemprop=\"url\" rel=\"noopener\">\n\t\t\t\t<img loading=\"lazy\" decoding=\"async\" src=\"https:\/\/www.concert-hosteldieu.com\/wp-content\/uploads\/2021\/06\/Il-Paradiso-perduto-\u00a9-Julie-Cherki.jpg\" alt=\"Le projet en tourn\u00e9e Il Paradiso perduto\" itemprop=\"image\" height=\"1280\" width=\"1920\" title=\"Il Paradiso perduto \u00a9 Julie Cherki\" onerror=\"this.style.display='none'\"  \/>\n\t\t\t\t<\/a>\n\t<h3>\n\t\t\t\t<a href=\"https:\/\/www.concert-hosteldieu.com\/nos-projets-en-tournee\/il-paradiso-perduto\/\" title=\"Il Paradiso perduto\" target=\"_self\" rel=\"noopener\">\n\t\t\t\tIl Paradiso perduto\n\t\t\t\t<\/a>\n\t\t\t<\/h3>\n\n","protected":false},"excerpt":{"rendered":"<p>Fabien Hyon T\u00e9nor R\u00e9v\u00e9lation Classique de l&rsquo;ADAMI 2015, Fabien Hyon est \u00e9galement Laur\u00e9at HSBC 2017 du Festival d&rsquo;Aix-en-Provence. En 2019, il est nomm\u00e9 artiste en r\u00e9sidence au Th\u00e9\u00e2tre Imp\u00e9rial de Compi\u00e8gne. Dipl\u00f4m\u00e9 du CRR de Clermont-Ferrand, il int\u00e8gre en 2011 [&hellip;]<\/p>\n","protected":false},"author":2776,"featured_media":16159,"parent":12628,"menu_order":0,"comment_status":"closed","ping_status":"closed","template":"","meta":{"site-sidebar-layout":"no-sidebar","site-content-layout":"page-builder","ast-site-content-layout":"default","site-content-style":"default","site-sidebar-style":"default","ast-global-header-display":"","ast-banner-title-visibility":"","ast-main-header-display":"","ast-hfb-above-header-display":"","ast-hfb-below-header-display":"","ast-hfb-mobile-header-display":"","site-post-title":"disabled","ast-breadcrumbs-content":"","ast-featured-img":"disabled","footer-sml-layout":"","ast-disable-related-posts":"","theme-transparent-header-meta":"enabled","adv-header-id-meta":"","stick-header-meta":"default","header-above-stick-meta":"","header-main-stick-meta":"","header-below-stick-meta":"","astra-migrate-meta-layouts":"default","ast-page-background-enabled":"default","ast-page-background-meta":{"desktop":{"background-color":"","background-image":"","background-repeat":"repeat","background-position":"center center","background-size":"auto","background-attachment":"scroll","background-type":"","background-media":"","overlay-type":"","overlay-color":"","overlay-opacity":"","overlay-gradient":""},"tablet":{"background-color":"","background-image":"","background-repeat":"repeat","background-position":"center center","background-size":"auto","background-attachment":"scroll","background-type":"","background-media":"","overlay-type":"","overlay-color":"","overlay-opacity":"","overlay-gradient":""},"mobile":{"background-color":"","background-image":"","background-repeat":"repeat","background-position":"center center","background-size":"auto","background-attachment":"scroll","background-type":"","background-media":"","overlay-type":"","overlay-color":"","overlay-opacity":"","overlay-gradient":""}},"ast-content-background-meta":{"desktop":{"background-color":"var(--ast-global-color-5)","background-image":"","background-repeat":"repeat","background-position":"center center","background-size":"auto","background-attachment":"scroll","background-type":"","background-media":"","overlay-type":"","overlay-color":"","overlay-opacity":"","overlay-gradient":""},"tablet":{"background-color":"var(--ast-global-color-5)","background-image":"","background-repeat":"repeat","background-position":"center center","background-size":"auto","background-attachment":"scroll","background-type":"","background-media":"","overlay-type":"","overlay-color":"","overlay-opacity":"","overlay-gradient":""},"mobile":{"background-color":"var(--ast-global-color-5)","background-image":"","background-repeat":"repeat","background-position":"center center","background-size":"auto","background-attachment":"scroll","background-type":"","background-media":"","overlay-type":"","overlay-color":"","overlay-opacity":"","overlay-gradient":""}},"footnotes":""},"categories":[169,171],"tags":[],"class_list":["post-16157","page","type-page","status-publish","has-post-thumbnail","hentry","category-equipe-artistique","category-nosartistesinvites"],"yoast_head":"<!-- This site is optimized with the Yoast SEO plugin v27.5 - https:\/\/yoast.com\/product\/yoast-seo-wordpress\/ -->\n<title>Fabien Hyon - Le Concert de l&#039;Hostel Dieu<\/title>\n<meta name=\"robots\" content=\"index, follow, max-snippet:-1, max-image-preview:large, max-video-preview:-1\" \/>\n<link rel=\"canonical\" href=\"https:\/\/www.concert-hosteldieu.com\/en\/nos-artistes-invites\/fabien-hyon\/\" \/>\n<meta property=\"og:locale\" content=\"en_GB\" \/>\n<meta property=\"og:type\" content=\"article\" \/>\n<meta property=\"og:title\" content=\"Fabien Hyon - Le Concert de l&#039;Hostel Dieu\" \/>\n<meta property=\"og:description\" content=\"Fabien Hyon T\u00e9nor R\u00e9v\u00e9lation Classique de l&rsquo;ADAMI 2015, Fabien Hyon est \u00e9galement Laur\u00e9at HSBC 2017 du Festival d&rsquo;Aix-en-Provence. En 2019, il est nomm\u00e9 artiste en r\u00e9sidence au Th\u00e9\u00e2tre Imp\u00e9rial de Compi\u00e8gne. Dipl\u00f4m\u00e9 du CRR de Clermont-Ferrand, il int\u00e8gre en 2011 [&hellip;]\" \/>\n<meta property=\"og:url\" content=\"https:\/\/www.concert-hosteldieu.com\/en\/nos-artistes-invites\/fabien-hyon\/\" \/>\n<meta property=\"og:site_name\" content=\"Le Concert de l&#039;Hostel Dieu\" \/>\n<meta property=\"article:publisher\" content=\"https:\/\/www.facebook.com\/leconcert.delhosteldieu\" \/>\n<meta property=\"article:modified_time\" content=\"2022-08-10T14:45:08+00:00\" \/>\n<meta property=\"og:image\" content=\"https:\/\/www.concert-hosteldieu.com\/wp-content\/uploads\/2021\/08\/Fabien-Hyon\u00a9Manuel-Braun_format-paysage-01-01.jpg\" \/>\n\t<meta property=\"og:image:width\" content=\"844\" \/>\n\t<meta property=\"og:image:height\" content=\"552\" \/>\n\t<meta property=\"og:image:type\" content=\"image\/jpeg\" \/>\n<meta name=\"twitter:label1\" content=\"Estimated reading time\" \/>\n\t<meta name=\"twitter:data1\" content=\"4 minutes\" \/>\n<script type=\"application\/ld+json\" class=\"yoast-schema-graph\">{\"@context\":\"https:\\\/\\\/schema.org\",\"@graph\":[{\"@type\":\"WebPage\",\"@id\":\"https:\\\/\\\/www.concert-hosteldieu.com\\\/nos-artistes-invites\\\/fabien-hyon\\\/\",\"url\":\"https:\\\/\\\/www.concert-hosteldieu.com\\\/nos-artistes-invites\\\/fabien-hyon\\\/\",\"name\":\"Fabien Hyon - Le Concert de l&#039;Hostel Dieu\",\"isPartOf\":{\"@id\":\"https:\\\/\\\/www.concert-hosteldieu.com\\\/#website\"},\"primaryImageOfPage\":{\"@id\":\"https:\\\/\\\/www.concert-hosteldieu.com\\\/nos-artistes-invites\\\/fabien-hyon\\\/#primaryimage\"},\"image\":{\"@id\":\"https:\\\/\\\/www.concert-hosteldieu.com\\\/nos-artistes-invites\\\/fabien-hyon\\\/#primaryimage\"},\"thumbnailUrl\":\"https:\\\/\\\/www.concert-hosteldieu.com\\\/wp-content\\\/uploads\\\/2021\\\/08\\\/Fabien-Hyon\u00a9Manuel-Braun_format-paysage-01-01.jpg\",\"datePublished\":\"2021-08-18T14:48:54+00:00\",\"dateModified\":\"2022-08-10T14:45:08+00:00\",\"breadcrumb\":{\"@id\":\"https:\\\/\\\/www.concert-hosteldieu.com\\\/nos-artistes-invites\\\/fabien-hyon\\\/#breadcrumb\"},\"inLanguage\":\"en-GB\",\"potentialAction\":[{\"@type\":\"ReadAction\",\"target\":[\"https:\\\/\\\/www.concert-hosteldieu.com\\\/nos-artistes-invites\\\/fabien-hyon\\\/\"]}]},{\"@type\":\"ImageObject\",\"inLanguage\":\"en-GB\",\"@id\":\"https:\\\/\\\/www.concert-hosteldieu.com\\\/nos-artistes-invites\\\/fabien-hyon\\\/#primaryimage\",\"url\":\"https:\\\/\\\/www.concert-hosteldieu.com\\\/wp-content\\\/uploads\\\/2021\\\/08\\\/Fabien-Hyon\u00a9Manuel-Braun_format-paysage-01-01.jpg\",\"contentUrl\":\"https:\\\/\\\/www.concert-hosteldieu.com\\\/wp-content\\\/uploads\\\/2021\\\/08\\\/Fabien-Hyon\u00a9Manuel-Braun_format-paysage-01-01.jpg\",\"width\":844,\"height\":552},{\"@type\":\"BreadcrumbList\",\"@id\":\"https:\\\/\\\/www.concert-hosteldieu.com\\\/nos-artistes-invites\\\/fabien-hyon\\\/#breadcrumb\",\"itemListElement\":[{\"@type\":\"ListItem\",\"position\":1,\"name\":\"Accueil\",\"item\":\"https:\\\/\\\/www.concert-hosteldieu.com\\\/\"},{\"@type\":\"ListItem\",\"position\":2,\"name\":\"Nos artistes invit\u00e9s\",\"item\":\"https:\\\/\\\/www.concert-hosteldieu.com\\\/nos-artistes-invites\\\/\"},{\"@type\":\"ListItem\",\"position\":3,\"name\":\"Fabien Hyon\"}]},{\"@type\":\"WebSite\",\"@id\":\"https:\\\/\\\/www.concert-hosteldieu.com\\\/#website\",\"url\":\"https:\\\/\\\/www.concert-hosteldieu.com\\\/\",\"name\":\"Le Concert de l&#039;Hostel Dieu\",\"description\":\"Franck-Emmanuel Comte\",\"publisher\":{\"@id\":\"https:\\\/\\\/www.concert-hosteldieu.com\\\/#organization\"},\"potentialAction\":[{\"@type\":\"SearchAction\",\"target\":{\"@type\":\"EntryPoint\",\"urlTemplate\":\"https:\\\/\\\/www.concert-hosteldieu.com\\\/?s={search_term_string}\"},\"query-input\":{\"@type\":\"PropertyValueSpecification\",\"valueRequired\":true,\"valueName\":\"search_term_string\"}}],\"inLanguage\":\"en-GB\"},{\"@type\":\"Organization\",\"@id\":\"https:\\\/\\\/www.concert-hosteldieu.com\\\/#organization\",\"name\":\"Le Concert de l'Hostel Dieu\",\"url\":\"https:\\\/\\\/www.concert-hosteldieu.com\\\/\",\"logo\":{\"@type\":\"ImageObject\",\"inLanguage\":\"en-GB\",\"@id\":\"https:\\\/\\\/www.concert-hosteldieu.com\\\/#\\\/schema\\\/logo\\\/image\\\/\",\"url\":\"https:\\\/\\\/www.concert-hosteldieu.com\\\/wp-content\\\/uploads\\\/2021\\\/06\\\/logo-chd-noir-transparent.png\",\"contentUrl\":\"https:\\\/\\\/www.concert-hosteldieu.com\\\/wp-content\\\/uploads\\\/2021\\\/06\\\/logo-chd-noir-transparent.png\",\"width\":262,\"height\":106,\"caption\":\"Le Concert de l'Hostel Dieu\"},\"image\":{\"@id\":\"https:\\\/\\\/www.concert-hosteldieu.com\\\/#\\\/schema\\\/logo\\\/image\\\/\"},\"sameAs\":[\"https:\\\/\\\/www.facebook.com\\\/leconcert.delhosteldieu\",\"https:\\\/\\\/x.com\\\/CHDLyon\",\"https:\\\/\\\/instagram.com\\\/concert_hostel_dieu\",\"https:\\\/\\\/www.linkedin.com\\\/company\\\/le-concert-de-l'hostel-dieu\\\/\",\"https:\\\/\\\/www.youtube.com\\\/user\\\/CHDLyon\"]}]}<\/script>\n<!-- \/ Yoast SEO plugin. -->","yoast_head_json":{"title":"Fabien Hyon - Le Concert de l&#039;Hostel Dieu","robots":{"index":"index","follow":"follow","max-snippet":"max-snippet:-1","max-image-preview":"max-image-preview:large","max-video-preview":"max-video-preview:-1"},"canonical":"https:\/\/www.concert-hosteldieu.com\/en\/nos-artistes-invites\/fabien-hyon\/","og_locale":"en_GB","og_type":"article","og_title":"Fabien Hyon - Le Concert de l&#039;Hostel Dieu","og_description":"Fabien Hyon T\u00e9nor R\u00e9v\u00e9lation Classique de l&rsquo;ADAMI 2015, Fabien Hyon est \u00e9galement Laur\u00e9at HSBC 2017 du Festival d&rsquo;Aix-en-Provence. En 2019, il est nomm\u00e9 artiste en r\u00e9sidence au Th\u00e9\u00e2tre Imp\u00e9rial de Compi\u00e8gne. Dipl\u00f4m\u00e9 du CRR de Clermont-Ferrand, il int\u00e8gre en 2011 [&hellip;]","og_url":"https:\/\/www.concert-hosteldieu.com\/en\/nos-artistes-invites\/fabien-hyon\/","og_site_name":"Le Concert de l&#039;Hostel Dieu","article_publisher":"https:\/\/www.facebook.com\/leconcert.delhosteldieu","article_modified_time":"2022-08-10T14:45:08+00:00","og_image":[{"width":844,"height":552,"url":"https:\/\/www.concert-hosteldieu.com\/wp-content\/uploads\/2021\/08\/Fabien-Hyon\u00a9Manuel-Braun_format-paysage-01-01.jpg","type":"image\/jpeg"}],"twitter_misc":{"Estimated reading time":"4 minutes"},"schema":{"@context":"https:\/\/schema.org","@graph":[{"@type":"WebPage","@id":"https:\/\/www.concert-hosteldieu.com\/nos-artistes-invites\/fabien-hyon\/","url":"https:\/\/www.concert-hosteldieu.com\/nos-artistes-invites\/fabien-hyon\/","name":"Fabien Hyon - Le Concert de l&#039;Hostel Dieu","isPartOf":{"@id":"https:\/\/www.concert-hosteldieu.com\/#website"},"primaryImageOfPage":{"@id":"https:\/\/www.concert-hosteldieu.com\/nos-artistes-invites\/fabien-hyon\/#primaryimage"},"image":{"@id":"https:\/\/www.concert-hosteldieu.com\/nos-artistes-invites\/fabien-hyon\/#primaryimage"},"thumbnailUrl":"https:\/\/www.concert-hosteldieu.com\/wp-content\/uploads\/2021\/08\/Fabien-Hyon\u00a9Manuel-Braun_format-paysage-01-01.jpg","datePublished":"2021-08-18T14:48:54+00:00","dateModified":"2022-08-10T14:45:08+00:00","breadcrumb":{"@id":"https:\/\/www.concert-hosteldieu.com\/nos-artistes-invites\/fabien-hyon\/#breadcrumb"},"inLanguage":"en-GB","potentialAction":[{"@type":"ReadAction","target":["https:\/\/www.concert-hosteldieu.com\/nos-artistes-invites\/fabien-hyon\/"]}]},{"@type":"ImageObject","inLanguage":"en-GB","@id":"https:\/\/www.concert-hosteldieu.com\/nos-artistes-invites\/fabien-hyon\/#primaryimage","url":"https:\/\/www.concert-hosteldieu.com\/wp-content\/uploads\/2021\/08\/Fabien-Hyon\u00a9Manuel-Braun_format-paysage-01-01.jpg","contentUrl":"https:\/\/www.concert-hosteldieu.com\/wp-content\/uploads\/2021\/08\/Fabien-Hyon\u00a9Manuel-Braun_format-paysage-01-01.jpg","width":844,"height":552},{"@type":"BreadcrumbList","@id":"https:\/\/www.concert-hosteldieu.com\/nos-artistes-invites\/fabien-hyon\/#breadcrumb","itemListElement":[{"@type":"ListItem","position":1,"name":"Accueil","item":"https:\/\/www.concert-hosteldieu.com\/"},{"@type":"ListItem","position":2,"name":"Nos artistes invit\u00e9s","item":"https:\/\/www.concert-hosteldieu.com\/nos-artistes-invites\/"},{"@type":"ListItem","position":3,"name":"Fabien Hyon"}]},{"@type":"WebSite","@id":"https:\/\/www.concert-hosteldieu.com\/#website","url":"https:\/\/www.concert-hosteldieu.com\/","name":"Le Concert de l&#039;Hostel Dieu","description":"Franck-Emmanuel Comte","publisher":{"@id":"https:\/\/www.concert-hosteldieu.com\/#organization"},"potentialAction":[{"@type":"SearchAction","target":{"@type":"EntryPoint","urlTemplate":"https:\/\/www.concert-hosteldieu.com\/?s={search_term_string}"},"query-input":{"@type":"PropertyValueSpecification","valueRequired":true,"valueName":"search_term_string"}}],"inLanguage":"en-GB"},{"@type":"Organization","@id":"https:\/\/www.concert-hosteldieu.com\/#organization","name":"Le Concert de l'Hostel Dieu","url":"https:\/\/www.concert-hosteldieu.com\/","logo":{"@type":"ImageObject","inLanguage":"en-GB","@id":"https:\/\/www.concert-hosteldieu.com\/#\/schema\/logo\/image\/","url":"https:\/\/www.concert-hosteldieu.com\/wp-content\/uploads\/2021\/06\/logo-chd-noir-transparent.png","contentUrl":"https:\/\/www.concert-hosteldieu.com\/wp-content\/uploads\/2021\/06\/logo-chd-noir-transparent.png","width":262,"height":106,"caption":"Le Concert de l'Hostel Dieu"},"image":{"@id":"https:\/\/www.concert-hosteldieu.com\/#\/schema\/logo\/image\/"},"sameAs":["https:\/\/www.facebook.com\/leconcert.delhosteldieu","https:\/\/x.com\/CHDLyon","https:\/\/instagram.com\/concert_hostel_dieu","https:\/\/www.linkedin.com\/company\/le-concert-de-l'hostel-dieu\/","https:\/\/www.youtube.com\/user\/CHDLyon"]}]}},"_links":{"self":[{"href":"https:\/\/www.concert-hosteldieu.com\/en\/wp-json\/wp\/v2\/pages\/16157","targetHints":{"allow":["GET"]}}],"collection":[{"href":"https:\/\/www.concert-hosteldieu.com\/en\/wp-json\/wp\/v2\/pages"}],"about":[{"href":"https:\/\/www.concert-hosteldieu.com\/en\/wp-json\/wp\/v2\/types\/page"}],"author":[{"embeddable":true,"href":"https:\/\/www.concert-hosteldieu.com\/en\/wp-json\/wp\/v2\/users\/2776"}],"replies":[{"embeddable":true,"href":"https:\/\/www.concert-hosteldieu.com\/en\/wp-json\/wp\/v2\/comments?post=16157"}],"version-history":[{"count":1,"href":"https:\/\/www.concert-hosteldieu.com\/en\/wp-json\/wp\/v2\/pages\/16157\/revisions"}],"predecessor-version":[{"id":18390,"href":"https:\/\/www.concert-hosteldieu.com\/en\/wp-json\/wp\/v2\/pages\/16157\/revisions\/18390"}],"up":[{"embeddable":true,"href":"https:\/\/www.concert-hosteldieu.com\/en\/wp-json\/wp\/v2\/pages\/12628"}],"wp:featuredmedia":[{"embeddable":true,"href":"https:\/\/www.concert-hosteldieu.com\/en\/wp-json\/wp\/v2\/media\/16159"}],"wp:attachment":[{"href":"https:\/\/www.concert-hosteldieu.com\/en\/wp-json\/wp\/v2\/media?parent=16157"}],"wp:term":[{"taxonomy":"category","embeddable":true,"href":"https:\/\/www.concert-hosteldieu.com\/en\/wp-json\/wp\/v2\/categories?post=16157"},{"taxonomy":"post_tag","embeddable":true,"href":"https:\/\/www.concert-hosteldieu.com\/en\/wp-json\/wp\/v2\/tags?post=16157"}],"curies":[{"name":"wp","href":"https:\/\/api.w.org\/{rel}","templated":true}]}}