{"id":16140,"date":"2021-08-18T14:51:59","date_gmt":"2021-08-18T13:51:59","guid":{"rendered":"https:\/\/www.concert-hosteldieu.com\/?page_id=16140"},"modified":"2022-08-10T15:47:59","modified_gmt":"2022-08-10T14:47:59","slug":"dagmar-saskova","status":"publish","type":"page","link":"https:\/\/www.concert-hosteldieu.com\/en\/nos-artistes-invites\/dagmar-saskova\/","title":{"rendered":"Dagmar \u0160a\u0161kov\u00e1"},"content":{"rendered":"<h2>\n\t\t\t\tDagmar \u0160a\u0161kov\u00e1\n\t\t\t<\/h2>\n\t\t\t<h4>Mezzo soprano<\/h4>\t\n\t<p>N\u00e9e en 1978 \u00e0 Rakovn\u00edk, R\u00e9publique tch\u00e8que, Dagmar \u0160a\u0161kov\u00e1 d\u00e9bute ses \u00e9tudes de musique et de chant \u00e0 l&rsquo;Universit\u00e9 de Boh\u00e8me occidentale \u00e0 Pilsen avec Ludmila Kotnauerov\u00e1. En 2002, elle obtient le deuxi\u00e8me Prix \u00e0 Leo\u0161 Jan\u00e1\u010dek International Competition \u00e0 Brno et un Prix sp\u00e9cial de Bohuslav Martin\u016f. Elle continue \u00e0 l&rsquo;Acad\u00e9mie Jan\u00e1\u010dek des arts musicaux de Brno. En 2008, elle obtient brillamment son dipl\u00f4me de chant baroque au Centre de musique baroque de Versailles.<\/p>\n<p>Dagmar \u0160a\u0161kov\u00e1 often performs in concerts with ensembles such as Versailles Baroque Music Centre, Akad\u00eamia, Correspondances, El Sol, Il Festino, La Fenice, La R\u00eaveuse, Harmonia Sacra, Le Po\u00e8me Harmonique, or Musica Florea.<\/p>\n<p>Dagmar \u0160a\u0161kov\u00e1 a particip\u00e9 aux enregistrements des <em>Grands motets <\/em>de Pierre Robert et <em>Les Histoires sacr\u00e9es <\/em>de Marc Antoine Charpentier sous la direction d\u00b4Olivier Schneebeli, des extraits de <em>Opella Nova et Fontana d&rsquo;Isra\u00ebl<\/em> de Johann Hermann Schein avec l&rsquo;ensemble Sagittarius dirig\u00e9 par Michel Lapl\u00e9nie et des <em>Cantates et Sonates de Friedrich Buxtehude<\/em> avec Le Concert bris\u00e9 (William Dongois). Elle a enregistr\u00e9 <em>L\u00b4air italien au temps de Louis XIII<\/em>, <em>Arie da cantarsi<\/em> de Stefano Landi et <em>Les airs de Michel Lambert et S\u00e9bastien Le Camus<\/em> avec Il Festino (Manuel de Grange) et la <em>Messe en si mineur<\/em> de Johann Sebastian Bach avec l&rsquo;ensemble Pygmalion sous la direction de Rapha\u00ebl Pichon. Plus r\u00e9cemment, elle chante sur le disque de <em>Concert royal de la Nuit<\/em> avec l&rsquo;ensemble Les Correspondances (S\u00e9bastien Dauc\u00e8) et <em>Natale in Italia<\/em> avec l&rsquo;ensemble La Fenice (Jean Tub\u00e9ry). Pour le moment, ses derniers disques sont <em>Majest\u00e9 Lalande<\/em> avec le Po\u00e8me Harmonique (Vincert Dumeste), <em>La Descente d&rsquo;Orph\u00e9e aux enfers <\/em>de Charpentier avec l&rsquo;ensemble Desmarest (Ronan Khalil) et avec l&rsquo;ensemble Il Festino (Manuel de Grange) <em>Donna<\/em> Monteverdi (Madrigali e mottetti a due voci femminili). R\u00e9cemment, elle a enregistr\u00e9 des airs en espagnol \u00e0 la cour de Louis XIII avec l&rsquo;ensemble <em>El Sol <\/em>(Chlo\u00e9 S\u00e9v\u00e8re)<em>, <\/em>intitul\u00e9 <em>Reinas.<\/em><\/p>\n<p class=\"translation-block\">In 2010, she made her debut as Corisande in Jean-Baptiste Lully's opera Amadis, a co-production of the Centre de musique baroque de Versailles and the Th\u00e9\u00e2tre d'Avignon (conducted by Olivier Schneebeli, directed by Olivier B\u00e9n\u00e9zech) in Avignon and Massy. In 2011, she appeared as Moschino, Ninfa, Rubani\u00e8re and Fleure in the opera L'Egisto by Marco Marazzoli and Virgilio Mazzocchi (Les Palladins, conducted by J\u00e9r\u00f4me Correas, directed by Jean-Denis Monory) in Massy, at the Th\u00e9\u00e2tre l'Ath\u00e9n\u00e9e in Paris and in Cergy-Pontoise. In 2011, she played the role of Apollo in George Friedrich H\u00e4ndel's opera Terpsicore with Musica Florea (Marek \u0160tryncl and Helena Kaz\u00e1rov\u00e1) in \u010cesk\u00fd Krumlov and in 2017, at the Handel Festival in Halle and in 2013 Melanto in Claudio Monteverdi's Le Retour d'Ulysse (Les Palladins, (conductor J\u00e9r\u00f4me Correas, director Christophe Rauck) in Massy, at the Th\u00e9\u00e2tre G\u00e9rard-Philipe Saint-Denis, in Reims, Nice and Saint-Quentin en Yvelines.<\/p>\n<p class=\"translation-block\">With the Akad\u00eamia ensemble (Fran\u00e7oise Lasserre and Fran\u00e7ois Rancillac), she travelled to New Delhi in India to perform the role of Ninfa in Claudio Monteverdi's L'Orfeo par-del\u00e0 le Gange (also at the Cit\u00e9 de la Musique in Paris). In 2014, Dagmar \u0160a\u0161kov\u00e1 played the title role in Henry Purcell's Dido and Aeneas in concert in Lyon and Uz\u00e8s with the La Fenice ensemble (Jean Tub\u00e9ry). In 2016, she toured with Marc Antoine Charpentier's Les Histores sacr\u00e9es as Judith in South Korea with the Centre de musique baroque de Versailles (conductor Olivier Schneebeli, director Ana Yepes). In the French tour of L'Orfeo par-del\u00e0 le Gange in 2016, she was La Musica and La Messagiera on stage at the Arsenal de Metz and the Op\u00e9ra de Reims.<\/p>\n<p>En 2018, avec <em>La Simphonie du Marais<\/em> (Hugo Reyne) Dagmar \u0160a\u0161kov\u00e1 a intepr\u00e9t\u00e9 V\u00e9nus, Olympia et Za\u00efde dans <em>L&rsquo;Europe Galante<\/em> d&rsquo;Andr\u00e9 Campra \u00e0 Wienerkonzerthaus \u00e0 Vienne.\u00a0 En 2019, elle s&rsquo;est produite comme Aurora dans l&rsquo;op\u00e9ra <em>Le monde \u00e0 l&rsquo;envers<\/em> de Galuppi \u00e0 l&rsquo;op\u00e9ra Grand Avignon et \u00e0 la Philharmonie de Paris (direction de Fran\u00e7oise Lasserre, mise en sc\u00e8ne Vincent Tavernier). En juillet 2021, elle a incarn\u00e9 le r\u00f4le de Lucie dans l&rsquo;op\u00e9ra <em>Gusman<\/em> d&rsquo;Antoine Reicha en R\u00e9publique tch\u00e8que (en premi\u00e8re\u00a0mondiale).<\/p>\n<h4>\n\t\tMeet Dagmar \u0160a\u0161kov\u00e1 in:\n\t<\/h4>\n\t\t\t\t<a href=\"https:\/\/www.concert-hosteldieu.com\/en\/nos-projets-en-tournee\/il-paradiso-perduto\/\" target=\"_self\" itemprop=\"url\" rel=\"noopener\">\n\t\t\t\t<img loading=\"lazy\" decoding=\"async\" src=\"https:\/\/www.concert-hosteldieu.com\/wp-content\/uploads\/2021\/06\/Il-Paradiso-perduto-\u00a9-Julie-Cherki.jpg\" alt=\"Le projet en tourn\u00e9e Il Paradiso perduto\" itemprop=\"image\" height=\"1280\" width=\"1920\" title=\"Il Paradiso perduto \u00a9 Julie Cherki\" onerror=\"this.style.display='none'\"  \/>\n\t\t\t\t<\/a>\n\t<h3>\n\t\t\t\t<a href=\"https:\/\/www.concert-hosteldieu.com\/en\/nos-projets-en-tournee\/il-paradiso-perduto\/\" title=\"Il Paradiso perduto\" target=\"_self\" rel=\"noopener\">\n\t\t\t\tIl Paradiso perduto\n\t\t\t\t<\/a>\n\t\t\t<\/h3>","protected":false},"excerpt":{"rendered":"<p>Dagmar \u0160a\u0161kov\u00e1 Mezzo-soprano N\u00e9e en 1978 \u00e0 Rakovn\u00edk, R\u00e9publique tch\u00e8que, Dagmar \u0160a\u0161kov\u00e1 d\u00e9bute ses \u00e9tudes de musique et de chant \u00e0 l&rsquo;Universit\u00e9 de Boh\u00e8me occidentale \u00e0 Pilsen avec Ludmila Kotnauerov\u00e1. En 2002, elle obtient le deuxi\u00e8me Prix \u00e0 Leo\u0161 Jan\u00e1\u010dek [&hellip;]<\/p>\n","protected":false},"author":2776,"featured_media":16142,"parent":12628,"menu_order":0,"comment_status":"closed","ping_status":"closed","template":"","meta":{"site-sidebar-layout":"no-sidebar","site-content-layout":"page-builder","ast-site-content-layout":"default","site-content-style":"default","site-sidebar-style":"default","ast-global-header-display":"","ast-banner-title-visibility":"","ast-main-header-display":"","ast-hfb-above-header-display":"","ast-hfb-below-header-display":"","ast-hfb-mobile-header-display":"","site-post-title":"disabled","ast-breadcrumbs-content":"","ast-featured-img":"disabled","footer-sml-layout":"","ast-disable-related-posts":"","theme-transparent-header-meta":"enabled","adv-header-id-meta":"","stick-header-meta":"default","header-above-stick-meta":"","header-main-stick-meta":"","header-below-stick-meta":"","astra-migrate-meta-layouts":"default","ast-page-background-enabled":"default","ast-page-background-meta":{"desktop":{"background-color":"","background-image":"","background-repeat":"repeat","background-position":"center center","background-size":"auto","background-attachment":"scroll","background-type":"","background-media":"","overlay-type":"","overlay-color":"","overlay-opacity":"","overlay-gradient":""},"tablet":{"background-color":"","background-image":"","background-repeat":"repeat","background-position":"center center","background-size":"auto","background-attachment":"scroll","background-type":"","background-media":"","overlay-type":"","overlay-color":"","overlay-opacity":"","overlay-gradient":""},"mobile":{"background-color":"","background-image":"","background-repeat":"repeat","background-position":"center center","background-size":"auto","background-attachment":"scroll","background-type":"","background-media":"","overlay-type":"","overlay-color":"","overlay-opacity":"","overlay-gradient":""}},"ast-content-background-meta":{"desktop":{"background-color":"var(--ast-global-color-5)","background-image":"","background-repeat":"repeat","background-position":"center center","background-size":"auto","background-attachment":"scroll","background-type":"","background-media":"","overlay-type":"","overlay-color":"","overlay-opacity":"","overlay-gradient":""},"tablet":{"background-color":"var(--ast-global-color-5)","background-image":"","background-repeat":"repeat","background-position":"center center","background-size":"auto","background-attachment":"scroll","background-type":"","background-media":"","overlay-type":"","overlay-color":"","overlay-opacity":"","overlay-gradient":""},"mobile":{"background-color":"var(--ast-global-color-5)","background-image":"","background-repeat":"repeat","background-position":"center center","background-size":"auto","background-attachment":"scroll","background-type":"","background-media":"","overlay-type":"","overlay-color":"","overlay-opacity":"","overlay-gradient":""}},"footnotes":""},"categories":[169,171],"tags":[],"class_list":["post-16140","page","type-page","status-publish","has-post-thumbnail","hentry","category-equipe-artistique","category-nosartistesinvites"],"yoast_head":"<!-- This site is optimized with the Yoast SEO plugin v27.5 - https:\/\/yoast.com\/product\/yoast-seo-wordpress\/ -->\n<title>Dagmar \u0160a\u0161kov\u00e1 - Le Concert de l&#039;Hostel Dieu<\/title>\n<meta name=\"robots\" content=\"index, follow, max-snippet:-1, max-image-preview:large, max-video-preview:-1\" \/>\n<link rel=\"canonical\" href=\"https:\/\/www.concert-hosteldieu.com\/en\/nos-artistes-invites\/dagmar-saskova\/\" \/>\n<meta property=\"og:locale\" content=\"en_GB\" \/>\n<meta property=\"og:type\" content=\"article\" \/>\n<meta property=\"og:title\" content=\"Dagmar \u0160a\u0161kov\u00e1 - Le Concert de l&#039;Hostel Dieu\" \/>\n<meta property=\"og:description\" content=\"Dagmar \u0160a\u0161kov\u00e1 Mezzo-soprano N\u00e9e en 1978 \u00e0 Rakovn\u00edk, R\u00e9publique tch\u00e8que, Dagmar \u0160a\u0161kov\u00e1 d\u00e9bute ses \u00e9tudes de musique et de chant \u00e0 l&rsquo;Universit\u00e9 de Boh\u00e8me occidentale \u00e0 Pilsen avec Ludmila Kotnauerov\u00e1. En 2002, elle obtient le deuxi\u00e8me Prix \u00e0 Leo\u0161 Jan\u00e1\u010dek [&hellip;]\" \/>\n<meta property=\"og:url\" content=\"https:\/\/www.concert-hosteldieu.com\/en\/nos-artistes-invites\/dagmar-saskova\/\" \/>\n<meta property=\"og:site_name\" content=\"Le Concert de l&#039;Hostel Dieu\" \/>\n<meta property=\"article:publisher\" content=\"https:\/\/www.facebook.com\/leconcert.delhosteldieu\" \/>\n<meta property=\"article:modified_time\" content=\"2022-08-10T14:47:59+00:00\" \/>\n<meta property=\"og:image\" content=\"https:\/\/www.concert-hosteldieu.com\/wp-content\/uploads\/2021\/08\/Dagmar-S\u030cas\u030ckova\u0301-2019-VI-Atelie\u0301r-Fotos\u030ckoda_format-paysage-01-01.jpg\" \/>\n\t<meta property=\"og:image:width\" content=\"1920\" \/>\n\t<meta property=\"og:image:height\" content=\"1440\" \/>\n\t<meta property=\"og:image:type\" content=\"image\/jpeg\" \/>\n<meta name=\"twitter:label1\" content=\"Estimated reading time\" \/>\n\t<meta name=\"twitter:data1\" content=\"4 minutes\" \/>\n<script type=\"application\/ld+json\" class=\"yoast-schema-graph\">{\"@context\":\"https:\\\/\\\/schema.org\",\"@graph\":[{\"@type\":\"WebPage\",\"@id\":\"https:\\\/\\\/www.concert-hosteldieu.com\\\/nos-artistes-invites\\\/dagmar-saskova\\\/\",\"url\":\"https:\\\/\\\/www.concert-hosteldieu.com\\\/nos-artistes-invites\\\/dagmar-saskova\\\/\",\"name\":\"Dagmar \u0160a\u0161kov\u00e1 - Le Concert de l&#039;Hostel Dieu\",\"isPartOf\":{\"@id\":\"https:\\\/\\\/www.concert-hosteldieu.com\\\/#website\"},\"primaryImageOfPage\":{\"@id\":\"https:\\\/\\\/www.concert-hosteldieu.com\\\/nos-artistes-invites\\\/dagmar-saskova\\\/#primaryimage\"},\"image\":{\"@id\":\"https:\\\/\\\/www.concert-hosteldieu.com\\\/nos-artistes-invites\\\/dagmar-saskova\\\/#primaryimage\"},\"thumbnailUrl\":\"https:\\\/\\\/www.concert-hosteldieu.com\\\/wp-content\\\/uploads\\\/2021\\\/08\\\/Dagmar-S\u030cas\u030ckova\u0301-2019-VI-Atelie\u0301r-Fotos\u030ckoda_format-paysage-01-01.jpg\",\"datePublished\":\"2021-08-18T13:51:59+00:00\",\"dateModified\":\"2022-08-10T14:47:59+00:00\",\"breadcrumb\":{\"@id\":\"https:\\\/\\\/www.concert-hosteldieu.com\\\/nos-artistes-invites\\\/dagmar-saskova\\\/#breadcrumb\"},\"inLanguage\":\"en-GB\",\"potentialAction\":[{\"@type\":\"ReadAction\",\"target\":[\"https:\\\/\\\/www.concert-hosteldieu.com\\\/nos-artistes-invites\\\/dagmar-saskova\\\/\"]}]},{\"@type\":\"ImageObject\",\"inLanguage\":\"en-GB\",\"@id\":\"https:\\\/\\\/www.concert-hosteldieu.com\\\/nos-artistes-invites\\\/dagmar-saskova\\\/#primaryimage\",\"url\":\"https:\\\/\\\/www.concert-hosteldieu.com\\\/wp-content\\\/uploads\\\/2021\\\/08\\\/Dagmar-S\u030cas\u030ckova\u0301-2019-VI-Atelie\u0301r-Fotos\u030ckoda_format-paysage-01-01.jpg\",\"contentUrl\":\"https:\\\/\\\/www.concert-hosteldieu.com\\\/wp-content\\\/uploads\\\/2021\\\/08\\\/Dagmar-S\u030cas\u030ckova\u0301-2019-VI-Atelie\u0301r-Fotos\u030ckoda_format-paysage-01-01.jpg\",\"width\":1920,\"height\":1440},{\"@type\":\"BreadcrumbList\",\"@id\":\"https:\\\/\\\/www.concert-hosteldieu.com\\\/nos-artistes-invites\\\/dagmar-saskova\\\/#breadcrumb\",\"itemListElement\":[{\"@type\":\"ListItem\",\"position\":1,\"name\":\"Accueil\",\"item\":\"https:\\\/\\\/www.concert-hosteldieu.com\\\/\"},{\"@type\":\"ListItem\",\"position\":2,\"name\":\"Nos artistes invit\u00e9s\",\"item\":\"https:\\\/\\\/www.concert-hosteldieu.com\\\/nos-artistes-invites\\\/\"},{\"@type\":\"ListItem\",\"position\":3,\"name\":\"Dagmar \u0160a\u0161kov\u00e1\"}]},{\"@type\":\"WebSite\",\"@id\":\"https:\\\/\\\/www.concert-hosteldieu.com\\\/#website\",\"url\":\"https:\\\/\\\/www.concert-hosteldieu.com\\\/\",\"name\":\"Le Concert de l&#039;Hostel Dieu\",\"description\":\"Franck-Emmanuel Comte\",\"publisher\":{\"@id\":\"https:\\\/\\\/www.concert-hosteldieu.com\\\/#organization\"},\"potentialAction\":[{\"@type\":\"SearchAction\",\"target\":{\"@type\":\"EntryPoint\",\"urlTemplate\":\"https:\\\/\\\/www.concert-hosteldieu.com\\\/?s={search_term_string}\"},\"query-input\":{\"@type\":\"PropertyValueSpecification\",\"valueRequired\":true,\"valueName\":\"search_term_string\"}}],\"inLanguage\":\"en-GB\"},{\"@type\":\"Organization\",\"@id\":\"https:\\\/\\\/www.concert-hosteldieu.com\\\/#organization\",\"name\":\"Le Concert de l'Hostel Dieu\",\"url\":\"https:\\\/\\\/www.concert-hosteldieu.com\\\/\",\"logo\":{\"@type\":\"ImageObject\",\"inLanguage\":\"en-GB\",\"@id\":\"https:\\\/\\\/www.concert-hosteldieu.com\\\/#\\\/schema\\\/logo\\\/image\\\/\",\"url\":\"https:\\\/\\\/www.concert-hosteldieu.com\\\/wp-content\\\/uploads\\\/2021\\\/06\\\/logo-chd-noir-transparent.png\",\"contentUrl\":\"https:\\\/\\\/www.concert-hosteldieu.com\\\/wp-content\\\/uploads\\\/2021\\\/06\\\/logo-chd-noir-transparent.png\",\"width\":262,\"height\":106,\"caption\":\"Le Concert de l'Hostel Dieu\"},\"image\":{\"@id\":\"https:\\\/\\\/www.concert-hosteldieu.com\\\/#\\\/schema\\\/logo\\\/image\\\/\"},\"sameAs\":[\"https:\\\/\\\/www.facebook.com\\\/leconcert.delhosteldieu\",\"https:\\\/\\\/x.com\\\/CHDLyon\",\"https:\\\/\\\/instagram.com\\\/concert_hostel_dieu\",\"https:\\\/\\\/www.linkedin.com\\\/company\\\/le-concert-de-l'hostel-dieu\\\/\",\"https:\\\/\\\/www.youtube.com\\\/user\\\/CHDLyon\"]}]}<\/script>\n<!-- \/ Yoast SEO plugin. -->","yoast_head_json":{"title":"Dagmar \u0160a\u0161kov\u00e1 - Le Concert de l&#039;Hostel Dieu","robots":{"index":"index","follow":"follow","max-snippet":"max-snippet:-1","max-image-preview":"max-image-preview:large","max-video-preview":"max-video-preview:-1"},"canonical":"https:\/\/www.concert-hosteldieu.com\/en\/nos-artistes-invites\/dagmar-saskova\/","og_locale":"en_GB","og_type":"article","og_title":"Dagmar \u0160a\u0161kov\u00e1 - Le Concert de l&#039;Hostel Dieu","og_description":"Dagmar \u0160a\u0161kov\u00e1 Mezzo-soprano N\u00e9e en 1978 \u00e0 Rakovn\u00edk, R\u00e9publique tch\u00e8que, Dagmar \u0160a\u0161kov\u00e1 d\u00e9bute ses \u00e9tudes de musique et de chant \u00e0 l&rsquo;Universit\u00e9 de Boh\u00e8me occidentale \u00e0 Pilsen avec Ludmila Kotnauerov\u00e1. En 2002, elle obtient le deuxi\u00e8me Prix \u00e0 Leo\u0161 Jan\u00e1\u010dek [&hellip;]","og_url":"https:\/\/www.concert-hosteldieu.com\/en\/nos-artistes-invites\/dagmar-saskova\/","og_site_name":"Le Concert de l&#039;Hostel Dieu","article_publisher":"https:\/\/www.facebook.com\/leconcert.delhosteldieu","article_modified_time":"2022-08-10T14:47:59+00:00","og_image":[{"width":1920,"height":1440,"url":"https:\/\/www.concert-hosteldieu.com\/wp-content\/uploads\/2021\/08\/Dagmar-S\u030cas\u030ckova\u0301-2019-VI-Atelie\u0301r-Fotos\u030ckoda_format-paysage-01-01.jpg","type":"image\/jpeg"}],"twitter_misc":{"Estimated reading time":"4 minutes"},"schema":{"@context":"https:\/\/schema.org","@graph":[{"@type":"WebPage","@id":"https:\/\/www.concert-hosteldieu.com\/nos-artistes-invites\/dagmar-saskova\/","url":"https:\/\/www.concert-hosteldieu.com\/nos-artistes-invites\/dagmar-saskova\/","name":"Dagmar \u0160a\u0161kov\u00e1 - Le Concert de l&#039;Hostel Dieu","isPartOf":{"@id":"https:\/\/www.concert-hosteldieu.com\/#website"},"primaryImageOfPage":{"@id":"https:\/\/www.concert-hosteldieu.com\/nos-artistes-invites\/dagmar-saskova\/#primaryimage"},"image":{"@id":"https:\/\/www.concert-hosteldieu.com\/nos-artistes-invites\/dagmar-saskova\/#primaryimage"},"thumbnailUrl":"https:\/\/www.concert-hosteldieu.com\/wp-content\/uploads\/2021\/08\/Dagmar-S\u030cas\u030ckova\u0301-2019-VI-Atelie\u0301r-Fotos\u030ckoda_format-paysage-01-01.jpg","datePublished":"2021-08-18T13:51:59+00:00","dateModified":"2022-08-10T14:47:59+00:00","breadcrumb":{"@id":"https:\/\/www.concert-hosteldieu.com\/nos-artistes-invites\/dagmar-saskova\/#breadcrumb"},"inLanguage":"en-GB","potentialAction":[{"@type":"ReadAction","target":["https:\/\/www.concert-hosteldieu.com\/nos-artistes-invites\/dagmar-saskova\/"]}]},{"@type":"ImageObject","inLanguage":"en-GB","@id":"https:\/\/www.concert-hosteldieu.com\/nos-artistes-invites\/dagmar-saskova\/#primaryimage","url":"https:\/\/www.concert-hosteldieu.com\/wp-content\/uploads\/2021\/08\/Dagmar-S\u030cas\u030ckova\u0301-2019-VI-Atelie\u0301r-Fotos\u030ckoda_format-paysage-01-01.jpg","contentUrl":"https:\/\/www.concert-hosteldieu.com\/wp-content\/uploads\/2021\/08\/Dagmar-S\u030cas\u030ckova\u0301-2019-VI-Atelie\u0301r-Fotos\u030ckoda_format-paysage-01-01.jpg","width":1920,"height":1440},{"@type":"BreadcrumbList","@id":"https:\/\/www.concert-hosteldieu.com\/nos-artistes-invites\/dagmar-saskova\/#breadcrumb","itemListElement":[{"@type":"ListItem","position":1,"name":"Accueil","item":"https:\/\/www.concert-hosteldieu.com\/"},{"@type":"ListItem","position":2,"name":"Nos artistes invit\u00e9s","item":"https:\/\/www.concert-hosteldieu.com\/nos-artistes-invites\/"},{"@type":"ListItem","position":3,"name":"Dagmar \u0160a\u0161kov\u00e1"}]},{"@type":"WebSite","@id":"https:\/\/www.concert-hosteldieu.com\/#website","url":"https:\/\/www.concert-hosteldieu.com\/","name":"Le Concert de l&#039;Hostel Dieu","description":"Franck-Emmanuel Comte","publisher":{"@id":"https:\/\/www.concert-hosteldieu.com\/#organization"},"potentialAction":[{"@type":"SearchAction","target":{"@type":"EntryPoint","urlTemplate":"https:\/\/www.concert-hosteldieu.com\/?s={search_term_string}"},"query-input":{"@type":"PropertyValueSpecification","valueRequired":true,"valueName":"search_term_string"}}],"inLanguage":"en-GB"},{"@type":"Organization","@id":"https:\/\/www.concert-hosteldieu.com\/#organization","name":"Le Concert de l'Hostel Dieu","url":"https:\/\/www.concert-hosteldieu.com\/","logo":{"@type":"ImageObject","inLanguage":"en-GB","@id":"https:\/\/www.concert-hosteldieu.com\/#\/schema\/logo\/image\/","url":"https:\/\/www.concert-hosteldieu.com\/wp-content\/uploads\/2021\/06\/logo-chd-noir-transparent.png","contentUrl":"https:\/\/www.concert-hosteldieu.com\/wp-content\/uploads\/2021\/06\/logo-chd-noir-transparent.png","width":262,"height":106,"caption":"Le Concert de l'Hostel Dieu"},"image":{"@id":"https:\/\/www.concert-hosteldieu.com\/#\/schema\/logo\/image\/"},"sameAs":["https:\/\/www.facebook.com\/leconcert.delhosteldieu","https:\/\/x.com\/CHDLyon","https:\/\/instagram.com\/concert_hostel_dieu","https:\/\/www.linkedin.com\/company\/le-concert-de-l'hostel-dieu\/","https:\/\/www.youtube.com\/user\/CHDLyon"]}]}},"_links":{"self":[{"href":"https:\/\/www.concert-hosteldieu.com\/en\/wp-json\/wp\/v2\/pages\/16140","targetHints":{"allow":["GET"]}}],"collection":[{"href":"https:\/\/www.concert-hosteldieu.com\/en\/wp-json\/wp\/v2\/pages"}],"about":[{"href":"https:\/\/www.concert-hosteldieu.com\/en\/wp-json\/wp\/v2\/types\/page"}],"author":[{"embeddable":true,"href":"https:\/\/www.concert-hosteldieu.com\/en\/wp-json\/wp\/v2\/users\/2776"}],"replies":[{"embeddable":true,"href":"https:\/\/www.concert-hosteldieu.com\/en\/wp-json\/wp\/v2\/comments?post=16140"}],"version-history":[{"count":1,"href":"https:\/\/www.concert-hosteldieu.com\/en\/wp-json\/wp\/v2\/pages\/16140\/revisions"}],"predecessor-version":[{"id":18392,"href":"https:\/\/www.concert-hosteldieu.com\/en\/wp-json\/wp\/v2\/pages\/16140\/revisions\/18392"}],"up":[{"embeddable":true,"href":"https:\/\/www.concert-hosteldieu.com\/en\/wp-json\/wp\/v2\/pages\/12628"}],"wp:featuredmedia":[{"embeddable":true,"href":"https:\/\/www.concert-hosteldieu.com\/en\/wp-json\/wp\/v2\/media\/16142"}],"wp:attachment":[{"href":"https:\/\/www.concert-hosteldieu.com\/en\/wp-json\/wp\/v2\/media?parent=16140"}],"wp:term":[{"taxonomy":"category","embeddable":true,"href":"https:\/\/www.concert-hosteldieu.com\/en\/wp-json\/wp\/v2\/categories?post=16140"},{"taxonomy":"post_tag","embeddable":true,"href":"https:\/\/www.concert-hosteldieu.com\/en\/wp-json\/wp\/v2\/tags?post=16140"}],"curies":[{"name":"wp","href":"https:\/\/api.w.org\/{rel}","templated":true}]}}