{"id":14777,"date":"2021-07-20T14:20:04","date_gmt":"2021-07-20T13:20:04","guid":{"rendered":"https:\/\/dev.concert-hosteldieu.com\/?page_id=14777"},"modified":"2026-04-13T13:38:21","modified_gmt":"2026-04-13T12:38:21","slug":"pepiniere-baroque","status":"publish","type":"page","link":"https:\/\/www.concert-hosteldieu.com\/en\/pepiniere-baroque\/","title":{"rendered":"P\u00e9pini\u00e8re Baroque"},"content":{"rendered":"<h1>\n\t\t\t\tBaroque incubator\n\t\t\t<\/h1>\n\t\t\t<p>Saison scolaire 2025 | 2026<\/p>\t\n\t<p><strong>A premise<\/strong> | Une \u00e9tude du Minist\u00e8re de la Culture montre qu&rsquo;en 2018, <strong>2%<\/strong> seulement des 15-28 ans se sont rendus au moins une fois \u00e0 un concert de musique dite \u00ab\u00a0classique\u00a0\u00bb durant l&rsquo;ann\u00e9e. En 2008, ils \u00e9taient <strong>4%<\/strong>.<\/p>\n<p><strong>A conviction<\/strong> | N\u00e9e de son exp\u00e9rience de 30 ann\u00e9es de concerts et d&rsquo;actions de sensibili\u00adsation-transmission, <strong>Franck-Emmanuel Comte<\/strong> est persuad\u00e9 que c&rsquo;est d\u00e8s le plus jeune \u00e2ge, d\u00e8s l&rsquo;\u00e9cole primaire, qu&rsquo;il convient de sensibiliser le public de demain.<\/p>\n<p><strong>A project<\/strong> | We are developing a season for young audiences called \" <strong>Baroque incubator<\/strong> \u00bb. Cette saison se construit \u00e0 partir des 5 points suivants :<\/p>\n<figure itemscope itemtype=\"https:\/\/schema.org\/ImageObject\">\n\t\t\t\t<img decoding=\"async\" src=\"https:\/\/www.concert-hosteldieu.com\/wp-content\/uploads\/2022\/07\/DSC_8608.jpg\" alt=\"Reynier Guerrero\" height=\"1272\" width=\"1920\" title=\"DSC_8608\" onerror=\"this.style.display='none'\" loading=\"lazy\" \/>\n\t<\/figure>\n\t<strong>1. Inclusion<\/strong><strong><br \/>\n<\/strong>Participation d&rsquo;\u00e9coles venant de toute l&rsquo;acad\u00e9mie de Lyon. Lors de la saison 2024-2025, c&rsquo;est 2000 \u00e9l\u00e8ves des \u00e9coles primaires de Lyon qui ont pu assister aux diff\u00e9rentes repr\u00e9sentations.\n<figure itemscope itemtype=\"https:\/\/schema.org\/ImageObject\">\n\t\t\t\t<img decoding=\"async\" src=\"https:\/\/www.concert-hosteldieu.com\/wp-content\/uploads\/2021\/07\/concert-hostel-dieu-marco-polo-atelier-bruley-david-credit-julie-cherki-4web.jpg\" alt=\"concert-hostel-dieu-marco-polo-atelier-bruley-david-credit-julie-cherki (4web)\" height=\"787\" width=\"1181\" title=\"concert-hostel-dieu-marco-polo-atelier-bruley-david-credit-julie-cherki (4web)\" onerror=\"this.style.display='none'\" loading=\"lazy\" \/>\n\t<\/figure>\n\t<strong>2. Collaboration<\/strong><strong><br \/>\n<\/strong>Un conseiller p\u00e9dagogique de l&rsquo;\u00c9ducation nationale forme les professeurs des \u00e9coles en amont de chaque concert, permettant aux enseignants de mieux pr\u00e9parer les \u00e9l\u00e8ves. Ainsi, les \u00e9l\u00e8ves acc\u00e8dent aux concerts munis de cl\u00e9s d&rsquo;\u00e9coute.\n<figure itemscope itemtype=\"https:\/\/schema.org\/ImageObject\">\n\t\t\t\t<img decoding=\"async\" src=\"https:\/\/www.concert-hosteldieu.com\/wp-content\/uploads\/2020\/07\/concert-hostel-dieu-scolaire-mozart-julie-cherki-11.jpg\" alt=\"concert-hostel-dieu-scolaire-mozart-julie-cherki-11\" height=\"1125\" width=\"2000\" title=\"concert-hostel-dieu-scolaire-mozart-julie-cherki-11\" onerror=\"this.style.display='none'\" loading=\"lazy\" \/>\n\t<\/figure>\n\t<strong>3. Inspiration<\/strong><br \/>\nPartage du go\u00fbt pour la musique baroque, de sa richesse, de sa \u00ab modernit\u00e9 \u00bb. Boost de la cr\u00e9ativit\u00e9 des \u00e9l\u00e8ves qui s&rsquo;inspirent des hybridations propos\u00e9es par le CHD. Partage des ressentis entre sachant et apprenant, entre \u00e9l\u00e8ves et artistes. Enrichissement mutuel, d\u00e9veloppement d&rsquo;un esprit critique.\n<figure itemscope itemtype=\"https:\/\/schema.org\/ImageObject\">\n\t\t\t\t<img decoding=\"async\" src=\"https:\/\/www.concert-hosteldieu.com\/wp-content\/uploads\/2023\/05\/IDEF-2_27-10-21-1.jpg\" alt=\"Atelier avec le musicien David Bruley et des enfants\" height=\"960\" width=\"1280\" title=\"IDEF 2_27-10-21\" onerror=\"this.style.display='none'\" loading=\"lazy\" \/>\n\t<\/figure>\n\t<strong>4. \u00c9mancipation<\/strong><strong><br \/>\nPour l&rsquo;\u00e9l\u00e8ve<br \/>\n<\/strong>L&rsquo;\u00e9cole du spectateur, c&rsquo;est l&rsquo;apprentissage de la concentration, de l&rsquo;\u00e9coute attentive. C&rsquo;est rendre le spectateur actif contrairement aux produits t\u00e9l\u00e9visuels consomm\u00e9s le plus souvent dans le bruit et l&rsquo;inattention. Enfin, c&rsquo;est \u00ab fa\u00e7on\u00adner \u00bb le citoyen de demain : la fr\u00e9quentation du concert et la pratique artistique contribuant au d\u00e9veloppement de la personnalit\u00e9.<br \/>\n<strong>Pour l&rsquo;enseignant<\/strong><br \/>\nValorisation et facilitation de son r\u00f4le de \u00ab\u00a0passeur\u00a0\u00bb : lui permettre de donner \u00e0 ses \u00e9l\u00e8ves des connaissances, des outils, mais aussi lui apprendre \u00e0 ma\u00eetriser des comportements et des attitudes qui vont lui permettre de d\u00e9couvrir, de comprendre et de s&rsquo;int\u00e9resser \u00e0 des nouvelles formes de spectacles. C&rsquo;est surtout pour lui l&rsquo;occasion de cr\u00e9er un lien unique et ludique avec ses \u00e9l\u00e8ves autour de l&rsquo;expression artistique.\n<figure itemscope itemtype=\"https:\/\/schema.org\/ImageObject\">\n\t\t\t\t<img decoding=\"async\" src=\"https:\/\/www.concert-hosteldieu.com\/wp-content\/uploads\/2020\/07\/concert-hostel-dieu-scolaire-mozart-julie-cherki-3.jpg\" alt=\"concert-hostel-dieu-scolaire-mozart-julie-cherki-3\" height=\"1333\" width=\"2000\" title=\"concert-hostel-dieu-scolaire-mozart-julie-cherki-3\" onerror=\"this.style.display='none'\" loading=\"lazy\" \/>\n\t<\/figure>\n\t<strong>5. Incarnation<\/strong><strong><br \/>\n<\/strong>Le parcours p\u00e9dagogique et artistique s&rsquo;incarne dans le spectacle, moment unique et partag\u00e9, compl\u00e9t\u00e9 par un \u00ab bord de sc\u00e8ne \u00bb. Moment privil\u00e9gi\u00e9 d&rsquo;\u00e9changes, les \u00e9l\u00e8ves peuvent poser des questions aux musiciens sur sc\u00e8ne.\n\t\t<iframe loading=\"lazy\" title=\"La P\u00e9pini\u00e8re baroque - Le Concert de l&#039;Hostel Dieu\" width=\"500\" height=\"281\" src=\"https:\/\/www.youtube.com\/embed\/9dsxp3c2rnY?feature=oembed\" frameborder=\"0\" allow=\"accelerometer; autoplay; clipboard-write; encrypted-media; gyroscope; picture-in-picture; web-share\" referrerpolicy=\"strict-origin-when-cross-origin\" allowfullscreen><\/iframe>\t\n\t<h4>\n\t\t\t\tSAISON SCOLAIRE 2025-2026\n\t\t\t<\/h4>\n\t\t\t<a href=\"https:\/\/www.concert-hosteldieu.com\/wp-content\/uploads\/2025\/07\/Saison-scolaire-2025-2026-Le-Concert-de-lHostel-Dieu.pdf\"  target=\"_blank\" rel=\"noopener\">\n\t\t\t\t\t\tDownload the presentation file\n\t\t\t\t\t<\/a>\n\t\t\t<a href=\"https:\/\/forms.gle\/5zTTohDq3SZBCKrB6\"  target=\"_blank\" rel=\"noopener\">\n\t\t\t\t\t\tRegister your class\n\t\t\t\t\t<\/a>\n\t<p>Au cours de la saison 2025-2026, trois formes musicales innovantes et interdisciplinaires seront pr\u00e9sent\u00e9es aux \u00e9l\u00e8ves des classes primaires de l&rsquo;Acad\u00e9mie de Lyon :<\/p>\n<figure itemscope itemtype=\"https:\/\/schema.org\/ImageObject\">\n\t\t\t\t<a href=\"https:\/\/www.youtube.com\/watch?v=s8gXsMDV6bs\"  target=\"_blank\" rel=\"noopener\"  itemprop=\"url\">\n\t\t\t\t<img decoding=\"async\" src=\"https:\/\/www.concert-hosteldieu.com\/wp-content\/uploads\/2023\/05\/CHD-FugaCites-73.jpg\" alt=\"Les artistes de FugaCit\u00e9s\" height=\"1280\" width=\"1920\" title=\"FugaCit\u00e9s\" onerror=\"this.style.display='none'\" loading=\"lazy\" \/>\n\t\t\t\t<\/a>\n\t<\/figure>\n\t<h3>\n\t\t\t\t<a href=\"https:\/\/www.concert-hosteldieu.com\/en\/nos-productions\/fugacites\/\" title=\"Fugacit\u00e9s Danse\" target=\"_self\">\n\t\t\t\tFugacit\u00e9s Danse\n\t\t\t\t<\/a>\n\t\t\t<\/h3>\n\t\t\t<p class=\"translation-block\">Baroque music meets hip-hop dance\n (violin, cello and harpsichord) and hip-hop dance by J\u00e9r\u00f4me Oussou, choreographed by Mourad Merzouki.<\/p>\t\n<figure itemscope itemtype=\"https:\/\/schema.org\/ImageObject\">\n\t\t\t\t<a href=\"https:\/\/www.youtube.com\/watch?v=K9z0QW7AGgE\"  target=\"_blank\" rel=\"noopener\"  itemprop=\"url\">\n\t\t\t\t<img decoding=\"async\" src=\"https:\/\/www.concert-hosteldieu.com\/wp-content\/uploads\/2025\/09\/2025.03.31-La-Trinite-Bach-150527-c.william-sundfor.jpg\" alt=\"\u00a9 William Sundfor\" height=\"1280\" width=\"1920\" title=\"Bach on the beat\" onerror=\"this.style.display='none'\" loading=\"lazy\" \/>\n\t\t\t\t<\/a>\n\t<\/figure>\n\t<h3>\n\t\t\t\t<a href=\"https:\/\/www.concert-hosteldieu.com\/en\/nos-productions\/bach-on-the-beat\/\" title=\"Bach on the beat\" target=\"_self\">\n\t\t\t\tBach on the beat\n\t\t\t\t<\/a>\n\t\t\t<\/h3>\n\t\t\t<p>Rencontre de la <strong>musique baroque<\/strong> and <strong>beatbox<\/strong>. Le Concert de l&rsquo;Hostel Dieu et Tiko (champion du monde de beatbox) tissent un lien sonore insolite, entre m\u00e9lodies baroques et percussions vocales.<\/p>\t\n<figure itemscope itemtype=\"https:\/\/schema.org\/ImageObject\">\n\t\t\t\t<a href=\"https:\/\/www.concert-hosteldieu.com\/en\/nos-productions\/nature-s\/\"  target=\"_self\" itemprop=\"url\">\n\t\t\t\t<img decoding=\"async\" src=\"https:\/\/www.concert-hosteldieu.com\/wp-content\/uploads\/2025\/06\/Natures-\u00a9Julie-Cherki.jpg\" alt=\"\u00a9 Julie Cherki\" height=\"1280\" width=\"1920\" title=\"Nature(s)\" onerror=\"this.style.display='none'\" loading=\"lazy\" \/>\n\t\t\t\t<\/a>\n\t<\/figure>\n\t<h3>\n\t\t\t\t<a href=\"https:\/\/www.concert-hosteldieu.com\/en\/nos-productions\/nature-s\/\" title=\"Nature(s)\" target=\"_self\">\n\t\t\t\tNature(s)\n\t\t\t\t<\/a>\n\t\t\t<\/h3>\n\t\t\t<p>Rencontre ludique et imag\u00e9e entre <strong>musique baroque<\/strong> and <strong>nature<\/strong>, qu&rsquo;il s&rsquo;agisse de la nature humaine ou sauvage. Chaque repr\u00e9sentation est une exp\u00e9rience unique o\u00f9 le public participe au concert en relevant des d\u00e9fis.<\/p>\t\n\t\t\t\t\t\t<h4>CONTACT<\/h4>\n\t\t\t<p>Coordination and registration: <a href=\"mailto:contact@concert-hosteldieu.com\">contact@concert-hosteldieu.com<\/a> or to <a href=\"tel:04 78 42 27 76\">04 78 42 27 76<\/a><\/p>\n\t\t\t\t\t\t<h4>PARTNERS<\/h4>\n\t\t\t<p>In partnership with <strong>l&rsquo;Acad\u00e9mie de Lyon<\/strong><\/p>\n<p><img loading=\"lazy\" decoding=\"async\" src=\"https:\/\/www.concert-hosteldieu.com\/wp-content\/uploads\/2023\/08\/logo-academie-de-lyon.jpg\" alt=\"\" width=\"86\" height=\"85\" \/><\/p>\n<p>In partnership with <strong>le Centre scolaire Saint-Marc<\/strong> and <strong>La Trinit\u00e9<\/strong><br \/><img loading=\"lazy\" decoding=\"async\" src=\"https:\/\/www.concert-hosteldieu.com\/wp-content\/uploads\/2015\/03\/Logo-Centre-Saint-Marc-300x109.jpg\" alt=\"\" width=\"174\" height=\"63\" \/> \u00a0 \u00a0 \u00a0 <img loading=\"lazy\" decoding=\"async\" src=\"https:\/\/www.concert-hosteldieu.com\/wp-content\/uploads\/2025\/06\/Logos-trinite-arche_Plan-de-travail-1-copie-5-300x212.png\" alt=\"\" width=\"107\" height=\"75\" \/><\/p>\n<p>\u00a0 \u00a0 \u00a0<\/p>\n\t<h4>\n\t\t\t\tPast project\n\t\t\t<\/h4>\n\t\t\t\t\t<a href=\"https:\/\/www.youtube.com\/watch?v=D-N4V5v08gg\" aria-label=\"uabb-video-gallery\" data-fancybox=\"uabb-video-gallery\" data-url=\"https:\/\/www.youtube.com\/embed\/D-N4V5v08gg?autoplay=1&#038;version=3&#038;enablejsapi=1\"class=\"uabb-video-gallery-fancybox uabb-vg__play_full\">\t\t\t\t\t\t\n\t\t\t\t\t<\/a>\t\t\t\t\n\t<h3>\n\t\t\t\tMozart for all\n\t\t\t<\/h3>\n\t\t\t<p>En f\u00e9vrier 2017, les solistes, l&rsquo;orchestre et le ch\u0153ur du Concert de l&rsquo;Hostel Dieu ont \u00e9t\u00e9 accueillis \u00e0 l&rsquo;Auditorium de Lyon pour deux journ\u00e9es mozartiennes.\u00a0Ce projet regroupait trois concerts avec pour objectif de faire d\u00e9couvrir l&rsquo;univers classique \u00e0 un large public : <em>Mozart passes his baccalaureate <\/em>for secondary school students, <em>Discover Mozart <\/em>destin\u00e9 aux \u00e9l\u00e8ves de primaire, des ateliers de d\u00e9couverte du violoncelle anim\u00e9 par Beno\u00eet Morel, violoncelliste, avec des \u00e9l\u00e8ves de la Cit\u00e9 scolaire pour enfants malvoyants \u00e0 Villeurbanne.<\/p>\t\n\t\t\t<a href=\"https:\/\/www.youtube.com\/watch?v=D-N4V5v08gg\" title=\"Watch\" target=\"_blank\" rel=\"noopener\"  role=\"button\" aria-label=\"Watch\">\n\t\t\t\t\t\t\t\t\t\t\tWatch\n\t\t<\/a>","protected":false},"excerpt":{"rendered":"<p>P\u00e9pini\u00e8re baroque Saison scolaire 2025 | 2026 Un postulat | Une \u00e9tude du Minist\u00e8re de la Culture montre qu&rsquo;en 2018, 2% seulement des 15-28 ans se sont rendus au moins une fois \u00e0 un concert de musique dite \u00ab\u00a0classique\u00a0\u00bb durant [&hellip;]<\/p>\n","protected":false},"author":2776,"featured_media":23485,"parent":0,"menu_order":0,"comment_status":"closed","ping_status":"closed","template":"","meta":{"site-sidebar-layout":"no-sidebar","site-content-layout":"page-builder","ast-site-content-layout":"full-width-container","site-content-style":"unboxed","site-sidebar-style":"unboxed","ast-global-header-display":"","ast-banner-title-visibility":"","ast-main-header-display":"","ast-hfb-above-header-display":"","ast-hfb-below-header-display":"","ast-hfb-mobile-header-display":"","site-post-title":"disabled","ast-breadcrumbs-content":"","ast-featured-img":"disabled","footer-sml-layout":"","ast-disable-related-posts":"","theme-transparent-header-meta":"enabled","adv-header-id-meta":"","stick-header-meta":"default","header-above-stick-meta":"","header-main-stick-meta":"","header-below-stick-meta":"","astra-migrate-meta-layouts":"set","ast-page-background-enabled":"default","ast-page-background-meta":{"desktop":{"background-color":"","background-image":"","background-repeat":"repeat","background-position":"center center","background-size":"auto","background-attachment":"scroll","background-type":"","background-media":"","overlay-type":"","overlay-color":"","overlay-opacity":"","overlay-gradient":""},"tablet":{"background-color":"","background-image":"","background-repeat":"repeat","background-position":"center center","background-size":"auto","background-attachment":"scroll","background-type":"","background-media":"","overlay-type":"","overlay-color":"","overlay-opacity":"","overlay-gradient":""},"mobile":{"background-color":"","background-image":"","background-repeat":"repeat","background-position":"center center","background-size":"auto","background-attachment":"scroll","background-type":"","background-media":"","overlay-type":"","overlay-color":"","overlay-opacity":"","overlay-gradient":""}},"ast-content-background-meta":{"desktop":{"background-color":"var(--ast-global-color-5)","background-image":"","background-repeat":"repeat","background-position":"center center","background-size":"auto","background-attachment":"scroll","background-type":"","background-media":"","overlay-type":"","overlay-color":"","overlay-opacity":"","overlay-gradient":""},"tablet":{"background-color":"var(--ast-global-color-5)","background-image":"","background-repeat":"repeat","background-position":"center center","background-size":"auto","background-attachment":"scroll","background-type":"","background-media":"","overlay-type":"","overlay-color":"","overlay-opacity":"","overlay-gradient":""},"mobile":{"background-color":"var(--ast-global-color-5)","background-image":"","background-repeat":"repeat","background-position":"center center","background-size":"auto","background-attachment":"scroll","background-type":"","background-media":"","overlay-type":"","overlay-color":"","overlay-opacity":"","overlay-gradient":""}},"footnotes":""},"categories":[],"tags":[],"class_list":["post-14777","page","type-page","status-publish","has-post-thumbnail","hentry"],"yoast_head":"<!-- This site is optimized with the Yoast SEO plugin v27.4 - https:\/\/yoast.com\/product\/yoast-seo-wordpress\/ -->\n<title>P\u00e9pini\u00e8re Baroque - Le Concert de l&#039;Hostel Dieu<\/title>\n<meta name=\"description\" content=\"Pour la 2\u00e8me ann\u00e9e cons\u00e9cutive, Le Concert de l&#039;Hostel Dieu lance sa saison jeune public et propose trois concerts scolaires !\" \/>\n<meta name=\"robots\" content=\"index, follow, max-snippet:-1, max-image-preview:large, max-video-preview:-1\" \/>\n<link rel=\"canonical\" href=\"https:\/\/www.concert-hosteldieu.com\/en\/pepiniere-baroque\/\" \/>\n<meta property=\"og:locale\" content=\"en_GB\" \/>\n<meta property=\"og:type\" content=\"article\" \/>\n<meta property=\"og:title\" content=\"P\u00e9pini\u00e8re Baroque - Le Concert de l&#039;Hostel Dieu\" \/>\n<meta property=\"og:description\" content=\"Pour la 2\u00e8me ann\u00e9e cons\u00e9cutive, Le Concert de l&#039;Hostel Dieu lance sa saison jeune public et propose trois concerts scolaires !\" \/>\n<meta property=\"og:url\" content=\"https:\/\/www.concert-hosteldieu.com\/en\/pepiniere-baroque\/\" \/>\n<meta property=\"og:site_name\" content=\"Le Concert de l&#039;Hostel Dieu\" \/>\n<meta property=\"article:publisher\" content=\"https:\/\/www.facebook.com\/leconcert.delhosteldieu\" \/>\n<meta property=\"article:modified_time\" content=\"2026-04-13T12:38:21+00:00\" \/>\n<meta property=\"og:image\" content=\"https:\/\/www.concert-hosteldieu.com\/wp-content\/uploads\/2025\/06\/DSCF2054.jpg\" \/>\n\t<meta property=\"og:image:width\" content=\"1920\" \/>\n\t<meta property=\"og:image:height\" content=\"1280\" \/>\n\t<meta property=\"og:image:type\" content=\"image\/jpeg\" \/>\n<meta name=\"twitter:label1\" content=\"Estimated reading time\" \/>\n\t<meta name=\"twitter:data1\" content=\"6 minutes\" \/>\n<script type=\"application\/ld+json\" class=\"yoast-schema-graph\">{\"@context\":\"https:\\\/\\\/schema.org\",\"@graph\":[{\"@type\":\"WebPage\",\"@id\":\"https:\\\/\\\/www.concert-hosteldieu.com\\\/pepiniere-baroque\\\/\",\"url\":\"https:\\\/\\\/www.concert-hosteldieu.com\\\/pepiniere-baroque\\\/\",\"name\":\"P\u00e9pini\u00e8re Baroque - Le Concert de l&#039;Hostel Dieu\",\"isPartOf\":{\"@id\":\"https:\\\/\\\/www.concert-hosteldieu.com\\\/#website\"},\"primaryImageOfPage\":{\"@id\":\"https:\\\/\\\/www.concert-hosteldieu.com\\\/pepiniere-baroque\\\/#primaryimage\"},\"image\":{\"@id\":\"https:\\\/\\\/www.concert-hosteldieu.com\\\/pepiniere-baroque\\\/#primaryimage\"},\"thumbnailUrl\":\"https:\\\/\\\/www.concert-hosteldieu.com\\\/wp-content\\\/uploads\\\/2025\\\/06\\\/DSCF2054.jpg\",\"datePublished\":\"2021-07-20T13:20:04+00:00\",\"dateModified\":\"2026-04-13T12:38:21+00:00\",\"description\":\"Pour la 2\u00e8me ann\u00e9e cons\u00e9cutive, Le Concert de l'Hostel Dieu lance sa saison jeune public et propose trois concerts scolaires !\",\"breadcrumb\":{\"@id\":\"https:\\\/\\\/www.concert-hosteldieu.com\\\/pepiniere-baroque\\\/#breadcrumb\"},\"inLanguage\":\"en-GB\",\"potentialAction\":[{\"@type\":\"ReadAction\",\"target\":[\"https:\\\/\\\/www.concert-hosteldieu.com\\\/pepiniere-baroque\\\/\"]}]},{\"@type\":\"ImageObject\",\"inLanguage\":\"en-GB\",\"@id\":\"https:\\\/\\\/www.concert-hosteldieu.com\\\/pepiniere-baroque\\\/#primaryimage\",\"url\":\"https:\\\/\\\/www.concert-hosteldieu.com\\\/wp-content\\\/uploads\\\/2025\\\/06\\\/DSCF2054.jpg\",\"contentUrl\":\"https:\\\/\\\/www.concert-hosteldieu.com\\\/wp-content\\\/uploads\\\/2025\\\/06\\\/DSCF2054.jpg\",\"width\":1920,\"height\":1280,\"caption\":\"\u00a9 Karelle Perdrizet\"},{\"@type\":\"BreadcrumbList\",\"@id\":\"https:\\\/\\\/www.concert-hosteldieu.com\\\/pepiniere-baroque\\\/#breadcrumb\",\"itemListElement\":[{\"@type\":\"ListItem\",\"position\":1,\"name\":\"Accueil\",\"item\":\"https:\\\/\\\/www.concert-hosteldieu.com\\\/\"},{\"@type\":\"ListItem\",\"position\":2,\"name\":\"P\u00e9pini\u00e8re Baroque\"}]},{\"@type\":\"WebSite\",\"@id\":\"https:\\\/\\\/www.concert-hosteldieu.com\\\/#website\",\"url\":\"https:\\\/\\\/www.concert-hosteldieu.com\\\/\",\"name\":\"Le Concert de l&#039;Hostel Dieu\",\"description\":\"Franck-Emmanuel Comte\",\"publisher\":{\"@id\":\"https:\\\/\\\/www.concert-hosteldieu.com\\\/#organization\"},\"potentialAction\":[{\"@type\":\"SearchAction\",\"target\":{\"@type\":\"EntryPoint\",\"urlTemplate\":\"https:\\\/\\\/www.concert-hosteldieu.com\\\/?s={search_term_string}\"},\"query-input\":{\"@type\":\"PropertyValueSpecification\",\"valueRequired\":true,\"valueName\":\"search_term_string\"}}],\"inLanguage\":\"en-GB\"},{\"@type\":\"Organization\",\"@id\":\"https:\\\/\\\/www.concert-hosteldieu.com\\\/#organization\",\"name\":\"Le Concert de l'Hostel Dieu\",\"url\":\"https:\\\/\\\/www.concert-hosteldieu.com\\\/\",\"logo\":{\"@type\":\"ImageObject\",\"inLanguage\":\"en-GB\",\"@id\":\"https:\\\/\\\/www.concert-hosteldieu.com\\\/#\\\/schema\\\/logo\\\/image\\\/\",\"url\":\"https:\\\/\\\/www.concert-hosteldieu.com\\\/wp-content\\\/uploads\\\/2021\\\/06\\\/logo-chd-noir-transparent.png\",\"contentUrl\":\"https:\\\/\\\/www.concert-hosteldieu.com\\\/wp-content\\\/uploads\\\/2021\\\/06\\\/logo-chd-noir-transparent.png\",\"width\":262,\"height\":106,\"caption\":\"Le Concert de l'Hostel Dieu\"},\"image\":{\"@id\":\"https:\\\/\\\/www.concert-hosteldieu.com\\\/#\\\/schema\\\/logo\\\/image\\\/\"},\"sameAs\":[\"https:\\\/\\\/www.facebook.com\\\/leconcert.delhosteldieu\",\"https:\\\/\\\/x.com\\\/CHDLyon\",\"https:\\\/\\\/instagram.com\\\/concert_hostel_dieu\",\"https:\\\/\\\/www.linkedin.com\\\/company\\\/le-concert-de-l'hostel-dieu\\\/\",\"https:\\\/\\\/www.youtube.com\\\/user\\\/CHDLyon\"]}]}<\/script>\n<!-- \/ Yoast SEO plugin. -->","yoast_head_json":{"title":"P\u00e9pini\u00e8re Baroque - Le Concert de l&#039;Hostel Dieu","description":"Pour la 2\u00e8me ann\u00e9e cons\u00e9cutive, Le Concert de l'Hostel Dieu lance sa saison jeune public et propose trois concerts scolaires !","robots":{"index":"index","follow":"follow","max-snippet":"max-snippet:-1","max-image-preview":"max-image-preview:large","max-video-preview":"max-video-preview:-1"},"canonical":"https:\/\/www.concert-hosteldieu.com\/en\/pepiniere-baroque\/","og_locale":"en_GB","og_type":"article","og_title":"P\u00e9pini\u00e8re Baroque - Le Concert de l&#039;Hostel Dieu","og_description":"Pour la 2\u00e8me ann\u00e9e cons\u00e9cutive, Le Concert de l'Hostel Dieu lance sa saison jeune public et propose trois concerts scolaires !","og_url":"https:\/\/www.concert-hosteldieu.com\/en\/pepiniere-baroque\/","og_site_name":"Le Concert de l&#039;Hostel Dieu","article_publisher":"https:\/\/www.facebook.com\/leconcert.delhosteldieu","article_modified_time":"2026-04-13T12:38:21+00:00","og_image":[{"width":1920,"height":1280,"url":"https:\/\/www.concert-hosteldieu.com\/wp-content\/uploads\/2025\/06\/DSCF2054.jpg","type":"image\/jpeg"}],"twitter_misc":{"Estimated reading time":"6 minutes"},"schema":{"@context":"https:\/\/schema.org","@graph":[{"@type":"WebPage","@id":"https:\/\/www.concert-hosteldieu.com\/pepiniere-baroque\/","url":"https:\/\/www.concert-hosteldieu.com\/pepiniere-baroque\/","name":"P\u00e9pini\u00e8re Baroque - Le Concert de l&#039;Hostel Dieu","isPartOf":{"@id":"https:\/\/www.concert-hosteldieu.com\/#website"},"primaryImageOfPage":{"@id":"https:\/\/www.concert-hosteldieu.com\/pepiniere-baroque\/#primaryimage"},"image":{"@id":"https:\/\/www.concert-hosteldieu.com\/pepiniere-baroque\/#primaryimage"},"thumbnailUrl":"https:\/\/www.concert-hosteldieu.com\/wp-content\/uploads\/2025\/06\/DSCF2054.jpg","datePublished":"2021-07-20T13:20:04+00:00","dateModified":"2026-04-13T12:38:21+00:00","description":"Pour la 2\u00e8me ann\u00e9e cons\u00e9cutive, Le Concert de l'Hostel Dieu lance sa saison jeune public et propose trois concerts scolaires !","breadcrumb":{"@id":"https:\/\/www.concert-hosteldieu.com\/pepiniere-baroque\/#breadcrumb"},"inLanguage":"en-GB","potentialAction":[{"@type":"ReadAction","target":["https:\/\/www.concert-hosteldieu.com\/pepiniere-baroque\/"]}]},{"@type":"ImageObject","inLanguage":"en-GB","@id":"https:\/\/www.concert-hosteldieu.com\/pepiniere-baroque\/#primaryimage","url":"https:\/\/www.concert-hosteldieu.com\/wp-content\/uploads\/2025\/06\/DSCF2054.jpg","contentUrl":"https:\/\/www.concert-hosteldieu.com\/wp-content\/uploads\/2025\/06\/DSCF2054.jpg","width":1920,"height":1280,"caption":"\u00a9 Karelle Perdrizet"},{"@type":"BreadcrumbList","@id":"https:\/\/www.concert-hosteldieu.com\/pepiniere-baroque\/#breadcrumb","itemListElement":[{"@type":"ListItem","position":1,"name":"Accueil","item":"https:\/\/www.concert-hosteldieu.com\/"},{"@type":"ListItem","position":2,"name":"P\u00e9pini\u00e8re Baroque"}]},{"@type":"WebSite","@id":"https:\/\/www.concert-hosteldieu.com\/#website","url":"https:\/\/www.concert-hosteldieu.com\/","name":"Le Concert de l&#039;Hostel Dieu","description":"Franck-Emmanuel Comte","publisher":{"@id":"https:\/\/www.concert-hosteldieu.com\/#organization"},"potentialAction":[{"@type":"SearchAction","target":{"@type":"EntryPoint","urlTemplate":"https:\/\/www.concert-hosteldieu.com\/?s={search_term_string}"},"query-input":{"@type":"PropertyValueSpecification","valueRequired":true,"valueName":"search_term_string"}}],"inLanguage":"en-GB"},{"@type":"Organization","@id":"https:\/\/www.concert-hosteldieu.com\/#organization","name":"Le Concert de l'Hostel Dieu","url":"https:\/\/www.concert-hosteldieu.com\/","logo":{"@type":"ImageObject","inLanguage":"en-GB","@id":"https:\/\/www.concert-hosteldieu.com\/#\/schema\/logo\/image\/","url":"https:\/\/www.concert-hosteldieu.com\/wp-content\/uploads\/2021\/06\/logo-chd-noir-transparent.png","contentUrl":"https:\/\/www.concert-hosteldieu.com\/wp-content\/uploads\/2021\/06\/logo-chd-noir-transparent.png","width":262,"height":106,"caption":"Le Concert de l'Hostel Dieu"},"image":{"@id":"https:\/\/www.concert-hosteldieu.com\/#\/schema\/logo\/image\/"},"sameAs":["https:\/\/www.facebook.com\/leconcert.delhosteldieu","https:\/\/x.com\/CHDLyon","https:\/\/instagram.com\/concert_hostel_dieu","https:\/\/www.linkedin.com\/company\/le-concert-de-l'hostel-dieu\/","https:\/\/www.youtube.com\/user\/CHDLyon"]}]}},"_links":{"self":[{"href":"https:\/\/www.concert-hosteldieu.com\/en\/wp-json\/wp\/v2\/pages\/14777","targetHints":{"allow":["GET"]}}],"collection":[{"href":"https:\/\/www.concert-hosteldieu.com\/en\/wp-json\/wp\/v2\/pages"}],"about":[{"href":"https:\/\/www.concert-hosteldieu.com\/en\/wp-json\/wp\/v2\/types\/page"}],"author":[{"embeddable":true,"href":"https:\/\/www.concert-hosteldieu.com\/en\/wp-json\/wp\/v2\/users\/2776"}],"replies":[{"embeddable":true,"href":"https:\/\/www.concert-hosteldieu.com\/en\/wp-json\/wp\/v2\/comments?post=14777"}],"version-history":[{"count":6,"href":"https:\/\/www.concert-hosteldieu.com\/en\/wp-json\/wp\/v2\/pages\/14777\/revisions"}],"predecessor-version":[{"id":24218,"href":"https:\/\/www.concert-hosteldieu.com\/en\/wp-json\/wp\/v2\/pages\/14777\/revisions\/24218"}],"wp:featuredmedia":[{"embeddable":true,"href":"https:\/\/www.concert-hosteldieu.com\/en\/wp-json\/wp\/v2\/media\/23485"}],"wp:attachment":[{"href":"https:\/\/www.concert-hosteldieu.com\/en\/wp-json\/wp\/v2\/media?parent=14777"}],"wp:term":[{"taxonomy":"category","embeddable":true,"href":"https:\/\/www.concert-hosteldieu.com\/en\/wp-json\/wp\/v2\/categories?post=14777"},{"taxonomy":"post_tag","embeddable":true,"href":"https:\/\/www.concert-hosteldieu.com\/en\/wp-json\/wp\/v2\/tags?post=14777"}],"curies":[{"name":"wp","href":"https:\/\/api.w.org\/{rel}","templated":true}]}}