{"id":14672,"date":"2021-07-15T08:56:09","date_gmt":"2021-07-15T07:56:09","guid":{"rendered":"https:\/\/dev.concert-hosteldieu.com\/?page_id=14672"},"modified":"2025-10-24T09:27:26","modified_gmt":"2025-10-24T08:27:26","slug":"franck-emmanuel-comte","status":"publish","type":"page","link":"https:\/\/www.concert-hosteldieu.com\/en\/franck-emmanuel-comte\/","title":{"rendered":"Franck-Emmanuel Comte"},"content":{"rendered":"<h1>\n\t\t\t\tFranck-Emmanuel Comte\n\t\t\t<\/h1>\n\t<h2>\n\t\t\t\tDirecteur artistique, chef d&rsquo;orchestre &amp; claveciniste\n\t\t\t<\/h2>\n\tChef d&rsquo;orchestre et claveciniste, Franck-Emmanuel Comte occupe une place tout \u00e0 fait singuli\u00e8re au sein de la sc\u00e8ne baroque europ\u00e9enne. Artiste cr\u00e9atif et polyvalent, il vit sa passion pour le r\u00e9pertoire baroque principalement \u00e0 travers des projets transversaux, in\u00e9dits ou interdisciplinaires dont il est l&rsquo;initiateur.\nD\u00e8s la fin de ses \u00e9tudes au CNSMD de Lyon o\u00f9 il \u00e9tudie la composition et la direction d&rsquo;orchestre et de ch\u0153ur, il commence sa carri\u00e8re au sein de maisons d&rsquo;op\u00e9ra (Nantes, Lyon, Studio Op\u00e9ra de Paris&#8230;) et r\u00e9pond \u00e0 l&rsquo;invitation d&rsquo;orchestres classiques ou baroques (Orchestre des Pays de Savoie, Ensemble Orchestral Contemporain, Orchestre de l&rsquo;Universit\u00e9 d&rsquo;Auckland, Collegium Musicum Riga, Ensemble Arion de Montr\u00e9al&#8230;).\nParall\u00e8lement, il cr\u00e9e Le Concert de l&rsquo;Hostel Dieu, ensemble lyonnais de renomm\u00e9e internationale dont il est toujours le directeur artistique. Il dirige l&rsquo;ensemble lors de plus de 1700 concerts et enregistre une vingtaine de disques. <a href=\"https:\/\/www.concert-hosteldieu.com\/en\/product\/fantomes-hamlet\/\" target=\"_blank\" rel=\"noopener\"><em data-start=\"1127\" data-end=\"1148\">The Ghost of Hamlet<\/em><\/a>His most recent recording, released on Arcana\/Outhere, has received numerous awards and accolades from the <a href=\"https:\/\/www.concert-hosteldieu.com\/en\/les-fantomes-dhamlet-revue-de-presse\/\" target=\"_blank\" rel=\"noopener\">international press<\/a>.\nR\u00e9guli\u00e8rement invit\u00e9 \u00e0 diriger dans les capitales europ\u00e9ennes ou mondiales (Barcelone, Londres, Moscou, Montr\u00e9al, New York, Washington, Helsinki, Cracovie, Rome, Bruxelles, Madrid, Tel-Aviv, P\u00e9kin&#8230;) et lors de nombreux festivals internationaux (Ambronay, La Chaise-Dieu, H\u00e4ndel-Festspiel de Halle, Bayreuth Baroque Festival, Festival de Musique Ancienne de Bruges, London Baroque Festival, Festival de musique sacr\u00e9e de Grenade&#8230;), Franck-Emmanuel Comte se passionne pour le r\u00e9pertoire baroque mais aussi pour les projets transversaux ou atypiques, tel le ballet <a href=\"https:\/\/www.concert-hosteldieu.com\/en\/nos-projets-en-tournee\/folia\/\" target=\"_blank\" rel=\"noopener\"><em data-start=\"1833\" data-end=\"1840\">Folia<\/em><\/a> co-cr\u00e9\u00e9 avec le chor\u00e9graphe Mourad Merzouki et pr\u00e9sent\u00e9 d\u00e9j\u00e0 devant plus de 150 000 spectateurs lors de 160 repr\u00e9sentations.\nR\u00e9cemment, Franck-Emmanuel Comte a conduit plusieurs projets originaux tels que la cr\u00e9ation en premi\u00e8re mondiale d&rsquo;<a href=\"https:\/\/www.concert-hosteldieu.com\/en\/nos-productions\/il-paradiso-perduto-2\/\" target=\"_blank\" rel=\"noopener\"><em data-start=\"2082\" data-end=\"2103\">Il Paradiso perduto<\/em><\/a> \u00e0 l&rsquo;Auditorium de Lyon, <a href=\"https:\/\/www.concert-hosteldieu.com\/en\/nos-productions\/50-50\/\" target=\"_blank\" rel=\"noopener\"><em data-start=\"2128\" data-end=\"2135\">50\/50<\/em><\/a>, divers concerts et op\u00e9ras consacr\u00e9s aux compositrices baroques dont l&rsquo;op\u00e9ra <em data-start=\"2213\" data-end=\"2223\">Talestri<\/em> de Maria-Antonia de Walpurgis. Il a \u00e9galement \u00e9t\u00e9 en charge des musiques patrimoniales et d&rsquo;une partie des musiques originales de la s\u00e9rie t\u00e9l\u00e9vis\u00e9e <em data-start=\"2373\" data-end=\"2391\">Marie-Antoinette<\/em>, coproduite par Canal+ et la BBC.\nEn 2025, il devient directeur artistique de <a href=\"https:\/\/trinitelyon.com\/\" target=\"_blank\" rel=\"noopener\">La Trinit\u00e9<\/a>, saison de concerts d\u00e9di\u00e9s aux musiques anciennes et irr\u00e9guli\u00e8res, coorganis\u00e9s par Le Concert de l&rsquo;Hostel Dieu et Superspectives. Franck-Emmanuel Comte est par ailleurs directeur artistique du <a href=\"https:\/\/cmi-bach.com\/\" target=\"_blank\" rel=\"noopener\">Centre Musical International J.-S. Bach<\/a> of Saint-Donat and of the <a href=\"https:\/\/www.festivalmontblanc.fr\/\" target=\"_blank\" rel=\"noopener\">Festival baroque du Pays du Mont-Blanc<\/a>.","protected":false},"excerpt":{"rendered":"<p>Franck-Emmanuel Comte Directeur artistique, chef d&rsquo;orchestre &amp; claveciniste Chef d&rsquo;orchestre et claveciniste, Franck-Emmanuel Comte occupe une place tout \u00e0 fait singuli\u00e8re au sein de la sc\u00e8ne baroque europ\u00e9enne. Artiste cr\u00e9atif et polyvalent, il vit sa passion pour le r\u00e9pertoire baroque [&hellip;]<\/p>\n","protected":false},"author":2776,"featured_media":14676,"parent":0,"menu_order":0,"comment_status":"closed","ping_status":"closed","template":"","meta":{"site-sidebar-layout":"no-sidebar","site-content-layout":"page-builder","ast-site-content-layout":"default","site-content-style":"default","site-sidebar-style":"default","ast-global-header-display":"","ast-banner-title-visibility":"","ast-main-header-display":"","ast-hfb-above-header-display":"","ast-hfb-below-header-display":"","ast-hfb-mobile-header-display":"","site-post-title":"disabled","ast-breadcrumbs-content":"","ast-featured-img":"disabled","footer-sml-layout":"","ast-disable-related-posts":"","theme-transparent-header-meta":"enabled","adv-header-id-meta":"","stick-header-meta":"default","header-above-stick-meta":"","header-main-stick-meta":"","header-below-stick-meta":"","astra-migrate-meta-layouts":"default","ast-page-background-enabled":"default","ast-page-background-meta":{"desktop":{"background-color":"","background-image":"","background-repeat":"repeat","background-position":"center center","background-size":"auto","background-attachment":"scroll","background-type":"","background-media":"","overlay-type":"","overlay-color":"","overlay-opacity":"","overlay-gradient":""},"tablet":{"background-color":"","background-image":"","background-repeat":"repeat","background-position":"center center","background-size":"auto","background-attachment":"scroll","background-type":"","background-media":"","overlay-type":"","overlay-color":"","overlay-opacity":"","overlay-gradient":""},"mobile":{"background-color":"","background-image":"","background-repeat":"repeat","background-position":"center center","background-size":"auto","background-attachment":"scroll","background-type":"","background-media":"","overlay-type":"","overlay-color":"","overlay-opacity":"","overlay-gradient":""}},"ast-content-background-meta":{"desktop":{"background-color":"var(--ast-global-color-5)","background-image":"","background-repeat":"repeat","background-position":"center center","background-size":"auto","background-attachment":"scroll","background-type":"","background-media":"","overlay-type":"","overlay-color":"","overlay-opacity":"","overlay-gradient":""},"tablet":{"background-color":"var(--ast-global-color-5)","background-image":"","background-repeat":"repeat","background-position":"center center","background-size":"auto","background-attachment":"scroll","background-type":"","background-media":"","overlay-type":"","overlay-color":"","overlay-opacity":"","overlay-gradient":""},"mobile":{"background-color":"var(--ast-global-color-5)","background-image":"","background-repeat":"repeat","background-position":"center center","background-size":"auto","background-attachment":"scroll","background-type":"","background-media":"","overlay-type":"","overlay-color":"","overlay-opacity":"","overlay-gradient":""}},"footnotes":""},"categories":[],"tags":[],"class_list":["post-14672","page","type-page","status-publish","has-post-thumbnail","hentry"],"yoast_head":"<!-- This site is optimized with the Yoast SEO plugin v27.6 - https:\/\/yoast.com\/product\/yoast-seo-wordpress\/ -->\n<title>Franck-Emmanuel Comte - Le Concert de l&#039;Hostel Dieu<\/title>\n<meta name=\"robots\" content=\"index, follow, max-snippet:-1, max-image-preview:large, max-video-preview:-1\" \/>\n<link rel=\"canonical\" href=\"https:\/\/www.concert-hosteldieu.com\/en\/franck-emmanuel-comte\/\" \/>\n<meta property=\"og:locale\" content=\"en_GB\" \/>\n<meta property=\"og:type\" content=\"article\" \/>\n<meta property=\"og:title\" content=\"Franck-Emmanuel Comte - Le Concert de l&#039;Hostel Dieu\" \/>\n<meta property=\"og:description\" content=\"Franck-Emmanuel Comte Directeur artistique, chef d&rsquo;orchestre &amp; claveciniste Chef d&rsquo;orchestre et claveciniste, Franck-Emmanuel Comte occupe une place tout \u00e0 fait singuli\u00e8re au sein de la sc\u00e8ne baroque europ\u00e9enne. Artiste cr\u00e9atif et polyvalent, il vit sa passion pour le r\u00e9pertoire baroque [&hellip;]\" \/>\n<meta property=\"og:url\" content=\"https:\/\/www.concert-hosteldieu.com\/en\/franck-emmanuel-comte\/\" \/>\n<meta property=\"og:site_name\" content=\"Le Concert de l&#039;Hostel Dieu\" \/>\n<meta property=\"article:publisher\" content=\"https:\/\/www.facebook.com\/leconcert.delhosteldieu\" \/>\n<meta property=\"article:modified_time\" content=\"2025-10-24T08:27:26+00:00\" \/>\n<meta property=\"og:image\" content=\"https:\/\/www.concert-hosteldieu.com\/wp-content\/uploads\/2021\/07\/CHD-FE-Comte-portrait-Jean-Combier-6.jpg\" \/>\n\t<meta property=\"og:image:width\" content=\"590\" \/>\n\t<meta property=\"og:image:height\" content=\"394\" \/>\n\t<meta property=\"og:image:type\" content=\"image\/jpeg\" \/>\n<meta name=\"twitter:label1\" content=\"Estimated reading time\" \/>\n\t<meta name=\"twitter:data1\" content=\"2 minutes\" \/>\n<script type=\"application\/ld+json\" class=\"yoast-schema-graph\">{\"@context\":\"https:\\\/\\\/schema.org\",\"@graph\":[{\"@type\":\"WebPage\",\"@id\":\"https:\\\/\\\/www.concert-hosteldieu.com\\\/franck-emmanuel-comte\\\/\",\"url\":\"https:\\\/\\\/www.concert-hosteldieu.com\\\/franck-emmanuel-comte\\\/\",\"name\":\"Franck-Emmanuel Comte - Le Concert de l&#039;Hostel Dieu\",\"isPartOf\":{\"@id\":\"https:\\\/\\\/www.concert-hosteldieu.com\\\/#website\"},\"primaryImageOfPage\":{\"@id\":\"https:\\\/\\\/www.concert-hosteldieu.com\\\/franck-emmanuel-comte\\\/#primaryimage\"},\"image\":{\"@id\":\"https:\\\/\\\/www.concert-hosteldieu.com\\\/franck-emmanuel-comte\\\/#primaryimage\"},\"thumbnailUrl\":\"https:\\\/\\\/www.concert-hosteldieu.com\\\/wp-content\\\/uploads\\\/2021\\\/07\\\/CHD-FE-Comte-portrait-Jean-Combier-6.jpg\",\"datePublished\":\"2021-07-15T07:56:09+00:00\",\"dateModified\":\"2025-10-24T08:27:26+00:00\",\"breadcrumb\":{\"@id\":\"https:\\\/\\\/www.concert-hosteldieu.com\\\/franck-emmanuel-comte\\\/#breadcrumb\"},\"inLanguage\":\"en-GB\",\"potentialAction\":[{\"@type\":\"ReadAction\",\"target\":[\"https:\\\/\\\/www.concert-hosteldieu.com\\\/franck-emmanuel-comte\\\/\"]}]},{\"@type\":\"ImageObject\",\"inLanguage\":\"en-GB\",\"@id\":\"https:\\\/\\\/www.concert-hosteldieu.com\\\/franck-emmanuel-comte\\\/#primaryimage\",\"url\":\"https:\\\/\\\/www.concert-hosteldieu.com\\\/wp-content\\\/uploads\\\/2021\\\/07\\\/CHD-FE-Comte-portrait-Jean-Combier-6.jpg\",\"contentUrl\":\"https:\\\/\\\/www.concert-hosteldieu.com\\\/wp-content\\\/uploads\\\/2021\\\/07\\\/CHD-FE-Comte-portrait-Jean-Combier-6.jpg\",\"width\":590,\"height\":394,\"caption\":\"Franck-Emmanuel Comte, directeur artistique du Concert de l'Hostel Dieu\"},{\"@type\":\"BreadcrumbList\",\"@id\":\"https:\\\/\\\/www.concert-hosteldieu.com\\\/franck-emmanuel-comte\\\/#breadcrumb\",\"itemListElement\":[{\"@type\":\"ListItem\",\"position\":1,\"name\":\"Accueil\",\"item\":\"https:\\\/\\\/www.concert-hosteldieu.com\\\/\"},{\"@type\":\"ListItem\",\"position\":2,\"name\":\"Franck-Emmanuel Comte\"}]},{\"@type\":\"WebSite\",\"@id\":\"https:\\\/\\\/www.concert-hosteldieu.com\\\/#website\",\"url\":\"https:\\\/\\\/www.concert-hosteldieu.com\\\/\",\"name\":\"Le Concert de l&#039;Hostel Dieu\",\"description\":\"Franck-Emmanuel Comte\",\"publisher\":{\"@id\":\"https:\\\/\\\/www.concert-hosteldieu.com\\\/#organization\"},\"potentialAction\":[{\"@type\":\"SearchAction\",\"target\":{\"@type\":\"EntryPoint\",\"urlTemplate\":\"https:\\\/\\\/www.concert-hosteldieu.com\\\/?s={search_term_string}\"},\"query-input\":{\"@type\":\"PropertyValueSpecification\",\"valueRequired\":true,\"valueName\":\"search_term_string\"}}],\"inLanguage\":\"en-GB\"},{\"@type\":\"Organization\",\"@id\":\"https:\\\/\\\/www.concert-hosteldieu.com\\\/#organization\",\"name\":\"Le Concert de l'Hostel Dieu\",\"url\":\"https:\\\/\\\/www.concert-hosteldieu.com\\\/\",\"logo\":{\"@type\":\"ImageObject\",\"inLanguage\":\"en-GB\",\"@id\":\"https:\\\/\\\/www.concert-hosteldieu.com\\\/#\\\/schema\\\/logo\\\/image\\\/\",\"url\":\"https:\\\/\\\/www.concert-hosteldieu.com\\\/wp-content\\\/uploads\\\/2021\\\/06\\\/logo-chd-noir-transparent.png\",\"contentUrl\":\"https:\\\/\\\/www.concert-hosteldieu.com\\\/wp-content\\\/uploads\\\/2021\\\/06\\\/logo-chd-noir-transparent.png\",\"width\":262,\"height\":106,\"caption\":\"Le Concert de l'Hostel Dieu\"},\"image\":{\"@id\":\"https:\\\/\\\/www.concert-hosteldieu.com\\\/#\\\/schema\\\/logo\\\/image\\\/\"},\"sameAs\":[\"https:\\\/\\\/www.facebook.com\\\/leconcert.delhosteldieu\",\"https:\\\/\\\/x.com\\\/CHDLyon\",\"https:\\\/\\\/instagram.com\\\/concert_hostel_dieu\",\"https:\\\/\\\/www.linkedin.com\\\/company\\\/le-concert-de-l'hostel-dieu\\\/\",\"https:\\\/\\\/www.youtube.com\\\/user\\\/CHDLyon\"]}]}<\/script>\n<!-- \/ Yoast SEO plugin. -->","yoast_head_json":{"title":"Franck-Emmanuel Comte - Le Concert de l&#039;Hostel Dieu","robots":{"index":"index","follow":"follow","max-snippet":"max-snippet:-1","max-image-preview":"max-image-preview:large","max-video-preview":"max-video-preview:-1"},"canonical":"https:\/\/www.concert-hosteldieu.com\/en\/franck-emmanuel-comte\/","og_locale":"en_GB","og_type":"article","og_title":"Franck-Emmanuel Comte - Le Concert de l&#039;Hostel Dieu","og_description":"Franck-Emmanuel Comte Directeur artistique, chef d&rsquo;orchestre &amp; claveciniste Chef d&rsquo;orchestre et claveciniste, Franck-Emmanuel Comte occupe une place tout \u00e0 fait singuli\u00e8re au sein de la sc\u00e8ne baroque europ\u00e9enne. Artiste cr\u00e9atif et polyvalent, il vit sa passion pour le r\u00e9pertoire baroque [&hellip;]","og_url":"https:\/\/www.concert-hosteldieu.com\/en\/franck-emmanuel-comte\/","og_site_name":"Le Concert de l&#039;Hostel Dieu","article_publisher":"https:\/\/www.facebook.com\/leconcert.delhosteldieu","article_modified_time":"2025-10-24T08:27:26+00:00","og_image":[{"width":590,"height":394,"url":"https:\/\/www.concert-hosteldieu.com\/wp-content\/uploads\/2021\/07\/CHD-FE-Comte-portrait-Jean-Combier-6.jpg","type":"image\/jpeg"}],"twitter_misc":{"Estimated reading time":"2 minutes"},"schema":{"@context":"https:\/\/schema.org","@graph":[{"@type":"WebPage","@id":"https:\/\/www.concert-hosteldieu.com\/franck-emmanuel-comte\/","url":"https:\/\/www.concert-hosteldieu.com\/franck-emmanuel-comte\/","name":"Franck-Emmanuel Comte - Le Concert de l&#039;Hostel Dieu","isPartOf":{"@id":"https:\/\/www.concert-hosteldieu.com\/#website"},"primaryImageOfPage":{"@id":"https:\/\/www.concert-hosteldieu.com\/franck-emmanuel-comte\/#primaryimage"},"image":{"@id":"https:\/\/www.concert-hosteldieu.com\/franck-emmanuel-comte\/#primaryimage"},"thumbnailUrl":"https:\/\/www.concert-hosteldieu.com\/wp-content\/uploads\/2021\/07\/CHD-FE-Comte-portrait-Jean-Combier-6.jpg","datePublished":"2021-07-15T07:56:09+00:00","dateModified":"2025-10-24T08:27:26+00:00","breadcrumb":{"@id":"https:\/\/www.concert-hosteldieu.com\/franck-emmanuel-comte\/#breadcrumb"},"inLanguage":"en-GB","potentialAction":[{"@type":"ReadAction","target":["https:\/\/www.concert-hosteldieu.com\/franck-emmanuel-comte\/"]}]},{"@type":"ImageObject","inLanguage":"en-GB","@id":"https:\/\/www.concert-hosteldieu.com\/franck-emmanuel-comte\/#primaryimage","url":"https:\/\/www.concert-hosteldieu.com\/wp-content\/uploads\/2021\/07\/CHD-FE-Comte-portrait-Jean-Combier-6.jpg","contentUrl":"https:\/\/www.concert-hosteldieu.com\/wp-content\/uploads\/2021\/07\/CHD-FE-Comte-portrait-Jean-Combier-6.jpg","width":590,"height":394,"caption":"Franck-Emmanuel Comte, directeur artistique du Concert de l'Hostel Dieu"},{"@type":"BreadcrumbList","@id":"https:\/\/www.concert-hosteldieu.com\/franck-emmanuel-comte\/#breadcrumb","itemListElement":[{"@type":"ListItem","position":1,"name":"Accueil","item":"https:\/\/www.concert-hosteldieu.com\/"},{"@type":"ListItem","position":2,"name":"Franck-Emmanuel Comte"}]},{"@type":"WebSite","@id":"https:\/\/www.concert-hosteldieu.com\/#website","url":"https:\/\/www.concert-hosteldieu.com\/","name":"Le Concert de l&#039;Hostel Dieu","description":"Franck-Emmanuel Comte","publisher":{"@id":"https:\/\/www.concert-hosteldieu.com\/#organization"},"potentialAction":[{"@type":"SearchAction","target":{"@type":"EntryPoint","urlTemplate":"https:\/\/www.concert-hosteldieu.com\/?s={search_term_string}"},"query-input":{"@type":"PropertyValueSpecification","valueRequired":true,"valueName":"search_term_string"}}],"inLanguage":"en-GB"},{"@type":"Organization","@id":"https:\/\/www.concert-hosteldieu.com\/#organization","name":"Le Concert de l'Hostel Dieu","url":"https:\/\/www.concert-hosteldieu.com\/","logo":{"@type":"ImageObject","inLanguage":"en-GB","@id":"https:\/\/www.concert-hosteldieu.com\/#\/schema\/logo\/image\/","url":"https:\/\/www.concert-hosteldieu.com\/wp-content\/uploads\/2021\/06\/logo-chd-noir-transparent.png","contentUrl":"https:\/\/www.concert-hosteldieu.com\/wp-content\/uploads\/2021\/06\/logo-chd-noir-transparent.png","width":262,"height":106,"caption":"Le Concert de l'Hostel Dieu"},"image":{"@id":"https:\/\/www.concert-hosteldieu.com\/#\/schema\/logo\/image\/"},"sameAs":["https:\/\/www.facebook.com\/leconcert.delhosteldieu","https:\/\/x.com\/CHDLyon","https:\/\/instagram.com\/concert_hostel_dieu","https:\/\/www.linkedin.com\/company\/le-concert-de-l'hostel-dieu\/","https:\/\/www.youtube.com\/user\/CHDLyon"]}]}},"_links":{"self":[{"href":"https:\/\/www.concert-hosteldieu.com\/en\/wp-json\/wp\/v2\/pages\/14672","targetHints":{"allow":["GET"]}}],"collection":[{"href":"https:\/\/www.concert-hosteldieu.com\/en\/wp-json\/wp\/v2\/pages"}],"about":[{"href":"https:\/\/www.concert-hosteldieu.com\/en\/wp-json\/wp\/v2\/types\/page"}],"author":[{"embeddable":true,"href":"https:\/\/www.concert-hosteldieu.com\/en\/wp-json\/wp\/v2\/users\/2776"}],"replies":[{"embeddable":true,"href":"https:\/\/www.concert-hosteldieu.com\/en\/wp-json\/wp\/v2\/comments?post=14672"}],"version-history":[{"count":4,"href":"https:\/\/www.concert-hosteldieu.com\/en\/wp-json\/wp\/v2\/pages\/14672\/revisions"}],"predecessor-version":[{"id":23792,"href":"https:\/\/www.concert-hosteldieu.com\/en\/wp-json\/wp\/v2\/pages\/14672\/revisions\/23792"}],"wp:featuredmedia":[{"embeddable":true,"href":"https:\/\/www.concert-hosteldieu.com\/en\/wp-json\/wp\/v2\/media\/14676"}],"wp:attachment":[{"href":"https:\/\/www.concert-hosteldieu.com\/en\/wp-json\/wp\/v2\/media?parent=14672"}],"wp:term":[{"taxonomy":"category","embeddable":true,"href":"https:\/\/www.concert-hosteldieu.com\/en\/wp-json\/wp\/v2\/categories?post=14672"},{"taxonomy":"post_tag","embeddable":true,"href":"https:\/\/www.concert-hosteldieu.com\/en\/wp-json\/wp\/v2\/tags?post=14672"}],"curies":[{"name":"wp","href":"https:\/\/api.w.org\/{rel}","templated":true}]}}