{"id":14594,"date":"2021-07-08T17:03:05","date_gmt":"2021-07-08T16:03:05","guid":{"rendered":"https:\/\/dev.concert-hosteldieu.com\/?page_id=14594"},"modified":"2024-03-18T10:27:05","modified_gmt":"2024-03-18T09:27:05","slug":"minori-deguchi","status":"publish","type":"page","link":"https:\/\/www.concert-hosteldieu.com\/en\/nos-musiciens\/minori-deguchi\/","title":{"rendered":"Minori Deguchi"},"content":{"rendered":"<h2>\n\t\t\t\tMinori Deguchi\n\t\t\t<\/h2>\n\t\t\t<h4>Co-lead violin<\/h4>\t\n\t<p>Minori Deguchi commence le violon \u00e0 l&rsquo;\u00e2ge de 3 ans. Elle entre \u00e0 l&rsquo;universit\u00e9 de musique <i>Toho Gakuen<\/i> (Tokyo), dans les classes de violon de Yoshio Unno et Hamao Fujiwara, en 2011. Parall\u00e8lement \u00e0 ses \u00e9tudes, elle commence l&rsquo;apprentissage du violon baroque, qui l&rsquo;int\u00e9resse depuis son enfance, aupr\u00e8s de Ryo Terakado et Kaori Toda. Apr\u00e8s avoir obtenu sa licence en violon moderne, elle continue l&rsquo;\u00e9tude du violon baroque \u00e0 l&rsquo;Universit\u00e9 des Arts de Tokyo dans la classe de Natsumi Wakamatsu, puis entre en 2017 au CNSMD de Lyon o\u00f9 elle obtient son master de violon baroque dans la classe d&rsquo;Odile Edouard ainsi qu&rsquo;un master de musique de chambre.<\/p>\n<p>Minori was awarded second prize at the 2019 \u00ab\u00a0<i>Yamanashi<\/i>\u00a0\u00bb International Early Music Competition, as well as first prize and the audience prize at the 2019 <i>Premio Bonporti<\/i> 2019. Elle a re\u00e7u \u00e9galement une mention honorable au\u00a0Concours International Bruges\u00a02021 (Belgique).<\/p>\n<p>She performs with a number of baroque and classical orchestras and ensembles, including <i>Classical Players Tokyo<\/i> (conductor Masahiro Arita), <i>Orchestre Libera Classica<\/i> (Hidemi Suzuki), <i>Gli Angeli Gen\u00e8ve<\/i> (Stephan MacLeod), <i>Concerto Soave<\/i> (Jean-Marc Aymes) and <i>Les Surprises<\/i> (Louis-No\u00ebl Bestion de Camboulas).<\/p>\n\t\t\t\t<img loading=\"lazy\" decoding=\"async\" src=\"https:\/\/www.concert-hosteldieu.com\/wp-content\/uploads\/2023\/06\/CHD-Guillotiere-web-30.jpg\" alt=\"\u00a9Julie Cherki\" itemprop=\"image\" height=\"1280\" width=\"1920\" title=\"Minori Deguchi\" onerror=\"this.style.display='none'\"  \/>\n\t\t\u00a9Julie Cherki\n<h4>\n\t\tOur musicians\n\t<\/h4>\n\t\t\t\t\t\t\t\t\t\t\t\t\t\t<a href=\"https:\/\/www.concert-hosteldieu.com\/en\/nos-musiciens\/sayaka-shinoda\/\" target=\"_self\" title=\"Sayaka Shinoda\" rel=\"noopener\">\n\t\t\t\t<img decoding=\"async\" src=\"https:\/\/www.concert-hosteldieu.com\/wp-content\/uploads\/2021\/07\/Sayaka-Shinoda1\u00a9Julie-Cherki-1.jpg\" alt=\"\" \/>\n\t\t\t\t<\/a>\n\t\t\t\t\t\t<h3>\n\t\t\t\t<a href=\"https:\/\/www.concert-hosteldieu.com\/en\/nos-musiciens\/sayaka-shinoda\/\" title=\"Sayaka Shinoda\" tabindex=\"0\">Sayaka Shinoda<\/a>\t\t\t<\/h3>\n\t\t\t\t\t\t\t\t\t\t\t\t\t\t<a href=\"https:\/\/www.concert-hosteldieu.com\/en\/nos-musiciens\/veronique-bouilloux\/\" target=\"_self\" title=\"Veronique Bouilloux\" rel=\"noopener\">\n\t\t\t\t<img decoding=\"async\" src=\"https:\/\/www.concert-hosteldieu.com\/wp-content\/uploads\/2023\/07\/Veronique-BOUILLOUX-WEB-\u00a9Julie-Cherki-1.jpg\" alt=\"V\u00e9ronique Bouilloux, violoniste\" \/>\n\t\t\t\t<\/a>\n\t\t\t\t\t\t<h3>\n\t\t\t\t<a href=\"https:\/\/www.concert-hosteldieu.com\/en\/nos-musiciens\/veronique-bouilloux\/\" title=\"Veronique Bouilloux\" tabindex=\"0\">Veronique Bouilloux<\/a>\t\t\t<\/h3>\n\t\t\t\t\t\t\t\t\t\t\t\t\t\t<a href=\"https:\/\/www.concert-hosteldieu.com\/en\/nos-musiciens\/ulrik-gaston-larsen\/\" target=\"_self\" title=\"Ulrik Gaston Larsen\" rel=\"noopener\">\n\t\t\t\t<img decoding=\"async\" src=\"https:\/\/www.concert-hosteldieu.com\/wp-content\/uploads\/2023\/06\/CHD-Guillotiere-web-50.jpg\" alt=\"\" \/>\n\t\t\t\t<\/a>\n\t\t\t\t\t\t<h3>\n\t\t\t\t<a href=\"https:\/\/www.concert-hosteldieu.com\/en\/nos-musiciens\/ulrik-gaston-larsen\/\" title=\"Ulrik Gaston Larsen\" tabindex=\"0\">Ulrik Gaston Larsen<\/a>\t\t\t<\/h3>\n\t\t\t\t\t\t\t\t\t\t\t\t\t\t<a href=\"https:\/\/www.concert-hosteldieu.com\/en\/nos-musiciens\/nicolas-muzy\/\" target=\"_self\" title=\"Nicolas Muzy\" rel=\"noopener\">\n\t\t\t\t<img decoding=\"async\" src=\"https:\/\/www.concert-hosteldieu.com\/wp-content\/uploads\/2021\/06\/Confluence-61_web.jpg\" alt=\"\" \/>\n\t\t\t\t<\/a>\n\t\t\t\t\t\t<h3>\n\t\t\t\t<a href=\"https:\/\/www.concert-hosteldieu.com\/en\/nos-musiciens\/nicolas-muzy\/\" title=\"Nicolas Muzy\" tabindex=\"0\">Nicolas Muzy<\/a>\t\t\t<\/h3>\n\t\t\t\t\t\t\t\t\t\t\t\t\t\t<a href=\"https:\/\/www.concert-hosteldieu.com\/en\/nos-musiciens\/myriam-cambreling\/\" target=\"_self\" title=\"Myriam Cambreling\" rel=\"noopener\">\n\t\t\t\t<img decoding=\"async\" src=\"https:\/\/www.concert-hosteldieu.com\/wp-content\/uploads\/2021\/07\/GAM07643.jpg\" alt=\"\" \/>\n\t\t\t\t<\/a>\n\t\t\t\t\t\t<h3>\n\t\t\t\t<a href=\"https:\/\/www.concert-hosteldieu.com\/en\/nos-musiciens\/myriam-cambreling\/\" title=\"Myriam Cambreling\" tabindex=\"0\">Myriam Cambreling<\/a>\t\t\t<\/h3>\n\t\t\t\t\t\t\t\t\t\t\t\t\t\t<a href=\"https:\/\/www.concert-hosteldieu.com\/en\/nos-musiciens\/florian-verhaegen\/\" target=\"_self\" title=\"Florian Verhaegen\" rel=\"noopener\">\n\t\t\t\t<img decoding=\"async\" src=\"https:\/\/www.concert-hosteldieu.com\/wp-content\/uploads\/2021\/06\/Confluence-91-2.jpg\" alt=\"\" \/>\n\t\t\t\t<\/a>\n\t\t\t\t\t\t<h3>\n\t\t\t\t<a href=\"https:\/\/www.concert-hosteldieu.com\/en\/nos-musiciens\/florian-verhaegen\/\" title=\"Florian Verhaegen\" tabindex=\"0\">Florian Verhaegen<\/a>\t\t\t<\/h3>\n\t\t\t\t\t\t\t\t\t\t\t\t\t\t<a href=\"https:\/\/www.concert-hosteldieu.com\/en\/nos-musiciens\/aurelie-metivier\/\" target=\"_self\" title=\"Aur\u00e9lie M\u00e9tivier\" rel=\"noopener\">\n\t\t\t\t<img decoding=\"async\" src=\"https:\/\/www.concert-hosteldieu.com\/wp-content\/uploads\/2021\/06\/Confluence-121_web.jpg\" alt=\"\" \/>\n\t\t\t\t<\/a>\n\t\t\t\t\t\t<h3>\n\t\t\t\t<a href=\"https:\/\/www.concert-hosteldieu.com\/en\/nos-musiciens\/aurelie-metivier\/\" title=\"Aur\u00e9lie M\u00e9tivier\" tabindex=\"0\">Aur\u00e9lie M\u00e9tivier<\/a>\t\t\t<\/h3>\n\t\t\t\t\t\t\t\t\t\t\t\t\t\t<a href=\"https:\/\/www.concert-hosteldieu.com\/en\/nos-musiciens\/maria-raffaele\/\" target=\"_self\" title=\"Maria Raffaele\" rel=\"noopener\">\n\t\t\t\t<img decoding=\"async\" src=\"https:\/\/www.concert-hosteldieu.com\/wp-content\/uploads\/2021\/07\/GAM07489.jpg\" alt=\"\" \/>\n\t\t\t\t<\/a>\n\t\t\t\t\t\t<h3>\n\t\t\t\t<a href=\"https:\/\/www.concert-hosteldieu.com\/en\/nos-musiciens\/maria-raffaele\/\" title=\"Maria Raffaele\" tabindex=\"0\">Maria Raffaele<\/a>\t\t\t<\/h3>\n\t\t\t\t\t\t\t\t\t\t\t\t\t\t<a href=\"https:\/\/www.concert-hosteldieu.com\/en\/nos-musiciens\/clara-fellmann\/\" target=\"_self\" title=\"Clara Fellmann\" rel=\"noopener\">\n\t\t\t\t<img decoding=\"async\" src=\"https:\/\/www.concert-hosteldieu.com\/wp-content\/uploads\/2021\/06\/Confluence-101_web.jpg\" alt=\"\" \/>\n\t\t\t\t<\/a>\n\t\t\t\t\t\t<h3>\n\t\t\t\t<a href=\"https:\/\/www.concert-hosteldieu.com\/en\/nos-musiciens\/clara-fellmann\/\" title=\"Clara Fellmann\" tabindex=\"0\">Clara Fellmann<\/a>\t\t\t<\/h3>\n\t\t\t\t\t\t\t\t\t\t\t\t\t\t<a href=\"https:\/\/www.concert-hosteldieu.com\/en\/nos-musiciens\/aude-walker-viry\/\" target=\"_self\" title=\"Aude Walker-Viry\" rel=\"noopener\">\n\t\t\t\t<img decoding=\"async\" src=\"https:\/\/www.concert-hosteldieu.com\/wp-content\/uploads\/2021\/06\/GAM07756.jpg\" alt=\"\" \/>\n\t\t\t\t<\/a>\n\t\t\t\t\t\t<h3>\n\t\t\t\t<a href=\"https:\/\/www.concert-hosteldieu.com\/en\/nos-musiciens\/aude-walker-viry\/\" title=\"Aude Walker-Viry\" tabindex=\"0\">Aude Walker-Viry<\/a>\t\t\t<\/h3>","protected":false},"excerpt":{"rendered":"<p>Minori Deguchi Co-premier violon Minori Deguchi commence le violon \u00e0 l&rsquo;\u00e2ge de 3 ans. Elle entre \u00e0 l&rsquo;universit\u00e9 de musique Toho Gakuen (Tokyo), dans les classes de violon de Yoshio Unno et Hamao Fujiwara, en 2011. Parall\u00e8lement \u00e0 ses \u00e9tudes, [&hellip;]<\/p>\n","protected":false},"author":2776,"featured_media":20407,"parent":12605,"menu_order":0,"comment_status":"closed","ping_status":"closed","template":"","meta":{"site-sidebar-layout":"no-sidebar","site-content-layout":"page-builder","ast-site-content-layout":"default","site-content-style":"default","site-sidebar-style":"default","ast-global-header-display":"","ast-banner-title-visibility":"","ast-main-header-display":"","ast-hfb-above-header-display":"","ast-hfb-below-header-display":"","ast-hfb-mobile-header-display":"","site-post-title":"disabled","ast-breadcrumbs-content":"","ast-featured-img":"disabled","footer-sml-layout":"","ast-disable-related-posts":"","theme-transparent-header-meta":"enabled","adv-header-id-meta":"","stick-header-meta":"default","header-above-stick-meta":"","header-main-stick-meta":"","header-below-stick-meta":"","astra-migrate-meta-layouts":"default","ast-page-background-enabled":"default","ast-page-background-meta":{"desktop":{"background-color":"","background-image":"","background-repeat":"repeat","background-position":"center center","background-size":"auto","background-attachment":"scroll","background-type":"","background-media":"","overlay-type":"","overlay-color":"","overlay-opacity":"","overlay-gradient":""},"tablet":{"background-color":"","background-image":"","background-repeat":"repeat","background-position":"center center","background-size":"auto","background-attachment":"scroll","background-type":"","background-media":"","overlay-type":"","overlay-color":"","overlay-opacity":"","overlay-gradient":""},"mobile":{"background-color":"","background-image":"","background-repeat":"repeat","background-position":"center center","background-size":"auto","background-attachment":"scroll","background-type":"","background-media":"","overlay-type":"","overlay-color":"","overlay-opacity":"","overlay-gradient":""}},"ast-content-background-meta":{"desktop":{"background-color":"var(--ast-global-color-5)","background-image":"","background-repeat":"repeat","background-position":"center center","background-size":"auto","background-attachment":"scroll","background-type":"","background-media":"","overlay-type":"","overlay-color":"","overlay-opacity":"","overlay-gradient":""},"tablet":{"background-color":"var(--ast-global-color-5)","background-image":"","background-repeat":"repeat","background-position":"center center","background-size":"auto","background-attachment":"scroll","background-type":"","background-media":"","overlay-type":"","overlay-color":"","overlay-opacity":"","overlay-gradient":""},"mobile":{"background-color":"var(--ast-global-color-5)","background-image":"","background-repeat":"repeat","background-position":"center center","background-size":"auto","background-attachment":"scroll","background-type":"","background-media":"","overlay-type":"","overlay-color":"","overlay-opacity":"","overlay-gradient":""}},"footnotes":""},"categories":[169,170],"tags":[],"class_list":["post-14594","page","type-page","status-publish","has-post-thumbnail","hentry","category-equipe-artistique","category-nosmusiciens"],"yoast_head":"<!-- This site is optimized with the Yoast SEO plugin v27.4 - https:\/\/yoast.com\/product\/yoast-seo-wordpress\/ -->\n<title>Minori Deguchi - Le Concert de l&#039;Hostel Dieu<\/title>\n<meta name=\"robots\" content=\"index, follow, max-snippet:-1, max-image-preview:large, max-video-preview:-1\" \/>\n<link rel=\"canonical\" href=\"https:\/\/www.concert-hosteldieu.com\/en\/nos-musiciens\/minori-deguchi\/\" \/>\n<meta property=\"og:locale\" content=\"en_GB\" \/>\n<meta property=\"og:type\" content=\"article\" \/>\n<meta property=\"og:title\" content=\"Minori Deguchi - Le Concert de l&#039;Hostel Dieu\" \/>\n<meta property=\"og:description\" content=\"Minori Deguchi Co-premier violon Minori Deguchi commence le violon \u00e0 l&rsquo;\u00e2ge de 3 ans. Elle entre \u00e0 l&rsquo;universit\u00e9 de musique Toho Gakuen (Tokyo), dans les classes de violon de Yoshio Unno et Hamao Fujiwara, en 2011. Parall\u00e8lement \u00e0 ses \u00e9tudes, [&hellip;]\" \/>\n<meta property=\"og:url\" content=\"https:\/\/www.concert-hosteldieu.com\/en\/nos-musiciens\/minori-deguchi\/\" \/>\n<meta property=\"og:site_name\" content=\"Le Concert de l&#039;Hostel Dieu\" \/>\n<meta property=\"article:publisher\" content=\"https:\/\/www.facebook.com\/leconcert.delhosteldieu\" \/>\n<meta property=\"article:modified_time\" content=\"2024-03-18T09:27:05+00:00\" \/>\n<meta property=\"og:image\" content=\"https:\/\/www.concert-hosteldieu.com\/wp-content\/uploads\/2023\/06\/CHD-Guillotiere-web-36.jpg\" \/>\n\t<meta property=\"og:image:width\" content=\"1920\" \/>\n\t<meta property=\"og:image:height\" content=\"1280\" \/>\n\t<meta property=\"og:image:type\" content=\"image\/jpeg\" \/>\n<meta name=\"twitter:label1\" content=\"Estimated reading time\" \/>\n\t<meta name=\"twitter:data1\" content=\"4 minutes\" \/>\n<script type=\"application\/ld+json\" class=\"yoast-schema-graph\">{\"@context\":\"https:\\\/\\\/schema.org\",\"@graph\":[{\"@type\":\"WebPage\",\"@id\":\"https:\\\/\\\/www.concert-hosteldieu.com\\\/nos-musiciens\\\/minori-deguchi\\\/\",\"url\":\"https:\\\/\\\/www.concert-hosteldieu.com\\\/nos-musiciens\\\/minori-deguchi\\\/\",\"name\":\"Minori Deguchi - Le Concert de l&#039;Hostel Dieu\",\"isPartOf\":{\"@id\":\"https:\\\/\\\/www.concert-hosteldieu.com\\\/#website\"},\"primaryImageOfPage\":{\"@id\":\"https:\\\/\\\/www.concert-hosteldieu.com\\\/nos-musiciens\\\/minori-deguchi\\\/#primaryimage\"},\"image\":{\"@id\":\"https:\\\/\\\/www.concert-hosteldieu.com\\\/nos-musiciens\\\/minori-deguchi\\\/#primaryimage\"},\"thumbnailUrl\":\"https:\\\/\\\/www.concert-hosteldieu.com\\\/wp-content\\\/uploads\\\/2023\\\/06\\\/CHD-Guillotiere-web-36.jpg\",\"datePublished\":\"2021-07-08T16:03:05+00:00\",\"dateModified\":\"2024-03-18T09:27:05+00:00\",\"breadcrumb\":{\"@id\":\"https:\\\/\\\/www.concert-hosteldieu.com\\\/nos-musiciens\\\/minori-deguchi\\\/#breadcrumb\"},\"inLanguage\":\"en-GB\",\"potentialAction\":[{\"@type\":\"ReadAction\",\"target\":[\"https:\\\/\\\/www.concert-hosteldieu.com\\\/nos-musiciens\\\/minori-deguchi\\\/\"]}]},{\"@type\":\"ImageObject\",\"inLanguage\":\"en-GB\",\"@id\":\"https:\\\/\\\/www.concert-hosteldieu.com\\\/nos-musiciens\\\/minori-deguchi\\\/#primaryimage\",\"url\":\"https:\\\/\\\/www.concert-hosteldieu.com\\\/wp-content\\\/uploads\\\/2023\\\/06\\\/CHD-Guillotiere-web-36.jpg\",\"contentUrl\":\"https:\\\/\\\/www.concert-hosteldieu.com\\\/wp-content\\\/uploads\\\/2023\\\/06\\\/CHD-Guillotiere-web-36.jpg\",\"width\":1920,\"height\":1280,\"caption\":\"\u00a9Julie Cherki\"},{\"@type\":\"BreadcrumbList\",\"@id\":\"https:\\\/\\\/www.concert-hosteldieu.com\\\/nos-musiciens\\\/minori-deguchi\\\/#breadcrumb\",\"itemListElement\":[{\"@type\":\"ListItem\",\"position\":1,\"name\":\"Accueil\",\"item\":\"https:\\\/\\\/www.concert-hosteldieu.com\\\/\"},{\"@type\":\"ListItem\",\"position\":2,\"name\":\"Nos musiciens\",\"item\":\"https:\\\/\\\/www.concert-hosteldieu.com\\\/nos-musiciens\\\/\"},{\"@type\":\"ListItem\",\"position\":3,\"name\":\"Minori Deguchi\"}]},{\"@type\":\"WebSite\",\"@id\":\"https:\\\/\\\/www.concert-hosteldieu.com\\\/#website\",\"url\":\"https:\\\/\\\/www.concert-hosteldieu.com\\\/\",\"name\":\"Le Concert de l&#039;Hostel Dieu\",\"description\":\"Franck-Emmanuel Comte\",\"publisher\":{\"@id\":\"https:\\\/\\\/www.concert-hosteldieu.com\\\/#organization\"},\"potentialAction\":[{\"@type\":\"SearchAction\",\"target\":{\"@type\":\"EntryPoint\",\"urlTemplate\":\"https:\\\/\\\/www.concert-hosteldieu.com\\\/?s={search_term_string}\"},\"query-input\":{\"@type\":\"PropertyValueSpecification\",\"valueRequired\":true,\"valueName\":\"search_term_string\"}}],\"inLanguage\":\"en-GB\"},{\"@type\":\"Organization\",\"@id\":\"https:\\\/\\\/www.concert-hosteldieu.com\\\/#organization\",\"name\":\"Le Concert de l'Hostel Dieu\",\"url\":\"https:\\\/\\\/www.concert-hosteldieu.com\\\/\",\"logo\":{\"@type\":\"ImageObject\",\"inLanguage\":\"en-GB\",\"@id\":\"https:\\\/\\\/www.concert-hosteldieu.com\\\/#\\\/schema\\\/logo\\\/image\\\/\",\"url\":\"https:\\\/\\\/www.concert-hosteldieu.com\\\/wp-content\\\/uploads\\\/2021\\\/06\\\/logo-chd-noir-transparent.png\",\"contentUrl\":\"https:\\\/\\\/www.concert-hosteldieu.com\\\/wp-content\\\/uploads\\\/2021\\\/06\\\/logo-chd-noir-transparent.png\",\"width\":262,\"height\":106,\"caption\":\"Le Concert de l'Hostel Dieu\"},\"image\":{\"@id\":\"https:\\\/\\\/www.concert-hosteldieu.com\\\/#\\\/schema\\\/logo\\\/image\\\/\"},\"sameAs\":[\"https:\\\/\\\/www.facebook.com\\\/leconcert.delhosteldieu\",\"https:\\\/\\\/x.com\\\/CHDLyon\",\"https:\\\/\\\/instagram.com\\\/concert_hostel_dieu\",\"https:\\\/\\\/www.linkedin.com\\\/company\\\/le-concert-de-l'hostel-dieu\\\/\",\"https:\\\/\\\/www.youtube.com\\\/user\\\/CHDLyon\"]}]}<\/script>\n<!-- \/ Yoast SEO plugin. -->","yoast_head_json":{"title":"Minori Deguchi - Le Concert de l&#039;Hostel Dieu","robots":{"index":"index","follow":"follow","max-snippet":"max-snippet:-1","max-image-preview":"max-image-preview:large","max-video-preview":"max-video-preview:-1"},"canonical":"https:\/\/www.concert-hosteldieu.com\/en\/nos-musiciens\/minori-deguchi\/","og_locale":"en_GB","og_type":"article","og_title":"Minori Deguchi - Le Concert de l&#039;Hostel Dieu","og_description":"Minori Deguchi Co-premier violon Minori Deguchi commence le violon \u00e0 l&rsquo;\u00e2ge de 3 ans. Elle entre \u00e0 l&rsquo;universit\u00e9 de musique Toho Gakuen (Tokyo), dans les classes de violon de Yoshio Unno et Hamao Fujiwara, en 2011. Parall\u00e8lement \u00e0 ses \u00e9tudes, [&hellip;]","og_url":"https:\/\/www.concert-hosteldieu.com\/en\/nos-musiciens\/minori-deguchi\/","og_site_name":"Le Concert de l&#039;Hostel Dieu","article_publisher":"https:\/\/www.facebook.com\/leconcert.delhosteldieu","article_modified_time":"2024-03-18T09:27:05+00:00","og_image":[{"width":1920,"height":1280,"url":"https:\/\/www.concert-hosteldieu.com\/wp-content\/uploads\/2023\/06\/CHD-Guillotiere-web-36.jpg","type":"image\/jpeg"}],"twitter_misc":{"Estimated reading time":"4 minutes"},"schema":{"@context":"https:\/\/schema.org","@graph":[{"@type":"WebPage","@id":"https:\/\/www.concert-hosteldieu.com\/nos-musiciens\/minori-deguchi\/","url":"https:\/\/www.concert-hosteldieu.com\/nos-musiciens\/minori-deguchi\/","name":"Minori Deguchi - Le Concert de l&#039;Hostel Dieu","isPartOf":{"@id":"https:\/\/www.concert-hosteldieu.com\/#website"},"primaryImageOfPage":{"@id":"https:\/\/www.concert-hosteldieu.com\/nos-musiciens\/minori-deguchi\/#primaryimage"},"image":{"@id":"https:\/\/www.concert-hosteldieu.com\/nos-musiciens\/minori-deguchi\/#primaryimage"},"thumbnailUrl":"https:\/\/www.concert-hosteldieu.com\/wp-content\/uploads\/2023\/06\/CHD-Guillotiere-web-36.jpg","datePublished":"2021-07-08T16:03:05+00:00","dateModified":"2024-03-18T09:27:05+00:00","breadcrumb":{"@id":"https:\/\/www.concert-hosteldieu.com\/nos-musiciens\/minori-deguchi\/#breadcrumb"},"inLanguage":"en-GB","potentialAction":[{"@type":"ReadAction","target":["https:\/\/www.concert-hosteldieu.com\/nos-musiciens\/minori-deguchi\/"]}]},{"@type":"ImageObject","inLanguage":"en-GB","@id":"https:\/\/www.concert-hosteldieu.com\/nos-musiciens\/minori-deguchi\/#primaryimage","url":"https:\/\/www.concert-hosteldieu.com\/wp-content\/uploads\/2023\/06\/CHD-Guillotiere-web-36.jpg","contentUrl":"https:\/\/www.concert-hosteldieu.com\/wp-content\/uploads\/2023\/06\/CHD-Guillotiere-web-36.jpg","width":1920,"height":1280,"caption":"\u00a9Julie Cherki"},{"@type":"BreadcrumbList","@id":"https:\/\/www.concert-hosteldieu.com\/nos-musiciens\/minori-deguchi\/#breadcrumb","itemListElement":[{"@type":"ListItem","position":1,"name":"Accueil","item":"https:\/\/www.concert-hosteldieu.com\/"},{"@type":"ListItem","position":2,"name":"Nos musiciens","item":"https:\/\/www.concert-hosteldieu.com\/nos-musiciens\/"},{"@type":"ListItem","position":3,"name":"Minori Deguchi"}]},{"@type":"WebSite","@id":"https:\/\/www.concert-hosteldieu.com\/#website","url":"https:\/\/www.concert-hosteldieu.com\/","name":"Le Concert de l&#039;Hostel Dieu","description":"Franck-Emmanuel Comte","publisher":{"@id":"https:\/\/www.concert-hosteldieu.com\/#organization"},"potentialAction":[{"@type":"SearchAction","target":{"@type":"EntryPoint","urlTemplate":"https:\/\/www.concert-hosteldieu.com\/?s={search_term_string}"},"query-input":{"@type":"PropertyValueSpecification","valueRequired":true,"valueName":"search_term_string"}}],"inLanguage":"en-GB"},{"@type":"Organization","@id":"https:\/\/www.concert-hosteldieu.com\/#organization","name":"Le Concert de l'Hostel Dieu","url":"https:\/\/www.concert-hosteldieu.com\/","logo":{"@type":"ImageObject","inLanguage":"en-GB","@id":"https:\/\/www.concert-hosteldieu.com\/#\/schema\/logo\/image\/","url":"https:\/\/www.concert-hosteldieu.com\/wp-content\/uploads\/2021\/06\/logo-chd-noir-transparent.png","contentUrl":"https:\/\/www.concert-hosteldieu.com\/wp-content\/uploads\/2021\/06\/logo-chd-noir-transparent.png","width":262,"height":106,"caption":"Le Concert de l'Hostel Dieu"},"image":{"@id":"https:\/\/www.concert-hosteldieu.com\/#\/schema\/logo\/image\/"},"sameAs":["https:\/\/www.facebook.com\/leconcert.delhosteldieu","https:\/\/x.com\/CHDLyon","https:\/\/instagram.com\/concert_hostel_dieu","https:\/\/www.linkedin.com\/company\/le-concert-de-l'hostel-dieu\/","https:\/\/www.youtube.com\/user\/CHDLyon"]}]}},"_links":{"self":[{"href":"https:\/\/www.concert-hosteldieu.com\/en\/wp-json\/wp\/v2\/pages\/14594","targetHints":{"allow":["GET"]}}],"collection":[{"href":"https:\/\/www.concert-hosteldieu.com\/en\/wp-json\/wp\/v2\/pages"}],"about":[{"href":"https:\/\/www.concert-hosteldieu.com\/en\/wp-json\/wp\/v2\/types\/page"}],"author":[{"embeddable":true,"href":"https:\/\/www.concert-hosteldieu.com\/en\/wp-json\/wp\/v2\/users\/2776"}],"replies":[{"embeddable":true,"href":"https:\/\/www.concert-hosteldieu.com\/en\/wp-json\/wp\/v2\/comments?post=14594"}],"version-history":[{"count":3,"href":"https:\/\/www.concert-hosteldieu.com\/en\/wp-json\/wp\/v2\/pages\/14594\/revisions"}],"predecessor-version":[{"id":22021,"href":"https:\/\/www.concert-hosteldieu.com\/en\/wp-json\/wp\/v2\/pages\/14594\/revisions\/22021"}],"up":[{"embeddable":true,"href":"https:\/\/www.concert-hosteldieu.com\/en\/wp-json\/wp\/v2\/pages\/12605"}],"wp:featuredmedia":[{"embeddable":true,"href":"https:\/\/www.concert-hosteldieu.com\/en\/wp-json\/wp\/v2\/media\/20407"}],"wp:attachment":[{"href":"https:\/\/www.concert-hosteldieu.com\/en\/wp-json\/wp\/v2\/media?parent=14594"}],"wp:term":[{"taxonomy":"category","embeddable":true,"href":"https:\/\/www.concert-hosteldieu.com\/en\/wp-json\/wp\/v2\/categories?post=14594"},{"taxonomy":"post_tag","embeddable":true,"href":"https:\/\/www.concert-hosteldieu.com\/en\/wp-json\/wp\/v2\/tags?post=14594"}],"curies":[{"name":"wp","href":"https:\/\/api.w.org\/{rel}","templated":true}]}}