{"id":14572,"date":"2021-07-08T16:13:45","date_gmt":"2021-07-08T15:13:45","guid":{"rendered":"https:\/\/dev.concert-hosteldieu.com\/?page_id=14572"},"modified":"2022-08-10T15:31:43","modified_gmt":"2022-08-10T14:31:43","slug":"david-bruley","status":"publish","type":"page","link":"https:\/\/www.concert-hosteldieu.com\/en\/nos-musiciens\/david-bruley\/","title":{"rendered":"David Bruley"},"content":{"rendered":"<h2>\n\t\t\t\tDavid Bruley\n\t\t\t<\/h2>\n\t\t\t<h4>Percussion<\/h4>\t\n<p>David Bruley d\u00e9bute sa formation par des \u00e9tudes de percussions classiques et contemporaines. Ces diff\u00e9rentes exp\u00e9riences le conduisent \u00e0 l&rsquo;ENM de Villeurbanne (69) dans la classe du percussionniste Laurent Vieuble, \u00e0 qui il doit aujourd&rsquo;hui \u00e9norm\u00e9ment sur les plans humains et p\u00e9dagogiques. \u00c0 la fin de ses \u00e9tudes, des rencontres et des attirances l&rsquo;am\u00e8nent progressivement \u00e0 se rapprocher des musiques et des percussions traditionnelles br\u00e9siliennes mais aussi et surtout orientales. C&rsquo;est aupr\u00e8s de grands ma\u00eetres qu&rsquo;il re\u00e7oit son savoir, issu de traditions fortes et riches :<\/p>\n&#8211; Madjid Khaladj pour les percussions traditionnelles persanes, mais aussi pour la connaissance de la culture persane<br \/>\n&#8211; Farhad Safari et Kambiz Ganjei pour le tombak<br \/>\n&#8211; Habib Yamine pour les percussions et la culture musicale arabe<br \/>\n&#8211; Youssef Hbeisch pour les percussions orientales arabes<br \/>\n&#8211; Adel Shams El Din pour le riqq egyptien<br \/>\n&#8211; Paul Mindy pour le pandeiro br\u00e9silien\n<p>Il \u00e9tudie, travaille et joue \u00e9galement le daf au sein de la Confr\u00e9rie des Derviches Qaderi de Sanandaj, dans le Kurdistan Iranien. Au fil des ann\u00e9es, il d\u00e9veloppe une passion d\u00e9bordante et un engouement pour la transmission et la p\u00e9dagogie. Il se penche sur leur application dans les domaines de la percussion et de la formation musicale mais aussi sur la p\u00e9dagogie de groupe et sur la construction et l&rsquo;\u00e9volution de l&rsquo;enfant \u00e0 travers la musique. Tout cela l&rsquo;am\u00e8ne, en 2001, \u00e0 entrer au Centre de Formation des Musiciens Intervenants de Lyon (CFMI) o\u00f9 il obtient son Dipl\u00f4me Universitaire (DUMI).<\/p>\n<p>Apr\u00e8s plusieurs postes d&rsquo;enseignement et deux postes de directeur d&rsquo;\u00e9cole de musique, David Bruley poursuit son chemin de p\u00e9dagogue engag\u00e9, notamment au sein du Conservatoire \u00e0 rayonnement r\u00e9gional de Lyon.<\/p>\n<p>Depuis 2010, il intervient \u00e9galement \u00e0 l&rsquo;Universit\u00e9 Lyon II dans le cadre du CFMI pour dispenser la formation des \u00e9tudiants en mati\u00e8re de musiques et percussions orientales et des pratiques rythmiques dans le cadre des interventions scolaires.<\/p>\n<p>Depuis 2011, il est charg\u00e9 de formation aupr\u00e8s des \u00e9tudiants du Centre de Formation des Professionnels de la Musique \u00e0 Lyon (CFPM) dans les disciplines de la p\u00e9dagogie, la formation rythmique et la formation de pr\u00e9paration \u00e0 l&rsquo;entr\u00e9e au CFMI pour les futurs musiciens intervenants.\u00a0 Depuis juillet 2017, il assure la direction p\u00e9dagogique de ce centre de formation.<\/p>\n<p>Il propose des formations en entreprise autour de la coh\u00e9sion de groupe, des moyens d&rsquo;expression, des int\u00e9r\u00eats du collectif \u00e0 travers les richesses individuelles&#8230; En septembre 2015, avec l&rsquo;aide d&rsquo;amis artistes musiciens iraniens, il cr\u00e9e <a href=\"http:\/\/www.imdp-lyon.com\/\">l&rsquo;Institut des Musiques Persanes<\/a> bas\u00e9 \u00e0 Lyon et qui se destine \u00e0 la transmission et \u00e0 la diffusion des arts des cultures d&rsquo;Iran.<\/p>\n<p>Il joue avec Le Concert de l&rsquo;Hostel Dieu dans les projets Folia et Marco Polo.<\/p>\n<h4>\n\t\tIranian percussion and baroque music? By David Bruley\n\t<\/h4>\n\t\t\t\t\t<a href=\"https:\/\/www.youtube.com\/watch?v=zuVWgKtjnGU\" aria-label=\"uabb-video-gallery\" data-fancybox=\"uabb-video-gallery\" data-url=\"https:\/\/www.youtube.com\/embed\/zuVWgKtjnGU?autoplay=1&#038;version=3&#038;enablejsapi=1\"class=\"uabb-video-gallery-fancybox uabb-vg__play_full\">\t\t\t\t\t\t\n\t\t\t\t\t<\/a>\t\t\t\t\n<h4>\n\t\tOur musicians\n\t<\/h4>\n\t\t\t\t\t\t\t\t\t\t\t\t\t\t<a href=\"https:\/\/www.concert-hosteldieu.com\/en\/nos-musiciens\/reynier-guerrero\/\" target=\"_self\" title=\"Reynier Guerrero\" rel=\"noopener\">\n\t\t\t\t<img decoding=\"async\" src=\"https:\/\/www.concert-hosteldieu.com\/wp-content\/uploads\/2021\/06\/Confluence-81_web.jpg\" alt=\"\" \/>\n\t\t\t\t<\/a>\n\t\t\t\t\t\t<h3>\n\t\t\t\t<a href=\"https:\/\/www.concert-hosteldieu.com\/en\/nos-musiciens\/reynier-guerrero\/\" title=\"Reynier Guerrero\" tabindex=\"0\">Reynier Guerrero<\/a>\t\t\t<\/h3>\n\t\t\t\t\t\t\t\t\t\t\t\t\t\t<a href=\"https:\/\/www.concert-hosteldieu.com\/en\/nos-musiciens\/sayaka-shinoda\/\" target=\"_self\" title=\"Sayaka Shinoda\" rel=\"noopener\">\n\t\t\t\t<img decoding=\"async\" src=\"https:\/\/www.concert-hosteldieu.com\/wp-content\/uploads\/2021\/07\/Sayaka-Shinoda1\u00a9Julie-Cherki-1.jpg\" alt=\"\" \/>\n\t\t\t\t<\/a>\n\t\t\t\t\t\t<h3>\n\t\t\t\t<a href=\"https:\/\/www.concert-hosteldieu.com\/en\/nos-musiciens\/sayaka-shinoda\/\" title=\"Sayaka Shinoda\" tabindex=\"0\">Sayaka Shinoda<\/a>\t\t\t<\/h3>\n\t\t\t\t\t\t\t\t\t\t\t\t\t\t<a href=\"https:\/\/www.concert-hosteldieu.com\/en\/nos-musiciens\/ulrik-gaston-larsen\/\" target=\"_self\" title=\"Ulrik Gaston Larsen\" rel=\"noopener\">\n\t\t\t\t<img decoding=\"async\" src=\"https:\/\/www.concert-hosteldieu.com\/wp-content\/uploads\/2020\/06\/concert-hostel-dieu-GASTON-LARSEN-Ulrik-credit-Alfonso-Marin.jpeg\" alt=\"concert-hostel-dieu-GASTON-LARSEN-Ulrik-credit-Alfonso-Marin\" \/>\n\t\t\t\t<\/a>\n\t\t\t\t\t\t<h3>\n\t\t\t\t<a href=\"https:\/\/www.concert-hosteldieu.com\/en\/nos-musiciens\/ulrik-gaston-larsen\/\" title=\"Ulrik Gaston Larsen\" tabindex=\"0\">Ulrik Gaston Larsen<\/a>\t\t\t<\/h3>\n\t\t\t\t\t\t\t\t\t\t\t\t\t\t<a href=\"https:\/\/www.concert-hosteldieu.com\/en\/nos-musiciens\/nicolas-muzy\/\" target=\"_self\" title=\"Nicolas Muzy\" rel=\"noopener\">\n\t\t\t\t<img decoding=\"async\" src=\"https:\/\/www.concert-hosteldieu.com\/wp-content\/uploads\/2021\/06\/Confluence-61_web.jpg\" alt=\"\" \/>\n\t\t\t\t<\/a>\n\t\t\t\t\t\t<h3>\n\t\t\t\t<a href=\"https:\/\/www.concert-hosteldieu.com\/en\/nos-musiciens\/nicolas-muzy\/\" title=\"Nicolas Muzy\" tabindex=\"0\">Nicolas Muzy<\/a>\t\t\t<\/h3>\n\t\t\t\t\t\t\t\t\t\t\t\t\t\t<a href=\"https:\/\/www.concert-hosteldieu.com\/en\/nos-musiciens\/andre-costa\/\" target=\"_self\" title=\"Andr\u00e9 Costa\" rel=\"noopener\">\n\t\t\t\t<img decoding=\"async\" src=\"https:\/\/www.concert-hosteldieu.com\/wp-content\/uploads\/2021\/06\/Confluence-109_web.jpg\" alt=\"\" \/>\n\t\t\t\t<\/a>\n\t\t\t\t\t\t<h3>\n\t\t\t\t<a href=\"https:\/\/www.concert-hosteldieu.com\/en\/nos-musiciens\/andre-costa\/\" title=\"Andr\u00e9 Costa\" tabindex=\"0\">Andr\u00e9 Costa<\/a>\t\t\t<\/h3>\n\t\t\t\t\t\t\t\t\t\t\t\t\t\t<a href=\"https:\/\/www.concert-hosteldieu.com\/en\/nos-musiciens\/florian-verhaegen\/\" target=\"_self\" title=\"Florian Verhaegen\" rel=\"noopener\">\n\t\t\t\t<img decoding=\"async\" src=\"https:\/\/www.concert-hosteldieu.com\/wp-content\/uploads\/2021\/06\/Confluence-91-2.jpg\" alt=\"\" \/>\n\t\t\t\t<\/a>\n\t\t\t\t\t\t<h3>\n\t\t\t\t<a href=\"https:\/\/www.concert-hosteldieu.com\/en\/nos-musiciens\/florian-verhaegen\/\" title=\"Florian Verhaegen\" tabindex=\"0\">Florian Verhaegen<\/a>\t\t\t<\/h3>\n\t\t\t\t\t\t\t\t\t\t\t\t\t\t<a href=\"https:\/\/www.concert-hosteldieu.com\/en\/nos-musiciens\/florian-gazagne\/\" target=\"_self\" title=\"Florian Gazagne\" rel=\"noopener\">\n\t\t\t\t<img decoding=\"async\" src=\"https:\/\/www.concert-hosteldieu.com\/wp-content\/uploads\/2021\/06\/Confluence-76_web-1.jpg\" alt=\"\" \/>\n\t\t\t\t<\/a>\n\t\t\t\t\t\t<h3>\n\t\t\t\t<a href=\"https:\/\/www.concert-hosteldieu.com\/en\/nos-musiciens\/florian-gazagne\/\" title=\"Florian Gazagne\" tabindex=\"0\">Florian Gazagne<\/a>\t\t\t<\/h3>\n\t\t\t\t\t\t\t\t\t\t\t\t\t\t<a href=\"https:\/\/www.concert-hosteldieu.com\/en\/nos-musiciens\/nicolas-janot\/\" target=\"_self\" title=\"Nicolas Janot\" rel=\"noopener\">\n\t\t\t\t<img decoding=\"async\" src=\"https:\/\/www.concert-hosteldieu.com\/wp-content\/uploads\/2021\/06\/GAM07278.jpg\" alt=\"\" \/>\n\t\t\t\t<\/a>\n\t\t\t\t\t\t<h3>\n\t\t\t\t<a href=\"https:\/\/www.concert-hosteldieu.com\/en\/nos-musiciens\/nicolas-janot\/\" title=\"Nicolas Janot\" tabindex=\"0\">Nicolas Janot<\/a>\t\t\t<\/h3>\n\t\t\t\t\t\t\t\t\t\t\t\t\t\t<a href=\"https:\/\/www.concert-hosteldieu.com\/en\/nos-musiciens\/benoit-morel\/\" target=\"_self\" title=\"Beno\u00eet Morel\" rel=\"noopener\">\n\t\t\t\t<img decoding=\"async\" src=\"https:\/\/www.concert-hosteldieu.com\/wp-content\/uploads\/2021\/06\/Confluence-137_web.jpg\" alt=\"\" \/>\n\t\t\t\t<\/a>\n\t\t\t\t\t\t<h3>\n\t\t\t\t<a href=\"https:\/\/www.concert-hosteldieu.com\/en\/nos-musiciens\/benoit-morel\/\" title=\"Beno\u00eet Morel\" tabindex=\"0\">Beno\u00eet Morel<\/a>\t\t\t<\/h3>\n\t\t\t\t\t\t\t\t\t\t\t\t\t\t<a href=\"https:\/\/www.concert-hosteldieu.com\/en\/nos-musiciens\/aurelie-metivier\/\" target=\"_self\" title=\"Aur\u00e9lie M\u00e9tivier\" rel=\"noopener\">\n\t\t\t\t<img decoding=\"async\" src=\"https:\/\/www.concert-hosteldieu.com\/wp-content\/uploads\/2021\/06\/Confluence-121_web.jpg\" alt=\"\" \/>\n\t\t\t\t<\/a>\n\t\t\t\t\t\t<h3>\n\t\t\t\t<a href=\"https:\/\/www.concert-hosteldieu.com\/en\/nos-musiciens\/aurelie-metivier\/\" title=\"Aur\u00e9lie M\u00e9tivier\" tabindex=\"0\">Aur\u00e9lie M\u00e9tivier<\/a>\t\t\t<\/h3>","protected":false},"excerpt":{"rendered":"<p>David Bruley Percussions David Bruley d\u00e9bute sa formation par des \u00e9tudes de percussions classiques et contemporaines. Ces diff\u00e9rentes exp\u00e9riences le conduisent \u00e0 l&rsquo;ENM de Villeurbanne (69) dans la classe du percussionniste Laurent Vieuble, \u00e0 qui il doit aujourd&rsquo;hui \u00e9norm\u00e9ment sur [&hellip;]<\/p>\n","protected":false},"author":2776,"featured_media":14583,"parent":12605,"menu_order":0,"comment_status":"closed","ping_status":"closed","template":"","meta":{"site-sidebar-layout":"no-sidebar","site-content-layout":"page-builder","ast-site-content-layout":"default","site-content-style":"default","site-sidebar-style":"default","ast-global-header-display":"","ast-banner-title-visibility":"","ast-main-header-display":"","ast-hfb-above-header-display":"","ast-hfb-below-header-display":"","ast-hfb-mobile-header-display":"","site-post-title":"disabled","ast-breadcrumbs-content":"","ast-featured-img":"disabled","footer-sml-layout":"","ast-disable-related-posts":"","theme-transparent-header-meta":"enabled","adv-header-id-meta":"","stick-header-meta":"default","header-above-stick-meta":"","header-main-stick-meta":"","header-below-stick-meta":"","astra-migrate-meta-layouts":"default","ast-page-background-enabled":"default","ast-page-background-meta":{"desktop":{"background-color":"","background-image":"","background-repeat":"repeat","background-position":"center center","background-size":"auto","background-attachment":"scroll","background-type":"","background-media":"","overlay-type":"","overlay-color":"","overlay-opacity":"","overlay-gradient":""},"tablet":{"background-color":"","background-image":"","background-repeat":"repeat","background-position":"center center","background-size":"auto","background-attachment":"scroll","background-type":"","background-media":"","overlay-type":"","overlay-color":"","overlay-opacity":"","overlay-gradient":""},"mobile":{"background-color":"","background-image":"","background-repeat":"repeat","background-position":"center center","background-size":"auto","background-attachment":"scroll","background-type":"","background-media":"","overlay-type":"","overlay-color":"","overlay-opacity":"","overlay-gradient":""}},"ast-content-background-meta":{"desktop":{"background-color":"var(--ast-global-color-5)","background-image":"","background-repeat":"repeat","background-position":"center center","background-size":"auto","background-attachment":"scroll","background-type":"","background-media":"","overlay-type":"","overlay-color":"","overlay-opacity":"","overlay-gradient":""},"tablet":{"background-color":"var(--ast-global-color-5)","background-image":"","background-repeat":"repeat","background-position":"center center","background-size":"auto","background-attachment":"scroll","background-type":"","background-media":"","overlay-type":"","overlay-color":"","overlay-opacity":"","overlay-gradient":""},"mobile":{"background-color":"var(--ast-global-color-5)","background-image":"","background-repeat":"repeat","background-position":"center center","background-size":"auto","background-attachment":"scroll","background-type":"","background-media":"","overlay-type":"","overlay-color":"","overlay-opacity":"","overlay-gradient":""}},"footnotes":""},"categories":[169,170],"tags":[],"class_list":["post-14572","page","type-page","status-publish","has-post-thumbnail","hentry","category-equipe-artistique","category-nosmusiciens"],"yoast_head":"<!-- This site is optimized with the Yoast SEO plugin v27.4 - https:\/\/yoast.com\/product\/yoast-seo-wordpress\/ -->\n<title>David Bruley - Le Concert de l&#039;Hostel Dieu<\/title>\n<meta name=\"robots\" content=\"index, follow, max-snippet:-1, max-image-preview:large, max-video-preview:-1\" \/>\n<link rel=\"canonical\" href=\"https:\/\/www.concert-hosteldieu.com\/en\/nos-musiciens\/david-bruley\/\" \/>\n<meta property=\"og:locale\" content=\"en_GB\" \/>\n<meta property=\"og:type\" content=\"article\" \/>\n<meta property=\"og:title\" content=\"David Bruley - Le Concert de l&#039;Hostel Dieu\" \/>\n<meta property=\"og:description\" content=\"David Bruley Percussions David Bruley d\u00e9bute sa formation par des \u00e9tudes de percussions classiques et contemporaines. Ces diff\u00e9rentes exp\u00e9riences le conduisent \u00e0 l&rsquo;ENM de Villeurbanne (69) dans la classe du percussionniste Laurent Vieuble, \u00e0 qui il doit aujourd&rsquo;hui \u00e9norm\u00e9ment sur [&hellip;]\" \/>\n<meta property=\"og:url\" content=\"https:\/\/www.concert-hosteldieu.com\/en\/nos-musiciens\/david-bruley\/\" \/>\n<meta property=\"og:site_name\" content=\"Le Concert de l&#039;Hostel Dieu\" \/>\n<meta property=\"article:publisher\" content=\"https:\/\/www.facebook.com\/leconcert.delhosteldieu\" \/>\n<meta property=\"article:modified_time\" content=\"2022-08-10T14:31:43+00:00\" \/>\n<meta property=\"og:image\" content=\"https:\/\/www.concert-hosteldieu.com\/wp-content\/uploads\/2021\/07\/concert-hostel-dieu-marco-polo-atelier-bruley-david-credit-julie-cherki-4.jpg\" \/>\n\t<meta property=\"og:image:width\" content=\"1920\" \/>\n\t<meta property=\"og:image:height\" content=\"1280\" \/>\n\t<meta property=\"og:image:type\" content=\"image\/jpeg\" \/>\n<meta name=\"twitter:label1\" content=\"Estimated reading time\" \/>\n\t<meta name=\"twitter:data1\" content=\"2 minutes\" \/>\n<script type=\"application\/ld+json\" class=\"yoast-schema-graph\">{\"@context\":\"https:\\\/\\\/schema.org\",\"@graph\":[{\"@type\":\"WebPage\",\"@id\":\"https:\\\/\\\/www.concert-hosteldieu.com\\\/nos-musiciens\\\/david-bruley\\\/\",\"url\":\"https:\\\/\\\/www.concert-hosteldieu.com\\\/nos-musiciens\\\/david-bruley\\\/\",\"name\":\"David Bruley - Le Concert de l&#039;Hostel Dieu\",\"isPartOf\":{\"@id\":\"https:\\\/\\\/www.concert-hosteldieu.com\\\/#website\"},\"primaryImageOfPage\":{\"@id\":\"https:\\\/\\\/www.concert-hosteldieu.com\\\/nos-musiciens\\\/david-bruley\\\/#primaryimage\"},\"image\":{\"@id\":\"https:\\\/\\\/www.concert-hosteldieu.com\\\/nos-musiciens\\\/david-bruley\\\/#primaryimage\"},\"thumbnailUrl\":\"https:\\\/\\\/www.concert-hosteldieu.com\\\/wp-content\\\/uploads\\\/2021\\\/07\\\/concert-hostel-dieu-marco-polo-atelier-bruley-david-credit-julie-cherki-4.jpg\",\"datePublished\":\"2021-07-08T15:13:45+00:00\",\"dateModified\":\"2022-08-10T14:31:43+00:00\",\"breadcrumb\":{\"@id\":\"https:\\\/\\\/www.concert-hosteldieu.com\\\/nos-musiciens\\\/david-bruley\\\/#breadcrumb\"},\"inLanguage\":\"en-GB\",\"potentialAction\":[{\"@type\":\"ReadAction\",\"target\":[\"https:\\\/\\\/www.concert-hosteldieu.com\\\/nos-musiciens\\\/david-bruley\\\/\"]}]},{\"@type\":\"ImageObject\",\"inLanguage\":\"en-GB\",\"@id\":\"https:\\\/\\\/www.concert-hosteldieu.com\\\/nos-musiciens\\\/david-bruley\\\/#primaryimage\",\"url\":\"https:\\\/\\\/www.concert-hosteldieu.com\\\/wp-content\\\/uploads\\\/2021\\\/07\\\/concert-hostel-dieu-marco-polo-atelier-bruley-david-credit-julie-cherki-4.jpg\",\"contentUrl\":\"https:\\\/\\\/www.concert-hosteldieu.com\\\/wp-content\\\/uploads\\\/2021\\\/07\\\/concert-hostel-dieu-marco-polo-atelier-bruley-david-credit-julie-cherki-4.jpg\",\"width\":1920,\"height\":1280,\"caption\":\"\u00a9Julie Cherki\"},{\"@type\":\"BreadcrumbList\",\"@id\":\"https:\\\/\\\/www.concert-hosteldieu.com\\\/nos-musiciens\\\/david-bruley\\\/#breadcrumb\",\"itemListElement\":[{\"@type\":\"ListItem\",\"position\":1,\"name\":\"Accueil\",\"item\":\"https:\\\/\\\/www.concert-hosteldieu.com\\\/\"},{\"@type\":\"ListItem\",\"position\":2,\"name\":\"Nos musiciens\",\"item\":\"https:\\\/\\\/www.concert-hosteldieu.com\\\/nos-musiciens\\\/\"},{\"@type\":\"ListItem\",\"position\":3,\"name\":\"David Bruley\"}]},{\"@type\":\"WebSite\",\"@id\":\"https:\\\/\\\/www.concert-hosteldieu.com\\\/#website\",\"url\":\"https:\\\/\\\/www.concert-hosteldieu.com\\\/\",\"name\":\"Le Concert de l&#039;Hostel Dieu\",\"description\":\"Franck-Emmanuel Comte\",\"publisher\":{\"@id\":\"https:\\\/\\\/www.concert-hosteldieu.com\\\/#organization\"},\"potentialAction\":[{\"@type\":\"SearchAction\",\"target\":{\"@type\":\"EntryPoint\",\"urlTemplate\":\"https:\\\/\\\/www.concert-hosteldieu.com\\\/?s={search_term_string}\"},\"query-input\":{\"@type\":\"PropertyValueSpecification\",\"valueRequired\":true,\"valueName\":\"search_term_string\"}}],\"inLanguage\":\"en-GB\"},{\"@type\":\"Organization\",\"@id\":\"https:\\\/\\\/www.concert-hosteldieu.com\\\/#organization\",\"name\":\"Le Concert de l'Hostel Dieu\",\"url\":\"https:\\\/\\\/www.concert-hosteldieu.com\\\/\",\"logo\":{\"@type\":\"ImageObject\",\"inLanguage\":\"en-GB\",\"@id\":\"https:\\\/\\\/www.concert-hosteldieu.com\\\/#\\\/schema\\\/logo\\\/image\\\/\",\"url\":\"https:\\\/\\\/www.concert-hosteldieu.com\\\/wp-content\\\/uploads\\\/2021\\\/06\\\/logo-chd-noir-transparent.png\",\"contentUrl\":\"https:\\\/\\\/www.concert-hosteldieu.com\\\/wp-content\\\/uploads\\\/2021\\\/06\\\/logo-chd-noir-transparent.png\",\"width\":262,\"height\":106,\"caption\":\"Le Concert de l'Hostel Dieu\"},\"image\":{\"@id\":\"https:\\\/\\\/www.concert-hosteldieu.com\\\/#\\\/schema\\\/logo\\\/image\\\/\"},\"sameAs\":[\"https:\\\/\\\/www.facebook.com\\\/leconcert.delhosteldieu\",\"https:\\\/\\\/x.com\\\/CHDLyon\",\"https:\\\/\\\/instagram.com\\\/concert_hostel_dieu\",\"https:\\\/\\\/www.linkedin.com\\\/company\\\/le-concert-de-l'hostel-dieu\\\/\",\"https:\\\/\\\/www.youtube.com\\\/user\\\/CHDLyon\"]}]}<\/script>\n<!-- \/ Yoast SEO plugin. -->","yoast_head_json":{"title":"David Bruley - Le Concert de l&#039;Hostel Dieu","robots":{"index":"index","follow":"follow","max-snippet":"max-snippet:-1","max-image-preview":"max-image-preview:large","max-video-preview":"max-video-preview:-1"},"canonical":"https:\/\/www.concert-hosteldieu.com\/en\/nos-musiciens\/david-bruley\/","og_locale":"en_GB","og_type":"article","og_title":"David Bruley - Le Concert de l&#039;Hostel Dieu","og_description":"David Bruley Percussions David Bruley d\u00e9bute sa formation par des \u00e9tudes de percussions classiques et contemporaines. Ces diff\u00e9rentes exp\u00e9riences le conduisent \u00e0 l&rsquo;ENM de Villeurbanne (69) dans la classe du percussionniste Laurent Vieuble, \u00e0 qui il doit aujourd&rsquo;hui \u00e9norm\u00e9ment sur [&hellip;]","og_url":"https:\/\/www.concert-hosteldieu.com\/en\/nos-musiciens\/david-bruley\/","og_site_name":"Le Concert de l&#039;Hostel Dieu","article_publisher":"https:\/\/www.facebook.com\/leconcert.delhosteldieu","article_modified_time":"2022-08-10T14:31:43+00:00","og_image":[{"width":1920,"height":1280,"url":"https:\/\/www.concert-hosteldieu.com\/wp-content\/uploads\/2021\/07\/concert-hostel-dieu-marco-polo-atelier-bruley-david-credit-julie-cherki-4.jpg","type":"image\/jpeg"}],"twitter_misc":{"Estimated reading time":"2 minutes"},"schema":{"@context":"https:\/\/schema.org","@graph":[{"@type":"WebPage","@id":"https:\/\/www.concert-hosteldieu.com\/nos-musiciens\/david-bruley\/","url":"https:\/\/www.concert-hosteldieu.com\/nos-musiciens\/david-bruley\/","name":"David Bruley - Le Concert de l&#039;Hostel Dieu","isPartOf":{"@id":"https:\/\/www.concert-hosteldieu.com\/#website"},"primaryImageOfPage":{"@id":"https:\/\/www.concert-hosteldieu.com\/nos-musiciens\/david-bruley\/#primaryimage"},"image":{"@id":"https:\/\/www.concert-hosteldieu.com\/nos-musiciens\/david-bruley\/#primaryimage"},"thumbnailUrl":"https:\/\/www.concert-hosteldieu.com\/wp-content\/uploads\/2021\/07\/concert-hostel-dieu-marco-polo-atelier-bruley-david-credit-julie-cherki-4.jpg","datePublished":"2021-07-08T15:13:45+00:00","dateModified":"2022-08-10T14:31:43+00:00","breadcrumb":{"@id":"https:\/\/www.concert-hosteldieu.com\/nos-musiciens\/david-bruley\/#breadcrumb"},"inLanguage":"en-GB","potentialAction":[{"@type":"ReadAction","target":["https:\/\/www.concert-hosteldieu.com\/nos-musiciens\/david-bruley\/"]}]},{"@type":"ImageObject","inLanguage":"en-GB","@id":"https:\/\/www.concert-hosteldieu.com\/nos-musiciens\/david-bruley\/#primaryimage","url":"https:\/\/www.concert-hosteldieu.com\/wp-content\/uploads\/2021\/07\/concert-hostel-dieu-marco-polo-atelier-bruley-david-credit-julie-cherki-4.jpg","contentUrl":"https:\/\/www.concert-hosteldieu.com\/wp-content\/uploads\/2021\/07\/concert-hostel-dieu-marco-polo-atelier-bruley-david-credit-julie-cherki-4.jpg","width":1920,"height":1280,"caption":"\u00a9Julie Cherki"},{"@type":"BreadcrumbList","@id":"https:\/\/www.concert-hosteldieu.com\/nos-musiciens\/david-bruley\/#breadcrumb","itemListElement":[{"@type":"ListItem","position":1,"name":"Accueil","item":"https:\/\/www.concert-hosteldieu.com\/"},{"@type":"ListItem","position":2,"name":"Nos musiciens","item":"https:\/\/www.concert-hosteldieu.com\/nos-musiciens\/"},{"@type":"ListItem","position":3,"name":"David Bruley"}]},{"@type":"WebSite","@id":"https:\/\/www.concert-hosteldieu.com\/#website","url":"https:\/\/www.concert-hosteldieu.com\/","name":"Le Concert de l&#039;Hostel Dieu","description":"Franck-Emmanuel Comte","publisher":{"@id":"https:\/\/www.concert-hosteldieu.com\/#organization"},"potentialAction":[{"@type":"SearchAction","target":{"@type":"EntryPoint","urlTemplate":"https:\/\/www.concert-hosteldieu.com\/?s={search_term_string}"},"query-input":{"@type":"PropertyValueSpecification","valueRequired":true,"valueName":"search_term_string"}}],"inLanguage":"en-GB"},{"@type":"Organization","@id":"https:\/\/www.concert-hosteldieu.com\/#organization","name":"Le Concert de l'Hostel Dieu","url":"https:\/\/www.concert-hosteldieu.com\/","logo":{"@type":"ImageObject","inLanguage":"en-GB","@id":"https:\/\/www.concert-hosteldieu.com\/#\/schema\/logo\/image\/","url":"https:\/\/www.concert-hosteldieu.com\/wp-content\/uploads\/2021\/06\/logo-chd-noir-transparent.png","contentUrl":"https:\/\/www.concert-hosteldieu.com\/wp-content\/uploads\/2021\/06\/logo-chd-noir-transparent.png","width":262,"height":106,"caption":"Le Concert de l'Hostel Dieu"},"image":{"@id":"https:\/\/www.concert-hosteldieu.com\/#\/schema\/logo\/image\/"},"sameAs":["https:\/\/www.facebook.com\/leconcert.delhosteldieu","https:\/\/x.com\/CHDLyon","https:\/\/instagram.com\/concert_hostel_dieu","https:\/\/www.linkedin.com\/company\/le-concert-de-l'hostel-dieu\/","https:\/\/www.youtube.com\/user\/CHDLyon"]}]}},"_links":{"self":[{"href":"https:\/\/www.concert-hosteldieu.com\/en\/wp-json\/wp\/v2\/pages\/14572","targetHints":{"allow":["GET"]}}],"collection":[{"href":"https:\/\/www.concert-hosteldieu.com\/en\/wp-json\/wp\/v2\/pages"}],"about":[{"href":"https:\/\/www.concert-hosteldieu.com\/en\/wp-json\/wp\/v2\/types\/page"}],"author":[{"embeddable":true,"href":"https:\/\/www.concert-hosteldieu.com\/en\/wp-json\/wp\/v2\/users\/2776"}],"replies":[{"embeddable":true,"href":"https:\/\/www.concert-hosteldieu.com\/en\/wp-json\/wp\/v2\/comments?post=14572"}],"version-history":[{"count":1,"href":"https:\/\/www.concert-hosteldieu.com\/en\/wp-json\/wp\/v2\/pages\/14572\/revisions"}],"predecessor-version":[{"id":18386,"href":"https:\/\/www.concert-hosteldieu.com\/en\/wp-json\/wp\/v2\/pages\/14572\/revisions\/18386"}],"up":[{"embeddable":true,"href":"https:\/\/www.concert-hosteldieu.com\/en\/wp-json\/wp\/v2\/pages\/12605"}],"wp:featuredmedia":[{"embeddable":true,"href":"https:\/\/www.concert-hosteldieu.com\/en\/wp-json\/wp\/v2\/media\/14583"}],"wp:attachment":[{"href":"https:\/\/www.concert-hosteldieu.com\/en\/wp-json\/wp\/v2\/media?parent=14572"}],"wp:term":[{"taxonomy":"category","embeddable":true,"href":"https:\/\/www.concert-hosteldieu.com\/en\/wp-json\/wp\/v2\/categories?post=14572"},{"taxonomy":"post_tag","embeddable":true,"href":"https:\/\/www.concert-hosteldieu.com\/en\/wp-json\/wp\/v2\/tags?post=14572"}],"curies":[{"name":"wp","href":"https:\/\/api.w.org\/{rel}","templated":true}]}}