{"id":14379,"date":"2021-07-06T09:41:47","date_gmt":"2021-07-06T08:41:47","guid":{"rendered":"https:\/\/dev.concert-hosteldieu.com\/?page_id=14379"},"modified":"2025-03-06T16:12:42","modified_gmt":"2025-03-06T15:12:42","slug":"pierre-alain-four","status":"publish","type":"page","link":"https:\/\/www.concert-hosteldieu.com\/en\/nos-artistes-invites\/pierre-alain-four\/","title":{"rendered":"Pierre-Alain Four"},"content":{"rendered":"<h2>Pierre-Alain Four<\/h2>\r\n<h4>Stage director<\/h4>\r\n<p>Pierre-Alain Four is an author and stage director: he designs musical performances, drawing his inspiration mainly from the Baroque repertoire and classical music.<\/p>\r\n<p class=\"translation-block\">With the Ensemble Bor\u00e9ades, of which he is the founder, Pierre-Alain Four has written and directed over twenty productions, including the Castrats \/ Divas \/ Rockers trilogy and Renaissance \u00e0 la Carte (for four a cappella singers). Other notable works include 2000 fois Butterfly (about the life of a Japanese singer) and Les Bijoux, la Ma\u00eetresse et Fran\u00e7ois 1er, two short works that combine music, storytelling and video.<\/p>\r\n<p class=\"translation-block\">Pierre-Alain Four also works regularly with other companies and ensembles, including the Brins de Voix ensemble (directed by Fanny Mouren and Caroline Adoumbou), for whom he has directed Cosi fan Tutte and Don Giovanni and is preparing Les Noces de Figaro, and the Epsilon ensemble (directed by Maud Hamon). He is currently working on a show with the ensemble Artifices (conducted by Alice Julien-Laferri\u00e8re).<\/p>\r\n<p class=\"translation-block\">L'affaire Bach is his third collaboration with Le Concert de l'Hostel Dieu, following Shakespeare (still) in love and Apollon &amp; Hyacinthe.<\/p>\r\n<h5>Pierre-Alain Four et le Concert de l&rsquo;Hostel Dieu :<\/h5>\r\n<p><a href=\"https:\/\/www.concert-hosteldieu.com\/en\/nos-projets-en-tournee\/l-affaire-bach\/\" target=\"_self\"> <img loading=\"lazy\" decoding=\"async\" title=\"Affaire Bach\" src=\"https:\/\/www.concert-hosteldieu.com\/wp-content\/uploads\/2021\/06\/Affaire-Bach.jpg\" alt=\"Affaire Bach\" width=\"1667\" height=\"1250\" \/> <\/a><\/p>\r\n<h3><a title=\"L'Affaire Bach\" href=\"https:\/\/www.concert-hosteldieu.com\/en\/nos-projets-en-tournee\/l-affaire-bach\/\" target=\"_self\"> L&rsquo;Affaire Bach <\/a><\/h3>","protected":false},"excerpt":{"rendered":"<p>Pierre-Alain Four Metteur en sc\u00e8ne Pierre-Alain Four est auteur et metteur en sc\u00e8ne : il assure la conception de spectacles musicaux, puisant essentiellement son inspiration dans le r\u00e9pertoire baroque et la musique classique. Avec l&rsquo;Ensemble Bor\u00e9ades, dont il est le [&hellip;]<\/p>\n","protected":false},"author":2776,"featured_media":23076,"parent":12628,"menu_order":0,"comment_status":"closed","ping_status":"closed","template":"","meta":{"site-sidebar-layout":"no-sidebar","site-content-layout":"page-builder","ast-site-content-layout":"full-width-container","site-content-style":"unboxed","site-sidebar-style":"unboxed","ast-global-header-display":"","ast-banner-title-visibility":"","ast-main-header-display":"","ast-hfb-above-header-display":"","ast-hfb-below-header-display":"","ast-hfb-mobile-header-display":"","site-post-title":"disabled","ast-breadcrumbs-content":"","ast-featured-img":"disabled","footer-sml-layout":"","ast-disable-related-posts":"","theme-transparent-header-meta":"enabled","adv-header-id-meta":"","stick-header-meta":"default","header-above-stick-meta":"","header-main-stick-meta":"","header-below-stick-meta":"","astra-migrate-meta-layouts":"set","ast-page-background-enabled":"default","ast-page-background-meta":{"desktop":{"background-color":"","background-image":"","background-repeat":"repeat","background-position":"center center","background-size":"auto","background-attachment":"scroll","background-type":"","background-media":"","overlay-type":"","overlay-color":"","overlay-opacity":"","overlay-gradient":""},"tablet":{"background-color":"","background-image":"","background-repeat":"repeat","background-position":"center center","background-size":"auto","background-attachment":"scroll","background-type":"","background-media":"","overlay-type":"","overlay-color":"","overlay-opacity":"","overlay-gradient":""},"mobile":{"background-color":"","background-image":"","background-repeat":"repeat","background-position":"center center","background-size":"auto","background-attachment":"scroll","background-type":"","background-media":"","overlay-type":"","overlay-color":"","overlay-opacity":"","overlay-gradient":""}},"ast-content-background-meta":{"desktop":{"background-color":"var(--ast-global-color-5)","background-image":"","background-repeat":"repeat","background-position":"center center","background-size":"auto","background-attachment":"scroll","background-type":"","background-media":"","overlay-type":"","overlay-color":"","overlay-opacity":"","overlay-gradient":""},"tablet":{"background-color":"var(--ast-global-color-5)","background-image":"","background-repeat":"repeat","background-position":"center center","background-size":"auto","background-attachment":"scroll","background-type":"","background-media":"","overlay-type":"","overlay-color":"","overlay-opacity":"","overlay-gradient":""},"mobile":{"background-color":"var(--ast-global-color-5)","background-image":"","background-repeat":"repeat","background-position":"center center","background-size":"auto","background-attachment":"scroll","background-type":"","background-media":"","overlay-type":"","overlay-color":"","overlay-opacity":"","overlay-gradient":""}},"footnotes":""},"categories":[169,171],"tags":[],"class_list":["post-14379","page","type-page","status-publish","has-post-thumbnail","hentry","category-equipe-artistique","category-nosartistesinvites"],"yoast_head":"<!-- This site is optimized with the Yoast SEO plugin v27.3 - https:\/\/yoast.com\/product\/yoast-seo-wordpress\/ -->\n<title>Pierre-Alain Four - Le Concert de l&#039;Hostel Dieu<\/title>\n<meta name=\"robots\" content=\"index, follow, max-snippet:-1, max-image-preview:large, max-video-preview:-1\" \/>\n<link rel=\"canonical\" href=\"https:\/\/www.concert-hosteldieu.com\/en\/nos-artistes-invites\/pierre-alain-four\/\" \/>\n<meta property=\"og:locale\" content=\"en_GB\" \/>\n<meta property=\"og:type\" content=\"article\" \/>\n<meta property=\"og:title\" content=\"Pierre-Alain Four - Le Concert de l&#039;Hostel Dieu\" \/>\n<meta property=\"og:description\" content=\"Pierre-Alain Four Metteur en sc\u00e8ne Pierre-Alain Four est auteur et metteur en sc\u00e8ne : il assure la conception de spectacles musicaux, puisant essentiellement son inspiration dans le r\u00e9pertoire baroque et la musique classique. Avec l&rsquo;Ensemble Bor\u00e9ades, dont il est le [&hellip;]\" \/>\n<meta property=\"og:url\" content=\"https:\/\/www.concert-hosteldieu.com\/en\/nos-artistes-invites\/pierre-alain-four\/\" \/>\n<meta property=\"og:site_name\" content=\"Le Concert de l&#039;Hostel Dieu\" \/>\n<meta property=\"article:publisher\" content=\"https:\/\/www.facebook.com\/leconcert.delhosteldieu\" \/>\n<meta property=\"article:modified_time\" content=\"2025-03-06T15:12:42+00:00\" \/>\n<meta property=\"og:image\" content=\"https:\/\/www.concert-hosteldieu.com\/wp-content\/uploads\/2025\/03\/FOUR-Pierre-Alain.jpg\" \/>\n\t<meta property=\"og:image:width\" content=\"508\" \/>\n\t<meta property=\"og:image:height\" content=\"446\" \/>\n\t<meta property=\"og:image:type\" content=\"image\/jpeg\" \/>\n<meta name=\"twitter:label1\" content=\"Estimated reading time\" \/>\n\t<meta name=\"twitter:data1\" content=\"2 minutes\" \/>\n<script type=\"application\/ld+json\" class=\"yoast-schema-graph\">{\"@context\":\"https:\\\/\\\/schema.org\",\"@graph\":[{\"@type\":\"WebPage\",\"@id\":\"https:\\\/\\\/www.concert-hosteldieu.com\\\/nos-artistes-invites\\\/pierre-alain-four\\\/\",\"url\":\"https:\\\/\\\/www.concert-hosteldieu.com\\\/nos-artistes-invites\\\/pierre-alain-four\\\/\",\"name\":\"Pierre-Alain Four - Le Concert de l&#039;Hostel Dieu\",\"isPartOf\":{\"@id\":\"https:\\\/\\\/www.concert-hosteldieu.com\\\/#website\"},\"primaryImageOfPage\":{\"@id\":\"https:\\\/\\\/www.concert-hosteldieu.com\\\/nos-artistes-invites\\\/pierre-alain-four\\\/#primaryimage\"},\"image\":{\"@id\":\"https:\\\/\\\/www.concert-hosteldieu.com\\\/nos-artistes-invites\\\/pierre-alain-four\\\/#primaryimage\"},\"thumbnailUrl\":\"https:\\\/\\\/www.concert-hosteldieu.com\\\/wp-content\\\/uploads\\\/2025\\\/03\\\/FOUR-Pierre-Alain.jpg\",\"datePublished\":\"2021-07-06T08:41:47+00:00\",\"dateModified\":\"2025-03-06T15:12:42+00:00\",\"breadcrumb\":{\"@id\":\"https:\\\/\\\/www.concert-hosteldieu.com\\\/nos-artistes-invites\\\/pierre-alain-four\\\/#breadcrumb\"},\"inLanguage\":\"en-GB\",\"potentialAction\":[{\"@type\":\"ReadAction\",\"target\":[\"https:\\\/\\\/www.concert-hosteldieu.com\\\/nos-artistes-invites\\\/pierre-alain-four\\\/\"]}]},{\"@type\":\"ImageObject\",\"inLanguage\":\"en-GB\",\"@id\":\"https:\\\/\\\/www.concert-hosteldieu.com\\\/nos-artistes-invites\\\/pierre-alain-four\\\/#primaryimage\",\"url\":\"https:\\\/\\\/www.concert-hosteldieu.com\\\/wp-content\\\/uploads\\\/2025\\\/03\\\/FOUR-Pierre-Alain.jpg\",\"contentUrl\":\"https:\\\/\\\/www.concert-hosteldieu.com\\\/wp-content\\\/uploads\\\/2025\\\/03\\\/FOUR-Pierre-Alain.jpg\",\"width\":508,\"height\":446},{\"@type\":\"BreadcrumbList\",\"@id\":\"https:\\\/\\\/www.concert-hosteldieu.com\\\/nos-artistes-invites\\\/pierre-alain-four\\\/#breadcrumb\",\"itemListElement\":[{\"@type\":\"ListItem\",\"position\":1,\"name\":\"Accueil\",\"item\":\"https:\\\/\\\/www.concert-hosteldieu.com\\\/\"},{\"@type\":\"ListItem\",\"position\":2,\"name\":\"Nos artistes invit\u00e9s\",\"item\":\"https:\\\/\\\/www.concert-hosteldieu.com\\\/nos-artistes-invites\\\/\"},{\"@type\":\"ListItem\",\"position\":3,\"name\":\"Pierre-Alain Four\"}]},{\"@type\":\"WebSite\",\"@id\":\"https:\\\/\\\/www.concert-hosteldieu.com\\\/#website\",\"url\":\"https:\\\/\\\/www.concert-hosteldieu.com\\\/\",\"name\":\"Le Concert de l&#039;Hostel Dieu\",\"description\":\"Franck-Emmanuel Comte\",\"publisher\":{\"@id\":\"https:\\\/\\\/www.concert-hosteldieu.com\\\/#organization\"},\"potentialAction\":[{\"@type\":\"SearchAction\",\"target\":{\"@type\":\"EntryPoint\",\"urlTemplate\":\"https:\\\/\\\/www.concert-hosteldieu.com\\\/?s={search_term_string}\"},\"query-input\":{\"@type\":\"PropertyValueSpecification\",\"valueRequired\":true,\"valueName\":\"search_term_string\"}}],\"inLanguage\":\"en-GB\"},{\"@type\":\"Organization\",\"@id\":\"https:\\\/\\\/www.concert-hosteldieu.com\\\/#organization\",\"name\":\"Le Concert de l'Hostel Dieu\",\"url\":\"https:\\\/\\\/www.concert-hosteldieu.com\\\/\",\"logo\":{\"@type\":\"ImageObject\",\"inLanguage\":\"en-GB\",\"@id\":\"https:\\\/\\\/www.concert-hosteldieu.com\\\/#\\\/schema\\\/logo\\\/image\\\/\",\"url\":\"https:\\\/\\\/www.concert-hosteldieu.com\\\/wp-content\\\/uploads\\\/2021\\\/06\\\/logo-chd-noir-transparent.png\",\"contentUrl\":\"https:\\\/\\\/www.concert-hosteldieu.com\\\/wp-content\\\/uploads\\\/2021\\\/06\\\/logo-chd-noir-transparent.png\",\"width\":262,\"height\":106,\"caption\":\"Le Concert de l'Hostel Dieu\"},\"image\":{\"@id\":\"https:\\\/\\\/www.concert-hosteldieu.com\\\/#\\\/schema\\\/logo\\\/image\\\/\"},\"sameAs\":[\"https:\\\/\\\/www.facebook.com\\\/leconcert.delhosteldieu\",\"https:\\\/\\\/x.com\\\/CHDLyon\",\"https:\\\/\\\/instagram.com\\\/concert_hostel_dieu\",\"https:\\\/\\\/www.linkedin.com\\\/company\\\/le-concert-de-l'hostel-dieu\\\/\",\"https:\\\/\\\/www.youtube.com\\\/user\\\/CHDLyon\"]}]}<\/script>\n<!-- \/ Yoast SEO plugin. -->","yoast_head_json":{"title":"Pierre-Alain Four - Le Concert de l&#039;Hostel Dieu","robots":{"index":"index","follow":"follow","max-snippet":"max-snippet:-1","max-image-preview":"max-image-preview:large","max-video-preview":"max-video-preview:-1"},"canonical":"https:\/\/www.concert-hosteldieu.com\/en\/nos-artistes-invites\/pierre-alain-four\/","og_locale":"en_GB","og_type":"article","og_title":"Pierre-Alain Four - Le Concert de l&#039;Hostel Dieu","og_description":"Pierre-Alain Four Metteur en sc\u00e8ne Pierre-Alain Four est auteur et metteur en sc\u00e8ne : il assure la conception de spectacles musicaux, puisant essentiellement son inspiration dans le r\u00e9pertoire baroque et la musique classique. Avec l&rsquo;Ensemble Bor\u00e9ades, dont il est le [&hellip;]","og_url":"https:\/\/www.concert-hosteldieu.com\/en\/nos-artistes-invites\/pierre-alain-four\/","og_site_name":"Le Concert de l&#039;Hostel Dieu","article_publisher":"https:\/\/www.facebook.com\/leconcert.delhosteldieu","article_modified_time":"2025-03-06T15:12:42+00:00","og_image":[{"width":508,"height":446,"url":"https:\/\/www.concert-hosteldieu.com\/wp-content\/uploads\/2025\/03\/FOUR-Pierre-Alain.jpg","type":"image\/jpeg"}],"twitter_misc":{"Estimated reading time":"2 minutes"},"schema":{"@context":"https:\/\/schema.org","@graph":[{"@type":"WebPage","@id":"https:\/\/www.concert-hosteldieu.com\/nos-artistes-invites\/pierre-alain-four\/","url":"https:\/\/www.concert-hosteldieu.com\/nos-artistes-invites\/pierre-alain-four\/","name":"Pierre-Alain Four - Le Concert de l&#039;Hostel Dieu","isPartOf":{"@id":"https:\/\/www.concert-hosteldieu.com\/#website"},"primaryImageOfPage":{"@id":"https:\/\/www.concert-hosteldieu.com\/nos-artistes-invites\/pierre-alain-four\/#primaryimage"},"image":{"@id":"https:\/\/www.concert-hosteldieu.com\/nos-artistes-invites\/pierre-alain-four\/#primaryimage"},"thumbnailUrl":"https:\/\/www.concert-hosteldieu.com\/wp-content\/uploads\/2025\/03\/FOUR-Pierre-Alain.jpg","datePublished":"2021-07-06T08:41:47+00:00","dateModified":"2025-03-06T15:12:42+00:00","breadcrumb":{"@id":"https:\/\/www.concert-hosteldieu.com\/nos-artistes-invites\/pierre-alain-four\/#breadcrumb"},"inLanguage":"en-GB","potentialAction":[{"@type":"ReadAction","target":["https:\/\/www.concert-hosteldieu.com\/nos-artistes-invites\/pierre-alain-four\/"]}]},{"@type":"ImageObject","inLanguage":"en-GB","@id":"https:\/\/www.concert-hosteldieu.com\/nos-artistes-invites\/pierre-alain-four\/#primaryimage","url":"https:\/\/www.concert-hosteldieu.com\/wp-content\/uploads\/2025\/03\/FOUR-Pierre-Alain.jpg","contentUrl":"https:\/\/www.concert-hosteldieu.com\/wp-content\/uploads\/2025\/03\/FOUR-Pierre-Alain.jpg","width":508,"height":446},{"@type":"BreadcrumbList","@id":"https:\/\/www.concert-hosteldieu.com\/nos-artistes-invites\/pierre-alain-four\/#breadcrumb","itemListElement":[{"@type":"ListItem","position":1,"name":"Accueil","item":"https:\/\/www.concert-hosteldieu.com\/"},{"@type":"ListItem","position":2,"name":"Nos artistes invit\u00e9s","item":"https:\/\/www.concert-hosteldieu.com\/nos-artistes-invites\/"},{"@type":"ListItem","position":3,"name":"Pierre-Alain Four"}]},{"@type":"WebSite","@id":"https:\/\/www.concert-hosteldieu.com\/#website","url":"https:\/\/www.concert-hosteldieu.com\/","name":"Le Concert de l&#039;Hostel Dieu","description":"Franck-Emmanuel Comte","publisher":{"@id":"https:\/\/www.concert-hosteldieu.com\/#organization"},"potentialAction":[{"@type":"SearchAction","target":{"@type":"EntryPoint","urlTemplate":"https:\/\/www.concert-hosteldieu.com\/?s={search_term_string}"},"query-input":{"@type":"PropertyValueSpecification","valueRequired":true,"valueName":"search_term_string"}}],"inLanguage":"en-GB"},{"@type":"Organization","@id":"https:\/\/www.concert-hosteldieu.com\/#organization","name":"Le Concert de l'Hostel Dieu","url":"https:\/\/www.concert-hosteldieu.com\/","logo":{"@type":"ImageObject","inLanguage":"en-GB","@id":"https:\/\/www.concert-hosteldieu.com\/#\/schema\/logo\/image\/","url":"https:\/\/www.concert-hosteldieu.com\/wp-content\/uploads\/2021\/06\/logo-chd-noir-transparent.png","contentUrl":"https:\/\/www.concert-hosteldieu.com\/wp-content\/uploads\/2021\/06\/logo-chd-noir-transparent.png","width":262,"height":106,"caption":"Le Concert de l'Hostel Dieu"},"image":{"@id":"https:\/\/www.concert-hosteldieu.com\/#\/schema\/logo\/image\/"},"sameAs":["https:\/\/www.facebook.com\/leconcert.delhosteldieu","https:\/\/x.com\/CHDLyon","https:\/\/instagram.com\/concert_hostel_dieu","https:\/\/www.linkedin.com\/company\/le-concert-de-l'hostel-dieu\/","https:\/\/www.youtube.com\/user\/CHDLyon"]}]}},"_links":{"self":[{"href":"https:\/\/www.concert-hosteldieu.com\/en\/wp-json\/wp\/v2\/pages\/14379","targetHints":{"allow":["GET"]}}],"collection":[{"href":"https:\/\/www.concert-hosteldieu.com\/en\/wp-json\/wp\/v2\/pages"}],"about":[{"href":"https:\/\/www.concert-hosteldieu.com\/en\/wp-json\/wp\/v2\/types\/page"}],"author":[{"embeddable":true,"href":"https:\/\/www.concert-hosteldieu.com\/en\/wp-json\/wp\/v2\/users\/2776"}],"replies":[{"embeddable":true,"href":"https:\/\/www.concert-hosteldieu.com\/en\/wp-json\/wp\/v2\/comments?post=14379"}],"version-history":[{"count":2,"href":"https:\/\/www.concert-hosteldieu.com\/en\/wp-json\/wp\/v2\/pages\/14379\/revisions"}],"predecessor-version":[{"id":23078,"href":"https:\/\/www.concert-hosteldieu.com\/en\/wp-json\/wp\/v2\/pages\/14379\/revisions\/23078"}],"up":[{"embeddable":true,"href":"https:\/\/www.concert-hosteldieu.com\/en\/wp-json\/wp\/v2\/pages\/12628"}],"wp:featuredmedia":[{"embeddable":true,"href":"https:\/\/www.concert-hosteldieu.com\/en\/wp-json\/wp\/v2\/media\/23076"}],"wp:attachment":[{"href":"https:\/\/www.concert-hosteldieu.com\/en\/wp-json\/wp\/v2\/media?parent=14379"}],"wp:term":[{"taxonomy":"category","embeddable":true,"href":"https:\/\/www.concert-hosteldieu.com\/en\/wp-json\/wp\/v2\/categories?post=14379"},{"taxonomy":"post_tag","embeddable":true,"href":"https:\/\/www.concert-hosteldieu.com\/en\/wp-json\/wp\/v2\/tags?post=14379"}],"curies":[{"name":"wp","href":"https:\/\/api.w.org\/{rel}","templated":true}]}}