{"id":14352,"date":"2021-07-06T08:59:13","date_gmt":"2021-07-06T07:59:13","guid":{"rendered":"https:\/\/dev.concert-hosteldieu.com\/?page_id=14352"},"modified":"2022-10-05T11:22:42","modified_gmt":"2022-10-05T10:22:42","slug":"mehdi-kruger","status":"publish","type":"page","link":"https:\/\/www.concert-hosteldieu.com\/en\/nos-artistes-invites\/mehdi-kruger\/","title":{"rendered":"Mehdi Kr\u00fcger"},"content":{"rendered":"<h2>\r\n\t\t\t\tMehdi Kr\u00fcger\r\n\t\t\t<\/h2>\r\n\t\t\t<h4>Slam artist<\/h4>\t\r\n\t<p>Po\u00e8te-interpr\u00e8te, le verbe de Mehdi Kr\u00fcger tient autant de la boxe que de la danse. D&rsquo;origine allemande et alg\u00e9rienne, il d\u00e9veloppe une langue houleuse et langoureuse, inspir\u00e9e tant par Ren\u00e9 Char que Kendrick Lamar. De chair et de sens, la \u00ab peau-\u00e9sie \u00bb de Mehdi Kr\u00fcger puise sa force dans l&rsquo;oralit\u00e9. Affranchi des codes, il publie disques et livres r\u00e9compens\u00e9s par plusieurs prix, mais la sc\u00e8ne est sa v\u00e9ritable ar\u00e8ne. Se d\u00e9finissant comme un \u00ab artiviste \u00bb, il partage aussi sa passion lors d&rsquo;ateliers d&rsquo;\u00e9criture pour les Instituts Fran\u00e7ais \u00e0 l&rsquo;\u00e9tranger ainsi qu&rsquo;en \u00e9tablissements scolaires et p\u00e9nitentiaires.<\/p>\r\n<strong>Awards &amp; nominations:<br \/>\r\n<\/strong>&#8211; Laur\u00e9at du Prix du Scribe (\u00e9ditions Vox Scriba) &#8211; 2018<br \/>\r\n&#8211; Finaliste du Prix Georges Moustaki &#8211; 2018<br \/>\r\n&#8211; Prix Georges Brassens \/ SACEM &#8211; 2016<br \/>\r\n&#8211; Laur\u00e9at du Prix Le Mans Cit\u00e9-Chanson &#8211; 2015<br \/>\r\n&#8211; Laur\u00e9at du Prix Mokikoz, r\u00e9compensant la po\u00e9sie orale &#8211; 2015<br \/>\r\n&#8211; Nominations aux Talents Europe1 &#8211; 2012<br \/>\r\n&#8211; Laur\u00e9at du Tremplin France \u00d4 Folies, France \u00d4 et Francofolies de la Rochelle &#8211; 2012<br \/>\r\n&#8211; S\u00e9lection r\u00e9gionale Printemps de Bourges, Rh\u00f4ne Alpes &#8211; 2011<br \/>\r\n&#8211; Laur\u00e9at du Prix On Stage, FNAC et Transbordeur &#8211; 2011\r\n<strong>Selected bibliography:<br \/>\r\n<\/strong>&#8211;\u00a0<em>Seuls les vivants ont raison<\/em>, poetry, published by Vox Scriba<br \/>\r\n&#8211;\u00a0<em>L&rsquo;Arabstrait<\/em>, radio poetry, Arte Radio<br \/>\r\n&#8211;\u00a0<em>Performances po\u00e9tiques<\/em>, Ouvrage collectif, Universit\u00e9 d&rsquo;Albi\/ \u00e9d. C\u00e9cile Defaut<br \/>\r\n&#8211;\u00a0<em>Guetter l&rsquo;aurore, Anthologie de po\u00e9sie engag\u00e9e<\/em>, collective work, published by La Passe du Vent<br \/>\r\n&#8211;\u00a0<em>Exils\/ cr\u00e9ations, quels passages\u00a0?<\/em>\u00a0Ouvrage collectif, \u00e9d. L&rsquo;Harmattan\r\n<strong>Discography:<br \/>\r\n<\/strong>&#8211; Trilogie de EP sortie entre 2016 et 2018\u00a0:\u00a0<em>Saint-Germain-D&rsquo;Apr\u00e8s<\/em>,\u00a0<em>L&rsquo;Ecume des Nuits<\/em>,\u00a0<em>Luttopies<\/em>\r\n<h4>\r\n\t\tInterview with Mehdi Kr\u00fcger\r\n\t<\/h4>\r\n\t\t\t\t\t<a href=\"https:\/\/www.youtube.com\/watch?v=1j0OH9nX9mo\" aria-label=\"uabb-video-gallery\" data-fancybox=\"uabb-video-gallery\" data-url=\"https:\/\/www.youtube.com\/embed\/1j0OH9nX9mo?autoplay=1&#038;version=3&#038;enablejsapi=1\"class=\"uabb-video-gallery-fancybox uabb-vg__play_full\">\t\t\t\t\t\t\r\n\t\t\t\t\t<\/a>\t\t\t\t\r\n<h4>\r\n\t\tMeet Mehdi Kr\u00fcger in:\r\n\t<\/h4>\r\n\t\t\t\t<a href=\"https:\/\/www.concert-hosteldieu.com\/en\/nos-projets-en-tournee\/fugacites\/\" target=\"_self\" itemprop=\"url\" rel=\"noopener\">\r\n\t\t\t\t<img loading=\"lazy\" decoding=\"async\" src=\"https:\/\/www.concert-hosteldieu.com\/wp-content\/uploads\/2022\/10\/CHD-FugaCites-5_web.jpg\" alt=\"FugaCit\u00e9s, la rencontre entre musique baroque et cultures urbaines\" itemprop=\"image\" height=\"1280\" width=\"1920\" title=\"FugaCit\u00e9s (1)\" onerror=\"this.style.display='none'\"  \/>\r\n\t\t\t\t<\/a>\r\n\t<h3>\r\n\t\t\t\t<a href=\"https:\/\/www.concert-hosteldieu.com\/en\/nos-projets-en-tournee\/fugacites\/\" title=\"FugaCit\u00e9s\" target=\"_self\" rel=\"noopener\">\r\n\t\t\t\tFugaCit\u00e9s\r\n\t\t\t\t<\/a>\r\n\t\t\t<\/h3>\r\n\t\t\t<a href=\"https:\/\/www.mehdikruger.fr\/\" target=\"_blank\" rel=\"noopener\" role=\"button\" aria-label=\"Site internet\">\r\n\t\t\t\t\t\t\t\t\t\t\tSite internet\r\n\t\t<\/a>\r\n\t\t\t<a href=\"https:\/\/www.youtube.com\/channel\/UCCoYzSBsPJkcE0yyfQLIRVQ\" target=\"_blank\" rel=\"noopener\" role=\"button\" aria-label=\"YouTube\">\r\n\t\t\t\t\t\t\t\t\t\t\tYouTube\r\n\t\t<\/a>","protected":false},"excerpt":{"rendered":"<p>Mehdi Kr\u00fcger Slameur Po\u00e8te-interpr\u00e8te, le verbe de Mehdi Kr\u00fcger tient autant de la boxe que de la danse. D&rsquo;origine allemande et alg\u00e9rienne, il d\u00e9veloppe une langue houleuse et langoureuse, inspir\u00e9e tant par Ren\u00e9 Char que Kendrick Lamar. De chair et [&hellip;]<\/p>\n","protected":false},"author":2776,"featured_media":18617,"parent":12628,"menu_order":0,"comment_status":"closed","ping_status":"closed","template":"","meta":{"site-sidebar-layout":"no-sidebar","site-content-layout":"page-builder","ast-site-content-layout":"default","site-content-style":"default","site-sidebar-style":"default","ast-global-header-display":"","ast-banner-title-visibility":"","ast-main-header-display":"","ast-hfb-above-header-display":"","ast-hfb-below-header-display":"","ast-hfb-mobile-header-display":"","site-post-title":"disabled","ast-breadcrumbs-content":"","ast-featured-img":"disabled","footer-sml-layout":"","ast-disable-related-posts":"","theme-transparent-header-meta":"enabled","adv-header-id-meta":"","stick-header-meta":"default","header-above-stick-meta":"","header-main-stick-meta":"","header-below-stick-meta":"","astra-migrate-meta-layouts":"default","ast-page-background-enabled":"default","ast-page-background-meta":{"desktop":{"background-color":"","background-image":"","background-repeat":"repeat","background-position":"center center","background-size":"auto","background-attachment":"scroll","background-type":"","background-media":"","overlay-type":"","overlay-color":"","overlay-opacity":"","overlay-gradient":""},"tablet":{"background-color":"","background-image":"","background-repeat":"repeat","background-position":"center center","background-size":"auto","background-attachment":"scroll","background-type":"","background-media":"","overlay-type":"","overlay-color":"","overlay-opacity":"","overlay-gradient":""},"mobile":{"background-color":"","background-image":"","background-repeat":"repeat","background-position":"center center","background-size":"auto","background-attachment":"scroll","background-type":"","background-media":"","overlay-type":"","overlay-color":"","overlay-opacity":"","overlay-gradient":""}},"ast-content-background-meta":{"desktop":{"background-color":"var(--ast-global-color-5)","background-image":"","background-repeat":"repeat","background-position":"center center","background-size":"auto","background-attachment":"scroll","background-type":"","background-media":"","overlay-type":"","overlay-color":"","overlay-opacity":"","overlay-gradient":""},"tablet":{"background-color":"var(--ast-global-color-5)","background-image":"","background-repeat":"repeat","background-position":"center center","background-size":"auto","background-attachment":"scroll","background-type":"","background-media":"","overlay-type":"","overlay-color":"","overlay-opacity":"","overlay-gradient":""},"mobile":{"background-color":"var(--ast-global-color-5)","background-image":"","background-repeat":"repeat","background-position":"center center","background-size":"auto","background-attachment":"scroll","background-type":"","background-media":"","overlay-type":"","overlay-color":"","overlay-opacity":"","overlay-gradient":""}},"footnotes":""},"categories":[169,171],"tags":[],"class_list":["post-14352","page","type-page","status-publish","has-post-thumbnail","hentry","category-equipe-artistique","category-nosartistesinvites"],"yoast_head":"<!-- This site is optimized with the Yoast SEO plugin v27.6 - https:\/\/yoast.com\/product\/yoast-seo-wordpress\/ -->\n<title>Mehdi Kr\u00fcger - Le Concert de l&#039;Hostel Dieu<\/title>\n<meta name=\"description\" content=\"Retrouvez le slameur Mehdi Kr\u00fcger dans FugaCit\u00e9s, la rencontre entre la musique baroque du Concert de l&#039;Hostel Dieu et cultures urbaines\" \/>\n<meta name=\"robots\" content=\"index, follow, max-snippet:-1, max-image-preview:large, max-video-preview:-1\" \/>\n<link rel=\"canonical\" href=\"https:\/\/www.concert-hosteldieu.com\/en\/nos-artistes-invites\/mehdi-kruger\/\" \/>\n<meta property=\"og:locale\" content=\"en_GB\" \/>\n<meta property=\"og:type\" content=\"article\" \/>\n<meta property=\"og:title\" content=\"Mehdi Kr\u00fcger - Le Concert de l&#039;Hostel Dieu\" \/>\n<meta property=\"og:description\" content=\"Retrouvez le slameur Mehdi Kr\u00fcger dans FugaCit\u00e9s, la rencontre entre la musique baroque du Concert de l&#039;Hostel Dieu et cultures urbaines\" \/>\n<meta property=\"og:url\" content=\"https:\/\/www.concert-hosteldieu.com\/en\/nos-artistes-invites\/mehdi-kruger\/\" \/>\n<meta property=\"og:site_name\" content=\"Le Concert de l&#039;Hostel Dieu\" \/>\n<meta property=\"article:publisher\" content=\"https:\/\/www.facebook.com\/leconcert.delhosteldieu\" \/>\n<meta property=\"article:modified_time\" content=\"2022-10-05T10:22:42+00:00\" \/>\n<meta property=\"og:image\" content=\"https:\/\/www.concert-hosteldieu.com\/wp-content\/uploads\/2022\/10\/CHD-FugaCites-209_web.jpg\" \/>\n\t<meta property=\"og:image:width\" content=\"1920\" \/>\n\t<meta property=\"og:image:height\" content=\"1280\" \/>\n\t<meta property=\"og:image:type\" content=\"image\/jpeg\" \/>\n<meta name=\"twitter:label1\" content=\"Estimated reading time\" \/>\n\t<meta name=\"twitter:data1\" content=\"2 minutes\" \/>\n<script type=\"application\/ld+json\" class=\"yoast-schema-graph\">{\"@context\":\"https:\\\/\\\/schema.org\",\"@graph\":[{\"@type\":\"WebPage\",\"@id\":\"https:\\\/\\\/www.concert-hosteldieu.com\\\/nos-artistes-invites\\\/mehdi-kruger\\\/\",\"url\":\"https:\\\/\\\/www.concert-hosteldieu.com\\\/nos-artistes-invites\\\/mehdi-kruger\\\/\",\"name\":\"Mehdi Kr\u00fcger - Le Concert de l&#039;Hostel Dieu\",\"isPartOf\":{\"@id\":\"https:\\\/\\\/www.concert-hosteldieu.com\\\/#website\"},\"primaryImageOfPage\":{\"@id\":\"https:\\\/\\\/www.concert-hosteldieu.com\\\/nos-artistes-invites\\\/mehdi-kruger\\\/#primaryimage\"},\"image\":{\"@id\":\"https:\\\/\\\/www.concert-hosteldieu.com\\\/nos-artistes-invites\\\/mehdi-kruger\\\/#primaryimage\"},\"thumbnailUrl\":\"https:\\\/\\\/www.concert-hosteldieu.com\\\/wp-content\\\/uploads\\\/2022\\\/10\\\/CHD-FugaCites-209_web.jpg\",\"datePublished\":\"2021-07-06T07:59:13+00:00\",\"dateModified\":\"2022-10-05T10:22:42+00:00\",\"description\":\"Retrouvez le slameur Mehdi Kr\u00fcger dans FugaCit\u00e9s, la rencontre entre la musique baroque du Concert de l'Hostel Dieu et cultures urbaines\",\"breadcrumb\":{\"@id\":\"https:\\\/\\\/www.concert-hosteldieu.com\\\/nos-artistes-invites\\\/mehdi-kruger\\\/#breadcrumb\"},\"inLanguage\":\"en-GB\",\"potentialAction\":[{\"@type\":\"ReadAction\",\"target\":[\"https:\\\/\\\/www.concert-hosteldieu.com\\\/nos-artistes-invites\\\/mehdi-kruger\\\/\"]}]},{\"@type\":\"ImageObject\",\"inLanguage\":\"en-GB\",\"@id\":\"https:\\\/\\\/www.concert-hosteldieu.com\\\/nos-artistes-invites\\\/mehdi-kruger\\\/#primaryimage\",\"url\":\"https:\\\/\\\/www.concert-hosteldieu.com\\\/wp-content\\\/uploads\\\/2022\\\/10\\\/CHD-FugaCites-209_web.jpg\",\"contentUrl\":\"https:\\\/\\\/www.concert-hosteldieu.com\\\/wp-content\\\/uploads\\\/2022\\\/10\\\/CHD-FugaCites-209_web.jpg\",\"width\":1920,\"height\":1280,\"caption\":\"\u00a9Julie Cherki\"},{\"@type\":\"BreadcrumbList\",\"@id\":\"https:\\\/\\\/www.concert-hosteldieu.com\\\/nos-artistes-invites\\\/mehdi-kruger\\\/#breadcrumb\",\"itemListElement\":[{\"@type\":\"ListItem\",\"position\":1,\"name\":\"Accueil\",\"item\":\"https:\\\/\\\/www.concert-hosteldieu.com\\\/\"},{\"@type\":\"ListItem\",\"position\":2,\"name\":\"Nos artistes invit\u00e9s\",\"item\":\"https:\\\/\\\/www.concert-hosteldieu.com\\\/nos-artistes-invites\\\/\"},{\"@type\":\"ListItem\",\"position\":3,\"name\":\"Mehdi Kr\u00fcger\"}]},{\"@type\":\"WebSite\",\"@id\":\"https:\\\/\\\/www.concert-hosteldieu.com\\\/#website\",\"url\":\"https:\\\/\\\/www.concert-hosteldieu.com\\\/\",\"name\":\"Le Concert de l&#039;Hostel Dieu\",\"description\":\"Franck-Emmanuel Comte\",\"publisher\":{\"@id\":\"https:\\\/\\\/www.concert-hosteldieu.com\\\/#organization\"},\"potentialAction\":[{\"@type\":\"SearchAction\",\"target\":{\"@type\":\"EntryPoint\",\"urlTemplate\":\"https:\\\/\\\/www.concert-hosteldieu.com\\\/?s={search_term_string}\"},\"query-input\":{\"@type\":\"PropertyValueSpecification\",\"valueRequired\":true,\"valueName\":\"search_term_string\"}}],\"inLanguage\":\"en-GB\"},{\"@type\":\"Organization\",\"@id\":\"https:\\\/\\\/www.concert-hosteldieu.com\\\/#organization\",\"name\":\"Le Concert de l'Hostel Dieu\",\"url\":\"https:\\\/\\\/www.concert-hosteldieu.com\\\/\",\"logo\":{\"@type\":\"ImageObject\",\"inLanguage\":\"en-GB\",\"@id\":\"https:\\\/\\\/www.concert-hosteldieu.com\\\/#\\\/schema\\\/logo\\\/image\\\/\",\"url\":\"https:\\\/\\\/www.concert-hosteldieu.com\\\/wp-content\\\/uploads\\\/2021\\\/06\\\/logo-chd-noir-transparent.png\",\"contentUrl\":\"https:\\\/\\\/www.concert-hosteldieu.com\\\/wp-content\\\/uploads\\\/2021\\\/06\\\/logo-chd-noir-transparent.png\",\"width\":262,\"height\":106,\"caption\":\"Le Concert de l'Hostel Dieu\"},\"image\":{\"@id\":\"https:\\\/\\\/www.concert-hosteldieu.com\\\/#\\\/schema\\\/logo\\\/image\\\/\"},\"sameAs\":[\"https:\\\/\\\/www.facebook.com\\\/leconcert.delhosteldieu\",\"https:\\\/\\\/x.com\\\/CHDLyon\",\"https:\\\/\\\/instagram.com\\\/concert_hostel_dieu\",\"https:\\\/\\\/www.linkedin.com\\\/company\\\/le-concert-de-l'hostel-dieu\\\/\",\"https:\\\/\\\/www.youtube.com\\\/user\\\/CHDLyon\"]}]}<\/script>\n<!-- \/ Yoast SEO plugin. -->","yoast_head_json":{"title":"Mehdi Kr\u00fcger - Le Concert de l&#039;Hostel Dieu","description":"Retrouvez le slameur Mehdi Kr\u00fcger dans FugaCit\u00e9s, la rencontre entre la musique baroque du Concert de l'Hostel Dieu et cultures urbaines","robots":{"index":"index","follow":"follow","max-snippet":"max-snippet:-1","max-image-preview":"max-image-preview:large","max-video-preview":"max-video-preview:-1"},"canonical":"https:\/\/www.concert-hosteldieu.com\/en\/nos-artistes-invites\/mehdi-kruger\/","og_locale":"en_GB","og_type":"article","og_title":"Mehdi Kr\u00fcger - Le Concert de l&#039;Hostel Dieu","og_description":"Retrouvez le slameur Mehdi Kr\u00fcger dans FugaCit\u00e9s, la rencontre entre la musique baroque du Concert de l'Hostel Dieu et cultures urbaines","og_url":"https:\/\/www.concert-hosteldieu.com\/en\/nos-artistes-invites\/mehdi-kruger\/","og_site_name":"Le Concert de l&#039;Hostel Dieu","article_publisher":"https:\/\/www.facebook.com\/leconcert.delhosteldieu","article_modified_time":"2022-10-05T10:22:42+00:00","og_image":[{"width":1920,"height":1280,"url":"https:\/\/www.concert-hosteldieu.com\/wp-content\/uploads\/2022\/10\/CHD-FugaCites-209_web.jpg","type":"image\/jpeg"}],"twitter_misc":{"Estimated reading time":"2 minutes"},"schema":{"@context":"https:\/\/schema.org","@graph":[{"@type":"WebPage","@id":"https:\/\/www.concert-hosteldieu.com\/nos-artistes-invites\/mehdi-kruger\/","url":"https:\/\/www.concert-hosteldieu.com\/nos-artistes-invites\/mehdi-kruger\/","name":"Mehdi Kr\u00fcger - Le Concert de l&#039;Hostel Dieu","isPartOf":{"@id":"https:\/\/www.concert-hosteldieu.com\/#website"},"primaryImageOfPage":{"@id":"https:\/\/www.concert-hosteldieu.com\/nos-artistes-invites\/mehdi-kruger\/#primaryimage"},"image":{"@id":"https:\/\/www.concert-hosteldieu.com\/nos-artistes-invites\/mehdi-kruger\/#primaryimage"},"thumbnailUrl":"https:\/\/www.concert-hosteldieu.com\/wp-content\/uploads\/2022\/10\/CHD-FugaCites-209_web.jpg","datePublished":"2021-07-06T07:59:13+00:00","dateModified":"2022-10-05T10:22:42+00:00","description":"Retrouvez le slameur Mehdi Kr\u00fcger dans FugaCit\u00e9s, la rencontre entre la musique baroque du Concert de l'Hostel Dieu et cultures urbaines","breadcrumb":{"@id":"https:\/\/www.concert-hosteldieu.com\/nos-artistes-invites\/mehdi-kruger\/#breadcrumb"},"inLanguage":"en-GB","potentialAction":[{"@type":"ReadAction","target":["https:\/\/www.concert-hosteldieu.com\/nos-artistes-invites\/mehdi-kruger\/"]}]},{"@type":"ImageObject","inLanguage":"en-GB","@id":"https:\/\/www.concert-hosteldieu.com\/nos-artistes-invites\/mehdi-kruger\/#primaryimage","url":"https:\/\/www.concert-hosteldieu.com\/wp-content\/uploads\/2022\/10\/CHD-FugaCites-209_web.jpg","contentUrl":"https:\/\/www.concert-hosteldieu.com\/wp-content\/uploads\/2022\/10\/CHD-FugaCites-209_web.jpg","width":1920,"height":1280,"caption":"\u00a9Julie Cherki"},{"@type":"BreadcrumbList","@id":"https:\/\/www.concert-hosteldieu.com\/nos-artistes-invites\/mehdi-kruger\/#breadcrumb","itemListElement":[{"@type":"ListItem","position":1,"name":"Accueil","item":"https:\/\/www.concert-hosteldieu.com\/"},{"@type":"ListItem","position":2,"name":"Nos artistes invit\u00e9s","item":"https:\/\/www.concert-hosteldieu.com\/nos-artistes-invites\/"},{"@type":"ListItem","position":3,"name":"Mehdi Kr\u00fcger"}]},{"@type":"WebSite","@id":"https:\/\/www.concert-hosteldieu.com\/#website","url":"https:\/\/www.concert-hosteldieu.com\/","name":"Le Concert de l&#039;Hostel Dieu","description":"Franck-Emmanuel Comte","publisher":{"@id":"https:\/\/www.concert-hosteldieu.com\/#organization"},"potentialAction":[{"@type":"SearchAction","target":{"@type":"EntryPoint","urlTemplate":"https:\/\/www.concert-hosteldieu.com\/?s={search_term_string}"},"query-input":{"@type":"PropertyValueSpecification","valueRequired":true,"valueName":"search_term_string"}}],"inLanguage":"en-GB"},{"@type":"Organization","@id":"https:\/\/www.concert-hosteldieu.com\/#organization","name":"Le Concert de l'Hostel Dieu","url":"https:\/\/www.concert-hosteldieu.com\/","logo":{"@type":"ImageObject","inLanguage":"en-GB","@id":"https:\/\/www.concert-hosteldieu.com\/#\/schema\/logo\/image\/","url":"https:\/\/www.concert-hosteldieu.com\/wp-content\/uploads\/2021\/06\/logo-chd-noir-transparent.png","contentUrl":"https:\/\/www.concert-hosteldieu.com\/wp-content\/uploads\/2021\/06\/logo-chd-noir-transparent.png","width":262,"height":106,"caption":"Le Concert de l'Hostel Dieu"},"image":{"@id":"https:\/\/www.concert-hosteldieu.com\/#\/schema\/logo\/image\/"},"sameAs":["https:\/\/www.facebook.com\/leconcert.delhosteldieu","https:\/\/x.com\/CHDLyon","https:\/\/instagram.com\/concert_hostel_dieu","https:\/\/www.linkedin.com\/company\/le-concert-de-l'hostel-dieu\/","https:\/\/www.youtube.com\/user\/CHDLyon"]}]}},"_links":{"self":[{"href":"https:\/\/www.concert-hosteldieu.com\/en\/wp-json\/wp\/v2\/pages\/14352","targetHints":{"allow":["GET"]}}],"collection":[{"href":"https:\/\/www.concert-hosteldieu.com\/en\/wp-json\/wp\/v2\/pages"}],"about":[{"href":"https:\/\/www.concert-hosteldieu.com\/en\/wp-json\/wp\/v2\/types\/page"}],"author":[{"embeddable":true,"href":"https:\/\/www.concert-hosteldieu.com\/en\/wp-json\/wp\/v2\/users\/2776"}],"replies":[{"embeddable":true,"href":"https:\/\/www.concert-hosteldieu.com\/en\/wp-json\/wp\/v2\/comments?post=14352"}],"version-history":[{"count":3,"href":"https:\/\/www.concert-hosteldieu.com\/en\/wp-json\/wp\/v2\/pages\/14352\/revisions"}],"predecessor-version":[{"id":18619,"href":"https:\/\/www.concert-hosteldieu.com\/en\/wp-json\/wp\/v2\/pages\/14352\/revisions\/18619"}],"up":[{"embeddable":true,"href":"https:\/\/www.concert-hosteldieu.com\/en\/wp-json\/wp\/v2\/pages\/12628"}],"wp:featuredmedia":[{"embeddable":true,"href":"https:\/\/www.concert-hosteldieu.com\/en\/wp-json\/wp\/v2\/media\/18617"}],"wp:attachment":[{"href":"https:\/\/www.concert-hosteldieu.com\/en\/wp-json\/wp\/v2\/media?parent=14352"}],"wp:term":[{"taxonomy":"category","embeddable":true,"href":"https:\/\/www.concert-hosteldieu.com\/en\/wp-json\/wp\/v2\/categories?post=14352"},{"taxonomy":"post_tag","embeddable":true,"href":"https:\/\/www.concert-hosteldieu.com\/en\/wp-json\/wp\/v2\/tags?post=14352"}],"curies":[{"name":"wp","href":"https:\/\/api.w.org\/{rel}","templated":true}]}}