{"id":14308,"date":"2021-07-05T15:38:19","date_gmt":"2021-07-05T14:38:19","guid":{"rendered":"https:\/\/dev.concert-hosteldieu.com\/?page_id=14308"},"modified":"2022-08-10T15:52:09","modified_gmt":"2022-08-10T14:52:09","slug":"gwendoline-blondeel","status":"publish","type":"page","link":"https:\/\/www.concert-hosteldieu.com\/en\/nos-artistes-invites\/gwendoline-blondeel\/","title":{"rendered":"Gwendoline Blondeel"},"content":{"rendered":"<h2>\n\t\t\t\tGwendoline Blondeel\n\t\t\t<\/h2>\n\t\t\t<h4>Soprano<\/h4>\t\n\t<p>Gwendoline Blondeel est soliste de l&rsquo;acad\u00e9mie de la Monnaie depuis 2018. En 2019, elle obtient son Master en chant lyrique \u00e0 l&rsquo;IMEP avec grande distinction. La m\u00eame ann\u00e9e, elle gagne le cinqui\u00e8me Prix, le Prix du public du CIALN ainsi que le premier Prix du concours de chant baroque de Froville. A l&rsquo;IMEP, elle \u00e9tudie principalement avec Elise G\u00e4bele et Ana-Cam\u00e9lia Stefanescu. Elle enrichit sa formation avec des personnalit\u00e9s comme Patricia Petitbon, Pascal Dusapin, Sandrine Piau ou Roberta Alexander \u00e0 travers l&rsquo;Acad\u00e9mie de La Monnaie.<\/p>\n<p>Gwendoline Blondeel chante sur les sc\u00e8nes du Th\u00e9\u00e2tre royal de la Monnaie, du Th\u00e9\u00e2tre royal flamand, du festival de Beaune, de l&rsquo;Op\u00e9ra royal de Wallonie, de l&rsquo;Op\u00e9ra de Dijon, de l&rsquo;Op\u00e9ra national de Lorraine ou encore de l&rsquo;Op\u00e9ra-Comique.<\/p>\n<p>Elle chante sous la direction de chefs tels que Leonardo Garcia Alarcon, William Christie, Yann Mol\u00e9nat, Benjamin Attahir, Bassem Akiki, Kazushi Ono, et joue dans des mises en sc\u00e8nes de Mikael Serre, Basil Twist, Rom\u00e9o Castellucci, Mikael De Cock, Marie Neyrinck ou encore Olivier Lexa. Elle travaille \u00e9galement avec des ensembles tels que Scherzi Musicali ou encore l&rsquo;Ensemble 21.<\/p>\n<p>Elle interpr\u00e8te les r\u00f4les de Lakm\u00e9 (<em>Lakm\u00e9<\/em> &#8211; Delibes), La Gouvernante <em>(L&rsquo;homme de la Mancha<\/em> &#8211; Mitch Leigh), Olympia (<em>Les contes d&rsquo;Hoffmann<\/em> &#8211; Offenbach), Louise (<em>Les mousquetaires au couvent<\/em> &#8211; Varney), Deuxi\u00e8me servante (<em>Tintagiles<\/em> &#8211; Attahir), Deuxi\u00e8me s\u0153ur (<em>Alladine et Palomide<\/em> &#8211; Attahir), Fiordiligi (<em>Il Palazzo incantation<\/em> &#8211; Rossi), L&rsquo;Aurore (<em>Titon et l&rsquo;Aurore<\/em> &#8211; Mondonville). En oratorio, on peut l&rsquo;entendre dans le <em>Requiem<\/em> de Mozart, la <em>Passion Selon saint Jean<\/em> de Bach, le <em>Magnificat <\/em>de Bach, le <em>Magnificat<\/em> de Vivaldi, le <em>Membra Jesu Nostri<\/em> de Buxtehude, les <em>Le\u00e7ons de T\u00e9n\u00e8bres<\/em> de Couperin&#8230;<\/p>\n<p>Gwendoline Blondeel a particip\u00e9 \u00e0 l&rsquo;enregistrement du disque <em>Colonna: O splendida dies<\/em> (label Ricercar) avec l&rsquo;ensemble Scherzi Musicali, sous la direction de Nicolas Achten.<\/p>\n<h4>\n\t\tRetrouvez Gwendoline Blondeel dans :\n\t<\/h4>\n\t\t\t\t<a href=\"https:\/\/www.concert-hosteldieu.com\/en\/nos-projets-en-tournee\/the-french-connection\/\" target=\"_self\" itemprop=\"url\" rel=\"noopener\">\n\t\t\t\t<img loading=\"lazy\" decoding=\"async\" src=\"https:\/\/www.concert-hosteldieu.com\/wp-content\/uploads\/2021\/07\/DX1A1344.jpg\" alt=\"DX1A1344\" itemprop=\"image\" height=\"1280\" width=\"1920\" title=\"DX1A1344\" onerror=\"this.style.display='none'\"  \/>\n\t\t\t\t<\/a>\n\t<h3>\n\t\t\t\t<a href=\"https:\/\/www.concert-hosteldieu.com\/en\/nos-projets-en-tournee\/the-french-connection\/\" title=\"The French connection\" target=\"_self\" rel=\"noopener\">\n\t\t\t\tThe French connection\n\t\t\t\t<\/a>\n\t\t\t<\/h3>","protected":false},"excerpt":{"rendered":"<p>Gwendoline Blondeel Soprano Gwendoline Blondeel est soliste de l&rsquo;acad\u00e9mie de la Monnaie depuis 2018. En 2019, elle obtient son Master en chant lyrique \u00e0 l&rsquo;IMEP avec grande distinction. La m\u00eame ann\u00e9e, elle gagne le cinqui\u00e8me Prix, le Prix du public [&hellip;]<\/p>\n","protected":false},"author":2776,"featured_media":14311,"parent":12628,"menu_order":0,"comment_status":"closed","ping_status":"closed","template":"","meta":{"site-sidebar-layout":"no-sidebar","site-content-layout":"page-builder","ast-site-content-layout":"default","site-content-style":"default","site-sidebar-style":"default","ast-global-header-display":"","ast-banner-title-visibility":"","ast-main-header-display":"","ast-hfb-above-header-display":"","ast-hfb-below-header-display":"","ast-hfb-mobile-header-display":"","site-post-title":"disabled","ast-breadcrumbs-content":"","ast-featured-img":"disabled","footer-sml-layout":"","ast-disable-related-posts":"","theme-transparent-header-meta":"enabled","adv-header-id-meta":"","stick-header-meta":"default","header-above-stick-meta":"","header-main-stick-meta":"","header-below-stick-meta":"","astra-migrate-meta-layouts":"default","ast-page-background-enabled":"default","ast-page-background-meta":{"desktop":{"background-color":"","background-image":"","background-repeat":"repeat","background-position":"center center","background-size":"auto","background-attachment":"scroll","background-type":"","background-media":"","overlay-type":"","overlay-color":"","overlay-opacity":"","overlay-gradient":""},"tablet":{"background-color":"","background-image":"","background-repeat":"repeat","background-position":"center center","background-size":"auto","background-attachment":"scroll","background-type":"","background-media":"","overlay-type":"","overlay-color":"","overlay-opacity":"","overlay-gradient":""},"mobile":{"background-color":"","background-image":"","background-repeat":"repeat","background-position":"center center","background-size":"auto","background-attachment":"scroll","background-type":"","background-media":"","overlay-type":"","overlay-color":"","overlay-opacity":"","overlay-gradient":""}},"ast-content-background-meta":{"desktop":{"background-color":"var(--ast-global-color-5)","background-image":"","background-repeat":"repeat","background-position":"center center","background-size":"auto","background-attachment":"scroll","background-type":"","background-media":"","overlay-type":"","overlay-color":"","overlay-opacity":"","overlay-gradient":""},"tablet":{"background-color":"var(--ast-global-color-5)","background-image":"","background-repeat":"repeat","background-position":"center center","background-size":"auto","background-attachment":"scroll","background-type":"","background-media":"","overlay-type":"","overlay-color":"","overlay-opacity":"","overlay-gradient":""},"mobile":{"background-color":"var(--ast-global-color-5)","background-image":"","background-repeat":"repeat","background-position":"center center","background-size":"auto","background-attachment":"scroll","background-type":"","background-media":"","overlay-type":"","overlay-color":"","overlay-opacity":"","overlay-gradient":""}},"footnotes":""},"categories":[169,171],"tags":[],"class_list":["post-14308","page","type-page","status-publish","has-post-thumbnail","hentry","category-equipe-artistique","category-nosartistesinvites"],"yoast_head":"<!-- This site is optimized with the Yoast SEO plugin v27.6 - https:\/\/yoast.com\/product\/yoast-seo-wordpress\/ -->\n<title>Gwendoline Blondeel - Le Concert de l&#039;Hostel Dieu<\/title>\n<meta name=\"robots\" content=\"index, follow, max-snippet:-1, max-image-preview:large, max-video-preview:-1\" \/>\n<link rel=\"canonical\" href=\"https:\/\/www.concert-hosteldieu.com\/en\/nos-artistes-invites\/gwendoline-blondeel\/\" \/>\n<meta property=\"og:locale\" content=\"en_GB\" \/>\n<meta property=\"og:type\" content=\"article\" \/>\n<meta property=\"og:title\" content=\"Gwendoline Blondeel - Le Concert de l&#039;Hostel Dieu\" \/>\n<meta property=\"og:description\" content=\"Gwendoline Blondeel Soprano Gwendoline Blondeel est soliste de l&rsquo;acad\u00e9mie de la Monnaie depuis 2018. En 2019, elle obtient son Master en chant lyrique \u00e0 l&rsquo;IMEP avec grande distinction. La m\u00eame ann\u00e9e, elle gagne le cinqui\u00e8me Prix, le Prix du public [&hellip;]\" \/>\n<meta property=\"og:url\" content=\"https:\/\/www.concert-hosteldieu.com\/en\/nos-artistes-invites\/gwendoline-blondeel\/\" \/>\n<meta property=\"og:site_name\" content=\"Le Concert de l&#039;Hostel Dieu\" \/>\n<meta property=\"article:publisher\" content=\"https:\/\/www.facebook.com\/leconcert.delhosteldieu\" \/>\n<meta property=\"article:modified_time\" content=\"2022-08-10T14:52:09+00:00\" \/>\n<meta property=\"og:image\" content=\"https:\/\/www.concert-hosteldieu.com\/wp-content\/uploads\/2021\/07\/BLONDEEL.jpg\" \/>\n\t<meta property=\"og:image:width\" content=\"1667\" \/>\n\t<meta property=\"og:image:height\" content=\"1250\" \/>\n\t<meta property=\"og:image:type\" content=\"image\/jpeg\" \/>\n<meta name=\"twitter:label1\" content=\"Estimated reading time\" \/>\n\t<meta name=\"twitter:data1\" content=\"2 minutes\" \/>\n<script type=\"application\/ld+json\" class=\"yoast-schema-graph\">{\"@context\":\"https:\\\/\\\/schema.org\",\"@graph\":[{\"@type\":\"WebPage\",\"@id\":\"https:\\\/\\\/www.concert-hosteldieu.com\\\/en\\\/nos-artistes-invites\\\/gwendoline-blondeel\\\/\",\"url\":\"https:\\\/\\\/www.concert-hosteldieu.com\\\/en\\\/nos-artistes-invites\\\/gwendoline-blondeel\\\/\",\"name\":\"Gwendoline Blondeel - Le Concert de l&#039;Hostel Dieu\",\"isPartOf\":{\"@id\":\"https:\\\/\\\/www.concert-hosteldieu.com\\\/#website\"},\"primaryImageOfPage\":{\"@id\":\"https:\\\/\\\/www.concert-hosteldieu.com\\\/en\\\/nos-artistes-invites\\\/gwendoline-blondeel\\\/#primaryimage\"},\"image\":{\"@id\":\"https:\\\/\\\/www.concert-hosteldieu.com\\\/en\\\/nos-artistes-invites\\\/gwendoline-blondeel\\\/#primaryimage\"},\"thumbnailUrl\":\"https:\\\/\\\/www.concert-hosteldieu.com\\\/wp-content\\\/uploads\\\/2021\\\/07\\\/BLONDEEL.jpg\",\"datePublished\":\"2021-07-05T14:38:19+00:00\",\"dateModified\":\"2022-08-10T14:52:09+00:00\",\"breadcrumb\":{\"@id\":\"https:\\\/\\\/www.concert-hosteldieu.com\\\/en\\\/nos-artistes-invites\\\/gwendoline-blondeel\\\/#breadcrumb\"},\"inLanguage\":\"en-GB\",\"potentialAction\":[{\"@type\":\"ReadAction\",\"target\":[\"https:\\\/\\\/www.concert-hosteldieu.com\\\/en\\\/nos-artistes-invites\\\/gwendoline-blondeel\\\/\"]}]},{\"@type\":\"ImageObject\",\"inLanguage\":\"en-GB\",\"@id\":\"https:\\\/\\\/www.concert-hosteldieu.com\\\/en\\\/nos-artistes-invites\\\/gwendoline-blondeel\\\/#primaryimage\",\"url\":\"https:\\\/\\\/www.concert-hosteldieu.com\\\/wp-content\\\/uploads\\\/2021\\\/07\\\/BLONDEEL.jpg\",\"contentUrl\":\"https:\\\/\\\/www.concert-hosteldieu.com\\\/wp-content\\\/uploads\\\/2021\\\/07\\\/BLONDEEL.jpg\",\"width\":1667,\"height\":1250},{\"@type\":\"BreadcrumbList\",\"@id\":\"https:\\\/\\\/www.concert-hosteldieu.com\\\/en\\\/nos-artistes-invites\\\/gwendoline-blondeel\\\/#breadcrumb\",\"itemListElement\":[{\"@type\":\"ListItem\",\"position\":1,\"name\":\"Accueil\",\"item\":\"https:\\\/\\\/www.concert-hosteldieu.com\\\/\"},{\"@type\":\"ListItem\",\"position\":2,\"name\":\"Nos artistes invit\u00e9s\",\"item\":\"https:\\\/\\\/www.concert-hosteldieu.com\\\/nos-artistes-invites\\\/\"},{\"@type\":\"ListItem\",\"position\":3,\"name\":\"Gwendoline Blondeel\"}]},{\"@type\":\"WebSite\",\"@id\":\"https:\\\/\\\/www.concert-hosteldieu.com\\\/#website\",\"url\":\"https:\\\/\\\/www.concert-hosteldieu.com\\\/\",\"name\":\"Le Concert de l&#039;Hostel Dieu\",\"description\":\"Franck-Emmanuel Comte\",\"publisher\":{\"@id\":\"https:\\\/\\\/www.concert-hosteldieu.com\\\/#organization\"},\"potentialAction\":[{\"@type\":\"SearchAction\",\"target\":{\"@type\":\"EntryPoint\",\"urlTemplate\":\"https:\\\/\\\/www.concert-hosteldieu.com\\\/?s={search_term_string}\"},\"query-input\":{\"@type\":\"PropertyValueSpecification\",\"valueRequired\":true,\"valueName\":\"search_term_string\"}}],\"inLanguage\":\"en-GB\"},{\"@type\":\"Organization\",\"@id\":\"https:\\\/\\\/www.concert-hosteldieu.com\\\/#organization\",\"name\":\"Le Concert de l'Hostel Dieu\",\"url\":\"https:\\\/\\\/www.concert-hosteldieu.com\\\/\",\"logo\":{\"@type\":\"ImageObject\",\"inLanguage\":\"en-GB\",\"@id\":\"https:\\\/\\\/www.concert-hosteldieu.com\\\/#\\\/schema\\\/logo\\\/image\\\/\",\"url\":\"https:\\\/\\\/www.concert-hosteldieu.com\\\/wp-content\\\/uploads\\\/2021\\\/06\\\/logo-chd-noir-transparent.png\",\"contentUrl\":\"https:\\\/\\\/www.concert-hosteldieu.com\\\/wp-content\\\/uploads\\\/2021\\\/06\\\/logo-chd-noir-transparent.png\",\"width\":262,\"height\":106,\"caption\":\"Le Concert de l'Hostel Dieu\"},\"image\":{\"@id\":\"https:\\\/\\\/www.concert-hosteldieu.com\\\/#\\\/schema\\\/logo\\\/image\\\/\"},\"sameAs\":[\"https:\\\/\\\/www.facebook.com\\\/leconcert.delhosteldieu\",\"https:\\\/\\\/x.com\\\/CHDLyon\",\"https:\\\/\\\/instagram.com\\\/concert_hostel_dieu\",\"https:\\\/\\\/www.linkedin.com\\\/company\\\/le-concert-de-l'hostel-dieu\\\/\",\"https:\\\/\\\/www.youtube.com\\\/user\\\/CHDLyon\"]}]}<\/script>\n<!-- \/ Yoast SEO plugin. -->","yoast_head_json":{"title":"Gwendoline Blondeel - Le Concert de l&#039;Hostel Dieu","robots":{"index":"index","follow":"follow","max-snippet":"max-snippet:-1","max-image-preview":"max-image-preview:large","max-video-preview":"max-video-preview:-1"},"canonical":"https:\/\/www.concert-hosteldieu.com\/en\/nos-artistes-invites\/gwendoline-blondeel\/","og_locale":"en_GB","og_type":"article","og_title":"Gwendoline Blondeel - Le Concert de l&#039;Hostel Dieu","og_description":"Gwendoline Blondeel Soprano Gwendoline Blondeel est soliste de l&rsquo;acad\u00e9mie de la Monnaie depuis 2018. En 2019, elle obtient son Master en chant lyrique \u00e0 l&rsquo;IMEP avec grande distinction. La m\u00eame ann\u00e9e, elle gagne le cinqui\u00e8me Prix, le Prix du public [&hellip;]","og_url":"https:\/\/www.concert-hosteldieu.com\/en\/nos-artistes-invites\/gwendoline-blondeel\/","og_site_name":"Le Concert de l&#039;Hostel Dieu","article_publisher":"https:\/\/www.facebook.com\/leconcert.delhosteldieu","article_modified_time":"2022-08-10T14:52:09+00:00","og_image":[{"width":1667,"height":1250,"url":"https:\/\/www.concert-hosteldieu.com\/wp-content\/uploads\/2021\/07\/BLONDEEL.jpg","type":"image\/jpeg"}],"twitter_misc":{"Estimated reading time":"2 minutes"},"schema":{"@context":"https:\/\/schema.org","@graph":[{"@type":"WebPage","@id":"https:\/\/www.concert-hosteldieu.com\/en\/nos-artistes-invites\/gwendoline-blondeel\/","url":"https:\/\/www.concert-hosteldieu.com\/en\/nos-artistes-invites\/gwendoline-blondeel\/","name":"Gwendoline Blondeel - Le Concert de l&#039;Hostel Dieu","isPartOf":{"@id":"https:\/\/www.concert-hosteldieu.com\/#website"},"primaryImageOfPage":{"@id":"https:\/\/www.concert-hosteldieu.com\/en\/nos-artistes-invites\/gwendoline-blondeel\/#primaryimage"},"image":{"@id":"https:\/\/www.concert-hosteldieu.com\/en\/nos-artistes-invites\/gwendoline-blondeel\/#primaryimage"},"thumbnailUrl":"https:\/\/www.concert-hosteldieu.com\/wp-content\/uploads\/2021\/07\/BLONDEEL.jpg","datePublished":"2021-07-05T14:38:19+00:00","dateModified":"2022-08-10T14:52:09+00:00","breadcrumb":{"@id":"https:\/\/www.concert-hosteldieu.com\/en\/nos-artistes-invites\/gwendoline-blondeel\/#breadcrumb"},"inLanguage":"en-GB","potentialAction":[{"@type":"ReadAction","target":["https:\/\/www.concert-hosteldieu.com\/en\/nos-artistes-invites\/gwendoline-blondeel\/"]}]},{"@type":"ImageObject","inLanguage":"en-GB","@id":"https:\/\/www.concert-hosteldieu.com\/en\/nos-artistes-invites\/gwendoline-blondeel\/#primaryimage","url":"https:\/\/www.concert-hosteldieu.com\/wp-content\/uploads\/2021\/07\/BLONDEEL.jpg","contentUrl":"https:\/\/www.concert-hosteldieu.com\/wp-content\/uploads\/2021\/07\/BLONDEEL.jpg","width":1667,"height":1250},{"@type":"BreadcrumbList","@id":"https:\/\/www.concert-hosteldieu.com\/en\/nos-artistes-invites\/gwendoline-blondeel\/#breadcrumb","itemListElement":[{"@type":"ListItem","position":1,"name":"Accueil","item":"https:\/\/www.concert-hosteldieu.com\/"},{"@type":"ListItem","position":2,"name":"Nos artistes invit\u00e9s","item":"https:\/\/www.concert-hosteldieu.com\/nos-artistes-invites\/"},{"@type":"ListItem","position":3,"name":"Gwendoline Blondeel"}]},{"@type":"WebSite","@id":"https:\/\/www.concert-hosteldieu.com\/#website","url":"https:\/\/www.concert-hosteldieu.com\/","name":"Le Concert de l&#039;Hostel Dieu","description":"Franck-Emmanuel Comte","publisher":{"@id":"https:\/\/www.concert-hosteldieu.com\/#organization"},"potentialAction":[{"@type":"SearchAction","target":{"@type":"EntryPoint","urlTemplate":"https:\/\/www.concert-hosteldieu.com\/?s={search_term_string}"},"query-input":{"@type":"PropertyValueSpecification","valueRequired":true,"valueName":"search_term_string"}}],"inLanguage":"en-GB"},{"@type":"Organization","@id":"https:\/\/www.concert-hosteldieu.com\/#organization","name":"Le Concert de l'Hostel Dieu","url":"https:\/\/www.concert-hosteldieu.com\/","logo":{"@type":"ImageObject","inLanguage":"en-GB","@id":"https:\/\/www.concert-hosteldieu.com\/#\/schema\/logo\/image\/","url":"https:\/\/www.concert-hosteldieu.com\/wp-content\/uploads\/2021\/06\/logo-chd-noir-transparent.png","contentUrl":"https:\/\/www.concert-hosteldieu.com\/wp-content\/uploads\/2021\/06\/logo-chd-noir-transparent.png","width":262,"height":106,"caption":"Le Concert de l'Hostel Dieu"},"image":{"@id":"https:\/\/www.concert-hosteldieu.com\/#\/schema\/logo\/image\/"},"sameAs":["https:\/\/www.facebook.com\/leconcert.delhosteldieu","https:\/\/x.com\/CHDLyon","https:\/\/instagram.com\/concert_hostel_dieu","https:\/\/www.linkedin.com\/company\/le-concert-de-l'hostel-dieu\/","https:\/\/www.youtube.com\/user\/CHDLyon"]}]}},"_links":{"self":[{"href":"https:\/\/www.concert-hosteldieu.com\/en\/wp-json\/wp\/v2\/pages\/14308","targetHints":{"allow":["GET"]}}],"collection":[{"href":"https:\/\/www.concert-hosteldieu.com\/en\/wp-json\/wp\/v2\/pages"}],"about":[{"href":"https:\/\/www.concert-hosteldieu.com\/en\/wp-json\/wp\/v2\/types\/page"}],"author":[{"embeddable":true,"href":"https:\/\/www.concert-hosteldieu.com\/en\/wp-json\/wp\/v2\/users\/2776"}],"replies":[{"embeddable":true,"href":"https:\/\/www.concert-hosteldieu.com\/en\/wp-json\/wp\/v2\/comments?post=14308"}],"version-history":[{"count":1,"href":"https:\/\/www.concert-hosteldieu.com\/en\/wp-json\/wp\/v2\/pages\/14308\/revisions"}],"predecessor-version":[{"id":18396,"href":"https:\/\/www.concert-hosteldieu.com\/en\/wp-json\/wp\/v2\/pages\/14308\/revisions\/18396"}],"up":[{"embeddable":true,"href":"https:\/\/www.concert-hosteldieu.com\/en\/wp-json\/wp\/v2\/pages\/12628"}],"wp:featuredmedia":[{"embeddable":true,"href":"https:\/\/www.concert-hosteldieu.com\/en\/wp-json\/wp\/v2\/media\/14311"}],"wp:attachment":[{"href":"https:\/\/www.concert-hosteldieu.com\/en\/wp-json\/wp\/v2\/media?parent=14308"}],"wp:term":[{"taxonomy":"category","embeddable":true,"href":"https:\/\/www.concert-hosteldieu.com\/en\/wp-json\/wp\/v2\/categories?post=14308"},{"taxonomy":"post_tag","embeddable":true,"href":"https:\/\/www.concert-hosteldieu.com\/en\/wp-json\/wp\/v2\/tags?post=14308"}],"curies":[{"name":"wp","href":"https:\/\/api.w.org\/{rel}","templated":true}]}}