{"id":14268,"date":"2021-07-05T14:17:32","date_gmt":"2021-07-05T13:17:32","guid":{"rendered":"https:\/\/dev.concert-hosteldieu.com\/?page_id=14268"},"modified":"2026-01-09T12:46:49","modified_gmt":"2026-01-09T11:46:49","slug":"heather-newhouse","status":"publish","type":"page","link":"https:\/\/www.concert-hosteldieu.com\/en\/nos-artistes-invites\/heather-newhouse\/","title":{"rendered":"Heather Newhouse"},"content":{"rendered":"<h2>Heather Newhouse<\/h2>\r\n<h4>Soprano<\/h4>\r\n<p class=\"translation-block\">Canadian soprano, Heather Newhouse, studied with Kevin McMillan at the University of Western Ontario, Canada where she completed a Bachelor of Music in Voice Performance with honours and received the gold medal. In 2006, she completed a Master of Music at the Guildhall School of Music and Drama in London. In 2006, she moved to France to pursue further training at the Conservatoire National Sup\u00e9rieur de Musique et Danse de Lyon where she studied with Brain Parsons. She has since continued to study voice with C\u00e9cile De Boever and Susan McCulloch. In 2010, she participated in the summer academy at the Festival d'Aix-en- Provence. In 2012 she was awarded First Prize at the Concours international de chant baroque in Froville and Second Prize at the Concours international de M\u00e2con. From 2011 to 2013 she was a member of the Opera Studio at the Op\u00e9ra National de Lyon, working closely with Jean-Paul Fouch\u00e9court. She performed in numerous productions : <em>Die Zauberfl\u00f6te<\/em> (Pamina) with Stefano Montanari, <em>Parsifal<\/em> (Blumenm\u00e4dchen) and <em>The Turn of the Screw<\/em> (Governess) with Kazushi Ono.<\/p>\r\n<p class=\"translation-block\">Following the opera studio, Heather pursues an international career, in operatic and concert repertoire. She has performed: Mozart\u2019s <em>Der Schauspieldirektor<\/em> (Mlle Silberklang) with Leonardo Garcia Alarcon and the Orchestre de Chambre de Gen\u00e8ve, Britten\u2019s <em>The Turn of the Screw<\/em> (Governess) with the late Patrick Davin at the Op\u00e9ra du Rhin, <em>L\u2019Europe galante<\/em> (C\u00e9phise) by Campra with Les Nouveaux Caract\u00e8res, directed by S\u00e9bastien d\u2019H\u00e9rin at the Op\u00e9ra de Versailles, Berio <em>Folk Songs<\/em> with Patrick Davin and the Orchestre Symphonique de Mulhouse, <em>Quatre Jeunes Filles<\/em> by Edison Denisov with Daniel Kawka at the festival Printemps des Arts de Monte-Carlo. In Canada, she sang Mozart\u2019s <em>Requiem<\/em> with l\u2019Orchestre Symphonique de Montr\u00e9al conducted by Herv\u00e9 Niquet. She sang Monteverdi\u2019s Vespro della <em>Beata Vergine<\/em> with Ensemble Aedes (Mathieu Romani) conducted by Pablo Heras-Casado at the Melk Abbey in Austria, Charpentier\u2019s <em>Litanies de la Vierge<\/em> with Ensemble Correspondances, S\u00e9bastien Dauc\u00e9. She returned to Montreal to sing with Arion Baroque, Mathieu Lussier, for a recital of <em>French women Baroque composers and Rameau arias<\/em>. She sang Grieg\u2019s <em>Peer Gynt<\/em> (village girl) with Elena Schwarz at the Op\u00e9ra de  Lyon.<\/p>\r\n<p class=\"translation-block\">Heather works closely with two Baroque ensembles: Ausonia and Le Concert de l\u2019Hostel Dieu. Ensemble Ausonia, musical director Fr\u00e9d\u00e9rick Haas, has invited Heather for productions such as: Bach \u2013 <em>Kapellmeister &amp; Cantor<\/em>, a concert of excerpts from <em>Hippolyte et Aricie<\/em> by Rameau, a co-production with Les Festivals de Wallonies <em>Combattimento<\/em> \u2013 a concert that features Monteverdi\u2019s great madrigal as well as <em>Tomoe<\/em>, a new composition by Claude Ledoux. This innovative production toured in Belgium with their most recent performance at Bozar theater in Bruxelles.<\/p>\r\n<p class=\"translation-block\">Le Concert de l\u2019Hostel Dieu, musical direction Franck-Emmanuel Comte, has collaborated with Heather for productions such as: Pergolesi\u2019s <em>Stabat Mater<\/em>, a <em>Mozart solo recital<\/em>, given at the prestigious Lyon Amphith\u00e9\u00e2tre, <em>La Donna Barocca<\/em> a recital programme dedicated to Italian women Baroque composers, and <em>Folia<\/em> premiered in 2018 for festival Nuits de Fourvi\u00e8re in Lyon. <em>Folia<\/em> is a dance creation by Mourad Merzouki, a fusion of Baroque music and hip-hop dance in which she sings neapolitan folksongs and Vivaldi arias with a very engaging staging for the singer. With already 100 shows performed, Folia has toured in many prestigious European theaters : th\u00e9\u00e2tre 13\u00e8me Art in Paris, Z\u00e9nith de Limoges - Festival 1001 notes, Theaterhaus Stuttgart - Coloris International Dance Festival, the Corum Opera in Montpellier, the Op\u00e9ra Grand d\u2019Avignon, Moscow International Theatre Festival, Festival dei due Mondi in Spoleto, Vaison- la-Romaine amphitheater.<\/p>\r\n<h4>Portrait d&rsquo;artiste<\/h4>\r\n<h4>Heather Newhouse &#8211; L&rsquo;Eraclito amoroso (Barbara Strozzi)<\/h4>\r\n<h4>Meet Heather Newhouse in:<\/h4>\r\n<p><a title=\"Dolce Follia\" href=\"https:\/\/www.concert-hosteldieu.com\/en\/nos-projets-en-tournee\/dolce-follia\/\" target=\"_self\"> <img decoding=\"async\" src=\"https:\/\/www.concert-hosteldieu.com\/wp-content\/uploads\/2021\/06\/concert-hostel-dieu-dolce-follia-credit-julie-cherki.jpg\" alt=\"Le projet en tourn\u00e9e Dolce Follia\" \/> <\/a><\/p>\r\n<h3><a tabindex=\"0\" title=\"Dolce Follia\" href=\"https:\/\/www.concert-hosteldieu.com\/en\/nos-projets-en-tournee\/dolce-follia\/\">Dolce Follia<\/a><\/h3>\r\n<p><a title=\"The feminine baroque\" href=\"https:\/\/www.concert-hosteldieu.com\/en\/nos-projets-en-tournee\/baroque-au-feminin-2\/\" target=\"_self\"> <img decoding=\"async\" src=\"https:\/\/www.concert-hosteldieu.com\/wp-content\/uploads\/2021\/06\/concert-hostel-dieu-baroque-au-feminin-a-cinq-credit-Julie-Cherki-5-hd.jpg\" alt=\"Les musiciens et la soliste de La Donna Barocca\" \/> <\/a><\/p>\r\n<h3><a tabindex=\"0\" title=\"The feminine baroque\" href=\"https:\/\/www.concert-hosteldieu.com\/en\/nos-projets-en-tournee\/baroque-au-feminin-2\/\">The feminine baroque<\/a><\/h3>\r\n<p><a title=\"Folia\" href=\"https:\/\/www.concert-hosteldieu.com\/en\/nos-projets-en-tournee\/folia\/\" target=\"_self\"> <img decoding=\"async\" src=\"https:\/\/www.concert-hosteldieu.com\/wp-content\/uploads\/2021\/06\/folia-concert-hostel-dieu-merzouki-credit-julie-cherki-128.jpg\" alt=\"Le projet en tourn\u00e9e Folia par Mourad Merzouki et Le Concert de l'Hostel Dieu\" \/> <\/a><\/p>\r\n<h3><a tabindex=\"0\" title=\"Folia\" href=\"https:\/\/www.concert-hosteldieu.com\/en\/nos-projets-en-tournee\/folia\/\">Folia<\/a><\/h3>\r\n<p><a title=\"No\u00ebl napolitain\" href=\"https:\/\/www.concert-hosteldieu.com\/en\/agenda\/noel-napolitain\/\" target=\"_self\"> <img decoding=\"async\" src=\"https:\/\/www.concert-hosteldieu.com\/wp-content\/uploads\/2023\/05\/noel.png\" alt=\"\" \/> <\/a><\/p>\r\n<h3><a tabindex=\"0\" title=\"No\u00ebl napolitain\" href=\"https:\/\/www.concert-hosteldieu.com\/en\/agenda\/noel-napolitain\/\">No\u00ebl napolitain<\/a><\/h3>","protected":false},"excerpt":{"rendered":"<p>Heather Newhouse Soprano Originaire du Canada, Heather Newhouse \u00e9tudie le chant \u00e0 l&rsquo;Universit\u00e9 du Western Ontario, o\u00f9 elle obtient son Bachelor of Music en 2005. En 2006, elle passe son Master of Music \u00e0 la Guildhall School de Londres. Elle [&hellip;]<\/p>\n","protected":false},"author":2776,"featured_media":23001,"parent":12628,"menu_order":0,"comment_status":"closed","ping_status":"closed","template":"","meta":{"site-sidebar-layout":"no-sidebar","site-content-layout":"page-builder","ast-site-content-layout":"full-width-container","site-content-style":"unboxed","site-sidebar-style":"unboxed","ast-global-header-display":"","ast-banner-title-visibility":"","ast-main-header-display":"","ast-hfb-above-header-display":"","ast-hfb-below-header-display":"","ast-hfb-mobile-header-display":"","site-post-title":"disabled","ast-breadcrumbs-content":"","ast-featured-img":"disabled","footer-sml-layout":"","ast-disable-related-posts":"","theme-transparent-header-meta":"enabled","adv-header-id-meta":"","stick-header-meta":"default","header-above-stick-meta":"","header-main-stick-meta":"","header-below-stick-meta":"","astra-migrate-meta-layouts":"set","ast-page-background-enabled":"default","ast-page-background-meta":{"desktop":{"background-color":"","background-image":"","background-repeat":"repeat","background-position":"center center","background-size":"auto","background-attachment":"scroll","background-type":"","background-media":"","overlay-type":"","overlay-color":"","overlay-opacity":"","overlay-gradient":""},"tablet":{"background-color":"","background-image":"","background-repeat":"repeat","background-position":"center center","background-size":"auto","background-attachment":"scroll","background-type":"","background-media":"","overlay-type":"","overlay-color":"","overlay-opacity":"","overlay-gradient":""},"mobile":{"background-color":"","background-image":"","background-repeat":"repeat","background-position":"center center","background-size":"auto","background-attachment":"scroll","background-type":"","background-media":"","overlay-type":"","overlay-color":"","overlay-opacity":"","overlay-gradient":""}},"ast-content-background-meta":{"desktop":{"background-color":"var(--ast-global-color-5)","background-image":"","background-repeat":"repeat","background-position":"center center","background-size":"auto","background-attachment":"scroll","background-type":"","background-media":"","overlay-type":"","overlay-color":"","overlay-opacity":"","overlay-gradient":""},"tablet":{"background-color":"var(--ast-global-color-5)","background-image":"","background-repeat":"repeat","background-position":"center center","background-size":"auto","background-attachment":"scroll","background-type":"","background-media":"","overlay-type":"","overlay-color":"","overlay-opacity":"","overlay-gradient":""},"mobile":{"background-color":"var(--ast-global-color-5)","background-image":"","background-repeat":"repeat","background-position":"center center","background-size":"auto","background-attachment":"scroll","background-type":"","background-media":"","overlay-type":"","overlay-color":"","overlay-opacity":"","overlay-gradient":""}},"footnotes":""},"categories":[169,171],"tags":[],"class_list":["post-14268","page","type-page","status-publish","has-post-thumbnail","hentry","category-equipe-artistique","category-nosartistesinvites"],"yoast_head":"<!-- This site is optimized with the Yoast SEO plugin v27.5 - https:\/\/yoast.com\/product\/yoast-seo-wordpress\/ -->\n<title>Heather Newhouse - Le Concert de l&#039;Hostel Dieu<\/title>\n<meta name=\"description\" content=\"Le Concert de l&#039;Hostel Dieu et la soprano Heather Newhouse collaborent r\u00e9guli\u00e8rement pour des projets tels que Dolce Follia et Folia\" \/>\n<meta name=\"robots\" content=\"index, follow, max-snippet:-1, max-image-preview:large, max-video-preview:-1\" \/>\n<link rel=\"canonical\" href=\"https:\/\/www.concert-hosteldieu.com\/en\/nos-artistes-invites\/heather-newhouse\/\" \/>\n<meta property=\"og:locale\" content=\"en_GB\" \/>\n<meta property=\"og:type\" content=\"article\" \/>\n<meta property=\"og:title\" content=\"Heather Newhouse - Le Concert de l&#039;Hostel Dieu\" \/>\n<meta property=\"og:description\" content=\"Le Concert de l&#039;Hostel Dieu et la soprano Heather Newhouse collaborent r\u00e9guli\u00e8rement pour des projets tels que Dolce Follia et Folia\" \/>\n<meta property=\"og:url\" content=\"https:\/\/www.concert-hosteldieu.com\/en\/nos-artistes-invites\/heather-newhouse\/\" \/>\n<meta property=\"og:site_name\" content=\"Le Concert de l&#039;Hostel Dieu\" \/>\n<meta property=\"article:publisher\" content=\"https:\/\/www.facebook.com\/leconcert.delhosteldieu\" \/>\n<meta property=\"article:modified_time\" content=\"2026-01-09T11:46:49+00:00\" \/>\n<meta property=\"og:image\" content=\"https:\/\/www.concert-hosteldieu.com\/wp-content\/uploads\/2025\/02\/Heather-Newhouse.jpg\" \/>\n\t<meta property=\"og:image:width\" content=\"1920\" \/>\n\t<meta property=\"og:image:height\" content=\"1280\" \/>\n\t<meta property=\"og:image:type\" content=\"image\/jpeg\" \/>\n<meta name=\"twitter:label1\" content=\"Estimated reading time\" \/>\n\t<meta name=\"twitter:data1\" content=\"4 minutes\" \/>\n<script type=\"application\/ld+json\" class=\"yoast-schema-graph\">{\"@context\":\"https:\\\/\\\/schema.org\",\"@graph\":[{\"@type\":\"WebPage\",\"@id\":\"https:\\\/\\\/www.concert-hosteldieu.com\\\/nos-artistes-invites\\\/heather-newhouse\\\/\",\"url\":\"https:\\\/\\\/www.concert-hosteldieu.com\\\/nos-artistes-invites\\\/heather-newhouse\\\/\",\"name\":\"Heather Newhouse - Le Concert de l&#039;Hostel Dieu\",\"isPartOf\":{\"@id\":\"https:\\\/\\\/www.concert-hosteldieu.com\\\/#website\"},\"primaryImageOfPage\":{\"@id\":\"https:\\\/\\\/www.concert-hosteldieu.com\\\/nos-artistes-invites\\\/heather-newhouse\\\/#primaryimage\"},\"image\":{\"@id\":\"https:\\\/\\\/www.concert-hosteldieu.com\\\/nos-artistes-invites\\\/heather-newhouse\\\/#primaryimage\"},\"thumbnailUrl\":\"https:\\\/\\\/www.concert-hosteldieu.com\\\/wp-content\\\/uploads\\\/2025\\\/02\\\/Heather-Newhouse.jpg\",\"datePublished\":\"2021-07-05T13:17:32+00:00\",\"dateModified\":\"2026-01-09T11:46:49+00:00\",\"description\":\"Le Concert de l'Hostel Dieu et la soprano Heather Newhouse collaborent r\u00e9guli\u00e8rement pour des projets tels que Dolce Follia et Folia\",\"breadcrumb\":{\"@id\":\"https:\\\/\\\/www.concert-hosteldieu.com\\\/nos-artistes-invites\\\/heather-newhouse\\\/#breadcrumb\"},\"inLanguage\":\"en-GB\",\"potentialAction\":[{\"@type\":\"ReadAction\",\"target\":[\"https:\\\/\\\/www.concert-hosteldieu.com\\\/nos-artistes-invites\\\/heather-newhouse\\\/\"]}]},{\"@type\":\"ImageObject\",\"inLanguage\":\"en-GB\",\"@id\":\"https:\\\/\\\/www.concert-hosteldieu.com\\\/nos-artistes-invites\\\/heather-newhouse\\\/#primaryimage\",\"url\":\"https:\\\/\\\/www.concert-hosteldieu.com\\\/wp-content\\\/uploads\\\/2025\\\/02\\\/Heather-Newhouse.jpg\",\"contentUrl\":\"https:\\\/\\\/www.concert-hosteldieu.com\\\/wp-content\\\/uploads\\\/2025\\\/02\\\/Heather-Newhouse.jpg\",\"width\":1920,\"height\":1280},{\"@type\":\"BreadcrumbList\",\"@id\":\"https:\\\/\\\/www.concert-hosteldieu.com\\\/nos-artistes-invites\\\/heather-newhouse\\\/#breadcrumb\",\"itemListElement\":[{\"@type\":\"ListItem\",\"position\":1,\"name\":\"Accueil\",\"item\":\"https:\\\/\\\/www.concert-hosteldieu.com\\\/\"},{\"@type\":\"ListItem\",\"position\":2,\"name\":\"Nos artistes invit\u00e9s\",\"item\":\"https:\\\/\\\/www.concert-hosteldieu.com\\\/nos-artistes-invites\\\/\"},{\"@type\":\"ListItem\",\"position\":3,\"name\":\"Heather Newhouse\"}]},{\"@type\":\"WebSite\",\"@id\":\"https:\\\/\\\/www.concert-hosteldieu.com\\\/#website\",\"url\":\"https:\\\/\\\/www.concert-hosteldieu.com\\\/\",\"name\":\"Le Concert de l&#039;Hostel Dieu\",\"description\":\"Franck-Emmanuel Comte\",\"publisher\":{\"@id\":\"https:\\\/\\\/www.concert-hosteldieu.com\\\/#organization\"},\"potentialAction\":[{\"@type\":\"SearchAction\",\"target\":{\"@type\":\"EntryPoint\",\"urlTemplate\":\"https:\\\/\\\/www.concert-hosteldieu.com\\\/?s={search_term_string}\"},\"query-input\":{\"@type\":\"PropertyValueSpecification\",\"valueRequired\":true,\"valueName\":\"search_term_string\"}}],\"inLanguage\":\"en-GB\"},{\"@type\":\"Organization\",\"@id\":\"https:\\\/\\\/www.concert-hosteldieu.com\\\/#organization\",\"name\":\"Le Concert de l'Hostel Dieu\",\"url\":\"https:\\\/\\\/www.concert-hosteldieu.com\\\/\",\"logo\":{\"@type\":\"ImageObject\",\"inLanguage\":\"en-GB\",\"@id\":\"https:\\\/\\\/www.concert-hosteldieu.com\\\/#\\\/schema\\\/logo\\\/image\\\/\",\"url\":\"https:\\\/\\\/www.concert-hosteldieu.com\\\/wp-content\\\/uploads\\\/2021\\\/06\\\/logo-chd-noir-transparent.png\",\"contentUrl\":\"https:\\\/\\\/www.concert-hosteldieu.com\\\/wp-content\\\/uploads\\\/2021\\\/06\\\/logo-chd-noir-transparent.png\",\"width\":262,\"height\":106,\"caption\":\"Le Concert de l'Hostel Dieu\"},\"image\":{\"@id\":\"https:\\\/\\\/www.concert-hosteldieu.com\\\/#\\\/schema\\\/logo\\\/image\\\/\"},\"sameAs\":[\"https:\\\/\\\/www.facebook.com\\\/leconcert.delhosteldieu\",\"https:\\\/\\\/x.com\\\/CHDLyon\",\"https:\\\/\\\/instagram.com\\\/concert_hostel_dieu\",\"https:\\\/\\\/www.linkedin.com\\\/company\\\/le-concert-de-l'hostel-dieu\\\/\",\"https:\\\/\\\/www.youtube.com\\\/user\\\/CHDLyon\"]}]}<\/script>\n<!-- \/ Yoast SEO plugin. -->","yoast_head_json":{"title":"Heather Newhouse - Le Concert de l&#039;Hostel Dieu","description":"Le Concert de l'Hostel Dieu et la soprano Heather Newhouse collaborent r\u00e9guli\u00e8rement pour des projets tels que Dolce Follia et Folia","robots":{"index":"index","follow":"follow","max-snippet":"max-snippet:-1","max-image-preview":"max-image-preview:large","max-video-preview":"max-video-preview:-1"},"canonical":"https:\/\/www.concert-hosteldieu.com\/en\/nos-artistes-invites\/heather-newhouse\/","og_locale":"en_GB","og_type":"article","og_title":"Heather Newhouse - Le Concert de l&#039;Hostel Dieu","og_description":"Le Concert de l'Hostel Dieu et la soprano Heather Newhouse collaborent r\u00e9guli\u00e8rement pour des projets tels que Dolce Follia et Folia","og_url":"https:\/\/www.concert-hosteldieu.com\/en\/nos-artistes-invites\/heather-newhouse\/","og_site_name":"Le Concert de l&#039;Hostel Dieu","article_publisher":"https:\/\/www.facebook.com\/leconcert.delhosteldieu","article_modified_time":"2026-01-09T11:46:49+00:00","og_image":[{"width":1920,"height":1280,"url":"https:\/\/www.concert-hosteldieu.com\/wp-content\/uploads\/2025\/02\/Heather-Newhouse.jpg","type":"image\/jpeg"}],"twitter_misc":{"Estimated reading time":"4 minutes"},"schema":{"@context":"https:\/\/schema.org","@graph":[{"@type":"WebPage","@id":"https:\/\/www.concert-hosteldieu.com\/nos-artistes-invites\/heather-newhouse\/","url":"https:\/\/www.concert-hosteldieu.com\/nos-artistes-invites\/heather-newhouse\/","name":"Heather Newhouse - Le Concert de l&#039;Hostel Dieu","isPartOf":{"@id":"https:\/\/www.concert-hosteldieu.com\/#website"},"primaryImageOfPage":{"@id":"https:\/\/www.concert-hosteldieu.com\/nos-artistes-invites\/heather-newhouse\/#primaryimage"},"image":{"@id":"https:\/\/www.concert-hosteldieu.com\/nos-artistes-invites\/heather-newhouse\/#primaryimage"},"thumbnailUrl":"https:\/\/www.concert-hosteldieu.com\/wp-content\/uploads\/2025\/02\/Heather-Newhouse.jpg","datePublished":"2021-07-05T13:17:32+00:00","dateModified":"2026-01-09T11:46:49+00:00","description":"Le Concert de l'Hostel Dieu et la soprano Heather Newhouse collaborent r\u00e9guli\u00e8rement pour des projets tels que Dolce Follia et Folia","breadcrumb":{"@id":"https:\/\/www.concert-hosteldieu.com\/nos-artistes-invites\/heather-newhouse\/#breadcrumb"},"inLanguage":"en-GB","potentialAction":[{"@type":"ReadAction","target":["https:\/\/www.concert-hosteldieu.com\/nos-artistes-invites\/heather-newhouse\/"]}]},{"@type":"ImageObject","inLanguage":"en-GB","@id":"https:\/\/www.concert-hosteldieu.com\/nos-artistes-invites\/heather-newhouse\/#primaryimage","url":"https:\/\/www.concert-hosteldieu.com\/wp-content\/uploads\/2025\/02\/Heather-Newhouse.jpg","contentUrl":"https:\/\/www.concert-hosteldieu.com\/wp-content\/uploads\/2025\/02\/Heather-Newhouse.jpg","width":1920,"height":1280},{"@type":"BreadcrumbList","@id":"https:\/\/www.concert-hosteldieu.com\/nos-artistes-invites\/heather-newhouse\/#breadcrumb","itemListElement":[{"@type":"ListItem","position":1,"name":"Accueil","item":"https:\/\/www.concert-hosteldieu.com\/"},{"@type":"ListItem","position":2,"name":"Nos artistes invit\u00e9s","item":"https:\/\/www.concert-hosteldieu.com\/nos-artistes-invites\/"},{"@type":"ListItem","position":3,"name":"Heather Newhouse"}]},{"@type":"WebSite","@id":"https:\/\/www.concert-hosteldieu.com\/#website","url":"https:\/\/www.concert-hosteldieu.com\/","name":"Le Concert de l&#039;Hostel Dieu","description":"Franck-Emmanuel Comte","publisher":{"@id":"https:\/\/www.concert-hosteldieu.com\/#organization"},"potentialAction":[{"@type":"SearchAction","target":{"@type":"EntryPoint","urlTemplate":"https:\/\/www.concert-hosteldieu.com\/?s={search_term_string}"},"query-input":{"@type":"PropertyValueSpecification","valueRequired":true,"valueName":"search_term_string"}}],"inLanguage":"en-GB"},{"@type":"Organization","@id":"https:\/\/www.concert-hosteldieu.com\/#organization","name":"Le Concert de l'Hostel Dieu","url":"https:\/\/www.concert-hosteldieu.com\/","logo":{"@type":"ImageObject","inLanguage":"en-GB","@id":"https:\/\/www.concert-hosteldieu.com\/#\/schema\/logo\/image\/","url":"https:\/\/www.concert-hosteldieu.com\/wp-content\/uploads\/2021\/06\/logo-chd-noir-transparent.png","contentUrl":"https:\/\/www.concert-hosteldieu.com\/wp-content\/uploads\/2021\/06\/logo-chd-noir-transparent.png","width":262,"height":106,"caption":"Le Concert de l'Hostel Dieu"},"image":{"@id":"https:\/\/www.concert-hosteldieu.com\/#\/schema\/logo\/image\/"},"sameAs":["https:\/\/www.facebook.com\/leconcert.delhosteldieu","https:\/\/x.com\/CHDLyon","https:\/\/instagram.com\/concert_hostel_dieu","https:\/\/www.linkedin.com\/company\/le-concert-de-l'hostel-dieu\/","https:\/\/www.youtube.com\/user\/CHDLyon"]}]}},"_links":{"self":[{"href":"https:\/\/www.concert-hosteldieu.com\/en\/wp-json\/wp\/v2\/pages\/14268","targetHints":{"allow":["GET"]}}],"collection":[{"href":"https:\/\/www.concert-hosteldieu.com\/en\/wp-json\/wp\/v2\/pages"}],"about":[{"href":"https:\/\/www.concert-hosteldieu.com\/en\/wp-json\/wp\/v2\/types\/page"}],"author":[{"embeddable":true,"href":"https:\/\/www.concert-hosteldieu.com\/en\/wp-json\/wp\/v2\/users\/2776"}],"replies":[{"embeddable":true,"href":"https:\/\/www.concert-hosteldieu.com\/en\/wp-json\/wp\/v2\/comments?post=14268"}],"version-history":[{"count":5,"href":"https:\/\/www.concert-hosteldieu.com\/en\/wp-json\/wp\/v2\/pages\/14268\/revisions"}],"predecessor-version":[{"id":23000,"href":"https:\/\/www.concert-hosteldieu.com\/en\/wp-json\/wp\/v2\/pages\/14268\/revisions\/23000"}],"up":[{"embeddable":true,"href":"https:\/\/www.concert-hosteldieu.com\/en\/wp-json\/wp\/v2\/pages\/12628"}],"wp:featuredmedia":[{"embeddable":true,"href":"https:\/\/www.concert-hosteldieu.com\/en\/wp-json\/wp\/v2\/media\/23001"}],"wp:attachment":[{"href":"https:\/\/www.concert-hosteldieu.com\/en\/wp-json\/wp\/v2\/media?parent=14268"}],"wp:term":[{"taxonomy":"category","embeddable":true,"href":"https:\/\/www.concert-hosteldieu.com\/en\/wp-json\/wp\/v2\/categories?post=14268"},{"taxonomy":"post_tag","embeddable":true,"href":"https:\/\/www.concert-hosteldieu.com\/en\/wp-json\/wp\/v2\/tags?post=14268"}],"curies":[{"name":"wp","href":"https:\/\/api.w.org\/{rel}","templated":true}]}}