{"id":14255,"date":"2021-07-05T13:21:21","date_gmt":"2021-07-05T12:21:21","guid":{"rendered":"https:\/\/dev.concert-hosteldieu.com\/?page_id=14255"},"modified":"2022-08-10T15:43:24","modified_gmt":"2022-08-10T14:43:24","slug":"giuseppina-bridelli","status":"publish","type":"page","link":"https:\/\/www.concert-hosteldieu.com\/en\/nos-artistes-invites\/giuseppina-bridelli\/","title":{"rendered":"Giuseppina Bridelli"},"content":{"rendered":"<h2>\n\t\t\t\tGiuseppina Bridelli\n\t\t\t<\/h2>\n\t\t\t<h4>Mezzo soprano<\/h4>\t\n\t<p class=\"translation-block\">Pupil of Scuola dell\u2019Opera Italiana in Bologna under the direction of M. Mariotti, J. Cura or R. Abbado, Giuseppina Bridelli interprated several repertoire characters (Cenerentola, Le Turc en Italie, Le Voyage \u00e0 Reims\u2026) but also Mozart parts (Sesto or Zerlina, Despina, Cherubino).\nAfter being noticed in Concours de chant baroque de Froville in 2012 she started a collaboration with Le Concert de l\u2019Hostel Dieu.<\/p>\n<p class=\"translation-block\">She subsequently sang Idamante in Mozart's Idomen\u00e9e, Enrichetta in I Puritani, Lucia in La Gazza ladra, Zerlina in Don Giovanni at the Teatro Comunale in Bologna; Fidalma in Il matrimonio segreto at the Stresa Festival; Carmen in Japan and in Cagliari; Flora in La Traviata on tour in Hong Kong and Rusalka at the Teatro San Carlo in Naples; Zaida in Il Turco in Italia at the Op\u00e9ra de Nantes, Angers and Luxembourg; Die Zauberfl\u00f6te at the Teatro Petruzzelli in Bari; Sesto in La Clemenza di Tito at the Op\u00e9ra de Saint-\u00c9tienne.<\/p>\n<p class=\"translation-block\">In concert, she sang Dalla Piccola's Cinque frammenti di Saffo and Mahler's Ruckert-Lieder in Bologna, Mahler's Das Knaben Wunderhorn and Tutino's monologue Le Bel indiff\u00e9rent at the Festival della Valle d'Itria. She sang Rota's Mysterium with the Milan Symphony Orchestra (recorded by the DECCA label), Les Mozart de l'Op\u00e9ra at the Th\u00e9\u00e2tre des Champs Elys\u00e9es in Paris, Berlioz's Les Nuits d'\u00e9t\u00e9 at the Philharmonie du Luxembourg, Scarlatti's Passio secundum Johannes, Donizetti's Requiem at the Festival de Saint Denis...<\/p>\n<p>Giuseppina Bridelli est particuli\u00e8rement appr\u00e9ci\u00e9e dans le r\u00e9pertoire baroque et classique. Elle travaille r\u00e9guli\u00e8rement avec les ensembles Cappella Mediterranea, L&rsquo;Arpeggiata, Il Pomo d&rsquo;Oro, L&rsquo;Accademia Bizantina, La Venexiana, L&rsquo;Ensemble Pygmalion, Le Cercle de l&rsquo;Harmonie, La Nuova Musica, Auser Musici, Le Concert de l&rsquo;Hostel Dieu ou encore Stile Galante.<\/p>\n<p class=\"translation-block\">She sang Ernesto in Haydn's Il Mondo della luna at the Monte Carlo Opera; Ippolita in Cavalli's Elena at the Aix en Provence Festival, the Lille Opera and in Lisbon; Clori in Scarlatti's Gli Equivoci nel sembiante and Asteria in Gasparini's Bajazet at the Barga Opera; the title role in Cesti's Orontea and the roles of Ottavia and Virt\u00f9 in Incoronazione di Poppea in Innsbruck; Amore in Gluck's Orfeo ed Euridice at the Teatro San Carlo in Naples; Cavalli's Novello Giasone (Poesia) at the Festival de l\u00e0 Valle d'Itria; Vivaldi's Incoronazione di Dario (conducted by O. Dantone) in Bremen and Beaune; Poppea in Incoronazione di Poppea with the Venexiana (conducted by C. Cavina) in Krakow; El Tiempo and Minerva in La Guerra de los gigantes by Duron (conducted by L. G. Alarcon) at the Teatro de la Zarzuela in Madrid; Selene in Handel's Berenice at the Handel Festival in Gottingen; Euridice in Monteverdi's Orfeo in Bremen with L'Arpeggiata alongside Rolando Villazon.<\/p>\n<p class=\"translation-block\">More recently, she has appeared in Il viaggio a Reims (Corinna) at the Rossini Opera Festival, Cosi fan tutte (Despina) at the Florence Opera, Carmen (Merc\u00e9d\u00e8s) at the Teatro San Carlo in Naples, and Luigi Rossi's Orfeo (Aristeo) with the Ensemble Pygmalion at the Op\u00e9ra national de Lorraine, the Op\u00e9ra Royal de Versailles, Bordeaux and Caen. She has also sung in the concert version of Le nozze di Figaro in Copenhagen and at the Malmo Festival, in Monteverdi's trilogy (Messaggiera, Nerone, Penelope) in Schwetzingen with the ensemble La Venexiana, in Monteverdi's Vespri with the Ensemble Pygmalion in Amsterdam, Paris, Leipzig, London (BBC Prom at the Royal Albert Hall) and in Cremona (with L'Arpeggiata). Giusepinna Bidelli also gives recitals in Paris, Lyon and New York (Carnegie Hall). With the ensemble Cappella Mediterranea, conducted by L.-G. Alarcon, she was La Messag\u00e8re in Monteverdi's Orfeo during a world tour (Brussels, Paris, Rio de Janeiro, Buenos Aires). She also performed Beethoven's Symphony No. 9 and Charpentier's Te Deum under the baton of A. Manacorda at the Potsdam Festival; Haydn's Missa in tempore belli (conducted by G. Antonini); Draghi's Il Prometeo at the Dijon Opera, Clemenza di Tito at the Florence Opera; Il ritorno d'Ulisse in patria with Fabio Biondi and Europa Galante at the Elbphilharmonie in Hamburg.<\/p>\n<p>Giuseppina Bridelli sings under conductors such as Z. Mehta, N. Santi, M. Mariotti, F. Luisi, A. Zedda, R. Abbado, J. Cura, L.-G. Alarcon, R. Pichon, J. Jones, D. Fasolis, O. Dantone, J. Rhorer and C. Pluhart, and with directors such as E. Sagi, P. Stein, F. Ozpetek, A. Antoniozzi, L. Mariani, S Vizioli, P. Pizzi, D. Livermore, C. Muti, D. Abbado, L. Podalydes.<\/p>\n<p>La mezzo-soprano enregistre avec de nombreux labels de renoms : Bajazet de Gasparini et Porpora Cantatas (Glossa), Le Mysterium de Rota (DECCA), Habanera avec Elina Garanca (Deutsche Grammophon), Novello Giasone de Cavalli (Bongiovanni), Incoronazione di Dario de Vivaldi (Naive), Passio secundum Ioannem de Scarlatti (Ricercar), Vivaldi Cantatas (Tactus), Doriclea de Stradella (Arcana), Peches de vieillesse de Rossini (Naxos)&#8230;<\/p>\n<p>Her solo album <em><a href=\"https:\/\/www.concert-hosteldieu.com\/en\/programmes\/duel-porpora-handel\/\">Duel : Porpora et Handel<\/a><\/em> \u00e0 Londres, enregistr\u00e9 avec Le Concert de l&rsquo;Hostel Dieu et Franck- Emmanuel Comte, para\u00eet en avril 2019 chez Arcana et est donn\u00e9 \u00e0 Londres, Lyon, Halle (Handel-Festspiele), Saint-Donat, Tel Aviv&#8230;<\/p>\n<h4>\n\t\tPortrait d&rsquo;artiste\n\t<\/h4>\n\t\t\t\t\t<a href=\"https:\/\/www.youtube.com\/watch?v=XDmUsI1pGhs\" aria-label=\"uabb-video-gallery\" data-fancybox=\"uabb-video-gallery\" data-url=\"https:\/\/www.youtube.com\/embed\/XDmUsI1pGhs?autoplay=1&#038;version=3&#038;enablejsapi=1\"class=\"uabb-video-gallery-fancybox uabb-vg__play_full\">\t\t\t\t\t\t\n\t\t\t\t\t<\/a>\t\t\t\t\n<h4>\n\t\tGiuseppina Bridelli &#8211; Alto Giove (Porpora)\n\t<\/h4>\n\t\t\t\t\t<a href=\"https:\/\/www.youtube.com\/watch?v=HJy7jckJw18\" aria-label=\"uabb-video-gallery\" data-fancybox=\"uabb-video-gallery\" data-url=\"https:\/\/www.youtube.com\/embed\/HJy7jckJw18?autoplay=1&#038;version=3&#038;enablejsapi=1\"class=\"uabb-video-gallery-fancybox uabb-vg__play_full\">\t\t\t\t\t\t\n\t\t\t\t\t<\/a>\t\t\t\t\n<h4>\n\t\tMeet Giuseppina Bridelli in:\n\t<\/h4>\n\t\t\t\t<a href=\"https:\/\/www.concert-hosteldieu.com\/en\/agenda\/la-vendetta-2021-08-07\/\" target=\"_self\" itemprop=\"url\" rel=\"noopener\">\n\t\t\t\t<img loading=\"lazy\" decoding=\"async\" src=\"https:\/\/www.concert-hosteldieu.com\/wp-content\/uploads\/2020\/02\/concert-hostel-dieu-duel-bridelli-credit-G.Rizzotti.jpg\" alt=\"CREATOR: gd-jpeg v1.0 (using IJG JPEG v62), quality = 80\" itemprop=\"image\" height=\"1200\" width=\"1200\" title=\"CREATOR: gd-jpeg v1.0 (using IJG JPEG v62), quality = 80\" onerror=\"this.style.display='none'\"  \/>\n\t\t\t\t<\/a>\n\t<h3>\n\t\t\t\t<a href=\"https:\/\/www.concert-hosteldieu.com\/en\/agenda\/la-vendetta-2021-08-07\/\" title=\"La Vendetta\" target=\"_self\" rel=\"noopener\">\n\t\t\t\tLa Vendetta\n\t\t\t\t<\/a>\n\t\t\t<\/h3>\n\t\t\t\t<a href=\"https:\/\/www.concert-hosteldieu.com\/en\/product\/duel-giuseppina-bridelli\/\" target=\"_self\" itemprop=\"url\" rel=\"noopener\">\n\t\t\t\t<img loading=\"lazy\" decoding=\"async\" src=\"https:\/\/www.concert-hosteldieu.com\/wp-content\/uploads\/2021\/07\/CD-DUEL.jpg\" alt=\"CD DUEL\" itemprop=\"image\" height=\"1920\" width=\"1920\" title=\"CD DUEL\" onerror=\"this.style.display='none'\"  \/>\n\t\t\t\t<\/a>\n\t<h3>\n\t\t\t\t<a href=\"https:\/\/www.concert-hosteldieu.com\/en\/product\/duel-giuseppina-bridelli\/\" title=\"CD Duel\" target=\"_self\" rel=\"noopener\">\n\t\t\t\tCD Duel\n\t\t\t\t<\/a>\n\t\t\t<\/h3>","protected":false},"excerpt":{"rendered":"<p>Giuseppina Bridelli Mezzo-soprano La mezzo-soprano italienne Giuseppina Bridelli est dipl\u00f4m\u00e9e du Conservatoire de Plaisance. Elle est laur\u00e9ate de nombreux concours internationaux tels que le Concours Francesco Provenzale de Naples, le Concours de chant baroque de Vicence, le Concours de chant [&hellip;]<\/p>\n","protected":false},"author":2776,"featured_media":14260,"parent":12628,"menu_order":0,"comment_status":"closed","ping_status":"closed","template":"","meta":{"site-sidebar-layout":"no-sidebar","site-content-layout":"page-builder","ast-site-content-layout":"default","site-content-style":"default","site-sidebar-style":"default","ast-global-header-display":"","ast-banner-title-visibility":"","ast-main-header-display":"","ast-hfb-above-header-display":"","ast-hfb-below-header-display":"","ast-hfb-mobile-header-display":"","site-post-title":"disabled","ast-breadcrumbs-content":"","ast-featured-img":"disabled","footer-sml-layout":"","ast-disable-related-posts":"","theme-transparent-header-meta":"enabled","adv-header-id-meta":"","stick-header-meta":"default","header-above-stick-meta":"","header-main-stick-meta":"","header-below-stick-meta":"","astra-migrate-meta-layouts":"default","ast-page-background-enabled":"default","ast-page-background-meta":{"desktop":{"background-color":"","background-image":"","background-repeat":"repeat","background-position":"center center","background-size":"auto","background-attachment":"scroll","background-type":"","background-media":"","overlay-type":"","overlay-color":"","overlay-opacity":"","overlay-gradient":""},"tablet":{"background-color":"","background-image":"","background-repeat":"repeat","background-position":"center center","background-size":"auto","background-attachment":"scroll","background-type":"","background-media":"","overlay-type":"","overlay-color":"","overlay-opacity":"","overlay-gradient":""},"mobile":{"background-color":"","background-image":"","background-repeat":"repeat","background-position":"center center","background-size":"auto","background-attachment":"scroll","background-type":"","background-media":"","overlay-type":"","overlay-color":"","overlay-opacity":"","overlay-gradient":""}},"ast-content-background-meta":{"desktop":{"background-color":"var(--ast-global-color-5)","background-image":"","background-repeat":"repeat","background-position":"center center","background-size":"auto","background-attachment":"scroll","background-type":"","background-media":"","overlay-type":"","overlay-color":"","overlay-opacity":"","overlay-gradient":""},"tablet":{"background-color":"var(--ast-global-color-5)","background-image":"","background-repeat":"repeat","background-position":"center center","background-size":"auto","background-attachment":"scroll","background-type":"","background-media":"","overlay-type":"","overlay-color":"","overlay-opacity":"","overlay-gradient":""},"mobile":{"background-color":"var(--ast-global-color-5)","background-image":"","background-repeat":"repeat","background-position":"center center","background-size":"auto","background-attachment":"scroll","background-type":"","background-media":"","overlay-type":"","overlay-color":"","overlay-opacity":"","overlay-gradient":""}},"footnotes":""},"categories":[169,171],"tags":[],"class_list":["post-14255","page","type-page","status-publish","has-post-thumbnail","hentry","category-equipe-artistique","category-nosartistesinvites"],"yoast_head":"<!-- This site is optimized with the Yoast SEO plugin v27.6 - https:\/\/yoast.com\/product\/yoast-seo-wordpress\/ -->\n<title>Giuseppina Bridelli - Le Concert de l&#039;Hostel Dieu<\/title>\n<meta name=\"robots\" content=\"index, follow, max-snippet:-1, max-image-preview:large, max-video-preview:-1\" \/>\n<link rel=\"canonical\" href=\"https:\/\/www.concert-hosteldieu.com\/en\/nos-artistes-invites\/giuseppina-bridelli\/\" \/>\n<meta property=\"og:locale\" content=\"en_GB\" \/>\n<meta property=\"og:type\" content=\"article\" \/>\n<meta property=\"og:title\" content=\"Giuseppina Bridelli - Le Concert de l&#039;Hostel Dieu\" \/>\n<meta property=\"og:description\" content=\"Giuseppina Bridelli Mezzo-soprano La mezzo-soprano italienne Giuseppina Bridelli est dipl\u00f4m\u00e9e du Conservatoire de Plaisance. Elle est laur\u00e9ate de nombreux concours internationaux tels que le Concours Francesco Provenzale de Naples, le Concours de chant baroque de Vicence, le Concours de chant [&hellip;]\" \/>\n<meta property=\"og:url\" content=\"https:\/\/www.concert-hosteldieu.com\/en\/nos-artistes-invites\/giuseppina-bridelli\/\" \/>\n<meta property=\"og:site_name\" content=\"Le Concert de l&#039;Hostel Dieu\" \/>\n<meta property=\"article:publisher\" content=\"https:\/\/www.facebook.com\/leconcert.delhosteldieu\" \/>\n<meta property=\"article:modified_time\" content=\"2022-08-10T14:43:24+00:00\" \/>\n<meta property=\"og:image\" content=\"https:\/\/www.concert-hosteldieu.com\/wp-content\/uploads\/2021\/07\/Giuseppina-Bridelli-1.jpg\" \/>\n\t<meta property=\"og:image:width\" content=\"1667\" \/>\n\t<meta property=\"og:image:height\" content=\"1250\" \/>\n\t<meta property=\"og:image:type\" content=\"image\/jpeg\" \/>\n<meta name=\"twitter:label1\" content=\"Estimated reading time\" \/>\n\t<meta name=\"twitter:data1\" content=\"4 minutes\" \/>\n<script type=\"application\/ld+json\" class=\"yoast-schema-graph\">{\"@context\":\"https:\\\/\\\/schema.org\",\"@graph\":[{\"@type\":\"WebPage\",\"@id\":\"https:\\\/\\\/www.concert-hosteldieu.com\\\/nos-artistes-invites\\\/giuseppina-bridelli\\\/\",\"url\":\"https:\\\/\\\/www.concert-hosteldieu.com\\\/nos-artistes-invites\\\/giuseppina-bridelli\\\/\",\"name\":\"Giuseppina Bridelli - Le Concert de l&#039;Hostel Dieu\",\"isPartOf\":{\"@id\":\"https:\\\/\\\/www.concert-hosteldieu.com\\\/#website\"},\"primaryImageOfPage\":{\"@id\":\"https:\\\/\\\/www.concert-hosteldieu.com\\\/nos-artistes-invites\\\/giuseppina-bridelli\\\/#primaryimage\"},\"image\":{\"@id\":\"https:\\\/\\\/www.concert-hosteldieu.com\\\/nos-artistes-invites\\\/giuseppina-bridelli\\\/#primaryimage\"},\"thumbnailUrl\":\"https:\\\/\\\/www.concert-hosteldieu.com\\\/wp-content\\\/uploads\\\/2021\\\/07\\\/Giuseppina-Bridelli-1.jpg\",\"datePublished\":\"2021-07-05T12:21:21+00:00\",\"dateModified\":\"2022-08-10T14:43:24+00:00\",\"breadcrumb\":{\"@id\":\"https:\\\/\\\/www.concert-hosteldieu.com\\\/nos-artistes-invites\\\/giuseppina-bridelli\\\/#breadcrumb\"},\"inLanguage\":\"en-GB\",\"potentialAction\":[{\"@type\":\"ReadAction\",\"target\":[\"https:\\\/\\\/www.concert-hosteldieu.com\\\/nos-artistes-invites\\\/giuseppina-bridelli\\\/\"]}]},{\"@type\":\"ImageObject\",\"inLanguage\":\"en-GB\",\"@id\":\"https:\\\/\\\/www.concert-hosteldieu.com\\\/nos-artistes-invites\\\/giuseppina-bridelli\\\/#primaryimage\",\"url\":\"https:\\\/\\\/www.concert-hosteldieu.com\\\/wp-content\\\/uploads\\\/2021\\\/07\\\/Giuseppina-Bridelli-1.jpg\",\"contentUrl\":\"https:\\\/\\\/www.concert-hosteldieu.com\\\/wp-content\\\/uploads\\\/2021\\\/07\\\/Giuseppina-Bridelli-1.jpg\",\"width\":1667,\"height\":1250},{\"@type\":\"BreadcrumbList\",\"@id\":\"https:\\\/\\\/www.concert-hosteldieu.com\\\/nos-artistes-invites\\\/giuseppina-bridelli\\\/#breadcrumb\",\"itemListElement\":[{\"@type\":\"ListItem\",\"position\":1,\"name\":\"Accueil\",\"item\":\"https:\\\/\\\/www.concert-hosteldieu.com\\\/\"},{\"@type\":\"ListItem\",\"position\":2,\"name\":\"Nos artistes invit\u00e9s\",\"item\":\"https:\\\/\\\/www.concert-hosteldieu.com\\\/nos-artistes-invites\\\/\"},{\"@type\":\"ListItem\",\"position\":3,\"name\":\"Giuseppina Bridelli\"}]},{\"@type\":\"WebSite\",\"@id\":\"https:\\\/\\\/www.concert-hosteldieu.com\\\/#website\",\"url\":\"https:\\\/\\\/www.concert-hosteldieu.com\\\/\",\"name\":\"Le Concert de l&#039;Hostel Dieu\",\"description\":\"Franck-Emmanuel Comte\",\"publisher\":{\"@id\":\"https:\\\/\\\/www.concert-hosteldieu.com\\\/#organization\"},\"potentialAction\":[{\"@type\":\"SearchAction\",\"target\":{\"@type\":\"EntryPoint\",\"urlTemplate\":\"https:\\\/\\\/www.concert-hosteldieu.com\\\/?s={search_term_string}\"},\"query-input\":{\"@type\":\"PropertyValueSpecification\",\"valueRequired\":true,\"valueName\":\"search_term_string\"}}],\"inLanguage\":\"en-GB\"},{\"@type\":\"Organization\",\"@id\":\"https:\\\/\\\/www.concert-hosteldieu.com\\\/#organization\",\"name\":\"Le Concert de l'Hostel Dieu\",\"url\":\"https:\\\/\\\/www.concert-hosteldieu.com\\\/\",\"logo\":{\"@type\":\"ImageObject\",\"inLanguage\":\"en-GB\",\"@id\":\"https:\\\/\\\/www.concert-hosteldieu.com\\\/#\\\/schema\\\/logo\\\/image\\\/\",\"url\":\"https:\\\/\\\/www.concert-hosteldieu.com\\\/wp-content\\\/uploads\\\/2021\\\/06\\\/logo-chd-noir-transparent.png\",\"contentUrl\":\"https:\\\/\\\/www.concert-hosteldieu.com\\\/wp-content\\\/uploads\\\/2021\\\/06\\\/logo-chd-noir-transparent.png\",\"width\":262,\"height\":106,\"caption\":\"Le Concert de l'Hostel Dieu\"},\"image\":{\"@id\":\"https:\\\/\\\/www.concert-hosteldieu.com\\\/#\\\/schema\\\/logo\\\/image\\\/\"},\"sameAs\":[\"https:\\\/\\\/www.facebook.com\\\/leconcert.delhosteldieu\",\"https:\\\/\\\/x.com\\\/CHDLyon\",\"https:\\\/\\\/instagram.com\\\/concert_hostel_dieu\",\"https:\\\/\\\/www.linkedin.com\\\/company\\\/le-concert-de-l'hostel-dieu\\\/\",\"https:\\\/\\\/www.youtube.com\\\/user\\\/CHDLyon\"]}]}<\/script>\n<!-- \/ Yoast SEO plugin. -->","yoast_head_json":{"title":"Giuseppina Bridelli - Le Concert de l&#039;Hostel Dieu","robots":{"index":"index","follow":"follow","max-snippet":"max-snippet:-1","max-image-preview":"max-image-preview:large","max-video-preview":"max-video-preview:-1"},"canonical":"https:\/\/www.concert-hosteldieu.com\/en\/nos-artistes-invites\/giuseppina-bridelli\/","og_locale":"en_GB","og_type":"article","og_title":"Giuseppina Bridelli - Le Concert de l&#039;Hostel Dieu","og_description":"Giuseppina Bridelli Mezzo-soprano La mezzo-soprano italienne Giuseppina Bridelli est dipl\u00f4m\u00e9e du Conservatoire de Plaisance. Elle est laur\u00e9ate de nombreux concours internationaux tels que le Concours Francesco Provenzale de Naples, le Concours de chant baroque de Vicence, le Concours de chant [&hellip;]","og_url":"https:\/\/www.concert-hosteldieu.com\/en\/nos-artistes-invites\/giuseppina-bridelli\/","og_site_name":"Le Concert de l&#039;Hostel Dieu","article_publisher":"https:\/\/www.facebook.com\/leconcert.delhosteldieu","article_modified_time":"2022-08-10T14:43:24+00:00","og_image":[{"width":1667,"height":1250,"url":"https:\/\/www.concert-hosteldieu.com\/wp-content\/uploads\/2021\/07\/Giuseppina-Bridelli-1.jpg","type":"image\/jpeg"}],"twitter_misc":{"Estimated reading time":"4 minutes"},"schema":{"@context":"https:\/\/schema.org","@graph":[{"@type":"WebPage","@id":"https:\/\/www.concert-hosteldieu.com\/nos-artistes-invites\/giuseppina-bridelli\/","url":"https:\/\/www.concert-hosteldieu.com\/nos-artistes-invites\/giuseppina-bridelli\/","name":"Giuseppina Bridelli - Le Concert de l&#039;Hostel Dieu","isPartOf":{"@id":"https:\/\/www.concert-hosteldieu.com\/#website"},"primaryImageOfPage":{"@id":"https:\/\/www.concert-hosteldieu.com\/nos-artistes-invites\/giuseppina-bridelli\/#primaryimage"},"image":{"@id":"https:\/\/www.concert-hosteldieu.com\/nos-artistes-invites\/giuseppina-bridelli\/#primaryimage"},"thumbnailUrl":"https:\/\/www.concert-hosteldieu.com\/wp-content\/uploads\/2021\/07\/Giuseppina-Bridelli-1.jpg","datePublished":"2021-07-05T12:21:21+00:00","dateModified":"2022-08-10T14:43:24+00:00","breadcrumb":{"@id":"https:\/\/www.concert-hosteldieu.com\/nos-artistes-invites\/giuseppina-bridelli\/#breadcrumb"},"inLanguage":"en-GB","potentialAction":[{"@type":"ReadAction","target":["https:\/\/www.concert-hosteldieu.com\/nos-artistes-invites\/giuseppina-bridelli\/"]}]},{"@type":"ImageObject","inLanguage":"en-GB","@id":"https:\/\/www.concert-hosteldieu.com\/nos-artistes-invites\/giuseppina-bridelli\/#primaryimage","url":"https:\/\/www.concert-hosteldieu.com\/wp-content\/uploads\/2021\/07\/Giuseppina-Bridelli-1.jpg","contentUrl":"https:\/\/www.concert-hosteldieu.com\/wp-content\/uploads\/2021\/07\/Giuseppina-Bridelli-1.jpg","width":1667,"height":1250},{"@type":"BreadcrumbList","@id":"https:\/\/www.concert-hosteldieu.com\/nos-artistes-invites\/giuseppina-bridelli\/#breadcrumb","itemListElement":[{"@type":"ListItem","position":1,"name":"Accueil","item":"https:\/\/www.concert-hosteldieu.com\/"},{"@type":"ListItem","position":2,"name":"Nos artistes invit\u00e9s","item":"https:\/\/www.concert-hosteldieu.com\/nos-artistes-invites\/"},{"@type":"ListItem","position":3,"name":"Giuseppina Bridelli"}]},{"@type":"WebSite","@id":"https:\/\/www.concert-hosteldieu.com\/#website","url":"https:\/\/www.concert-hosteldieu.com\/","name":"Le Concert de l&#039;Hostel Dieu","description":"Franck-Emmanuel Comte","publisher":{"@id":"https:\/\/www.concert-hosteldieu.com\/#organization"},"potentialAction":[{"@type":"SearchAction","target":{"@type":"EntryPoint","urlTemplate":"https:\/\/www.concert-hosteldieu.com\/?s={search_term_string}"},"query-input":{"@type":"PropertyValueSpecification","valueRequired":true,"valueName":"search_term_string"}}],"inLanguage":"en-GB"},{"@type":"Organization","@id":"https:\/\/www.concert-hosteldieu.com\/#organization","name":"Le Concert de l'Hostel Dieu","url":"https:\/\/www.concert-hosteldieu.com\/","logo":{"@type":"ImageObject","inLanguage":"en-GB","@id":"https:\/\/www.concert-hosteldieu.com\/#\/schema\/logo\/image\/","url":"https:\/\/www.concert-hosteldieu.com\/wp-content\/uploads\/2021\/06\/logo-chd-noir-transparent.png","contentUrl":"https:\/\/www.concert-hosteldieu.com\/wp-content\/uploads\/2021\/06\/logo-chd-noir-transparent.png","width":262,"height":106,"caption":"Le Concert de l'Hostel Dieu"},"image":{"@id":"https:\/\/www.concert-hosteldieu.com\/#\/schema\/logo\/image\/"},"sameAs":["https:\/\/www.facebook.com\/leconcert.delhosteldieu","https:\/\/x.com\/CHDLyon","https:\/\/instagram.com\/concert_hostel_dieu","https:\/\/www.linkedin.com\/company\/le-concert-de-l'hostel-dieu\/","https:\/\/www.youtube.com\/user\/CHDLyon"]}]}},"_links":{"self":[{"href":"https:\/\/www.concert-hosteldieu.com\/en\/wp-json\/wp\/v2\/pages\/14255","targetHints":{"allow":["GET"]}}],"collection":[{"href":"https:\/\/www.concert-hosteldieu.com\/en\/wp-json\/wp\/v2\/pages"}],"about":[{"href":"https:\/\/www.concert-hosteldieu.com\/en\/wp-json\/wp\/v2\/types\/page"}],"author":[{"embeddable":true,"href":"https:\/\/www.concert-hosteldieu.com\/en\/wp-json\/wp\/v2\/users\/2776"}],"replies":[{"embeddable":true,"href":"https:\/\/www.concert-hosteldieu.com\/en\/wp-json\/wp\/v2\/comments?post=14255"}],"version-history":[{"count":1,"href":"https:\/\/www.concert-hosteldieu.com\/en\/wp-json\/wp\/v2\/pages\/14255\/revisions"}],"predecessor-version":[{"id":18389,"href":"https:\/\/www.concert-hosteldieu.com\/en\/wp-json\/wp\/v2\/pages\/14255\/revisions\/18389"}],"up":[{"embeddable":true,"href":"https:\/\/www.concert-hosteldieu.com\/en\/wp-json\/wp\/v2\/pages\/12628"}],"wp:featuredmedia":[{"embeddable":true,"href":"https:\/\/www.concert-hosteldieu.com\/en\/wp-json\/wp\/v2\/media\/14260"}],"wp:attachment":[{"href":"https:\/\/www.concert-hosteldieu.com\/en\/wp-json\/wp\/v2\/media?parent=14255"}],"wp:term":[{"taxonomy":"category","embeddable":true,"href":"https:\/\/www.concert-hosteldieu.com\/en\/wp-json\/wp\/v2\/categories?post=14255"},{"taxonomy":"post_tag","embeddable":true,"href":"https:\/\/www.concert-hosteldieu.com\/en\/wp-json\/wp\/v2\/tags?post=14255"}],"curies":[{"name":"wp","href":"https:\/\/api.w.org\/{rel}","templated":true}]}}