{"id":13797,"date":"2021-06-24T15:54:33","date_gmt":"2021-06-24T14:54:33","guid":{"rendered":"https:\/\/dev.concert-hosteldieu.com\/?page_id=13797"},"modified":"2024-01-09T15:29:41","modified_gmt":"2024-01-09T14:29:41","slug":"sophie-junker","status":"publish","type":"page","link":"https:\/\/www.concert-hosteldieu.com\/en\/nos-musiciens\/sophie-junker\/","title":{"rendered":"Sophie Junker"},"content":{"rendered":"<h2>\n\t\t\t\tSophie Junker\n\t\t\t<\/h2>\n\t\t\t<h4>Soprano<\/h4>\t\n\t<p class=\"translation-block\">Sophie Junker regularly performs with top-flight conductors including Harry Bicket (Dorinda <em>Orlando<\/em>), Laurence Cummings (Sigismondo in Handel\u2019s <em>Arminio<\/em>, Aspasia in <em>Alexander Balus<\/em>, Michal in <em>Saul<\/em>, and Bellezza in <em>Il Trionfo del Tempo e del Disinganno<\/em>), Christian Curnyn (Italian Woman in Charpentier\u2019s <em>M\u00e9d\u00e9e<\/em>, Phoebe in Rameau\u2019s <em>Castor et Pollux<\/em>), Masaaki Suzuki (<em>Monteverdi\u2019s Vespers<\/em>), and Stefano Montanari (Zerlina <em>Don Giovanni<\/em>).<\/p>\n<p class=\"translation-block\">Described by Opera magazine as \u201c\u2026 irresistibly charming\u201d, Sophie already has an established relationship with the Opera Royal de Li\u00e8ge Wallonie (Elisetta <em>Il Matrimonio segreto <\/em>, Wanda <em>La Grande Duchesse de G\u00e9rolstein<\/em>, title-role in Pauline Viardot\u2019s Cendrillon), and Angers-Nantes Op\u00e9ra (Amour <em>Orph\u00e9e et Eurydice <\/em>, Constance <em>Dialogues des Carm\u00e9lites <\/em>). She made her American operatic d\u00e9but in 2016, singing Cleis in Martini\u2019s Sapho and H\u00e9l\u00e8ne in Chabrier\u2019s <em>Une \u00c9ducation Manqu\u00e9e <\/em> (Opera Lafayette, New York, and Washington). Further operatic roles include Caio in Vivaldi\u2019s <em>Ottone in Villa <\/em> at the Copenhagen Opera Festival, Proserpine\/Euridice in Charpentier\u2019s <em>La D\u00e9scente d\u2019Orph\u00e9e aux enfers <\/em> (Wigmore Hall, The Hague), and Belinda (Dido and Aeneas, Innsbrucker Festwochen der Alten Musik).<\/p>\n<p>En concert, Sophie se produit r\u00e9guli\u00e8rement en tant que soliste avec le Concerto Copenhagen dirig\u00e9 par Lars Ulrik Mortensen, avec La Nuovo Musica de David Bates, avec l&rsquo;ensemble Vox Luminis bas\u00e9 en Belgique, avec Le Concert de la Loge dirig\u00e9 par Julien Chauvin, avec Le Po\u00e8me Harmonique dirig\u00e9 par Vincent Dumestre et avec Arcangelo de Jonathan Cohen. Ses repr\u00e9sentations ont inclus la <em>Passion selon Saint-Jean<\/em> de Bach avec l&rsquo;Ensemble 1704 (Paris, Prague, Dresde et Dortmund), <em>La Cr\u00e9ation<\/em> de Haydn avec l&rsquo;Orchestre national de Russie \u00e0 Moscou, les <em>Grands Motets<\/em> de Lully ainsi qu&rsquo;en tourn\u00e9e <em>Vespro a san Marco<\/em> avec le Ch\u0153ur de Chambre de Namur sous la direction de Leonardo Garc\u00eda Alarc\u00f3n, le <em>Requiem<\/em> de Faur\u00e9 sous la direction de Klaas Stok (Amsterdam Concertgebouw), la <em>Grande Messe en ut mineur<\/em> de Mozart avec B&rsquo;Rock, et <em>Apollo e Dafne <\/em>de Haendel avec {oh!} Orkiestra sous la direction de Martyna Pastuszka.<\/p>\n<p>Le r\u00e9pertoire de Sophie comprend \u00e9galement les r\u00f4les de Cunegunda dans <em>Gismondo<\/em> de Leonardo Vinci (Vienne, Moscou, Dortmund et Bayreuth), EVenere dans <em>La Divisione del Mondo<\/em> de Legrenzi (Strasbourg, Mulhouse, Colmar, Nancy, Versailles et Cologne sous la direction de Christophe Rousset), Eurilla dans <em>Il Pastor Fido<\/em> de Haendel (Gliwice et H\u00e4ndel-Festspiele Halle) et Atalanta dans <em>Serse<\/em> de Haendel (Op\u00e9ra de Rouen Normandie, dans une production de Clarac &amp; Deloeuils sous la direction de David Bates). Elle a \u00e9galement fait ses d\u00e9buts \u00e0 la Staatsoper Berlin en interpr\u00e9tant Drusilla dans <em>L&rsquo;Incoronazione di Poppea<\/em> sous la direction de Diego Fasolis et a chant\u00e9 le r\u00f4le-titre dans <em>Theodora<\/em> de Haendel dirig\u00e9 par Leonardo Garc\u00eda Alarc\u00f3n (Namur, Beaune).<\/p>\n<p>Le soprano souple et \u00e9tincelant de Sophie a \u00e9galement \u00e9t\u00e9 entendu en Angelica dans <em>Orlando Furioso<\/em> de Vivaldi (La Seine Musicale), en Clori dans <em>Egisto<\/em> de Cavalli (Op\u00e9ra Royal de Versailles) et en Asteria dans <em>Tamerlano<\/em> de Haendel avec l&rsquo;Orchestre de Chambre de Moscou sous la direction de Christopher Moulds (Tchaikovsky Hall, Moscou). En 2022, elle a fait ses d\u00e9buts en tant que Cleopatra dans <em>Giulio Cesare<\/em> sous la direction de George Petrou (Reisopera, H\u00e4ndel-Festspiele G\u00f6ttingen) et en tant qu&rsquo;Atilia dans <em>Eliogabalo<\/em> de Cavalli, mis en sc\u00e8ne par Calixto Bieito (Op\u00e9ra de Zurich).<\/p>\n<p>Au cours de la saison 2023\/24, Sophie interpr\u00e9tera le r\u00f4le d&rsquo;Emira dans <em>Siroe, re di Persia <\/em>de Haendel, mis en sc\u00e8ne par Ulrich Peters dans le cadre du H\u00e4ndel-Festspiele Karlsruhe. Elle rejoindra \u00e9galement une production de la <em>Passion selon Saint Jean<\/em> de Bach mise en sc\u00e8ne et chor\u00e9graphi\u00e9e par Sasha Waltz et dirig\u00e9e par Leonardo Garc\u00eda Alarc\u00f3n (Festival de P\u00e2ques de Salzbourg, Op\u00e9ra de Dijon). Parmi les autres temps forts de la saison figurent des apparitions dans la Passion selon Saint Matthieu de Bach (Konzerthaus \u00e0 Vienne), <em>Paulus<\/em> de Mendelssohn (Leonardo Garc\u00eda Alarc\u00f3n, Victoria Halle \u00e0 Gen\u00e8ve) et <em>Judas Macchabaeus<\/em> de Haendel (Vokalensemble Rastatt, Schw\u00e4bisch Gm\u00fcnd et Rastatt).<\/p>\n<p>La discographie de la soprano inclut <em>Sacrifices <\/em>avec La Nuova Musica (Harmonia Mundi), <em>Esther<\/em> de H\u00e4ndel avec Laurence Cummings (Accent), <em>L&rsquo;\u00c9preuve Villageoise <\/em>de Gr\u00e9try (Naxos), <em>Cantates S\u00e9culaires<\/em> de Bach avec le Bach Collegium Japan et Masaaki Suzuki (BIS), <em>Stravaganza d&rsquo;amore<\/em> avec Pygmalion sous la direction de Rapha\u00ebl Pichon (Harmonia Mundi), ou encore Cunegunda dans <em>Gismondo<\/em> de Leonardo Vinci (Parnassus Arts Productions). A l&rsquo;automne 2020, le premier CD solo de Sophie, <em>La Francesina,<\/em> sortait sous le label Apart\u00e9. Cette publication a \u00e9t\u00e9 r\u00e9compens\u00e9e d&rsquo;un <em>International Classical Music Award<\/em> and <em>Troph\u00e9e Forum-Op\u00e9ra<\/em>.<\/p>\n<h4>\n\t\tMeet Sophie Junker in:\n\t<\/h4>\n\t\t\t\t<a href=\"https:\/\/www.concert-hosteldieu.com\/en\/nos-projets-en-tournee\/la-francesina\/\" target=\"_self\" itemprop=\"url\" rel=\"noopener\">\n\t\t\t\t<img loading=\"lazy\" decoding=\"async\" src=\"https:\/\/www.concert-hosteldieu.com\/wp-content\/uploads\/2019\/05\/concert-hostel-dieu-francesina-sophie-junker-comte-cr\u00e9dit-J-Cherki-carre.jpg\" alt=\"concert-hostel-dieu-francesina-sophie-junker-comte-cr\u00e9dit-J-Cherki-carre\" itemprop=\"image\" height=\"833\" width=\"836\" title=\"concert-hostel-dieu-francesina-sophie-junker-comte-cr\u00e9dit-J-Cherki-carre\" onerror=\"this.style.display='none'\"  \/>\n\t\t\t\t<\/a>\n\t<h3>\n\t\t\t\t<a href=\"https:\/\/www.concert-hosteldieu.com\/en\/nos-projets-en-tournee\/la-francesina\/\" title=\"La Francesina\" target=\"_self\" rel=\"noopener\">\n\t\t\t\tLa Francesina\n\t\t\t\t<\/a>\n\t\t\t<\/h3>\n\t\t\t\t<a href=\"https:\/\/www.concert-hosteldieu.com\/en\/product\/la-francesina\/\" target=\"_self\" itemprop=\"url\" rel=\"noopener\">\n\t\t\t\t<img loading=\"lazy\" decoding=\"async\" src=\"https:\/\/www.concert-hosteldieu.com\/wp-content\/uploads\/2021\/06\/CD-La-Francesina-fond-noir-1024x1024.jpg\" alt=\"CD La Francesina fond noir\" itemprop=\"image\" height=\"1024\" width=\"1024\" title=\"CD La Francesina fond noir\" onerror=\"this.style.display='none'\"  \/>\n\t\t\t\t<\/a>\n\t<h3>\n\t\t\t\t<a href=\"https:\/\/www.concert-hosteldieu.com\/en\/product\/la-francesina\/\" title=\"Album\" target=\"_self\" rel=\"noopener\">\n\t\t\t\tAlbum\n\t\t\t\t<\/a>\n\t\t\t<\/h3>","protected":false},"excerpt":{"rendered":"<p>Sophie Junker Soprano Sophie Junker se produit r\u00e9guli\u00e8rement avec de grands chefs d&rsquo;orchestre tels que Harry Bicket (Dorinda dans Orlando), Laurence Cummings (Sigismondo dans Arminio, Aspasia dans Alexander Balus, Michal dans Saul et Bellezza dans Il Trionfo del Tempo e [&hellip;]<\/p>\n","protected":false},"author":2776,"featured_media":17476,"parent":12605,"menu_order":0,"comment_status":"closed","ping_status":"closed","template":"","meta":{"site-sidebar-layout":"no-sidebar","site-content-layout":"page-builder","ast-site-content-layout":"default","site-content-style":"default","site-sidebar-style":"default","ast-global-header-display":"","ast-banner-title-visibility":"","ast-main-header-display":"","ast-hfb-above-header-display":"","ast-hfb-below-header-display":"","ast-hfb-mobile-header-display":"","site-post-title":"disabled","ast-breadcrumbs-content":"","ast-featured-img":"disabled","footer-sml-layout":"","ast-disable-related-posts":"","theme-transparent-header-meta":"enabled","adv-header-id-meta":"","stick-header-meta":"default","header-above-stick-meta":"","header-main-stick-meta":"","header-below-stick-meta":"","astra-migrate-meta-layouts":"default","ast-page-background-enabled":"default","ast-page-background-meta":{"desktop":{"background-color":"","background-image":"","background-repeat":"repeat","background-position":"center center","background-size":"auto","background-attachment":"scroll","background-type":"","background-media":"","overlay-type":"","overlay-color":"","overlay-opacity":"","overlay-gradient":""},"tablet":{"background-color":"","background-image":"","background-repeat":"repeat","background-position":"center center","background-size":"auto","background-attachment":"scroll","background-type":"","background-media":"","overlay-type":"","overlay-color":"","overlay-opacity":"","overlay-gradient":""},"mobile":{"background-color":"","background-image":"","background-repeat":"repeat","background-position":"center center","background-size":"auto","background-attachment":"scroll","background-type":"","background-media":"","overlay-type":"","overlay-color":"","overlay-opacity":"","overlay-gradient":""}},"ast-content-background-meta":{"desktop":{"background-color":"var(--ast-global-color-5)","background-image":"","background-repeat":"repeat","background-position":"center center","background-size":"auto","background-attachment":"scroll","background-type":"","background-media":"","overlay-type":"","overlay-color":"","overlay-opacity":"","overlay-gradient":""},"tablet":{"background-color":"var(--ast-global-color-5)","background-image":"","background-repeat":"repeat","background-position":"center center","background-size":"auto","background-attachment":"scroll","background-type":"","background-media":"","overlay-type":"","overlay-color":"","overlay-opacity":"","overlay-gradient":""},"mobile":{"background-color":"var(--ast-global-color-5)","background-image":"","background-repeat":"repeat","background-position":"center center","background-size":"auto","background-attachment":"scroll","background-type":"","background-media":"","overlay-type":"","overlay-color":"","overlay-opacity":"","overlay-gradient":""}},"footnotes":""},"categories":[169,171],"tags":[],"class_list":["post-13797","page","type-page","status-publish","has-post-thumbnail","hentry","category-equipe-artistique","category-nosartistesinvites"],"yoast_head":"<!-- This site is optimized with the Yoast SEO plugin v27.5 - https:\/\/yoast.com\/product\/yoast-seo-wordpress\/ -->\n<title>Sophie Junker - Le Concert de l&#039;Hostel Dieu<\/title>\n<meta name=\"description\" content=\"Retrouvez Sophie Junker au c\u00f4t\u00e9 du Concert de l&#039;Hostel Dieu dans La Francesina, le portrait musical de la muse de Georg Friedrich H\u00e6ndel.\" \/>\n<meta name=\"robots\" content=\"index, follow, max-snippet:-1, max-image-preview:large, max-video-preview:-1\" \/>\n<link rel=\"canonical\" href=\"https:\/\/www.concert-hosteldieu.com\/en\/nos-musiciens\/sophie-junker\/\" \/>\n<meta property=\"og:locale\" content=\"en_GB\" \/>\n<meta property=\"og:type\" content=\"article\" \/>\n<meta property=\"og:title\" content=\"Sophie Junker - Le Concert de l&#039;Hostel Dieu\" \/>\n<meta property=\"og:description\" content=\"Retrouvez Sophie Junker au c\u00f4t\u00e9 du Concert de l&#039;Hostel Dieu dans La Francesina, le portrait musical de la muse de Georg Friedrich H\u00e6ndel.\" \/>\n<meta property=\"og:url\" content=\"https:\/\/www.concert-hosteldieu.com\/en\/nos-musiciens\/sophie-junker\/\" \/>\n<meta property=\"og:site_name\" content=\"Le Concert de l&#039;Hostel Dieu\" \/>\n<meta property=\"article:publisher\" content=\"https:\/\/www.facebook.com\/leconcert.delhosteldieu\" \/>\n<meta property=\"article:modified_time\" content=\"2024-01-09T14:29:41+00:00\" \/>\n<meta property=\"og:image\" content=\"https:\/\/www.concert-hosteldieu.com\/wp-content\/uploads\/2022\/06\/Sophie-Junker_La-Francesina\u00a9Jean-Baptiste-Millot.jpg\" \/>\n\t<meta property=\"og:image:width\" content=\"1920\" \/>\n\t<meta property=\"og:image:height\" content=\"1278\" \/>\n\t<meta property=\"og:image:type\" content=\"image\/jpeg\" \/>\n<meta name=\"twitter:label1\" content=\"Estimated reading time\" \/>\n\t<meta name=\"twitter:data1\" content=\"5 minutes\" \/>\n<script type=\"application\/ld+json\" class=\"yoast-schema-graph\">{\"@context\":\"https:\\\/\\\/schema.org\",\"@graph\":[{\"@type\":\"WebPage\",\"@id\":\"https:\\\/\\\/www.concert-hosteldieu.com\\\/nos-musiciens\\\/sophie-junker\\\/\",\"url\":\"https:\\\/\\\/www.concert-hosteldieu.com\\\/nos-musiciens\\\/sophie-junker\\\/\",\"name\":\"Sophie Junker - Le Concert de l&#039;Hostel Dieu\",\"isPartOf\":{\"@id\":\"https:\\\/\\\/www.concert-hosteldieu.com\\\/#website\"},\"primaryImageOfPage\":{\"@id\":\"https:\\\/\\\/www.concert-hosteldieu.com\\\/nos-musiciens\\\/sophie-junker\\\/#primaryimage\"},\"image\":{\"@id\":\"https:\\\/\\\/www.concert-hosteldieu.com\\\/nos-musiciens\\\/sophie-junker\\\/#primaryimage\"},\"thumbnailUrl\":\"https:\\\/\\\/www.concert-hosteldieu.com\\\/wp-content\\\/uploads\\\/2022\\\/06\\\/Sophie-Junker_La-Francesina\u00a9Jean-Baptiste-Millot.jpg\",\"datePublished\":\"2021-06-24T14:54:33+00:00\",\"dateModified\":\"2024-01-09T14:29:41+00:00\",\"description\":\"Retrouvez Sophie Junker au c\u00f4t\u00e9 du Concert de l'Hostel Dieu dans La Francesina, le portrait musical de la muse de Georg Friedrich H\u00e6ndel.\",\"breadcrumb\":{\"@id\":\"https:\\\/\\\/www.concert-hosteldieu.com\\\/nos-musiciens\\\/sophie-junker\\\/#breadcrumb\"},\"inLanguage\":\"en-GB\",\"potentialAction\":[{\"@type\":\"ReadAction\",\"target\":[\"https:\\\/\\\/www.concert-hosteldieu.com\\\/nos-musiciens\\\/sophie-junker\\\/\"]}]},{\"@type\":\"ImageObject\",\"inLanguage\":\"en-GB\",\"@id\":\"https:\\\/\\\/www.concert-hosteldieu.com\\\/nos-musiciens\\\/sophie-junker\\\/#primaryimage\",\"url\":\"https:\\\/\\\/www.concert-hosteldieu.com\\\/wp-content\\\/uploads\\\/2022\\\/06\\\/Sophie-Junker_La-Francesina\u00a9Jean-Baptiste-Millot.jpg\",\"contentUrl\":\"https:\\\/\\\/www.concert-hosteldieu.com\\\/wp-content\\\/uploads\\\/2022\\\/06\\\/Sophie-Junker_La-Francesina\u00a9Jean-Baptiste-Millot.jpg\",\"width\":1920,\"height\":1278},{\"@type\":\"BreadcrumbList\",\"@id\":\"https:\\\/\\\/www.concert-hosteldieu.com\\\/nos-musiciens\\\/sophie-junker\\\/#breadcrumb\",\"itemListElement\":[{\"@type\":\"ListItem\",\"position\":1,\"name\":\"Accueil\",\"item\":\"https:\\\/\\\/www.concert-hosteldieu.com\\\/\"},{\"@type\":\"ListItem\",\"position\":2,\"name\":\"Nos musiciens\",\"item\":\"https:\\\/\\\/www.concert-hosteldieu.com\\\/nos-musiciens\\\/\"},{\"@type\":\"ListItem\",\"position\":3,\"name\":\"Sophie Junker\"}]},{\"@type\":\"WebSite\",\"@id\":\"https:\\\/\\\/www.concert-hosteldieu.com\\\/#website\",\"url\":\"https:\\\/\\\/www.concert-hosteldieu.com\\\/\",\"name\":\"Le Concert de l&#039;Hostel Dieu\",\"description\":\"Franck-Emmanuel Comte\",\"publisher\":{\"@id\":\"https:\\\/\\\/www.concert-hosteldieu.com\\\/#organization\"},\"potentialAction\":[{\"@type\":\"SearchAction\",\"target\":{\"@type\":\"EntryPoint\",\"urlTemplate\":\"https:\\\/\\\/www.concert-hosteldieu.com\\\/?s={search_term_string}\"},\"query-input\":{\"@type\":\"PropertyValueSpecification\",\"valueRequired\":true,\"valueName\":\"search_term_string\"}}],\"inLanguage\":\"en-GB\"},{\"@type\":\"Organization\",\"@id\":\"https:\\\/\\\/www.concert-hosteldieu.com\\\/#organization\",\"name\":\"Le Concert de l'Hostel Dieu\",\"url\":\"https:\\\/\\\/www.concert-hosteldieu.com\\\/\",\"logo\":{\"@type\":\"ImageObject\",\"inLanguage\":\"en-GB\",\"@id\":\"https:\\\/\\\/www.concert-hosteldieu.com\\\/#\\\/schema\\\/logo\\\/image\\\/\",\"url\":\"https:\\\/\\\/www.concert-hosteldieu.com\\\/wp-content\\\/uploads\\\/2021\\\/06\\\/logo-chd-noir-transparent.png\",\"contentUrl\":\"https:\\\/\\\/www.concert-hosteldieu.com\\\/wp-content\\\/uploads\\\/2021\\\/06\\\/logo-chd-noir-transparent.png\",\"width\":262,\"height\":106,\"caption\":\"Le Concert de l'Hostel Dieu\"},\"image\":{\"@id\":\"https:\\\/\\\/www.concert-hosteldieu.com\\\/#\\\/schema\\\/logo\\\/image\\\/\"},\"sameAs\":[\"https:\\\/\\\/www.facebook.com\\\/leconcert.delhosteldieu\",\"https:\\\/\\\/x.com\\\/CHDLyon\",\"https:\\\/\\\/instagram.com\\\/concert_hostel_dieu\",\"https:\\\/\\\/www.linkedin.com\\\/company\\\/le-concert-de-l'hostel-dieu\\\/\",\"https:\\\/\\\/www.youtube.com\\\/user\\\/CHDLyon\"]}]}<\/script>\n<!-- \/ Yoast SEO plugin. -->","yoast_head_json":{"title":"Sophie Junker - Le Concert de l&#039;Hostel Dieu","description":"Retrouvez Sophie Junker au c\u00f4t\u00e9 du Concert de l'Hostel Dieu dans La Francesina, le portrait musical de la muse de Georg Friedrich H\u00e6ndel.","robots":{"index":"index","follow":"follow","max-snippet":"max-snippet:-1","max-image-preview":"max-image-preview:large","max-video-preview":"max-video-preview:-1"},"canonical":"https:\/\/www.concert-hosteldieu.com\/en\/nos-musiciens\/sophie-junker\/","og_locale":"en_GB","og_type":"article","og_title":"Sophie Junker - Le Concert de l&#039;Hostel Dieu","og_description":"Retrouvez Sophie Junker au c\u00f4t\u00e9 du Concert de l'Hostel Dieu dans La Francesina, le portrait musical de la muse de Georg Friedrich H\u00e6ndel.","og_url":"https:\/\/www.concert-hosteldieu.com\/en\/nos-musiciens\/sophie-junker\/","og_site_name":"Le Concert de l&#039;Hostel Dieu","article_publisher":"https:\/\/www.facebook.com\/leconcert.delhosteldieu","article_modified_time":"2024-01-09T14:29:41+00:00","og_image":[{"width":1920,"height":1278,"url":"https:\/\/www.concert-hosteldieu.com\/wp-content\/uploads\/2022\/06\/Sophie-Junker_La-Francesina\u00a9Jean-Baptiste-Millot.jpg","type":"image\/jpeg"}],"twitter_misc":{"Estimated reading time":"5 minutes"},"schema":{"@context":"https:\/\/schema.org","@graph":[{"@type":"WebPage","@id":"https:\/\/www.concert-hosteldieu.com\/nos-musiciens\/sophie-junker\/","url":"https:\/\/www.concert-hosteldieu.com\/nos-musiciens\/sophie-junker\/","name":"Sophie Junker - Le Concert de l&#039;Hostel Dieu","isPartOf":{"@id":"https:\/\/www.concert-hosteldieu.com\/#website"},"primaryImageOfPage":{"@id":"https:\/\/www.concert-hosteldieu.com\/nos-musiciens\/sophie-junker\/#primaryimage"},"image":{"@id":"https:\/\/www.concert-hosteldieu.com\/nos-musiciens\/sophie-junker\/#primaryimage"},"thumbnailUrl":"https:\/\/www.concert-hosteldieu.com\/wp-content\/uploads\/2022\/06\/Sophie-Junker_La-Francesina\u00a9Jean-Baptiste-Millot.jpg","datePublished":"2021-06-24T14:54:33+00:00","dateModified":"2024-01-09T14:29:41+00:00","description":"Retrouvez Sophie Junker au c\u00f4t\u00e9 du Concert de l'Hostel Dieu dans La Francesina, le portrait musical de la muse de Georg Friedrich H\u00e6ndel.","breadcrumb":{"@id":"https:\/\/www.concert-hosteldieu.com\/nos-musiciens\/sophie-junker\/#breadcrumb"},"inLanguage":"en-GB","potentialAction":[{"@type":"ReadAction","target":["https:\/\/www.concert-hosteldieu.com\/nos-musiciens\/sophie-junker\/"]}]},{"@type":"ImageObject","inLanguage":"en-GB","@id":"https:\/\/www.concert-hosteldieu.com\/nos-musiciens\/sophie-junker\/#primaryimage","url":"https:\/\/www.concert-hosteldieu.com\/wp-content\/uploads\/2022\/06\/Sophie-Junker_La-Francesina\u00a9Jean-Baptiste-Millot.jpg","contentUrl":"https:\/\/www.concert-hosteldieu.com\/wp-content\/uploads\/2022\/06\/Sophie-Junker_La-Francesina\u00a9Jean-Baptiste-Millot.jpg","width":1920,"height":1278},{"@type":"BreadcrumbList","@id":"https:\/\/www.concert-hosteldieu.com\/nos-musiciens\/sophie-junker\/#breadcrumb","itemListElement":[{"@type":"ListItem","position":1,"name":"Accueil","item":"https:\/\/www.concert-hosteldieu.com\/"},{"@type":"ListItem","position":2,"name":"Nos musiciens","item":"https:\/\/www.concert-hosteldieu.com\/nos-musiciens\/"},{"@type":"ListItem","position":3,"name":"Sophie Junker"}]},{"@type":"WebSite","@id":"https:\/\/www.concert-hosteldieu.com\/#website","url":"https:\/\/www.concert-hosteldieu.com\/","name":"Le Concert de l&#039;Hostel Dieu","description":"Franck-Emmanuel Comte","publisher":{"@id":"https:\/\/www.concert-hosteldieu.com\/#organization"},"potentialAction":[{"@type":"SearchAction","target":{"@type":"EntryPoint","urlTemplate":"https:\/\/www.concert-hosteldieu.com\/?s={search_term_string}"},"query-input":{"@type":"PropertyValueSpecification","valueRequired":true,"valueName":"search_term_string"}}],"inLanguage":"en-GB"},{"@type":"Organization","@id":"https:\/\/www.concert-hosteldieu.com\/#organization","name":"Le Concert de l'Hostel Dieu","url":"https:\/\/www.concert-hosteldieu.com\/","logo":{"@type":"ImageObject","inLanguage":"en-GB","@id":"https:\/\/www.concert-hosteldieu.com\/#\/schema\/logo\/image\/","url":"https:\/\/www.concert-hosteldieu.com\/wp-content\/uploads\/2021\/06\/logo-chd-noir-transparent.png","contentUrl":"https:\/\/www.concert-hosteldieu.com\/wp-content\/uploads\/2021\/06\/logo-chd-noir-transparent.png","width":262,"height":106,"caption":"Le Concert de l'Hostel Dieu"},"image":{"@id":"https:\/\/www.concert-hosteldieu.com\/#\/schema\/logo\/image\/"},"sameAs":["https:\/\/www.facebook.com\/leconcert.delhosteldieu","https:\/\/x.com\/CHDLyon","https:\/\/instagram.com\/concert_hostel_dieu","https:\/\/www.linkedin.com\/company\/le-concert-de-l'hostel-dieu\/","https:\/\/www.youtube.com\/user\/CHDLyon"]}]}},"_links":{"self":[{"href":"https:\/\/www.concert-hosteldieu.com\/en\/wp-json\/wp\/v2\/pages\/13797","targetHints":{"allow":["GET"]}}],"collection":[{"href":"https:\/\/www.concert-hosteldieu.com\/en\/wp-json\/wp\/v2\/pages"}],"about":[{"href":"https:\/\/www.concert-hosteldieu.com\/en\/wp-json\/wp\/v2\/types\/page"}],"author":[{"embeddable":true,"href":"https:\/\/www.concert-hosteldieu.com\/en\/wp-json\/wp\/v2\/users\/2776"}],"replies":[{"embeddable":true,"href":"https:\/\/www.concert-hosteldieu.com\/en\/wp-json\/wp\/v2\/comments?post=13797"}],"version-history":[{"count":3,"href":"https:\/\/www.concert-hosteldieu.com\/en\/wp-json\/wp\/v2\/pages\/13797\/revisions"}],"predecessor-version":[{"id":21557,"href":"https:\/\/www.concert-hosteldieu.com\/en\/wp-json\/wp\/v2\/pages\/13797\/revisions\/21557"}],"up":[{"embeddable":true,"href":"https:\/\/www.concert-hosteldieu.com\/en\/wp-json\/wp\/v2\/pages\/12605"}],"wp:featuredmedia":[{"embeddable":true,"href":"https:\/\/www.concert-hosteldieu.com\/en\/wp-json\/wp\/v2\/media\/17476"}],"wp:attachment":[{"href":"https:\/\/www.concert-hosteldieu.com\/en\/wp-json\/wp\/v2\/media?parent=13797"}],"wp:term":[{"taxonomy":"category","embeddable":true,"href":"https:\/\/www.concert-hosteldieu.com\/en\/wp-json\/wp\/v2\/categories?post=13797"},{"taxonomy":"post_tag","embeddable":true,"href":"https:\/\/www.concert-hosteldieu.com\/en\/wp-json\/wp\/v2\/tags?post=13797"}],"curies":[{"name":"wp","href":"https:\/\/api.w.org\/{rel}","templated":true}]}}