{"id":13673,"date":"2021-06-23T13:54:40","date_gmt":"2021-06-23T12:54:40","guid":{"rendered":"https:\/\/dev.concert-hosteldieu.com\/?page_id=13673"},"modified":"2022-08-10T15:20:29","modified_gmt":"2022-08-10T14:20:29","slug":"aurelie-metivier","status":"publish","type":"page","link":"https:\/\/www.concert-hosteldieu.com\/en\/nos-musiciens\/aurelie-metivier\/","title":{"rendered":"Aur\u00e9lie M\u00e9tivier"},"content":{"rendered":"<h2>\n\t\t\t\tAur\u00e9lie M\u00e9tivier\n\t\t\t<\/h2>\n\t\t\t<h4>Viola<\/h4>\t\n\t<p>Form\u00e9e au Conservatoire national sup\u00e9rieur de musique et de danse de Lyon aupr\u00e8s de Jean-Philippe Vasseur, puis \u00e0 la Haute \u00e9cole de musique de Gen\u00e8ve aupr\u00e8s de Florence Malgoire, Aur\u00e9lie M\u00e9tivier est titulaire de deux Masters d&rsquo;interpr\u00e9tation, l&rsquo;un en alto et l&rsquo;autre sp\u00e9cialis\u00e9 en pratique des instruments historiques. Elle b\u00e9n\u00e9ficie \u00e9galement des conseils de Bruno Pasquier, G\u00e9rard Causs\u00e9, Antoine Tamestit et Jutta Pucchammer. Parall\u00e8lement, elle obtient une Licence de musicologie \u00e0 l&rsquo;Universit\u00e9 Paris IV-Sorbonne.<\/p>\n<p>En tant qu&rsquo;interpr\u00e8te, elle refuse tout enfermement stylistique. \u00c0 l&rsquo;aise sur instruments de toutes \u00e9poques (elle approfondit sa formation au m\u00e9tier de l&rsquo;orchestre classique et romantique \u00e0 Saintes de 2009 \u00e0 2011), elle s&rsquo;int\u00e9resse au r\u00e9pertoire ancien comme contemporain, savant ou populaire. Elle est membre titulaire ou invit\u00e9e d&rsquo;ensembles d&rsquo;esth\u00e9tiques et formations vari\u00e9es, allant de l&rsquo;ensemble de chambre \u00e0 l&rsquo;orchestre symphonique : Orchestre des Champs-\u00c9lys\u00e9es, Ensemble SyLF, Le Concert de l&rsquo;Hostel Dieu, Il Delirio Fantastico, Ensemble orchestral contemporain, Orchestre des Pays de Savoie&#8230;. Elle a ainsi eu l&rsquo;occasion de jouer sous la baguette de chefs renomm\u00e9s (Philippe Herreweghe, Gabriel Garrido, Louis Langr\u00e9e, Leonardo Garcia Alarcon, David Reiland, Marc Minkowski, Herv\u00e9 Niquet&#8230;) et participe \u00e0 de nombreux festivals (Ambronay, Saintes, Avignon, Vochora, Toulouse les orgues, La Chaise-Dieu, Nuits de Fourvi\u00e8re, Les Arts Franchis&#8230;).<\/p>\n<p>Chamber music plays an important part in her musical activities. She has broadened her knowledge of chamber music with Pascal Robault, the Manfred Quartet and the Debussy Quartet. She performs regularly with the various chamber ensembles of which she is a founding member: <a href=\"https:\/\/www.facebook.com\/trioguersan\/\" target=\"_blank\" rel=\"noopener\">Trio Guersan<\/a> (trio \u00e0 cordes jouant sur instruments d&rsquo;\u00e9poque), <a href=\"https:\/\/www.facebook.com\/ensemblallaprima\/\" target=\"_blank\" rel=\"noopener\">Ensemble Alla Prima<\/a> (variable-geometry ensemble based on the \"French quintet\"), <a href=\"https:\/\/www.facebook.com\/adopteunquatuor\/\" target=\"_blank\" rel=\"noopener\">Quatuor Arta Balarta<\/a> (string quartet). She is also a guest member of various ensembles.<\/p>\n<p>Musicienne polyvalente, elle accorde une grande importance \u00e0 la p\u00e9dagogie. Apr\u00e8s l&rsquo;obtention d&rsquo;un Dipl\u00f4me d&rsquo;\u00c9tat et d&rsquo;un Certificat d&rsquo;aptitude d&rsquo;alto, elle est actuellement professeur au Conservatoire de Rive-de-Gier (42).<\/p>\n\t\t\t\t<img loading=\"lazy\" decoding=\"async\" src=\"https:\/\/www.concert-hosteldieu.com\/wp-content\/uploads\/2021\/06\/Confluence-121_web.jpg\" alt=\"\u00a9Julie Cherki\" itemprop=\"image\" height=\"1280\" width=\"1920\" title=\"Aur\u00e9lie M\u00e9tivier\u00a9Julie Cherki\" onerror=\"this.style.display='none'\"  \/>\n\t\t\u00a9Julie Cherki\n<h4>\n\t\tOur musicians\n\t<\/h4>\n\t\t\t\t\t\t\t\t\t\t\t\t\t\t<a href=\"https:\/\/www.concert-hosteldieu.com\/en\/nos-musiciens\/aude-walker-viry\/\" target=\"_self\" title=\"Aude Walker-Viry\" rel=\"noopener\">\n\t\t\t\t<img decoding=\"async\" src=\"https:\/\/www.concert-hosteldieu.com\/wp-content\/uploads\/2021\/06\/GAM07756.jpg\" alt=\"\" \/>\n\t\t\t\t<\/a>\n\t\t\t\t\t\t<h3>\n\t\t\t\t<a href=\"https:\/\/www.concert-hosteldieu.com\/en\/nos-musiciens\/aude-walker-viry\/\" title=\"Aude Walker-Viry\" tabindex=\"0\">Aude Walker-Viry<\/a>\t\t\t<\/h3>\n\t\t\t\t\t\t\t\t\t\t\t\t\t\t<a href=\"https:\/\/www.concert-hosteldieu.com\/en\/nos-musiciens\/reynier-guerrero\/\" target=\"_self\" title=\"Reynier Guerrero\" rel=\"noopener\">\n\t\t\t\t<img decoding=\"async\" src=\"https:\/\/www.concert-hosteldieu.com\/wp-content\/uploads\/2021\/06\/Confluence-81_web-1024x683.jpg\" alt=\"\" \/>\n\t\t\t\t<\/a>\n\t\t\t\t\t\t<h3>\n\t\t\t\t<a href=\"https:\/\/www.concert-hosteldieu.com\/en\/nos-musiciens\/reynier-guerrero\/\" title=\"Reynier Guerrero\" tabindex=\"0\">Reynier Guerrero<\/a>\t\t\t<\/h3>\n\t\t\t\t\t\t\t\t\t\t\t\t\t\t<a href=\"https:\/\/www.concert-hosteldieu.com\/en\/nos-musiciens\/andre-costa\/\" target=\"_self\" title=\"Andr\u00e9 Costa\" rel=\"noopener\">\n\t\t\t\t<img decoding=\"async\" src=\"https:\/\/www.concert-hosteldieu.com\/wp-content\/uploads\/2021\/06\/Confluence-109_web-1024x683.jpg\" alt=\"\" \/>\n\t\t\t\t<\/a>\n\t\t\t\t\t\t<h3>\n\t\t\t\t<a href=\"https:\/\/www.concert-hosteldieu.com\/en\/nos-musiciens\/andre-costa\/\" title=\"Andr\u00e9 Costa\" tabindex=\"0\">Andr\u00e9 Costa<\/a>\t\t\t<\/h3>\n\t\t\t\t\t\t\t\t\t\t\t\t\t\t<a href=\"https:\/\/www.concert-hosteldieu.com\/en\/nos-musiciens\/florian-verhaegen\/\" target=\"_self\" title=\"Florian Verhaegen\" rel=\"noopener\">\n\t\t\t\t<img decoding=\"async\" src=\"https:\/\/www.concert-hosteldieu.com\/wp-content\/uploads\/2021\/06\/Confluence-91-2-1024x683.jpg\" alt=\"\" \/>\n\t\t\t\t<\/a>\n\t\t\t\t\t\t<h3>\n\t\t\t\t<a href=\"https:\/\/www.concert-hosteldieu.com\/en\/nos-musiciens\/florian-verhaegen\/\" title=\"Florian Verhaegen\" tabindex=\"0\">Florian Verhaegen<\/a>\t\t\t<\/h3>\n\t\t\t\t\t\t\t\t\t\t\t\t\t\t<a href=\"https:\/\/www.concert-hosteldieu.com\/en\/nos-musiciens\/ulrik-gaston-larsen\/\" target=\"_self\" title=\"Ulrik Gaston Larsen\" rel=\"noopener\">\n\t\t\t\t<img decoding=\"async\" src=\"https:\/\/www.concert-hosteldieu.com\/wp-content\/uploads\/2020\/06\/concert-hostel-dieu-GASTON-LARSEN-Ulrik-credit-Alfonso-Marin-1024x770.jpeg\" alt=\"concert-hostel-dieu-GASTON-LARSEN-Ulrik-credit-Alfonso-Marin\" \/>\n\t\t\t\t<\/a>\n\t\t\t\t\t\t<h3>\n\t\t\t\t<a href=\"https:\/\/www.concert-hosteldieu.com\/en\/nos-musiciens\/ulrik-gaston-larsen\/\" title=\"Ulrik Gaston Larsen\" tabindex=\"0\">Ulrik Gaston Larsen<\/a>\t\t\t<\/h3>\n\t\t\t\t\t\t\t\t\t\t\t\t\t\t<a href=\"https:\/\/www.concert-hosteldieu.com\/en\/nos-musiciens\/elisabeth-passot\/\" target=\"_self\" title=\"Elisabeth Passot\" rel=\"noopener\">\n\t\t\t\t<img decoding=\"async\" src=\"https:\/\/www.concert-hosteldieu.com\/wp-content\/uploads\/2021\/07\/concert-hostel-dieu-porpora-elisabeth-passot-credit-julie-cherki-2-1024x683.jpg\" alt=\"\" \/>\n\t\t\t\t<\/a>\n\t\t\t\t\t\t<h3>\n\t\t\t\t<a href=\"https:\/\/www.concert-hosteldieu.com\/en\/nos-musiciens\/elisabeth-passot\/\" title=\"Elisabeth Passot\" tabindex=\"0\">Elisabeth Passot<\/a>\t\t\t<\/h3>\n\t\t\t\t\t\t\t\t\t\t\t\t\t\t<a href=\"https:\/\/www.concert-hosteldieu.com\/en\/nos-musiciens\/angelina-holzhofer\/\" target=\"_self\" title=\"Angelina Holzhofer\" rel=\"noopener\">\n\t\t\t\t<img decoding=\"async\" src=\"https:\/\/www.concert-hosteldieu.com\/wp-content\/uploads\/2021\/06\/Confluence-117_web-1024x683.jpg\" alt=\"\" \/>\n\t\t\t\t<\/a>\n\t\t\t\t\t\t<h3>\n\t\t\t\t<a href=\"https:\/\/www.concert-hosteldieu.com\/en\/nos-musiciens\/angelina-holzhofer\/\" title=\"Angelina Holzhofer\" tabindex=\"0\">Angelina Holzhofer<\/a>\t\t\t<\/h3>\n\t\t\t\t\t\t\t\t\t\t\t\t\t\t<a href=\"https:\/\/www.concert-hosteldieu.com\/en\/nos-musiciens\/sayaka-shinoda\/\" target=\"_self\" title=\"Sayaka Shinoda\" rel=\"noopener\">\n\t\t\t\t<img decoding=\"async\" src=\"https:\/\/www.concert-hosteldieu.com\/wp-content\/uploads\/2021\/07\/Sayaka-Shinoda1\u00a9Julie-Cherki-1-1024x683.jpg\" alt=\"\" \/>\n\t\t\t\t<\/a>\n\t\t\t\t\t\t<h3>\n\t\t\t\t<a href=\"https:\/\/www.concert-hosteldieu.com\/en\/nos-musiciens\/sayaka-shinoda\/\" title=\"Sayaka Shinoda\" tabindex=\"0\">Sayaka Shinoda<\/a>\t\t\t<\/h3>\n\t\t\t\t\t\t\t\t\t\t\t\t\t\t<a href=\"https:\/\/www.concert-hosteldieu.com\/en\/nos-musiciens\/benoit-morel\/\" target=\"_self\" title=\"Beno\u00eet Morel\" rel=\"noopener\">\n\t\t\t\t<img decoding=\"async\" src=\"https:\/\/www.concert-hosteldieu.com\/wp-content\/uploads\/2021\/06\/Confluence-137_web-1024x683.jpg\" alt=\"\" \/>\n\t\t\t\t<\/a>\n\t\t\t\t\t\t<h3>\n\t\t\t\t<a href=\"https:\/\/www.concert-hosteldieu.com\/en\/nos-musiciens\/benoit-morel\/\" title=\"Beno\u00eet Morel\" tabindex=\"0\">Beno\u00eet Morel<\/a>\t\t\t<\/h3>\n\t\t\t\t\t\t\t\t\t\t\t\t\t\t<a href=\"https:\/\/www.concert-hosteldieu.com\/en\/nos-musiciens\/maria-raffaele\/\" target=\"_self\" title=\"Maria Raffaele\" rel=\"noopener\">\n\t\t\t\t<img decoding=\"async\" src=\"https:\/\/www.concert-hosteldieu.com\/wp-content\/uploads\/2021\/07\/GAM07489.jpg\" alt=\"\" \/>\n\t\t\t\t<\/a>\n\t\t\t\t\t\t<h3>\n\t\t\t\t<a href=\"https:\/\/www.concert-hosteldieu.com\/en\/nos-musiciens\/maria-raffaele\/\" title=\"Maria Raffaele\" tabindex=\"0\">Maria Raffaele<\/a>\t\t\t<\/h3>","protected":false},"excerpt":{"rendered":"<p>Aur\u00e9lie M\u00e9tivier Alto Form\u00e9e au Conservatoire national sup\u00e9rieur de musique et de danse de Lyon aupr\u00e8s de Jean-Philippe Vasseur, puis \u00e0 la Haute \u00e9cole de musique de Gen\u00e8ve aupr\u00e8s de Florence Malgoire, Aur\u00e9lie M\u00e9tivier est titulaire de deux Masters d&rsquo;interpr\u00e9tation, [&hellip;]<\/p>\n","protected":false},"author":2776,"featured_media":13676,"parent":12605,"menu_order":0,"comment_status":"closed","ping_status":"closed","template":"","meta":{"site-sidebar-layout":"no-sidebar","site-content-layout":"page-builder","ast-site-content-layout":"default","site-content-style":"default","site-sidebar-style":"default","ast-global-header-display":"","ast-banner-title-visibility":"","ast-main-header-display":"","ast-hfb-above-header-display":"","ast-hfb-below-header-display":"","ast-hfb-mobile-header-display":"","site-post-title":"disabled","ast-breadcrumbs-content":"","ast-featured-img":"disabled","footer-sml-layout":"","ast-disable-related-posts":"","theme-transparent-header-meta":"enabled","adv-header-id-meta":"","stick-header-meta":"default","header-above-stick-meta":"","header-main-stick-meta":"","header-below-stick-meta":"","astra-migrate-meta-layouts":"default","ast-page-background-enabled":"default","ast-page-background-meta":{"desktop":{"background-color":"","background-image":"","background-repeat":"repeat","background-position":"center center","background-size":"auto","background-attachment":"scroll","background-type":"","background-media":"","overlay-type":"","overlay-color":"","overlay-opacity":"","overlay-gradient":""},"tablet":{"background-color":"","background-image":"","background-repeat":"repeat","background-position":"center center","background-size":"auto","background-attachment":"scroll","background-type":"","background-media":"","overlay-type":"","overlay-color":"","overlay-opacity":"","overlay-gradient":""},"mobile":{"background-color":"","background-image":"","background-repeat":"repeat","background-position":"center center","background-size":"auto","background-attachment":"scroll","background-type":"","background-media":"","overlay-type":"","overlay-color":"","overlay-opacity":"","overlay-gradient":""}},"ast-content-background-meta":{"desktop":{"background-color":"var(--ast-global-color-5)","background-image":"","background-repeat":"repeat","background-position":"center center","background-size":"auto","background-attachment":"scroll","background-type":"","background-media":"","overlay-type":"","overlay-color":"","overlay-opacity":"","overlay-gradient":""},"tablet":{"background-color":"var(--ast-global-color-5)","background-image":"","background-repeat":"repeat","background-position":"center center","background-size":"auto","background-attachment":"scroll","background-type":"","background-media":"","overlay-type":"","overlay-color":"","overlay-opacity":"","overlay-gradient":""},"mobile":{"background-color":"var(--ast-global-color-5)","background-image":"","background-repeat":"repeat","background-position":"center center","background-size":"auto","background-attachment":"scroll","background-type":"","background-media":"","overlay-type":"","overlay-color":"","overlay-opacity":"","overlay-gradient":""}},"footnotes":""},"categories":[169,170],"tags":[],"class_list":["post-13673","page","type-page","status-publish","has-post-thumbnail","hentry","category-equipe-artistique","category-nosmusiciens"],"yoast_head":"<!-- This site is optimized with the Yoast SEO plugin v27.4 - https:\/\/yoast.com\/product\/yoast-seo-wordpress\/ -->\n<title>Aur\u00e9lie M\u00e9tivier - Le Concert de l&#039;Hostel Dieu<\/title>\n<meta name=\"robots\" content=\"index, follow, max-snippet:-1, max-image-preview:large, max-video-preview:-1\" \/>\n<link rel=\"canonical\" href=\"https:\/\/www.concert-hosteldieu.com\/en\/nos-musiciens\/aurelie-metivier\/\" \/>\n<meta property=\"og:locale\" content=\"en_GB\" \/>\n<meta property=\"og:type\" content=\"article\" \/>\n<meta property=\"og:title\" content=\"Aur\u00e9lie M\u00e9tivier - Le Concert de l&#039;Hostel Dieu\" \/>\n<meta property=\"og:description\" content=\"Aur\u00e9lie M\u00e9tivier Alto Form\u00e9e au Conservatoire national sup\u00e9rieur de musique et de danse de Lyon aupr\u00e8s de Jean-Philippe Vasseur, puis \u00e0 la Haute \u00e9cole de musique de Gen\u00e8ve aupr\u00e8s de Florence Malgoire, Aur\u00e9lie M\u00e9tivier est titulaire de deux Masters d&rsquo;interpr\u00e9tation, [&hellip;]\" \/>\n<meta property=\"og:url\" content=\"https:\/\/www.concert-hosteldieu.com\/en\/nos-musiciens\/aurelie-metivier\/\" \/>\n<meta property=\"og:site_name\" content=\"Le Concert de l&#039;Hostel Dieu\" \/>\n<meta property=\"article:publisher\" content=\"https:\/\/www.facebook.com\/leconcert.delhosteldieu\" \/>\n<meta property=\"article:modified_time\" content=\"2022-08-10T14:20:29+00:00\" \/>\n<meta property=\"og:image\" content=\"https:\/\/www.concert-hosteldieu.com\/wp-content\/uploads\/2021\/06\/Confluence-121_web.jpg\" \/>\n\t<meta property=\"og:image:width\" content=\"1920\" \/>\n\t<meta property=\"og:image:height\" content=\"1280\" \/>\n\t<meta property=\"og:image:type\" content=\"image\/jpeg\" \/>\n<meta name=\"twitter:label1\" content=\"Estimated reading time\" \/>\n\t<meta name=\"twitter:data1\" content=\"2 minutes\" \/>\n<script type=\"application\/ld+json\" class=\"yoast-schema-graph\">{\"@context\":\"https:\\\/\\\/schema.org\",\"@graph\":[{\"@type\":\"WebPage\",\"@id\":\"https:\\\/\\\/www.concert-hosteldieu.com\\\/nos-musiciens\\\/aurelie-metivier\\\/\",\"url\":\"https:\\\/\\\/www.concert-hosteldieu.com\\\/nos-musiciens\\\/aurelie-metivier\\\/\",\"name\":\"Aur\u00e9lie M\u00e9tivier - Le Concert de l&#039;Hostel Dieu\",\"isPartOf\":{\"@id\":\"https:\\\/\\\/www.concert-hosteldieu.com\\\/#website\"},\"primaryImageOfPage\":{\"@id\":\"https:\\\/\\\/www.concert-hosteldieu.com\\\/nos-musiciens\\\/aurelie-metivier\\\/#primaryimage\"},\"image\":{\"@id\":\"https:\\\/\\\/www.concert-hosteldieu.com\\\/nos-musiciens\\\/aurelie-metivier\\\/#primaryimage\"},\"thumbnailUrl\":\"https:\\\/\\\/www.concert-hosteldieu.com\\\/wp-content\\\/uploads\\\/2021\\\/06\\\/Confluence-121_web.jpg\",\"datePublished\":\"2021-06-23T12:54:40+00:00\",\"dateModified\":\"2022-08-10T14:20:29+00:00\",\"breadcrumb\":{\"@id\":\"https:\\\/\\\/www.concert-hosteldieu.com\\\/nos-musiciens\\\/aurelie-metivier\\\/#breadcrumb\"},\"inLanguage\":\"en-GB\",\"potentialAction\":[{\"@type\":\"ReadAction\",\"target\":[\"https:\\\/\\\/www.concert-hosteldieu.com\\\/nos-musiciens\\\/aurelie-metivier\\\/\"]}]},{\"@type\":\"ImageObject\",\"inLanguage\":\"en-GB\",\"@id\":\"https:\\\/\\\/www.concert-hosteldieu.com\\\/nos-musiciens\\\/aurelie-metivier\\\/#primaryimage\",\"url\":\"https:\\\/\\\/www.concert-hosteldieu.com\\\/wp-content\\\/uploads\\\/2021\\\/06\\\/Confluence-121_web.jpg\",\"contentUrl\":\"https:\\\/\\\/www.concert-hosteldieu.com\\\/wp-content\\\/uploads\\\/2021\\\/06\\\/Confluence-121_web.jpg\",\"width\":1920,\"height\":1280,\"caption\":\"\u00a9Julie Cherki\"},{\"@type\":\"BreadcrumbList\",\"@id\":\"https:\\\/\\\/www.concert-hosteldieu.com\\\/nos-musiciens\\\/aurelie-metivier\\\/#breadcrumb\",\"itemListElement\":[{\"@type\":\"ListItem\",\"position\":1,\"name\":\"Accueil\",\"item\":\"https:\\\/\\\/www.concert-hosteldieu.com\\\/\"},{\"@type\":\"ListItem\",\"position\":2,\"name\":\"Nos musiciens\",\"item\":\"https:\\\/\\\/www.concert-hosteldieu.com\\\/nos-musiciens\\\/\"},{\"@type\":\"ListItem\",\"position\":3,\"name\":\"Aur\u00e9lie M\u00e9tivier\"}]},{\"@type\":\"WebSite\",\"@id\":\"https:\\\/\\\/www.concert-hosteldieu.com\\\/#website\",\"url\":\"https:\\\/\\\/www.concert-hosteldieu.com\\\/\",\"name\":\"Le Concert de l&#039;Hostel Dieu\",\"description\":\"Franck-Emmanuel Comte\",\"publisher\":{\"@id\":\"https:\\\/\\\/www.concert-hosteldieu.com\\\/#organization\"},\"potentialAction\":[{\"@type\":\"SearchAction\",\"target\":{\"@type\":\"EntryPoint\",\"urlTemplate\":\"https:\\\/\\\/www.concert-hosteldieu.com\\\/?s={search_term_string}\"},\"query-input\":{\"@type\":\"PropertyValueSpecification\",\"valueRequired\":true,\"valueName\":\"search_term_string\"}}],\"inLanguage\":\"en-GB\"},{\"@type\":\"Organization\",\"@id\":\"https:\\\/\\\/www.concert-hosteldieu.com\\\/#organization\",\"name\":\"Le Concert de l'Hostel Dieu\",\"url\":\"https:\\\/\\\/www.concert-hosteldieu.com\\\/\",\"logo\":{\"@type\":\"ImageObject\",\"inLanguage\":\"en-GB\",\"@id\":\"https:\\\/\\\/www.concert-hosteldieu.com\\\/#\\\/schema\\\/logo\\\/image\\\/\",\"url\":\"https:\\\/\\\/www.concert-hosteldieu.com\\\/wp-content\\\/uploads\\\/2021\\\/06\\\/logo-chd-noir-transparent.png\",\"contentUrl\":\"https:\\\/\\\/www.concert-hosteldieu.com\\\/wp-content\\\/uploads\\\/2021\\\/06\\\/logo-chd-noir-transparent.png\",\"width\":262,\"height\":106,\"caption\":\"Le Concert de l'Hostel Dieu\"},\"image\":{\"@id\":\"https:\\\/\\\/www.concert-hosteldieu.com\\\/#\\\/schema\\\/logo\\\/image\\\/\"},\"sameAs\":[\"https:\\\/\\\/www.facebook.com\\\/leconcert.delhosteldieu\",\"https:\\\/\\\/x.com\\\/CHDLyon\",\"https:\\\/\\\/instagram.com\\\/concert_hostel_dieu\",\"https:\\\/\\\/www.linkedin.com\\\/company\\\/le-concert-de-l'hostel-dieu\\\/\",\"https:\\\/\\\/www.youtube.com\\\/user\\\/CHDLyon\"]}]}<\/script>\n<!-- \/ Yoast SEO plugin. -->","yoast_head_json":{"title":"Aur\u00e9lie M\u00e9tivier - Le Concert de l&#039;Hostel Dieu","robots":{"index":"index","follow":"follow","max-snippet":"max-snippet:-1","max-image-preview":"max-image-preview:large","max-video-preview":"max-video-preview:-1"},"canonical":"https:\/\/www.concert-hosteldieu.com\/en\/nos-musiciens\/aurelie-metivier\/","og_locale":"en_GB","og_type":"article","og_title":"Aur\u00e9lie M\u00e9tivier - Le Concert de l&#039;Hostel Dieu","og_description":"Aur\u00e9lie M\u00e9tivier Alto Form\u00e9e au Conservatoire national sup\u00e9rieur de musique et de danse de Lyon aupr\u00e8s de Jean-Philippe Vasseur, puis \u00e0 la Haute \u00e9cole de musique de Gen\u00e8ve aupr\u00e8s de Florence Malgoire, Aur\u00e9lie M\u00e9tivier est titulaire de deux Masters d&rsquo;interpr\u00e9tation, [&hellip;]","og_url":"https:\/\/www.concert-hosteldieu.com\/en\/nos-musiciens\/aurelie-metivier\/","og_site_name":"Le Concert de l&#039;Hostel Dieu","article_publisher":"https:\/\/www.facebook.com\/leconcert.delhosteldieu","article_modified_time":"2022-08-10T14:20:29+00:00","og_image":[{"width":1920,"height":1280,"url":"https:\/\/www.concert-hosteldieu.com\/wp-content\/uploads\/2021\/06\/Confluence-121_web.jpg","type":"image\/jpeg"}],"twitter_misc":{"Estimated reading time":"2 minutes"},"schema":{"@context":"https:\/\/schema.org","@graph":[{"@type":"WebPage","@id":"https:\/\/www.concert-hosteldieu.com\/nos-musiciens\/aurelie-metivier\/","url":"https:\/\/www.concert-hosteldieu.com\/nos-musiciens\/aurelie-metivier\/","name":"Aur\u00e9lie M\u00e9tivier - Le Concert de l&#039;Hostel Dieu","isPartOf":{"@id":"https:\/\/www.concert-hosteldieu.com\/#website"},"primaryImageOfPage":{"@id":"https:\/\/www.concert-hosteldieu.com\/nos-musiciens\/aurelie-metivier\/#primaryimage"},"image":{"@id":"https:\/\/www.concert-hosteldieu.com\/nos-musiciens\/aurelie-metivier\/#primaryimage"},"thumbnailUrl":"https:\/\/www.concert-hosteldieu.com\/wp-content\/uploads\/2021\/06\/Confluence-121_web.jpg","datePublished":"2021-06-23T12:54:40+00:00","dateModified":"2022-08-10T14:20:29+00:00","breadcrumb":{"@id":"https:\/\/www.concert-hosteldieu.com\/nos-musiciens\/aurelie-metivier\/#breadcrumb"},"inLanguage":"en-GB","potentialAction":[{"@type":"ReadAction","target":["https:\/\/www.concert-hosteldieu.com\/nos-musiciens\/aurelie-metivier\/"]}]},{"@type":"ImageObject","inLanguage":"en-GB","@id":"https:\/\/www.concert-hosteldieu.com\/nos-musiciens\/aurelie-metivier\/#primaryimage","url":"https:\/\/www.concert-hosteldieu.com\/wp-content\/uploads\/2021\/06\/Confluence-121_web.jpg","contentUrl":"https:\/\/www.concert-hosteldieu.com\/wp-content\/uploads\/2021\/06\/Confluence-121_web.jpg","width":1920,"height":1280,"caption":"\u00a9Julie Cherki"},{"@type":"BreadcrumbList","@id":"https:\/\/www.concert-hosteldieu.com\/nos-musiciens\/aurelie-metivier\/#breadcrumb","itemListElement":[{"@type":"ListItem","position":1,"name":"Accueil","item":"https:\/\/www.concert-hosteldieu.com\/"},{"@type":"ListItem","position":2,"name":"Nos musiciens","item":"https:\/\/www.concert-hosteldieu.com\/nos-musiciens\/"},{"@type":"ListItem","position":3,"name":"Aur\u00e9lie M\u00e9tivier"}]},{"@type":"WebSite","@id":"https:\/\/www.concert-hosteldieu.com\/#website","url":"https:\/\/www.concert-hosteldieu.com\/","name":"Le Concert de l&#039;Hostel Dieu","description":"Franck-Emmanuel Comte","publisher":{"@id":"https:\/\/www.concert-hosteldieu.com\/#organization"},"potentialAction":[{"@type":"SearchAction","target":{"@type":"EntryPoint","urlTemplate":"https:\/\/www.concert-hosteldieu.com\/?s={search_term_string}"},"query-input":{"@type":"PropertyValueSpecification","valueRequired":true,"valueName":"search_term_string"}}],"inLanguage":"en-GB"},{"@type":"Organization","@id":"https:\/\/www.concert-hosteldieu.com\/#organization","name":"Le Concert de l'Hostel Dieu","url":"https:\/\/www.concert-hosteldieu.com\/","logo":{"@type":"ImageObject","inLanguage":"en-GB","@id":"https:\/\/www.concert-hosteldieu.com\/#\/schema\/logo\/image\/","url":"https:\/\/www.concert-hosteldieu.com\/wp-content\/uploads\/2021\/06\/logo-chd-noir-transparent.png","contentUrl":"https:\/\/www.concert-hosteldieu.com\/wp-content\/uploads\/2021\/06\/logo-chd-noir-transparent.png","width":262,"height":106,"caption":"Le Concert de l'Hostel Dieu"},"image":{"@id":"https:\/\/www.concert-hosteldieu.com\/#\/schema\/logo\/image\/"},"sameAs":["https:\/\/www.facebook.com\/leconcert.delhosteldieu","https:\/\/x.com\/CHDLyon","https:\/\/instagram.com\/concert_hostel_dieu","https:\/\/www.linkedin.com\/company\/le-concert-de-l'hostel-dieu\/","https:\/\/www.youtube.com\/user\/CHDLyon"]}]}},"_links":{"self":[{"href":"https:\/\/www.concert-hosteldieu.com\/en\/wp-json\/wp\/v2\/pages\/13673","targetHints":{"allow":["GET"]}}],"collection":[{"href":"https:\/\/www.concert-hosteldieu.com\/en\/wp-json\/wp\/v2\/pages"}],"about":[{"href":"https:\/\/www.concert-hosteldieu.com\/en\/wp-json\/wp\/v2\/types\/page"}],"author":[{"embeddable":true,"href":"https:\/\/www.concert-hosteldieu.com\/en\/wp-json\/wp\/v2\/users\/2776"}],"replies":[{"embeddable":true,"href":"https:\/\/www.concert-hosteldieu.com\/en\/wp-json\/wp\/v2\/comments?post=13673"}],"version-history":[{"count":1,"href":"https:\/\/www.concert-hosteldieu.com\/en\/wp-json\/wp\/v2\/pages\/13673\/revisions"}],"predecessor-version":[{"id":18375,"href":"https:\/\/www.concert-hosteldieu.com\/en\/wp-json\/wp\/v2\/pages\/13673\/revisions\/18375"}],"up":[{"embeddable":true,"href":"https:\/\/www.concert-hosteldieu.com\/en\/wp-json\/wp\/v2\/pages\/12605"}],"wp:featuredmedia":[{"embeddable":true,"href":"https:\/\/www.concert-hosteldieu.com\/en\/wp-json\/wp\/v2\/media\/13676"}],"wp:attachment":[{"href":"https:\/\/www.concert-hosteldieu.com\/en\/wp-json\/wp\/v2\/media?parent=13673"}],"wp:term":[{"taxonomy":"category","embeddable":true,"href":"https:\/\/www.concert-hosteldieu.com\/en\/wp-json\/wp\/v2\/categories?post=13673"},{"taxonomy":"post_tag","embeddable":true,"href":"https:\/\/www.concert-hosteldieu.com\/en\/wp-json\/wp\/v2\/tags?post=13673"}],"curies":[{"name":"wp","href":"https:\/\/api.w.org\/{rel}","templated":true}]}}