{"id":12730,"date":"2021-06-07T07:58:34","date_gmt":"2021-06-07T06:58:34","guid":{"rendered":"https:\/\/dev.concert-hosteldieu.com\/?page_id=12730"},"modified":"2021-06-07T08:02:09","modified_gmt":"2021-06-07T07:02:09","slug":"cocteau-mot-lotov","status":"publish","type":"page","link":"https:\/\/www.concert-hosteldieu.com\/en\/nos-artistes-invites\/cocteau-mot-lotov\/","title":{"rendered":"Cocteau Mot Lotov, slam"},"content":{"rendered":"<h2>\n\t\t\t\tCocteau Mot Lotov, slam\n\t\t\t<\/h2>\n\t\t\t<a href=\"https:\/\/www.concert-hosteldieu.com\/en\/nos-artistes-invites\/\" target=\"_self\" role=\"button\" rel=\"noopener\">\n\t\t\t\t\t\tRetour\n\t\t\t\t\t<\/a>\n<h6>\n\t\tBiographie\n\t<\/h6>\n\t<p><strong>Cocteau Mot Lotov<\/strong>\u00a0souffle sur les braises de mots depuis ses d\u00e9buts en 2002 sur les sc\u00e8nes de po\u00e9sie slam. Il partage sa flamme pour l&rsquo;\u00e9criture et son amour des mots en ateliers de cr\u00e9ation slam pour que les jeunes pousses s&#8217;embrasent \u00e0 leur tour, pour que les vieilles branches craquent encore, pour que tout le monde allume sa bougie po\u00e9tique. Avec un deux ground, Cocteau Mot Lotov improvise, frottant l&rsquo;allumette de l&rsquo;instant et la portant \u00e0 sa bouche tel un cracheur de sens. Avec La Tribut du Verbe, sa voix se fond en trio dans d&rsquo;explosives polyphonies slam. En solo, sa voix est un r\u00e9seau de chaleur, ses incandescences po\u00e9tiques cr\u00e9pitent \u00e0 l&rsquo;oreille et la combustion verbale fait circuler l&rsquo;\u00e9nergie des mots.<\/p>\n<p>Cocteau Mot Lotov est auteur et interpr\u00e8te, improvisateur tout terrain, mais aussi animateur d&rsquo;ateliers de cr\u00e9ation slam et cr\u00e9ateur de spectacles de po\u00e9sie slam. Il organise r\u00e9guli\u00e8rement des \u00e9v\u00e9nements autour du slam. Il est aussi pr\u00e9sentateur et ma\u00eetre de c\u00e9r\u00e9monie.<\/p>\n<p><strong>2002-2006<\/strong>\u00a0: Cocteau Mot Lotov est membre de la Section Lyonnaise des Amasseurs de Mots<\/p>\n<p><strong>Depuis 2006<\/strong>\u00a0il est artiste associ\u00e9 \u00e0 P\u00f4les en Sc\u00e8ne, dirig\u00e9 par le chor\u00e9graphe Mourad Merzouki. Il int\u00e8gre l&rsquo;\u00e9quipe artistique du D\u00e9fil\u00e9 de la Biennale de la danse de Lyon et propose des interventions slam pendant le Festival Karavel depuis 2008.<\/p>\n<p><strong>2006<\/strong>\u00a0: co-fondateur de la compagnie de po\u00e9sie slam La Tribut du Verbe et cr\u00e9ation de spectacles de polyphonies slam\u00a0<em>R\u00e9xistances<\/em>,<em>\u00a0M\u00e9tamorphonic<\/em>, mais aussi\u00a0<em>Conf\u00e9slam et\u00a0<\/em><em>Tribulations<\/em>.<\/p>\n<p><strong>2007<\/strong>\u00a0: co-fondateur de \u00ab\u00a0un deux Ground\u00a0\u00bb, improvisations slam et action po\u00e9sie, cr\u00e9\u00e9 en collaboration avec la Cie Gertrude II.<\/p>\n<p><strong>Depuis 2008<\/strong>\u00a0: coordinateur du festival La nuit du slam \u00e0 Lyon et Rh\u00f4ne-Alpes depuis 2008 (<a href=\"http:\/\/www.nuitsduslam.fr\/\">www.nuitsduslam.fr<\/a>). \u00c9dition :<\/p>\n<ul>\n<li><em>Attentats rh\u00e9toristes<\/em>, un deux Ground, Lyon, 2015<\/li>\n<li><em>Ch\u00e2teau de cartes<\/em>, La tribut du verbe, \u00e9d. La Passe du vent, Lyon, 2012<\/li>\n<\/ul>\n<p><strong>2014<\/strong>\u00a0: vainqueur de la Coupe de la Ligue de France 2014 par \u00e9quipe (avec Ant\u00e9V\u00e9rit\u00e9 et Slamoura\u00ef)<\/p>\n<p><strong>2015<\/strong>\u00a0: artiste invit\u00e9 au \u00ab Chicago slam works \u00bb avec le fondateur du mouvement slam Marc Smith pour un spectacle au Green Mill\u00a0 (l\u00e0 o\u00f9 le slam est n\u00e9) avec les slameurs am\u00e9ricains du \u00ab Speak easy \u00bb<\/p>\n\t\t\t\t<a href=\"https:\/\/www.concert-hosteldieu.com\/wp-content\/uploads\/2015\/03\/concert-hostel-dieu-cocteau-mot-lotov-credit-Julie-Cherki.jpg\" target=\"_self\" itemprop=\"url\" rel=\"noopener\">\n\t\t\t\t<img loading=\"lazy\" decoding=\"async\" src=\"https:\/\/www.concert-hosteldieu.com\/wp-content\/uploads\/2015\/03\/concert-hostel-dieu-cocteau-mot-lotov-credit-Julie-Cherki-1024x767.jpg\" alt=\"concert-hostel-dieu-cocteau-mot-lotov-slam-credit-Julie-Cherki\" itemprop=\"image\" height=\"767\" width=\"1024\" title=\"concert-hostel-dieu-cocteau-mot-lotov-slam-credit-Julie-Cherki\" onerror=\"this.style.display='none'\"  \/>\n\t\t\t\t<\/a>\n\t<p>Retrouvez Cocteau Mot Lotov et Le Concert de l&rsquo;Hostel Dieu dans : Marco Polo<\/p>\n<h4>\n\t\tL&rsquo;\u00e9quipe artistique\n\t<\/h4>\n\t\t\t\t\t\t\t\t\t\t\t\t\t\t<a href=\"https:\/\/www.concert-hosteldieu.com\/en\/nos-musiciens\/aude-walker-viry\/\" target=\"_self\" title=\"Aude Walker-Viry, violoncelle\" rel=\"noopener\">\n\t\t\t\t<img decoding=\"async\" src=\"https:\/\/www.concert-hosteldieu.com\/wp-content\/uploads\/2015\/03\/concert-hostel-dieu-aude-walker-viry-julie-cherki-2-nb-300x225.jpg\" alt=\"concert-hostel-dieu-aude-walker-viry-violoncelle-julie-cherki-2-nb\" \/>\n\t\t\t\t<\/a>\n\t\t\t\t\t\t<h3>\n\t\t\t\t<a href=\"https:\/\/www.concert-hosteldieu.com\/en\/nos-musiciens\/aude-walker-viry\/\" title=\"Aude Walker-Viry, violoncelle\" tabindex=\"0\">Aude Walker-Viry, violoncelle<\/a>\t\t\t<\/h3>\n\t\t\t\t\t\t\t\t\t\t\t\t\t\t<a href=\"https:\/\/www.concert-hosteldieu.com\/en\/nos-musiciens\/aurelie-metivier\/\" target=\"_self\" title=\"Aur\u00e9lie M\u00e9tivier, atlo\" rel=\"noopener\">\n\t\t\t\t<img decoding=\"async\" src=\"https:\/\/www.concert-hosteldieu.com\/wp-content\/uploads\/2019\/07\/concert-hostel-dieu-METIVIER-Aurelie-alto-300x225.jpg\" alt=\"\" \/>\n\t\t\t\t<\/a>\n\t\t\t\t\t\t<h3>\n\t\t\t\t<a href=\"https:\/\/www.concert-hosteldieu.com\/en\/nos-musiciens\/aurelie-metivier\/\" title=\"Aur\u00e9lie M\u00e9tivier, atlo\" tabindex=\"0\">Aur\u00e9lie M\u00e9tivier, atlo<\/a>\t\t\t<\/h3>\n\t\t\t\t\t\t\t\t\t\t\t\t\t\t<a href=\"https:\/\/www.concert-hosteldieu.com\/en\/nos-musiciens\/benoit-morel\/\" target=\"_self\" title=\"Beno\u00eet Morel, violoncelle\" rel=\"noopener\">\n\t\t\t\t<img decoding=\"async\" src=\"https:\/\/www.concert-hosteldieu.com\/wp-content\/uploads\/2018\/10\/concert-hostel-dieu-MOREL-Benoit-300x225.jpg\" alt=\"\" \/>\n\t\t\t\t<\/a>\n\t\t\t\t\t\t<h3>\n\t\t\t\t<a href=\"https:\/\/www.concert-hosteldieu.com\/en\/nos-musiciens\/benoit-morel\/\" title=\"Beno\u00eet Morel, violoncelle\" tabindex=\"0\">Beno\u00eet Morel, violoncelle<\/a>\t\t\t<\/h3>\n\t\t\t\t\t\t\t\t\t\t\t\t\t\t<a href=\"https:\/\/www.concert-hosteldieu.com\/en\/nos-musiciens\/florian-gazagne\/\" target=\"_self\" title=\"Florian Gazagne, fl\u00fbtes \u00e0 bec et basson\" rel=\"noopener\">\n\t\t\t\t<img decoding=\"async\" src=\"https:\/\/www.concert-hosteldieu.com\/wp-content\/uploads\/2019\/07\/concert-hostel-dieu-GAZAGNE-Florian-flute-bassons-credit-arthur-Beaulieu-300x225.jpg\" alt=\"\" \/>\n\t\t\t\t<\/a>\n\t\t\t\t\t\t<h3>\n\t\t\t\t<a href=\"https:\/\/www.concert-hosteldieu.com\/en\/nos-musiciens\/florian-gazagne\/\" title=\"Florian Gazagne, fl\u00fbtes \u00e0 bec et basson\" tabindex=\"0\">Florian Gazagne, fl\u00fbtes \u00e0 bec et basson<\/a>\t\t\t<\/h3>\n\t\t\t\t\t\t\t\t\t\t\t\t\t\t<a href=\"https:\/\/www.concert-hosteldieu.com\/en\/nos-musiciens\/florian-verhaegen\/\" target=\"_self\" title=\"Florian Verhaegen, violon et alto\" rel=\"noopener\">\n\t\t\t\t<img decoding=\"async\" src=\"https:\/\/www.concert-hosteldieu.com\/wp-content\/uploads\/2015\/03\/concert-hostel-dieu-VERHAEGEN-Florian-violon-alto-300x225.jpg\" alt=\"concert-hostel-dieu-VERHAEGEN-Florian-violon-alto\" \/>\n\t\t\t\t<\/a>\n\t\t\t\t\t\t<h3>\n\t\t\t\t<a href=\"https:\/\/www.concert-hosteldieu.com\/en\/nos-musiciens\/florian-verhaegen\/\" title=\"Florian Verhaegen, violon et alto\" tabindex=\"0\">Florian Verhaegen, violon et alto<\/a>\t\t\t<\/h3>\n\t\t\t\t\t\t\t\t\t\t\t\t\t\t<a href=\"https:\/\/www.concert-hosteldieu.com\/en\/nos-musiciens\/franck-emmanuel-comte\/\" target=\"_self\" title=\"Franck-Emmanuel Comte\" rel=\"noopener\">\n\t\t\t\t<img decoding=\"async\" src=\"https:\/\/www.concert-hosteldieu.com\/wp-content\/uploads\/2015\/07\/CONCERTHOSTELDIEU-DIXIT-DOMIUS-Jean-Combier-2-300x200.jpg\" alt=\"concert-hostel-dieu-haendel-fe-comte-dixit-dominus-credit-Combier\" \/>\n\t\t\t\t<\/a>\n\t\t\t\t\t\t<h3>\n\t\t\t\t<a href=\"https:\/\/www.concert-hosteldieu.com\/en\/nos-musiciens\/franck-emmanuel-comte\/\" title=\"Franck-Emmanuel Comte\" tabindex=\"0\">Franck-Emmanuel Comte<\/a>\t\t\t<\/h3>\n\t\t\t\t\t\t\t\t\t\t\t\t\t\t<a href=\"https:\/\/www.concert-hosteldieu.com\/en\/nos-musiciens\/nicolas-janot\/\" target=\"_self\" title=\"Nicolas Janot, contrebasse\" rel=\"noopener\">\n\t\t\t\t<img decoding=\"async\" src=\"https:\/\/www.concert-hosteldieu.com\/wp-content\/uploads\/2015\/03\/Concert-hostel-dieu-JANOT-Nicolas-contrebasse-credit-J.-Combier-300x225.jpg\" alt=\"Concert-hostel-dieu-JANOT-Nicolas-contrebasse-credit-J.-Combier\" \/>\n\t\t\t\t<\/a>\n\t\t\t\t\t\t<h3>\n\t\t\t\t<a href=\"https:\/\/www.concert-hosteldieu.com\/en\/nos-musiciens\/nicolas-janot\/\" title=\"Nicolas Janot, contrebasse\" tabindex=\"0\">Nicolas Janot, contrebasse<\/a>\t\t\t<\/h3>\n\t\t\t\t\t\t\t\t\t\t\t\t\t\t<a href=\"https:\/\/www.concert-hosteldieu.com\/en\/nos-musiciens\/reynier-guerrero\/\" target=\"_self\" title=\"Reynier Guerrero, premier violon\" rel=\"noopener\">\n\t\t\t\t<img decoding=\"async\" src=\"https:\/\/www.concert-hosteldieu.com\/wp-content\/uploads\/2015\/09\/concert-hostel-dieu-vivaldi-concerto-natura-GUERRERO-REYNIER-credit-J-Combier-300x300.jpg\" alt=\"concert-hostel-dieu-guerrero-reynier-credit-j-combier\" \/>\n\t\t\t\t<\/a>\n\t\t\t\t\t\t<h3>\n\t\t\t\t<a href=\"https:\/\/www.concert-hosteldieu.com\/en\/nos-musiciens\/reynier-guerrero\/\" title=\"Reynier Guerrero, premier violon\" tabindex=\"0\">Reynier Guerrero, premier violon<\/a>\t\t\t<\/h3>\n\t\t\t\t\t\t\t\t\t\t\t\t\t\t<a href=\"https:\/\/www.concert-hosteldieu.com\/en\/nos-musiciens\/sayaka-shinoda\/\" target=\"_self\" title=\"Sayaka Shinoda, violon\" rel=\"noopener\">\n\t\t\t\t<img decoding=\"async\" src=\"https:\/\/www.concert-hosteldieu.com\/wp-content\/uploads\/2015\/03\/concert-hostel-dieu-SHINODA-Sayaka-violon-credit-julie-cherki-300x224.jpg\" alt=\"concert-hostel-dieu-SHINODA-Sayaka-violon-credit-julie-cherki\" \/>\n\t\t\t\t<\/a>\n\t\t\t\t\t\t<h3>\n\t\t\t\t<a href=\"https:\/\/www.concert-hosteldieu.com\/en\/nos-musiciens\/sayaka-shinoda\/\" title=\"Sayaka Shinoda, violon\" tabindex=\"0\">Sayaka Shinoda, violon<\/a>\t\t\t<\/h3>\n\t\t\t\t\t\t\t\t\t\t\t\t\t\t<a href=\"https:\/\/www.concert-hosteldieu.com\/en\/nos-musiciens\/ulrik-gaston-larsen\/\" target=\"_self\" title=\"Ulrik Gaston Larsen, th\u00e9orbe et guitare\" rel=\"noopener\">\n\t\t\t\t<img decoding=\"async\" src=\"https:\/\/www.concert-hosteldieu.com\/wp-content\/uploads\/2020\/06\/concert-hostel-dieu-GASTON-LARSEN-Ulrik-credit-Alfonso-Marin-300x226.jpeg\" alt=\"concert-hostel-dieu-GASTON-LARSEN-Ulrik-credit-Alfonso-Marin\" \/>\n\t\t\t\t<\/a>\n\t\t\t\t\t\t<h3>\n\t\t\t\t<a href=\"https:\/\/www.concert-hosteldieu.com\/en\/nos-musiciens\/ulrik-gaston-larsen\/\" title=\"Ulrik Gaston Larsen, th\u00e9orbe et guitare\" tabindex=\"0\">Ulrik Gaston Larsen, th\u00e9orbe et guitare<\/a>\t\t\t<\/h3>","protected":false},"excerpt":{"rendered":"<p>Cocteau Mot Lotov, slam Retour Biographie Cocteau Mot Lotov\u00a0souffle sur les braises de mots depuis ses d\u00e9buts en 2002 sur les sc\u00e8nes de po\u00e9sie slam. Il partage sa flamme pour l&rsquo;\u00e9criture et son amour des mots en ateliers de cr\u00e9ation [&hellip;]<\/p>\n","protected":false},"author":2776,"featured_media":0,"parent":12628,"menu_order":0,"comment_status":"closed","ping_status":"closed","template":"","meta":{"site-sidebar-layout":"no-sidebar","site-content-layout":"page-builder","ast-site-content-layout":"default","site-content-style":"default","site-sidebar-style":"default","ast-global-header-display":"","ast-banner-title-visibility":"","ast-main-header-display":"","ast-hfb-above-header-display":"","ast-hfb-below-header-display":"","ast-hfb-mobile-header-display":"","site-post-title":"disabled","ast-breadcrumbs-content":"","ast-featured-img":"disabled","footer-sml-layout":"","ast-disable-related-posts":"","theme-transparent-header-meta":"enabled","adv-header-id-meta":"","stick-header-meta":"default","header-above-stick-meta":"","header-main-stick-meta":"","header-below-stick-meta":"","astra-migrate-meta-layouts":"default","ast-page-background-enabled":"default","ast-page-background-meta":{"desktop":{"background-color":"","background-image":"","background-repeat":"repeat","background-position":"center center","background-size":"auto","background-attachment":"scroll","background-type":"","background-media":"","overlay-type":"","overlay-color":"","overlay-opacity":"","overlay-gradient":""},"tablet":{"background-color":"","background-image":"","background-repeat":"repeat","background-position":"center center","background-size":"auto","background-attachment":"scroll","background-type":"","background-media":"","overlay-type":"","overlay-color":"","overlay-opacity":"","overlay-gradient":""},"mobile":{"background-color":"","background-image":"","background-repeat":"repeat","background-position":"center center","background-size":"auto","background-attachment":"scroll","background-type":"","background-media":"","overlay-type":"","overlay-color":"","overlay-opacity":"","overlay-gradient":""}},"ast-content-background-meta":{"desktop":{"background-color":"var(--ast-global-color-5)","background-image":"","background-repeat":"repeat","background-position":"center center","background-size":"auto","background-attachment":"scroll","background-type":"","background-media":"","overlay-type":"","overlay-color":"","overlay-opacity":"","overlay-gradient":""},"tablet":{"background-color":"var(--ast-global-color-5)","background-image":"","background-repeat":"repeat","background-position":"center center","background-size":"auto","background-attachment":"scroll","background-type":"","background-media":"","overlay-type":"","overlay-color":"","overlay-opacity":"","overlay-gradient":""},"mobile":{"background-color":"var(--ast-global-color-5)","background-image":"","background-repeat":"repeat","background-position":"center center","background-size":"auto","background-attachment":"scroll","background-type":"","background-media":"","overlay-type":"","overlay-color":"","overlay-opacity":"","overlay-gradient":""}},"footnotes":""},"categories":[169,171],"tags":[],"class_list":["post-12730","page","type-page","status-publish","hentry","category-equipe-artistique","category-nosartistesinvites"],"yoast_head":"<!-- This site is optimized with the Yoast SEO plugin v27.6 - https:\/\/yoast.com\/product\/yoast-seo-wordpress\/ -->\n<title>Cocteau Mot Lotov, slam - Le Concert de l&#039;Hostel Dieu<\/title>\n<meta name=\"robots\" content=\"index, follow, max-snippet:-1, max-image-preview:large, max-video-preview:-1\" \/>\n<link rel=\"canonical\" href=\"https:\/\/www.concert-hosteldieu.com\/en\/nos-artistes-invites\/cocteau-mot-lotov\/\" \/>\n<meta property=\"og:locale\" content=\"en_GB\" \/>\n<meta property=\"og:type\" content=\"article\" \/>\n<meta property=\"og:title\" content=\"Cocteau Mot Lotov, slam - Le Concert de l&#039;Hostel Dieu\" \/>\n<meta property=\"og:description\" content=\"Cocteau Mot Lotov, slam Retour Biographie Cocteau Mot Lotov\u00a0souffle sur les braises de mots depuis ses d\u00e9buts en 2002 sur les sc\u00e8nes de po\u00e9sie slam. Il partage sa flamme pour l&rsquo;\u00e9criture et son amour des mots en ateliers de cr\u00e9ation [&hellip;]\" \/>\n<meta property=\"og:url\" content=\"https:\/\/www.concert-hosteldieu.com\/en\/nos-artistes-invites\/cocteau-mot-lotov\/\" \/>\n<meta property=\"og:site_name\" content=\"Le Concert de l&#039;Hostel Dieu\" \/>\n<meta property=\"article:publisher\" content=\"https:\/\/www.facebook.com\/leconcert.delhosteldieu\" \/>\n<meta property=\"article:modified_time\" content=\"2021-06-07T07:02:09+00:00\" \/>\n<meta property=\"og:image\" content=\"https:\/\/www.concert-hosteldieu.com\/wp-content\/uploads\/2015\/03\/concert-hostel-dieu-cocteau-mot-lotov-credit-Julie-Cherki-1024x767.jpg\" \/>\n<meta name=\"twitter:label1\" content=\"Estimated reading time\" \/>\n\t<meta name=\"twitter:data1\" content=\"2 minutes\" \/>\n<script type=\"application\/ld+json\" class=\"yoast-schema-graph\">{\"@context\":\"https:\\\/\\\/schema.org\",\"@graph\":[{\"@type\":\"WebPage\",\"@id\":\"https:\\\/\\\/www.concert-hosteldieu.com\\\/nos-artistes-invites\\\/cocteau-mot-lotov\\\/\",\"url\":\"https:\\\/\\\/www.concert-hosteldieu.com\\\/nos-artistes-invites\\\/cocteau-mot-lotov\\\/\",\"name\":\"Cocteau Mot Lotov, slam - Le Concert de l&#039;Hostel Dieu\",\"isPartOf\":{\"@id\":\"https:\\\/\\\/www.concert-hosteldieu.com\\\/#website\"},\"primaryImageOfPage\":{\"@id\":\"https:\\\/\\\/www.concert-hosteldieu.com\\\/nos-artistes-invites\\\/cocteau-mot-lotov\\\/#primaryimage\"},\"image\":{\"@id\":\"https:\\\/\\\/www.concert-hosteldieu.com\\\/nos-artistes-invites\\\/cocteau-mot-lotov\\\/#primaryimage\"},\"thumbnailUrl\":\"https:\\\/\\\/www.concert-hosteldieu.com\\\/wp-content\\\/uploads\\\/2015\\\/03\\\/concert-hostel-dieu-cocteau-mot-lotov-credit-Julie-Cherki-1024x767.jpg\",\"datePublished\":\"2021-06-07T06:58:34+00:00\",\"dateModified\":\"2021-06-07T07:02:09+00:00\",\"breadcrumb\":{\"@id\":\"https:\\\/\\\/www.concert-hosteldieu.com\\\/nos-artistes-invites\\\/cocteau-mot-lotov\\\/#breadcrumb\"},\"inLanguage\":\"en-GB\",\"potentialAction\":[{\"@type\":\"ReadAction\",\"target\":[\"https:\\\/\\\/www.concert-hosteldieu.com\\\/nos-artistes-invites\\\/cocteau-mot-lotov\\\/\"]}]},{\"@type\":\"ImageObject\",\"inLanguage\":\"en-GB\",\"@id\":\"https:\\\/\\\/www.concert-hosteldieu.com\\\/nos-artistes-invites\\\/cocteau-mot-lotov\\\/#primaryimage\",\"url\":\"https:\\\/\\\/www.concert-hosteldieu.com\\\/wp-content\\\/uploads\\\/2015\\\/03\\\/concert-hostel-dieu-cocteau-mot-lotov-credit-Julie-Cherki-1024x767.jpg\",\"contentUrl\":\"https:\\\/\\\/www.concert-hosteldieu.com\\\/wp-content\\\/uploads\\\/2015\\\/03\\\/concert-hostel-dieu-cocteau-mot-lotov-credit-Julie-Cherki-1024x767.jpg\"},{\"@type\":\"BreadcrumbList\",\"@id\":\"https:\\\/\\\/www.concert-hosteldieu.com\\\/nos-artistes-invites\\\/cocteau-mot-lotov\\\/#breadcrumb\",\"itemListElement\":[{\"@type\":\"ListItem\",\"position\":1,\"name\":\"Accueil\",\"item\":\"https:\\\/\\\/www.concert-hosteldieu.com\\\/\"},{\"@type\":\"ListItem\",\"position\":2,\"name\":\"Nos artistes invit\u00e9s\",\"item\":\"https:\\\/\\\/www.concert-hosteldieu.com\\\/nos-artistes-invites\\\/\"},{\"@type\":\"ListItem\",\"position\":3,\"name\":\"Cocteau Mot Lotov, slam\"}]},{\"@type\":\"WebSite\",\"@id\":\"https:\\\/\\\/www.concert-hosteldieu.com\\\/#website\",\"url\":\"https:\\\/\\\/www.concert-hosteldieu.com\\\/\",\"name\":\"Le Concert de l&#039;Hostel Dieu\",\"description\":\"Franck-Emmanuel Comte\",\"publisher\":{\"@id\":\"https:\\\/\\\/www.concert-hosteldieu.com\\\/#organization\"},\"potentialAction\":[{\"@type\":\"SearchAction\",\"target\":{\"@type\":\"EntryPoint\",\"urlTemplate\":\"https:\\\/\\\/www.concert-hosteldieu.com\\\/?s={search_term_string}\"},\"query-input\":{\"@type\":\"PropertyValueSpecification\",\"valueRequired\":true,\"valueName\":\"search_term_string\"}}],\"inLanguage\":\"en-GB\"},{\"@type\":\"Organization\",\"@id\":\"https:\\\/\\\/www.concert-hosteldieu.com\\\/#organization\",\"name\":\"Le Concert de l'Hostel Dieu\",\"url\":\"https:\\\/\\\/www.concert-hosteldieu.com\\\/\",\"logo\":{\"@type\":\"ImageObject\",\"inLanguage\":\"en-GB\",\"@id\":\"https:\\\/\\\/www.concert-hosteldieu.com\\\/#\\\/schema\\\/logo\\\/image\\\/\",\"url\":\"https:\\\/\\\/www.concert-hosteldieu.com\\\/wp-content\\\/uploads\\\/2021\\\/06\\\/logo-chd-noir-transparent.png\",\"contentUrl\":\"https:\\\/\\\/www.concert-hosteldieu.com\\\/wp-content\\\/uploads\\\/2021\\\/06\\\/logo-chd-noir-transparent.png\",\"width\":262,\"height\":106,\"caption\":\"Le Concert de l'Hostel Dieu\"},\"image\":{\"@id\":\"https:\\\/\\\/www.concert-hosteldieu.com\\\/#\\\/schema\\\/logo\\\/image\\\/\"},\"sameAs\":[\"https:\\\/\\\/www.facebook.com\\\/leconcert.delhosteldieu\",\"https:\\\/\\\/x.com\\\/CHDLyon\",\"https:\\\/\\\/instagram.com\\\/concert_hostel_dieu\",\"https:\\\/\\\/www.linkedin.com\\\/company\\\/le-concert-de-l'hostel-dieu\\\/\",\"https:\\\/\\\/www.youtube.com\\\/user\\\/CHDLyon\"]}]}<\/script>\n<!-- \/ Yoast SEO plugin. -->","yoast_head_json":{"title":"Cocteau Mot Lotov, slam - Le Concert de l&#039;Hostel Dieu","robots":{"index":"index","follow":"follow","max-snippet":"max-snippet:-1","max-image-preview":"max-image-preview:large","max-video-preview":"max-video-preview:-1"},"canonical":"https:\/\/www.concert-hosteldieu.com\/en\/nos-artistes-invites\/cocteau-mot-lotov\/","og_locale":"en_GB","og_type":"article","og_title":"Cocteau Mot Lotov, slam - Le Concert de l&#039;Hostel Dieu","og_description":"Cocteau Mot Lotov, slam Retour Biographie Cocteau Mot Lotov\u00a0souffle sur les braises de mots depuis ses d\u00e9buts en 2002 sur les sc\u00e8nes de po\u00e9sie slam. Il partage sa flamme pour l&rsquo;\u00e9criture et son amour des mots en ateliers de cr\u00e9ation [&hellip;]","og_url":"https:\/\/www.concert-hosteldieu.com\/en\/nos-artistes-invites\/cocteau-mot-lotov\/","og_site_name":"Le Concert de l&#039;Hostel Dieu","article_publisher":"https:\/\/www.facebook.com\/leconcert.delhosteldieu","article_modified_time":"2021-06-07T07:02:09+00:00","og_image":[{"url":"https:\/\/www.concert-hosteldieu.com\/wp-content\/uploads\/2015\/03\/concert-hostel-dieu-cocteau-mot-lotov-credit-Julie-Cherki-1024x767.jpg","type":"","width":"","height":""}],"twitter_misc":{"Estimated reading time":"2 minutes"},"schema":{"@context":"https:\/\/schema.org","@graph":[{"@type":"WebPage","@id":"https:\/\/www.concert-hosteldieu.com\/nos-artistes-invites\/cocteau-mot-lotov\/","url":"https:\/\/www.concert-hosteldieu.com\/nos-artistes-invites\/cocteau-mot-lotov\/","name":"Cocteau Mot Lotov, slam - Le Concert de l&#039;Hostel Dieu","isPartOf":{"@id":"https:\/\/www.concert-hosteldieu.com\/#website"},"primaryImageOfPage":{"@id":"https:\/\/www.concert-hosteldieu.com\/nos-artistes-invites\/cocteau-mot-lotov\/#primaryimage"},"image":{"@id":"https:\/\/www.concert-hosteldieu.com\/nos-artistes-invites\/cocteau-mot-lotov\/#primaryimage"},"thumbnailUrl":"https:\/\/www.concert-hosteldieu.com\/wp-content\/uploads\/2015\/03\/concert-hostel-dieu-cocteau-mot-lotov-credit-Julie-Cherki-1024x767.jpg","datePublished":"2021-06-07T06:58:34+00:00","dateModified":"2021-06-07T07:02:09+00:00","breadcrumb":{"@id":"https:\/\/www.concert-hosteldieu.com\/nos-artistes-invites\/cocteau-mot-lotov\/#breadcrumb"},"inLanguage":"en-GB","potentialAction":[{"@type":"ReadAction","target":["https:\/\/www.concert-hosteldieu.com\/nos-artistes-invites\/cocteau-mot-lotov\/"]}]},{"@type":"ImageObject","inLanguage":"en-GB","@id":"https:\/\/www.concert-hosteldieu.com\/nos-artistes-invites\/cocteau-mot-lotov\/#primaryimage","url":"https:\/\/www.concert-hosteldieu.com\/wp-content\/uploads\/2015\/03\/concert-hostel-dieu-cocteau-mot-lotov-credit-Julie-Cherki-1024x767.jpg","contentUrl":"https:\/\/www.concert-hosteldieu.com\/wp-content\/uploads\/2015\/03\/concert-hostel-dieu-cocteau-mot-lotov-credit-Julie-Cherki-1024x767.jpg"},{"@type":"BreadcrumbList","@id":"https:\/\/www.concert-hosteldieu.com\/nos-artistes-invites\/cocteau-mot-lotov\/#breadcrumb","itemListElement":[{"@type":"ListItem","position":1,"name":"Accueil","item":"https:\/\/www.concert-hosteldieu.com\/"},{"@type":"ListItem","position":2,"name":"Nos artistes invit\u00e9s","item":"https:\/\/www.concert-hosteldieu.com\/nos-artistes-invites\/"},{"@type":"ListItem","position":3,"name":"Cocteau Mot Lotov, slam"}]},{"@type":"WebSite","@id":"https:\/\/www.concert-hosteldieu.com\/#website","url":"https:\/\/www.concert-hosteldieu.com\/","name":"Le Concert de l&#039;Hostel Dieu","description":"Franck-Emmanuel Comte","publisher":{"@id":"https:\/\/www.concert-hosteldieu.com\/#organization"},"potentialAction":[{"@type":"SearchAction","target":{"@type":"EntryPoint","urlTemplate":"https:\/\/www.concert-hosteldieu.com\/?s={search_term_string}"},"query-input":{"@type":"PropertyValueSpecification","valueRequired":true,"valueName":"search_term_string"}}],"inLanguage":"en-GB"},{"@type":"Organization","@id":"https:\/\/www.concert-hosteldieu.com\/#organization","name":"Le Concert de l'Hostel Dieu","url":"https:\/\/www.concert-hosteldieu.com\/","logo":{"@type":"ImageObject","inLanguage":"en-GB","@id":"https:\/\/www.concert-hosteldieu.com\/#\/schema\/logo\/image\/","url":"https:\/\/www.concert-hosteldieu.com\/wp-content\/uploads\/2021\/06\/logo-chd-noir-transparent.png","contentUrl":"https:\/\/www.concert-hosteldieu.com\/wp-content\/uploads\/2021\/06\/logo-chd-noir-transparent.png","width":262,"height":106,"caption":"Le Concert de l'Hostel Dieu"},"image":{"@id":"https:\/\/www.concert-hosteldieu.com\/#\/schema\/logo\/image\/"},"sameAs":["https:\/\/www.facebook.com\/leconcert.delhosteldieu","https:\/\/x.com\/CHDLyon","https:\/\/instagram.com\/concert_hostel_dieu","https:\/\/www.linkedin.com\/company\/le-concert-de-l'hostel-dieu\/","https:\/\/www.youtube.com\/user\/CHDLyon"]}]}},"_links":{"self":[{"href":"https:\/\/www.concert-hosteldieu.com\/en\/wp-json\/wp\/v2\/pages\/12730","targetHints":{"allow":["GET"]}}],"collection":[{"href":"https:\/\/www.concert-hosteldieu.com\/en\/wp-json\/wp\/v2\/pages"}],"about":[{"href":"https:\/\/www.concert-hosteldieu.com\/en\/wp-json\/wp\/v2\/types\/page"}],"author":[{"embeddable":true,"href":"https:\/\/www.concert-hosteldieu.com\/en\/wp-json\/wp\/v2\/users\/2776"}],"replies":[{"embeddable":true,"href":"https:\/\/www.concert-hosteldieu.com\/en\/wp-json\/wp\/v2\/comments?post=12730"}],"version-history":[{"count":0,"href":"https:\/\/www.concert-hosteldieu.com\/en\/wp-json\/wp\/v2\/pages\/12730\/revisions"}],"up":[{"embeddable":true,"href":"https:\/\/www.concert-hosteldieu.com\/en\/wp-json\/wp\/v2\/pages\/12628"}],"wp:attachment":[{"href":"https:\/\/www.concert-hosteldieu.com\/en\/wp-json\/wp\/v2\/media?parent=12730"}],"wp:term":[{"taxonomy":"category","embeddable":true,"href":"https:\/\/www.concert-hosteldieu.com\/en\/wp-json\/wp\/v2\/categories?post=12730"},{"taxonomy":"post_tag","embeddable":true,"href":"https:\/\/www.concert-hosteldieu.com\/en\/wp-json\/wp\/v2\/tags?post=12730"}],"curies":[{"name":"wp","href":"https:\/\/api.w.org\/{rel}","templated":true}]}}