{"id":12533,"date":"2021-06-05T21:33:00","date_gmt":"2021-06-05T20:33:00","guid":{"rendered":"https:\/\/dev.concert-hosteldieu.com\/?page_id=12533"},"modified":"2025-09-16T09:26:38","modified_gmt":"2025-09-16T08:26:38","slug":"50-50","status":"publish","type":"page","link":"https:\/\/www.concert-hosteldieu.com\/en\/nos-productions\/50-50\/","title":{"rendered":"50-50"},"content":{"rendered":"\n\n\t\t\t\t\t\t<h4>Programme<\/h4>\n\t\t\t<p><strong>Henry Purcell<\/strong><br \/>Crown the Altar (extrait de l&rsquo;Ode \u00ab Celebrate this Festival \u00bb, Z 321)<\/p>\n<p><strong>David Chalmin<\/strong><br \/>Music for a while (d&rsquo;apr\u00e8s \u00ab Music for a while \u00bb de H. Purcell)\u00a0\u00a0\u00a0<br \/>A : Music For A While<br \/>B : Hypnotic Cycles<br \/>C : Another Song<\/p>\n<p><strong>Martyn Harry<\/strong><br \/>STAB (d&rsquo;apr\u00e8s <em>Les Matassins<\/em> de J.B. Lully)\u00a0\u00a0\u00a0 \u00a0\u00a0\u00a0\u00a0\u00a0\u00a0\u00a0\u00a0\u00a0\u00a0\u00a0\u00a0\u00a0\u00a0\u00a0\u00a0\u00a0\u00a0\u00a0\u00a0\u00a0\u00a0\u00a0<\/p>\n<p><strong>David Chalmin<\/strong><br \/>Let me freeze again (d&rsquo;apr\u00e8s <em>King Arthur<\/em> de H. Purcell)\u00a0\u00a0\u00a0<\/p>\n<p><strong>Martyn Harry<\/strong><br \/>Courante and Sarabande\u00a0\u00a0\u00a0\u00a0\u00a0\u00a0\u00a0\u00a0\u00a0\u00a0<\/p>\n<p><strong>Jean-Baptiste Lully<\/strong><br \/><em>Les Matassins<\/em> (Ballet Xerx\u00e8s, LWV 12)\u00a0<br \/><em>Gigue<\/em> (Ballet de Toulouse, LWV 13)\u00a0\u00a0\u00a0\u00a0\u00a0\u00a0\u00a0\u00a0\u00a0\u00a0\u00a0\u00a0\u00a0\u00a0\u00a0\u00a0\u00a0\u00a0<\/p>\n<p><strong>Marc-Antoine Charpentier<\/strong><br \/>\u00ab Sans frayeur \u00bb (air de cour)<\/p>\n<p><strong>Martyn Harry<\/strong><br \/>Pastorale (d&rsquo;apr\u00e8s <em>Act\u00e9on<\/em> de M.A. Charpentier) \u00a0\u00a0\u00a0 <\/p>\n<p><strong>David Chalmin<\/strong><br \/>Ground Z (d&rsquo;apr\u00e8s <em>Crown the Altar<\/em> de H. Purcell)<\/p>\n\t\t\t\t\t\t<h4>Distribution<\/h4>\n\t\t\t<p><a href=\"https:\/\/www.concert-hosteldieu.com\/presentation\/lequipe-artistique\/axelle-verner\/\" target=\"_blank\" rel=\"noopener noreferrer\">Axelle Verner<\/a>, mezzo-soprano<br \/><a href=\"https:\/\/www.concert-hosteldieu.com\/franck-emmanuel-comte\/\">Franck-Emmanuel Comte<\/a>, orgue et direction<br \/>Le Concert de l&rsquo;Hostel Dieu<\/p>\n<p>Gaultier Durhin, conception visuelle et sc\u00e9nographie<\/p>\n<p><strong>Effectif :<br \/><\/strong>1 soliste, 10 instrumentistes (quintette \u00e0 cordes, basson\/fl\u00fbte, hautbois\/fl\u00fbte, th\u00e9orbe\/guitare, orgue)<\/p>\n\t<p><strong>Un regard crois\u00e9, entre sonorit\u00e9s baroques et cr\u00e9ations contemporaines, entre esth\u00e9tiques fran\u00e7aises et anglaises.<\/strong><\/p>\n<p>Moiti\u00e9 baroque, moiti\u00e9 contemporain ; moiti\u00e9 fran\u00e7ais, moiti\u00e9 britannique : c&rsquo;est le pari fait par Franck-Emmanuel Comte et le Concert de L&rsquo;Hostel Dieu. 50\/50 r\u00e9unit sur un m\u00eame programme les pages de Lully et de Purcell, et les cr\u00e9ations contemporaines du fran\u00e7ais David Chalmin et du britannique Martyn Harry. Si le premier s&rsquo;inspire de Purcell et le second de Lully, tous deux associent les sonorit\u00e9s de l&rsquo;instrumentarium baroque \u00e0 leur propre langage, ouvrant le dialogue entre les \u00e9poques, les langues et les fronti\u00e8res. Axelle Verner pr\u00eate sa voix de mezzo et sa personnalit\u00e9 singuli\u00e8re aux parties vocales de ce programme.<\/p>\n\t<h4>\n\t\t\t\tLET ME FREEZE AGAIN : LE CLIP\n\t\t\t<\/h4>\n\t\t\t\t\t<a href=\"https:\/\/www.youtube.com\/watch?v=xpNBaJjwH2w\" aria-label=\"uabb-video-gallery\" data-fancybox=\"uabb-video-gallery\" data-url=\"https:\/\/www.youtube.com\/embed\/xpNBaJjwH2w?autoplay=1&#038;version=3&#038;enablejsapi=1\"class=\"uabb-video-gallery-fancybox uabb-vg__play_full \">\t\t\t\t\t\t\n\t\t\t\t\t<\/a>\t\t\t\t\n\t<h4>\n\t\t\t\t50\/50 : LES INTERVIEWS\n\t\t\t<\/h4>\n\t\t\t\t\t<a href=\" https:\/\/www.youtube.com\/watch?v=RXlZCcJINMo\" aria-label=\"uabb-video-gallery\" data-fancybox=\"uabb-video-gallery\" data-url=\"https:\/\/www.youtube.com\/embed\/RXlZCcJINMo?autoplay=1&#038;version=3&#038;enablejsapi=1\"class=\"uabb-video-gallery-fancybox uabb-vg__play_full \">\t\t\t\t\t\t\n\t\t\t\t\t<\/a>\t\t\t\t\n\t<h4>\n\t\t\t\tLA CAPTATION INT\u00c9GRALE SUR CULTUREBOX-FRANCE T\u00c9L\u00c9VISIONS\n\t\t\t<\/h4>\n\t\t\t\t<a href=\"https:\/\/www.france.tv\/spectacles-et-culture\/opera-et-musique-classique\/festival-d-ambronay\/4087138-baroque-minimalisme-par-le-concert-de-l-hostel-dieu-au-festival-d-ambronay-2022.html\"  target=\"_blank\" rel=\"noopener\"  itemprop=\"url\">\n\t\t\t\t<img decoding=\"async\" src=\"https:\/\/www.concert-hosteldieu.com\/wp-content\/uploads\/2022\/09\/Captation-Culturebox-50-50.jpg\" alt=\"Captation Culturebox 50-50\" itemprop=\"image\" height=\"1080\" width=\"1920\" title=\"Captation Culturebox 50-50\" onerror=\"this.style.display='none'\" loading=\"lazy\" \/>\n\t\t\t\t<\/a>\n\t<h4>\n\t\t\t\t50\/50 EN IMAGES\n\t\t\t<\/h4>\n\t<h4>\n\t\t\t\t\u00c9COUTER L&rsquo;ALBUM\n\t\t\t<\/h4>\n\t<iframe src=\"https:\/\/open.spotify.com\/embed\/album\/3KkOTPrywz9YhjrCshSRhy?utm_source=generator\" width=\"100%\" height=\"380\" frameBorder=\"0\" allowfullscreen=\"\" allow=\"autoplay; clipboard-write; encrypted-media; fullscreen; picture-in-picture\" loading=\"lazy\"><\/iframe>\n\t\t\t\t\t\t<h4>LA PRESSE EN PARLE<\/h4>\n\t\t\t<p><a href=\"https:\/\/www.radiofrance.fr\/franceinter\/podcasts\/le-journal-de-8h\/journal-08h00-du-mardi-06-septembre-2022-6051419\" target=\"_blank\" rel=\"noopener\"><strong>FRANCE INTER | 06.09.2022 | St\u00e9phane Capron<\/strong><\/a> (14&prime;)<br \/>\u00ab L&rsquo;album est riche de diverses sonorit\u00e9s \u00bb<br \/>\u00ab Une \u0153uvre [clip] po\u00e9tique, magnifique \u00e0 voir sur youtube \u00bb<\/p>\n<p><a href=\"https:\/\/www.radiofrance.fr\/francemusique\/podcasts\/en-pistes\/les-hymnes-de-couronnement-de-handel-par-le-concert-spirituel-2904153\" target=\"_blank\" rel=\"noopener\"><strong>FRANCE MUSIQUE | 19.09.2022 | Emilie Munera<\/strong><\/a> (52&prime;)<br \/>\u00ab Un programme tr\u00e8s int\u00e9ressant, qui sort des sentiers battus \u00bb<\/p>\n<p><a href=\"https:\/\/www.classiquemaispashasbeen.fr\/2022\/09\/23\/50-50-un-disque-100-reussi\/\" target=\"_blank\" rel=\"noopener\"><strong>CLASSIQUE MAIS PAS HAS BEEN | 23.09.2022 | Claire de Castellane<\/strong><\/a><br \/>\u00ab Une musique tournante, ent\u00eatante, soyeuse et \u00e9trangement intemporelle \u00bb <br \/>\u00ab Le disque 50-50, donne \u00e0 entendre avec talent que la musique contemporaine ne r\u00e9pond pas toujours \u00e0 l&rsquo;injonction de faire du nouveau \u00bb<\/p>\n<p><strong><a href=\"https:\/\/www.concertclassic.com\/article\/5050-par-le-concert-de-lhostel-dieu-au-festival-dambronay-2022-minimalulliste-compte-rendu\" target=\"_blank\" rel=\"noopener\">CONCERTCLASSIC | 25.09.2022 | Laurent Bury<\/a><\/strong><br \/>\u00ab Ces diff\u00e9rentes formes d&rsquo;hybridation sont assez s\u00e9duisantes et emportent l&rsquo;adh\u00e9sion, l&rsquo;ensemble retrouvant sa sonorit\u00e9 habituelle pour interpr\u00e9ter avec vigueur deux gigues compos\u00e9es par Lully. \u00bb<\/p>\n<p>&amp; AUSSI&#8230;<\/p>\n<p><a href=\"https:\/\/www.leprogres.fr\/culture-loisirs\/2022\/09\/20\/franck-emmanuel-comte-la-musique-baroque-n-est-pas-une-musique-museale?fbclid=IwAR09pFC1C5GjHUn9QugKmCAQqsefc8iEzPPpzJ5hLeukWwDslmldj9TkPtI\" target=\"_blank\" rel=\"noopener\"><strong>LE PROGRES | 20.09.2022 | Ga\u00eblle Riche<\/strong><\/a><\/p>\n<p><strong><a href=\"https:\/\/www.radiofrance.fr\/francemusique\/podcasts\/musique-matin\/la-matinale-avec-dominique-a-7310431\" target=\"_blank\" rel=\"noopener\">FRANCE MUSIQUE | 22.09.2022 | Jean-Baptiste Urbain<\/a> <\/strong>(11&prime;)<\/p>\n\t\t\t\t\t\t<h4>MENTIONS<\/h4>\n\t\t\t<p>Production Le Concert de l&rsquo;Hostel Dieu<\/p>\n<p>Avec le soutien de Diaphonique, fonds franco-britannique pour la musique contemporaine en partenariat avec la Sacem, les Amis de l&rsquo;Institut fran\u00e7ais du Royaume-Uni, le British Council, le Minist\u00e8re de la Culture, l&rsquo;Institut fran\u00e7ais, l&rsquo;Institut fran\u00e7ais du Royaume-Uni, Le Centre national de la musique, la Fondation Salabert.<\/p>\n<p>Avec le soutien de la Maison de la Musique Contemporaine, du Centre national de la musique et de la R\u00e9gion Auvergne-Rh\u00f4ne-Alpes.<\/p>\n<p>En partenariat avec le London festival of baroque music, Oxford University, le Festival d&rsquo;Ambronay, le Label Apart\u00e9 et Libelo Productions.<\/p>\n<h4  id=\"agenda\">\n\t\t\tAGENDA\t<\/h4>\n\t<p><strong>2 sept. 2022\u00a0\u00a0\u00a0\u00a0\u00a0\u00a0\u00a0 \u00a0\u00a0<\/strong><em> 50\/50 : sortie du disque<\/em><\/p>\n<h4  id=\"agenda\">\n\t\t\tLES ARTISTES ASSOCI\u00c9S\t<\/h4>\n\t\t\t\t\t\t\t\t\t\t\t\t\t\t<a href=\"https:\/\/www.concert-hosteldieu.com\/nos-artistes-invites\/martyn-harry\/\" target=\"_self\" title=\"Martyn Harry\">\n\t\t\t\t<img decoding=\"async\" src=\"https:\/\/www.concert-hosteldieu.com\/wp-content\/uploads\/2022\/08\/Martyn-Harry\u00a9Florent-de-Gaudemar.jpg\" alt=\"\" \/>\n\t\t\t\t<\/a>\n\t\t\t\t\t\t<h3>\n\t\t\t\t<a href=\"https:\/\/www.concert-hosteldieu.com\/nos-artistes-invites\/martyn-harry\/\" title=\"Martyn Harry\">Martyn Harry<\/a>\t\t\t<\/h3>\n\t\t\t\t\t\t\t\t\t\t\t\t\t\t<a href=\"https:\/\/www.concert-hosteldieu.com\/nos-artistes-invites\/david-chalmin\/\" target=\"_self\" title=\"David Chalmin\">\n\t\t\t\t<img decoding=\"async\" src=\"https:\/\/www.concert-hosteldieu.com\/wp-content\/uploads\/2022\/08\/David-Chalmin\u00a9Florent-de-Gaudemar-1.jpg\" alt=\"\" \/>\n\t\t\t\t<\/a>\n\t\t\t\t\t\t<h3>\n\t\t\t\t<a href=\"https:\/\/www.concert-hosteldieu.com\/nos-artistes-invites\/david-chalmin\/\" title=\"David Chalmin\">David Chalmin<\/a>\t\t\t<\/h3>\n\t\t\t\t\t\t\t\t\t\t\t\t\t\t<a href=\"https:\/\/www.concert-hosteldieu.com\/nos-artistes-invites\/axelle-verner\/\" target=\"_self\" title=\"Axelle Verner\">\n\t\t\t\t<img decoding=\"async\" src=\"https:\/\/www.concert-hosteldieu.com\/wp-content\/uploads\/2021\/07\/Confluence-134_web.jpg\" alt=\"\" \/>\n\t\t\t\t<\/a>\n\t\t\t\t\t\t<h3>\n\t\t\t\t<a href=\"https:\/\/www.concert-hosteldieu.com\/nos-artistes-invites\/axelle-verner\/\" title=\"Axelle Verner\">Axelle Verner<\/a>\t\t\t<\/h3>\n\t\t\t\t\t\t\t\t\t\t\t\t\t\t<a href=\"https:\/\/www.concert-hosteldieu.com\/franck-emmanuel-comte\/\" target=\"_self\" title=\"Franck-Emmanuel Comte\">\n\t\t\t\t<img decoding=\"async\" src=\"https:\/\/www.concert-hosteldieu.com\/wp-content\/uploads\/2021\/07\/CHD-FE-Comte-portrait-Jean-Combier-6.jpg\" alt=\"Franck-Emmanuel Comte, directeur artistique du Concert de l&#039;Hostel Dieu\" \/>\n\t\t\t\t<\/a>\n\t\t\t\t\t\t<h3>\n\t\t\t\t<a href=\"https:\/\/www.concert-hosteldieu.com\/franck-emmanuel-comte\/\" title=\"Franck-Emmanuel Comte\">Franck-Emmanuel Comte<\/a>\t\t\t<\/h3>\n\n","protected":false},"excerpt":{"rendered":"<p>Programme Henry PurcellCrown the Altar (extrait de l&rsquo;Ode \u00ab Celebrate this Festival \u00bb, Z 321) David ChalminMusic for a while (d&rsquo;apr\u00e8s \u00ab Music for a while \u00bb de H. Purcell)\u00a0\u00a0\u00a0A : Music For A WhileB : Hypnotic CyclesC : Another [&hellip;]<\/p>\n","protected":false},"author":2776,"featured_media":17427,"parent":23593,"menu_order":0,"comment_status":"closed","ping_status":"closed","template":"","meta":{"site-sidebar-layout":"default","site-content-layout":null,"ast-site-content-layout":"full-width-container","site-content-style":"unboxed","site-sidebar-style":"unboxed","ast-global-header-display":"","ast-banner-title-visibility":"","ast-main-header-display":"","ast-hfb-above-header-display":null,"ast-hfb-below-header-display":null,"ast-hfb-mobile-header-display":"","site-post-title":"disabled","ast-breadcrumbs-content":null,"ast-featured-img":"disabled","footer-sml-layout":"","ast-disable-related-posts":"","theme-transparent-header-meta":"default","adv-header-id-meta":"","stick-header-meta":"default","header-above-stick-meta":null,"header-main-stick-meta":"","header-below-stick-meta":null,"astra-migrate-meta-layouts":"default","ast-page-background-enabled":"default","ast-page-background-meta":{"desktop":{"background-color":"","background-image":"","background-repeat":"repeat","background-position":"center center","background-size":"auto","background-attachment":"scroll","background-type":"","background-media":"","overlay-type":"","overlay-color":"","overlay-opacity":"","overlay-gradient":""},"tablet":{"background-color":"","background-image":"","background-repeat":"repeat","background-position":"center center","background-size":"auto","background-attachment":"scroll","background-type":"","background-media":"","overlay-type":"","overlay-color":"","overlay-opacity":"","overlay-gradient":""},"mobile":{"background-color":"","background-image":"","background-repeat":"repeat","background-position":"center center","background-size":"auto","background-attachment":"scroll","background-type":"","background-media":"","overlay-type":"","overlay-color":"","overlay-opacity":"","overlay-gradient":""}},"ast-content-background-meta":{"desktop":{"background-color":"var(--ast-global-color-5)","background-image":"","background-repeat":"repeat","background-position":"center center","background-size":"auto","background-attachment":"scroll","background-type":"","background-media":"","overlay-type":"","overlay-color":"","overlay-opacity":"","overlay-gradient":""},"tablet":{"background-color":"var(--ast-global-color-5)","background-image":"","background-repeat":"repeat","background-position":"center center","background-size":"auto","background-attachment":"scroll","background-type":"","background-media":"","overlay-type":"","overlay-color":"","overlay-opacity":"","overlay-gradient":""},"mobile":{"background-color":"var(--ast-global-color-5)","background-image":"","background-repeat":"repeat","background-position":"center center","background-size":"auto","background-attachment":"scroll","background-type":"","background-media":"","overlay-type":"","overlay-color":"","overlay-opacity":"","overlay-gradient":""}},"footnotes":""},"categories":[452],"tags":[],"class_list":["post-12533","page","type-page","status-publish","has-post-thumbnail","hentry","category-nos-productions-passees"],"yoast_head":"<!-- This site is optimized with the Yoast SEO plugin v27.6 - https:\/\/yoast.com\/product\/yoast-seo-wordpress\/ -->\n<title>50\/50 - Le Concert de l&#039;Hostel Dieu<\/title>\n<meta name=\"description\" content=\"D\u00e9couvrez 50\/50, notre nouveau projet qui m\u00eale la musique baroque aux cr\u00e9ations contemporaines de David Chalmin et Martyn Harry.\" \/>\n<meta name=\"robots\" content=\"index, follow, max-snippet:-1, max-image-preview:large, max-video-preview:-1\" \/>\n<link rel=\"canonical\" href=\"https:\/\/www.concert-hosteldieu.com\/en\/nos-productions\/50-50\/\" \/>\n<meta property=\"og:locale\" content=\"en_GB\" \/>\n<meta property=\"og:type\" content=\"article\" \/>\n<meta property=\"og:title\" content=\"50\/50 - Le Concert de l&#039;Hostel Dieu\" \/>\n<meta property=\"og:description\" content=\"D\u00e9couvrez 50\/50, notre nouveau projet qui m\u00eale la musique baroque aux cr\u00e9ations contemporaines de David Chalmin et Martyn Harry.\" \/>\n<meta property=\"og:url\" content=\"https:\/\/www.concert-hosteldieu.com\/en\/nos-productions\/50-50\/\" \/>\n<meta property=\"og:site_name\" content=\"Le Concert de l&#039;Hostel Dieu\" \/>\n<meta property=\"article:publisher\" content=\"https:\/\/www.facebook.com\/leconcert.delhosteldieu\" \/>\n<meta property=\"article:modified_time\" content=\"2025-09-16T08:26:38+00:00\" \/>\n<meta property=\"og:image\" content=\"https:\/\/www.concert-hosteldieu.com\/wp-content\/uploads\/2022\/06\/Visuel-50-50-RVB.jpg\" \/>\n\t<meta property=\"og:image:width\" content=\"1920\" \/>\n\t<meta property=\"og:image:height\" content=\"1108\" \/>\n\t<meta property=\"og:image:type\" content=\"image\/jpeg\" \/>\n<meta name=\"twitter:label1\" content=\"Estimated reading time\" \/>\n\t<meta name=\"twitter:data1\" content=\"4 minutes\" \/>\n<script type=\"application\/ld+json\" class=\"yoast-schema-graph\">{\"@context\":\"https:\\\/\\\/schema.org\",\"@graph\":[{\"@type\":\"WebPage\",\"@id\":\"https:\\\/\\\/www.concert-hosteldieu.com\\\/nos-productions\\\/50-50\\\/\",\"url\":\"https:\\\/\\\/www.concert-hosteldieu.com\\\/nos-productions\\\/50-50\\\/\",\"name\":\"50\\\/50 - Le Concert de l&#039;Hostel Dieu\",\"isPartOf\":{\"@id\":\"https:\\\/\\\/www.concert-hosteldieu.com\\\/#website\"},\"primaryImageOfPage\":{\"@id\":\"https:\\\/\\\/www.concert-hosteldieu.com\\\/nos-productions\\\/50-50\\\/#primaryimage\"},\"image\":{\"@id\":\"https:\\\/\\\/www.concert-hosteldieu.com\\\/nos-productions\\\/50-50\\\/#primaryimage\"},\"thumbnailUrl\":\"https:\\\/\\\/www.concert-hosteldieu.com\\\/wp-content\\\/uploads\\\/2022\\\/06\\\/Visuel-50-50-RVB.jpg\",\"datePublished\":\"2021-06-05T20:33:00+00:00\",\"dateModified\":\"2025-09-16T08:26:38+00:00\",\"description\":\"D\u00e9couvrez 50\\\/50, notre nouveau projet qui m\u00eale la musique baroque aux cr\u00e9ations contemporaines de David Chalmin et Martyn Harry.\",\"breadcrumb\":{\"@id\":\"https:\\\/\\\/www.concert-hosteldieu.com\\\/nos-productions\\\/50-50\\\/#breadcrumb\"},\"inLanguage\":\"en-GB\",\"potentialAction\":[{\"@type\":\"ReadAction\",\"target\":[\"https:\\\/\\\/www.concert-hosteldieu.com\\\/nos-productions\\\/50-50\\\/\"]}]},{\"@type\":\"ImageObject\",\"inLanguage\":\"en-GB\",\"@id\":\"https:\\\/\\\/www.concert-hosteldieu.com\\\/nos-productions\\\/50-50\\\/#primaryimage\",\"url\":\"https:\\\/\\\/www.concert-hosteldieu.com\\\/wp-content\\\/uploads\\\/2022\\\/06\\\/Visuel-50-50-RVB.jpg\",\"contentUrl\":\"https:\\\/\\\/www.concert-hosteldieu.com\\\/wp-content\\\/uploads\\\/2022\\\/06\\\/Visuel-50-50-RVB.jpg\",\"width\":1920,\"height\":1108,\"caption\":\"50\\\/50, un des projets en cr\u00e9ation du CHD\"},{\"@type\":\"BreadcrumbList\",\"@id\":\"https:\\\/\\\/www.concert-hosteldieu.com\\\/nos-productions\\\/50-50\\\/#breadcrumb\",\"itemListElement\":[{\"@type\":\"ListItem\",\"position\":1,\"name\":\"Accueil\",\"item\":\"https:\\\/\\\/www.concert-hosteldieu.com\\\/\"},{\"@type\":\"ListItem\",\"position\":2,\"name\":\"Nos productions\",\"item\":\"https:\\\/\\\/www.concert-hosteldieu.com\\\/nos-productions\\\/\"},{\"@type\":\"ListItem\",\"position\":3,\"name\":\"50-50\"}]},{\"@type\":\"WebSite\",\"@id\":\"https:\\\/\\\/www.concert-hosteldieu.com\\\/#website\",\"url\":\"https:\\\/\\\/www.concert-hosteldieu.com\\\/\",\"name\":\"Le Concert de l&#039;Hostel Dieu\",\"description\":\"Franck-Emmanuel Comte\",\"publisher\":{\"@id\":\"https:\\\/\\\/www.concert-hosteldieu.com\\\/#organization\"},\"potentialAction\":[{\"@type\":\"SearchAction\",\"target\":{\"@type\":\"EntryPoint\",\"urlTemplate\":\"https:\\\/\\\/www.concert-hosteldieu.com\\\/?s={search_term_string}\"},\"query-input\":{\"@type\":\"PropertyValueSpecification\",\"valueRequired\":true,\"valueName\":\"search_term_string\"}}],\"inLanguage\":\"en-GB\"},{\"@type\":\"Organization\",\"@id\":\"https:\\\/\\\/www.concert-hosteldieu.com\\\/#organization\",\"name\":\"Le Concert de l'Hostel Dieu\",\"url\":\"https:\\\/\\\/www.concert-hosteldieu.com\\\/\",\"logo\":{\"@type\":\"ImageObject\",\"inLanguage\":\"en-GB\",\"@id\":\"https:\\\/\\\/www.concert-hosteldieu.com\\\/#\\\/schema\\\/logo\\\/image\\\/\",\"url\":\"https:\\\/\\\/www.concert-hosteldieu.com\\\/wp-content\\\/uploads\\\/2021\\\/06\\\/logo-chd-noir-transparent.png\",\"contentUrl\":\"https:\\\/\\\/www.concert-hosteldieu.com\\\/wp-content\\\/uploads\\\/2021\\\/06\\\/logo-chd-noir-transparent.png\",\"width\":262,\"height\":106,\"caption\":\"Le Concert de l'Hostel Dieu\"},\"image\":{\"@id\":\"https:\\\/\\\/www.concert-hosteldieu.com\\\/#\\\/schema\\\/logo\\\/image\\\/\"},\"sameAs\":[\"https:\\\/\\\/www.facebook.com\\\/leconcert.delhosteldieu\",\"https:\\\/\\\/x.com\\\/CHDLyon\",\"https:\\\/\\\/instagram.com\\\/concert_hostel_dieu\",\"https:\\\/\\\/www.linkedin.com\\\/company\\\/le-concert-de-l'hostel-dieu\\\/\",\"https:\\\/\\\/www.youtube.com\\\/user\\\/CHDLyon\"]}]}<\/script>\n<!-- \/ Yoast SEO plugin. -->","yoast_head_json":{"title":"50\/50 - Le Concert de l&#039;Hostel Dieu","description":"D\u00e9couvrez 50\/50, notre nouveau projet qui m\u00eale la musique baroque aux cr\u00e9ations contemporaines de David Chalmin et Martyn Harry.","robots":{"index":"index","follow":"follow","max-snippet":"max-snippet:-1","max-image-preview":"max-image-preview:large","max-video-preview":"max-video-preview:-1"},"canonical":"https:\/\/www.concert-hosteldieu.com\/en\/nos-productions\/50-50\/","og_locale":"en_GB","og_type":"article","og_title":"50\/50 - Le Concert de l&#039;Hostel Dieu","og_description":"D\u00e9couvrez 50\/50, notre nouveau projet qui m\u00eale la musique baroque aux cr\u00e9ations contemporaines de David Chalmin et Martyn Harry.","og_url":"https:\/\/www.concert-hosteldieu.com\/en\/nos-productions\/50-50\/","og_site_name":"Le Concert de l&#039;Hostel Dieu","article_publisher":"https:\/\/www.facebook.com\/leconcert.delhosteldieu","article_modified_time":"2025-09-16T08:26:38+00:00","og_image":[{"width":1920,"height":1108,"url":"https:\/\/www.concert-hosteldieu.com\/wp-content\/uploads\/2022\/06\/Visuel-50-50-RVB.jpg","type":"image\/jpeg"}],"twitter_misc":{"Estimated reading time":"4 minutes"},"schema":{"@context":"https:\/\/schema.org","@graph":[{"@type":"WebPage","@id":"https:\/\/www.concert-hosteldieu.com\/nos-productions\/50-50\/","url":"https:\/\/www.concert-hosteldieu.com\/nos-productions\/50-50\/","name":"50\/50 - Le Concert de l&#039;Hostel Dieu","isPartOf":{"@id":"https:\/\/www.concert-hosteldieu.com\/#website"},"primaryImageOfPage":{"@id":"https:\/\/www.concert-hosteldieu.com\/nos-productions\/50-50\/#primaryimage"},"image":{"@id":"https:\/\/www.concert-hosteldieu.com\/nos-productions\/50-50\/#primaryimage"},"thumbnailUrl":"https:\/\/www.concert-hosteldieu.com\/wp-content\/uploads\/2022\/06\/Visuel-50-50-RVB.jpg","datePublished":"2021-06-05T20:33:00+00:00","dateModified":"2025-09-16T08:26:38+00:00","description":"D\u00e9couvrez 50\/50, notre nouveau projet qui m\u00eale la musique baroque aux cr\u00e9ations contemporaines de David Chalmin et Martyn Harry.","breadcrumb":{"@id":"https:\/\/www.concert-hosteldieu.com\/nos-productions\/50-50\/#breadcrumb"},"inLanguage":"en-GB","potentialAction":[{"@type":"ReadAction","target":["https:\/\/www.concert-hosteldieu.com\/nos-productions\/50-50\/"]}]},{"@type":"ImageObject","inLanguage":"en-GB","@id":"https:\/\/www.concert-hosteldieu.com\/nos-productions\/50-50\/#primaryimage","url":"https:\/\/www.concert-hosteldieu.com\/wp-content\/uploads\/2022\/06\/Visuel-50-50-RVB.jpg","contentUrl":"https:\/\/www.concert-hosteldieu.com\/wp-content\/uploads\/2022\/06\/Visuel-50-50-RVB.jpg","width":1920,"height":1108,"caption":"50\/50, un des projets en cr\u00e9ation du CHD"},{"@type":"BreadcrumbList","@id":"https:\/\/www.concert-hosteldieu.com\/nos-productions\/50-50\/#breadcrumb","itemListElement":[{"@type":"ListItem","position":1,"name":"Accueil","item":"https:\/\/www.concert-hosteldieu.com\/"},{"@type":"ListItem","position":2,"name":"Nos productions","item":"https:\/\/www.concert-hosteldieu.com\/nos-productions\/"},{"@type":"ListItem","position":3,"name":"50-50"}]},{"@type":"WebSite","@id":"https:\/\/www.concert-hosteldieu.com\/#website","url":"https:\/\/www.concert-hosteldieu.com\/","name":"Le Concert de l&#039;Hostel Dieu","description":"Franck-Emmanuel Comte","publisher":{"@id":"https:\/\/www.concert-hosteldieu.com\/#organization"},"potentialAction":[{"@type":"SearchAction","target":{"@type":"EntryPoint","urlTemplate":"https:\/\/www.concert-hosteldieu.com\/?s={search_term_string}"},"query-input":{"@type":"PropertyValueSpecification","valueRequired":true,"valueName":"search_term_string"}}],"inLanguage":"en-GB"},{"@type":"Organization","@id":"https:\/\/www.concert-hosteldieu.com\/#organization","name":"Le Concert de l'Hostel Dieu","url":"https:\/\/www.concert-hosteldieu.com\/","logo":{"@type":"ImageObject","inLanguage":"en-GB","@id":"https:\/\/www.concert-hosteldieu.com\/#\/schema\/logo\/image\/","url":"https:\/\/www.concert-hosteldieu.com\/wp-content\/uploads\/2021\/06\/logo-chd-noir-transparent.png","contentUrl":"https:\/\/www.concert-hosteldieu.com\/wp-content\/uploads\/2021\/06\/logo-chd-noir-transparent.png","width":262,"height":106,"caption":"Le Concert de l'Hostel Dieu"},"image":{"@id":"https:\/\/www.concert-hosteldieu.com\/#\/schema\/logo\/image\/"},"sameAs":["https:\/\/www.facebook.com\/leconcert.delhosteldieu","https:\/\/x.com\/CHDLyon","https:\/\/instagram.com\/concert_hostel_dieu","https:\/\/www.linkedin.com\/company\/le-concert-de-l'hostel-dieu\/","https:\/\/www.youtube.com\/user\/CHDLyon"]}]}},"_links":{"self":[{"href":"https:\/\/www.concert-hosteldieu.com\/en\/wp-json\/wp\/v2\/pages\/12533","targetHints":{"allow":["GET"]}}],"collection":[{"href":"https:\/\/www.concert-hosteldieu.com\/en\/wp-json\/wp\/v2\/pages"}],"about":[{"href":"https:\/\/www.concert-hosteldieu.com\/en\/wp-json\/wp\/v2\/types\/page"}],"author":[{"embeddable":true,"href":"https:\/\/www.concert-hosteldieu.com\/en\/wp-json\/wp\/v2\/users\/2776"}],"replies":[{"embeddable":true,"href":"https:\/\/www.concert-hosteldieu.com\/en\/wp-json\/wp\/v2\/comments?post=12533"}],"version-history":[{"count":4,"href":"https:\/\/www.concert-hosteldieu.com\/en\/wp-json\/wp\/v2\/pages\/12533\/revisions"}],"predecessor-version":[{"id":23607,"href":"https:\/\/www.concert-hosteldieu.com\/en\/wp-json\/wp\/v2\/pages\/12533\/revisions\/23607"}],"up":[{"embeddable":true,"href":"https:\/\/www.concert-hosteldieu.com\/en\/wp-json\/wp\/v2\/pages\/23593"}],"wp:featuredmedia":[{"embeddable":true,"href":"https:\/\/www.concert-hosteldieu.com\/en\/wp-json\/wp\/v2\/media\/17427"}],"wp:attachment":[{"href":"https:\/\/www.concert-hosteldieu.com\/en\/wp-json\/wp\/v2\/media?parent=12533"}],"wp:term":[{"taxonomy":"category","embeddable":true,"href":"https:\/\/www.concert-hosteldieu.com\/en\/wp-json\/wp\/v2\/categories?post=12533"},{"taxonomy":"post_tag","embeddable":true,"href":"https:\/\/www.concert-hosteldieu.com\/en\/wp-json\/wp\/v2\/tags?post=12533"}],"curies":[{"name":"wp","href":"https:\/\/api.w.org\/{rel}","templated":true}]}}