{"id":12506,"date":"2021-06-05T19:21:55","date_gmt":"2021-06-05T18:21:55","guid":{"rendered":"https:\/\/dev.concert-hosteldieu.com\/?page_id=12506"},"modified":"2025-09-16T09:28:26","modified_gmt":"2025-09-16T08:28:26","slug":"bach-ou-pas-bach","status":"publish","type":"page","link":"https:\/\/www.concert-hosteldieu.com\/en\/nos-productions\/bach-ou-pas-bach\/","title":{"rendered":"Bach ou pas Bach"},"content":{"rendered":"<h4 tabindex=\"0\">Program details<\/h4>\n\t\t\t<p><strong>Johann Sebastian Bach<\/strong> &#8230; ou pas ?<\/p>\n<p>Suite n\u00b05 BWV 1070 (ouverture)<\/p>\n<p>Aria \u00ab\u00a0O seid mir sehnsuchtsvoll gek\u00fc\u00dft\u00a0\u00bb<br \/>Extraite de la Cantate BWV 222 : Mein Odem ist schwach<\/p>\n<p>Aria \u00ab\u00a0Bist du bei mir\u00a0\u00bb BWV 508<\/p>\n<p>Polonaise BWV Anh.125 en sol mineur<\/p>\n<p>Aria \u00ab So oft ich meine Tobackspfeife \u00bb BWV 515<\/p>\n<p>Aria choral \u00ab\u00a0Lass mich nur, Herr, wie Simeon\u00a0\u00bb<br \/>Extraite de la Cantate BWV 222 : Mein Odem ist schwach<\/p>\n<p>Suite n\u00b05 BWV 1070 (Torneo, Aria)<\/p>\n<p>Aria \u00ab\u00a0Auf, freue dich, Seele, du bist nun getr\u00f6st\u00a0\u00bb<br \/>Extraite de la Cantate BWV 15 : Denn du wirst meine Seele nicht in der H\u00f6lle lassen<\/p>\n<p>Cantate BWV 53 : Schlage doch gew\u00fcnschte Stunde<\/p>\n<p>Suite n\u00b05 BWV 1070 (extraits de Menuetto, Capriccio)<\/p>\n<p>Cantate BWV 169 \u00ab Gott soll allein mein Herze haben \u00bb<\/p>\n\t\t\t\t\t\t<h4 tabindex=\"0\">Cast<\/h4>\n\t\t\t<p><a href=\"https:\/\/www.concert-hosteldieu.com\/en\/presentation\/lequipe-artistique\/axelle-verner\/\" target=\"_blank\" rel=\"noopener noreferrer\">Axelle Verner<\/a>, mezzo soprano<br \/><a href=\"https:\/\/www.concert-hosteldieu.com\/en\/presentation\/lequipe-artistique\/reynier-guerrero\/\" target=\"_blank\" rel=\"noopener noreferrer\">Reynier Guerrero<\/a>\u00a0and\u00a0<a href=\"https:\/\/www.concert-hosteldieu.com\/en\/presentation\/lequipe-artistique\/sayaka-shinoda\/\" target=\"_blank\" rel=\"noopener noreferrer\">Sayaka Shinoda<\/a>, violons<br \/><a href=\"https:\/\/www.concert-hosteldieu.com\/en\/presentation\/lequipe-artistique\/aurelie-metivier\/\" target=\"_blank\" rel=\"noopener noreferrer\">Aur\u00e9lie M\u00e9tivier<\/a>, viola<br \/><a href=\"https:\/\/www.concert-hosteldieu.com\/en\/nos-musiciens\/aude-walker-viry\/\">Aude Walker-Viry<\/a>, cello<br \/><a href=\"https:\/\/www.concert-hosteldieu.com\/en\/presentation\/lequipe-artistique\/nicolas-janot\/\" target=\"_blank\" rel=\"noopener noreferrer\">Nicolas Janot<\/a>, doublebass<br \/><a href=\"https:\/\/www.concert-hosteldieu.com\/en\/presentation\/lequipe-artistique\/franck-emmanuel-comte\/\" target=\"_blank\" rel=\"noopener noreferrer\">Franck-Emmanuel Comte<\/a>, harpsichord, organ and direction<em><br \/><\/em><\/p>\n<p class=\"translation-block\"><strong>Headcount:<br><\/strong>1 soloist, 6 instrumentalists<\/p>\n\t<p><strong>Listen to Bach differently!\u00a0<\/strong><\/p>\n<p>This is the aim of this discovery concert, which follows in the footsteps of the forgotten, unpublished or apocryphal music of J.S. Bach.<\/p>\n<p>En filigrane, ce concert pose la question du \u00ab branding \u00bb en musique : savoir si la cantate que nous \u00e9coutons est bien du grand Bach ou plut\u00f4t l&rsquo;\u0153uvre d&rsquo;un obscur cousin de Thuringe modifie-t-il notre \u00e9coute ? Ne peut-on pas \u00e9couter une musique, juste pour ce qu&rsquo;elle est : un agencement r\u00e9ussi &#8211; ou non &#8211; d&rsquo;harmonies, de m\u00e9lodies et de rythmes ? Telles sont les questions que se posera peut-\u00eatre le public \u00e0 la sortie de ce concert, lequel rassemble p\u00e8le-m\u00eale des oeuvres attribu\u00e9es \u00e0 J.S. Bach et d&rsquo;autres consid\u00e9r\u00e9es comme apocryphes.<\/p>\n<p>Franck-Emmanuel Comte will use a few didactic commentaries to encourage the audience to reflect on these issues. With only the titles of the works and the number of their entry in Wolfgang Schmiedel's famous catalogue (BWV) on the page, everyone can make up their own mind and hone their Sherlock Holmes instincts!<\/p>\n<p>Cette exp\u00e9rience d&rsquo;\u00e9coute pourra \u00eatre accompagn\u00e9e d&rsquo;un quizz, selon le souhait du public et des organisateurs. L&rsquo;id\u00e9e est double : faire d\u00e9couvrir des \u0153uvres peu connues et r\u00e9veiller chez l&rsquo;auditeur son esprit critique.<\/p>\n<h4>\n\t\tVIDEO\n\t<\/h4>\n\t<iframe loading=\"lazy\" title=\"Bach or no Bach?\" width=\"500\" height=\"281\" src=\"https:\/\/www.youtube.com\/embed\/jQM3Cobls00?feature=oembed\" frameborder=\"0\" allow=\"accelerometer; autoplay; clipboard-write; encrypted-media; gyroscope; picture-in-picture; web-share\" allowfullscreen><\/iframe>\n<h4>\n\t\tPICTURES\n\t<\/h4>\n<h4>\n\t\tMORE ABOUT THIS PROJECT\n\t<\/h4>\n\t\t\t\t\t<a href=\"https:\/\/www.youtube.com\/watch?v=Jl9vMp2cXBk\" aria-label=\"uabb-video-gallery\" data-fancybox=\"uabb-video-gallery\" data-url=\"https:\/\/www.youtube.com\/embed\/Jl9vMp2cXBk?autoplay=1&#038;version=3&#038;enablejsapi=1\"class=\"uabb-video-gallery-fancybox uabb-vg__play_full\">\t\t\t\t\t\t\n\t\t\t\t\t<\/a>\t\t\t\t\n\t\t\t\t\t<a href=\"https:\/\/www.youtube.com\/watch?v=hM8O6gN1D48\" aria-label=\"uabb-video-gallery\" data-fancybox=\"uabb-video-gallery\" data-url=\"https:\/\/www.youtube.com\/embed\/hM8O6gN1D48?autoplay=1&#038;version=3&#038;enablejsapi=1\"class=\"uabb-video-gallery-fancybox uabb-vg__play_full\">\t\t\t\t\t\t\n\t\t\t\t\t<\/a>\t\t\t\t\n<h4>\n\t\tCALENDAR\n\t<\/h4>\n<h4>\n\t\tASSOCIATED ARTISTS\n\t<\/h4>\n\t\t\t\t\t\t\t\t\t\t\t\t\t\t<a href=\"https:\/\/www.concert-hosteldieu.com\/en\/nos-artistes-invites\/axelle-verner\/\" target=\"_self\" title=\"Axelle Verner\" rel=\"noopener\">\n\t\t\t\t<img decoding=\"async\" src=\"https:\/\/www.concert-hosteldieu.com\/wp-content\/uploads\/2021\/07\/Confluence-134_web.jpg\" alt=\"\" \/>\n\t\t\t\t<\/a>\n\t\t\t\t\t\t<h3>\n\t\t\t\t<a href=\"https:\/\/www.concert-hosteldieu.com\/en\/nos-artistes-invites\/axelle-verner\/\" title=\"Axelle Verner\" tabindex=\"0\">Axelle Verner<\/a>\t\t\t<\/h3>\n\t\t\t\t\t\t\t\t\t\t\t\t\t\t<a href=\"https:\/\/www.concert-hosteldieu.com\/en\/nos-musiciens\/reynier-guerrero\/\" target=\"_self\" title=\"Reynier Guerrero\" rel=\"noopener\">\n\t\t\t\t<img decoding=\"async\" src=\"https:\/\/www.concert-hosteldieu.com\/wp-content\/uploads\/2021\/06\/Confluence-81_web.jpg\" alt=\"\" \/>\n\t\t\t\t<\/a>\n\t\t\t\t\t\t<h3>\n\t\t\t\t<a href=\"https:\/\/www.concert-hosteldieu.com\/en\/nos-musiciens\/reynier-guerrero\/\" title=\"Reynier Guerrero\" tabindex=\"0\">Reynier Guerrero<\/a>\t\t\t<\/h3>\n\t\t\t\t\t\t\t\t\t\t\t\t\t\t<a href=\"https:\/\/www.concert-hosteldieu.com\/en\/nos-musiciens\/sayaka-shinoda\/\" target=\"_self\" title=\"Sayaka Shinoda\" rel=\"noopener\">\n\t\t\t\t<img decoding=\"async\" src=\"https:\/\/www.concert-hosteldieu.com\/wp-content\/uploads\/2021\/07\/Sayaka-Shinoda1\u00a9Julie-Cherki-1.jpg\" alt=\"\" \/>\n\t\t\t\t<\/a>\n\t\t\t\t\t\t<h3>\n\t\t\t\t<a href=\"https:\/\/www.concert-hosteldieu.com\/en\/nos-musiciens\/sayaka-shinoda\/\" title=\"Sayaka Shinoda\" tabindex=\"0\">Sayaka Shinoda<\/a>\t\t\t<\/h3>\n\t\t\t\t\t\t\t\t\t\t\t\t\t\t<a href=\"https:\/\/www.concert-hosteldieu.com\/en\/nos-musiciens\/aurelie-metivier\/\" target=\"_self\" title=\"Aur\u00e9lie M\u00e9tivier\" rel=\"noopener\">\n\t\t\t\t<img decoding=\"async\" src=\"https:\/\/www.concert-hosteldieu.com\/wp-content\/uploads\/2021\/06\/Confluence-121_web.jpg\" alt=\"\" \/>\n\t\t\t\t<\/a>\n\t\t\t\t\t\t<h3>\n\t\t\t\t<a href=\"https:\/\/www.concert-hosteldieu.com\/en\/nos-musiciens\/aurelie-metivier\/\" title=\"Aur\u00e9lie M\u00e9tivier\" tabindex=\"0\">Aur\u00e9lie M\u00e9tivier<\/a>\t\t\t<\/h3>\n\t\t\t\t\t\t\t\t\t\t\t\t\t\t<a href=\"https:\/\/www.concert-hosteldieu.com\/en\/nos-musiciens\/benoit-morel\/\" target=\"_self\" title=\"Beno\u00eet Morel\" rel=\"noopener\">\n\t\t\t\t<img decoding=\"async\" src=\"https:\/\/www.concert-hosteldieu.com\/wp-content\/uploads\/2021\/06\/Confluence-137_web.jpg\" alt=\"\" \/>\n\t\t\t\t<\/a>\n\t\t\t\t\t\t<h3>\n\t\t\t\t<a href=\"https:\/\/www.concert-hosteldieu.com\/en\/nos-musiciens\/benoit-morel\/\" title=\"Beno\u00eet Morel\" tabindex=\"0\">Beno\u00eet Morel<\/a>\t\t\t<\/h3>\n\t\t\t\t\t\t\t\t\t\t\t\t\t\t<a href=\"https:\/\/www.concert-hosteldieu.com\/en\/nos-musiciens\/nicolas-janot\/\" target=\"_self\" title=\"Nicolas Janot\" rel=\"noopener\">\n\t\t\t\t<img decoding=\"async\" src=\"https:\/\/www.concert-hosteldieu.com\/wp-content\/uploads\/2021\/06\/GAM07278.jpg\" alt=\"\" \/>\n\t\t\t\t<\/a>\n\t\t\t\t\t\t<h3>\n\t\t\t\t<a href=\"https:\/\/www.concert-hosteldieu.com\/en\/nos-musiciens\/nicolas-janot\/\" title=\"Nicolas Janot\" tabindex=\"0\">Nicolas Janot<\/a>\t\t\t<\/h3>\n\t\t\t\t\t\t\t\t\t\t\t\t\t\t<a href=\"https:\/\/www.concert-hosteldieu.com\/en\/franck-emmanuel-comte\/\" target=\"_self\" title=\"Franck-Emmanuel Comte\" rel=\"noopener\">\n\t\t\t\t<img decoding=\"async\" src=\"https:\/\/www.concert-hosteldieu.com\/wp-content\/uploads\/2021\/07\/CHD-FE-Comte-portrait-Jean-Combier-6.jpg\" alt=\"Franck-Emmanuel Comte, directeur artistique du Concert de l&#039;Hostel Dieu\" \/>\n\t\t\t\t<\/a>\n\t\t\t\t\t\t<h3>\n\t\t\t\t<a href=\"https:\/\/www.concert-hosteldieu.com\/en\/franck-emmanuel-comte\/\" title=\"Franck-Emmanuel Comte\" tabindex=\"0\">Franck-Emmanuel Comte<\/a>\t\t\t<\/h3>","protected":false},"excerpt":{"rendered":"<p>Programme Johann Sebastian Bach &#8230; ou pas ? Suite n\u00b05 BWV 1070 (ouverture) Aria \u00ab\u00a0O seid mir sehnsuchtsvoll gek\u00fc\u00dft\u00a0\u00bbExtraite de la Cantate BWV 222 : Mein Odem ist schwach Aria \u00ab\u00a0Bist du bei mir\u00a0\u00bb BWV 508 Polonaise BWV Anh.125 en [&hellip;]<\/p>\n","protected":false},"author":2776,"featured_media":19400,"parent":23593,"menu_order":0,"comment_status":"closed","ping_status":"closed","template":"","meta":{"site-sidebar-layout":"default","site-content-layout":null,"ast-site-content-layout":"full-width-container","site-content-style":"unboxed","site-sidebar-style":"unboxed","ast-global-header-display":"","ast-banner-title-visibility":"","ast-main-header-display":"","ast-hfb-above-header-display":null,"ast-hfb-below-header-display":null,"ast-hfb-mobile-header-display":"","site-post-title":"disabled","ast-breadcrumbs-content":null,"ast-featured-img":"disabled","footer-sml-layout":"","ast-disable-related-posts":"","theme-transparent-header-meta":"default","adv-header-id-meta":"","stick-header-meta":"default","header-above-stick-meta":null,"header-main-stick-meta":"","header-below-stick-meta":null,"astra-migrate-meta-layouts":"default","ast-page-background-enabled":"default","ast-page-background-meta":{"desktop":{"background-color":"","background-image":"","background-repeat":"repeat","background-position":"center center","background-size":"auto","background-attachment":"scroll","background-type":"","background-media":"","overlay-type":"","overlay-color":"","overlay-opacity":"","overlay-gradient":""},"tablet":{"background-color":"","background-image":"","background-repeat":"repeat","background-position":"center center","background-size":"auto","background-attachment":"scroll","background-type":"","background-media":"","overlay-type":"","overlay-color":"","overlay-opacity":"","overlay-gradient":""},"mobile":{"background-color":"","background-image":"","background-repeat":"repeat","background-position":"center center","background-size":"auto","background-attachment":"scroll","background-type":"","background-media":"","overlay-type":"","overlay-color":"","overlay-opacity":"","overlay-gradient":""}},"ast-content-background-meta":{"desktop":{"background-color":"var(--ast-global-color-5)","background-image":"","background-repeat":"repeat","background-position":"center center","background-size":"auto","background-attachment":"scroll","background-type":"","background-media":"","overlay-type":"","overlay-color":"","overlay-opacity":"","overlay-gradient":""},"tablet":{"background-color":"var(--ast-global-color-5)","background-image":"","background-repeat":"repeat","background-position":"center center","background-size":"auto","background-attachment":"scroll","background-type":"","background-media":"","overlay-type":"","overlay-color":"","overlay-opacity":"","overlay-gradient":""},"mobile":{"background-color":"var(--ast-global-color-5)","background-image":"","background-repeat":"repeat","background-position":"center center","background-size":"auto","background-attachment":"scroll","background-type":"","background-media":"","overlay-type":"","overlay-color":"","overlay-opacity":"","overlay-gradient":""}},"footnotes":""},"categories":[452],"tags":[],"class_list":["post-12506","page","type-page","status-publish","has-post-thumbnail","hentry","category-nos-productions-passees"],"yoast_head":"<!-- This site is optimized with the Yoast SEO plugin v27.6 - https:\/\/yoast.com\/product\/yoast-seo-wordpress\/ -->\n<title>Bach ou pas Bach - Le Concert de l&#039;Hostel Dieu<\/title>\n<meta name=\"description\" content=\"\u00c9couter Bach autrement ! Tel est le propos de ce concert-d\u00e9couverte sur les traces des musiques oubli\u00e9es, in\u00e9dites ou apocryphes de J.S. Bach.\" \/>\n<meta name=\"robots\" content=\"index, follow, max-snippet:-1, max-image-preview:large, max-video-preview:-1\" \/>\n<link rel=\"canonical\" href=\"https:\/\/www.concert-hosteldieu.com\/en\/nos-productions\/bach-ou-pas-bach\/\" \/>\n<meta property=\"og:locale\" content=\"en_GB\" \/>\n<meta property=\"og:type\" content=\"article\" \/>\n<meta property=\"og:title\" content=\"Bach ou pas Bach - Le Concert de l&#039;Hostel Dieu\" \/>\n<meta property=\"og:description\" content=\"\u00c9couter Bach autrement ! Tel est le propos de ce concert-d\u00e9couverte sur les traces des musiques oubli\u00e9es, in\u00e9dites ou apocryphes de J.S. Bach.\" \/>\n<meta property=\"og:url\" content=\"https:\/\/www.concert-hosteldieu.com\/en\/nos-productions\/bach-ou-pas-bach\/\" \/>\n<meta property=\"og:site_name\" content=\"Le Concert de l&#039;Hostel Dieu\" \/>\n<meta property=\"article:publisher\" content=\"https:\/\/www.facebook.com\/leconcert.delhosteldieu\" \/>\n<meta property=\"article:modified_time\" content=\"2025-09-16T08:28:26+00:00\" \/>\n<meta property=\"og:image\" content=\"https:\/\/www.concert-hosteldieu.com\/wp-content\/uploads\/2023\/03\/Bach-ou-pas-Bach_800x800px.jpg\" \/>\n\t<meta property=\"og:image:width\" content=\"1920\" \/>\n\t<meta property=\"og:image:height\" content=\"1920\" \/>\n\t<meta property=\"og:image:type\" content=\"image\/jpeg\" \/>\n<meta name=\"twitter:label1\" content=\"Estimated reading time\" \/>\n\t<meta name=\"twitter:data1\" content=\"4 minutes\" \/>\n<script type=\"application\/ld+json\" class=\"yoast-schema-graph\">{\"@context\":\"https:\\\/\\\/schema.org\",\"@graph\":[{\"@type\":\"WebPage\",\"@id\":\"https:\\\/\\\/www.concert-hosteldieu.com\\\/nos-productions\\\/bach-ou-pas-bach\\\/\",\"url\":\"https:\\\/\\\/www.concert-hosteldieu.com\\\/nos-productions\\\/bach-ou-pas-bach\\\/\",\"name\":\"Bach ou pas Bach - Le Concert de l&#039;Hostel Dieu\",\"isPartOf\":{\"@id\":\"https:\\\/\\\/www.concert-hosteldieu.com\\\/#website\"},\"primaryImageOfPage\":{\"@id\":\"https:\\\/\\\/www.concert-hosteldieu.com\\\/nos-productions\\\/bach-ou-pas-bach\\\/#primaryimage\"},\"image\":{\"@id\":\"https:\\\/\\\/www.concert-hosteldieu.com\\\/nos-productions\\\/bach-ou-pas-bach\\\/#primaryimage\"},\"thumbnailUrl\":\"https:\\\/\\\/www.concert-hosteldieu.com\\\/wp-content\\\/uploads\\\/2023\\\/03\\\/Bach-ou-pas-Bach_800x800px.jpg\",\"datePublished\":\"2021-06-05T18:21:55+00:00\",\"dateModified\":\"2025-09-16T08:28:26+00:00\",\"description\":\"\u00c9couter Bach autrement ! Tel est le propos de ce concert-d\u00e9couverte sur les traces des musiques oubli\u00e9es, in\u00e9dites ou apocryphes de J.S. Bach.\",\"breadcrumb\":{\"@id\":\"https:\\\/\\\/www.concert-hosteldieu.com\\\/nos-productions\\\/bach-ou-pas-bach\\\/#breadcrumb\"},\"inLanguage\":\"en-GB\",\"potentialAction\":[{\"@type\":\"ReadAction\",\"target\":[\"https:\\\/\\\/www.concert-hosteldieu.com\\\/nos-productions\\\/bach-ou-pas-bach\\\/\"]}]},{\"@type\":\"ImageObject\",\"inLanguage\":\"en-GB\",\"@id\":\"https:\\\/\\\/www.concert-hosteldieu.com\\\/nos-productions\\\/bach-ou-pas-bach\\\/#primaryimage\",\"url\":\"https:\\\/\\\/www.concert-hosteldieu.com\\\/wp-content\\\/uploads\\\/2023\\\/03\\\/Bach-ou-pas-Bach_800x800px.jpg\",\"contentUrl\":\"https:\\\/\\\/www.concert-hosteldieu.com\\\/wp-content\\\/uploads\\\/2023\\\/03\\\/Bach-ou-pas-Bach_800x800px.jpg\",\"width\":1920,\"height\":1920,\"caption\":\"Visuel de Bach ou pas Bach\"},{\"@type\":\"BreadcrumbList\",\"@id\":\"https:\\\/\\\/www.concert-hosteldieu.com\\\/nos-productions\\\/bach-ou-pas-bach\\\/#breadcrumb\",\"itemListElement\":[{\"@type\":\"ListItem\",\"position\":1,\"name\":\"Accueil\",\"item\":\"https:\\\/\\\/www.concert-hosteldieu.com\\\/\"},{\"@type\":\"ListItem\",\"position\":2,\"name\":\"Nos productions\",\"item\":\"https:\\\/\\\/www.concert-hosteldieu.com\\\/nos-productions\\\/\"},{\"@type\":\"ListItem\",\"position\":3,\"name\":\"Bach ou pas Bach\"}]},{\"@type\":\"WebSite\",\"@id\":\"https:\\\/\\\/www.concert-hosteldieu.com\\\/#website\",\"url\":\"https:\\\/\\\/www.concert-hosteldieu.com\\\/\",\"name\":\"Le Concert de l&#039;Hostel Dieu\",\"description\":\"Franck-Emmanuel Comte\",\"publisher\":{\"@id\":\"https:\\\/\\\/www.concert-hosteldieu.com\\\/#organization\"},\"potentialAction\":[{\"@type\":\"SearchAction\",\"target\":{\"@type\":\"EntryPoint\",\"urlTemplate\":\"https:\\\/\\\/www.concert-hosteldieu.com\\\/?s={search_term_string}\"},\"query-input\":{\"@type\":\"PropertyValueSpecification\",\"valueRequired\":true,\"valueName\":\"search_term_string\"}}],\"inLanguage\":\"en-GB\"},{\"@type\":\"Organization\",\"@id\":\"https:\\\/\\\/www.concert-hosteldieu.com\\\/#organization\",\"name\":\"Le Concert de l'Hostel Dieu\",\"url\":\"https:\\\/\\\/www.concert-hosteldieu.com\\\/\",\"logo\":{\"@type\":\"ImageObject\",\"inLanguage\":\"en-GB\",\"@id\":\"https:\\\/\\\/www.concert-hosteldieu.com\\\/#\\\/schema\\\/logo\\\/image\\\/\",\"url\":\"https:\\\/\\\/www.concert-hosteldieu.com\\\/wp-content\\\/uploads\\\/2021\\\/06\\\/logo-chd-noir-transparent.png\",\"contentUrl\":\"https:\\\/\\\/www.concert-hosteldieu.com\\\/wp-content\\\/uploads\\\/2021\\\/06\\\/logo-chd-noir-transparent.png\",\"width\":262,\"height\":106,\"caption\":\"Le Concert de l'Hostel Dieu\"},\"image\":{\"@id\":\"https:\\\/\\\/www.concert-hosteldieu.com\\\/#\\\/schema\\\/logo\\\/image\\\/\"},\"sameAs\":[\"https:\\\/\\\/www.facebook.com\\\/leconcert.delhosteldieu\",\"https:\\\/\\\/x.com\\\/CHDLyon\",\"https:\\\/\\\/instagram.com\\\/concert_hostel_dieu\",\"https:\\\/\\\/www.linkedin.com\\\/company\\\/le-concert-de-l'hostel-dieu\\\/\",\"https:\\\/\\\/www.youtube.com\\\/user\\\/CHDLyon\"]}]}<\/script>\n<!-- \/ Yoast SEO plugin. -->","yoast_head_json":{"title":"Bach ou pas Bach - Le Concert de l&#039;Hostel Dieu","description":"\u00c9couter Bach autrement ! Tel est le propos de ce concert-d\u00e9couverte sur les traces des musiques oubli\u00e9es, in\u00e9dites ou apocryphes de J.S. Bach.","robots":{"index":"index","follow":"follow","max-snippet":"max-snippet:-1","max-image-preview":"max-image-preview:large","max-video-preview":"max-video-preview:-1"},"canonical":"https:\/\/www.concert-hosteldieu.com\/en\/nos-productions\/bach-ou-pas-bach\/","og_locale":"en_GB","og_type":"article","og_title":"Bach ou pas Bach - Le Concert de l&#039;Hostel Dieu","og_description":"\u00c9couter Bach autrement ! Tel est le propos de ce concert-d\u00e9couverte sur les traces des musiques oubli\u00e9es, in\u00e9dites ou apocryphes de J.S. Bach.","og_url":"https:\/\/www.concert-hosteldieu.com\/en\/nos-productions\/bach-ou-pas-bach\/","og_site_name":"Le Concert de l&#039;Hostel Dieu","article_publisher":"https:\/\/www.facebook.com\/leconcert.delhosteldieu","article_modified_time":"2025-09-16T08:28:26+00:00","og_image":[{"width":1920,"height":1920,"url":"https:\/\/www.concert-hosteldieu.com\/wp-content\/uploads\/2023\/03\/Bach-ou-pas-Bach_800x800px.jpg","type":"image\/jpeg"}],"twitter_misc":{"Estimated reading time":"4 minutes"},"schema":{"@context":"https:\/\/schema.org","@graph":[{"@type":"WebPage","@id":"https:\/\/www.concert-hosteldieu.com\/nos-productions\/bach-ou-pas-bach\/","url":"https:\/\/www.concert-hosteldieu.com\/nos-productions\/bach-ou-pas-bach\/","name":"Bach ou pas Bach - Le Concert de l&#039;Hostel Dieu","isPartOf":{"@id":"https:\/\/www.concert-hosteldieu.com\/#website"},"primaryImageOfPage":{"@id":"https:\/\/www.concert-hosteldieu.com\/nos-productions\/bach-ou-pas-bach\/#primaryimage"},"image":{"@id":"https:\/\/www.concert-hosteldieu.com\/nos-productions\/bach-ou-pas-bach\/#primaryimage"},"thumbnailUrl":"https:\/\/www.concert-hosteldieu.com\/wp-content\/uploads\/2023\/03\/Bach-ou-pas-Bach_800x800px.jpg","datePublished":"2021-06-05T18:21:55+00:00","dateModified":"2025-09-16T08:28:26+00:00","description":"\u00c9couter Bach autrement ! Tel est le propos de ce concert-d\u00e9couverte sur les traces des musiques oubli\u00e9es, in\u00e9dites ou apocryphes de J.S. Bach.","breadcrumb":{"@id":"https:\/\/www.concert-hosteldieu.com\/nos-productions\/bach-ou-pas-bach\/#breadcrumb"},"inLanguage":"en-GB","potentialAction":[{"@type":"ReadAction","target":["https:\/\/www.concert-hosteldieu.com\/nos-productions\/bach-ou-pas-bach\/"]}]},{"@type":"ImageObject","inLanguage":"en-GB","@id":"https:\/\/www.concert-hosteldieu.com\/nos-productions\/bach-ou-pas-bach\/#primaryimage","url":"https:\/\/www.concert-hosteldieu.com\/wp-content\/uploads\/2023\/03\/Bach-ou-pas-Bach_800x800px.jpg","contentUrl":"https:\/\/www.concert-hosteldieu.com\/wp-content\/uploads\/2023\/03\/Bach-ou-pas-Bach_800x800px.jpg","width":1920,"height":1920,"caption":"Visuel de Bach ou pas Bach"},{"@type":"BreadcrumbList","@id":"https:\/\/www.concert-hosteldieu.com\/nos-productions\/bach-ou-pas-bach\/#breadcrumb","itemListElement":[{"@type":"ListItem","position":1,"name":"Accueil","item":"https:\/\/www.concert-hosteldieu.com\/"},{"@type":"ListItem","position":2,"name":"Nos productions","item":"https:\/\/www.concert-hosteldieu.com\/nos-productions\/"},{"@type":"ListItem","position":3,"name":"Bach ou pas Bach"}]},{"@type":"WebSite","@id":"https:\/\/www.concert-hosteldieu.com\/#website","url":"https:\/\/www.concert-hosteldieu.com\/","name":"Le Concert de l&#039;Hostel Dieu","description":"Franck-Emmanuel Comte","publisher":{"@id":"https:\/\/www.concert-hosteldieu.com\/#organization"},"potentialAction":[{"@type":"SearchAction","target":{"@type":"EntryPoint","urlTemplate":"https:\/\/www.concert-hosteldieu.com\/?s={search_term_string}"},"query-input":{"@type":"PropertyValueSpecification","valueRequired":true,"valueName":"search_term_string"}}],"inLanguage":"en-GB"},{"@type":"Organization","@id":"https:\/\/www.concert-hosteldieu.com\/#organization","name":"Le Concert de l'Hostel Dieu","url":"https:\/\/www.concert-hosteldieu.com\/","logo":{"@type":"ImageObject","inLanguage":"en-GB","@id":"https:\/\/www.concert-hosteldieu.com\/#\/schema\/logo\/image\/","url":"https:\/\/www.concert-hosteldieu.com\/wp-content\/uploads\/2021\/06\/logo-chd-noir-transparent.png","contentUrl":"https:\/\/www.concert-hosteldieu.com\/wp-content\/uploads\/2021\/06\/logo-chd-noir-transparent.png","width":262,"height":106,"caption":"Le Concert de l'Hostel Dieu"},"image":{"@id":"https:\/\/www.concert-hosteldieu.com\/#\/schema\/logo\/image\/"},"sameAs":["https:\/\/www.facebook.com\/leconcert.delhosteldieu","https:\/\/x.com\/CHDLyon","https:\/\/instagram.com\/concert_hostel_dieu","https:\/\/www.linkedin.com\/company\/le-concert-de-l'hostel-dieu\/","https:\/\/www.youtube.com\/user\/CHDLyon"]}]}},"_links":{"self":[{"href":"https:\/\/www.concert-hosteldieu.com\/en\/wp-json\/wp\/v2\/pages\/12506","targetHints":{"allow":["GET"]}}],"collection":[{"href":"https:\/\/www.concert-hosteldieu.com\/en\/wp-json\/wp\/v2\/pages"}],"about":[{"href":"https:\/\/www.concert-hosteldieu.com\/en\/wp-json\/wp\/v2\/types\/page"}],"author":[{"embeddable":true,"href":"https:\/\/www.concert-hosteldieu.com\/en\/wp-json\/wp\/v2\/users\/2776"}],"replies":[{"embeddable":true,"href":"https:\/\/www.concert-hosteldieu.com\/en\/wp-json\/wp\/v2\/comments?post=12506"}],"version-history":[{"count":3,"href":"https:\/\/www.concert-hosteldieu.com\/en\/wp-json\/wp\/v2\/pages\/12506\/revisions"}],"predecessor-version":[{"id":21434,"href":"https:\/\/www.concert-hosteldieu.com\/en\/wp-json\/wp\/v2\/pages\/12506\/revisions\/21434"}],"up":[{"embeddable":true,"href":"https:\/\/www.concert-hosteldieu.com\/en\/wp-json\/wp\/v2\/pages\/23593"}],"wp:featuredmedia":[{"embeddable":true,"href":"https:\/\/www.concert-hosteldieu.com\/en\/wp-json\/wp\/v2\/media\/19400"}],"wp:attachment":[{"href":"https:\/\/www.concert-hosteldieu.com\/en\/wp-json\/wp\/v2\/media?parent=12506"}],"wp:term":[{"taxonomy":"category","embeddable":true,"href":"https:\/\/www.concert-hosteldieu.com\/en\/wp-json\/wp\/v2\/categories?post=12506"},{"taxonomy":"post_tag","embeddable":true,"href":"https:\/\/www.concert-hosteldieu.com\/en\/wp-json\/wp\/v2\/tags?post=12506"}],"curies":[{"name":"wp","href":"https:\/\/api.w.org\/{rel}","templated":true}]}}