{"id":12175,"date":"2021-06-03T10:15:46","date_gmt":"2021-06-03T09:15:46","guid":{"rendered":"https:\/\/dev.concert-hosteldieu.com\/?page_id=12175"},"modified":"2025-09-16T09:30:49","modified_gmt":"2025-09-16T08:30:49","slug":"la-francesina","status":"publish","type":"page","link":"https:\/\/www.concert-hosteldieu.com\/en\/nos-productions\/la-francesina\/","title":{"rendered":"La Francesina"},"content":{"rendered":"\r\n<h4>Programme<\/h4>\r\n<p><strong>Georg Friedrich H\u00e4ndel<br \/><\/strong>Ouverture<br \/>Extraite de l&rsquo;op\u00e9ra <em>Semele<\/em> HWV 58<\/p>\r\n<p><strong>Georg Friedrich H\u00e4ndel<br \/><\/strong>\u00ab Nasconde l&rsquo;usignol&rsquo; in alti rami il nido \u00bb<br \/>Air de Deidamia extrait de l&rsquo;Acte II de l&rsquo;op\u00e9ra <em>Deidamia<\/em> HWV 42<\/p>\r\n<p><strong>Charles Avison<\/strong><br \/>Adagio et Allegro<br \/>Extrait du <em>Concerto grosso N<\/em><em>\u00b05 en r\u00e9 mineur <\/em>de Charles Avison (1709-1770) \u00a0\u00a0 <br \/>From the Book of Lessons for the Harpsichord composed by Sig. Domenico Scarlatti.<\/p>\r\n<p><strong>Georg Friedrich H\u00e4ndel<br \/><\/strong>\u00ab N\u00e8 men con l&rsquo;ombre d&rsquo;infedelt\u00e0 \u00bb<br \/>Extrait de <em>Serse<\/em>, HWV 40<\/p>\r\n<p><strong>Georg Friedrich H\u00e4ndel<br \/><\/strong>\u00ab My father!\u00a0 Ah! \u00bb<strong><br \/><\/strong>Air d&rsquo;Iole extrait de l&rsquo;Acte I du drame musical <em>Hercules<\/em> HWV 60<\/p>\r\n<p><strong>Georg Friedrich H\u00e4ndel<br \/><\/strong>\u00ab Musette \u00bb <strong><br \/><\/strong>Extrait de la \u00ab Sinfonia \u00bb de l&rsquo;Acte III de l&rsquo;oratorio <em>The Occasional Oratorio<\/em> HWV 62<\/p>\r\n<p><strong>Georg Friedrich H\u00e4ndel<br \/><\/strong>\u00ab V\u00e0, perfido! quel cor mi tradir\u00e0 \u00bb<strong><br \/><\/strong>Air de Deidamia extrait de l&rsquo;Acte II de l&rsquo;op\u00e9ra <em>Deidamia <\/em>HWV 42<\/p>\r\n<p><strong>Georg Friedrich H\u00e4ndel<br \/><\/strong>\u00ab In sweetest harmony they lived \u00bb<strong><br \/><\/strong>Air de Michal extrait de l&rsquo;Acte III de l&rsquo;oratorio <em>Saul<\/em> HWV 53<\/p>\r\n<p><strong>Georg Friedrich H\u00e4ndel<br \/><\/strong>Sinfonia \u00ab Postillons \u00bb<br \/>Extrait de l&rsquo;Acte II de l&rsquo;oratorio <em>Belshazzar<\/em> HWV 61 (1744)<\/p>\r\n<p><strong>Georg Friedrich H\u00e4ndel<br \/><\/strong>\u00ab What passion cannot music raise and quell! \u00bb<strong><br \/><\/strong><em>Ode to St. Cecilia<\/em><em>&lsquo;<\/em><em>s Day<\/em>, HWV 76<\/p>\r\n<p><strong>Georg Friedrich H\u00e4ndel<br \/><\/strong>Gavotte et Tamburino <br \/>Extraits de l&rsquo;op\u00e9ra <em>Alcina<\/em> HWV 34<\/p>\r\n<p><strong>Georg Friedrich H\u00e4ndel<br \/><\/strong>\u00ab Endless pleasure \u00bb<br \/>Extrait de l&rsquo;op\u00e9ra <em>Semele <\/em>HWV 58<\/p>\r\n<h4>Distribution<\/h4>\r\n<p><a href=\"https:\/\/www.concert-hosteldieu.com\/nos-musiciens\/sophie-junker\/\" target=\"_blank\" rel=\"noopener noreferrer\">Sophie Junker<\/a>, <em>soprano<\/em><br \/>Le Concert de l&rsquo;Hostel Dieu<br \/><a href=\"https:\/\/www.concert-hosteldieu.com\/presentation\/lequipe-artistique\/franck-emmanuel-comte\/\" target=\"_blank\" rel=\"noopener noreferrer\">Franck-Emmanuel Comte<\/a>,<em> clavecin et direction<\/em><br \/>Pedro-Octavio Diaz, conseiller artistique<\/p>\r\n<p><strong>Effectif :<br \/><\/strong>1 soliste, 10 instrumentistes (cordes, th\u00e9orbe, clavecin)<\/p>\r\n<p><strong>La Francesina : le portrait musical d&rsquo;une grande cantatrice du XVIII<sup>\u00e8me<\/sup> si\u00e8cle, muse de Georg Friedrich H\u00e6ndel.<\/strong><\/p>\r\n<p>Curieux parcours que celui d&rsquo;Elisabeth Duparc, n\u00e9e en France, form\u00e9e en Italie et ayant trouv\u00e9 la gloire \u00e0 Londres. \u00ab La Francesina \u00bb a \u00e9t\u00e9 une des derni\u00e8res muses de H\u00e6ndel alors qu&rsquo;il abandonnait les fastes de l&rsquo;op\u00e9ra italien pour l&rsquo;\u00e9l\u00e9vation spirituelle de l&rsquo;oratorio. Il compose pour elle des r\u00f4les majeurs et principalement des airs \u00ab de rossignol \u00bb. La plupart de ses contemporains louaient le timbre et l&rsquo;agilit\u00e9 de sa <em>warbling voice<\/em> (voix de fauvette). Dans ce programme allant de l&rsquo;op\u00e9ra \u00e0 l&rsquo;oratorio, la soprano belge Sophie Junker rend hommage \u00e0 \u00ab\u00a0La Francesina\u00a0\u00bb et explore la collaboration qui la lia \u00e0 H\u00e6ndel pendant une d\u00e9cennie. Elle sera la\u00a0<em>Nuova Francesina<\/em>\u00a0qui r\u00e9pondra \u00e0 la Duparc avec la m\u00eame \u00e9nergie dans son fastueux r\u00e9pertoire.<\/p>\r\n<p>Pedro-Octavio Diaz, <em>conseiller artistique<\/em><\/p>\r\n<h4>LAFRANCESINA EN VID\u00c9O<\/h4>\r\n<h4>LA FRANCESINA EN IMAGES<\/h4>\r\n<h4>\u00c9COUTER<\/h4>\r\n<p><iframe loading=\"lazy\" src=\"https:\/\/open.spotify.com\/embed\/album\/1GhMrfpMnjMKJb7XTpMGYi?utm_source=generator&amp;theme=0\" width=\"100%\" height=\"280\" frameborder=\"0\" allowfullscreen=\"allowfullscreen\"><\/iframe><\/p>\r\n<h4>LA PRESSE EN PARLE<\/h4>\r\n<p><a href=\"https:\/\/www.olyrix.com\/articles\/enregistrements\/5648\/la-francesina-sophie-junker-georg-friedrich-handel-le-concert-de-lhostel-dieu-franck-emmanuel-comte-octobre-2020-disque-album-cd-article-critique-chronique-compte-rendu\" target=\"_blank\" rel=\"noopener\"><strong>OLYRIX &#8211; 04\/2022 &#8211; Emmanuel Deroeux<\/strong><\/a><br \/>\u00ab Le Concert de l&rsquo;Hostel Dieu, dirig\u00e9 par Franck-Emmanuel Comte au clavecin d\u00e9ploie une \u00e9nergie \u00e9quilibr\u00e9e et nuanc\u00e9e, toujours avec finesse. \u00bb<\/p>\r\n<p><strong>INTERNATIONAL CLASSICAL MUSIC AWARDS 2021 &#8211; 01\/2021<br \/><\/strong>\u00ab Dans l&rsquo;ensemble, l&rsquo;un des plus beaux exemples de chant baroque de ces derni\u00e8res ann\u00e9es. \u00bb<\/p>\r\n<p><strong>OPERA MAGAZINE &#8211; 11\/2020 &#8211; Mehdi Mahdavi<\/strong><br \/>\u00ab L&rsquo;\u00e9lan irr\u00e9sistible de la vocalise, l&rsquo;intr\u00e9pide limpidit\u00e9 du suraigu, la fantaisie \u00e9bouriffante de l&rsquo;ornementation suscitent une joie, m\u00eal\u00e9e de gratitude et d&rsquo;\u00e9motion, qui nous a tir\u00e9 des larmes. \u00bb<\/p>\r\n<p><strong>CLASSICA &#8211; 11\/2020 &#8211; J\u00e9r\u00e9mie Bigorie<\/strong><br \/>\u00ab L&rsquo;art de Sophie Junker \u00e9volue \u00e0 une autre altitude que celui du rossignol \u00ab sur de hautes branches \u00bb \u00e9voqu\u00e9 dans Deidamia : sa voix pulpeuse, ses vocalises jamais m\u00e9caniques choisissent de faire na\u00eetre l&rsquo;\u00e9motion plut\u00f4t que la surprise [\u2026]. \u00bb<\/p>\r\n<p><strong>RESMUSICA &#8211; 25\/10\/2020 &#8211; Pierre Degott<\/strong><br \/>\u00ab Sophie Junker est une v\u00e9ritable r\u00e9v\u00e9lation [\u2026]. \u00c0 ses cot\u00e9s, Le Concert de l&rsquo;Hostel Dieu est admirable \u00e9galement, emport\u00e9 par la direction cisel\u00e9e de Franck-Emmanuel Comte. \u00bb<\/p>\r\n<p><strong>CLASSIQUE HD &#8211; 23\/10\/2020 &#8211; Nicolas Roberge<\/strong><br \/>\u00ab Une voix en pleine gr\u00e2ce et en totale symbiose avec les musiciens. Le r\u00e9pertoire est superbe, c&rsquo;est un tr\u00e8s bel hommage \u00e0 H\u00e4ndel. \u00c0 ne pas manquer ! \u00bb<\/p>\r\n<p><strong>FORUM OPERA &#8211; 19\/10\/2020 &#8211; Yvan Beuvard<\/strong><br \/>\u00ab Fra\u00eecheur et tonicit\u00e9 juv\u00e9nile, virtuosit\u00e9 p\u00e9tillante, mais aussi profondeur, \u00e9motion, donnent \u00e0 ce r\u00e9cital l&rsquo;\u00e9clat d&rsquo;un bijou pr\u00e9cieux. \u00bb<\/p>\r\n<p><strong>FRANCE MUSIQUE &#8211; 5\/10\/2020 &#8211; \u00c9milie Munera<br \/><\/strong>\u00ab Sophie Junker se joue de toutes les difficult\u00e9s, de toutes les vocalises. Un timbre superbe [\u2026], une technique irr\u00e9prochable, une voix l\u00e9g\u00e8re, chaleureuse et s\u00e9duisante. [\u2026] C&rsquo;est tout naturellement que c&rsquo;est notre Disque du jour. \u00bb<\/p>\r\n<h4>MENTIONS<\/h4>\r\n<p>En partenariat avec <a href=\"http:\/\/www.parnassus.at\/\" target=\"_blank\" rel=\"noopener noreferrer\">Parnassus Arts Productions <\/a>et le label <a href=\"https:\/\/www.apartemusic.com\/\" target=\"_blank\" rel=\"noopener\">Apart\u00e9<\/a>.<\/p>\r\n<h4>AGENDA<\/h4>\r\n<h4>AUTOUR DU SPECTACLE<\/h4>\r\n<p><a href=\"https:\/\/www.concert-hosteldieu.com\/nos-musiciens\/sophie-junker\/\" target=\"_self\" rel=\"noopener\"> <img loading=\"lazy\" decoding=\"async\" title=\"Sophie Junker_La Francesina\u00a9Jean-Baptiste Millot\" src=\"https:\/\/www.concert-hosteldieu.com\/wp-content\/uploads\/2022\/06\/Sophie-Junker_La-Francesina\u00a9Jean-Baptiste-Millot-1024x682.jpg\" alt=\"Sophie Junker_La Francesina\u00a9Jean-Baptiste Millot\" width=\"1024\" height=\"682\" \/> <\/a><\/p>\r\n<h3><a title=\"Sophie Junker\" href=\"https:\/\/www.concert-hosteldieu.com\/nos-artistes-invites\/sophie-junker\/\" target=\"_self\" rel=\"noopener\"> Sophie Junker <\/a><\/h3>\r\n<p><a href=\"https:\/\/www.concert-hosteldieu.com\/produit\/la-francesina\/\" target=\"_self\" rel=\"noopener\"> <img loading=\"lazy\" decoding=\"async\" title=\"CD La Francesina fond noir\" src=\"https:\/\/www.concert-hosteldieu.com\/wp-content\/uploads\/2021\/06\/CD-La-Francesina-fond-noir.jpg\" alt=\"CD La Francesina fond noir\" width=\"1920\" height=\"1920\" \/> <\/a><\/p>\r\n<h3><a title=\"La Francesina, le disque\" href=\"https:\/\/www.concert-hosteldieu.com\/produit\/la-francesina\/\" target=\"_self\" rel=\"noopener\"> La Francesina, le disque <\/a><\/h3>\r\n","protected":false},"excerpt":{"rendered":"<p>Programme Georg Friedrich H\u00e4ndelOuvertureExtraite de l&rsquo;op\u00e9ra Semele HWV 58 Georg Friedrich H\u00e4ndel\u00ab Nasconde l&rsquo;usignol&rsquo; in alti rami il nido \u00bbAir de Deidamia extrait de l&rsquo;Acte II de l&rsquo;op\u00e9ra Deidamia HWV 42 Charles AvisonAdagio et AllegroExtrait du Concerto grosso N\u00b05 en [&hellip;]<\/p>\n","protected":false},"author":2776,"featured_media":17476,"parent":23593,"menu_order":0,"comment_status":"closed","ping_status":"closed","template":"","meta":{"site-sidebar-layout":"default","site-content-layout":null,"ast-site-content-layout":"full-width-container","site-content-style":"unboxed","site-sidebar-style":"unboxed","ast-global-header-display":"","ast-banner-title-visibility":"","ast-main-header-display":"","ast-hfb-above-header-display":null,"ast-hfb-below-header-display":null,"ast-hfb-mobile-header-display":"","site-post-title":"disabled","ast-breadcrumbs-content":null,"ast-featured-img":"disabled","footer-sml-layout":"","ast-disable-related-posts":"","theme-transparent-header-meta":"default","adv-header-id-meta":"","stick-header-meta":"default","header-above-stick-meta":null,"header-main-stick-meta":"","header-below-stick-meta":null,"astra-migrate-meta-layouts":"set","ast-page-background-enabled":"default","ast-page-background-meta":{"desktop":{"background-color":"","background-image":"","background-repeat":"repeat","background-position":"center center","background-size":"auto","background-attachment":"scroll","background-type":"","background-media":"","overlay-type":"","overlay-color":"","overlay-opacity":"","overlay-gradient":""},"tablet":{"background-color":"","background-image":"","background-repeat":"repeat","background-position":"center center","background-size":"auto","background-attachment":"scroll","background-type":"","background-media":"","overlay-type":"","overlay-color":"","overlay-opacity":"","overlay-gradient":""},"mobile":{"background-color":"","background-image":"","background-repeat":"repeat","background-position":"center center","background-size":"auto","background-attachment":"scroll","background-type":"","background-media":"","overlay-type":"","overlay-color":"","overlay-opacity":"","overlay-gradient":""}},"ast-content-background-meta":{"desktop":{"background-color":"var(--ast-global-color-5)","background-image":"","background-repeat":"repeat","background-position":"center center","background-size":"auto","background-attachment":"scroll","background-type":"","background-media":"","overlay-type":"","overlay-color":"","overlay-opacity":"","overlay-gradient":""},"tablet":{"background-color":"var(--ast-global-color-5)","background-image":"","background-repeat":"repeat","background-position":"center center","background-size":"auto","background-attachment":"scroll","background-type":"","background-media":"","overlay-type":"","overlay-color":"","overlay-opacity":"","overlay-gradient":""},"mobile":{"background-color":"var(--ast-global-color-5)","background-image":"","background-repeat":"repeat","background-position":"center center","background-size":"auto","background-attachment":"scroll","background-type":"","background-media":"","overlay-type":"","overlay-color":"","overlay-opacity":"","overlay-gradient":""}},"footnotes":""},"categories":[452],"tags":[],"class_list":["post-12175","page","type-page","status-publish","has-post-thumbnail","hentry","category-nos-productions-passees"],"yoast_head":"<!-- This site is optimized with the Yoast SEO plugin v27.5 - https:\/\/yoast.com\/product\/yoast-seo-wordpress\/ -->\n<title>La Francesina - Le Concert de l&#039;Hostel Dieu<\/title>\n<meta name=\"description\" content=\"D\u00e9couvrez La Francesina, un programme allant de l&#039;op\u00e9ra \u00e0 l&#039;oratorio qui rend hommage \u00e0 Elisabeth Duparc, muse d&#039;Haendel.\" \/>\n<meta name=\"robots\" content=\"index, follow, max-snippet:-1, max-image-preview:large, max-video-preview:-1\" \/>\n<link rel=\"canonical\" href=\"https:\/\/www.concert-hosteldieu.com\/en\/nos-productions\/la-francesina\/\" \/>\n<meta property=\"og:locale\" content=\"en_GB\" \/>\n<meta property=\"og:type\" content=\"article\" \/>\n<meta property=\"og:title\" content=\"La Francesina - Le Concert de l&#039;Hostel Dieu\" \/>\n<meta property=\"og:description\" content=\"D\u00e9couvrez La Francesina, un programme allant de l&#039;op\u00e9ra \u00e0 l&#039;oratorio qui rend hommage \u00e0 Elisabeth Duparc, muse d&#039;Haendel.\" \/>\n<meta property=\"og:url\" content=\"https:\/\/www.concert-hosteldieu.com\/en\/nos-productions\/la-francesina\/\" \/>\n<meta property=\"og:site_name\" content=\"Le Concert de l&#039;Hostel Dieu\" \/>\n<meta property=\"article:publisher\" content=\"https:\/\/www.facebook.com\/leconcert.delhosteldieu\" \/>\n<meta property=\"article:modified_time\" content=\"2025-09-16T08:30:49+00:00\" \/>\n<meta property=\"og:image\" content=\"https:\/\/www.concert-hosteldieu.com\/wp-content\/uploads\/2022\/06\/Sophie-Junker_La-Francesina\u00a9Jean-Baptiste-Millot.jpg\" \/>\n\t<meta property=\"og:image:width\" content=\"1920\" \/>\n\t<meta property=\"og:image:height\" content=\"1278\" \/>\n\t<meta property=\"og:image:type\" content=\"image\/jpeg\" \/>\n<meta name=\"twitter:label1\" content=\"Estimated reading time\" \/>\n\t<meta name=\"twitter:data1\" content=\"5 minutes\" \/>\n<script type=\"application\/ld+json\" class=\"yoast-schema-graph\">{\"@context\":\"https:\\\/\\\/schema.org\",\"@graph\":[{\"@type\":\"WebPage\",\"@id\":\"https:\\\/\\\/www.concert-hosteldieu.com\\\/nos-productions\\\/la-francesina\\\/\",\"url\":\"https:\\\/\\\/www.concert-hosteldieu.com\\\/nos-productions\\\/la-francesina\\\/\",\"name\":\"La Francesina - Le Concert de l&#039;Hostel Dieu\",\"isPartOf\":{\"@id\":\"https:\\\/\\\/www.concert-hosteldieu.com\\\/#website\"},\"primaryImageOfPage\":{\"@id\":\"https:\\\/\\\/www.concert-hosteldieu.com\\\/nos-productions\\\/la-francesina\\\/#primaryimage\"},\"image\":{\"@id\":\"https:\\\/\\\/www.concert-hosteldieu.com\\\/nos-productions\\\/la-francesina\\\/#primaryimage\"},\"thumbnailUrl\":\"https:\\\/\\\/www.concert-hosteldieu.com\\\/wp-content\\\/uploads\\\/2022\\\/06\\\/Sophie-Junker_La-Francesina\u00a9Jean-Baptiste-Millot.jpg\",\"datePublished\":\"2021-06-03T09:15:46+00:00\",\"dateModified\":\"2025-09-16T08:30:49+00:00\",\"description\":\"D\u00e9couvrez La Francesina, un programme allant de l'op\u00e9ra \u00e0 l'oratorio qui rend hommage \u00e0 Elisabeth Duparc, muse d'Haendel.\",\"breadcrumb\":{\"@id\":\"https:\\\/\\\/www.concert-hosteldieu.com\\\/nos-productions\\\/la-francesina\\\/#breadcrumb\"},\"inLanguage\":\"en-GB\",\"potentialAction\":[{\"@type\":\"ReadAction\",\"target\":[\"https:\\\/\\\/www.concert-hosteldieu.com\\\/nos-productions\\\/la-francesina\\\/\"]}]},{\"@type\":\"ImageObject\",\"inLanguage\":\"en-GB\",\"@id\":\"https:\\\/\\\/www.concert-hosteldieu.com\\\/nos-productions\\\/la-francesina\\\/#primaryimage\",\"url\":\"https:\\\/\\\/www.concert-hosteldieu.com\\\/wp-content\\\/uploads\\\/2022\\\/06\\\/Sophie-Junker_La-Francesina\u00a9Jean-Baptiste-Millot.jpg\",\"contentUrl\":\"https:\\\/\\\/www.concert-hosteldieu.com\\\/wp-content\\\/uploads\\\/2022\\\/06\\\/Sophie-Junker_La-Francesina\u00a9Jean-Baptiste-Millot.jpg\",\"width\":1920,\"height\":1278},{\"@type\":\"BreadcrumbList\",\"@id\":\"https:\\\/\\\/www.concert-hosteldieu.com\\\/nos-productions\\\/la-francesina\\\/#breadcrumb\",\"itemListElement\":[{\"@type\":\"ListItem\",\"position\":1,\"name\":\"Accueil\",\"item\":\"https:\\\/\\\/www.concert-hosteldieu.com\\\/\"},{\"@type\":\"ListItem\",\"position\":2,\"name\":\"Nos productions\",\"item\":\"https:\\\/\\\/www.concert-hosteldieu.com\\\/nos-productions\\\/\"},{\"@type\":\"ListItem\",\"position\":3,\"name\":\"La Francesina\"}]},{\"@type\":\"WebSite\",\"@id\":\"https:\\\/\\\/www.concert-hosteldieu.com\\\/#website\",\"url\":\"https:\\\/\\\/www.concert-hosteldieu.com\\\/\",\"name\":\"Le Concert de l&#039;Hostel Dieu\",\"description\":\"Franck-Emmanuel Comte\",\"publisher\":{\"@id\":\"https:\\\/\\\/www.concert-hosteldieu.com\\\/#organization\"},\"potentialAction\":[{\"@type\":\"SearchAction\",\"target\":{\"@type\":\"EntryPoint\",\"urlTemplate\":\"https:\\\/\\\/www.concert-hosteldieu.com\\\/?s={search_term_string}\"},\"query-input\":{\"@type\":\"PropertyValueSpecification\",\"valueRequired\":true,\"valueName\":\"search_term_string\"}}],\"inLanguage\":\"en-GB\"},{\"@type\":\"Organization\",\"@id\":\"https:\\\/\\\/www.concert-hosteldieu.com\\\/#organization\",\"name\":\"Le Concert de l'Hostel Dieu\",\"url\":\"https:\\\/\\\/www.concert-hosteldieu.com\\\/\",\"logo\":{\"@type\":\"ImageObject\",\"inLanguage\":\"en-GB\",\"@id\":\"https:\\\/\\\/www.concert-hosteldieu.com\\\/#\\\/schema\\\/logo\\\/image\\\/\",\"url\":\"https:\\\/\\\/www.concert-hosteldieu.com\\\/wp-content\\\/uploads\\\/2021\\\/06\\\/logo-chd-noir-transparent.png\",\"contentUrl\":\"https:\\\/\\\/www.concert-hosteldieu.com\\\/wp-content\\\/uploads\\\/2021\\\/06\\\/logo-chd-noir-transparent.png\",\"width\":262,\"height\":106,\"caption\":\"Le Concert de l'Hostel Dieu\"},\"image\":{\"@id\":\"https:\\\/\\\/www.concert-hosteldieu.com\\\/#\\\/schema\\\/logo\\\/image\\\/\"},\"sameAs\":[\"https:\\\/\\\/www.facebook.com\\\/leconcert.delhosteldieu\",\"https:\\\/\\\/x.com\\\/CHDLyon\",\"https:\\\/\\\/instagram.com\\\/concert_hostel_dieu\",\"https:\\\/\\\/www.linkedin.com\\\/company\\\/le-concert-de-l'hostel-dieu\\\/\",\"https:\\\/\\\/www.youtube.com\\\/user\\\/CHDLyon\"]}]}<\/script>\n<!-- \/ Yoast SEO plugin. -->","yoast_head_json":{"title":"La Francesina - Le Concert de l&#039;Hostel Dieu","description":"D\u00e9couvrez La Francesina, un programme allant de l'op\u00e9ra \u00e0 l'oratorio qui rend hommage \u00e0 Elisabeth Duparc, muse d'Haendel.","robots":{"index":"index","follow":"follow","max-snippet":"max-snippet:-1","max-image-preview":"max-image-preview:large","max-video-preview":"max-video-preview:-1"},"canonical":"https:\/\/www.concert-hosteldieu.com\/en\/nos-productions\/la-francesina\/","og_locale":"en_GB","og_type":"article","og_title":"La Francesina - Le Concert de l&#039;Hostel Dieu","og_description":"D\u00e9couvrez La Francesina, un programme allant de l'op\u00e9ra \u00e0 l'oratorio qui rend hommage \u00e0 Elisabeth Duparc, muse d'Haendel.","og_url":"https:\/\/www.concert-hosteldieu.com\/en\/nos-productions\/la-francesina\/","og_site_name":"Le Concert de l&#039;Hostel Dieu","article_publisher":"https:\/\/www.facebook.com\/leconcert.delhosteldieu","article_modified_time":"2025-09-16T08:30:49+00:00","og_image":[{"width":1920,"height":1278,"url":"https:\/\/www.concert-hosteldieu.com\/wp-content\/uploads\/2022\/06\/Sophie-Junker_La-Francesina\u00a9Jean-Baptiste-Millot.jpg","type":"image\/jpeg"}],"twitter_misc":{"Estimated reading time":"5 minutes"},"schema":{"@context":"https:\/\/schema.org","@graph":[{"@type":"WebPage","@id":"https:\/\/www.concert-hosteldieu.com\/nos-productions\/la-francesina\/","url":"https:\/\/www.concert-hosteldieu.com\/nos-productions\/la-francesina\/","name":"La Francesina - Le Concert de l&#039;Hostel Dieu","isPartOf":{"@id":"https:\/\/www.concert-hosteldieu.com\/#website"},"primaryImageOfPage":{"@id":"https:\/\/www.concert-hosteldieu.com\/nos-productions\/la-francesina\/#primaryimage"},"image":{"@id":"https:\/\/www.concert-hosteldieu.com\/nos-productions\/la-francesina\/#primaryimage"},"thumbnailUrl":"https:\/\/www.concert-hosteldieu.com\/wp-content\/uploads\/2022\/06\/Sophie-Junker_La-Francesina\u00a9Jean-Baptiste-Millot.jpg","datePublished":"2021-06-03T09:15:46+00:00","dateModified":"2025-09-16T08:30:49+00:00","description":"D\u00e9couvrez La Francesina, un programme allant de l'op\u00e9ra \u00e0 l'oratorio qui rend hommage \u00e0 Elisabeth Duparc, muse d'Haendel.","breadcrumb":{"@id":"https:\/\/www.concert-hosteldieu.com\/nos-productions\/la-francesina\/#breadcrumb"},"inLanguage":"en-GB","potentialAction":[{"@type":"ReadAction","target":["https:\/\/www.concert-hosteldieu.com\/nos-productions\/la-francesina\/"]}]},{"@type":"ImageObject","inLanguage":"en-GB","@id":"https:\/\/www.concert-hosteldieu.com\/nos-productions\/la-francesina\/#primaryimage","url":"https:\/\/www.concert-hosteldieu.com\/wp-content\/uploads\/2022\/06\/Sophie-Junker_La-Francesina\u00a9Jean-Baptiste-Millot.jpg","contentUrl":"https:\/\/www.concert-hosteldieu.com\/wp-content\/uploads\/2022\/06\/Sophie-Junker_La-Francesina\u00a9Jean-Baptiste-Millot.jpg","width":1920,"height":1278},{"@type":"BreadcrumbList","@id":"https:\/\/www.concert-hosteldieu.com\/nos-productions\/la-francesina\/#breadcrumb","itemListElement":[{"@type":"ListItem","position":1,"name":"Accueil","item":"https:\/\/www.concert-hosteldieu.com\/"},{"@type":"ListItem","position":2,"name":"Nos productions","item":"https:\/\/www.concert-hosteldieu.com\/nos-productions\/"},{"@type":"ListItem","position":3,"name":"La Francesina"}]},{"@type":"WebSite","@id":"https:\/\/www.concert-hosteldieu.com\/#website","url":"https:\/\/www.concert-hosteldieu.com\/","name":"Le Concert de l&#039;Hostel Dieu","description":"Franck-Emmanuel Comte","publisher":{"@id":"https:\/\/www.concert-hosteldieu.com\/#organization"},"potentialAction":[{"@type":"SearchAction","target":{"@type":"EntryPoint","urlTemplate":"https:\/\/www.concert-hosteldieu.com\/?s={search_term_string}"},"query-input":{"@type":"PropertyValueSpecification","valueRequired":true,"valueName":"search_term_string"}}],"inLanguage":"en-GB"},{"@type":"Organization","@id":"https:\/\/www.concert-hosteldieu.com\/#organization","name":"Le Concert de l'Hostel Dieu","url":"https:\/\/www.concert-hosteldieu.com\/","logo":{"@type":"ImageObject","inLanguage":"en-GB","@id":"https:\/\/www.concert-hosteldieu.com\/#\/schema\/logo\/image\/","url":"https:\/\/www.concert-hosteldieu.com\/wp-content\/uploads\/2021\/06\/logo-chd-noir-transparent.png","contentUrl":"https:\/\/www.concert-hosteldieu.com\/wp-content\/uploads\/2021\/06\/logo-chd-noir-transparent.png","width":262,"height":106,"caption":"Le Concert de l'Hostel Dieu"},"image":{"@id":"https:\/\/www.concert-hosteldieu.com\/#\/schema\/logo\/image\/"},"sameAs":["https:\/\/www.facebook.com\/leconcert.delhosteldieu","https:\/\/x.com\/CHDLyon","https:\/\/instagram.com\/concert_hostel_dieu","https:\/\/www.linkedin.com\/company\/le-concert-de-l'hostel-dieu\/","https:\/\/www.youtube.com\/user\/CHDLyon"]}]}},"_links":{"self":[{"href":"https:\/\/www.concert-hosteldieu.com\/en\/wp-json\/wp\/v2\/pages\/12175","targetHints":{"allow":["GET"]}}],"collection":[{"href":"https:\/\/www.concert-hosteldieu.com\/en\/wp-json\/wp\/v2\/pages"}],"about":[{"href":"https:\/\/www.concert-hosteldieu.com\/en\/wp-json\/wp\/v2\/types\/page"}],"author":[{"embeddable":true,"href":"https:\/\/www.concert-hosteldieu.com\/en\/wp-json\/wp\/v2\/users\/2776"}],"replies":[{"embeddable":true,"href":"https:\/\/www.concert-hosteldieu.com\/en\/wp-json\/wp\/v2\/comments?post=12175"}],"version-history":[{"count":5,"href":"https:\/\/www.concert-hosteldieu.com\/en\/wp-json\/wp\/v2\/pages\/12175\/revisions"}],"predecessor-version":[{"id":23611,"href":"https:\/\/www.concert-hosteldieu.com\/en\/wp-json\/wp\/v2\/pages\/12175\/revisions\/23611"}],"up":[{"embeddable":true,"href":"https:\/\/www.concert-hosteldieu.com\/en\/wp-json\/wp\/v2\/pages\/23593"}],"wp:featuredmedia":[{"embeddable":true,"href":"https:\/\/www.concert-hosteldieu.com\/en\/wp-json\/wp\/v2\/media\/17476"}],"wp:attachment":[{"href":"https:\/\/www.concert-hosteldieu.com\/en\/wp-json\/wp\/v2\/media?parent=12175"}],"wp:term":[{"taxonomy":"category","embeddable":true,"href":"https:\/\/www.concert-hosteldieu.com\/en\/wp-json\/wp\/v2\/categories?post=12175"},{"taxonomy":"post_tag","embeddable":true,"href":"https:\/\/www.concert-hosteldieu.com\/en\/wp-json\/wp\/v2\/tags?post=12175"}],"curies":[{"name":"wp","href":"https:\/\/api.w.org\/{rel}","templated":true}]}}