{"id":12049,"date":"2021-06-01T11:20:25","date_gmt":"2021-06-01T10:20:25","guid":{"rendered":"https:\/\/dev.concert-hosteldieu.com\/?page_id=12049"},"modified":"2025-09-16T11:12:06","modified_gmt":"2025-09-16T10:12:06","slug":"musique-et-inclusivite","status":"publish","type":"page","link":"https:\/\/www.concert-hosteldieu.com\/en\/musique-et-inclusivite\/","title":{"rendered":"Musique et inclusivit\u00e9"},"content":{"rendered":"<h1>\n\t\t\t\tMusique &amp; inclusivit\u00e9\n\t\t\t<\/h1>\n\t<h4>\n\t\t\t\tIn partnership with associations\n\t\t\t<\/h4>\n\t<p class=\"translation-block\">We work with various social associations : Habitat et Humanisme, Passer'elles, Culture du c\u0153ur... By welcoming the beneficiaries of these associations to our rehearsals and concerts, we create a strong link between art and a public that is often far from the cultural offer.<\/p>\n<p>This season, in partnership with <strong><a href=\"https:\/\/larayonne.org\/\">CCO La Rayonne<\/a>, <a href=\"https:\/\/www.fndsa.org\/centres\/accueil-le-phare-point-hygi%C3%A8ne-accueil-reliance.html\">Le P.h.a.r.e (Notre-Dame des sans abris)<\/a><\/strong>\u00a0and the <a href=\"https:\/\/erea-pellet.ent.auvergnerhonealpes.fr\/\"><strong>Cit\u00e9 Scolaire Ren\u00e9 Pellet EREA<\/strong><\/a>\u00a0we lead the inclusive project <em>FugaCit\u00e9s<\/em>.<\/p>\n\t\t\t\t<img decoding=\"async\" src=\"https:\/\/www.concert-hosteldieu.com\/wp-content\/uploads\/2023\/08\/logo-CCO-La-rayonne-1.png\" alt=\"logo CCO La rayonne\" itemprop=\"image\" height=\"87\" width=\"580\" title=\"logo CCO La rayonne\" onerror=\"this.style.display='none'\" loading=\"lazy\" \/>\n\t\t\t\t<img decoding=\"async\" src=\"https:\/\/www.concert-hosteldieu.com\/wp-content\/uploads\/2023\/08\/LE-PHARE-LE_FOYER_NOTRE_DAME_DES_SANS_ABRI_logo-1.jpg\" alt=\"LE PHARE LE_FOYER_NOTRE_DAME_DES_SANS_ABRI_logo\" itemprop=\"image\" height=\"360\" width=\"1000\" title=\"LE PHARE LE_FOYER_NOTRE_DAME_DES_SANS_ABRI_logo\" onerror=\"this.style.display='none'\" loading=\"lazy\" \/>\n\t\t\t\t<img decoding=\"async\" src=\"https:\/\/www.concert-hosteldieu.com\/wp-content\/uploads\/2023\/08\/Sans-titre.jpg\" alt=\"Cit\u00e9 scolaire Ren\u00e9 Pellet\" itemprop=\"image\" height=\"145\" width=\"348\" title=\"Cit\u00e9 scolaire Ren\u00e9 Pellet\" onerror=\"this.style.display='none'\" loading=\"lazy\" \/>\n\t<h4>\n\t\t\t\tLES M\u00c9C\u00c8NES ET SOUTIENS\n\t\t\t<\/h4>\n\t<p><strong><a href=\"https:\/\/www.fondationsaintirenee.org\/\">Fondation Saint-Ir\u00e9n\u00e9e<\/a>, <a href=\"https:\/\/fondationbpaura.fr\/\">Fondation d&rsquo;entreprise de la Banque Populaire Auvergne Rh\u00f4ne Alpes<\/a>, <a href=\"https:\/\/www.fondsmusical.org\/\">Fonds Musical JM France pour l&rsquo;Enfance et la Jeunesse<\/a>, <a href=\"https:\/\/www.credit-cooperatif.coop\/\">Cr\u00e9dit Coop\u00e9ratif<\/a>, <a href=\"https:\/\/www.fiducial.fr\/\">Fiducial<\/a>, <a href=\"https:\/\/www.fondation-de-rothschild.fr\/\">Fondation Rothschild<\/a>\u00a0<\/strong><\/p>\n<p><img loading=\"lazy\" decoding=\"async\" src=\"https:\/\/www.concert-hosteldieu.com\/wp-content\/uploads\/2023\/08\/Logo-Fondation-Saint-Irenee-2023.png\" alt=\"\" width=\"141\" height=\"49\" \/> \u00a0 \u00a0 \u00a0 \u00a0 <img loading=\"lazy\" decoding=\"async\" src=\"https:\/\/www.concert-hosteldieu.com\/wp-content\/uploads\/2023\/08\/BpopFondation-Logo-02-Gauche-CMJN-01-300x126.png\" alt=\"\" width=\"173\" height=\"73\" \/> \u00a0\u00a0\u00a0\u00a0\u00a0 <img loading=\"lazy\" decoding=\"async\" src=\"https:\/\/www.concert-hosteldieu.com\/wp-content\/uploads\/2023\/08\/JM-France_OKOK_site-e1697122404887-300x146.png\" alt=\"\" width=\"152\" height=\"74\" \/><\/p>\n<p><img loading=\"lazy\" decoding=\"async\" src=\"https:\/\/www.concert-hosteldieu.com\/wp-content\/uploads\/2023\/08\/logo-credit-cooperatif-2023-300x133.jpg\" alt=\"\" width=\"120\" height=\"43\" \/> \u00a0 \u00a0\u00a0 <img loading=\"lazy\" decoding=\"async\" src=\"https:\/\/www.concert-hosteldieu.com\/wp-content\/uploads\/2023\/08\/Logo-Fiducial.gif\" alt=\"\" width=\"88\" height=\"58\" \/><img loading=\"lazy\" decoding=\"async\" src=\"https:\/\/www.concert-hosteldieu.com\/wp-content\/uploads\/2024\/01\/LOGO_ROTHSCHILD_4-300x300.jpg\" alt=\"\" width=\"68\" height=\"68\" \/><\/p>\n\t<h4>\n\t\t\t\tPast projects\n\t\t\t<\/h4>\n\t\t\t\t\t<a href=\"https:\/\/www.youtube.com\/watch?v=S-F9W0FPebE\" aria-label=\"uabb-video-gallery\" data-fancybox=\"uabb-video-gallery\" data-url=\"https:\/\/www.youtube.com\/embed\/S-F9W0FPebE?autoplay=1&#038;version=3&#038;enablejsapi=1\"class=\"uabb-video-gallery-fancybox uabb-vg__play_full\">\t\t\t\t\t\t\n\t\t\t\t\t<\/a>\t\t\t\t\n\t<h3>\n\t\t\t\t<a href=\"https:\/\/www.concert-hosteldieu.com\/en\/nos-productions\/fugacites\/\" title=\"FugaCit\u00e9s\" target=\"_self\"  aria-label=\"Aller \u00e0 https:\/\/www.concert-hosteldieu.com\/nos-productions\/fugacites\/\">\n\t\t\t\tFugaCit\u00e9s\n\t\t\t\t<\/a>\n\t\t\t<\/h3>\n\t\t\t<p>En 2024, en collaboration avec le CCO La Rayonne, le Concert de l&rsquo;Hostel Dieu a accompagn\u00e9 un groupe de 16 adolescents malvoyants de la Cit\u00e9 Scolaire Ren\u00e9 Pellet (Villeurbanne) \u00e0 participer au spectacle FugaCit\u00e9s. Un projet qui a suscit\u00e9 l&rsquo;expression et la cr\u00e9ativit\u00e9 d&rsquo;un groupe de jeunes en situation de fragilit\u00e9, autour d&rsquo;une cr\u00e9ation artistique commune m\u00e9tiss\u00e9e et porteuse de messages forts sur l&rsquo;interculturalit\u00e9, l&rsquo;\u00e9coute mutuelle et l&rsquo;acceptation de l&rsquo;autre. Ils ont cr\u00e9\u00e9 et interpr\u00e9t\u00e9 des slams et des chor\u00e9graphies qu&rsquo;ils ont restitu\u00e9 sur sc\u00e8ne.<\/p>\t\n\t\t\t<a href=\"https:\/\/www.concert-hosteldieu.com\/wp-content\/uploads\/2024\/05\/Bilan-projet-inclusif-FugaCites.pdf\" title=\"Cliquez ici\" target=\"_blank\" rel=\"noopener\"  role=\"button\" aria-label=\"Project review\">\n\t\t\t\t\t\t\t\t\t\t\tProject review\n\t\t<\/a>\n\t\t\t\t\t<a href=\"https:\/\/www.youtube.com\/watch?v=-qGWWDiRgxE\" aria-label=\"uabb-video-gallery\" data-fancybox=\"uabb-video-gallery\" data-url=\"https:\/\/www.youtube.com\/embed\/-qGWWDiRgxE?autoplay=1&#038;version=3&#038;enablejsapi=1\"class=\"uabb-video-gallery-fancybox uabb-vg__play_full\">\t\t\t\t\t\t\n\t\t\t\t\t<\/a>\t\t\t\t\n\t<h3>\n\t\t\t\t<a href=\"https:\/\/www.concert-hosteldieu.com\/en\/musique-et-inclusivite\/chorale-feminine-et-solidaire\/\" title=\"Women&#039;s solidarity choir\" target=\"_self\"  aria-label=\"Aller \u00e0 https:\/\/www.concert-hosteldieu.com\/musique-et-inclusivite\/chorale-feminine-et-solidaire\/\">\n\t\t\t\tWomen's solidarity choir\n\t\t\t\t<\/a>\n\t\t\t<\/h3>\n\t\t\t<p>Femmes de tous horizons et de toutes cultures sont r\u00e9unies dans cette chorale \u00e9ph\u00e9m\u00e8re autour d&rsquo;un r\u00e9pertoire vari\u00e9, de Thoinot Arbeau aux chants traditionnels sud africains. Un projet inclusif et g\u00e9n\u00e9reux\u00a0soutenu par la Fondation Monoprix et de la Fondation SNCF :<\/p>\t\n\t\t\t<a href=\"https:\/\/www.concert-hosteldieu.com\/en\/musique-et-inclusivite\/chorale-feminine-et-solidaire\/\" title=\"Cliquez ici\" target=\"_self\"   role=\"button\" aria-label=\"Learn more\">\n\t\t\t\t\t\t\t\t\t\t\tLearn more\n\t\t<\/a>\n\t\t\t\t<img decoding=\"async\" src=\"https:\/\/www.concert-hosteldieu.com\/wp-content\/uploads\/2021\/07\/Logofondation720x480-01-BW.png\" alt=\"La Fondation Monoprix pour musique et solidarit\u00e9\" itemprop=\"image\" height=\"417\" width=\"1500\" title=\"Logofondation720x480-01-BW\" onerror=\"this.style.display='none'\" loading=\"lazy\" \/>\n\t\t\t\t<img decoding=\"async\" src=\"https:\/\/www.concert-hosteldieu.com\/wp-content\/uploads\/2021\/07\/Logo-Fondation-SNCF.png\" alt=\"La Fondation SNCF, partenaire de musique et solidarit\u00e9\" itemprop=\"image\" height=\"357\" width=\"502\" title=\"Logo-Fondation-SNCF\" onerror=\"this.style.display='none'\" loading=\"lazy\" \/>\n\t<h3>\n\t\t\t\t<a href=\"https:\/\/www.concert-hosteldieu.com\/en\/product\/marco-polo\/\" title=\"Marco Polo\" target=\"_self\"  aria-label=\"Aller \u00e0 https:\/\/www.concert-hosteldieu.com\/produit\/marco-polo\/\">\n\t\t\t\tMarco Polo\n\t\t\t\t<\/a>\n\t\t\t<\/h3>\n\t\t\t<p class=\"translation-block\">In 2019, the Marco Polo project accompanied a group of young refugees and partially sighted\nteenagers to participate to the creation and interpretation of slams, Persian percussion pieces and songs. The objective of this project was to arouse the expression and creativity of a group of young people in fragile situations, around a common artistic creation.<\/p>\t\n\t\t\t<a href=\"http:\/\/www.concert-hosteldieu.com\/wp-content\/uploads\/2019\/06\/BILAN-MARCO-POLO-POUR-SITE-WEB.pdf\" title=\"Cliquez ici\" target=\"_blank\" rel=\"noopener\"  role=\"button\" aria-label=\"Project review\">\n\t\t\t\t\t\t\t\t\t\t\tProject review\n\t\t<\/a>","protected":false},"excerpt":{"rendered":"<p>Musique &amp; inclusivit\u00e9 LES ASSOCIATIONS PARTENAIRES Nous sommes partenaires de diverses associations \u0153uvrant dans le domaine social et de l&rsquo;inclusion par la culture\u00a0: Habitat et Humanisme, Passer&rsquo;elles, Culture du c\u0153ur&#8230; Accueillant les b\u00e9n\u00e9ficiaires de ces associations \u00e0 nos r\u00e9p\u00e9titions et [&hellip;]<\/p>\n","protected":false},"author":2776,"featured_media":0,"parent":0,"menu_order":0,"comment_status":"closed","ping_status":"closed","template":"","meta":{"site-sidebar-layout":"no-sidebar","site-content-layout":"page-builder","ast-site-content-layout":"full-width-container","site-content-style":"unboxed","site-sidebar-style":"unboxed","ast-global-header-display":"","ast-banner-title-visibility":"","ast-main-header-display":"","ast-hfb-above-header-display":"","ast-hfb-below-header-display":"","ast-hfb-mobile-header-display":"","site-post-title":"disabled","ast-breadcrumbs-content":"","ast-featured-img":"disabled","footer-sml-layout":"","ast-disable-related-posts":"","theme-transparent-header-meta":"enabled","adv-header-id-meta":"","stick-header-meta":"default","header-above-stick-meta":"","header-main-stick-meta":"","header-below-stick-meta":"","astra-migrate-meta-layouts":"set","ast-page-background-enabled":"default","ast-page-background-meta":{"desktop":{"background-color":"","background-image":"","background-repeat":"repeat","background-position":"center center","background-size":"auto","background-attachment":"scroll","background-type":"","background-media":"","overlay-type":"","overlay-color":"","overlay-opacity":"","overlay-gradient":""},"tablet":{"background-color":"","background-image":"","background-repeat":"repeat","background-position":"center center","background-size":"auto","background-attachment":"scroll","background-type":"","background-media":"","overlay-type":"","overlay-color":"","overlay-opacity":"","overlay-gradient":""},"mobile":{"background-color":"","background-image":"","background-repeat":"repeat","background-position":"center center","background-size":"auto","background-attachment":"scroll","background-type":"","background-media":"","overlay-type":"","overlay-color":"","overlay-opacity":"","overlay-gradient":""}},"ast-content-background-meta":{"desktop":{"background-color":"var(--ast-global-color-5)","background-image":"","background-repeat":"repeat","background-position":"center center","background-size":"auto","background-attachment":"scroll","background-type":"","background-media":"","overlay-type":"","overlay-color":"","overlay-opacity":"","overlay-gradient":""},"tablet":{"background-color":"var(--ast-global-color-5)","background-image":"","background-repeat":"repeat","background-position":"center center","background-size":"auto","background-attachment":"scroll","background-type":"","background-media":"","overlay-type":"","overlay-color":"","overlay-opacity":"","overlay-gradient":""},"mobile":{"background-color":"var(--ast-global-color-5)","background-image":"","background-repeat":"repeat","background-position":"center center","background-size":"auto","background-attachment":"scroll","background-type":"","background-media":"","overlay-type":"","overlay-color":"","overlay-opacity":"","overlay-gradient":""}},"footnotes":""},"categories":[],"tags":[],"class_list":["post-12049","page","type-page","status-publish","hentry"],"yoast_head":"<!-- This site is optimized with the Yoast SEO plugin v27.4 - https:\/\/yoast.com\/product\/yoast-seo-wordpress\/ -->\n<title>Musique et inclusivit\u00e9 - Le Concert de l&#039;Hostel Dieu<\/title>\n<meta name=\"description\" content=\"Musique et solidarit\u00e9, deux ma\u00eetres mots qui guident Le Concert de l&#039;Hostel Dieu dans ses projets et ses actions sociales !\" \/>\n<meta name=\"robots\" content=\"index, follow, max-snippet:-1, max-image-preview:large, max-video-preview:-1\" \/>\n<link rel=\"canonical\" href=\"https:\/\/www.concert-hosteldieu.com\/en\/musique-et-inclusivite\/\" \/>\n<meta property=\"og:locale\" content=\"en_GB\" \/>\n<meta property=\"og:type\" content=\"article\" \/>\n<meta property=\"og:title\" content=\"Musique et inclusivit\u00e9 - Le Concert de l&#039;Hostel Dieu\" \/>\n<meta property=\"og:description\" content=\"Musique et solidarit\u00e9, deux ma\u00eetres mots qui guident Le Concert de l&#039;Hostel Dieu dans ses projets et ses actions sociales !\" \/>\n<meta property=\"og:url\" content=\"https:\/\/www.concert-hosteldieu.com\/en\/musique-et-inclusivite\/\" \/>\n<meta property=\"og:site_name\" content=\"Le Concert de l&#039;Hostel Dieu\" \/>\n<meta property=\"article:publisher\" content=\"https:\/\/www.facebook.com\/leconcert.delhosteldieu\" \/>\n<meta property=\"article:modified_time\" content=\"2025-09-16T10:12:06+00:00\" \/>\n<meta property=\"og:image\" content=\"https:\/\/www.concert-hosteldieu.com\/wp-content\/uploads\/2023\/08\/logo-CCO-La-rayonne-1.png\" \/>\n<meta name=\"twitter:label1\" content=\"Estimated reading time\" \/>\n\t<meta name=\"twitter:data1\" content=\"6 minutes\" \/>\n<script type=\"application\/ld+json\" class=\"yoast-schema-graph\">{\"@context\":\"https:\\\/\\\/schema.org\",\"@graph\":[{\"@type\":\"WebPage\",\"@id\":\"https:\\\/\\\/www.concert-hosteldieu.com\\\/musique-et-inclusivite\\\/\",\"url\":\"https:\\\/\\\/www.concert-hosteldieu.com\\\/musique-et-inclusivite\\\/\",\"name\":\"Musique et inclusivit\u00e9 - Le Concert de l&#039;Hostel Dieu\",\"isPartOf\":{\"@id\":\"https:\\\/\\\/www.concert-hosteldieu.com\\\/#website\"},\"primaryImageOfPage\":{\"@id\":\"https:\\\/\\\/www.concert-hosteldieu.com\\\/musique-et-inclusivite\\\/#primaryimage\"},\"image\":{\"@id\":\"https:\\\/\\\/www.concert-hosteldieu.com\\\/musique-et-inclusivite\\\/#primaryimage\"},\"thumbnailUrl\":\"https:\\\/\\\/www.concert-hosteldieu.com\\\/wp-content\\\/uploads\\\/2023\\\/08\\\/logo-CCO-La-rayonne-1.png\",\"datePublished\":\"2021-06-01T10:20:25+00:00\",\"dateModified\":\"2025-09-16T10:12:06+00:00\",\"description\":\"Musique et solidarit\u00e9, deux ma\u00eetres mots qui guident Le Concert de l'Hostel Dieu dans ses projets et ses actions sociales !\",\"breadcrumb\":{\"@id\":\"https:\\\/\\\/www.concert-hosteldieu.com\\\/musique-et-inclusivite\\\/#breadcrumb\"},\"inLanguage\":\"en-GB\",\"potentialAction\":[{\"@type\":\"ReadAction\",\"target\":[\"https:\\\/\\\/www.concert-hosteldieu.com\\\/musique-et-inclusivite\\\/\"]}]},{\"@type\":\"ImageObject\",\"inLanguage\":\"en-GB\",\"@id\":\"https:\\\/\\\/www.concert-hosteldieu.com\\\/musique-et-inclusivite\\\/#primaryimage\",\"url\":\"https:\\\/\\\/www.concert-hosteldieu.com\\\/wp-content\\\/uploads\\\/2023\\\/08\\\/logo-CCO-La-rayonne-1.png\",\"contentUrl\":\"https:\\\/\\\/www.concert-hosteldieu.com\\\/wp-content\\\/uploads\\\/2023\\\/08\\\/logo-CCO-La-rayonne-1.png\"},{\"@type\":\"BreadcrumbList\",\"@id\":\"https:\\\/\\\/www.concert-hosteldieu.com\\\/musique-et-inclusivite\\\/#breadcrumb\",\"itemListElement\":[{\"@type\":\"ListItem\",\"position\":1,\"name\":\"Accueil\",\"item\":\"https:\\\/\\\/www.concert-hosteldieu.com\\\/\"},{\"@type\":\"ListItem\",\"position\":2,\"name\":\"Musique et inclusivit\u00e9\"}]},{\"@type\":\"WebSite\",\"@id\":\"https:\\\/\\\/www.concert-hosteldieu.com\\\/#website\",\"url\":\"https:\\\/\\\/www.concert-hosteldieu.com\\\/\",\"name\":\"Le Concert de l&#039;Hostel Dieu\",\"description\":\"Franck-Emmanuel Comte\",\"publisher\":{\"@id\":\"https:\\\/\\\/www.concert-hosteldieu.com\\\/#organization\"},\"potentialAction\":[{\"@type\":\"SearchAction\",\"target\":{\"@type\":\"EntryPoint\",\"urlTemplate\":\"https:\\\/\\\/www.concert-hosteldieu.com\\\/?s={search_term_string}\"},\"query-input\":{\"@type\":\"PropertyValueSpecification\",\"valueRequired\":true,\"valueName\":\"search_term_string\"}}],\"inLanguage\":\"en-GB\"},{\"@type\":\"Organization\",\"@id\":\"https:\\\/\\\/www.concert-hosteldieu.com\\\/#organization\",\"name\":\"Le Concert de l'Hostel Dieu\",\"url\":\"https:\\\/\\\/www.concert-hosteldieu.com\\\/\",\"logo\":{\"@type\":\"ImageObject\",\"inLanguage\":\"en-GB\",\"@id\":\"https:\\\/\\\/www.concert-hosteldieu.com\\\/#\\\/schema\\\/logo\\\/image\\\/\",\"url\":\"https:\\\/\\\/www.concert-hosteldieu.com\\\/wp-content\\\/uploads\\\/2021\\\/06\\\/logo-chd-noir-transparent.png\",\"contentUrl\":\"https:\\\/\\\/www.concert-hosteldieu.com\\\/wp-content\\\/uploads\\\/2021\\\/06\\\/logo-chd-noir-transparent.png\",\"width\":262,\"height\":106,\"caption\":\"Le Concert de l'Hostel Dieu\"},\"image\":{\"@id\":\"https:\\\/\\\/www.concert-hosteldieu.com\\\/#\\\/schema\\\/logo\\\/image\\\/\"},\"sameAs\":[\"https:\\\/\\\/www.facebook.com\\\/leconcert.delhosteldieu\",\"https:\\\/\\\/x.com\\\/CHDLyon\",\"https:\\\/\\\/instagram.com\\\/concert_hostel_dieu\",\"https:\\\/\\\/www.linkedin.com\\\/company\\\/le-concert-de-l'hostel-dieu\\\/\",\"https:\\\/\\\/www.youtube.com\\\/user\\\/CHDLyon\"]}]}<\/script>\n<!-- \/ Yoast SEO plugin. -->","yoast_head_json":{"title":"Musique et inclusivit\u00e9 - Le Concert de l&#039;Hostel Dieu","description":"Musique et solidarit\u00e9, deux ma\u00eetres mots qui guident Le Concert de l'Hostel Dieu dans ses projets et ses actions sociales !","robots":{"index":"index","follow":"follow","max-snippet":"max-snippet:-1","max-image-preview":"max-image-preview:large","max-video-preview":"max-video-preview:-1"},"canonical":"https:\/\/www.concert-hosteldieu.com\/en\/musique-et-inclusivite\/","og_locale":"en_GB","og_type":"article","og_title":"Musique et inclusivit\u00e9 - Le Concert de l&#039;Hostel Dieu","og_description":"Musique et solidarit\u00e9, deux ma\u00eetres mots qui guident Le Concert de l'Hostel Dieu dans ses projets et ses actions sociales !","og_url":"https:\/\/www.concert-hosteldieu.com\/en\/musique-et-inclusivite\/","og_site_name":"Le Concert de l&#039;Hostel Dieu","article_publisher":"https:\/\/www.facebook.com\/leconcert.delhosteldieu","article_modified_time":"2025-09-16T10:12:06+00:00","og_image":[{"url":"https:\/\/www.concert-hosteldieu.com\/wp-content\/uploads\/2023\/08\/logo-CCO-La-rayonne-1.png","type":"","width":"","height":""}],"twitter_misc":{"Estimated reading time":"6 minutes"},"schema":{"@context":"https:\/\/schema.org","@graph":[{"@type":"WebPage","@id":"https:\/\/www.concert-hosteldieu.com\/musique-et-inclusivite\/","url":"https:\/\/www.concert-hosteldieu.com\/musique-et-inclusivite\/","name":"Musique et inclusivit\u00e9 - Le Concert de l&#039;Hostel Dieu","isPartOf":{"@id":"https:\/\/www.concert-hosteldieu.com\/#website"},"primaryImageOfPage":{"@id":"https:\/\/www.concert-hosteldieu.com\/musique-et-inclusivite\/#primaryimage"},"image":{"@id":"https:\/\/www.concert-hosteldieu.com\/musique-et-inclusivite\/#primaryimage"},"thumbnailUrl":"https:\/\/www.concert-hosteldieu.com\/wp-content\/uploads\/2023\/08\/logo-CCO-La-rayonne-1.png","datePublished":"2021-06-01T10:20:25+00:00","dateModified":"2025-09-16T10:12:06+00:00","description":"Musique et solidarit\u00e9, deux ma\u00eetres mots qui guident Le Concert de l'Hostel Dieu dans ses projets et ses actions sociales !","breadcrumb":{"@id":"https:\/\/www.concert-hosteldieu.com\/musique-et-inclusivite\/#breadcrumb"},"inLanguage":"en-GB","potentialAction":[{"@type":"ReadAction","target":["https:\/\/www.concert-hosteldieu.com\/musique-et-inclusivite\/"]}]},{"@type":"ImageObject","inLanguage":"en-GB","@id":"https:\/\/www.concert-hosteldieu.com\/musique-et-inclusivite\/#primaryimage","url":"https:\/\/www.concert-hosteldieu.com\/wp-content\/uploads\/2023\/08\/logo-CCO-La-rayonne-1.png","contentUrl":"https:\/\/www.concert-hosteldieu.com\/wp-content\/uploads\/2023\/08\/logo-CCO-La-rayonne-1.png"},{"@type":"BreadcrumbList","@id":"https:\/\/www.concert-hosteldieu.com\/musique-et-inclusivite\/#breadcrumb","itemListElement":[{"@type":"ListItem","position":1,"name":"Accueil","item":"https:\/\/www.concert-hosteldieu.com\/"},{"@type":"ListItem","position":2,"name":"Musique et inclusivit\u00e9"}]},{"@type":"WebSite","@id":"https:\/\/www.concert-hosteldieu.com\/#website","url":"https:\/\/www.concert-hosteldieu.com\/","name":"Le Concert de l&#039;Hostel Dieu","description":"Franck-Emmanuel Comte","publisher":{"@id":"https:\/\/www.concert-hosteldieu.com\/#organization"},"potentialAction":[{"@type":"SearchAction","target":{"@type":"EntryPoint","urlTemplate":"https:\/\/www.concert-hosteldieu.com\/?s={search_term_string}"},"query-input":{"@type":"PropertyValueSpecification","valueRequired":true,"valueName":"search_term_string"}}],"inLanguage":"en-GB"},{"@type":"Organization","@id":"https:\/\/www.concert-hosteldieu.com\/#organization","name":"Le Concert de l'Hostel Dieu","url":"https:\/\/www.concert-hosteldieu.com\/","logo":{"@type":"ImageObject","inLanguage":"en-GB","@id":"https:\/\/www.concert-hosteldieu.com\/#\/schema\/logo\/image\/","url":"https:\/\/www.concert-hosteldieu.com\/wp-content\/uploads\/2021\/06\/logo-chd-noir-transparent.png","contentUrl":"https:\/\/www.concert-hosteldieu.com\/wp-content\/uploads\/2021\/06\/logo-chd-noir-transparent.png","width":262,"height":106,"caption":"Le Concert de l'Hostel Dieu"},"image":{"@id":"https:\/\/www.concert-hosteldieu.com\/#\/schema\/logo\/image\/"},"sameAs":["https:\/\/www.facebook.com\/leconcert.delhosteldieu","https:\/\/x.com\/CHDLyon","https:\/\/instagram.com\/concert_hostel_dieu","https:\/\/www.linkedin.com\/company\/le-concert-de-l'hostel-dieu\/","https:\/\/www.youtube.com\/user\/CHDLyon"]}]}},"_links":{"self":[{"href":"https:\/\/www.concert-hosteldieu.com\/en\/wp-json\/wp\/v2\/pages\/12049","targetHints":{"allow":["GET"]}}],"collection":[{"href":"https:\/\/www.concert-hosteldieu.com\/en\/wp-json\/wp\/v2\/pages"}],"about":[{"href":"https:\/\/www.concert-hosteldieu.com\/en\/wp-json\/wp\/v2\/types\/page"}],"author":[{"embeddable":true,"href":"https:\/\/www.concert-hosteldieu.com\/en\/wp-json\/wp\/v2\/users\/2776"}],"replies":[{"embeddable":true,"href":"https:\/\/www.concert-hosteldieu.com\/en\/wp-json\/wp\/v2\/comments?post=12049"}],"version-history":[{"count":4,"href":"https:\/\/www.concert-hosteldieu.com\/en\/wp-json\/wp\/v2\/pages\/12049\/revisions"}],"predecessor-version":[{"id":23674,"href":"https:\/\/www.concert-hosteldieu.com\/en\/wp-json\/wp\/v2\/pages\/12049\/revisions\/23674"}],"wp:attachment":[{"href":"https:\/\/www.concert-hosteldieu.com\/en\/wp-json\/wp\/v2\/media?parent=12049"}],"wp:term":[{"taxonomy":"category","embeddable":true,"href":"https:\/\/www.concert-hosteldieu.com\/en\/wp-json\/wp\/v2\/categories?post=12049"},{"taxonomy":"post_tag","embeddable":true,"href":"https:\/\/www.concert-hosteldieu.com\/en\/wp-json\/wp\/v2\/tags?post=12049"}],"curies":[{"name":"wp","href":"https:\/\/api.w.org\/{rel}","templated":true}]}}