{"id":12045,"date":"2021-06-01T11:16:57","date_gmt":"2021-06-01T10:16:57","guid":{"rendered":"https:\/\/dev.concert-hosteldieu.com\/?page_id=12045"},"modified":"2025-09-16T10:56:44","modified_gmt":"2025-09-16T09:56:44","slug":"campus-baroque","status":"publish","type":"page","link":"https:\/\/www.concert-hosteldieu.com\/en\/campus-baroque\/","title":{"rendered":"Campus baroque"},"content":{"rendered":"<h1>\n\t\t\t\tBaroque Campus\n\t\t\t<\/h1>\n\t<h4>\n\t\t\t\tL&rsquo;UNIVERSIT\u00c9 PARTENAIRE\n\t\t\t<\/h4>\n\t<p>En partenariat avec l&rsquo;<strong><a href=\"https:\/\/www.ucly.fr\/\" target=\"_blank\" rel=\"noopener\">Universit\u00e9 Catholique de Lyon<\/a><\/strong>\u00a0and as part of the project\u00a0<em>Baroque Campus<\/em>, notre ensemble d\u00e9veloppe des actions de cr\u00e9ation artistique et de m\u00e9diation sur les campus Saint-Paul et Carnot de l&rsquo;universit\u00e9.<\/p>\n<p>Chaque nouvelle saison, des cr\u00e9ations originales et interactives y sont ainsi propos\u00e9es, \u00e0 la fois aux \u00e9tudiants et aux enseignants. Celles-ci int\u00e8grent \u00e0 diff\u00e9rents niveaux le talent et les propositions des \u00e9tudiants qui contribuent ainsi \u00e0 faire des projets du Concert de l&rsquo;Hostel Dieu des r\u00e9alisations ouvertes, connect\u00e9es et accessibles.<\/p>\n\t<h4>\n\t\t\t\tHigher education\n\t\t\t<\/h4>\n\t<p>At the same time,\u00a0<a href=\"https:\/\/www.concert-hosteldieu.com\/en\/nos-artistes-invites\/mehdi-kruger\/\"><strong>Mehdi Kr\u00fcger<\/strong><\/a>, membre de l&rsquo;ensemble anime un cours d&rsquo;\u00e9criture et slam\u00a0dans le cadre du d\u00e9partement Formation humaine.\u00a0Ce module intitul\u00e9 \u00ab\u00a0Cr\u00e9ativit\u00e9 et \u00e9loquence\u00a0\u00bb a pour objectif de d\u00e9velopper sa r\u00e9flexion et son sens critique par la pratique artistique.<\/p>\n<h4>\n\t\t\t2023\/2024 SEASON\t<\/h4>\n\t\t\t\t<a href=\"https:\/\/www.concert-hosteldieu.com\/en\/nos-productions\/cold-case\/\"  target=\"_self\" itemprop=\"url\">\n\t\t\t\t<img decoding=\"async\" src=\"https:\/\/www.concert-hosteldieu.com\/wp-content\/uploads\/2023\/05\/CHD-Cold-Case-HD-2.jpg\" alt=\"Les musiciens de Cold Case, l&#039;affaire Leclair\" itemprop=\"image\" height=\"1280\" width=\"1920\" title=\"Cold Case, l&#039;affaire Leclair\" onerror=\"this.style.display='none'\" loading=\"lazy\" \/>\n\t\t\t\t<\/a>\n\t<h3>\n\t\t\t\t<a href=\"https:\/\/www.concert-hosteldieu.com\/en\/nos-productions\/cold-case\/\" title=\"Cold Case : l&#039;affaire Leclair\" target=\"_self\"  aria-label=\"Aller \u00e0 https:\/\/www.concert-hosteldieu.com\/nos-productions\/cold-case\/\">\n\t\t\t\tCold Case : l&rsquo;affaire Leclair\n\t\t\t\t<\/a>\n\t\t\t<\/h3>\n\t\t\t<p><strong>Les \u00e9tudiants plac\u00e9s au c\u0153ur d&rsquo;une enqu\u00eate musicale !<\/strong>Imagin\u00e9 par Franck-Emmanuel Comte et accompagn\u00e9 par les \u00e9tudiants en \u00ab\u00a0Conduite de projets culturels\u00a0\u00bb de l&rsquo;UCLy, ce \u00ab\u00a0cold case\u00a0\u00bb baroque constitue le point de d\u00e9part de ce concert-enqu\u00eate atypique et interactif avec des musiques de Jean-Marie Leclair, Antonio Vivaldi, Pietro Locatelli. \u00a0Les \u00e9tudiants participeront \u00e0 ce projet, de sa conception \u00e0 sa r\u00e9alisation.<\/p>\t\n\t\t\t<a href=\"https:\/\/www.concert-hosteldieu.com\/en\/nos-productions\/cold-case\/\" title=\"Cliquez ici\" target=\"_self\"   role=\"button\" aria-label=\"Learn more\">\n\t\t\t\t\t\t\t\t\t\t\tLearn more\n\t\t<\/a>","protected":false},"excerpt":{"rendered":"<p>Campus Baroque L&rsquo;UNIVERSIT\u00c9 PARTENAIRE En partenariat avec l&rsquo;Universit\u00e9 Catholique de Lyon\u00a0et dans le cadre du projet\u00a0Campus Baroque, notre ensemble d\u00e9veloppe des actions de cr\u00e9ation artistique et de m\u00e9diation sur les campus Saint-Paul et Carnot de l&rsquo;universit\u00e9. Chaque nouvelle saison, des [&hellip;]<\/p>\n","protected":false},"author":2776,"featured_media":12082,"parent":0,"menu_order":0,"comment_status":"closed","ping_status":"closed","template":"","meta":{"site-sidebar-layout":"no-sidebar","site-content-layout":"page-builder","ast-site-content-layout":"default","site-content-style":"default","site-sidebar-style":"default","ast-global-header-display":"","ast-banner-title-visibility":"","ast-main-header-display":"","ast-hfb-above-header-display":"","ast-hfb-below-header-display":"","ast-hfb-mobile-header-display":"","site-post-title":"disabled","ast-breadcrumbs-content":"","ast-featured-img":"disabled","footer-sml-layout":"","ast-disable-related-posts":"","theme-transparent-header-meta":"enabled","adv-header-id-meta":"","stick-header-meta":"default","header-above-stick-meta":"","header-main-stick-meta":"","header-below-stick-meta":"","astra-migrate-meta-layouts":"default","ast-page-background-enabled":"default","ast-page-background-meta":{"desktop":{"background-color":"","background-image":"","background-repeat":"repeat","background-position":"center center","background-size":"auto","background-attachment":"scroll","background-type":"","background-media":"","overlay-type":"","overlay-color":"","overlay-opacity":"","overlay-gradient":""},"tablet":{"background-color":"","background-image":"","background-repeat":"repeat","background-position":"center center","background-size":"auto","background-attachment":"scroll","background-type":"","background-media":"","overlay-type":"","overlay-color":"","overlay-opacity":"","overlay-gradient":""},"mobile":{"background-color":"","background-image":"","background-repeat":"repeat","background-position":"center center","background-size":"auto","background-attachment":"scroll","background-type":"","background-media":"","overlay-type":"","overlay-color":"","overlay-opacity":"","overlay-gradient":""}},"ast-content-background-meta":{"desktop":{"background-color":"var(--ast-global-color-5)","background-image":"","background-repeat":"repeat","background-position":"center center","background-size":"auto","background-attachment":"scroll","background-type":"","background-media":"","overlay-type":"","overlay-color":"","overlay-opacity":"","overlay-gradient":""},"tablet":{"background-color":"var(--ast-global-color-5)","background-image":"","background-repeat":"repeat","background-position":"center center","background-size":"auto","background-attachment":"scroll","background-type":"","background-media":"","overlay-type":"","overlay-color":"","overlay-opacity":"","overlay-gradient":""},"mobile":{"background-color":"var(--ast-global-color-5)","background-image":"","background-repeat":"repeat","background-position":"center center","background-size":"auto","background-attachment":"scroll","background-type":"","background-media":"","overlay-type":"","overlay-color":"","overlay-opacity":"","overlay-gradient":""}},"footnotes":""},"categories":[168],"tags":[],"class_list":["post-12045","page","type-page","status-publish","has-post-thumbnail","hentry","category-informations"],"yoast_head":"<!-- This site is optimized with the Yoast SEO plugin v27.4 - https:\/\/yoast.com\/product\/yoast-seo-wordpress\/ -->\n<title>Campus baroque - Le Concert de l&#039;Hostel Dieu<\/title>\n<meta name=\"description\" content=\"D\u00e9couvrez Campus Baroque, un projet de cr\u00e9ation artistique et de m\u00e9diation d\u00e9velopp\u00e9 avec l&#039;Universit\u00e9 Catholique de Lyon.\" \/>\n<meta name=\"robots\" content=\"index, follow, max-snippet:-1, max-image-preview:large, max-video-preview:-1\" \/>\n<link rel=\"canonical\" href=\"https:\/\/www.concert-hosteldieu.com\/en\/campus-baroque\/\" \/>\n<meta property=\"og:locale\" content=\"en_GB\" \/>\n<meta property=\"og:type\" content=\"article\" \/>\n<meta property=\"og:title\" content=\"Campus baroque - Le Concert de l&#039;Hostel Dieu\" \/>\n<meta property=\"og:description\" content=\"D\u00e9couvrez Campus Baroque, un projet de cr\u00e9ation artistique et de m\u00e9diation d\u00e9velopp\u00e9 avec l&#039;Universit\u00e9 Catholique de Lyon.\" \/>\n<meta property=\"og:url\" content=\"https:\/\/www.concert-hosteldieu.com\/en\/campus-baroque\/\" \/>\n<meta property=\"og:site_name\" content=\"Le Concert de l&#039;Hostel Dieu\" \/>\n<meta property=\"article:publisher\" content=\"https:\/\/www.facebook.com\/leconcert.delhosteldieu\" \/>\n<meta property=\"article:modified_time\" content=\"2025-09-16T09:56:44+00:00\" \/>\n<meta property=\"og:image\" content=\"https:\/\/www.concert-hosteldieu.com\/wp-content\/uploads\/2021\/06\/Confluence-3_web.jpg\" \/>\n\t<meta property=\"og:image:width\" content=\"1920\" \/>\n\t<meta property=\"og:image:height\" content=\"1280\" \/>\n\t<meta property=\"og:image:type\" content=\"image\/jpeg\" \/>\n<meta name=\"twitter:label1\" content=\"Estimated reading time\" \/>\n\t<meta name=\"twitter:data1\" content=\"2 minutes\" \/>\n<script type=\"application\/ld+json\" class=\"yoast-schema-graph\">{\"@context\":\"https:\\\/\\\/schema.org\",\"@graph\":[{\"@type\":\"WebPage\",\"@id\":\"https:\\\/\\\/www.concert-hosteldieu.com\\\/campus-baroque\\\/\",\"url\":\"https:\\\/\\\/www.concert-hosteldieu.com\\\/campus-baroque\\\/\",\"name\":\"Campus baroque - Le Concert de l&#039;Hostel Dieu\",\"isPartOf\":{\"@id\":\"https:\\\/\\\/www.concert-hosteldieu.com\\\/#website\"},\"primaryImageOfPage\":{\"@id\":\"https:\\\/\\\/www.concert-hosteldieu.com\\\/campus-baroque\\\/#primaryimage\"},\"image\":{\"@id\":\"https:\\\/\\\/www.concert-hosteldieu.com\\\/campus-baroque\\\/#primaryimage\"},\"thumbnailUrl\":\"https:\\\/\\\/www.concert-hosteldieu.com\\\/wp-content\\\/uploads\\\/2021\\\/06\\\/Confluence-3_web.jpg\",\"datePublished\":\"2021-06-01T10:16:57+00:00\",\"dateModified\":\"2025-09-16T09:56:44+00:00\",\"description\":\"D\u00e9couvrez Campus Baroque, un projet de cr\u00e9ation artistique et de m\u00e9diation d\u00e9velopp\u00e9 avec l'Universit\u00e9 Catholique de Lyon.\",\"breadcrumb\":{\"@id\":\"https:\\\/\\\/www.concert-hosteldieu.com\\\/campus-baroque\\\/#breadcrumb\"},\"inLanguage\":\"en-GB\",\"potentialAction\":[{\"@type\":\"ReadAction\",\"target\":[\"https:\\\/\\\/www.concert-hosteldieu.com\\\/campus-baroque\\\/\"]}]},{\"@type\":\"ImageObject\",\"inLanguage\":\"en-GB\",\"@id\":\"https:\\\/\\\/www.concert-hosteldieu.com\\\/campus-baroque\\\/#primaryimage\",\"url\":\"https:\\\/\\\/www.concert-hosteldieu.com\\\/wp-content\\\/uploads\\\/2021\\\/06\\\/Confluence-3_web.jpg\",\"contentUrl\":\"https:\\\/\\\/www.concert-hosteldieu.com\\\/wp-content\\\/uploads\\\/2021\\\/06\\\/Confluence-3_web.jpg\",\"width\":1920,\"height\":1280},{\"@type\":\"BreadcrumbList\",\"@id\":\"https:\\\/\\\/www.concert-hosteldieu.com\\\/campus-baroque\\\/#breadcrumb\",\"itemListElement\":[{\"@type\":\"ListItem\",\"position\":1,\"name\":\"Accueil\",\"item\":\"https:\\\/\\\/www.concert-hosteldieu.com\\\/\"},{\"@type\":\"ListItem\",\"position\":2,\"name\":\"Campus baroque\"}]},{\"@type\":\"WebSite\",\"@id\":\"https:\\\/\\\/www.concert-hosteldieu.com\\\/#website\",\"url\":\"https:\\\/\\\/www.concert-hosteldieu.com\\\/\",\"name\":\"Le Concert de l&#039;Hostel Dieu\",\"description\":\"Franck-Emmanuel Comte\",\"publisher\":{\"@id\":\"https:\\\/\\\/www.concert-hosteldieu.com\\\/#organization\"},\"potentialAction\":[{\"@type\":\"SearchAction\",\"target\":{\"@type\":\"EntryPoint\",\"urlTemplate\":\"https:\\\/\\\/www.concert-hosteldieu.com\\\/?s={search_term_string}\"},\"query-input\":{\"@type\":\"PropertyValueSpecification\",\"valueRequired\":true,\"valueName\":\"search_term_string\"}}],\"inLanguage\":\"en-GB\"},{\"@type\":\"Organization\",\"@id\":\"https:\\\/\\\/www.concert-hosteldieu.com\\\/#organization\",\"name\":\"Le Concert de l'Hostel Dieu\",\"url\":\"https:\\\/\\\/www.concert-hosteldieu.com\\\/\",\"logo\":{\"@type\":\"ImageObject\",\"inLanguage\":\"en-GB\",\"@id\":\"https:\\\/\\\/www.concert-hosteldieu.com\\\/#\\\/schema\\\/logo\\\/image\\\/\",\"url\":\"https:\\\/\\\/www.concert-hosteldieu.com\\\/wp-content\\\/uploads\\\/2021\\\/06\\\/logo-chd-noir-transparent.png\",\"contentUrl\":\"https:\\\/\\\/www.concert-hosteldieu.com\\\/wp-content\\\/uploads\\\/2021\\\/06\\\/logo-chd-noir-transparent.png\",\"width\":262,\"height\":106,\"caption\":\"Le Concert de l'Hostel Dieu\"},\"image\":{\"@id\":\"https:\\\/\\\/www.concert-hosteldieu.com\\\/#\\\/schema\\\/logo\\\/image\\\/\"},\"sameAs\":[\"https:\\\/\\\/www.facebook.com\\\/leconcert.delhosteldieu\",\"https:\\\/\\\/x.com\\\/CHDLyon\",\"https:\\\/\\\/instagram.com\\\/concert_hostel_dieu\",\"https:\\\/\\\/www.linkedin.com\\\/company\\\/le-concert-de-l'hostel-dieu\\\/\",\"https:\\\/\\\/www.youtube.com\\\/user\\\/CHDLyon\"]}]}<\/script>\n<!-- \/ Yoast SEO plugin. -->","yoast_head_json":{"title":"Campus baroque - Le Concert de l&#039;Hostel Dieu","description":"D\u00e9couvrez Campus Baroque, un projet de cr\u00e9ation artistique et de m\u00e9diation d\u00e9velopp\u00e9 avec l'Universit\u00e9 Catholique de Lyon.","robots":{"index":"index","follow":"follow","max-snippet":"max-snippet:-1","max-image-preview":"max-image-preview:large","max-video-preview":"max-video-preview:-1"},"canonical":"https:\/\/www.concert-hosteldieu.com\/en\/campus-baroque\/","og_locale":"en_GB","og_type":"article","og_title":"Campus baroque - Le Concert de l&#039;Hostel Dieu","og_description":"D\u00e9couvrez Campus Baroque, un projet de cr\u00e9ation artistique et de m\u00e9diation d\u00e9velopp\u00e9 avec l'Universit\u00e9 Catholique de Lyon.","og_url":"https:\/\/www.concert-hosteldieu.com\/en\/campus-baroque\/","og_site_name":"Le Concert de l&#039;Hostel Dieu","article_publisher":"https:\/\/www.facebook.com\/leconcert.delhosteldieu","article_modified_time":"2025-09-16T09:56:44+00:00","og_image":[{"width":1920,"height":1280,"url":"https:\/\/www.concert-hosteldieu.com\/wp-content\/uploads\/2021\/06\/Confluence-3_web.jpg","type":"image\/jpeg"}],"twitter_misc":{"Estimated reading time":"2 minutes"},"schema":{"@context":"https:\/\/schema.org","@graph":[{"@type":"WebPage","@id":"https:\/\/www.concert-hosteldieu.com\/campus-baroque\/","url":"https:\/\/www.concert-hosteldieu.com\/campus-baroque\/","name":"Campus baroque - Le Concert de l&#039;Hostel Dieu","isPartOf":{"@id":"https:\/\/www.concert-hosteldieu.com\/#website"},"primaryImageOfPage":{"@id":"https:\/\/www.concert-hosteldieu.com\/campus-baroque\/#primaryimage"},"image":{"@id":"https:\/\/www.concert-hosteldieu.com\/campus-baroque\/#primaryimage"},"thumbnailUrl":"https:\/\/www.concert-hosteldieu.com\/wp-content\/uploads\/2021\/06\/Confluence-3_web.jpg","datePublished":"2021-06-01T10:16:57+00:00","dateModified":"2025-09-16T09:56:44+00:00","description":"D\u00e9couvrez Campus Baroque, un projet de cr\u00e9ation artistique et de m\u00e9diation d\u00e9velopp\u00e9 avec l'Universit\u00e9 Catholique de Lyon.","breadcrumb":{"@id":"https:\/\/www.concert-hosteldieu.com\/campus-baroque\/#breadcrumb"},"inLanguage":"en-GB","potentialAction":[{"@type":"ReadAction","target":["https:\/\/www.concert-hosteldieu.com\/campus-baroque\/"]}]},{"@type":"ImageObject","inLanguage":"en-GB","@id":"https:\/\/www.concert-hosteldieu.com\/campus-baroque\/#primaryimage","url":"https:\/\/www.concert-hosteldieu.com\/wp-content\/uploads\/2021\/06\/Confluence-3_web.jpg","contentUrl":"https:\/\/www.concert-hosteldieu.com\/wp-content\/uploads\/2021\/06\/Confluence-3_web.jpg","width":1920,"height":1280},{"@type":"BreadcrumbList","@id":"https:\/\/www.concert-hosteldieu.com\/campus-baroque\/#breadcrumb","itemListElement":[{"@type":"ListItem","position":1,"name":"Accueil","item":"https:\/\/www.concert-hosteldieu.com\/"},{"@type":"ListItem","position":2,"name":"Campus baroque"}]},{"@type":"WebSite","@id":"https:\/\/www.concert-hosteldieu.com\/#website","url":"https:\/\/www.concert-hosteldieu.com\/","name":"Le Concert de l&#039;Hostel Dieu","description":"Franck-Emmanuel Comte","publisher":{"@id":"https:\/\/www.concert-hosteldieu.com\/#organization"},"potentialAction":[{"@type":"SearchAction","target":{"@type":"EntryPoint","urlTemplate":"https:\/\/www.concert-hosteldieu.com\/?s={search_term_string}"},"query-input":{"@type":"PropertyValueSpecification","valueRequired":true,"valueName":"search_term_string"}}],"inLanguage":"en-GB"},{"@type":"Organization","@id":"https:\/\/www.concert-hosteldieu.com\/#organization","name":"Le Concert de l'Hostel Dieu","url":"https:\/\/www.concert-hosteldieu.com\/","logo":{"@type":"ImageObject","inLanguage":"en-GB","@id":"https:\/\/www.concert-hosteldieu.com\/#\/schema\/logo\/image\/","url":"https:\/\/www.concert-hosteldieu.com\/wp-content\/uploads\/2021\/06\/logo-chd-noir-transparent.png","contentUrl":"https:\/\/www.concert-hosteldieu.com\/wp-content\/uploads\/2021\/06\/logo-chd-noir-transparent.png","width":262,"height":106,"caption":"Le Concert de l'Hostel Dieu"},"image":{"@id":"https:\/\/www.concert-hosteldieu.com\/#\/schema\/logo\/image\/"},"sameAs":["https:\/\/www.facebook.com\/leconcert.delhosteldieu","https:\/\/x.com\/CHDLyon","https:\/\/instagram.com\/concert_hostel_dieu","https:\/\/www.linkedin.com\/company\/le-concert-de-l'hostel-dieu\/","https:\/\/www.youtube.com\/user\/CHDLyon"]}]}},"_links":{"self":[{"href":"https:\/\/www.concert-hosteldieu.com\/en\/wp-json\/wp\/v2\/pages\/12045","targetHints":{"allow":["GET"]}}],"collection":[{"href":"https:\/\/www.concert-hosteldieu.com\/en\/wp-json\/wp\/v2\/pages"}],"about":[{"href":"https:\/\/www.concert-hosteldieu.com\/en\/wp-json\/wp\/v2\/types\/page"}],"author":[{"embeddable":true,"href":"https:\/\/www.concert-hosteldieu.com\/en\/wp-json\/wp\/v2\/users\/2776"}],"replies":[{"embeddable":true,"href":"https:\/\/www.concert-hosteldieu.com\/en\/wp-json\/wp\/v2\/comments?post=12045"}],"version-history":[{"count":4,"href":"https:\/\/www.concert-hosteldieu.com\/en\/wp-json\/wp\/v2\/pages\/12045\/revisions"}],"predecessor-version":[{"id":23670,"href":"https:\/\/www.concert-hosteldieu.com\/en\/wp-json\/wp\/v2\/pages\/12045\/revisions\/23670"}],"wp:featuredmedia":[{"embeddable":true,"href":"https:\/\/www.concert-hosteldieu.com\/en\/wp-json\/wp\/v2\/media\/12082"}],"wp:attachment":[{"href":"https:\/\/www.concert-hosteldieu.com\/en\/wp-json\/wp\/v2\/media?parent=12045"}],"wp:term":[{"taxonomy":"category","embeddable":true,"href":"https:\/\/www.concert-hosteldieu.com\/en\/wp-json\/wp\/v2\/categories?post=12045"},{"taxonomy":"post_tag","embeddable":true,"href":"https:\/\/www.concert-hosteldieu.com\/en\/wp-json\/wp\/v2\/tags?post=12045"}],"curies":[{"name":"wp","href":"https:\/\/api.w.org\/{rel}","templated":true}]}}