{"id":12009,"date":"2021-06-01T10:09:21","date_gmt":"2021-06-01T09:09:21","guid":{"rendered":"https:\/\/dev.concert-hosteldieu.com\/?page_id=12009"},"modified":"2026-02-09T15:58:59","modified_gmt":"2026-02-09T14:58:59","slug":"notre-equipe","status":"publish","type":"page","link":"https:\/\/www.concert-hosteldieu.com\/en\/notre-equipe\/","title":{"rendered":"Our team"},"content":{"rendered":"<h1>\n\t\t\t\t<a href=\"#intro\" title=\"Our team\" target=\"_self\"  aria-label=\"Aller \u00e0 #intro\">\n\t\t\t\tOur team\n\t\t\t\t<\/a>\n\t\t\t<\/h1>\n\t<h4>\n\t\t\t\tL&rsquo;\u00e9quipe administrative\n\t\t\t<\/h4>\n<figure itemscope itemtype=\"https:\/\/schema.org\/ImageObject\">\n\t\t\t\t<img decoding=\"async\" src=\"https:\/\/www.concert-hosteldieu.com\/wp-content\/uploads\/2024\/10\/CHD-Trinite-portraits-web-16-nb.jpg\" alt=\"Franck-Emmanuel Comte\" height=\"1280\" width=\"1920\" title=\"l&#039;\u00c9quipe CHD\" onerror=\"this.style.display='none'\" loading=\"lazy\" \/>\n\t<\/figure>\n\t<strong>Franck-Emmanuel Comte<\/strong><br \/>\nArtistic director<br \/>\n\n<figure itemscope itemtype=\"https:\/\/schema.org\/ImageObject\">\n\t\t\t\t<img decoding=\"async\" src=\"https:\/\/www.concert-hosteldieu.com\/wp-content\/uploads\/2025\/02\/David-Debarbat.jpeg\" alt=\"David Debarbat\" height=\"267\" width=\"400\" title=\"l&#039;\u00c9quipe CHD\" onerror=\"this.style.display='none'\" loading=\"lazy\" \/>\n\t<\/figure>\n\t<strong>David Debarbat<\/strong><br \/>\nProduction manager\n<figure itemscope itemtype=\"https:\/\/schema.org\/ImageObject\">\n\t\t\t\t<img decoding=\"async\" src=\"https:\/\/www.concert-hosteldieu.com\/wp-content\/uploads\/2026\/02\/WhatsApp-Image-2026-02-09-at-11.49.292.jpeg\" alt=\"WhatsApp Image 2026-02-09 at 11.49.292\" height=\"857\" width=\"1200\" title=\"WhatsApp Image 2026-02-09 at 11.49.292\" onerror=\"this.style.display='none'\" loading=\"lazy\" \/>\n\t<\/figure>\n\t<strong>Olivia Salique<\/strong><br \/>\nProduction administrator<br \/>\n\n<figure itemscope itemtype=\"https:\/\/schema.org\/ImageObject\">\n\t\t\t\t<img decoding=\"async\" src=\"https:\/\/www.concert-hosteldieu.com\/wp-content\/uploads\/2024\/05\/Elise-Morsetti.jpg\" alt=\"\u00c9lise Morsetti, membre de l&#039;\u00e9quipe\" height=\"1152\" width=\"1728\" title=\"\u00c9lise Morsetti\" onerror=\"this.style.display='none'\" loading=\"lazy\" \/>\n\t<\/figure>\n\t<strong>\u00c9lise Morsetti<\/strong><br \/>\nCommunication, External Relations, and Sponsorship<br \/>\n\n<figure itemscope itemtype=\"https:\/\/schema.org\/ImageObject\">\n\t\t\t\t<img decoding=\"async\" src=\"https:\/\/www.concert-hosteldieu.com\/wp-content\/uploads\/2024\/10\/CHD-Trinite-portraits-web-11-nb.jpg\" alt=\"Am\u00e9lie Debeer\" height=\"1280\" width=\"1920\" title=\"l&#039;\u00c9quipe CHD\" onerror=\"this.style.display='none'\" loading=\"lazy\" \/>\n\t<\/figure>\n\t<strong>Am\u00e9lie Debeer<\/strong><br \/>\nAssistante de production et d&rsquo;administration<br \/>\n\n<figure itemscope itemtype=\"https:\/\/schema.org\/ImageObject\">\n\t\t\t\t<img decoding=\"async\" src=\"https:\/\/www.concert-hosteldieu.com\/wp-content\/uploads\/2025\/02\/Benedicte-Demeulenaere.jpeg\" alt=\"Benedicte Demeulenaere\" height=\"828\" width=\"1241\" title=\"l&#039;\u00c9quipe CHD\" onerror=\"this.style.display='none'\" loading=\"lazy\" \/>\n\t<\/figure>\n\t<strong>B\u00e9n\u00e9dicte Demeulenaere<\/strong><br \/>\nCharg\u00e9e de diffusion &#8211; Diffusion Europe et Am\u00e9rique du Nord\n\t<strong>Paul de Kok<\/strong><br \/>\nAgent d&rsquo;artistes<br \/>\nTour booker in Benelux and Germany<br \/>\n<a href=\"http:\/\/www.Toccatamusic.nl\">www.toccatamusic.nl<\/a>\n\t<strong>Adela Sanchez<\/strong><br \/>\nAgents d&rsquo;artistes<br \/>\nTour booker in Spain and South America<br \/>\n<a href=\"http:\/\/www.adelasanchez.com\">www.adelasanchez.com<\/a>\n\t<h4>\n\t\t\t\tArtistic council\n\t\t\t<\/h4>\n\t\t\t<p class=\"translation-block\">Reynier Guerrero, first violin<br>Florian Verhaegen, violin and alto<br>Aude Walker-Viry, cello <br>Nicolas Janot, double basse<\/p>\t\n\t<h4>\n\t\t\t\tMusicological partners\n\t\t\t<\/h4>\n\t\t\t<p>Marco Bizzarini, Padoue University<br \/>Pedro-Octavio Diaz<br \/>Julien Dubruque, Centre de musique baroque de Versailles<br \/>Rebecca Herissone, Oxford University<br \/>Paolo Vittorio Montanari<\/p>\t\n\t<h4>\n\t\t\t\tLe conseil d&rsquo;administration\n\t\t\t<\/h4>\n\t\t\t<p><strong>Bureau members<br \/><\/strong>President<br \/>Patrick Favre-Tissot-Bonvoisin, Vice President<br \/>Brigitte Kl\u00e9pal Morel, Vice President<br \/>Catherine Prot, tr\u00e9sorier<br \/>Alb\u00e9ric de Lavern\u00e9e, Secretary<strong>Board members<br \/><\/strong>Valentin Camus<br \/>Cyrille Michaud<br \/>Christian Nicolas<br \/>Marc Ollivier<br \/>Pierre Pigaglio<br \/>Claire Saddy<br \/>Lucie Schmitt<\/p>\t\n\t<h4>\n\t\t\t\tCreative hub\n\t\t\t<\/h4>\n\t\t\t<p><strong>Photographes<\/strong> :<br \/>Julie Cherki \/ <a href=\"http:\/\/www.juliecherki.fr\/\" target=\"_blank\" rel=\"noopener noreferrer\">juliecherki.fr<\/a><br \/>William Sundfor \/ <a href=\"https:\/\/www.instagram.com\/william.sundfor\/\" target=\"_blank\" rel=\"noopener\">@william.sundfor<\/a><strong>Webmaster<\/strong> :<br \/>Olivier Mar\u00e9chal \/ <a href=\"https:\/\/68000.fr\/\" target=\"_blank\" rel=\"noopener\">68000.fr<\/a><strong>Video maker<\/strong> :<br \/>Manon Rudant \/ <a href=\"http:\/\/manonrudant.fr\" target=\"_blank\" rel=\"noopener\">manonrudant.fr<\/a><br \/>Simon Gillouin\/ Y-Kwis <a href=\"https:\/\/vimeo.com\/ykwis\" target=\"_blank\" rel=\"noopener\">y-kwis.com<\/a><br \/>Florent De Gaudemar \/ Panot&rsquo;prod <a href=\"http:\/\/de-gaudemarflorent.wixsite.com\/panotprod\" target=\"_blank\" rel=\"noopener noreferrer\">de-gaudemarflorent.wixsite.com<\/a><br \/>Simon Bourrat \/ <a href=\"https:\/\/www.simonbourrat.com\/drone.html\">simonbourrat.com\/drone.html<\/a><\/p>\u00a0\u00a0\t\n\t<h4>\n\t\t\t\tAND\n\t\t\t<\/h4>\n\t\t\tChartered accountant: Guillaume Arvis \/ ARTEN EXPERTS <a href=\"http:\/\/www.arten-experts.fr\" target=\"_blank\" rel=\"noopener noreferrer\">www.arten-experts.fr<\/a><br \/>Payroll service provider: ADDENSEO <a href=\"https:\/\/www.addenseo.fr\/\" target=\"_blank\" rel=\"noopener\">www.addenseo.fr<\/a>\u00a0\u00a0\t\n\t<p>Le Concert de l&rsquo;Hostel Dieu est membre de la F\u00e9d\u00e9ration des ensembles vocaux et instrumentaux sp\u00e9cialis\u00e9s (<a href=\"https:\/\/www.fevis.com\/\" target=\"_blank\" rel=\"noopener\">FEVIS<\/a>) and of the Syndicat professionnel des Producteurs, Festivals, Ensembles, Diffuseurs Ind\u00e9pendants de Musique (<a href=\"https:\/\/www.profedim.org\/\" target=\"_blank\" rel=\"noopener\">PROFEDIM<\/a>).<\/p>","protected":false},"excerpt":{"rendered":"<p>Notre \u00e9quipe L&rsquo;\u00e9quipe administrative Franck-Emmanuel Comte Directeur artistique David Debarbat Directeur de production Olivia Salique Administratrice de production \u00c9lise Morsetti Communication et relations ext\u00e9rieures Am\u00e9lie Debeer Assistante de production et d&rsquo;administration B\u00e9n\u00e9dicte Demeulenaere Charg\u00e9e de diffusion &#8211; Diffusion Europe et [&hellip;]<\/p>\n","protected":false},"author":2776,"featured_media":0,"parent":0,"menu_order":0,"comment_status":"closed","ping_status":"closed","template":"","meta":{"site-sidebar-layout":"no-sidebar","site-content-layout":"page-builder","ast-site-content-layout":"full-width-container","site-content-style":"unboxed","site-sidebar-style":"unboxed","ast-global-header-display":"","ast-banner-title-visibility":"","ast-main-header-display":"","ast-hfb-above-header-display":"","ast-hfb-below-header-display":"","ast-hfb-mobile-header-display":"","site-post-title":"disabled","ast-breadcrumbs-content":"","ast-featured-img":"disabled","footer-sml-layout":"","ast-disable-related-posts":"","theme-transparent-header-meta":"enabled","adv-header-id-meta":"","stick-header-meta":"default","header-above-stick-meta":"","header-main-stick-meta":"","header-below-stick-meta":"","astra-migrate-meta-layouts":"set","ast-page-background-enabled":"default","ast-page-background-meta":{"desktop":{"background-color":"","background-image":"","background-repeat":"repeat","background-position":"center center","background-size":"auto","background-attachment":"scroll","background-type":"","background-media":"","overlay-type":"","overlay-color":"","overlay-opacity":"","overlay-gradient":""},"tablet":{"background-color":"","background-image":"","background-repeat":"repeat","background-position":"center center","background-size":"auto","background-attachment":"scroll","background-type":"","background-media":"","overlay-type":"","overlay-color":"","overlay-opacity":"","overlay-gradient":""},"mobile":{"background-color":"","background-image":"","background-repeat":"repeat","background-position":"center center","background-size":"auto","background-attachment":"scroll","background-type":"","background-media":"","overlay-type":"","overlay-color":"","overlay-opacity":"","overlay-gradient":""}},"ast-content-background-meta":{"desktop":{"background-color":"var(--ast-global-color-5)","background-image":"","background-repeat":"repeat","background-position":"center center","background-size":"auto","background-attachment":"scroll","background-type":"","background-media":"","overlay-type":"","overlay-color":"","overlay-opacity":"","overlay-gradient":""},"tablet":{"background-color":"var(--ast-global-color-5)","background-image":"","background-repeat":"repeat","background-position":"center center","background-size":"auto","background-attachment":"scroll","background-type":"","background-media":"","overlay-type":"","overlay-color":"","overlay-opacity":"","overlay-gradient":""},"mobile":{"background-color":"var(--ast-global-color-5)","background-image":"","background-repeat":"repeat","background-position":"center center","background-size":"auto","background-attachment":"scroll","background-type":"","background-media":"","overlay-type":"","overlay-color":"","overlay-opacity":"","overlay-gradient":""}},"footnotes":""},"categories":[162],"tags":[],"class_list":["post-12009","page","type-page","status-publish","hentry","category-pages"],"yoast_head":"<!-- This site is optimized with the Yoast SEO plugin v27.3 - https:\/\/yoast.com\/product\/yoast-seo-wordpress\/ -->\n<title>Notre \u00e9quipe - Le Concert de l&#039;Hostel Dieu<\/title>\n<meta name=\"description\" content=\"D\u00e9couvrez l&#039;\u00e9quipe du Concert de l&#039;Hostel Dieu, du p\u00f4le de cr\u00e9ation au conseil artistique, en passant par l&#039;\u00e9quipe administrative !\" \/>\n<meta name=\"robots\" content=\"index, follow, max-snippet:-1, max-image-preview:large, max-video-preview:-1\" \/>\n<link rel=\"canonical\" href=\"https:\/\/www.concert-hosteldieu.com\/en\/notre-equipe\/\" \/>\n<meta property=\"og:locale\" content=\"en_GB\" \/>\n<meta property=\"og:type\" content=\"article\" \/>\n<meta property=\"og:title\" content=\"Notre \u00e9quipe - Le Concert de l&#039;Hostel Dieu\" \/>\n<meta property=\"og:description\" content=\"D\u00e9couvrez l&#039;\u00e9quipe du Concert de l&#039;Hostel Dieu, du p\u00f4le de cr\u00e9ation au conseil artistique, en passant par l&#039;\u00e9quipe administrative !\" \/>\n<meta property=\"og:url\" content=\"https:\/\/www.concert-hosteldieu.com\/en\/notre-equipe\/\" \/>\n<meta property=\"og:site_name\" content=\"Le Concert de l&#039;Hostel Dieu\" \/>\n<meta property=\"article:publisher\" content=\"https:\/\/www.facebook.com\/leconcert.delhosteldieu\" \/>\n<meta property=\"article:modified_time\" content=\"2026-02-09T14:58:59+00:00\" \/>\n<meta property=\"og:image\" content=\"https:\/\/www.concert-hosteldieu.com\/wp-content\/uploads\/2024\/10\/CHD-Trinite-portraits-web-16-nb.jpg\" \/>\n<meta name=\"twitter:label1\" content=\"Estimated reading time\" \/>\n\t<meta name=\"twitter:data1\" content=\"3 minutes\" \/>\n<script type=\"application\/ld+json\" class=\"yoast-schema-graph\">{\"@context\":\"https:\\\/\\\/schema.org\",\"@graph\":[{\"@type\":\"WebPage\",\"@id\":\"https:\\\/\\\/www.concert-hosteldieu.com\\\/notre-equipe\\\/\",\"url\":\"https:\\\/\\\/www.concert-hosteldieu.com\\\/notre-equipe\\\/\",\"name\":\"Notre \u00e9quipe - Le Concert de l&#039;Hostel Dieu\",\"isPartOf\":{\"@id\":\"https:\\\/\\\/www.concert-hosteldieu.com\\\/#website\"},\"primaryImageOfPage\":{\"@id\":\"https:\\\/\\\/www.concert-hosteldieu.com\\\/notre-equipe\\\/#primaryimage\"},\"image\":{\"@id\":\"https:\\\/\\\/www.concert-hosteldieu.com\\\/notre-equipe\\\/#primaryimage\"},\"thumbnailUrl\":\"https:\\\/\\\/www.concert-hosteldieu.com\\\/wp-content\\\/uploads\\\/2024\\\/10\\\/CHD-Trinite-portraits-web-16-nb.jpg\",\"datePublished\":\"2021-06-01T09:09:21+00:00\",\"dateModified\":\"2026-02-09T14:58:59+00:00\",\"description\":\"D\u00e9couvrez l'\u00e9quipe du Concert de l'Hostel Dieu, du p\u00f4le de cr\u00e9ation au conseil artistique, en passant par l'\u00e9quipe administrative !\",\"breadcrumb\":{\"@id\":\"https:\\\/\\\/www.concert-hosteldieu.com\\\/notre-equipe\\\/#breadcrumb\"},\"inLanguage\":\"en-GB\",\"potentialAction\":[{\"@type\":\"ReadAction\",\"target\":[\"https:\\\/\\\/www.concert-hosteldieu.com\\\/notre-equipe\\\/\"]}]},{\"@type\":\"ImageObject\",\"inLanguage\":\"en-GB\",\"@id\":\"https:\\\/\\\/www.concert-hosteldieu.com\\\/notre-equipe\\\/#primaryimage\",\"url\":\"https:\\\/\\\/www.concert-hosteldieu.com\\\/wp-content\\\/uploads\\\/2024\\\/10\\\/CHD-Trinite-portraits-web-16-nb.jpg\",\"contentUrl\":\"https:\\\/\\\/www.concert-hosteldieu.com\\\/wp-content\\\/uploads\\\/2024\\\/10\\\/CHD-Trinite-portraits-web-16-nb.jpg\"},{\"@type\":\"BreadcrumbList\",\"@id\":\"https:\\\/\\\/www.concert-hosteldieu.com\\\/notre-equipe\\\/#breadcrumb\",\"itemListElement\":[{\"@type\":\"ListItem\",\"position\":1,\"name\":\"Accueil\",\"item\":\"https:\\\/\\\/www.concert-hosteldieu.com\\\/\"},{\"@type\":\"ListItem\",\"position\":2,\"name\":\"Notre \u00e9quipe\"}]},{\"@type\":\"WebSite\",\"@id\":\"https:\\\/\\\/www.concert-hosteldieu.com\\\/#website\",\"url\":\"https:\\\/\\\/www.concert-hosteldieu.com\\\/\",\"name\":\"Le Concert de l&#039;Hostel Dieu\",\"description\":\"Franck-Emmanuel Comte\",\"publisher\":{\"@id\":\"https:\\\/\\\/www.concert-hosteldieu.com\\\/#organization\"},\"potentialAction\":[{\"@type\":\"SearchAction\",\"target\":{\"@type\":\"EntryPoint\",\"urlTemplate\":\"https:\\\/\\\/www.concert-hosteldieu.com\\\/?s={search_term_string}\"},\"query-input\":{\"@type\":\"PropertyValueSpecification\",\"valueRequired\":true,\"valueName\":\"search_term_string\"}}],\"inLanguage\":\"en-GB\"},{\"@type\":\"Organization\",\"@id\":\"https:\\\/\\\/www.concert-hosteldieu.com\\\/#organization\",\"name\":\"Le Concert de l'Hostel Dieu\",\"url\":\"https:\\\/\\\/www.concert-hosteldieu.com\\\/\",\"logo\":{\"@type\":\"ImageObject\",\"inLanguage\":\"en-GB\",\"@id\":\"https:\\\/\\\/www.concert-hosteldieu.com\\\/#\\\/schema\\\/logo\\\/image\\\/\",\"url\":\"https:\\\/\\\/www.concert-hosteldieu.com\\\/wp-content\\\/uploads\\\/2021\\\/06\\\/logo-chd-noir-transparent.png\",\"contentUrl\":\"https:\\\/\\\/www.concert-hosteldieu.com\\\/wp-content\\\/uploads\\\/2021\\\/06\\\/logo-chd-noir-transparent.png\",\"width\":262,\"height\":106,\"caption\":\"Le Concert de l'Hostel Dieu\"},\"image\":{\"@id\":\"https:\\\/\\\/www.concert-hosteldieu.com\\\/#\\\/schema\\\/logo\\\/image\\\/\"},\"sameAs\":[\"https:\\\/\\\/www.facebook.com\\\/leconcert.delhosteldieu\",\"https:\\\/\\\/x.com\\\/CHDLyon\",\"https:\\\/\\\/instagram.com\\\/concert_hostel_dieu\",\"https:\\\/\\\/www.linkedin.com\\\/company\\\/le-concert-de-l'hostel-dieu\\\/\",\"https:\\\/\\\/www.youtube.com\\\/user\\\/CHDLyon\"]}]}<\/script>\n<!-- \/ Yoast SEO plugin. -->","yoast_head_json":{"title":"Notre \u00e9quipe - Le Concert de l&#039;Hostel Dieu","description":"D\u00e9couvrez l'\u00e9quipe du Concert de l'Hostel Dieu, du p\u00f4le de cr\u00e9ation au conseil artistique, en passant par l'\u00e9quipe administrative !","robots":{"index":"index","follow":"follow","max-snippet":"max-snippet:-1","max-image-preview":"max-image-preview:large","max-video-preview":"max-video-preview:-1"},"canonical":"https:\/\/www.concert-hosteldieu.com\/en\/notre-equipe\/","og_locale":"en_GB","og_type":"article","og_title":"Notre \u00e9quipe - Le Concert de l&#039;Hostel Dieu","og_description":"D\u00e9couvrez l'\u00e9quipe du Concert de l'Hostel Dieu, du p\u00f4le de cr\u00e9ation au conseil artistique, en passant par l'\u00e9quipe administrative !","og_url":"https:\/\/www.concert-hosteldieu.com\/en\/notre-equipe\/","og_site_name":"Le Concert de l&#039;Hostel Dieu","article_publisher":"https:\/\/www.facebook.com\/leconcert.delhosteldieu","article_modified_time":"2026-02-09T14:58:59+00:00","og_image":[{"url":"https:\/\/www.concert-hosteldieu.com\/wp-content\/uploads\/2024\/10\/CHD-Trinite-portraits-web-16-nb.jpg","type":"","width":"","height":""}],"twitter_misc":{"Estimated reading time":"3 minutes"},"schema":{"@context":"https:\/\/schema.org","@graph":[{"@type":"WebPage","@id":"https:\/\/www.concert-hosteldieu.com\/notre-equipe\/","url":"https:\/\/www.concert-hosteldieu.com\/notre-equipe\/","name":"Notre \u00e9quipe - Le Concert de l&#039;Hostel Dieu","isPartOf":{"@id":"https:\/\/www.concert-hosteldieu.com\/#website"},"primaryImageOfPage":{"@id":"https:\/\/www.concert-hosteldieu.com\/notre-equipe\/#primaryimage"},"image":{"@id":"https:\/\/www.concert-hosteldieu.com\/notre-equipe\/#primaryimage"},"thumbnailUrl":"https:\/\/www.concert-hosteldieu.com\/wp-content\/uploads\/2024\/10\/CHD-Trinite-portraits-web-16-nb.jpg","datePublished":"2021-06-01T09:09:21+00:00","dateModified":"2026-02-09T14:58:59+00:00","description":"D\u00e9couvrez l'\u00e9quipe du Concert de l'Hostel Dieu, du p\u00f4le de cr\u00e9ation au conseil artistique, en passant par l'\u00e9quipe administrative !","breadcrumb":{"@id":"https:\/\/www.concert-hosteldieu.com\/notre-equipe\/#breadcrumb"},"inLanguage":"en-GB","potentialAction":[{"@type":"ReadAction","target":["https:\/\/www.concert-hosteldieu.com\/notre-equipe\/"]}]},{"@type":"ImageObject","inLanguage":"en-GB","@id":"https:\/\/www.concert-hosteldieu.com\/notre-equipe\/#primaryimage","url":"https:\/\/www.concert-hosteldieu.com\/wp-content\/uploads\/2024\/10\/CHD-Trinite-portraits-web-16-nb.jpg","contentUrl":"https:\/\/www.concert-hosteldieu.com\/wp-content\/uploads\/2024\/10\/CHD-Trinite-portraits-web-16-nb.jpg"},{"@type":"BreadcrumbList","@id":"https:\/\/www.concert-hosteldieu.com\/notre-equipe\/#breadcrumb","itemListElement":[{"@type":"ListItem","position":1,"name":"Accueil","item":"https:\/\/www.concert-hosteldieu.com\/"},{"@type":"ListItem","position":2,"name":"Notre \u00e9quipe"}]},{"@type":"WebSite","@id":"https:\/\/www.concert-hosteldieu.com\/#website","url":"https:\/\/www.concert-hosteldieu.com\/","name":"Le Concert de l&#039;Hostel Dieu","description":"Franck-Emmanuel Comte","publisher":{"@id":"https:\/\/www.concert-hosteldieu.com\/#organization"},"potentialAction":[{"@type":"SearchAction","target":{"@type":"EntryPoint","urlTemplate":"https:\/\/www.concert-hosteldieu.com\/?s={search_term_string}"},"query-input":{"@type":"PropertyValueSpecification","valueRequired":true,"valueName":"search_term_string"}}],"inLanguage":"en-GB"},{"@type":"Organization","@id":"https:\/\/www.concert-hosteldieu.com\/#organization","name":"Le Concert de l'Hostel Dieu","url":"https:\/\/www.concert-hosteldieu.com\/","logo":{"@type":"ImageObject","inLanguage":"en-GB","@id":"https:\/\/www.concert-hosteldieu.com\/#\/schema\/logo\/image\/","url":"https:\/\/www.concert-hosteldieu.com\/wp-content\/uploads\/2021\/06\/logo-chd-noir-transparent.png","contentUrl":"https:\/\/www.concert-hosteldieu.com\/wp-content\/uploads\/2021\/06\/logo-chd-noir-transparent.png","width":262,"height":106,"caption":"Le Concert de l'Hostel Dieu"},"image":{"@id":"https:\/\/www.concert-hosteldieu.com\/#\/schema\/logo\/image\/"},"sameAs":["https:\/\/www.facebook.com\/leconcert.delhosteldieu","https:\/\/x.com\/CHDLyon","https:\/\/instagram.com\/concert_hostel_dieu","https:\/\/www.linkedin.com\/company\/le-concert-de-l'hostel-dieu\/","https:\/\/www.youtube.com\/user\/CHDLyon"]}]}},"_links":{"self":[{"href":"https:\/\/www.concert-hosteldieu.com\/en\/wp-json\/wp\/v2\/pages\/12009","targetHints":{"allow":["GET"]}}],"collection":[{"href":"https:\/\/www.concert-hosteldieu.com\/en\/wp-json\/wp\/v2\/pages"}],"about":[{"href":"https:\/\/www.concert-hosteldieu.com\/en\/wp-json\/wp\/v2\/types\/page"}],"author":[{"embeddable":true,"href":"https:\/\/www.concert-hosteldieu.com\/en\/wp-json\/wp\/v2\/users\/2776"}],"replies":[{"embeddable":true,"href":"https:\/\/www.concert-hosteldieu.com\/en\/wp-json\/wp\/v2\/comments?post=12009"}],"version-history":[{"count":5,"href":"https:\/\/www.concert-hosteldieu.com\/en\/wp-json\/wp\/v2\/pages\/12009\/revisions"}],"predecessor-version":[{"id":24056,"href":"https:\/\/www.concert-hosteldieu.com\/en\/wp-json\/wp\/v2\/pages\/12009\/revisions\/24056"}],"wp:attachment":[{"href":"https:\/\/www.concert-hosteldieu.com\/en\/wp-json\/wp\/v2\/media?parent=12009"}],"wp:term":[{"taxonomy":"category","embeddable":true,"href":"https:\/\/www.concert-hosteldieu.com\/en\/wp-json\/wp\/v2\/categories?post=12009"},{"taxonomy":"post_tag","embeddable":true,"href":"https:\/\/www.concert-hosteldieu.com\/en\/wp-json\/wp\/v2\/tags?post=12009"}],"curies":[{"name":"wp","href":"https:\/\/api.w.org\/{rel}","templated":true}]}}