{"id":11865,"date":"2021-05-28T10:39:08","date_gmt":"2021-05-28T09:39:08","guid":{"rendered":"https:\/\/dev.concert-hosteldieu.com\/?page_id=11865"},"modified":"2023-09-11T15:34:47","modified_gmt":"2023-09-11T14:34:47","slug":"mise-a-disposition-instruments-materiel","status":"publish","type":"page","link":"https:\/\/www.concert-hosteldieu.com\/en\/mise-a-disposition-instruments-materiel\/","title":{"rendered":"Mise \u00e0 disposition d&rsquo;instruments et de mat\u00e9riel"},"content":{"rendered":"<h2>\n\t\t\t\tMise \u00e0 disposition<br \/>d&rsquo;instruments\n\t\t\t<\/h2>\n\t<h3>\n\t\t\t\tClavecin clavier simple<br \/>de type fran\u00e7ais\n\t\t\t<\/h3>\n\t<p>Facteur : D. Laperle<\/p>\nTransposable 392, 415, 440 Hz<br \/>\nTessiture AA\/e<br \/>\nClavier simple<br \/>\nRegistre 2 jeux de 8&prime;<br \/>\nCaisse d\u00e9cor\u00e9e, pi\u00e8tement type tr\u00e9teaux, d\u00e9montable\n<p>Pour toute demande de devis contactez <a href=\"mailto:production@concert-hosteldieu.com\">production@concert-hosteldieu.com<\/a><\/p>\n<p>A votre charge l&rsquo;accord de l&rsquo;instrument et son transport du Lyc\u00e9e St Marc (Lyon), assurance.<\/p>\n\t\t\t<a href=\"https:\/\/www.concert-hosteldieu.com\/wp-content\/uploads\/2022\/11\/Clavecin-Fiche.pdf\" target=\"_blank\" rel=\"noopener\" role=\"button\" aria-label=\"Fiche technique\">\n\t\t\t\t\t\t\t\t\t\t\tFiche technique\n\t\t<\/a>\n\t\t\t<a href=\"#reserver\" target=\"_self\" role=\"button\" aria-label=\"Book online\" rel=\"noopener\">\n\t\t\t\t\t\t\tBook online\n\t\t<\/a>\n\t\t\t\t<a href=\"https:\/\/www.concert-hosteldieu.com\/wp-content\/uploads\/2015\/03\/timbales-baroques-concert-de-lhostel-dieu.jpg\" target=\"_self\" itemprop=\"url\" rel=\"noopener\">\n\t\t\t\t<img loading=\"lazy\" decoding=\"async\" src=\"https:\/\/www.concert-hosteldieu.com\/wp-content\/uploads\/2015\/03\/timbales-baroques-concert-de-lhostel-dieu.jpg\" alt=\"concert-hostel-dieu-timables-baroques\" itemprop=\"image\" height=\"396\" width=\"600\" title=\"concert-hostel-dieu-timables-baroques\" onerror=\"this.style.display='none'\"  \/>\n\t\t\t\t<\/a>\n\t<h3>\n\t\t\t\tTimbales baroques Adams\n\t\t\t<\/h3>\n\tF\u00fbt cuivre martel\u00e9, peau animale Super Kalfo<br \/>\nTIMBALES ADAMS BAROQUE 26\u2033 &#8211; tessiture (Sol)-La \u00e0 Fa<br \/>\nTIMBALE ADAMS BAROQUE 23\u2033 &#8211; tessiture (Do)-R\u00e9 \u00e0 La\n<p>Deux stands croisillon, deux coffres de protection dont un \u00e0 roulettes, deux plaques de protection<\/p>\n<p>Pour toute demande de devis contactez <a href=\"mailto:production@concert-hosteldieu\">production@concert-hosteldieu.com<\/a><\/p>\n<p>A votre charge le transport du mat\u00e9riel et s depuis le Lyc\u00e9e St Marc (Lyon), assurance.<\/p>\n\t\t\t<a href=\"https:\/\/www.concert-hosteldieu.com\/wp-content\/uploads\/2022\/11\/Timbales-Fiche.pdf\" target=\"_blank\" rel=\"noopener\" role=\"button\" aria-label=\"Fiche technique\">\n\t\t\t\t\t\t\t\t\t\t\tFiche technique\n\t\t<\/a>\n\t\t\t<a href=\"#reserver\" target=\"_self\" role=\"button\" aria-label=\"Book online\" rel=\"noopener\">\n\t\t\t\t\t\t\tBook online\n\t\t<\/a>\n\t<h3>\n\t\t\t\tContact\n\t\t\t<\/h3>\n\t<p><strong>Olivia Salique<\/strong> &#8211; Administratrice de production<\/p>\n\t\t\t<a href=\"mailto:production@concert-hosteldieu.com\" target=\"_blank\" rel=\"noopener\" role=\"button\" aria-label=\"production@concert-hosteldieu.com\">\n\t\t\t\t\t\t\tproduction@concert-hosteldieu.com\n\t\t<\/a>\n\t\t\t<a href=\"tel:0478428403\" target=\"_self\" role=\"button\" aria-label=\"04 78 42 84 03\" rel=\"noopener\">\n\t\t\t\t\t\t\t04 78 42 84 03\n\t\t<\/a>\n\t<h3>\n\t\t\t\tHOW TO BOOK\n\t\t\t<\/h3>\n\t\n<div class=\"wpcf7 no-js\" id=\"wpcf7-f134-o1\" lang=\"fr-FR\" dir=\"ltr\" data-wpcf7-id=\"134\">\n<div class=\"screen-reader-response\"><p role=\"status\" aria-live=\"polite\" aria-atomic=\"true\"><\/p> <ul><\/ul><\/div>\n<form action=\"\/en\/wp-json\/wp\/v2\/pages\/11865#wpcf7-f134-o1\" method=\"post\" class=\"wpcf7-form init\" aria-label=\"Formulaire de contact\" novalidate=\"novalidate\" data-status=\"init\" data-trp-original-action=\"\/en\/wp-json\/wp\/v2\/pages\/11865#wpcf7-f134-o1\">\n<fieldset class=\"hidden-fields-container\"><input type=\"hidden\" name=\"_wpcf7\" value=\"134\" \/><input type=\"hidden\" name=\"_wpcf7_version\" value=\"6.1.5\" \/><input type=\"hidden\" name=\"_wpcf7_locale\" value=\"fr_FR\" \/><input type=\"hidden\" name=\"_wpcf7_unit_tag\" value=\"wpcf7-f134-o1\" \/><input type=\"hidden\" name=\"_wpcf7_container_post\" value=\"0\" \/><input type=\"hidden\" name=\"_wpcf7_posted_data_hash\" value=\"\" \/><input type=\"hidden\" name=\"_wpcf7_recaptcha_response\" value=\"\" \/>\n<\/fieldset>\n<p><span class=\"wpcf7-form-control-wrap\" data-name=\"your-name\"><input size=\"40\" maxlength=\"400\" class=\"wpcf7-form-control wpcf7-text wpcf7-validates-as-required\" aria-required=\"true\" aria-invalid=\"false\" placeholder=\"Name\" value=\"\" type=\"text\" name=\"your-name\" \/><\/span>\n<\/p>\n<p><span class=\"wpcf7-form-control-wrap\" data-name=\"your-email\"><input size=\"40\" maxlength=\"400\" class=\"wpcf7-form-control wpcf7-email wpcf7-validates-as-required wpcf7-text wpcf7-validates-as-email\" aria-required=\"true\" aria-invalid=\"false\" placeholder=\"email\" value=\"\" type=\"email\" name=\"your-email\" \/><\/span>\n<\/p>\n<p><span class=\"wpcf7-form-control-wrap\" data-name=\"your-subject\"><input size=\"40\" maxlength=\"400\" class=\"wpcf7-form-control wpcf7-text\" aria-invalid=\"false\" placeholder=\"Subject\" value=\"\" type=\"text\" name=\"your-subject\" \/><\/span>\n<\/p>\n<p><span class=\"wpcf7-form-control-wrap\" data-name=\"your-message\"><textarea cols=\"40\" rows=\"10\" maxlength=\"2000\" class=\"wpcf7-form-control wpcf7-textarea\" aria-invalid=\"false\" placeholder=\"message\" name=\"your-message\"><\/textarea><\/span>\n<\/p>\n\n<p><input class=\"wpcf7-form-control wpcf7-submit has-spinner\" type=\"submit\" value=\"Send\" \/>\n<\/p><p style=\"display: none !important;\" class=\"akismet-fields-container\" data-prefix=\"_wpcf7_ak_\"><label>&#916;<textarea name=\"_wpcf7_ak_hp_textarea\" cols=\"45\" rows=\"8\" maxlength=\"100\"><\/textarea><\/label><input type=\"hidden\" id=\"ak_js_1\" name=\"_wpcf7_ak_js\" value=\"84\"\/><script>\ndocument.getElementById( \"ak_js_1\" ).setAttribute( \"value\", ( new Date() ).getTime() );\n<\/script>\n<\/p><div class=\"wpcf7-response-output\" aria-hidden=\"true\"><\/div>\n<input type=\"hidden\" name=\"trp-form-language\" value=\"en\"\/><\/form>\n<\/div>","protected":false},"excerpt":{"rendered":"<p>Mise \u00e0 dispositiond&rsquo;instruments Clavecin clavier simplede type fran\u00e7ais Facteur : D. Laperle Transposable 392, 415, 440 Hz Tessiture AA\/e Clavier simple Registre 2 jeux de 8&prime; Caisse d\u00e9cor\u00e9e, pi\u00e8tement type tr\u00e9teaux, d\u00e9montable Pour toute demande de devis contactez production@concert-hosteldieu.com A [&hellip;]<\/p>\n","protected":false},"author":2776,"featured_media":1217,"parent":0,"menu_order":0,"comment_status":"closed","ping_status":"closed","template":"","meta":{"site-sidebar-layout":"no-sidebar","site-content-layout":"page-builder","ast-site-content-layout":"default","site-content-style":"default","site-sidebar-style":"default","ast-global-header-display":"","ast-banner-title-visibility":"","ast-main-header-display":"","ast-hfb-above-header-display":"","ast-hfb-below-header-display":"","ast-hfb-mobile-header-display":"","site-post-title":"disabled","ast-breadcrumbs-content":"","ast-featured-img":"disabled","footer-sml-layout":"","ast-disable-related-posts":"","theme-transparent-header-meta":"enabled","adv-header-id-meta":"","stick-header-meta":"default","header-above-stick-meta":"","header-main-stick-meta":"","header-below-stick-meta":"","astra-migrate-meta-layouts":"default","ast-page-background-enabled":"default","ast-page-background-meta":{"desktop":{"background-color":"","background-image":"","background-repeat":"repeat","background-position":"center center","background-size":"auto","background-attachment":"scroll","background-type":"","background-media":"","overlay-type":"","overlay-color":"","overlay-opacity":"","overlay-gradient":""},"tablet":{"background-color":"","background-image":"","background-repeat":"repeat","background-position":"center center","background-size":"auto","background-attachment":"scroll","background-type":"","background-media":"","overlay-type":"","overlay-color":"","overlay-opacity":"","overlay-gradient":""},"mobile":{"background-color":"","background-image":"","background-repeat":"repeat","background-position":"center center","background-size":"auto","background-attachment":"scroll","background-type":"","background-media":"","overlay-type":"","overlay-color":"","overlay-opacity":"","overlay-gradient":""}},"ast-content-background-meta":{"desktop":{"background-color":"var(--ast-global-color-5)","background-image":"","background-repeat":"repeat","background-position":"center center","background-size":"auto","background-attachment":"scroll","background-type":"","background-media":"","overlay-type":"","overlay-color":"","overlay-opacity":"","overlay-gradient":""},"tablet":{"background-color":"var(--ast-global-color-5)","background-image":"","background-repeat":"repeat","background-position":"center center","background-size":"auto","background-attachment":"scroll","background-type":"","background-media":"","overlay-type":"","overlay-color":"","overlay-opacity":"","overlay-gradient":""},"mobile":{"background-color":"var(--ast-global-color-5)","background-image":"","background-repeat":"repeat","background-position":"center center","background-size":"auto","background-attachment":"scroll","background-type":"","background-media":"","overlay-type":"","overlay-color":"","overlay-opacity":"","overlay-gradient":""}},"footnotes":""},"class_list":["post-11865","page","type-page","status-publish","has-post-thumbnail","hentry"],"yoast_head":"<!-- This site is optimized with the Yoast SEO plugin v27.4 - https:\/\/yoast.com\/product\/yoast-seo-wordpress\/ -->\n<title>Mise \u00e0 disposition d&#039;instruments et de mat\u00e9riel - Le Concert de l&#039;Hostel Dieu<\/title>\n<meta name=\"robots\" content=\"index, follow, max-snippet:-1, max-image-preview:large, max-video-preview:-1\" \/>\n<link rel=\"canonical\" href=\"https:\/\/www.concert-hosteldieu.com\/en\/mise-a-disposition-instruments-materiel\/\" \/>\n<meta property=\"og:locale\" content=\"en_GB\" \/>\n<meta property=\"og:type\" content=\"article\" \/>\n<meta property=\"og:title\" content=\"Mise \u00e0 disposition d&#039;instruments et de mat\u00e9riel - Le Concert de l&#039;Hostel Dieu\" \/>\n<meta property=\"og:description\" content=\"Mise \u00e0 dispositiond&rsquo;instruments Clavecin clavier simplede type fran\u00e7ais Facteur : D. Laperle Transposable 392, 415, 440 Hz Tessiture AA\/e Clavier simple Registre 2 jeux de 8&prime; Caisse d\u00e9cor\u00e9e, pi\u00e8tement type tr\u00e9teaux, d\u00e9montable Pour toute demande de devis contactez production@concert-hosteldieu.com A [&hellip;]\" \/>\n<meta property=\"og:url\" content=\"https:\/\/www.concert-hosteldieu.com\/en\/mise-a-disposition-instruments-materiel\/\" \/>\n<meta property=\"og:site_name\" content=\"Le Concert de l&#039;Hostel Dieu\" \/>\n<meta property=\"article:publisher\" content=\"https:\/\/www.facebook.com\/leconcert.delhosteldieu\" \/>\n<meta property=\"article:modified_time\" content=\"2023-09-11T14:34:47+00:00\" \/>\n<meta property=\"og:image\" content=\"https:\/\/www.concert-hosteldieu.com\/wp-content\/uploads\/2015\/03\/3.jpg\" \/>\n\t<meta property=\"og:image:width\" content=\"640\" \/>\n\t<meta property=\"og:image:height\" content=\"480\" \/>\n\t<meta property=\"og:image:type\" content=\"image\/jpeg\" \/>\n<meta name=\"twitter:label1\" content=\"Estimated reading time\" \/>\n\t<meta name=\"twitter:data1\" content=\"1 minute\" \/>\n<script type=\"application\/ld+json\" class=\"yoast-schema-graph\">{\"@context\":\"https:\\\/\\\/schema.org\",\"@graph\":[{\"@type\":\"WebPage\",\"@id\":\"https:\\\/\\\/www.concert-hosteldieu.com\\\/mise-a-disposition-instruments-materiel\\\/\",\"url\":\"https:\\\/\\\/www.concert-hosteldieu.com\\\/mise-a-disposition-instruments-materiel\\\/\",\"name\":\"Mise \u00e0 disposition d'instruments et de mat\u00e9riel - Le Concert de l&#039;Hostel Dieu\",\"isPartOf\":{\"@id\":\"https:\\\/\\\/www.concert-hosteldieu.com\\\/#website\"},\"primaryImageOfPage\":{\"@id\":\"https:\\\/\\\/www.concert-hosteldieu.com\\\/mise-a-disposition-instruments-materiel\\\/#primaryimage\"},\"image\":{\"@id\":\"https:\\\/\\\/www.concert-hosteldieu.com\\\/mise-a-disposition-instruments-materiel\\\/#primaryimage\"},\"thumbnailUrl\":\"https:\\\/\\\/www.concert-hosteldieu.com\\\/wp-content\\\/uploads\\\/2015\\\/03\\\/3.jpg\",\"datePublished\":\"2021-05-28T09:39:08+00:00\",\"dateModified\":\"2023-09-11T14:34:47+00:00\",\"breadcrumb\":{\"@id\":\"https:\\\/\\\/www.concert-hosteldieu.com\\\/mise-a-disposition-instruments-materiel\\\/#breadcrumb\"},\"inLanguage\":\"en-GB\",\"potentialAction\":[{\"@type\":\"ReadAction\",\"target\":[\"https:\\\/\\\/www.concert-hosteldieu.com\\\/mise-a-disposition-instruments-materiel\\\/\"]}]},{\"@type\":\"ImageObject\",\"inLanguage\":\"en-GB\",\"@id\":\"https:\\\/\\\/www.concert-hosteldieu.com\\\/mise-a-disposition-instruments-materiel\\\/#primaryimage\",\"url\":\"https:\\\/\\\/www.concert-hosteldieu.com\\\/wp-content\\\/uploads\\\/2015\\\/03\\\/3.jpg\",\"contentUrl\":\"https:\\\/\\\/www.concert-hosteldieu.com\\\/wp-content\\\/uploads\\\/2015\\\/03\\\/3.jpg\",\"width\":640,\"height\":480,\"caption\":\"concert-hostel-dieu-clavecin\"},{\"@type\":\"BreadcrumbList\",\"@id\":\"https:\\\/\\\/www.concert-hosteldieu.com\\\/mise-a-disposition-instruments-materiel\\\/#breadcrumb\",\"itemListElement\":[{\"@type\":\"ListItem\",\"position\":1,\"name\":\"Accueil\",\"item\":\"https:\\\/\\\/www.concert-hosteldieu.com\\\/\"},{\"@type\":\"ListItem\",\"position\":2,\"name\":\"Mise \u00e0 disposition d&rsquo;instruments et de mat\u00e9riel\"}]},{\"@type\":\"WebSite\",\"@id\":\"https:\\\/\\\/www.concert-hosteldieu.com\\\/#website\",\"url\":\"https:\\\/\\\/www.concert-hosteldieu.com\\\/\",\"name\":\"Le Concert de l&#039;Hostel Dieu\",\"description\":\"Franck-Emmanuel Comte\",\"publisher\":{\"@id\":\"https:\\\/\\\/www.concert-hosteldieu.com\\\/#organization\"},\"potentialAction\":[{\"@type\":\"SearchAction\",\"target\":{\"@type\":\"EntryPoint\",\"urlTemplate\":\"https:\\\/\\\/www.concert-hosteldieu.com\\\/?s={search_term_string}\"},\"query-input\":{\"@type\":\"PropertyValueSpecification\",\"valueRequired\":true,\"valueName\":\"search_term_string\"}}],\"inLanguage\":\"en-GB\"},{\"@type\":\"Organization\",\"@id\":\"https:\\\/\\\/www.concert-hosteldieu.com\\\/#organization\",\"name\":\"Le Concert de l'Hostel Dieu\",\"url\":\"https:\\\/\\\/www.concert-hosteldieu.com\\\/\",\"logo\":{\"@type\":\"ImageObject\",\"inLanguage\":\"en-GB\",\"@id\":\"https:\\\/\\\/www.concert-hosteldieu.com\\\/#\\\/schema\\\/logo\\\/image\\\/\",\"url\":\"https:\\\/\\\/www.concert-hosteldieu.com\\\/wp-content\\\/uploads\\\/2021\\\/06\\\/logo-chd-noir-transparent.png\",\"contentUrl\":\"https:\\\/\\\/www.concert-hosteldieu.com\\\/wp-content\\\/uploads\\\/2021\\\/06\\\/logo-chd-noir-transparent.png\",\"width\":262,\"height\":106,\"caption\":\"Le Concert de l'Hostel Dieu\"},\"image\":{\"@id\":\"https:\\\/\\\/www.concert-hosteldieu.com\\\/#\\\/schema\\\/logo\\\/image\\\/\"},\"sameAs\":[\"https:\\\/\\\/www.facebook.com\\\/leconcert.delhosteldieu\",\"https:\\\/\\\/x.com\\\/CHDLyon\",\"https:\\\/\\\/instagram.com\\\/concert_hostel_dieu\",\"https:\\\/\\\/www.linkedin.com\\\/company\\\/le-concert-de-l'hostel-dieu\\\/\",\"https:\\\/\\\/www.youtube.com\\\/user\\\/CHDLyon\"]}]}<\/script>\n<!-- \/ Yoast SEO plugin. -->","yoast_head_json":{"title":"Mise \u00e0 disposition d'instruments et de mat\u00e9riel - Le Concert de l&#039;Hostel Dieu","robots":{"index":"index","follow":"follow","max-snippet":"max-snippet:-1","max-image-preview":"max-image-preview:large","max-video-preview":"max-video-preview:-1"},"canonical":"https:\/\/www.concert-hosteldieu.com\/en\/mise-a-disposition-instruments-materiel\/","og_locale":"en_GB","og_type":"article","og_title":"Mise \u00e0 disposition d'instruments et de mat\u00e9riel - Le Concert de l&#039;Hostel Dieu","og_description":"Mise \u00e0 dispositiond&rsquo;instruments Clavecin clavier simplede type fran\u00e7ais Facteur : D. Laperle Transposable 392, 415, 440 Hz Tessiture AA\/e Clavier simple Registre 2 jeux de 8&prime; Caisse d\u00e9cor\u00e9e, pi\u00e8tement type tr\u00e9teaux, d\u00e9montable Pour toute demande de devis contactez production@concert-hosteldieu.com A [&hellip;]","og_url":"https:\/\/www.concert-hosteldieu.com\/en\/mise-a-disposition-instruments-materiel\/","og_site_name":"Le Concert de l&#039;Hostel Dieu","article_publisher":"https:\/\/www.facebook.com\/leconcert.delhosteldieu","article_modified_time":"2023-09-11T14:34:47+00:00","og_image":[{"width":640,"height":480,"url":"https:\/\/www.concert-hosteldieu.com\/wp-content\/uploads\/2015\/03\/3.jpg","type":"image\/jpeg"}],"twitter_misc":{"Estimated reading time":"1 minute"},"schema":{"@context":"https:\/\/schema.org","@graph":[{"@type":"WebPage","@id":"https:\/\/www.concert-hosteldieu.com\/mise-a-disposition-instruments-materiel\/","url":"https:\/\/www.concert-hosteldieu.com\/mise-a-disposition-instruments-materiel\/","name":"Mise \u00e0 disposition d'instruments et de mat\u00e9riel - Le Concert de l&#039;Hostel Dieu","isPartOf":{"@id":"https:\/\/www.concert-hosteldieu.com\/#website"},"primaryImageOfPage":{"@id":"https:\/\/www.concert-hosteldieu.com\/mise-a-disposition-instruments-materiel\/#primaryimage"},"image":{"@id":"https:\/\/www.concert-hosteldieu.com\/mise-a-disposition-instruments-materiel\/#primaryimage"},"thumbnailUrl":"https:\/\/www.concert-hosteldieu.com\/wp-content\/uploads\/2015\/03\/3.jpg","datePublished":"2021-05-28T09:39:08+00:00","dateModified":"2023-09-11T14:34:47+00:00","breadcrumb":{"@id":"https:\/\/www.concert-hosteldieu.com\/mise-a-disposition-instruments-materiel\/#breadcrumb"},"inLanguage":"en-GB","potentialAction":[{"@type":"ReadAction","target":["https:\/\/www.concert-hosteldieu.com\/mise-a-disposition-instruments-materiel\/"]}]},{"@type":"ImageObject","inLanguage":"en-GB","@id":"https:\/\/www.concert-hosteldieu.com\/mise-a-disposition-instruments-materiel\/#primaryimage","url":"https:\/\/www.concert-hosteldieu.com\/wp-content\/uploads\/2015\/03\/3.jpg","contentUrl":"https:\/\/www.concert-hosteldieu.com\/wp-content\/uploads\/2015\/03\/3.jpg","width":640,"height":480,"caption":"concert-hostel-dieu-clavecin"},{"@type":"BreadcrumbList","@id":"https:\/\/www.concert-hosteldieu.com\/mise-a-disposition-instruments-materiel\/#breadcrumb","itemListElement":[{"@type":"ListItem","position":1,"name":"Accueil","item":"https:\/\/www.concert-hosteldieu.com\/"},{"@type":"ListItem","position":2,"name":"Mise \u00e0 disposition d&rsquo;instruments et de mat\u00e9riel"}]},{"@type":"WebSite","@id":"https:\/\/www.concert-hosteldieu.com\/#website","url":"https:\/\/www.concert-hosteldieu.com\/","name":"Le Concert de l&#039;Hostel Dieu","description":"Franck-Emmanuel Comte","publisher":{"@id":"https:\/\/www.concert-hosteldieu.com\/#organization"},"potentialAction":[{"@type":"SearchAction","target":{"@type":"EntryPoint","urlTemplate":"https:\/\/www.concert-hosteldieu.com\/?s={search_term_string}"},"query-input":{"@type":"PropertyValueSpecification","valueRequired":true,"valueName":"search_term_string"}}],"inLanguage":"en-GB"},{"@type":"Organization","@id":"https:\/\/www.concert-hosteldieu.com\/#organization","name":"Le Concert de l'Hostel Dieu","url":"https:\/\/www.concert-hosteldieu.com\/","logo":{"@type":"ImageObject","inLanguage":"en-GB","@id":"https:\/\/www.concert-hosteldieu.com\/#\/schema\/logo\/image\/","url":"https:\/\/www.concert-hosteldieu.com\/wp-content\/uploads\/2021\/06\/logo-chd-noir-transparent.png","contentUrl":"https:\/\/www.concert-hosteldieu.com\/wp-content\/uploads\/2021\/06\/logo-chd-noir-transparent.png","width":262,"height":106,"caption":"Le Concert de l'Hostel Dieu"},"image":{"@id":"https:\/\/www.concert-hosteldieu.com\/#\/schema\/logo\/image\/"},"sameAs":["https:\/\/www.facebook.com\/leconcert.delhosteldieu","https:\/\/x.com\/CHDLyon","https:\/\/instagram.com\/concert_hostel_dieu","https:\/\/www.linkedin.com\/company\/le-concert-de-l'hostel-dieu\/","https:\/\/www.youtube.com\/user\/CHDLyon"]}]}},"_links":{"self":[{"href":"https:\/\/www.concert-hosteldieu.com\/en\/wp-json\/wp\/v2\/pages\/11865","targetHints":{"allow":["GET"]}}],"collection":[{"href":"https:\/\/www.concert-hosteldieu.com\/en\/wp-json\/wp\/v2\/pages"}],"about":[{"href":"https:\/\/www.concert-hosteldieu.com\/en\/wp-json\/wp\/v2\/types\/page"}],"author":[{"embeddable":true,"href":"https:\/\/www.concert-hosteldieu.com\/en\/wp-json\/wp\/v2\/users\/2776"}],"replies":[{"embeddable":true,"href":"https:\/\/www.concert-hosteldieu.com\/en\/wp-json\/wp\/v2\/comments?post=11865"}],"version-history":[{"count":3,"href":"https:\/\/www.concert-hosteldieu.com\/en\/wp-json\/wp\/v2\/pages\/11865\/revisions"}],"predecessor-version":[{"id":21113,"href":"https:\/\/www.concert-hosteldieu.com\/en\/wp-json\/wp\/v2\/pages\/11865\/revisions\/21113"}],"wp:featuredmedia":[{"embeddable":true,"href":"https:\/\/www.concert-hosteldieu.com\/en\/wp-json\/wp\/v2\/media\/1217"}],"wp:attachment":[{"href":"https:\/\/www.concert-hosteldieu.com\/en\/wp-json\/wp\/v2\/media?parent=11865"}],"curies":[{"name":"wp","href":"https:\/\/api.w.org\/{rel}","templated":true}]}}