{"id":11632,"date":"2021-05-25T23:16:26","date_gmt":"2021-05-25T22:16:26","guid":{"rendered":"https:\/\/dev.concert-hosteldieu.com\/?page_id=11632"},"modified":"2025-07-15T15:24:22","modified_gmt":"2025-07-15T14:24:22","slug":"soutenez-nous","status":"publish","type":"page","link":"https:\/\/www.concert-hosteldieu.com\/en\/soutenez-nous\/","title":{"rendered":"Support us"},"content":{"rendered":"<h1>\n\t\t\t\t<a href=\"#don\" title=\"Support us!\" target=\"_self\"  aria-label=\"Aller \u00e0 #don\">\n\t\t\t\tSupport us!\n\t\t\t\t<\/a>\n\t\t\t<\/h1>\n<p>Le Concert de l&rsquo;Hostel Dieu est une association Loi 1901. \u00c0 ce titre, elle est compos\u00e9e d&rsquo;une \u00e9quipe de salari\u00e9\u00b7es, d&rsquo;adh\u00e9rent\u00b7es et de b\u00e9n\u00e9voles qui accompagnent et soutiennent ses actions. Pour manifester votre soutien \u00e0 notre ensemble, que vous soyez un particulier ou une entreprise, vous pouvez faire un don en num\u00e9raire. Ce don sera soumis au r\u00e9gime l\u00e9gal de la d\u00e9fiscalisation \u00e0 hauteur de 66% du montant du don pour les particuliers et 60% pour les entreprises.<\/p>\n\t<h3>\n\t\t\t\tIndividual sponsorship\n\t\t\t<\/h3>\n\t<p>Par ces projets de restitution et de cr\u00e9ation, Le Concert de l&rsquo;Hostel Dieu honore un engagement, celui de transmettre une culture de l&rsquo;excellence \u00e0 un public non initi\u00e9, et le faire vibrer.<\/p>\n<p>Rejoignez les m\u00e9c\u00e8nes du Concert de l&rsquo;Hostel Dieu et accompagnez la mise en place de projets artistiques d&rsquo;exception.<\/p>\n<p>Devenez acteur de la vie musicale de l&rsquo;ensemble : d\u00e9couverte des coulisses des concerts, moments privil\u00e9gi\u00e9s avec les artistes&#8230;<\/p>\n<p>B\u00e9n\u00e9ficiez d&rsquo;avantages, les donateurs b\u00e9n\u00e9ficient de contreparties originales en fonction de leur don.<\/p>\n\t\t\t<a href=\"https:\/\/www.concert-hosteldieu.com\/en\/mecenat-particulier\/\" title=\"Cliquez ici\" target=\"_self\"   role=\"button\" aria-label=\"Learn more\">\n\t\t\t\t\t\t\tLearn more\n\t\t<\/a>\n\t<h3>\n\t\t\t\tM\u00e9c\u00e9nat d&rsquo;entreprise\n\t\t\t<\/h3>\n\t<p>Le m\u00e9c\u00e9nat est un dispositif permettant \u00e0 une entreprise de verser un don \u00e0 un organisme, sous forme d&rsquo;aide financi\u00e8re ou mat\u00e9rielle, pour soutenir une \u0153uvre d&rsquo;int\u00e9r\u00eat g\u00e9n\u00e9ral. En contrepartie, elle peut b\u00e9n\u00e9ficier d&rsquo;une r\u00e9duction fiscale de 60% du montant du don, dans la limite de 0,5% du chiffre d&rsquo;affaires (article 238 bis du Code g\u00e9n\u00e9ral des imp\u00f4ts).<\/p>\nThis donation can be made in cash, in kind or in skills.<br \/>\nLe Concert de l&rsquo;Hostel Dieu a \u00e0 c\u0153ur de construire des relations de partenariats avec ses m\u00e9c\u00e8nes, au-del\u00e0 de la donation classique et d&rsquo;imaginer avec eux des prestations, des interventions et des contreparties en lien avec ses cr\u00e9ations et en prise avec les besoins de l&rsquo;entreprise.\n\t\t\t<a href=\"https:\/\/www.concert-hosteldieu.com\/en\/mecenat-entreprise\/\" title=\"Cliquez ici\" target=\"_self\"   role=\"button\" aria-label=\"Learn more\">\n\t\t\t\t\t\t\tLearn more\n\t\t<\/a>\n\t<iframe id=\"haWidget\" allowtransparency=\"true\" scrolling=\"auto\" src=\"https:\/\/www.helloasso.com\/associations\/le-concert-de-l-hostel-dieu\/formulaires\/1\/widget\" onload=\"window.scroll(0, this.offsetTop)\"><\/iframe>\n\t<h3>\n\t\t\t\tThey've supported us for the last 2 years!\n\t\t\t<\/h3>\n\t<h4>COMPANIES:<\/h4>\n\t<h4>INDIVIDUALS:<\/h4>\n<p>Fran\u00e7oise Arcadio, Odette Balandraud, Alice Berthier, Martine Billard, Alain Blanchard, Anne Bolliet, Claude &amp; Jacques Bourne, Michel Bouyer, Josiane &amp; Jacques Brule, Marie-Dominique Buffiere, Jean-Fran\u00e7ois et Marie-No\u00eblle Cleret, Arlette Couzon, Anne de Vivies, Jean-Claude &amp; Emmanuelle Debanne, Claudie Demain, Fran\u00e7oise Derre, Yves &amp; Blandine Emery, Marie Laure Fiquet, Josette Fontaine, B\u00e9atrice Fraizy, Jean-Claude &amp; Bernadette Gas, Christian &amp; Josette Gayet, Claude Gharib, Esther Giraud, Claire Guintini, Jean-Luc Gutzwiller, Jacques Joatton, Jean-No\u00ebl &amp; Marie-Claude Joatton, Michelle Joatton, Gilbert Karagueuzian, Jean-Jacques &amp; Evelyne Lacoste, Robert &amp; Michele Lavaux, Fran\u00e7ois &amp; Catherine Legrand, Guillaume Malquarti, Jean-Baptiste &amp; Denise Mayet, Jean-Pierre Mollon, Muriel Ninel, Patricia Ninel, B\u00e9n\u00e9dicte Perrin-Boutiers &amp; Olivier Leynaud, Christel Peyrot, Philippe &amp; Angeline Pieron, Pierre Pigaglio, Claire Saddy, Fran\u00e7ois &amp; Helene Salord, Emmanuelle Sarret, Luce Tison, Beno\u00eet Tracol, Val\u00e9rie Vericel, Colette Zederman &amp; u<em>n certain nombre de nos m\u00e9c\u00e8nes qui souhaitent garder l&rsquo;anonymat.<\/em><\/p>","protected":false},"excerpt":{"rendered":"<p>Soutenez-nous ! Le Concert de l&rsquo;Hostel Dieu est une association Loi 1901. \u00c0 ce titre, elle est compos\u00e9e d&rsquo;une \u00e9quipe de salari\u00e9\u00b7es, d&rsquo;adh\u00e9rent\u00b7es et de b\u00e9n\u00e9voles qui accompagnent et soutiennent ses actions. Pour manifester votre soutien \u00e0 notre ensemble, que [&hellip;]<\/p>\n","protected":false},"author":2776,"featured_media":10359,"parent":0,"menu_order":0,"comment_status":"closed","ping_status":"closed","template":"","meta":{"site-sidebar-layout":"no-sidebar","site-content-layout":"page-builder","ast-site-content-layout":"default","site-content-style":"default","site-sidebar-style":"default","ast-global-header-display":"","ast-banner-title-visibility":"","ast-main-header-display":"","ast-hfb-above-header-display":"","ast-hfb-below-header-display":"","ast-hfb-mobile-header-display":"","site-post-title":"disabled","ast-breadcrumbs-content":"","ast-featured-img":"disabled","footer-sml-layout":"","ast-disable-related-posts":"","theme-transparent-header-meta":"enabled","adv-header-id-meta":"","stick-header-meta":"default","header-above-stick-meta":"","header-main-stick-meta":"","header-below-stick-meta":"","astra-migrate-meta-layouts":"default","ast-page-background-enabled":"default","ast-page-background-meta":{"desktop":{"background-color":"","background-image":"","background-repeat":"repeat","background-position":"center center","background-size":"auto","background-attachment":"scroll","background-type":"","background-media":"","overlay-type":"","overlay-color":"","overlay-opacity":"","overlay-gradient":""},"tablet":{"background-color":"","background-image":"","background-repeat":"repeat","background-position":"center center","background-size":"auto","background-attachment":"scroll","background-type":"","background-media":"","overlay-type":"","overlay-color":"","overlay-opacity":"","overlay-gradient":""},"mobile":{"background-color":"","background-image":"","background-repeat":"repeat","background-position":"center center","background-size":"auto","background-attachment":"scroll","background-type":"","background-media":"","overlay-type":"","overlay-color":"","overlay-opacity":"","overlay-gradient":""}},"ast-content-background-meta":{"desktop":{"background-color":"var(--ast-global-color-5)","background-image":"","background-repeat":"repeat","background-position":"center center","background-size":"auto","background-attachment":"scroll","background-type":"","background-media":"","overlay-type":"","overlay-color":"","overlay-opacity":"","overlay-gradient":""},"tablet":{"background-color":"var(--ast-global-color-5)","background-image":"","background-repeat":"repeat","background-position":"center center","background-size":"auto","background-attachment":"scroll","background-type":"","background-media":"","overlay-type":"","overlay-color":"","overlay-opacity":"","overlay-gradient":""},"mobile":{"background-color":"var(--ast-global-color-5)","background-image":"","background-repeat":"repeat","background-position":"center center","background-size":"auto","background-attachment":"scroll","background-type":"","background-media":"","overlay-type":"","overlay-color":"","overlay-opacity":"","overlay-gradient":""}},"footnotes":""},"categories":[161],"tags":[],"class_list":["post-11632","page","type-page","status-publish","has-post-thumbnail","hentry","category-nous-rejoindre"],"yoast_head":"<!-- This site is optimized with the Yoast SEO plugin v27.4 - https:\/\/yoast.com\/product\/yoast-seo-wordpress\/ -->\n<title>Soutenez-nous - Le Concert de l&#039;Hostel Dieu<\/title>\n<meta name=\"robots\" content=\"index, follow, max-snippet:-1, max-image-preview:large, max-video-preview:-1\" \/>\n<link rel=\"canonical\" href=\"https:\/\/www.concert-hosteldieu.com\/en\/soutenez-nous\/\" \/>\n<meta property=\"og:locale\" content=\"en_GB\" \/>\n<meta property=\"og:type\" content=\"article\" \/>\n<meta property=\"og:title\" content=\"Soutenez-nous - Le Concert de l&#039;Hostel Dieu\" \/>\n<meta property=\"og:description\" content=\"Soutenez-nous ! Le Concert de l&rsquo;Hostel Dieu est une association Loi 1901. \u00c0 ce titre, elle est compos\u00e9e d&rsquo;une \u00e9quipe de salari\u00e9\u00b7es, d&rsquo;adh\u00e9rent\u00b7es et de b\u00e9n\u00e9voles qui accompagnent et soutiennent ses actions. Pour manifester votre soutien \u00e0 notre ensemble, que [&hellip;]\" \/>\n<meta property=\"og:url\" content=\"https:\/\/www.concert-hosteldieu.com\/en\/soutenez-nous\/\" \/>\n<meta property=\"og:site_name\" content=\"Le Concert de l&#039;Hostel Dieu\" \/>\n<meta property=\"article:publisher\" content=\"https:\/\/www.facebook.com\/leconcert.delhosteldieu\" \/>\n<meta property=\"article:modified_time\" content=\"2025-07-15T14:24:22+00:00\" \/>\n<meta property=\"og:image\" content=\"https:\/\/www.concert-hosteldieu.com\/wp-content\/uploads\/2020\/07\/concert-hostel-dieu-scolaire-mozart-julie-cherki-11.jpg\" \/>\n\t<meta property=\"og:image:width\" content=\"2000\" \/>\n\t<meta property=\"og:image:height\" content=\"1125\" \/>\n\t<meta property=\"og:image:type\" content=\"image\/jpeg\" \/>\n<meta name=\"twitter:label1\" content=\"Estimated reading time\" \/>\n\t<meta name=\"twitter:data1\" content=\"2 minutes\" \/>\n<script type=\"application\/ld+json\" class=\"yoast-schema-graph\">{\"@context\":\"https:\\\/\\\/schema.org\",\"@graph\":[{\"@type\":\"WebPage\",\"@id\":\"https:\\\/\\\/www.concert-hosteldieu.com\\\/soutenez-nous\\\/\",\"url\":\"https:\\\/\\\/www.concert-hosteldieu.com\\\/soutenez-nous\\\/\",\"name\":\"Soutenez-nous - Le Concert de l&#039;Hostel Dieu\",\"isPartOf\":{\"@id\":\"https:\\\/\\\/www.concert-hosteldieu.com\\\/#website\"},\"primaryImageOfPage\":{\"@id\":\"https:\\\/\\\/www.concert-hosteldieu.com\\\/soutenez-nous\\\/#primaryimage\"},\"image\":{\"@id\":\"https:\\\/\\\/www.concert-hosteldieu.com\\\/soutenez-nous\\\/#primaryimage\"},\"thumbnailUrl\":\"https:\\\/\\\/www.concert-hosteldieu.com\\\/wp-content\\\/uploads\\\/2020\\\/07\\\/concert-hostel-dieu-scolaire-mozart-julie-cherki-11.jpg\",\"datePublished\":\"2021-05-25T22:16:26+00:00\",\"dateModified\":\"2025-07-15T14:24:22+00:00\",\"breadcrumb\":{\"@id\":\"https:\\\/\\\/www.concert-hosteldieu.com\\\/soutenez-nous\\\/#breadcrumb\"},\"inLanguage\":\"en-GB\",\"potentialAction\":[{\"@type\":\"ReadAction\",\"target\":[\"https:\\\/\\\/www.concert-hosteldieu.com\\\/soutenez-nous\\\/\"]}]},{\"@type\":\"ImageObject\",\"inLanguage\":\"en-GB\",\"@id\":\"https:\\\/\\\/www.concert-hosteldieu.com\\\/soutenez-nous\\\/#primaryimage\",\"url\":\"https:\\\/\\\/www.concert-hosteldieu.com\\\/wp-content\\\/uploads\\\/2020\\\/07\\\/concert-hostel-dieu-scolaire-mozart-julie-cherki-11.jpg\",\"contentUrl\":\"https:\\\/\\\/www.concert-hosteldieu.com\\\/wp-content\\\/uploads\\\/2020\\\/07\\\/concert-hostel-dieu-scolaire-mozart-julie-cherki-11.jpg\",\"width\":2000,\"height\":1125},{\"@type\":\"BreadcrumbList\",\"@id\":\"https:\\\/\\\/www.concert-hosteldieu.com\\\/soutenez-nous\\\/#breadcrumb\",\"itemListElement\":[{\"@type\":\"ListItem\",\"position\":1,\"name\":\"Accueil\",\"item\":\"https:\\\/\\\/www.concert-hosteldieu.com\\\/\"},{\"@type\":\"ListItem\",\"position\":2,\"name\":\"Soutenez-nous\"}]},{\"@type\":\"WebSite\",\"@id\":\"https:\\\/\\\/www.concert-hosteldieu.com\\\/#website\",\"url\":\"https:\\\/\\\/www.concert-hosteldieu.com\\\/\",\"name\":\"Le Concert de l&#039;Hostel Dieu\",\"description\":\"Franck-Emmanuel Comte\",\"publisher\":{\"@id\":\"https:\\\/\\\/www.concert-hosteldieu.com\\\/#organization\"},\"potentialAction\":[{\"@type\":\"SearchAction\",\"target\":{\"@type\":\"EntryPoint\",\"urlTemplate\":\"https:\\\/\\\/www.concert-hosteldieu.com\\\/?s={search_term_string}\"},\"query-input\":{\"@type\":\"PropertyValueSpecification\",\"valueRequired\":true,\"valueName\":\"search_term_string\"}}],\"inLanguage\":\"en-GB\"},{\"@type\":\"Organization\",\"@id\":\"https:\\\/\\\/www.concert-hosteldieu.com\\\/#organization\",\"name\":\"Le Concert de l'Hostel Dieu\",\"url\":\"https:\\\/\\\/www.concert-hosteldieu.com\\\/\",\"logo\":{\"@type\":\"ImageObject\",\"inLanguage\":\"en-GB\",\"@id\":\"https:\\\/\\\/www.concert-hosteldieu.com\\\/#\\\/schema\\\/logo\\\/image\\\/\",\"url\":\"https:\\\/\\\/www.concert-hosteldieu.com\\\/wp-content\\\/uploads\\\/2021\\\/06\\\/logo-chd-noir-transparent.png\",\"contentUrl\":\"https:\\\/\\\/www.concert-hosteldieu.com\\\/wp-content\\\/uploads\\\/2021\\\/06\\\/logo-chd-noir-transparent.png\",\"width\":262,\"height\":106,\"caption\":\"Le Concert de l'Hostel Dieu\"},\"image\":{\"@id\":\"https:\\\/\\\/www.concert-hosteldieu.com\\\/#\\\/schema\\\/logo\\\/image\\\/\"},\"sameAs\":[\"https:\\\/\\\/www.facebook.com\\\/leconcert.delhosteldieu\",\"https:\\\/\\\/x.com\\\/CHDLyon\",\"https:\\\/\\\/instagram.com\\\/concert_hostel_dieu\",\"https:\\\/\\\/www.linkedin.com\\\/company\\\/le-concert-de-l'hostel-dieu\\\/\",\"https:\\\/\\\/www.youtube.com\\\/user\\\/CHDLyon\"]}]}<\/script>\n<!-- \/ Yoast SEO plugin. -->","yoast_head_json":{"title":"Soutenez-nous - Le Concert de l&#039;Hostel Dieu","robots":{"index":"index","follow":"follow","max-snippet":"max-snippet:-1","max-image-preview":"max-image-preview:large","max-video-preview":"max-video-preview:-1"},"canonical":"https:\/\/www.concert-hosteldieu.com\/en\/soutenez-nous\/","og_locale":"en_GB","og_type":"article","og_title":"Soutenez-nous - Le Concert de l&#039;Hostel Dieu","og_description":"Soutenez-nous ! Le Concert de l&rsquo;Hostel Dieu est une association Loi 1901. \u00c0 ce titre, elle est compos\u00e9e d&rsquo;une \u00e9quipe de salari\u00e9\u00b7es, d&rsquo;adh\u00e9rent\u00b7es et de b\u00e9n\u00e9voles qui accompagnent et soutiennent ses actions. Pour manifester votre soutien \u00e0 notre ensemble, que [&hellip;]","og_url":"https:\/\/www.concert-hosteldieu.com\/en\/soutenez-nous\/","og_site_name":"Le Concert de l&#039;Hostel Dieu","article_publisher":"https:\/\/www.facebook.com\/leconcert.delhosteldieu","article_modified_time":"2025-07-15T14:24:22+00:00","og_image":[{"width":2000,"height":1125,"url":"https:\/\/www.concert-hosteldieu.com\/wp-content\/uploads\/2020\/07\/concert-hostel-dieu-scolaire-mozart-julie-cherki-11.jpg","type":"image\/jpeg"}],"twitter_misc":{"Estimated reading time":"2 minutes"},"schema":{"@context":"https:\/\/schema.org","@graph":[{"@type":"WebPage","@id":"https:\/\/www.concert-hosteldieu.com\/soutenez-nous\/","url":"https:\/\/www.concert-hosteldieu.com\/soutenez-nous\/","name":"Soutenez-nous - Le Concert de l&#039;Hostel Dieu","isPartOf":{"@id":"https:\/\/www.concert-hosteldieu.com\/#website"},"primaryImageOfPage":{"@id":"https:\/\/www.concert-hosteldieu.com\/soutenez-nous\/#primaryimage"},"image":{"@id":"https:\/\/www.concert-hosteldieu.com\/soutenez-nous\/#primaryimage"},"thumbnailUrl":"https:\/\/www.concert-hosteldieu.com\/wp-content\/uploads\/2020\/07\/concert-hostel-dieu-scolaire-mozart-julie-cherki-11.jpg","datePublished":"2021-05-25T22:16:26+00:00","dateModified":"2025-07-15T14:24:22+00:00","breadcrumb":{"@id":"https:\/\/www.concert-hosteldieu.com\/soutenez-nous\/#breadcrumb"},"inLanguage":"en-GB","potentialAction":[{"@type":"ReadAction","target":["https:\/\/www.concert-hosteldieu.com\/soutenez-nous\/"]}]},{"@type":"ImageObject","inLanguage":"en-GB","@id":"https:\/\/www.concert-hosteldieu.com\/soutenez-nous\/#primaryimage","url":"https:\/\/www.concert-hosteldieu.com\/wp-content\/uploads\/2020\/07\/concert-hostel-dieu-scolaire-mozart-julie-cherki-11.jpg","contentUrl":"https:\/\/www.concert-hosteldieu.com\/wp-content\/uploads\/2020\/07\/concert-hostel-dieu-scolaire-mozart-julie-cherki-11.jpg","width":2000,"height":1125},{"@type":"BreadcrumbList","@id":"https:\/\/www.concert-hosteldieu.com\/soutenez-nous\/#breadcrumb","itemListElement":[{"@type":"ListItem","position":1,"name":"Accueil","item":"https:\/\/www.concert-hosteldieu.com\/"},{"@type":"ListItem","position":2,"name":"Soutenez-nous"}]},{"@type":"WebSite","@id":"https:\/\/www.concert-hosteldieu.com\/#website","url":"https:\/\/www.concert-hosteldieu.com\/","name":"Le Concert de l&#039;Hostel Dieu","description":"Franck-Emmanuel Comte","publisher":{"@id":"https:\/\/www.concert-hosteldieu.com\/#organization"},"potentialAction":[{"@type":"SearchAction","target":{"@type":"EntryPoint","urlTemplate":"https:\/\/www.concert-hosteldieu.com\/?s={search_term_string}"},"query-input":{"@type":"PropertyValueSpecification","valueRequired":true,"valueName":"search_term_string"}}],"inLanguage":"en-GB"},{"@type":"Organization","@id":"https:\/\/www.concert-hosteldieu.com\/#organization","name":"Le Concert de l'Hostel Dieu","url":"https:\/\/www.concert-hosteldieu.com\/","logo":{"@type":"ImageObject","inLanguage":"en-GB","@id":"https:\/\/www.concert-hosteldieu.com\/#\/schema\/logo\/image\/","url":"https:\/\/www.concert-hosteldieu.com\/wp-content\/uploads\/2021\/06\/logo-chd-noir-transparent.png","contentUrl":"https:\/\/www.concert-hosteldieu.com\/wp-content\/uploads\/2021\/06\/logo-chd-noir-transparent.png","width":262,"height":106,"caption":"Le Concert de l'Hostel Dieu"},"image":{"@id":"https:\/\/www.concert-hosteldieu.com\/#\/schema\/logo\/image\/"},"sameAs":["https:\/\/www.facebook.com\/leconcert.delhosteldieu","https:\/\/x.com\/CHDLyon","https:\/\/instagram.com\/concert_hostel_dieu","https:\/\/www.linkedin.com\/company\/le-concert-de-l'hostel-dieu\/","https:\/\/www.youtube.com\/user\/CHDLyon"]}]}},"_links":{"self":[{"href":"https:\/\/www.concert-hosteldieu.com\/en\/wp-json\/wp\/v2\/pages\/11632","targetHints":{"allow":["GET"]}}],"collection":[{"href":"https:\/\/www.concert-hosteldieu.com\/en\/wp-json\/wp\/v2\/pages"}],"about":[{"href":"https:\/\/www.concert-hosteldieu.com\/en\/wp-json\/wp\/v2\/types\/page"}],"author":[{"embeddable":true,"href":"https:\/\/www.concert-hosteldieu.com\/en\/wp-json\/wp\/v2\/users\/2776"}],"replies":[{"embeddable":true,"href":"https:\/\/www.concert-hosteldieu.com\/en\/wp-json\/wp\/v2\/comments?post=11632"}],"version-history":[{"count":5,"href":"https:\/\/www.concert-hosteldieu.com\/en\/wp-json\/wp\/v2\/pages\/11632\/revisions"}],"predecessor-version":[{"id":23524,"href":"https:\/\/www.concert-hosteldieu.com\/en\/wp-json\/wp\/v2\/pages\/11632\/revisions\/23524"}],"wp:featuredmedia":[{"embeddable":true,"href":"https:\/\/www.concert-hosteldieu.com\/en\/wp-json\/wp\/v2\/media\/10359"}],"wp:attachment":[{"href":"https:\/\/www.concert-hosteldieu.com\/en\/wp-json\/wp\/v2\/media?parent=11632"}],"wp:term":[{"taxonomy":"category","embeddable":true,"href":"https:\/\/www.concert-hosteldieu.com\/en\/wp-json\/wp\/v2\/categories?post=11632"},{"taxonomy":"post_tag","embeddable":true,"href":"https:\/\/www.concert-hosteldieu.com\/en\/wp-json\/wp\/v2\/tags?post=11632"}],"curies":[{"name":"wp","href":"https:\/\/api.w.org\/{rel}","templated":true}]}}