{"id":22236,"date":"2024-07-04T13:55:34","date_gmt":"2024-07-04T12:55:34","guid":{"rendered":"https:\/\/www.concert-hosteldieu.com\/?page_id=22236"},"modified":"2024-07-04T14:19:38","modified_gmt":"2024-07-04T13:19:38","slug":"patrick-cohen-akenine","status":"publish","type":"page","link":"http:\/\/www.concert-hosteldieu.com\/en\/nos-artistes-invites\/patrick-cohen-akenine\/","title":{"rendered":"Patrick Coh\u00ebn-Akenine"},"content":{"rendered":"<h2>\r\n\t\t\t\tPatrick Coh\u00ebn-Akenine\r\n\t\t\t<\/h2>\r\n\t\t\t<h4>Solo violin<\/h4>\t\r\n\t<p>Patrick Coh\u00ebn-Akenine sort de ses \u00e9tudes couronn\u00e9 de succ\u00e8s (premier prix du CNSM de Paris, prix du Minist\u00e8re de la Culture, prix sp\u00e9cial au Concours d&rsquo;Evian&#8230;).<\/p>\r\n<p>Il devient vite un musicien incontournable de la sc\u00e8ne baroque reconnu pour ses qualit\u00e9s humaines et d&rsquo;interpr\u00e8te. Pendant plusieurs ann\u00e9es, il est premier violon au Concert Spirituel, Les Talens Lyriques, Les Arts Florissants&#8230; et est r\u00e9guli\u00e8rement invit\u00e9 \u00e0 diriger des orchestres ; l&rsquo;Orchestre des Pays de Savoie, l&rsquo;Op\u00e9ra de Rouen, l&rsquo;orchestre de l&rsquo;Escolia Superior de M\u00fasica de Barcelone, l&rsquo;Orchestre Symphonique d&rsquo;Orl\u00e9ans, l&rsquo;Orchestre du CNSM de Paris&#8230;<\/p>\r\n<p>\u00c0 l&rsquo;\u00e9tranger, Patrick Coh\u00ebn-Akenine est fr\u00e9quemment sollicit\u00e9 en tant que chef sp\u00e9cialiste de la musique fran\u00e7aise baroque, aupr\u00e8s d&rsquo;orchestres internationaux.<\/p>\r\n<p>In 2000, with Fran\u00e7ois Poly (cello) and B\u00e9atrice Martin (harpsichord), Patrick Coh\u00ebn-Akenine created Les Folies fran\u00e7oises and took over its artistic direction. Over the past 20 years, this baroque ensemble has made its mark on the music scene, asserting its distinctive character through its stage productions, concerts and recordings. In 2008, with Les Folies fran\u00e7oises and the Centre de Musique Baroque de Versailles, Patrick Coh\u00ebn-Akenine reconstituted Les Vingt-quatre Violons du Roy.<\/p>\r\n<p>Patrick Coh\u00ebn-Akenine teaches baroque violin at the CRR de Versailles, where he is responsible for coordinating the Early Music Department. He has also taught at the Paris Saclay CRD for 20 years.<\/p>\r\n<h4>\r\n\t\tWatch Patrick Coh\u00ebn-Akenine in:\r\n\t<\/h4>\r\n\t\t\t\t\t\t\t\t\t\t\t\t\t\t<a href=\"https:\/\/www.concert-hosteldieu.com\/en\/nos-projets-en-tournee\/metamorphosis\/\" target=\"_self\" title=\"Metamorphosis\" rel=\"noopener\">\r\n\t\t\t\t<img decoding=\"async\" src=\"https:\/\/www.concert-hosteldieu.com\/wp-content\/uploads\/2022\/08\/Metamorphosis_1920X1280px.jpg\" alt=\"\" \/>\r\n\t\t\t\t<\/a>\r\n\t\t\t\t\t\t<h3>\r\n\t\t\t\t<a href=\"https:\/\/www.concert-hosteldieu.com\/en\/nos-projets-en-tournee\/metamorphosis\/\" title=\"Metamorphosis\" tabindex=\"0\">Metamorphosis<\/a>\t\t\t<\/h3>\r\n\t\t\t\t\t\t\t\t\t\t\t\t\t\t<a href=\"https:\/\/www.concert-hosteldieu.com\/en\/nos-projets-en-creation\/quatre-saisons-rasmussen\/\" target=\"_self\" title=\"Rasmussen&#039;s Four Seasons\" rel=\"noopener\">\r\n\t\t\t\t<img decoding=\"async\" src=\"https:\/\/www.concert-hosteldieu.com\/wp-content\/uploads\/2023\/03\/Confluence-32-corr.jpg\" alt=\"\" \/>\r\n\t\t\t\t<\/a>\r\n\t\t\t\t\t\t<h3>\r\n\t\t\t\t<a href=\"https:\/\/www.concert-hosteldieu.com\/en\/nos-projets-en-creation\/quatre-saisons-rasmussen\/\" title=\"Rasmussen&#039;s Four Seasons\" tabindex=\"0\">Rasmussen's Four Seasons<\/a>\t\t\t<\/h3>","protected":false},"excerpt":{"rendered":"<p>Patrick Coh\u00ebn-Akenine Violon solo Patrick Coh\u00ebn-Akenine sort de ses \u00e9tudes couronn\u00e9 de succ\u00e8s (premier prix du CNSM de Paris, prix du Minist\u00e8re de la Culture, prix sp\u00e9cial au Concours d&rsquo;Evian&#8230;). Il devient vite un musicien incontournable de la sc\u00e8ne baroque [&hellip;]<\/p>\n","protected":false},"author":2776,"featured_media":22239,"parent":12628,"menu_order":0,"comment_status":"closed","ping_status":"closed","template":"","meta":{"site-sidebar-layout":"no-sidebar","site-content-layout":"page-builder","ast-site-content-layout":"full-width-container","site-content-style":"unboxed","site-sidebar-style":"unboxed","ast-global-header-display":"","ast-banner-title-visibility":"","ast-main-header-display":"","ast-hfb-above-header-display":"","ast-hfb-below-header-display":"","ast-hfb-mobile-header-display":"","site-post-title":"disabled","ast-breadcrumbs-content":"","ast-featured-img":"disabled","footer-sml-layout":"","ast-disable-related-posts":"","theme-transparent-header-meta":"enabled","adv-header-id-meta":"","stick-header-meta":"default","header-above-stick-meta":"","header-main-stick-meta":"","header-below-stick-meta":"","astra-migrate-meta-layouts":"set","ast-page-background-enabled":"default","ast-page-background-meta":{"desktop":{"background-color":"","background-image":"","background-repeat":"repeat","background-position":"center center","background-size":"auto","background-attachment":"scroll","background-type":"","background-media":"","overlay-type":"","overlay-color":"","overlay-opacity":"","overlay-gradient":""},"tablet":{"background-color":"","background-image":"","background-repeat":"repeat","background-position":"center center","background-size":"auto","background-attachment":"scroll","background-type":"","background-media":"","overlay-type":"","overlay-color":"","overlay-opacity":"","overlay-gradient":""},"mobile":{"background-color":"","background-image":"","background-repeat":"repeat","background-position":"center center","background-size":"auto","background-attachment":"scroll","background-type":"","background-media":"","overlay-type":"","overlay-color":"","overlay-opacity":"","overlay-gradient":""}},"ast-content-background-meta":{"desktop":{"background-color":"var(--ast-global-color-5)","background-image":"","background-repeat":"repeat","background-position":"center center","background-size":"auto","background-attachment":"scroll","background-type":"","background-media":"","overlay-type":"","overlay-color":"","overlay-opacity":"","overlay-gradient":""},"tablet":{"background-color":"var(--ast-global-color-5)","background-image":"","background-repeat":"repeat","background-position":"center center","background-size":"auto","background-attachment":"scroll","background-type":"","background-media":"","overlay-type":"","overlay-color":"","overlay-opacity":"","overlay-gradient":""},"mobile":{"background-color":"var(--ast-global-color-5)","background-image":"","background-repeat":"repeat","background-position":"center center","background-size":"auto","background-attachment":"scroll","background-type":"","background-media":"","overlay-type":"","overlay-color":"","overlay-opacity":"","overlay-gradient":""}},"footnotes":""},"categories":[169,171],"tags":[],"class_list":["post-22236","page","type-page","status-publish","has-post-thumbnail","hentry","category-equipe-artistique","category-nosartistesinvites"],"yoast_head":"<!-- This site is optimized with the Yoast SEO plugin v27.4 - https:\/\/yoast.com\/product\/yoast-seo-wordpress\/ -->\n<title>Patrick Coh\u00ebn-Akenine - Le Concert de l&#039;Hostel Dieu<\/title>\n<meta name=\"description\" content=\"D\u00e9couvrez le parcours de Patrick Coh\u00ebn-Akenine, artiste associ\u00e9 au projet Metamorphosis cr\u00e9e par Le Concert de l&#039;Hostel Dieu\" \/>\n<meta name=\"robots\" content=\"index, follow, max-snippet:-1, max-image-preview:large, max-video-preview:-1\" \/>\n<link rel=\"canonical\" href=\"https:\/\/www.concert-hosteldieu.com\/en\/nos-artistes-invites\/patrick-cohen-akenine\/\" \/>\n<meta property=\"og:locale\" content=\"en_GB\" \/>\n<meta property=\"og:type\" content=\"article\" \/>\n<meta property=\"og:title\" content=\"Patrick Coh\u00ebn-Akenine - Le Concert de l&#039;Hostel Dieu\" \/>\n<meta property=\"og:description\" content=\"D\u00e9couvrez le parcours de Patrick Coh\u00ebn-Akenine, artiste associ\u00e9 au projet Metamorphosis cr\u00e9e par Le Concert de l&#039;Hostel Dieu\" \/>\n<meta property=\"og:url\" content=\"https:\/\/www.concert-hosteldieu.com\/en\/nos-artistes-invites\/patrick-cohen-akenine\/\" \/>\n<meta property=\"og:site_name\" content=\"Le Concert de l&#039;Hostel Dieu\" \/>\n<meta property=\"article:publisher\" content=\"https:\/\/www.facebook.com\/leconcert.delhosteldieu\" \/>\n<meta property=\"article:modified_time\" content=\"2024-07-04T13:19:38+00:00\" \/>\n<meta property=\"og:image\" content=\"https:\/\/www.concert-hosteldieu.com\/wp-content\/uploads\/2024\/07\/Patrick-Cohen-Akenine-\u00a9-Les-Folies-francoises-Manuel-Braun-web.png\" \/>\n\t<meta property=\"og:image:width\" content=\"774\" \/>\n\t<meta property=\"og:image:height\" content=\"516\" \/>\n\t<meta property=\"og:image:type\" content=\"image\/png\" \/>\n<meta name=\"twitter:label1\" content=\"Estimated reading time\" \/>\n\t<meta name=\"twitter:data1\" content=\"2 minutes\" \/>\n<script type=\"application\/ld+json\" class=\"yoast-schema-graph\">{\"@context\":\"https:\\\/\\\/schema.org\",\"@graph\":[{\"@type\":\"WebPage\",\"@id\":\"https:\\\/\\\/www.concert-hosteldieu.com\\\/nos-artistes-invites\\\/patrick-cohen-akenine\\\/\",\"url\":\"https:\\\/\\\/www.concert-hosteldieu.com\\\/nos-artistes-invites\\\/patrick-cohen-akenine\\\/\",\"name\":\"Patrick Coh\u00ebn-Akenine - Le Concert de l&#039;Hostel Dieu\",\"isPartOf\":{\"@id\":\"https:\\\/\\\/www.concert-hosteldieu.com\\\/#website\"},\"primaryImageOfPage\":{\"@id\":\"https:\\\/\\\/www.concert-hosteldieu.com\\\/nos-artistes-invites\\\/patrick-cohen-akenine\\\/#primaryimage\"},\"image\":{\"@id\":\"https:\\\/\\\/www.concert-hosteldieu.com\\\/nos-artistes-invites\\\/patrick-cohen-akenine\\\/#primaryimage\"},\"thumbnailUrl\":\"https:\\\/\\\/www.concert-hosteldieu.com\\\/wp-content\\\/uploads\\\/2024\\\/07\\\/Patrick-Cohen-Akenine-\u00a9-Les-Folies-francoises-Manuel-Braun-web.png\",\"datePublished\":\"2024-07-04T12:55:34+00:00\",\"dateModified\":\"2024-07-04T13:19:38+00:00\",\"description\":\"D\u00e9couvrez le parcours de Patrick Coh\u00ebn-Akenine, artiste associ\u00e9 au projet Metamorphosis cr\u00e9e par Le Concert de l'Hostel Dieu\",\"breadcrumb\":{\"@id\":\"https:\\\/\\\/www.concert-hosteldieu.com\\\/nos-artistes-invites\\\/patrick-cohen-akenine\\\/#breadcrumb\"},\"inLanguage\":\"en-GB\",\"potentialAction\":[{\"@type\":\"ReadAction\",\"target\":[\"https:\\\/\\\/www.concert-hosteldieu.com\\\/nos-artistes-invites\\\/patrick-cohen-akenine\\\/\"]}]},{\"@type\":\"ImageObject\",\"inLanguage\":\"en-GB\",\"@id\":\"https:\\\/\\\/www.concert-hosteldieu.com\\\/nos-artistes-invites\\\/patrick-cohen-akenine\\\/#primaryimage\",\"url\":\"https:\\\/\\\/www.concert-hosteldieu.com\\\/wp-content\\\/uploads\\\/2024\\\/07\\\/Patrick-Cohen-Akenine-\u00a9-Les-Folies-francoises-Manuel-Braun-web.png\",\"contentUrl\":\"https:\\\/\\\/www.concert-hosteldieu.com\\\/wp-content\\\/uploads\\\/2024\\\/07\\\/Patrick-Cohen-Akenine-\u00a9-Les-Folies-francoises-Manuel-Braun-web.png\",\"width\":774,\"height\":516,\"caption\":\"Patrick Coh\u00ebn-Akenine\"},{\"@type\":\"BreadcrumbList\",\"@id\":\"https:\\\/\\\/www.concert-hosteldieu.com\\\/nos-artistes-invites\\\/patrick-cohen-akenine\\\/#breadcrumb\",\"itemListElement\":[{\"@type\":\"ListItem\",\"position\":1,\"name\":\"Accueil\",\"item\":\"https:\\\/\\\/www.concert-hosteldieu.com\\\/\"},{\"@type\":\"ListItem\",\"position\":2,\"name\":\"Nos artistes invit\u00e9s\",\"item\":\"https:\\\/\\\/www.concert-hosteldieu.com\\\/nos-artistes-invites\\\/\"},{\"@type\":\"ListItem\",\"position\":3,\"name\":\"Patrick Coh\u00ebn-Akenine\"}]},{\"@type\":\"WebSite\",\"@id\":\"https:\\\/\\\/www.concert-hosteldieu.com\\\/#website\",\"url\":\"https:\\\/\\\/www.concert-hosteldieu.com\\\/\",\"name\":\"Le Concert de l&#039;Hostel Dieu\",\"description\":\"Franck-Emmanuel Comte\",\"publisher\":{\"@id\":\"https:\\\/\\\/www.concert-hosteldieu.com\\\/#organization\"},\"potentialAction\":[{\"@type\":\"SearchAction\",\"target\":{\"@type\":\"EntryPoint\",\"urlTemplate\":\"https:\\\/\\\/www.concert-hosteldieu.com\\\/?s={search_term_string}\"},\"query-input\":{\"@type\":\"PropertyValueSpecification\",\"valueRequired\":true,\"valueName\":\"search_term_string\"}}],\"inLanguage\":\"en-GB\"},{\"@type\":\"Organization\",\"@id\":\"https:\\\/\\\/www.concert-hosteldieu.com\\\/#organization\",\"name\":\"Le Concert de l'Hostel Dieu\",\"url\":\"https:\\\/\\\/www.concert-hosteldieu.com\\\/\",\"logo\":{\"@type\":\"ImageObject\",\"inLanguage\":\"en-GB\",\"@id\":\"https:\\\/\\\/www.concert-hosteldieu.com\\\/#\\\/schema\\\/logo\\\/image\\\/\",\"url\":\"https:\\\/\\\/www.concert-hosteldieu.com\\\/wp-content\\\/uploads\\\/2021\\\/06\\\/logo-chd-noir-transparent.png\",\"contentUrl\":\"https:\\\/\\\/www.concert-hosteldieu.com\\\/wp-content\\\/uploads\\\/2021\\\/06\\\/logo-chd-noir-transparent.png\",\"width\":262,\"height\":106,\"caption\":\"Le Concert de l'Hostel Dieu\"},\"image\":{\"@id\":\"https:\\\/\\\/www.concert-hosteldieu.com\\\/#\\\/schema\\\/logo\\\/image\\\/\"},\"sameAs\":[\"https:\\\/\\\/www.facebook.com\\\/leconcert.delhosteldieu\",\"https:\\\/\\\/x.com\\\/CHDLyon\",\"https:\\\/\\\/instagram.com\\\/concert_hostel_dieu\",\"https:\\\/\\\/www.linkedin.com\\\/company\\\/le-concert-de-l'hostel-dieu\\\/\",\"https:\\\/\\\/www.youtube.com\\\/user\\\/CHDLyon\"]}]}<\/script>\n<!-- \/ Yoast SEO plugin. -->","yoast_head_json":{"title":"Patrick Coh\u00ebn-Akenine - Le Concert de l&#039;Hostel Dieu","description":"D\u00e9couvrez le parcours de Patrick Coh\u00ebn-Akenine, artiste associ\u00e9 au projet Metamorphosis cr\u00e9e par Le Concert de l'Hostel Dieu","robots":{"index":"index","follow":"follow","max-snippet":"max-snippet:-1","max-image-preview":"max-image-preview:large","max-video-preview":"max-video-preview:-1"},"canonical":"https:\/\/www.concert-hosteldieu.com\/en\/nos-artistes-invites\/patrick-cohen-akenine\/","og_locale":"en_GB","og_type":"article","og_title":"Patrick Coh\u00ebn-Akenine - Le Concert de l&#039;Hostel Dieu","og_description":"D\u00e9couvrez le parcours de Patrick Coh\u00ebn-Akenine, artiste associ\u00e9 au projet Metamorphosis cr\u00e9e par Le Concert de l'Hostel Dieu","og_url":"https:\/\/www.concert-hosteldieu.com\/en\/nos-artistes-invites\/patrick-cohen-akenine\/","og_site_name":"Le Concert de l&#039;Hostel Dieu","article_publisher":"https:\/\/www.facebook.com\/leconcert.delhosteldieu","article_modified_time":"2024-07-04T13:19:38+00:00","og_image":[{"width":774,"height":516,"url":"https:\/\/www.concert-hosteldieu.com\/wp-content\/uploads\/2024\/07\/Patrick-Cohen-Akenine-\u00a9-Les-Folies-francoises-Manuel-Braun-web.png","type":"image\/png"}],"twitter_misc":{"Estimated reading time":"2 minutes"},"schema":{"@context":"https:\/\/schema.org","@graph":[{"@type":"WebPage","@id":"https:\/\/www.concert-hosteldieu.com\/nos-artistes-invites\/patrick-cohen-akenine\/","url":"https:\/\/www.concert-hosteldieu.com\/nos-artistes-invites\/patrick-cohen-akenine\/","name":"Patrick Coh\u00ebn-Akenine - Le Concert de l&#039;Hostel Dieu","isPartOf":{"@id":"https:\/\/www.concert-hosteldieu.com\/#website"},"primaryImageOfPage":{"@id":"https:\/\/www.concert-hosteldieu.com\/nos-artistes-invites\/patrick-cohen-akenine\/#primaryimage"},"image":{"@id":"https:\/\/www.concert-hosteldieu.com\/nos-artistes-invites\/patrick-cohen-akenine\/#primaryimage"},"thumbnailUrl":"https:\/\/www.concert-hosteldieu.com\/wp-content\/uploads\/2024\/07\/Patrick-Cohen-Akenine-\u00a9-Les-Folies-francoises-Manuel-Braun-web.png","datePublished":"2024-07-04T12:55:34+00:00","dateModified":"2024-07-04T13:19:38+00:00","description":"D\u00e9couvrez le parcours de Patrick Coh\u00ebn-Akenine, artiste associ\u00e9 au projet Metamorphosis cr\u00e9e par Le Concert de l'Hostel Dieu","breadcrumb":{"@id":"https:\/\/www.concert-hosteldieu.com\/nos-artistes-invites\/patrick-cohen-akenine\/#breadcrumb"},"inLanguage":"en-GB","potentialAction":[{"@type":"ReadAction","target":["https:\/\/www.concert-hosteldieu.com\/nos-artistes-invites\/patrick-cohen-akenine\/"]}]},{"@type":"ImageObject","inLanguage":"en-GB","@id":"https:\/\/www.concert-hosteldieu.com\/nos-artistes-invites\/patrick-cohen-akenine\/#primaryimage","url":"https:\/\/www.concert-hosteldieu.com\/wp-content\/uploads\/2024\/07\/Patrick-Cohen-Akenine-\u00a9-Les-Folies-francoises-Manuel-Braun-web.png","contentUrl":"https:\/\/www.concert-hosteldieu.com\/wp-content\/uploads\/2024\/07\/Patrick-Cohen-Akenine-\u00a9-Les-Folies-francoises-Manuel-Braun-web.png","width":774,"height":516,"caption":"Patrick Coh\u00ebn-Akenine"},{"@type":"BreadcrumbList","@id":"https:\/\/www.concert-hosteldieu.com\/nos-artistes-invites\/patrick-cohen-akenine\/#breadcrumb","itemListElement":[{"@type":"ListItem","position":1,"name":"Accueil","item":"https:\/\/www.concert-hosteldieu.com\/"},{"@type":"ListItem","position":2,"name":"Nos artistes invit\u00e9s","item":"https:\/\/www.concert-hosteldieu.com\/nos-artistes-invites\/"},{"@type":"ListItem","position":3,"name":"Patrick Coh\u00ebn-Akenine"}]},{"@type":"WebSite","@id":"https:\/\/www.concert-hosteldieu.com\/#website","url":"https:\/\/www.concert-hosteldieu.com\/","name":"Le Concert de l&#039;Hostel Dieu","description":"Franck-Emmanuel Comte","publisher":{"@id":"https:\/\/www.concert-hosteldieu.com\/#organization"},"potentialAction":[{"@type":"SearchAction","target":{"@type":"EntryPoint","urlTemplate":"https:\/\/www.concert-hosteldieu.com\/?s={search_term_string}"},"query-input":{"@type":"PropertyValueSpecification","valueRequired":true,"valueName":"search_term_string"}}],"inLanguage":"en-GB"},{"@type":"Organization","@id":"https:\/\/www.concert-hosteldieu.com\/#organization","name":"Le Concert de l'Hostel Dieu","url":"https:\/\/www.concert-hosteldieu.com\/","logo":{"@type":"ImageObject","inLanguage":"en-GB","@id":"https:\/\/www.concert-hosteldieu.com\/#\/schema\/logo\/image\/","url":"https:\/\/www.concert-hosteldieu.com\/wp-content\/uploads\/2021\/06\/logo-chd-noir-transparent.png","contentUrl":"https:\/\/www.concert-hosteldieu.com\/wp-content\/uploads\/2021\/06\/logo-chd-noir-transparent.png","width":262,"height":106,"caption":"Le Concert de l'Hostel Dieu"},"image":{"@id":"https:\/\/www.concert-hosteldieu.com\/#\/schema\/logo\/image\/"},"sameAs":["https:\/\/www.facebook.com\/leconcert.delhosteldieu","https:\/\/x.com\/CHDLyon","https:\/\/instagram.com\/concert_hostel_dieu","https:\/\/www.linkedin.com\/company\/le-concert-de-l'hostel-dieu\/","https:\/\/www.youtube.com\/user\/CHDLyon"]}]}},"_links":{"self":[{"href":"http:\/\/www.concert-hosteldieu.com\/en\/wp-json\/wp\/v2\/pages\/22236","targetHints":{"allow":["GET"]}}],"collection":[{"href":"http:\/\/www.concert-hosteldieu.com\/en\/wp-json\/wp\/v2\/pages"}],"about":[{"href":"http:\/\/www.concert-hosteldieu.com\/en\/wp-json\/wp\/v2\/types\/page"}],"author":[{"embeddable":true,"href":"http:\/\/www.concert-hosteldieu.com\/en\/wp-json\/wp\/v2\/users\/2776"}],"replies":[{"embeddable":true,"href":"http:\/\/www.concert-hosteldieu.com\/en\/wp-json\/wp\/v2\/comments?post=22236"}],"version-history":[{"count":3,"href":"http:\/\/www.concert-hosteldieu.com\/en\/wp-json\/wp\/v2\/pages\/22236\/revisions"}],"predecessor-version":[{"id":22241,"href":"http:\/\/www.concert-hosteldieu.com\/en\/wp-json\/wp\/v2\/pages\/22236\/revisions\/22241"}],"up":[{"embeddable":true,"href":"http:\/\/www.concert-hosteldieu.com\/en\/wp-json\/wp\/v2\/pages\/12628"}],"wp:featuredmedia":[{"embeddable":true,"href":"http:\/\/www.concert-hosteldieu.com\/en\/wp-json\/wp\/v2\/media\/22239"}],"wp:attachment":[{"href":"http:\/\/www.concert-hosteldieu.com\/en\/wp-json\/wp\/v2\/media?parent=22236"}],"wp:term":[{"taxonomy":"category","embeddable":true,"href":"http:\/\/www.concert-hosteldieu.com\/en\/wp-json\/wp\/v2\/categories?post=22236"},{"taxonomy":"post_tag","embeddable":true,"href":"http:\/\/www.concert-hosteldieu.com\/en\/wp-json\/wp\/v2\/tags?post=22236"}],"curies":[{"name":"wp","href":"https:\/\/api.w.org\/{rel}","templated":true}]}}