{"id":21889,"date":"2024-02-13T12:17:23","date_gmt":"2024-02-13T11:17:23","guid":{"rendered":"https:\/\/www.concert-hosteldieu.com\/?page_id=21889"},"modified":"2024-02-13T12:28:54","modified_gmt":"2024-02-13T11:28:54","slug":"juliette-gauthier","status":"publish","type":"page","link":"http:\/\/www.concert-hosteldieu.com\/en\/nos-artistes-invites\/juliette-gauthier\/","title":{"rendered":"Juliette Gauthier"},"content":{"rendered":"<h2>Juliette Gauthier<\/h2>\r\n<h4>Mezzo soprano<\/h4>\r\n<p>Juliette Gauthier, mezzo-soprano est actuellement membre de l&rsquo;acad\u00e9mie Favart \u00e0 l&rsquo;Op\u00e9ra Comique et termine en parall\u00e8le ses \u00e9tudes au Conservatoire National Sup\u00e9rieur de Musique et de Danse de Paris dans la classe d&rsquo;Alain Buet. Elle se forme \u00e9galement aupr\u00e8s de L\u00e9a Sarfati et Chantal Mathias et b\u00e9n\u00e9ficie au cours de diverses masterclasses des pr\u00e9cieux conseils de Dame Felicity Lott, I\u00f1aki Encina Oyon, Ir\u00e8ne Kudela, Beno\u00eet Dratwicki, Chantal Santon, Herv\u00e9 Niquet, V\u00e9ronique Gens, Johannes Pramsohler, Mathieu Pordoy et Karine Deshayes.Elle remporte le prix G\u00e9n\u00e9ration Op\u00e9ra lors du Concours international de chant baroque de Froville en septembre 2022 et fait partie des 10 chanteurs s\u00e9lectionn\u00e9s pour participer au concert organis\u00e9 au Studio Bastille dans le cadre de l&rsquo;audition concert de G\u00e9n\u00e9ration Op\u00e9ra. Elle est laur\u00e9ate 2023 de la Bourse Menda remise par l&rsquo;Op\u00e9ra Comique et la Fondation de France.<\/p>\r\n<p>Juliette commence ses \u00e9tudes musicales par le violon pour se diriger rapidement vers le piano et obtient un D.E.M au Conservatoire de Cr\u00e9teil dans la classe de Jacqueline Bourg\u00e8s-Maunoury.<br \/>Tr\u00e8s jeune, elle se passionne pour le chant et int\u00e8gre la ma\u00eetrise de Vincennes, puis le D\u00e9partement Sup\u00e9rieur pour Jeunes Chanteurs au Conservatoire \u00e0 Rayonnement R\u00e9gional de Paris avant d&rsquo;int\u00e9grer \u00e0 19 ans le C.N.S.M.D.P.<\/p>","protected":false},"excerpt":{"rendered":"<p>Juliette Gauthier Mezzo-soprano Juliette Gauthier, mezzo-soprano est actuellement membre de l&rsquo;acad\u00e9mie Favart \u00e0 l&rsquo;Op\u00e9ra Comique et termine en parall\u00e8le ses \u00e9tudes au Conservatoire National Sup\u00e9rieur de Musique et de Danse de Paris dans la classe d&rsquo;Alain Buet. Elle se forme [&hellip;]<\/p>\n","protected":false},"author":2776,"featured_media":21893,"parent":12628,"menu_order":0,"comment_status":"closed","ping_status":"closed","template":"","meta":{"site-sidebar-layout":"no-sidebar","site-content-layout":"page-builder","ast-site-content-layout":"full-width-container","site-content-style":"unboxed","site-sidebar-style":"unboxed","ast-global-header-display":"","ast-banner-title-visibility":"","ast-main-header-display":"","ast-hfb-above-header-display":"","ast-hfb-below-header-display":"","ast-hfb-mobile-header-display":"","site-post-title":"disabled","ast-breadcrumbs-content":"","ast-featured-img":"disabled","footer-sml-layout":"","ast-disable-related-posts":"","theme-transparent-header-meta":"enabled","adv-header-id-meta":"","stick-header-meta":"default","header-above-stick-meta":"","header-main-stick-meta":"","header-below-stick-meta":"","astra-migrate-meta-layouts":"set","ast-page-background-enabled":"default","ast-page-background-meta":{"desktop":{"background-color":"","background-image":"","background-repeat":"repeat","background-position":"center center","background-size":"auto","background-attachment":"scroll","background-type":"","background-media":"","overlay-type":"","overlay-color":"","overlay-opacity":"","overlay-gradient":""},"tablet":{"background-color":"","background-image":"","background-repeat":"repeat","background-position":"center center","background-size":"auto","background-attachment":"scroll","background-type":"","background-media":"","overlay-type":"","overlay-color":"","overlay-opacity":"","overlay-gradient":""},"mobile":{"background-color":"","background-image":"","background-repeat":"repeat","background-position":"center center","background-size":"auto","background-attachment":"scroll","background-type":"","background-media":"","overlay-type":"","overlay-color":"","overlay-opacity":"","overlay-gradient":""}},"ast-content-background-meta":{"desktop":{"background-color":"var(--ast-global-color-5)","background-image":"","background-repeat":"repeat","background-position":"center center","background-size":"auto","background-attachment":"scroll","background-type":"","background-media":"","overlay-type":"","overlay-color":"","overlay-opacity":"","overlay-gradient":""},"tablet":{"background-color":"var(--ast-global-color-5)","background-image":"","background-repeat":"repeat","background-position":"center center","background-size":"auto","background-attachment":"scroll","background-type":"","background-media":"","overlay-type":"","overlay-color":"","overlay-opacity":"","overlay-gradient":""},"mobile":{"background-color":"var(--ast-global-color-5)","background-image":"","background-repeat":"repeat","background-position":"center center","background-size":"auto","background-attachment":"scroll","background-type":"","background-media":"","overlay-type":"","overlay-color":"","overlay-opacity":"","overlay-gradient":""}},"footnotes":""},"categories":[169,171],"tags":[],"class_list":["post-21889","page","type-page","status-publish","has-post-thumbnail","hentry","category-equipe-artistique","category-nosartistesinvites"],"yoast_head":"<!-- This site is optimized with the Yoast SEO plugin v27.6 - https:\/\/yoast.com\/product\/yoast-seo-wordpress\/ -->\n<title>Juliette Gauthier - Le Concert de l&#039;Hostel Dieu<\/title>\n<meta name=\"robots\" content=\"index, follow, max-snippet:-1, max-image-preview:large, max-video-preview:-1\" \/>\n<link rel=\"canonical\" href=\"https:\/\/www.concert-hosteldieu.com\/en\/nos-artistes-invites\/juliette-gauthier\/\" \/>\n<meta property=\"og:locale\" content=\"en_GB\" \/>\n<meta property=\"og:type\" content=\"article\" \/>\n<meta property=\"og:title\" content=\"Juliette Gauthier - Le Concert de l&#039;Hostel Dieu\" \/>\n<meta property=\"og:description\" content=\"Juliette Gauthier Mezzo-soprano Juliette Gauthier, mezzo-soprano est actuellement membre de l&rsquo;acad\u00e9mie Favart \u00e0 l&rsquo;Op\u00e9ra Comique et termine en parall\u00e8le ses \u00e9tudes au Conservatoire National Sup\u00e9rieur de Musique et de Danse de Paris dans la classe d&rsquo;Alain Buet. Elle se forme [&hellip;]\" \/>\n<meta property=\"og:url\" content=\"https:\/\/www.concert-hosteldieu.com\/en\/nos-artistes-invites\/juliette-gauthier\/\" \/>\n<meta property=\"og:site_name\" content=\"Le Concert de l&#039;Hostel Dieu\" \/>\n<meta property=\"article:publisher\" content=\"https:\/\/www.facebook.com\/leconcert.delhosteldieu\" \/>\n<meta property=\"article:modified_time\" content=\"2024-02-13T11:28:54+00:00\" \/>\n<meta property=\"og:image\" content=\"https:\/\/www.concert-hosteldieu.com\/wp-content\/uploads\/2024\/02\/Juliette-GAUTHIER-\u00a9-Pierre-Nicou-1.jpg\" \/>\n\t<meta property=\"og:image:width\" content=\"1920\" \/>\n\t<meta property=\"og:image:height\" content=\"1862\" \/>\n\t<meta property=\"og:image:type\" content=\"image\/jpeg\" \/>\n<meta name=\"twitter:label1\" content=\"Estimated reading time\" \/>\n\t<meta name=\"twitter:data1\" content=\"2 minutes\" \/>\n<script type=\"application\/ld+json\" class=\"yoast-schema-graph\">{\"@context\":\"https:\\\/\\\/schema.org\",\"@graph\":[{\"@type\":\"WebPage\",\"@id\":\"https:\\\/\\\/www.concert-hosteldieu.com\\\/nos-artistes-invites\\\/juliette-gauthier\\\/\",\"url\":\"https:\\\/\\\/www.concert-hosteldieu.com\\\/nos-artistes-invites\\\/juliette-gauthier\\\/\",\"name\":\"Juliette Gauthier - Le Concert de l&#039;Hostel Dieu\",\"isPartOf\":{\"@id\":\"https:\\\/\\\/www.concert-hosteldieu.com\\\/#website\"},\"primaryImageOfPage\":{\"@id\":\"https:\\\/\\\/www.concert-hosteldieu.com\\\/nos-artistes-invites\\\/juliette-gauthier\\\/#primaryimage\"},\"image\":{\"@id\":\"https:\\\/\\\/www.concert-hosteldieu.com\\\/nos-artistes-invites\\\/juliette-gauthier\\\/#primaryimage\"},\"thumbnailUrl\":\"https:\\\/\\\/www.concert-hosteldieu.com\\\/wp-content\\\/uploads\\\/2024\\\/02\\\/Juliette-GAUTHIER-\u00a9-Pierre-Nicou-1.jpg\",\"datePublished\":\"2024-02-13T11:17:23+00:00\",\"dateModified\":\"2024-02-13T11:28:54+00:00\",\"breadcrumb\":{\"@id\":\"https:\\\/\\\/www.concert-hosteldieu.com\\\/nos-artistes-invites\\\/juliette-gauthier\\\/#breadcrumb\"},\"inLanguage\":\"en-GB\",\"potentialAction\":[{\"@type\":\"ReadAction\",\"target\":[\"https:\\\/\\\/www.concert-hosteldieu.com\\\/nos-artistes-invites\\\/juliette-gauthier\\\/\"]}]},{\"@type\":\"ImageObject\",\"inLanguage\":\"en-GB\",\"@id\":\"https:\\\/\\\/www.concert-hosteldieu.com\\\/nos-artistes-invites\\\/juliette-gauthier\\\/#primaryimage\",\"url\":\"https:\\\/\\\/www.concert-hosteldieu.com\\\/wp-content\\\/uploads\\\/2024\\\/02\\\/Juliette-GAUTHIER-\u00a9-Pierre-Nicou-1.jpg\",\"contentUrl\":\"https:\\\/\\\/www.concert-hosteldieu.com\\\/wp-content\\\/uploads\\\/2024\\\/02\\\/Juliette-GAUTHIER-\u00a9-Pierre-Nicou-1.jpg\",\"width\":1920,\"height\":1862},{\"@type\":\"BreadcrumbList\",\"@id\":\"https:\\\/\\\/www.concert-hosteldieu.com\\\/nos-artistes-invites\\\/juliette-gauthier\\\/#breadcrumb\",\"itemListElement\":[{\"@type\":\"ListItem\",\"position\":1,\"name\":\"Accueil\",\"item\":\"https:\\\/\\\/www.concert-hosteldieu.com\\\/\"},{\"@type\":\"ListItem\",\"position\":2,\"name\":\"Nos artistes invit\u00e9s\",\"item\":\"https:\\\/\\\/www.concert-hosteldieu.com\\\/nos-artistes-invites\\\/\"},{\"@type\":\"ListItem\",\"position\":3,\"name\":\"Juliette Gauthier\"}]},{\"@type\":\"WebSite\",\"@id\":\"https:\\\/\\\/www.concert-hosteldieu.com\\\/#website\",\"url\":\"https:\\\/\\\/www.concert-hosteldieu.com\\\/\",\"name\":\"Le Concert de l&#039;Hostel Dieu\",\"description\":\"Franck-Emmanuel Comte\",\"publisher\":{\"@id\":\"https:\\\/\\\/www.concert-hosteldieu.com\\\/#organization\"},\"potentialAction\":[{\"@type\":\"SearchAction\",\"target\":{\"@type\":\"EntryPoint\",\"urlTemplate\":\"https:\\\/\\\/www.concert-hosteldieu.com\\\/?s={search_term_string}\"},\"query-input\":{\"@type\":\"PropertyValueSpecification\",\"valueRequired\":true,\"valueName\":\"search_term_string\"}}],\"inLanguage\":\"en-GB\"},{\"@type\":\"Organization\",\"@id\":\"https:\\\/\\\/www.concert-hosteldieu.com\\\/#organization\",\"name\":\"Le Concert de l'Hostel Dieu\",\"url\":\"https:\\\/\\\/www.concert-hosteldieu.com\\\/\",\"logo\":{\"@type\":\"ImageObject\",\"inLanguage\":\"en-GB\",\"@id\":\"https:\\\/\\\/www.concert-hosteldieu.com\\\/#\\\/schema\\\/logo\\\/image\\\/\",\"url\":\"https:\\\/\\\/www.concert-hosteldieu.com\\\/wp-content\\\/uploads\\\/2021\\\/06\\\/logo-chd-noir-transparent.png\",\"contentUrl\":\"https:\\\/\\\/www.concert-hosteldieu.com\\\/wp-content\\\/uploads\\\/2021\\\/06\\\/logo-chd-noir-transparent.png\",\"width\":262,\"height\":106,\"caption\":\"Le Concert de l'Hostel Dieu\"},\"image\":{\"@id\":\"https:\\\/\\\/www.concert-hosteldieu.com\\\/#\\\/schema\\\/logo\\\/image\\\/\"},\"sameAs\":[\"https:\\\/\\\/www.facebook.com\\\/leconcert.delhosteldieu\",\"https:\\\/\\\/x.com\\\/CHDLyon\",\"https:\\\/\\\/instagram.com\\\/concert_hostel_dieu\",\"https:\\\/\\\/www.linkedin.com\\\/company\\\/le-concert-de-l'hostel-dieu\\\/\",\"https:\\\/\\\/www.youtube.com\\\/user\\\/CHDLyon\"]}]}<\/script>\n<!-- \/ Yoast SEO plugin. -->","yoast_head_json":{"title":"Juliette Gauthier - Le Concert de l&#039;Hostel Dieu","robots":{"index":"index","follow":"follow","max-snippet":"max-snippet:-1","max-image-preview":"max-image-preview:large","max-video-preview":"max-video-preview:-1"},"canonical":"https:\/\/www.concert-hosteldieu.com\/en\/nos-artistes-invites\/juliette-gauthier\/","og_locale":"en_GB","og_type":"article","og_title":"Juliette Gauthier - Le Concert de l&#039;Hostel Dieu","og_description":"Juliette Gauthier Mezzo-soprano Juliette Gauthier, mezzo-soprano est actuellement membre de l&rsquo;acad\u00e9mie Favart \u00e0 l&rsquo;Op\u00e9ra Comique et termine en parall\u00e8le ses \u00e9tudes au Conservatoire National Sup\u00e9rieur de Musique et de Danse de Paris dans la classe d&rsquo;Alain Buet. Elle se forme [&hellip;]","og_url":"https:\/\/www.concert-hosteldieu.com\/en\/nos-artistes-invites\/juliette-gauthier\/","og_site_name":"Le Concert de l&#039;Hostel Dieu","article_publisher":"https:\/\/www.facebook.com\/leconcert.delhosteldieu","article_modified_time":"2024-02-13T11:28:54+00:00","og_image":[{"width":1920,"height":1862,"url":"https:\/\/www.concert-hosteldieu.com\/wp-content\/uploads\/2024\/02\/Juliette-GAUTHIER-\u00a9-Pierre-Nicou-1.jpg","type":"image\/jpeg"}],"twitter_misc":{"Estimated reading time":"2 minutes"},"schema":{"@context":"https:\/\/schema.org","@graph":[{"@type":"WebPage","@id":"https:\/\/www.concert-hosteldieu.com\/nos-artistes-invites\/juliette-gauthier\/","url":"https:\/\/www.concert-hosteldieu.com\/nos-artistes-invites\/juliette-gauthier\/","name":"Juliette Gauthier - Le Concert de l&#039;Hostel Dieu","isPartOf":{"@id":"https:\/\/www.concert-hosteldieu.com\/#website"},"primaryImageOfPage":{"@id":"https:\/\/www.concert-hosteldieu.com\/nos-artistes-invites\/juliette-gauthier\/#primaryimage"},"image":{"@id":"https:\/\/www.concert-hosteldieu.com\/nos-artistes-invites\/juliette-gauthier\/#primaryimage"},"thumbnailUrl":"https:\/\/www.concert-hosteldieu.com\/wp-content\/uploads\/2024\/02\/Juliette-GAUTHIER-\u00a9-Pierre-Nicou-1.jpg","datePublished":"2024-02-13T11:17:23+00:00","dateModified":"2024-02-13T11:28:54+00:00","breadcrumb":{"@id":"https:\/\/www.concert-hosteldieu.com\/nos-artistes-invites\/juliette-gauthier\/#breadcrumb"},"inLanguage":"en-GB","potentialAction":[{"@type":"ReadAction","target":["https:\/\/www.concert-hosteldieu.com\/nos-artistes-invites\/juliette-gauthier\/"]}]},{"@type":"ImageObject","inLanguage":"en-GB","@id":"https:\/\/www.concert-hosteldieu.com\/nos-artistes-invites\/juliette-gauthier\/#primaryimage","url":"https:\/\/www.concert-hosteldieu.com\/wp-content\/uploads\/2024\/02\/Juliette-GAUTHIER-\u00a9-Pierre-Nicou-1.jpg","contentUrl":"https:\/\/www.concert-hosteldieu.com\/wp-content\/uploads\/2024\/02\/Juliette-GAUTHIER-\u00a9-Pierre-Nicou-1.jpg","width":1920,"height":1862},{"@type":"BreadcrumbList","@id":"https:\/\/www.concert-hosteldieu.com\/nos-artistes-invites\/juliette-gauthier\/#breadcrumb","itemListElement":[{"@type":"ListItem","position":1,"name":"Accueil","item":"https:\/\/www.concert-hosteldieu.com\/"},{"@type":"ListItem","position":2,"name":"Nos artistes invit\u00e9s","item":"https:\/\/www.concert-hosteldieu.com\/nos-artistes-invites\/"},{"@type":"ListItem","position":3,"name":"Juliette Gauthier"}]},{"@type":"WebSite","@id":"https:\/\/www.concert-hosteldieu.com\/#website","url":"https:\/\/www.concert-hosteldieu.com\/","name":"Le Concert de l&#039;Hostel Dieu","description":"Franck-Emmanuel Comte","publisher":{"@id":"https:\/\/www.concert-hosteldieu.com\/#organization"},"potentialAction":[{"@type":"SearchAction","target":{"@type":"EntryPoint","urlTemplate":"https:\/\/www.concert-hosteldieu.com\/?s={search_term_string}"},"query-input":{"@type":"PropertyValueSpecification","valueRequired":true,"valueName":"search_term_string"}}],"inLanguage":"en-GB"},{"@type":"Organization","@id":"https:\/\/www.concert-hosteldieu.com\/#organization","name":"Le Concert de l'Hostel Dieu","url":"https:\/\/www.concert-hosteldieu.com\/","logo":{"@type":"ImageObject","inLanguage":"en-GB","@id":"https:\/\/www.concert-hosteldieu.com\/#\/schema\/logo\/image\/","url":"https:\/\/www.concert-hosteldieu.com\/wp-content\/uploads\/2021\/06\/logo-chd-noir-transparent.png","contentUrl":"https:\/\/www.concert-hosteldieu.com\/wp-content\/uploads\/2021\/06\/logo-chd-noir-transparent.png","width":262,"height":106,"caption":"Le Concert de l'Hostel Dieu"},"image":{"@id":"https:\/\/www.concert-hosteldieu.com\/#\/schema\/logo\/image\/"},"sameAs":["https:\/\/www.facebook.com\/leconcert.delhosteldieu","https:\/\/x.com\/CHDLyon","https:\/\/instagram.com\/concert_hostel_dieu","https:\/\/www.linkedin.com\/company\/le-concert-de-l'hostel-dieu\/","https:\/\/www.youtube.com\/user\/CHDLyon"]}]}},"_links":{"self":[{"href":"http:\/\/www.concert-hosteldieu.com\/en\/wp-json\/wp\/v2\/pages\/21889","targetHints":{"allow":["GET"]}}],"collection":[{"href":"http:\/\/www.concert-hosteldieu.com\/en\/wp-json\/wp\/v2\/pages"}],"about":[{"href":"http:\/\/www.concert-hosteldieu.com\/en\/wp-json\/wp\/v2\/types\/page"}],"author":[{"embeddable":true,"href":"http:\/\/www.concert-hosteldieu.com\/en\/wp-json\/wp\/v2\/users\/2776"}],"replies":[{"embeddable":true,"href":"http:\/\/www.concert-hosteldieu.com\/en\/wp-json\/wp\/v2\/comments?post=21889"}],"version-history":[{"count":3,"href":"http:\/\/www.concert-hosteldieu.com\/en\/wp-json\/wp\/v2\/pages\/21889\/revisions"}],"predecessor-version":[{"id":21892,"href":"http:\/\/www.concert-hosteldieu.com\/en\/wp-json\/wp\/v2\/pages\/21889\/revisions\/21892"}],"up":[{"embeddable":true,"href":"http:\/\/www.concert-hosteldieu.com\/en\/wp-json\/wp\/v2\/pages\/12628"}],"wp:featuredmedia":[{"embeddable":true,"href":"http:\/\/www.concert-hosteldieu.com\/en\/wp-json\/wp\/v2\/media\/21893"}],"wp:attachment":[{"href":"http:\/\/www.concert-hosteldieu.com\/en\/wp-json\/wp\/v2\/media?parent=21889"}],"wp:term":[{"taxonomy":"category","embeddable":true,"href":"http:\/\/www.concert-hosteldieu.com\/en\/wp-json\/wp\/v2\/categories?post=21889"},{"taxonomy":"post_tag","embeddable":true,"href":"http:\/\/www.concert-hosteldieu.com\/en\/wp-json\/wp\/v2\/tags?post=21889"}],"curies":[{"name":"wp","href":"https:\/\/api.w.org\/{rel}","templated":true}]}}