{"id":21631,"date":"2024-01-31T10:38:15","date_gmt":"2024-01-31T09:38:15","guid":{"rendered":"https:\/\/www.concert-hosteldieu.com\/?page_id=21631"},"modified":"2026-04-29T09:05:01","modified_gmt":"2026-04-29T08:05:01","slug":"furioso","status":"publish","type":"page","link":"http:\/\/www.concert-hosteldieu.com\/en\/nos-productions\/furioso\/","title":{"rendered":"Furioso"},"content":{"rendered":"<h4>Program details<\/h4>\n\t\t\t<p><strong><u>PART I<\/u><\/strong><\/p>\n<p><strong>Agostino Steffani (1654-1728)<\/strong> &#8211;\u00a0<strong><em>Orlando generoso<\/em><\/strong> (1691)<\/p>\n<ul>\n<li>Overture<\/li>\n<\/ul>\n<p><strong>Johann Joseph Fux (1660-1741)<\/strong>\u00a0<\/p>\n<ul>\n<li>Rigaudon and Loure<\/li>\n<\/ul>\n<p><strong>Agostino Steffani (1654-1728)<\/strong> &#8211;\u00a0<strong><em>Orlando generoso<\/em><\/strong> (1691)<\/p>\n<ul>\n<li>Recitative: <em>A che ti servi Orlando ;<\/em>\u00a0Aria: <em>In quest&rsquo;alma che langue\u00a0<\/em>(Adagio, Allegro)<\/li>\n<li>Recitative: <em>Che vidi! Ch&rsquo;ascoltai?<\/em> ; Aria : <em>Armi, stragi, vendetta furore!<\/em><\/li>\n<\/ul>\n<p><strong>Johann Joseph Fux (1660-1741) &#8211; <em>L&rsquo;Angelica vincitrice di Alcina<\/em><\/strong> (1716)<\/p>\n<ul>\n<li>Aria:\u00a0<em>Per le furie*<\/em><\/li>\n<\/ul>\n<p><strong>Agostino Steffani (1654-1728)<\/strong> &#8211;\u00a0<strong><em>Orlando generoso<\/em><\/strong> (1691)<\/p>\n<ul>\n<li>Monologue: <em>: Io dunque senz&rsquo;armi<\/em><\/li>\n<\/ul>\n<p><strong>Johann Joseph Fux (1660-1741)<\/strong>\u00a0<\/p>\n<ul>\n<li>Aria: <em>Si, pugnate, pugnate ognor*<\/em> (Presto e staccato) (<strong><em>L&rsquo;Angelica vincitrice di Alcina<\/em><\/strong> &#8211; Vienne, 1716)<\/li>\n<li>Gique (<strong><em>S\u00e9r\u00e9nade in C major <\/em><\/strong>(K 352) &#8211; 1701)<\/li>\n<\/ul>\n<p><strong>Nicol\u00e0 Porpora (1686-1768)<\/strong><\/p>\n<ul>\n<li>Accompanied recitative: <em>Ove son? Chi mi guida <\/em>\u00a0; Aria : <em>Da me che volete (<strong>L&rsquo;Angelica <\/strong><\/em>&#8211; 1720)<\/li>\n<\/ul>\n<blockquote>\n<p><em>*Premi\u00e8re mondiale<\/em><br \/><\/p>\n<\/blockquote>\n<p><strong><u>PARTIE II<\/u><\/strong><\/p>\n<p><strong>Antonio Vivaldi (1678-1741)<\/strong><\/p>\n<ul>\n<li>Aria: <em>Nel profondo, cieco mondo <\/em>(<em><strong>Orlando furioso <\/strong><\/em>&#8211; <em>1727)<\/em><\/li>\n<li><em>Allegro<\/em>\u00a0(<em><strong>Concerto per archi e cembalo un sol minore <\/strong><\/em><strong>RV 156<\/strong><em>)<\/em><\/li>\n<\/ul>\n<p><strong>Georg Friedrich H\u00e4ndel (1686-1759)<\/strong><\/p>\n<ul>\n<li>Recitative: <em>T&rsquo;ubbidiro crudele<\/em> ; Aria : <em>Fammi combattere\u00a0<\/em>(Allegro) (<strong><em>Orlando <\/em><\/strong><em>&#8211; <\/em>1733)<\/li>\n<li><em>Sinfonia <\/em>(<strong><em>Belshazzar<\/em><\/strong> &#8211; 1744)<\/li>\n<li>Monologo :<em> Ah! Stigie larve (Scena di folia) (<strong>Orlando <\/strong>&#8211; 1733)<\/em><\/li>\n<li>Accompanied recitative: <em>Gi\u00e0 per la man d&rsquo;Orlando<\/em>\u00a0; Aria : <em>Gi\u00e0 l&rsquo;ebbro mio ciglio (<strong>Orlando <\/strong>&#8211; 1733)<\/em><\/li>\n<\/ul>\n<hr \/>\n<p><strong>DUR\u00c9E<\/strong> : 1 H 30 avec entracte<\/p>\n\t\t\t\t\t\t<h4>Cast<\/h4>\n\t\t\t<p><a href=\"https:\/\/www.concert-hosteldieu.com\/en\/nos-musiciens\/xavier-sabata\/\">Xavier Sabata<\/a>, countertenor<br \/>Le Concert de l&rsquo;Hostel Dieu (<a href=\"https:\/\/www.concert-hosteldieu.com\/en\/nos-musiciens\/minori-deguchi\/\">Minori Deguchi<\/a>, solo violin)<br \/><a href=\"https:\/\/www.concert-hosteldieu.com\/en\/franck-emmanuel-comte\/\">Franck-Emmanuel Comte<\/a>, harpsichord and musical direction<\/p>\n<p><strong>On stage:<\/strong><\/p>\n<ul>\n<li><strong>ORCHESTRAL VERSION (VO)<\/strong> 15 instrumentists (10 strings, 2 oboes, bassoon, theorbo, harpsichord) + 1 vocal soloist<\/li>\n<li><strong>CHAMBER VERSION (VC)<\/strong> 7 instrumentists (5 strings, theorbo,\nharpsi-chord) + 1 vocal soloist<\/li>\n<\/ul>\n\t\t\t\t\t\t<h4>Note d&rsquo;intention de Xavier Sabata<\/h4>\n\t\t\t<p>\"For me, Orlando explores an unsustainable situation: the constant tension between love and duty, and even further, between expectation and reality.<\/p>\n<p>La frustration qu&rsquo;\u00e9prouve Orlando face \u00e0 son incapacit\u00e9 \u00e0 atteindre un amour id\u00e9alis\u00e9 le conduit \u00e0 la folie. Je comprends cette folie comme une solution indispensable, un moyen de survivre dans une r\u00e9alit\u00e9 qui le rejette.<\/p>\n<p>Orlando est incapable d&rsquo;entrer en relation ou d&rsquo;\u00eatre intime avec l&rsquo;objet de ses d\u00e9sirs, Angelica, et cette souffrance insupportable l&rsquo;entra\u00eene dans un voyage en qu\u00eate d&rsquo;un espace mental o\u00f9 il puisse exister.<\/p>\n<p>Pour peu qu&rsquo;on comprenne ainsi Orlando, il est facile d&rsquo;\u00e9prouver pour lui de l&#8217;empathie. Son parcours refl\u00e8te une exp\u00e9rience humaine courante\u00a0: l&rsquo;histoire d&rsquo;Orlando nous rappelle comment nous prot\u00e9geons notre monde int\u00e9rieur lorsque le monde ext\u00e9rieur para\u00eet trop dur.\u00a0\u00bb <strong>&#8211; Xavier Sabata, 2024<\/strong><\/p>\n\t<p>\u00ab Le mythe d&rsquo;Orlando furioso, imagin\u00e9 par Ludovico Ariosto au XVI\u1d49 si\u00e8cle, est un des plus f\u00e9conds pour l&rsquo;imaginaire dramatique et musicale. Entre h\u00e9ro\u00efsme chevaleresque, tourments amoureux et vertige psychologique, il explore les limites de la passion et les fractures de l&rsquo;\u00e2me humaine, offrant aux compositeurs baroques un terrain id\u00e9al pour exprimer la tension entre raison et folie, ordre et chaos.<\/p>\n<p class=\"translation-block\">In this programme we explore the many facets of Orlando, through excerpts not only from the famous operas on the subject by Handel and by Vivaldi, but also from lesser-known operatic works by Steffani, Fux and Porpora. Recitatives, arias and instrumental movements reflect the hero\u2019s inner worlds: secret wounds, psychological fragility, rage, heroic outbursts\u2026 The harmonic modulations, virtuosic vocalises and rich orchestration convey those extreme states, immersing the listener in an epic tale that is not only about heroes, but is also deeply human.<\/p>\n<p>Le potentiel dramatique de ces pages r\u00e9side dans la capacit\u00e9 de ces musiques extraordinaires et peu connues (\u00e0 l&rsquo;exception de l&rsquo;op\u00e9ra de Haendel) \u00e0 traduire l&rsquo;invisible : la mont\u00e9e de la col\u00e8re, l&rsquo;\u00e9veil du d\u00e9sir, la fragilit\u00e9 psychique, la fureur et l&rsquo;\u00e9blouissement h\u00e9ro\u00efque. Les modulations harmoniques, les ornements virtuoses et les dialogues instrumentaux deviennent des vecteurs de la narration, capables de projeter le public au c\u0153ur de l&rsquo;\u00e9pop\u00e9e d&rsquo;Orlando, \u00e0 la fois \u00e9pique et profond\u00e9ment humaine.<\/p>\n<p>Pour ce projet hors norme, j&rsquo;ai choisi de faire appel au contre-t\u00e9nor <strong>Xavier Sabata<\/strong>, soliste d&rsquo;exception et acteur charismatique pour une relecture intens\u00e9ment dramatique et incarn\u00e9e. Avec le Concert de l&rsquo;Hostel Dieu, complice de longue date, nous explorerons les contrastes expressifs de cette polyphonie narrative, mettant en lumi\u00e8re la force expressive de ces \u0153uvres rare et leur pouvoir th\u00e9\u00e2tral, o\u00f9 chaque harmonie et chaque rythme deviennent moteurs d&rsquo;\u00e9motions.<\/p>\n<p>Ce projet qui associe enregistrement et concerts, fait dialoguer litt\u00e9rature et musique et o\u00f9 le mythe. Orlando y appara\u00eet dans toute son intensit\u00e9 dramatique, invitant chacun \u00e0 plonger dans le tumulte de ses passions et \u00e0 se laisser emporter par la puissance intemporelle de l&rsquo;art baroque. \u00bb<\/p>\n<p><strong>By Franck-Emmanuel Comte<\/strong><\/p>\n<h4  id=\"image\">\n\t\t\tPICTURES\t<\/h4>\n<h4  id=\"video\">\n\t\t\tFURIOSO EN VID\u00c9O\t<\/h4>\n\t\t\t\t\t<img decoding=\"async\" src=\"https:\/\/www.concert-hosteldieu.com\/wp-content\/uploads\/2026\/04\/FURIOSO-EPK.jpg\" alt=\"\"\/>\n\t\t\t\t\t\t<h4>Soutenu par<\/h4>\n\t\t\t<p>Avec le soutien de l&rsquo;<a href=\"https:\/\/www.adami.fr\/\" target=\"_blank\" rel=\"noopener\">Adami<\/a><\/p>\n<p><img loading=\"lazy\" decoding=\"async\" src=\"https:\/\/www.concert-hosteldieu.com\/wp-content\/uploads\/2025\/12\/ADAMI-300x300.png\" alt=\"\" width=\"168\" height=\"168\" \/> <img loading=\"lazy\" decoding=\"async\" src=\"https:\/\/www.concert-hosteldieu.com\/wp-content\/uploads\/2025\/12\/La-culture-avec-la-copie-privee-300x300.png\" alt=\"\" width=\"164\" height=\"164\" \/><\/p>\n<hr \/>\n<p>Avec le soutien de la <a href=\"https:\/\/www.spedidam.fr\/\" target=\"_blank\" rel=\"noopener\">SPEDIDAM<\/a>.<\/p>\n<p><img loading=\"lazy\" decoding=\"async\" src=\"https:\/\/www.concert-hosteldieu.com\/wp-content\/uploads\/2026\/03\/SPEDIDAM_new-300x150.png\" alt=\"\" width=\"180\" height=\"90\" \/><\/p>\n<h4  id=\"agenda\">\n\t\t\tCALENDAR\t<\/h4>\n\t<p>Tour in Europe and South America: May, June, September 2026<\/p>\n<h4>\n\t\t\tAgenda &#8211; \u00c9v\u00e9nements pass\u00e9s\t<\/h4>\n<h4  id=\"artiste\">\n\t\t\tASSOCIATED ARTISTS\t<\/h4>\n\t\t\t\t\t\t\t\t\t\t\t\t\t\t<a href=\"https:\/\/www.concert-hosteldieu.com\/en\/nos-musiciens\/xavier-sabata\/\" target=\"_self\" title=\"Xavier Sabata\">\n\t\t\t\t<img decoding=\"async\" src=\"https:\/\/www.concert-hosteldieu.com\/wp-content\/uploads\/2024\/01\/I23-X.Sabata_D.Espasa-115-01.jpg\" alt=\"\" \/>\n\t\t\t\t<\/a>\n\t\t\t\t\t\t<h3>\n\t\t\t\t<a href=\"https:\/\/www.concert-hosteldieu.com\/en\/nos-musiciens\/xavier-sabata\/\" title=\"Xavier Sabata\">Xavier Sabata<\/a>\t\t\t<\/h3>\n\t\t\t\t\t\t\t\t\t\t\t\t\t\t<a href=\"https:\/\/www.concert-hosteldieu.com\/en\/franck-emmanuel-comte\/\" target=\"_self\" title=\"Franck-Emmanuel Comte\">\n\t\t\t\t<img decoding=\"async\" src=\"https:\/\/www.concert-hosteldieu.com\/wp-content\/uploads\/2021\/07\/CHD-FE-Comte-portrait-Jean-Combier-6.jpg\" alt=\"Franck-Emmanuel Comte, directeur artistique du Concert de l&#039;Hostel Dieu\" \/>\n\t\t\t\t<\/a>\n\t\t\t\t\t\t<h3>\n\t\t\t\t<a href=\"https:\/\/www.concert-hosteldieu.com\/en\/franck-emmanuel-comte\/\" title=\"Franck-Emmanuel Comte\">Franck-Emmanuel Comte<\/a>\t\t\t<\/h3>","protected":false},"excerpt":{"rendered":"<p>Programme PARTIE I Agostino Steffani (1654-1728) &#8211;\u00a0Orlando generoso (Hanovre, 1691) Ouverture Johann Joseph Fux (1660-1741)\u00a0 Rigadon et Lourr\u00e9 Agostino Steffani (1654-1728) &#8211;\u00a0Orlando generoso (Hanovre, 1691) Recitativo : A che ti servi Orlando ;\u00a0Aria : In quest&rsquo;alma che langue\u00a0(Adagio, Allegro) Recitativo [&hellip;]<\/p>\n","protected":false},"author":2776,"featured_media":21632,"parent":23593,"menu_order":0,"comment_status":"closed","ping_status":"closed","template":"","meta":{"site-sidebar-layout":"default","site-content-layout":"","ast-site-content-layout":"full-width-container","site-content-style":"unboxed","site-sidebar-style":"unboxed","ast-global-header-display":"","ast-banner-title-visibility":"","ast-main-header-display":"","ast-hfb-above-header-display":"","ast-hfb-below-header-display":"","ast-hfb-mobile-header-display":"","site-post-title":"disabled","ast-breadcrumbs-content":"","ast-featured-img":"disabled","footer-sml-layout":"","ast-disable-related-posts":"","theme-transparent-header-meta":"default","adv-header-id-meta":"","stick-header-meta":"default","header-above-stick-meta":"","header-main-stick-meta":"","header-below-stick-meta":"","astra-migrate-meta-layouts":"set","ast-page-background-enabled":"default","ast-page-background-meta":{"desktop":{"background-color":"","background-image":"","background-repeat":"repeat","background-position":"center center","background-size":"auto","background-attachment":"scroll","background-type":"","background-media":"","overlay-type":"","overlay-color":"","overlay-opacity":"","overlay-gradient":""},"tablet":{"background-color":"","background-image":"","background-repeat":"repeat","background-position":"center center","background-size":"auto","background-attachment":"scroll","background-type":"","background-media":"","overlay-type":"","overlay-color":"","overlay-opacity":"","overlay-gradient":""},"mobile":{"background-color":"","background-image":"","background-repeat":"repeat","background-position":"center center","background-size":"auto","background-attachment":"scroll","background-type":"","background-media":"","overlay-type":"","overlay-color":"","overlay-opacity":"","overlay-gradient":""}},"ast-content-background-meta":{"desktop":{"background-color":"var(--ast-global-color-5)","background-image":"","background-repeat":"repeat","background-position":"center center","background-size":"auto","background-attachment":"scroll","background-type":"","background-media":"","overlay-type":"","overlay-color":"","overlay-opacity":"","overlay-gradient":""},"tablet":{"background-color":"var(--ast-global-color-5)","background-image":"","background-repeat":"repeat","background-position":"center center","background-size":"auto","background-attachment":"scroll","background-type":"","background-media":"","overlay-type":"","overlay-color":"","overlay-opacity":"","overlay-gradient":""},"mobile":{"background-color":"var(--ast-global-color-5)","background-image":"","background-repeat":"repeat","background-position":"center center","background-size":"auto","background-attachment":"scroll","background-type":"","background-media":"","overlay-type":"","overlay-color":"","overlay-opacity":"","overlay-gradient":""}},"footnotes":""},"categories":[451],"tags":[],"class_list":["post-21631","page","type-page","status-publish","has-post-thumbnail","hentry","category-nos-productions"],"yoast_head":"<!-- This site is optimized with the Yoast SEO plugin v27.6 - https:\/\/yoast.com\/product\/yoast-seo-wordpress\/ -->\n<title>Furioso - Le Concert de l&#039;Hostel Dieu<\/title>\n<meta name=\"description\" content=\"D\u00e9couvrez Les fant\u00f4mes d\u2019Hamlet, et laissez-vous transporter dans l\u2019univers passionnant, ambigu\u00eb et fascinant d\u2019Hamlet !\" \/>\n<meta name=\"robots\" content=\"index, follow, max-snippet:-1, max-image-preview:large, max-video-preview:-1\" \/>\n<link rel=\"canonical\" href=\"https:\/\/www.concert-hosteldieu.com\/en\/nos-productions\/furioso\/\" \/>\n<meta property=\"og:locale\" content=\"en_GB\" \/>\n<meta property=\"og:type\" content=\"article\" \/>\n<meta property=\"og:title\" content=\"Furioso - Le Concert de l&#039;Hostel Dieu\" \/>\n<meta property=\"og:description\" content=\"D\u00e9couvrez Les fant\u00f4mes d\u2019Hamlet, et laissez-vous transporter dans l\u2019univers passionnant, ambigu\u00eb et fascinant d\u2019Hamlet !\" \/>\n<meta property=\"og:url\" content=\"https:\/\/www.concert-hosteldieu.com\/en\/nos-productions\/furioso\/\" \/>\n<meta property=\"og:site_name\" content=\"Le Concert de l&#039;Hostel Dieu\" \/>\n<meta property=\"article:publisher\" content=\"https:\/\/www.facebook.com\/leconcert.delhosteldieu\" \/>\n<meta property=\"article:modified_time\" content=\"2026-04-29T08:05:01+00:00\" \/>\n<meta property=\"og:image\" content=\"https:\/\/www.concert-hosteldieu.com\/wp-content\/uploads\/2024\/01\/Illustration-Furioso-1024x682.png\" \/>\n\t<meta property=\"og:image:width\" content=\"1024\" \/>\n\t<meta property=\"og:image:height\" content=\"682\" \/>\n\t<meta property=\"og:image:type\" content=\"image\/png\" \/>\n<meta name=\"twitter:label1\" content=\"Estimated reading time\" \/>\n\t<meta name=\"twitter:data1\" content=\"7 minutes\" \/>\n<script type=\"application\/ld+json\" class=\"yoast-schema-graph\">{\"@context\":\"https:\\\/\\\/schema.org\",\"@graph\":[{\"@type\":\"WebPage\",\"@id\":\"https:\\\/\\\/www.concert-hosteldieu.com\\\/nos-productions\\\/furioso\\\/\",\"url\":\"https:\\\/\\\/www.concert-hosteldieu.com\\\/nos-productions\\\/furioso\\\/\",\"name\":\"Furioso - Le Concert de l&#039;Hostel Dieu\",\"isPartOf\":{\"@id\":\"https:\\\/\\\/www.concert-hosteldieu.com\\\/#website\"},\"primaryImageOfPage\":{\"@id\":\"https:\\\/\\\/www.concert-hosteldieu.com\\\/nos-productions\\\/furioso\\\/#primaryimage\"},\"image\":{\"@id\":\"https:\\\/\\\/www.concert-hosteldieu.com\\\/nos-productions\\\/furioso\\\/#primaryimage\"},\"thumbnailUrl\":\"https:\\\/\\\/www.concert-hosteldieu.com\\\/wp-content\\\/uploads\\\/2024\\\/01\\\/Illustration-Furioso.png\",\"datePublished\":\"2024-01-31T09:38:15+00:00\",\"dateModified\":\"2026-04-29T08:05:01+00:00\",\"description\":\"D\u00e9couvrez Les fant\u00f4mes d\u2019Hamlet, et laissez-vous transporter dans l\u2019univers passionnant, ambigu\u00eb et fascinant d\u2019Hamlet !\",\"breadcrumb\":{\"@id\":\"https:\\\/\\\/www.concert-hosteldieu.com\\\/nos-productions\\\/furioso\\\/#breadcrumb\"},\"inLanguage\":\"en-GB\",\"potentialAction\":[{\"@type\":\"ReadAction\",\"target\":[\"https:\\\/\\\/www.concert-hosteldieu.com\\\/nos-productions\\\/furioso\\\/\"]}]},{\"@type\":\"ImageObject\",\"inLanguage\":\"en-GB\",\"@id\":\"https:\\\/\\\/www.concert-hosteldieu.com\\\/nos-productions\\\/furioso\\\/#primaryimage\",\"url\":\"https:\\\/\\\/www.concert-hosteldieu.com\\\/wp-content\\\/uploads\\\/2024\\\/01\\\/Illustration-Furioso.png\",\"contentUrl\":\"https:\\\/\\\/www.concert-hosteldieu.com\\\/wp-content\\\/uploads\\\/2024\\\/01\\\/Illustration-Furioso.png\",\"width\":1772,\"height\":1181,\"caption\":\"\u00a9 D.Espasa\"},{\"@type\":\"BreadcrumbList\",\"@id\":\"https:\\\/\\\/www.concert-hosteldieu.com\\\/nos-productions\\\/furioso\\\/#breadcrumb\",\"itemListElement\":[{\"@type\":\"ListItem\",\"position\":1,\"name\":\"Accueil\",\"item\":\"https:\\\/\\\/www.concert-hosteldieu.com\\\/\"},{\"@type\":\"ListItem\",\"position\":2,\"name\":\"Nos productions\",\"item\":\"https:\\\/\\\/www.concert-hosteldieu.com\\\/nos-productions\\\/\"},{\"@type\":\"ListItem\",\"position\":3,\"name\":\"Furioso\"}]},{\"@type\":\"WebSite\",\"@id\":\"https:\\\/\\\/www.concert-hosteldieu.com\\\/#website\",\"url\":\"https:\\\/\\\/www.concert-hosteldieu.com\\\/\",\"name\":\"Le Concert de l&#039;Hostel Dieu\",\"description\":\"Franck-Emmanuel Comte\",\"publisher\":{\"@id\":\"https:\\\/\\\/www.concert-hosteldieu.com\\\/#organization\"},\"potentialAction\":[{\"@type\":\"SearchAction\",\"target\":{\"@type\":\"EntryPoint\",\"urlTemplate\":\"https:\\\/\\\/www.concert-hosteldieu.com\\\/?s={search_term_string}\"},\"query-input\":{\"@type\":\"PropertyValueSpecification\",\"valueRequired\":true,\"valueName\":\"search_term_string\"}}],\"inLanguage\":\"en-GB\"},{\"@type\":\"Organization\",\"@id\":\"https:\\\/\\\/www.concert-hosteldieu.com\\\/#organization\",\"name\":\"Le Concert de l'Hostel Dieu\",\"url\":\"https:\\\/\\\/www.concert-hosteldieu.com\\\/\",\"logo\":{\"@type\":\"ImageObject\",\"inLanguage\":\"en-GB\",\"@id\":\"https:\\\/\\\/www.concert-hosteldieu.com\\\/#\\\/schema\\\/logo\\\/image\\\/\",\"url\":\"https:\\\/\\\/www.concert-hosteldieu.com\\\/wp-content\\\/uploads\\\/2021\\\/06\\\/logo-chd-noir-transparent.png\",\"contentUrl\":\"https:\\\/\\\/www.concert-hosteldieu.com\\\/wp-content\\\/uploads\\\/2021\\\/06\\\/logo-chd-noir-transparent.png\",\"width\":262,\"height\":106,\"caption\":\"Le Concert de l'Hostel Dieu\"},\"image\":{\"@id\":\"https:\\\/\\\/www.concert-hosteldieu.com\\\/#\\\/schema\\\/logo\\\/image\\\/\"},\"sameAs\":[\"https:\\\/\\\/www.facebook.com\\\/leconcert.delhosteldieu\",\"https:\\\/\\\/x.com\\\/CHDLyon\",\"https:\\\/\\\/instagram.com\\\/concert_hostel_dieu\",\"https:\\\/\\\/www.linkedin.com\\\/company\\\/le-concert-de-l'hostel-dieu\\\/\",\"https:\\\/\\\/www.youtube.com\\\/user\\\/CHDLyon\"]}]}<\/script>\n<!-- \/ Yoast SEO plugin. -->","yoast_head_json":{"title":"Furioso - Le Concert de l&#039;Hostel Dieu","description":"D\u00e9couvrez Les fant\u00f4mes d\u2019Hamlet, et laissez-vous transporter dans l\u2019univers passionnant, ambigu\u00eb et fascinant d\u2019Hamlet !","robots":{"index":"index","follow":"follow","max-snippet":"max-snippet:-1","max-image-preview":"max-image-preview:large","max-video-preview":"max-video-preview:-1"},"canonical":"https:\/\/www.concert-hosteldieu.com\/en\/nos-productions\/furioso\/","og_locale":"en_GB","og_type":"article","og_title":"Furioso - Le Concert de l&#039;Hostel Dieu","og_description":"D\u00e9couvrez Les fant\u00f4mes d\u2019Hamlet, et laissez-vous transporter dans l\u2019univers passionnant, ambigu\u00eb et fascinant d\u2019Hamlet !","og_url":"https:\/\/www.concert-hosteldieu.com\/en\/nos-productions\/furioso\/","og_site_name":"Le Concert de l&#039;Hostel Dieu","article_publisher":"https:\/\/www.facebook.com\/leconcert.delhosteldieu","article_modified_time":"2026-04-29T08:05:01+00:00","og_image":[{"width":1024,"height":682,"url":"https:\/\/www.concert-hosteldieu.com\/wp-content\/uploads\/2024\/01\/Illustration-Furioso-1024x682.png","type":"image\/png"}],"twitter_misc":{"Estimated reading time":"7 minutes"},"schema":{"@context":"https:\/\/schema.org","@graph":[{"@type":"WebPage","@id":"https:\/\/www.concert-hosteldieu.com\/nos-productions\/furioso\/","url":"https:\/\/www.concert-hosteldieu.com\/nos-productions\/furioso\/","name":"Furioso - Le Concert de l&#039;Hostel Dieu","isPartOf":{"@id":"https:\/\/www.concert-hosteldieu.com\/#website"},"primaryImageOfPage":{"@id":"https:\/\/www.concert-hosteldieu.com\/nos-productions\/furioso\/#primaryimage"},"image":{"@id":"https:\/\/www.concert-hosteldieu.com\/nos-productions\/furioso\/#primaryimage"},"thumbnailUrl":"https:\/\/www.concert-hosteldieu.com\/wp-content\/uploads\/2024\/01\/Illustration-Furioso.png","datePublished":"2024-01-31T09:38:15+00:00","dateModified":"2026-04-29T08:05:01+00:00","description":"D\u00e9couvrez Les fant\u00f4mes d\u2019Hamlet, et laissez-vous transporter dans l\u2019univers passionnant, ambigu\u00eb et fascinant d\u2019Hamlet !","breadcrumb":{"@id":"https:\/\/www.concert-hosteldieu.com\/nos-productions\/furioso\/#breadcrumb"},"inLanguage":"en-GB","potentialAction":[{"@type":"ReadAction","target":["https:\/\/www.concert-hosteldieu.com\/nos-productions\/furioso\/"]}]},{"@type":"ImageObject","inLanguage":"en-GB","@id":"https:\/\/www.concert-hosteldieu.com\/nos-productions\/furioso\/#primaryimage","url":"https:\/\/www.concert-hosteldieu.com\/wp-content\/uploads\/2024\/01\/Illustration-Furioso.png","contentUrl":"https:\/\/www.concert-hosteldieu.com\/wp-content\/uploads\/2024\/01\/Illustration-Furioso.png","width":1772,"height":1181,"caption":"\u00a9 D.Espasa"},{"@type":"BreadcrumbList","@id":"https:\/\/www.concert-hosteldieu.com\/nos-productions\/furioso\/#breadcrumb","itemListElement":[{"@type":"ListItem","position":1,"name":"Accueil","item":"https:\/\/www.concert-hosteldieu.com\/"},{"@type":"ListItem","position":2,"name":"Nos productions","item":"https:\/\/www.concert-hosteldieu.com\/nos-productions\/"},{"@type":"ListItem","position":3,"name":"Furioso"}]},{"@type":"WebSite","@id":"https:\/\/www.concert-hosteldieu.com\/#website","url":"https:\/\/www.concert-hosteldieu.com\/","name":"Le Concert de l&#039;Hostel Dieu","description":"Franck-Emmanuel Comte","publisher":{"@id":"https:\/\/www.concert-hosteldieu.com\/#organization"},"potentialAction":[{"@type":"SearchAction","target":{"@type":"EntryPoint","urlTemplate":"https:\/\/www.concert-hosteldieu.com\/?s={search_term_string}"},"query-input":{"@type":"PropertyValueSpecification","valueRequired":true,"valueName":"search_term_string"}}],"inLanguage":"en-GB"},{"@type":"Organization","@id":"https:\/\/www.concert-hosteldieu.com\/#organization","name":"Le Concert de l'Hostel Dieu","url":"https:\/\/www.concert-hosteldieu.com\/","logo":{"@type":"ImageObject","inLanguage":"en-GB","@id":"https:\/\/www.concert-hosteldieu.com\/#\/schema\/logo\/image\/","url":"https:\/\/www.concert-hosteldieu.com\/wp-content\/uploads\/2021\/06\/logo-chd-noir-transparent.png","contentUrl":"https:\/\/www.concert-hosteldieu.com\/wp-content\/uploads\/2021\/06\/logo-chd-noir-transparent.png","width":262,"height":106,"caption":"Le Concert de l'Hostel Dieu"},"image":{"@id":"https:\/\/www.concert-hosteldieu.com\/#\/schema\/logo\/image\/"},"sameAs":["https:\/\/www.facebook.com\/leconcert.delhosteldieu","https:\/\/x.com\/CHDLyon","https:\/\/instagram.com\/concert_hostel_dieu","https:\/\/www.linkedin.com\/company\/le-concert-de-l'hostel-dieu\/","https:\/\/www.youtube.com\/user\/CHDLyon"]}]}},"_links":{"self":[{"href":"http:\/\/www.concert-hosteldieu.com\/en\/wp-json\/wp\/v2\/pages\/21631","targetHints":{"allow":["GET"]}}],"collection":[{"href":"http:\/\/www.concert-hosteldieu.com\/en\/wp-json\/wp\/v2\/pages"}],"about":[{"href":"http:\/\/www.concert-hosteldieu.com\/en\/wp-json\/wp\/v2\/types\/page"}],"author":[{"embeddable":true,"href":"http:\/\/www.concert-hosteldieu.com\/en\/wp-json\/wp\/v2\/users\/2776"}],"replies":[{"embeddable":true,"href":"http:\/\/www.concert-hosteldieu.com\/en\/wp-json\/wp\/v2\/comments?post=21631"}],"version-history":[{"count":6,"href":"http:\/\/www.concert-hosteldieu.com\/en\/wp-json\/wp\/v2\/pages\/21631\/revisions"}],"predecessor-version":[{"id":24262,"href":"http:\/\/www.concert-hosteldieu.com\/en\/wp-json\/wp\/v2\/pages\/21631\/revisions\/24262"}],"up":[{"embeddable":true,"href":"http:\/\/www.concert-hosteldieu.com\/en\/wp-json\/wp\/v2\/pages\/23593"}],"wp:featuredmedia":[{"embeddable":true,"href":"http:\/\/www.concert-hosteldieu.com\/en\/wp-json\/wp\/v2\/media\/21632"}],"wp:attachment":[{"href":"http:\/\/www.concert-hosteldieu.com\/en\/wp-json\/wp\/v2\/media?parent=21631"}],"wp:term":[{"taxonomy":"category","embeddable":true,"href":"http:\/\/www.concert-hosteldieu.com\/en\/wp-json\/wp\/v2\/categories?post=21631"},{"taxonomy":"post_tag","embeddable":true,"href":"http:\/\/www.concert-hosteldieu.com\/en\/wp-json\/wp\/v2\/tags?post=21631"}],"curies":[{"name":"wp","href":"https:\/\/api.w.org\/{rel}","templated":true}]}}