{"id":17763,"date":"2022-07-26T14:04:05","date_gmt":"2022-07-26T13:04:05","guid":{"rendered":"https:\/\/www.concert-hosteldieu.com\/?page_id=17763"},"modified":"2025-02-12T10:02:40","modified_gmt":"2025-02-12T09:02:40","slug":"european-music-trails","status":"publish","type":"page","link":"http:\/\/www.concert-hosteldieu.com\/en\/european-music-trails\/","title":{"rendered":"European Music Trails"},"content":{"rendered":"<h1>\n\t\tEuropean Music Trails\n\t<\/h1>\n\t\t\t\t<img loading=\"lazy\" decoding=\"async\" src=\"https:\/\/www.concert-hosteldieu.com\/wp-content\/uploads\/2022\/07\/European-Music-Trails_JSBACH.jpg\" alt=\"Le portrait de Jean-S\u00e9bastian Bach pour l&#039;European Music Trails\" itemprop=\"image\" height=\"1300\" width=\"1920\" title=\"European Music Trails_JSBACH\" onerror=\"this.style.display='none'\"  \/>\n<h4>\n\t\tThe project\n\t<\/h4>\n\t<h2>\n\t\t\t\tBach, l&rsquo;art du mouvement\n\t\t\t<\/h2>\n\t<p class=\"translation-block\">Co-funded by the European Union, the \u00ab European Music Trails 2022-2024\u201d project gather three European partners: <a href=\"https:\/\/www.europeanmusictrails.eu\/current-project-2022-2024\/project-partners\/\" target=\"_blank\" rel=\"noopener\"><strong>Notenspur Leipzig<\/strong><\/a> (Germany), Le Concert de l\u2019Hostel Dieu (France) and <a href=\"https:\/\/teatrocomunalemodena.it\/en\/\" target=\"_blank\" rel=\"noopener\"><strong> Fondazione Teatro Communale di Modena<\/strong><\/a>  (Italy). This edition entitled <em>Bach \u2013 The Art of Movement<\/em>  will focus on Leipzig\u2019s famous composer J. S. Bach, the influences of international composers on his work as well as his influence on composers through the continent.<\/p>\n\t\t\t<a href=\"https:\/\/www.europeanmusictrails.eu\/current-project-2022-2024\/\" title=\"Cliquez ici\" target=\"_blank\" rel=\"noopener\"  role=\"button\" aria-label=\"Learn more\">\n\t\t\t\t\t\t\t\t\t\t\tLearn more\n\t\t<\/a>\n\t\t\t\t<img loading=\"lazy\" decoding=\"async\" src=\"https:\/\/www.concert-hosteldieu.com\/wp-content\/uploads\/2022\/07\/European-Music-Trails_Bach-Academy.jpg\" alt=\"Violons\" itemprop=\"image\" height=\"1300\" width=\"1920\" title=\"Violons\" onerror=\"this.style.display='none'\"  \/>\n<h4>\n\t\tProject Activities\n\t<\/h4>\n\t<h2>\n\t\t\t\tBach Academy\n\t\t\t<\/h2>\n\t<strong><strong>Master classes &amp; concerts for future professional musicians<\/strong><br \/>\n<\/strong>L&rsquo;Acad\u00e9mie Bach est d\u00e9di\u00e9e aux \u00e9tudiants des conservatoires sup\u00e9rieurs allemands, fran\u00e7ais ou italiens sp\u00e9cialis\u00e9s dans l&rsquo;interpr\u00e9tation du r\u00e9pertoire baroque.<br \/>\nUne premi\u00e8re acad\u00e9mie a eu lieu en 2022 :\u00a021 musiciens sur instruments d&rsquo;\u00e9poque et 3 chanteurs ont \u00e9t\u00e9 dirig\u00e9s par <strong><a href=\"https:\/\/www.concert-hosteldieu.com\/en\/franck-emmanuel-comte\/\">Franck-Emmanuel Comte<\/a><\/strong> and supervised by <strong><a href=\"https:\/\/www.concert-hosteldieu.com\/en\/nos-musiciens\/reynier-guerrero\/\">Reynier Guerrero<\/a><\/strong> (violin and traverso), Mechthild Karkow (violin and viola) and <strong><a href=\"https:\/\/www.concert-hosteldieu.com\/en\/nos-musiciens\/aude-walker-viry\/\">Aude Walker-Viry<\/a><\/strong> (cello and double bass).\n<p>The second Bach Academy will take place from 18 to 25 July 2024 in Modena (Italy) and then from 17 to 24 November 2024 in Leipzig (Germany).<\/p>\n\t<iframe loading=\"lazy\" title=\"European Music Trails - Bach Academy 2022\" width=\"500\" height=\"281\" src=\"https:\/\/www.youtube.com\/embed\/S8TCXds7lS4?feature=oembed\" frameborder=\"0\" allow=\"accelerometer; autoplay; clipboard-write; encrypted-media; gyroscope; picture-in-picture; web-share\" referrerpolicy=\"strict-origin-when-cross-origin\" allowfullscreen><\/iframe>\n\t\t\t\t<a href=\"https:\/\/www.concert-hosteldieu.com\/en\/european-music-trails\/babel-bach\/\"  target=\"_self\" itemprop=\"url\">\n\t\t\t\t<img loading=\"lazy\" decoding=\"async\" src=\"https:\/\/www.concert-hosteldieu.com\/wp-content\/uploads\/2023\/01\/CHD-FugaCites-141_web-1.jpg\" alt=\"FugaCit\u00e9s\" itemprop=\"image\" height=\"1280\" width=\"1920\" title=\"FugaCit\u00e9s\" onerror=\"this.style.display='none'\"  \/>\n\t\t\t\t<\/a>\n<h4>\n\t\tProject Activities\n\t<\/h4>\n\t<h2>\n\t\t\t\t<a href=\"https:\/\/www.concert-hosteldieu.com\/en\/european-music-trails\/babel-bach\/\" title=\"Babel Bach\" target=\"_self\">\n\t\t\t\tBabel Bach\n\t\t\t\t<\/a>\n\t\t\t<\/h2>\n\t<strong>A creative dialogue between trilingual slam and baroque music<br \/>\n<\/strong>Au cours de l&rsquo;hiver 1705, J.S. Bach entreprend \u00e0 pied un voyage de plus de 400km de Arnstadt \u00e0 L\u00fcbeck pour rencontrer le plus grand organiste d&rsquo;Europe du Nord : Dietrich Buxtehude. \u00c0 partir de cet \u00e9pisode, qui a sans doute constitu\u00e9 pour le jeune homme une qu\u00eate \u00e0 la fois spirituelle et artistique, l&rsquo;\u00e9quipe artistique compos\u00e9e du slameur <strong><a href=\"https:\/\/www.concert-hosteldieu.com\/en\/nos-artistes-invites\/mehdi-kruger\/\">Mehdi Kr\u00fcger<\/a><\/strong> et du directeur artistique Franck-Emmanuel Comte, imagine un spectacle associant la musique de Bach \u00e0 l&rsquo;\u00e9criture de po\u00e9sies en allemand, italien et fran\u00e7ais, interpr\u00e9t\u00e9s par Josephine von Bl\u00fctenstaub, Simone Savogin et Mehdi Kr\u00fcger, accompagn\u00e9s par le violoncelle d&rsquo;Aude Walker-Viry et le beatbox de Tiko.\n\t<iframe loading=\"lazy\" title=\"Babel Bach - European Music Trails\" width=\"500\" height=\"281\" src=\"https:\/\/www.youtube.com\/embed\/vUvttU4arFU?feature=oembed\" frameborder=\"0\" allow=\"accelerometer; autoplay; clipboard-write; encrypted-media; gyroscope; picture-in-picture; web-share\" referrerpolicy=\"strict-origin-when-cross-origin\" allowfullscreen><\/iframe>\n\t\t\t\t<img loading=\"lazy\" decoding=\"async\" src=\"https:\/\/www.concert-hosteldieu.com\/wp-content\/uploads\/2022\/07\/European-Music-Trails_Touring-Exhibition.jpg\" alt=\"L&#039;exposition itin\u00e9rante de l&#039;European Music Trails\" itemprop=\"image\" height=\"1300\" width=\"1920\" title=\"European Music Trails_Touring Exhibition\" onerror=\"this.style.display='none'\"  \/>\n<h4>\n\t\tProject Activities\n\t<\/h4>\n\t<h2>\n\t\t\t\tL&rsquo;art du mouvement\n\t\t\t<\/h2>\n\t<strong>A touring exhibition about J.S. Bach<br \/>\n<\/strong>Encadr\u00e9s par le professeur Ronald Scherzer-Heidenberger, les \u00e9tudiants en architecture de l&rsquo;Universit\u00e9 des Sciences Appliqu\u00e9es de Leipzig (HTWK Leipzig) concevront une exposition itin\u00e9rante destin\u00e9e \u00e0 \u00eatre pr\u00e9sent\u00e9 dans des lieux publics tels que les gares, centre commerciaux ou a\u00e9roports des 3 pays partenaires. L&rsquo;exposition portera sur l&rsquo;art du mouvement dans la musique de Bach, l&rsquo;art du mouvement dans la danse et du lien entre la danse, le langage corporel et la composition et enfin du mouvement des id\u00e9es \u00e0 travers l&rsquo;Europe.\n\t\t\t\t<img loading=\"lazy\" decoding=\"async\" src=\"https:\/\/www.concert-hosteldieu.com\/wp-content\/uploads\/2023\/05\/CHD-sentier-musicaux-europeens-LYON-00-2.jpg\" alt=\"Sentiers musicaux Europ\u00e9ens\" itemprop=\"image\" height=\"1280\" width=\"1920\" title=\"Sentiers musicaux Europ\u00e9ens \u00a9 Florent de Gaudemar\" onerror=\"this.style.display='none'\"  \/>\n<h4>\n\t\tProject Activities\n\t<\/h4>\n\t<h2>\n\t\t\t\tMovimento\n\t\t\t<\/h2>\n\t<strong>A cross-disciplinary performance of hip hop dance and baroque music<br \/>\n<\/strong>Ce spectacle associe les danses hip-hop et baroques avec des musiques instrumentales de Johann Sebastian Bach. L&rsquo;\u00e9quipe artistique compos\u00e9e du danseur et chor\u00e9graphe Hubert Hazebroucq, de la danseuse Maria Picardi et de la violoncelliste Aude Walker-Viry, propose une variation chor\u00e9graphique et musicale autour du th\u00e8me \u00ab\u00a0Bach et le mouvement\u00a0\u00bb.\n\t\t\t\t<img loading=\"lazy\" decoding=\"async\" src=\"https:\/\/www.concert-hosteldieu.com\/wp-content\/uploads\/2022\/07\/European-Music-Trails_concerts-in-the-green.jpg\" alt=\"Les artistes de Concerts &quot;au vert&quot; pour l&#039;European Music Trails\" itemprop=\"image\" height=\"1300\" width=\"1920\" title=\"European Music Trails_concerts in the green\" onerror=\"this.style.display='none'\"  \/>\n<h4>\n\t\tProject Activities\n\t<\/h4>\n\t<h2>\n\t\t\t\tConcerts \u00ab\u00a0au vert\u00a0\u00bb\n\t\t\t<\/h2>\n<strong>Outdoor concerts in the countryside or in parks<br \/>\n<\/strong>Afin d&rsquo;offrir une exp\u00e9rience musicale in\u00e9dite dans les territoires ruraux, les trois partenaires organiseront des concerts et danses participatives dans des espaces publics, tels que des parcs et des jardins, ainsi que dans de petits villages. Concerts et \u00e9v\u00e8nements dans des domaines viticoles, tours \u00e0 v\u00e9lo, randonn\u00e9es en montagne, balades musicales, les trois partenaires organisent un \u00e9v\u00e8nement chaque ann\u00e9e au mois de juillet.\n\t\t\t\t<img loading=\"lazy\" decoding=\"async\" src=\"https:\/\/www.concert-hosteldieu.com\/wp-content\/uploads\/2022\/07\/EuropNotensp_Logo_white_horizontal_english.png\" alt=\"Logo European Music Trails\" itemprop=\"image\" height=\"90\" width=\"300\" title=\"EuropNotensp_Logo_blanc_horizontal_fran\u00e7ais\" onerror=\"this.style.display='none'\"  \/>\n\t\t\t\t<img loading=\"lazy\" decoding=\"async\" src=\"https:\/\/www.concert-hosteldieu.com\/wp-content\/uploads\/2022\/07\/EN-Co-funded-by-the-EU_PANTONE.jpg\" alt=\"Logo Cofinanc\u00e9 par l'Union europ\u00e9enne pour l&#039;European Music Trails\" itemprop=\"image\" height=\"63\" width=\"300\" title=\"FR Cofinanc\u00e9 par l'Union europ\u00e9enne_PANTONE\" onerror=\"this.style.display='none'\"  \/>\n\t\t\t\t<img loading=\"lazy\" decoding=\"async\" src=\"https:\/\/www.concert-hosteldieu.com\/wp-content\/uploads\/2023\/03\/BLOC_LOGOS_IFVILLE_LYON_couleur-300x96.png\" alt=\"Logos_Institut_Francais\" itemprop=\"image\" height=\"96\" width=\"300\" title=\"Logos_Institut_Francais\" onerror=\"this.style.display='none'\"  \/>\n\t<p>Financ\u00e9 par l&rsquo;Union europ\u00e9enne. Les points de vue et avis exprim\u00e9s n&rsquo;engagent toutefois que leur(s) auteur(s) et ne refl\u00e8tent pas n\u00e9cessairement ceux de l&rsquo;Union europ\u00e9enne ou de l&rsquo;Agence ex\u00e9cutive europ\u00e9enne pour l&rsquo;\u00e9ducation et la culture (EACEA). Ni l&rsquo;Union europ\u00e9enne ni l&rsquo;EACEA ne sauraient en \u00eatre tenues pour responsables.<\/p>","protected":false},"excerpt":{"rendered":"<p>Sentiers Musicaux Europ\u00e9ens Le projet Bach, l&rsquo;art du mouvement Co-financ\u00e9 par Europe Creative, le projet \u00ab Sentiers Musicaux Europ\u00e9ens 2022-2024 \u00bb regroupe trois partenaires europ\u00e9ens : le Notenspur Leipzig (Allemagne), Le Concert de l&rsquo;Hostel Dieu (France) et la Fondazione Teatro [&hellip;]<\/p>\n","protected":false},"author":2776,"featured_media":0,"parent":0,"menu_order":0,"comment_status":"closed","ping_status":"closed","template":"","meta":{"site-sidebar-layout":"no-sidebar","site-content-layout":"page-builder","ast-site-content-layout":"full-width-container","site-content-style":"unboxed","site-sidebar-style":"unboxed","ast-global-header-display":"","ast-banner-title-visibility":"","ast-main-header-display":"","ast-hfb-above-header-display":"","ast-hfb-below-header-display":"","ast-hfb-mobile-header-display":"","site-post-title":"disabled","ast-breadcrumbs-content":"","ast-featured-img":"disabled","footer-sml-layout":"","ast-disable-related-posts":"","theme-transparent-header-meta":"enabled","adv-header-id-meta":"","stick-header-meta":"default","header-above-stick-meta":"","header-main-stick-meta":"","header-below-stick-meta":"","astra-migrate-meta-layouts":"set","ast-page-background-enabled":"default","ast-page-background-meta":{"desktop":{"background-color":"","background-image":"","background-repeat":"repeat","background-position":"center center","background-size":"auto","background-attachment":"scroll","background-type":"","background-media":"","overlay-type":"","overlay-color":"","overlay-opacity":"","overlay-gradient":""},"tablet":{"background-color":"","background-image":"","background-repeat":"repeat","background-position":"center center","background-size":"auto","background-attachment":"scroll","background-type":"","background-media":"","overlay-type":"","overlay-color":"","overlay-opacity":"","overlay-gradient":""},"mobile":{"background-color":"","background-image":"","background-repeat":"repeat","background-position":"center center","background-size":"auto","background-attachment":"scroll","background-type":"","background-media":"","overlay-type":"","overlay-color":"","overlay-opacity":"","overlay-gradient":""}},"ast-content-background-meta":{"desktop":{"background-color":"var(--ast-global-color-5)","background-image":"","background-repeat":"repeat","background-position":"center center","background-size":"auto","background-attachment":"scroll","background-type":"","background-media":"","overlay-type":"","overlay-color":"","overlay-opacity":"","overlay-gradient":""},"tablet":{"background-color":"var(--ast-global-color-5)","background-image":"","background-repeat":"repeat","background-position":"center center","background-size":"auto","background-attachment":"scroll","background-type":"","background-media":"","overlay-type":"","overlay-color":"","overlay-opacity":"","overlay-gradient":""},"mobile":{"background-color":"var(--ast-global-color-5)","background-image":"","background-repeat":"repeat","background-position":"center center","background-size":"auto","background-attachment":"scroll","background-type":"","background-media":"","overlay-type":"","overlay-color":"","overlay-opacity":"","overlay-gradient":""}},"footnotes":""},"categories":[],"tags":[],"class_list":["post-17763","page","type-page","status-publish","hentry"],"yoast_head":"<!-- This site is optimized with the Yoast SEO plugin v27.6 - https:\/\/yoast.com\/product\/yoast-seo-wordpress\/ -->\n<title>European Music Trails - Le Concert de l&#039;Hostel Dieu<\/title>\n<meta name=\"description\" content=\"D\u00e9couvrez European Music Trails, un nouveau projet de coop\u00e9ration europ\u00e9enne regroupant 3 partenaires europ\u00e9ens.\" \/>\n<meta name=\"robots\" content=\"index, follow, max-snippet:-1, max-image-preview:large, max-video-preview:-1\" \/>\n<link rel=\"canonical\" href=\"https:\/\/www.concert-hosteldieu.com\/en\/european-music-trails\/\" \/>\n<meta property=\"og:locale\" content=\"en_GB\" \/>\n<meta property=\"og:type\" content=\"article\" \/>\n<meta property=\"og:title\" content=\"European Music Trails - Le Concert de l&#039;Hostel Dieu\" \/>\n<meta property=\"og:description\" content=\"D\u00e9couvrez European Music Trails, un nouveau projet de coop\u00e9ration europ\u00e9enne regroupant 3 partenaires europ\u00e9ens.\" \/>\n<meta property=\"og:url\" content=\"https:\/\/www.concert-hosteldieu.com\/en\/european-music-trails\/\" \/>\n<meta property=\"og:site_name\" content=\"Le Concert de l&#039;Hostel Dieu\" \/>\n<meta property=\"article:publisher\" content=\"https:\/\/www.facebook.com\/leconcert.delhosteldieu\" \/>\n<meta property=\"article:modified_time\" content=\"2025-02-12T09:02:40+00:00\" \/>\n<meta property=\"og:image\" content=\"https:\/\/www.concert-hosteldieu.com\/wp-content\/uploads\/2022\/07\/European-Music-Trails_JSBACH.jpg\" \/>\n<meta name=\"twitter:label1\" content=\"Estimated reading time\" \/>\n\t<meta name=\"twitter:data1\" content=\"5 minutes\" \/>\n<script type=\"application\/ld+json\" class=\"yoast-schema-graph\">{\"@context\":\"https:\\\/\\\/schema.org\",\"@graph\":[{\"@type\":\"WebPage\",\"@id\":\"https:\\\/\\\/www.concert-hosteldieu.com\\\/european-music-trails\\\/\",\"url\":\"https:\\\/\\\/www.concert-hosteldieu.com\\\/european-music-trails\\\/\",\"name\":\"European Music Trails - Le Concert de l&#039;Hostel Dieu\",\"isPartOf\":{\"@id\":\"https:\\\/\\\/www.concert-hosteldieu.com\\\/#website\"},\"primaryImageOfPage\":{\"@id\":\"https:\\\/\\\/www.concert-hosteldieu.com\\\/european-music-trails\\\/#primaryimage\"},\"image\":{\"@id\":\"https:\\\/\\\/www.concert-hosteldieu.com\\\/european-music-trails\\\/#primaryimage\"},\"thumbnailUrl\":\"https:\\\/\\\/www.concert-hosteldieu.com\\\/wp-content\\\/uploads\\\/2022\\\/07\\\/European-Music-Trails_JSBACH.jpg\",\"datePublished\":\"2022-07-26T13:04:05+00:00\",\"dateModified\":\"2025-02-12T09:02:40+00:00\",\"description\":\"D\u00e9couvrez European Music Trails, un nouveau projet de coop\u00e9ration europ\u00e9enne regroupant 3 partenaires europ\u00e9ens.\",\"breadcrumb\":{\"@id\":\"https:\\\/\\\/www.concert-hosteldieu.com\\\/european-music-trails\\\/#breadcrumb\"},\"inLanguage\":\"en-GB\",\"potentialAction\":[{\"@type\":\"ReadAction\",\"target\":[\"https:\\\/\\\/www.concert-hosteldieu.com\\\/european-music-trails\\\/\"]}]},{\"@type\":\"ImageObject\",\"inLanguage\":\"en-GB\",\"@id\":\"https:\\\/\\\/www.concert-hosteldieu.com\\\/european-music-trails\\\/#primaryimage\",\"url\":\"https:\\\/\\\/www.concert-hosteldieu.com\\\/wp-content\\\/uploads\\\/2022\\\/07\\\/European-Music-Trails_JSBACH.jpg\",\"contentUrl\":\"https:\\\/\\\/www.concert-hosteldieu.com\\\/wp-content\\\/uploads\\\/2022\\\/07\\\/European-Music-Trails_JSBACH.jpg\"},{\"@type\":\"BreadcrumbList\",\"@id\":\"https:\\\/\\\/www.concert-hosteldieu.com\\\/european-music-trails\\\/#breadcrumb\",\"itemListElement\":[{\"@type\":\"ListItem\",\"position\":1,\"name\":\"Accueil\",\"item\":\"https:\\\/\\\/www.concert-hosteldieu.com\\\/\"},{\"@type\":\"ListItem\",\"position\":2,\"name\":\"European Music Trails\"}]},{\"@type\":\"WebSite\",\"@id\":\"https:\\\/\\\/www.concert-hosteldieu.com\\\/#website\",\"url\":\"https:\\\/\\\/www.concert-hosteldieu.com\\\/\",\"name\":\"Le Concert de l&#039;Hostel Dieu\",\"description\":\"Franck-Emmanuel Comte\",\"publisher\":{\"@id\":\"https:\\\/\\\/www.concert-hosteldieu.com\\\/#organization\"},\"potentialAction\":[{\"@type\":\"SearchAction\",\"target\":{\"@type\":\"EntryPoint\",\"urlTemplate\":\"https:\\\/\\\/www.concert-hosteldieu.com\\\/?s={search_term_string}\"},\"query-input\":{\"@type\":\"PropertyValueSpecification\",\"valueRequired\":true,\"valueName\":\"search_term_string\"}}],\"inLanguage\":\"en-GB\"},{\"@type\":\"Organization\",\"@id\":\"https:\\\/\\\/www.concert-hosteldieu.com\\\/#organization\",\"name\":\"Le Concert de l'Hostel Dieu\",\"url\":\"https:\\\/\\\/www.concert-hosteldieu.com\\\/\",\"logo\":{\"@type\":\"ImageObject\",\"inLanguage\":\"en-GB\",\"@id\":\"https:\\\/\\\/www.concert-hosteldieu.com\\\/#\\\/schema\\\/logo\\\/image\\\/\",\"url\":\"https:\\\/\\\/www.concert-hosteldieu.com\\\/wp-content\\\/uploads\\\/2021\\\/06\\\/logo-chd-noir-transparent.png\",\"contentUrl\":\"https:\\\/\\\/www.concert-hosteldieu.com\\\/wp-content\\\/uploads\\\/2021\\\/06\\\/logo-chd-noir-transparent.png\",\"width\":262,\"height\":106,\"caption\":\"Le Concert de l'Hostel Dieu\"},\"image\":{\"@id\":\"https:\\\/\\\/www.concert-hosteldieu.com\\\/#\\\/schema\\\/logo\\\/image\\\/\"},\"sameAs\":[\"https:\\\/\\\/www.facebook.com\\\/leconcert.delhosteldieu\",\"https:\\\/\\\/x.com\\\/CHDLyon\",\"https:\\\/\\\/instagram.com\\\/concert_hostel_dieu\",\"https:\\\/\\\/www.linkedin.com\\\/company\\\/le-concert-de-l'hostel-dieu\\\/\",\"https:\\\/\\\/www.youtube.com\\\/user\\\/CHDLyon\"]}]}<\/script>\n<!-- \/ Yoast SEO plugin. -->","yoast_head_json":{"title":"European Music Trails - Le Concert de l&#039;Hostel Dieu","description":"D\u00e9couvrez European Music Trails, un nouveau projet de coop\u00e9ration europ\u00e9enne regroupant 3 partenaires europ\u00e9ens.","robots":{"index":"index","follow":"follow","max-snippet":"max-snippet:-1","max-image-preview":"max-image-preview:large","max-video-preview":"max-video-preview:-1"},"canonical":"https:\/\/www.concert-hosteldieu.com\/en\/european-music-trails\/","og_locale":"en_GB","og_type":"article","og_title":"European Music Trails - Le Concert de l&#039;Hostel Dieu","og_description":"D\u00e9couvrez European Music Trails, un nouveau projet de coop\u00e9ration europ\u00e9enne regroupant 3 partenaires europ\u00e9ens.","og_url":"https:\/\/www.concert-hosteldieu.com\/en\/european-music-trails\/","og_site_name":"Le Concert de l&#039;Hostel Dieu","article_publisher":"https:\/\/www.facebook.com\/leconcert.delhosteldieu","article_modified_time":"2025-02-12T09:02:40+00:00","og_image":[{"url":"https:\/\/www.concert-hosteldieu.com\/wp-content\/uploads\/2022\/07\/European-Music-Trails_JSBACH.jpg","type":"","width":"","height":""}],"twitter_misc":{"Estimated reading time":"5 minutes"},"schema":{"@context":"https:\/\/schema.org","@graph":[{"@type":"WebPage","@id":"https:\/\/www.concert-hosteldieu.com\/european-music-trails\/","url":"https:\/\/www.concert-hosteldieu.com\/european-music-trails\/","name":"European Music Trails - Le Concert de l&#039;Hostel Dieu","isPartOf":{"@id":"https:\/\/www.concert-hosteldieu.com\/#website"},"primaryImageOfPage":{"@id":"https:\/\/www.concert-hosteldieu.com\/european-music-trails\/#primaryimage"},"image":{"@id":"https:\/\/www.concert-hosteldieu.com\/european-music-trails\/#primaryimage"},"thumbnailUrl":"https:\/\/www.concert-hosteldieu.com\/wp-content\/uploads\/2022\/07\/European-Music-Trails_JSBACH.jpg","datePublished":"2022-07-26T13:04:05+00:00","dateModified":"2025-02-12T09:02:40+00:00","description":"D\u00e9couvrez European Music Trails, un nouveau projet de coop\u00e9ration europ\u00e9enne regroupant 3 partenaires europ\u00e9ens.","breadcrumb":{"@id":"https:\/\/www.concert-hosteldieu.com\/european-music-trails\/#breadcrumb"},"inLanguage":"en-GB","potentialAction":[{"@type":"ReadAction","target":["https:\/\/www.concert-hosteldieu.com\/european-music-trails\/"]}]},{"@type":"ImageObject","inLanguage":"en-GB","@id":"https:\/\/www.concert-hosteldieu.com\/european-music-trails\/#primaryimage","url":"https:\/\/www.concert-hosteldieu.com\/wp-content\/uploads\/2022\/07\/European-Music-Trails_JSBACH.jpg","contentUrl":"https:\/\/www.concert-hosteldieu.com\/wp-content\/uploads\/2022\/07\/European-Music-Trails_JSBACH.jpg"},{"@type":"BreadcrumbList","@id":"https:\/\/www.concert-hosteldieu.com\/european-music-trails\/#breadcrumb","itemListElement":[{"@type":"ListItem","position":1,"name":"Accueil","item":"https:\/\/www.concert-hosteldieu.com\/"},{"@type":"ListItem","position":2,"name":"European Music Trails"}]},{"@type":"WebSite","@id":"https:\/\/www.concert-hosteldieu.com\/#website","url":"https:\/\/www.concert-hosteldieu.com\/","name":"Le Concert de l&#039;Hostel Dieu","description":"Franck-Emmanuel Comte","publisher":{"@id":"https:\/\/www.concert-hosteldieu.com\/#organization"},"potentialAction":[{"@type":"SearchAction","target":{"@type":"EntryPoint","urlTemplate":"https:\/\/www.concert-hosteldieu.com\/?s={search_term_string}"},"query-input":{"@type":"PropertyValueSpecification","valueRequired":true,"valueName":"search_term_string"}}],"inLanguage":"en-GB"},{"@type":"Organization","@id":"https:\/\/www.concert-hosteldieu.com\/#organization","name":"Le Concert de l'Hostel Dieu","url":"https:\/\/www.concert-hosteldieu.com\/","logo":{"@type":"ImageObject","inLanguage":"en-GB","@id":"https:\/\/www.concert-hosteldieu.com\/#\/schema\/logo\/image\/","url":"https:\/\/www.concert-hosteldieu.com\/wp-content\/uploads\/2021\/06\/logo-chd-noir-transparent.png","contentUrl":"https:\/\/www.concert-hosteldieu.com\/wp-content\/uploads\/2021\/06\/logo-chd-noir-transparent.png","width":262,"height":106,"caption":"Le Concert de l'Hostel Dieu"},"image":{"@id":"https:\/\/www.concert-hosteldieu.com\/#\/schema\/logo\/image\/"},"sameAs":["https:\/\/www.facebook.com\/leconcert.delhosteldieu","https:\/\/x.com\/CHDLyon","https:\/\/instagram.com\/concert_hostel_dieu","https:\/\/www.linkedin.com\/company\/le-concert-de-l'hostel-dieu\/","https:\/\/www.youtube.com\/user\/CHDLyon"]}]}},"_links":{"self":[{"href":"http:\/\/www.concert-hosteldieu.com\/en\/wp-json\/wp\/v2\/pages\/17763","targetHints":{"allow":["GET"]}}],"collection":[{"href":"http:\/\/www.concert-hosteldieu.com\/en\/wp-json\/wp\/v2\/pages"}],"about":[{"href":"http:\/\/www.concert-hosteldieu.com\/en\/wp-json\/wp\/v2\/types\/page"}],"author":[{"embeddable":true,"href":"http:\/\/www.concert-hosteldieu.com\/en\/wp-json\/wp\/v2\/users\/2776"}],"replies":[{"embeddable":true,"href":"http:\/\/www.concert-hosteldieu.com\/en\/wp-json\/wp\/v2\/comments?post=17763"}],"version-history":[{"count":4,"href":"http:\/\/www.concert-hosteldieu.com\/en\/wp-json\/wp\/v2\/pages\/17763\/revisions"}],"predecessor-version":[{"id":22845,"href":"http:\/\/www.concert-hosteldieu.com\/en\/wp-json\/wp\/v2\/pages\/17763\/revisions\/22845"}],"wp:attachment":[{"href":"http:\/\/www.concert-hosteldieu.com\/en\/wp-json\/wp\/v2\/media?parent=17763"}],"wp:term":[{"taxonomy":"category","embeddable":true,"href":"http:\/\/www.concert-hosteldieu.com\/en\/wp-json\/wp\/v2\/categories?post=17763"},{"taxonomy":"post_tag","embeddable":true,"href":"http:\/\/www.concert-hosteldieu.com\/en\/wp-json\/wp\/v2\/tags?post=17763"}],"curies":[{"name":"wp","href":"https:\/\/api.w.org\/{rel}","templated":true}]}}